{"id":9268,"date":"2025-02-14T15:24:13","date_gmt":"2025-02-14T07:24:13","guid":{"rendered":"https:\/\/delyava.com\/?post_type=product&#038;p=9268"},"modified":"2025-02-14T16:48:07","modified_gmt":"2025-02-14T08:48:07","slug":"7d-hifu-machine-ultramax","status":"publish","type":"product","link":"https:\/\/delyava.com\/tr\/products\/7d-hifu-machine-ultramax\/","title":{"rendered":"7D HIFU makinesi ULTRAMAX"},"content":{"rendered":"<div data-elementor-type=\"product-post\" data-elementor-id=\"9268\" class=\"elementor elementor-9268\" data-elementor-post-type=\"product\">\n\t\t\t\t<div class=\"elementor-element elementor-element-f54a151 e-flex e-con-boxed e-con e-parent\" data-id=\"f54a151\" data-element_type=\"container\">\n\t\t\t\t\t<div class=\"e-con-inner\">\n\t\t\t\t<div class=\"elementor-element elementor-element-6bc09aa elementor-widget elementor-widget-heading\" data-id=\"6bc09aa\" data-element_type=\"widget\" data-widget_type=\"heading.default\">\n\t\t\t\t<div class=\"elementor-widget-container\">\n\t\t\t\t\t<h3 class=\"elementor-heading-title elementor-size-default\">Hifu makineleri nas\u0131l \u00e7al\u0131\u015f\u0131r?<\/h3>\t\t\t\t<\/div>\n\t\t\t\t<\/div>\n\t\t\t\t\t<\/div>\n\t\t\t\t<\/div>\n\t\t<div class=\"elementor-element elementor-element-eda9b1a e-flex e-con-boxed e-con e-parent\" data-id=\"eda9b1a\" data-element_type=\"container\">\n\t\t\t\t\t<div class=\"e-con-inner\">\n\t\t<div class=\"elementor-element elementor-element-7e1e5d8 e-con-full e-flex e-con e-child\" data-id=\"7e1e5d8\" data-element_type=\"container\">\n\t\t\t\t<div class=\"elementor-element elementor-element-5864119 elementor-widget elementor-widget-text-editor\" data-id=\"5864119\" data-element_type=\"widget\" data-widget_type=\"text-editor.default\">\n\t\t\t\t<div class=\"elementor-widget-container\">\n\t\t\t\t\t\t\t\t\t<p>\u00a0<\/p><div data-page-id=\"NKUOdHU5AorUHjx01y2cSQIan2d\" data-lark-html-role=\"root\" data-docx-has-block-data=\"false\"><div class=\"ace-line ace-line old-record-id-XxU0dvPGno7t0rx5DMycuGfkn9e\"><p>ULTRAMAX, y\u00fcz germe, s\u0131k\u0131la\u015ft\u0131rma, v\u00fccut s\u0131k\u0131la\u015ft\u0131rma ve \u015fekillendirme i\u00e7in invaziv olmayan bir estetik cihazd\u0131r. Estetik pazar\u0131nda yayg\u0131n olarak kullan\u0131lan y\u00fcz, boyun ve v\u00fccut i\u00e7in \u00f6zelle\u015ftirilmi\u015f tedaviler sunar. MMFU teknolojisini kullanarak, kald\u0131rma ve s\u0131k\u0131la\u015ft\u0131rma i\u00e7in cilt katmanlar\u0131n\u0131 hedeflemek \u00fczere hassas ultrason enerjisi sa\u011flarken, \u00e7evre dokular\u0131 etkilemeden deri alt\u0131 tabakas\u0131ndaki inat\u00e7\u0131 ya\u011f h\u00fccrelerini k\u00fc\u00e7\u00fclt\u00fcr ve ortadan kald\u0131r\u0131r.<\/p><\/div><\/div>\t\t\t\t\t\t\t\t<\/div>\n\t\t\t\t<\/div>\n\t\t\t\t<\/div>\n\t\t<div class=\"elementor-element elementor-element-4d908ad e-con-full e-flex e-con e-child\" data-id=\"4d908ad\" data-element_type=\"container\">\n\t\t\t\t<div class=\"elementor-element elementor-element-8f050b3 elementor-widget elementor-widget-image\" data-id=\"8f050b3\" data-element_type=\"widget\" data-widget_type=\"image.default\">\n\t\t\t\t<div class=\"elementor-widget-container\">\n\t\t\t\t\t\t\t\t\t\t\t\t<figure class=\"wp-caption\">\n\t\t\t\t\t\t\t\t\t\t<img fetchpriority=\"high\" decoding=\"async\" width=\"800\" height=\"219\" src=\"https:\/\/delyava.com\/wp-content\/uploads\/2025\/02\/How-the-hifu-machines-Works-1024x280.jpeg\" class=\"attachment-large size-large wp-image-9257\" alt=\"Hifu makineleri nas\u0131l \u00e7al\u0131\u015f\u0131r?\" srcset=\"https:\/\/delyava.com\/wp-content\/uploads\/2025\/02\/How-the-hifu-machines-Works-1024x280.jpeg 1024w, https:\/\/delyava.com\/wp-content\/uploads\/2025\/02\/How-the-hifu-machines-Works-300x82.jpeg 300w, https:\/\/delyava.com\/wp-content\/uploads\/2025\/02\/How-the-hifu-machines-Works-768x210.jpeg 768w, https:\/\/delyava.com\/wp-content\/uploads\/2025\/02\/How-the-hifu-machines-Works-1536x420.jpeg 1536w, https:\/\/delyava.com\/wp-content\/uploads\/2025\/02\/How-the-hifu-machines-Works-18x5.jpeg 18w, https:\/\/delyava.com\/wp-content\/uploads\/2025\/02\/How-the-hifu-machines-Works-600x164.jpeg 600w, https:\/\/delyava.com\/wp-content\/uploads\/2025\/02\/How-the-hifu-machines-Works.jpeg 1900w\" sizes=\"(max-width: 800px) 100vw, 800px\" \/>\t\t\t\t\t\t\t\t\t\t\t<figcaption class=\"widget-image-caption wp-caption-text\">Hifu makineleri nas\u0131l \u00e7al\u0131\u015f\u0131r?<\/figcaption>\n\t\t\t\t\t\t\t\t\t\t<\/figure>\n\t\t\t\t\t\t\t\t\t<\/div>\n\t\t\t\t<\/div>\n\t\t\t\t<\/div>\n\t\t\t\t\t<\/div>\n\t\t\t\t<\/div>\n\t\t<div class=\"elementor-element elementor-element-a44b5d8 e-flex e-con-boxed e-con e-parent\" data-id=\"a44b5d8\" data-element_type=\"container\">\n\t\t\t\t\t<div class=\"e-con-inner\">\n\t\t\t\t<div class=\"elementor-element elementor-element-2e2b0ac elementor-widget elementor-widget-heading\" data-id=\"2e2b0ac\" data-element_type=\"widget\" data-widget_type=\"heading.default\">\n\t\t\t\t<div class=\"elementor-widget-container\">\n\t\t\t\t\t<h2 class=\"elementor-heading-title elementor-size-default\">Enstr\u00fcman Bile\u015fenlerine Giri\u015f<\/h2>\t\t\t\t<\/div>\n\t\t\t\t<\/div>\n\t\t\t\t\t<\/div>\n\t\t\t\t<\/div>\n\t\t<div class=\"elementor-element elementor-element-72f0be4 e-flex e-con-boxed e-con e-parent\" data-id=\"72f0be4\" data-element_type=\"container\">\n\t\t\t\t\t<div class=\"e-con-inner\">\n\t\t\t\t<div class=\"elementor-element elementor-element-5c8af68 elementor-widget__width-initial elementor-widget elementor-widget-image\" data-id=\"5c8af68\" data-element_type=\"widget\" data-widget_type=\"image.default\">\n\t\t\t\t<div class=\"elementor-widget-container\">\n\t\t\t\t\t\t\t\t\t\t\t\t\t\t\t<img decoding=\"async\" width=\"800\" height=\"544\" src=\"https:\/\/delyava.com\/wp-content\/uploads\/2025\/02\/Introduction-to-Instrument-Components-1024x696.jpeg\" class=\"attachment-large size-large wp-image-9248\" alt=\"Enstr\u00fcman Bile\u015fenlerine Giri\u015f\" srcset=\"https:\/\/delyava.com\/wp-content\/uploads\/2025\/02\/Introduction-to-Instrument-Components-1024x696.jpeg 1024w, https:\/\/delyava.com\/wp-content\/uploads\/2025\/02\/Introduction-to-Instrument-Components-300x204.jpeg 300w, https:\/\/delyava.com\/wp-content\/uploads\/2025\/02\/Introduction-to-Instrument-Components-768x522.jpeg 768w, https:\/\/delyava.com\/wp-content\/uploads\/2025\/02\/Introduction-to-Instrument-Components-1536x1044.jpeg 1536w, https:\/\/delyava.com\/wp-content\/uploads\/2025\/02\/Introduction-to-Instrument-Components-2048x1392.jpeg 2048w, https:\/\/delyava.com\/wp-content\/uploads\/2025\/02\/Introduction-to-Instrument-Components-18x12.jpeg 18w, https:\/\/delyava.com\/wp-content\/uploads\/2025\/02\/Introduction-to-Instrument-Components-600x408.jpeg 600w\" sizes=\"(max-width: 800px) 100vw, 800px\" \/>\t\t\t\t\t\t\t\t\t\t\t\t\t\t\t<\/div>\n\t\t\t\t<\/div>\n\t\t\t\t<div class=\"elementor-element elementor-element-67f354c elementor-widget elementor-widget-image\" data-id=\"67f354c\" data-element_type=\"widget\" data-widget_type=\"image.default\">\n\t\t\t\t<div class=\"elementor-widget-container\">\n\t\t\t\t\t\t\t\t\t\t\t\t\t\t\t<img decoding=\"async\" width=\"800\" height=\"352\" src=\"https:\/\/delyava.com\/wp-content\/uploads\/2025\/02\/Introduction-to-Instrument-Components1-1024x451.jpeg\" class=\"attachment-large size-large wp-image-9251\" alt=\"Enstr\u00fcman Bile\u015fenlerine Giri\u015f1\" srcset=\"https:\/\/delyava.com\/wp-content\/uploads\/2025\/02\/Introduction-to-Instrument-Components1-1024x451.jpeg 1024w, https:\/\/delyava.com\/wp-content\/uploads\/2025\/02\/Introduction-to-Instrument-Components1-300x132.jpeg 300w, https:\/\/delyava.com\/wp-content\/uploads\/2025\/02\/Introduction-to-Instrument-Components1-768x338.jpeg 768w, https:\/\/delyava.com\/wp-content\/uploads\/2025\/02\/Introduction-to-Instrument-Components1-1536x676.jpeg 1536w, https:\/\/delyava.com\/wp-content\/uploads\/2025\/02\/Introduction-to-Instrument-Components1-2048x902.jpeg 2048w, https:\/\/delyava.com\/wp-content\/uploads\/2025\/02\/Introduction-to-Instrument-Components1-18x8.jpeg 18w, https:\/\/delyava.com\/wp-content\/uploads\/2025\/02\/Introduction-to-Instrument-Components1-600x264.jpeg 600w\" sizes=\"(max-width: 800px) 100vw, 800px\" \/>\t\t\t\t\t\t\t\t\t\t\t\t\t\t\t<\/div>\n\t\t\t\t<\/div>\n\t\t\t\t\t<\/div>\n\t\t\t\t<\/div>\n\t\t<div class=\"elementor-element elementor-element-1822c3b e-flex e-con-boxed e-con e-parent\" data-id=\"1822c3b\" data-element_type=\"container\">\n\t\t\t\t\t<div class=\"e-con-inner\">\n\t\t<div class=\"elementor-element elementor-element-cef95eb e-con-full e-flex e-con e-child\" data-id=\"cef95eb\" data-element_type=\"container\">\n\t\t<div class=\"elementor-element elementor-element-63581f5 e-con-full e-flex e-con e-child\" data-id=\"63581f5\" data-element_type=\"container\">\n\t\t<div class=\"elementor-element elementor-element-c3eb72d e-con-full e-flex e-con e-child\" data-id=\"c3eb72d\" data-element_type=\"container\">\n\t\t\t\t<div class=\"elementor-element elementor-element-314ba52 elementor-widget elementor-widget-image\" data-id=\"314ba52\" data-element_type=\"widget\" data-widget_type=\"image.default\">\n\t\t\t\t<div class=\"elementor-widget-container\">\n\t\t\t\t\t\t\t\t\t\t\t\t\t\t\t<img loading=\"lazy\" decoding=\"async\" width=\"736\" height=\"609\" src=\"https:\/\/delyava.com\/wp-content\/uploads\/2025\/02\/HIFU-treatment-machine-body-treatment-parts-1.jpg\" class=\"attachment-large size-large wp-image-9259\" alt=\"HIFU tedavi makinesi v\u00fccut tedavi par\u00e7alar\u0131\" srcset=\"https:\/\/delyava.com\/wp-content\/uploads\/2025\/02\/HIFU-treatment-machine-body-treatment-parts-1.jpg 736w, https:\/\/delyava.com\/wp-content\/uploads\/2025\/02\/HIFU-treatment-machine-body-treatment-parts-1-300x248.jpg 300w, https:\/\/delyava.com\/wp-content\/uploads\/2025\/02\/HIFU-treatment-machine-body-treatment-parts-1-15x12.jpg 15w, https:\/\/delyava.com\/wp-content\/uploads\/2025\/02\/HIFU-treatment-machine-body-treatment-parts-1-600x496.jpg 600w\" sizes=\"(max-width: 736px) 100vw, 736px\" \/>\t\t\t\t\t\t\t\t\t\t\t\t\t\t\t<\/div>\n\t\t\t\t<\/div>\n\t\t\t\t<\/div>\n\t\t\t\t<\/div>\n\t\t<div class=\"elementor-element elementor-element-06608fe e-con-full e-flex e-con e-child\" data-id=\"06608fe\" data-element_type=\"container\">\n\t\t\t\t<div class=\"elementor-element elementor-element-6a224eb elementor-widget elementor-widget-heading\" data-id=\"6a224eb\" data-element_type=\"widget\" data-widget_type=\"heading.default\">\n\t\t\t\t<div class=\"elementor-widget-container\">\n\t\t\t\t\t<h2 class=\"elementor-heading-title elementor-size-default\">HIFU tedavi makinesi v\u00fccut tedavi par\u00e7alar\u0131<\/h2>\t\t\t\t<\/div>\n\t\t\t\t<\/div>\n\t\t\t\t<div class=\"elementor-element elementor-element-68a1fa0 elementor-widget elementor-widget-text-editor\" data-id=\"68a1fa0\" data-element_type=\"widget\" data-widget_type=\"text-editor.default\">\n\t\t\t\t<div class=\"elementor-widget-container\">\n\t\t\t\t\t\t\t\t\t<p>Hifu cilt s\u0131k\u0131la\u015ft\u0131rma makinelerimiz, v\u00fccudun farkl\u0131 b\u00f6lgelerini hassas bir \u015fekilde hedeflemek i\u00e7in \u00e7e\u015fitli problarla donat\u0131lm\u0131\u015ft\u0131r. 6,0 mm ve 9,0 mm problar, \u00e7ok \u00e7e\u015fitli bireysel ihtiya\u00e7lara uyacak \u015fekilde tasarlanm\u0131\u015ft\u0131r. 6,0 mm ve 9,0 mm problar, \u00e7ok \u00e7e\u015fitli bireysel ihtiya\u00e7lara uyacak \u015fekilde tasarlanm\u0131\u015ft\u0131r. 6,0 mm prob, \u00e7ift \u00e7eneleri iyile\u015ftirmede etkiliyken, 9,0 mm prob, anne kal\u00e7alar\u0131, kelebek kollar\u0131 ve fil bacaklar\u0131 gibi b\u00f6lgeleri ve ayr\u0131ca g\u00f6\u011f\u00fcsleri, koltuk altlar\u0131n\u0131, kollar\u0131, kar\u0131n, s\u0131rt\u0131, belin yanlar\u0131n\u0131, uyluklar\u0131, bald\u0131rlar\u0131 ve ayak bileklerini etkili bir \u015fekilde hedeflemek i\u00e7in kullan\u0131labilir ve v\u00fccudun sil\u00fcetinde lokalize, hassas \u015fekillendirme ve h\u0131zl\u0131 bir iyile\u015fme elde etmeye yard\u0131mc\u0131 olur.<\/p>\t\t\t\t\t\t\t\t<\/div>\n\t\t\t\t<\/div>\n\t\t\t\t<\/div>\n\t\t\t\t<\/div>\n\t\t\t\t\t<\/div>\n\t\t\t\t<\/div>\n\t\t<div class=\"elementor-element elementor-element-92d410b e-flex e-con-boxed e-con e-parent\" data-id=\"92d410b\" data-element_type=\"container\">\n\t\t\t\t\t<div class=\"e-con-inner\">\n\t\t<div class=\"elementor-element elementor-element-57d281f e-con-full e-flex e-con e-child\" data-id=\"57d281f\" data-element_type=\"container\">\n\t\t\t\t<div class=\"elementor-element elementor-element-a56acec elementor-widget elementor-widget-heading\" data-id=\"a56acec\" data-element_type=\"widget\" data-widget_type=\"heading.default\">\n\t\t\t\t<div class=\"elementor-widget-container\">\n\t\t\t\t\t<h3 class=\"elementor-heading-title elementor-size-default\"> HIFU makinesi \u00d6ncesi ve Sonras\u0131<\/h3>\t\t\t\t<\/div>\n\t\t\t\t<\/div>\n\t\t\t\t<\/div>\n\t\t<div class=\"elementor-element elementor-element-4395a36 e-con-full e-flex e-con e-child\" data-id=\"4395a36\" data-element_type=\"container\">\n\t\t<div class=\"elementor-element elementor-element-d748ef2 e-con-full e-flex e-con e-child\" data-id=\"d748ef2\" data-element_type=\"container\">\n\t\t\t\t<div class=\"elementor-element elementor-element-7b7d881 elementor-widget elementor-widget-image\" data-id=\"7b7d881\" data-element_type=\"widget\" data-widget_type=\"image.default\">\n\t\t\t\t<div class=\"elementor-widget-container\">\n\t\t\t\t\t\t\t\t\t\t\t\t\t\t\t<img loading=\"lazy\" decoding=\"async\" width=\"750\" height=\"750\" src=\"https:\/\/delyava.com\/wp-content\/uploads\/2025\/02\/HIFU-7D-machine-Before-and-After.png\" class=\"attachment-large size-large wp-image-9260\" alt=\"HIFU 7D makinesi \u00d6ncesi ve Sonras\u0131\" srcset=\"https:\/\/delyava.com\/wp-content\/uploads\/2025\/02\/HIFU-7D-machine-Before-and-After.png 750w, https:\/\/delyava.com\/wp-content\/uploads\/2025\/02\/HIFU-7D-machine-Before-and-After-300x300.png 300w, https:\/\/delyava.com\/wp-content\/uploads\/2025\/02\/HIFU-7D-machine-Before-and-After-150x150.png 150w, https:\/\/delyava.com\/wp-content\/uploads\/2025\/02\/HIFU-7D-machine-Before-and-After-12x12.png 12w, https:\/\/delyava.com\/wp-content\/uploads\/2025\/02\/HIFU-7D-machine-Before-and-After-600x600.png 600w, https:\/\/delyava.com\/wp-content\/uploads\/2025\/02\/HIFU-7D-machine-Before-and-After-100x100.png 100w\" sizes=\"(max-width: 750px) 100vw, 750px\" \/>\t\t\t\t\t\t\t\t\t\t\t\t\t\t\t<\/div>\n\t\t\t\t<\/div>\n\t\t<div class=\"elementor-element elementor-element-14d2f1e e-con-full e-flex e-con e-child\" data-id=\"14d2f1e\" data-element_type=\"container\">\n\t\t\t\t<div class=\"elementor-element elementor-element-cf37953 elementor-widget elementor-widget-text-editor\" data-id=\"cf37953\" data-element_type=\"widget\" data-widget_type=\"text-editor.default\">\n\t\t\t\t<div class=\"elementor-widget-container\">\n\t\t\t\t\t\t\t\t\t<ol><li>Yanaklar\u0131 s\u0131k\u0131la\u015ft\u0131r\u0131r, y\u00fcz\u00fc kald\u0131r\u0131r, al\u0131n, g\u00f6z ve dudaklardaki k\u0131r\u0131\u015f\u0131kl\u0131klar\u0131 azalt\u0131r.<\/li><li>Cilt dokusunu iyile\u015ftirir, ince \u00e7izgileri (kaz aya\u011f\u0131, g\u00f6z alt\u0131, kulak \u00f6n\u00fc, dudak, al\u0131n, ka\u015f, nazolabial k\u0131vr\u0131mlar, boyun) azalt\u0131r ve p\u00fcr\u00fczs\u00fczl\u00fc\u011f\u00fc geri kazand\u0131r\u0131r.<\/li><li>Boyun \u00e7izgilerini azalt\u0131r, ya\u015flanmay\u0131 \u00f6nler ve cildin elastikiyetini ve s\u0131k\u0131l\u0131\u011f\u0131n\u0131 art\u0131rmak i\u00e7in kolajen rejenerasyonunu uyar\u0131r.<\/li><li>Cildinizin elastikiyetini art\u0131r\u0131n, konturlar\u0131n\u0131z\u0131 belirginle\u015ftirin, ya\u011flanmay\u0131 kontrol edin ve g\u00f6zeneklerinizi k\u00fc\u00e7\u00fclterek p\u00fcr\u00fczs\u00fcz ve gen\u00e7 bir g\u00f6r\u00fcn\u00fcme kavu\u015fun.<\/li><\/ol>\t\t\t\t\t\t\t\t<\/div>\n\t\t\t\t<\/div>\n\t\t\t\t<\/div>\n\t\t\t\t<\/div>\n\t\t\t\t<\/div>\n\t\t\t\t\t<\/div>\n\t\t\t\t<\/div>\n\t\t<div class=\"elementor-element elementor-element-e741634 e-flex e-con-boxed e-con e-parent\" data-id=\"e741634\" data-element_type=\"container\">\n\t\t\t\t\t<div class=\"e-con-inner\">\n\t\t\t\t<div class=\"elementor-element elementor-element-e042ac3 elementor-widget elementor-widget-heading\" data-id=\"e042ac3\" data-element_type=\"widget\" data-widget_type=\"heading.default\">\n\t\t\t\t<div class=\"elementor-widget-container\">\n\t\t\t\t\t<h4 class=\"elementor-heading-title elementor-size-default\">7D Hifu Makinesi Parametresi<\/h4>\t\t\t\t<\/div>\n\t\t\t\t<\/div>\n\t\t\t\t<div class=\"elementor-element elementor-element-0298e5b elementor-widget elementor-widget-text-editor\" data-id=\"0298e5b\" data-element_type=\"widget\" data-widget_type=\"text-editor.default\">\n\t\t\t\t<div class=\"elementor-widget-container\">\n\t\t\t\t\t\t\t\t\t<table><tbody><tr><td width=\"174\"><p>S\u0131kl\u0131k<\/p><\/td><td width=\"739\"><p>2MHz\/4MHz\/5.5MHz\/7MHz<\/p><\/td><\/tr><tr><td width=\"174\"><p>\u00c7al\u0131\u015fma sistemi<\/p><\/td><td width=\"739\"><p>Ak\u0131ll\u0131 \u00e7ift kontroll\u00fc darbe dijital mod \u00e7\u0131k\u0131\u015f\u0131<\/p><\/td><\/tr><tr><td width=\"174\"><p>Enerji<\/p><\/td><td width=\"739\"><p>0,1 \u2013 2J ayarlanabilir<\/p><\/td><\/tr><tr><td width=\"174\"><p>Giri\u015f uzunlu\u011fu<\/p><\/td><td width=\"739\"><p>5 \u2013 25mm ayarlanabilir<\/p><\/td><\/tr><tr><td width=\"174\"><p>Giri\u015f aral\u0131\u011f\u0131<\/p><\/td><td width=\"739\"><p>1 \u2013 2 mm<\/p><\/td><\/tr><tr><td width=\"174\"><p>Tedavi Ba\u015fl\u0131\u011f\u0131<\/p><\/td><td width=\"739\"><p>1,5\/2,0\/3,0\/4,5\/6,0\/9,0\/13,0 mm<\/p><\/td><\/tr><tr><td width=\"174\"><p>\u00c7al\u0131\u015fma Modu<\/p><\/td><td width=\"739\"><p>Tek Darbe \/ Darbe Modu<\/p><\/td><\/tr><tr><td width=\"174\"><p>Giri\u015f G\u00fcc\u00fc<\/p><\/td><td width=\"739\"><p>AC 110V \u2013 220V \u2013 50Hz\/60Hz<\/p><\/td><\/tr><tr><td width=\"174\"><p>Paket boyutu<\/p><\/td><td width=\"739\"><p>53*46*44,5 cm<\/p><\/td><\/tr><tr><td width=\"174\"><p>Paket GW<\/p><\/td><td width=\"739\"><p>22 kilo<\/p><\/td><\/tr><tr><td width=\"174\"><p>Makine GW<\/p><\/td><td width=\"739\"><p>20 kilo<\/p><\/td><\/tr><\/tbody><\/table><p>\u00a0<\/p>\t\t\t\t\t\t\t\t<\/div>\n\t\t\t\t<\/div>\n\t\t\t\t\t<\/div>\n\t\t\t\t<\/div>\n\t\t<div class=\"elementor-element elementor-element-9b6194f e-flex e-con-boxed e-con e-parent\" data-id=\"9b6194f\" data-element_type=\"container\">\n\t\t\t\t\t<div class=\"e-con-inner\">\n\t\t<div class=\"elementor-element elementor-element-5b9bc99 e-con-full e-flex e-con e-child\" data-id=\"5b9bc99\" data-element_type=\"container\">\n\t\t\t\t<div class=\"elementor-element elementor-element-aa3be0d elementor-widget elementor-widget-heading\" data-id=\"aa3be0d\" data-element_type=\"widget\" data-widget_type=\"heading.default\">\n\t\t\t\t<div class=\"elementor-widget-container\">\n\t\t\t\t\t<h4 class=\"elementor-heading-title elementor-size-default\">SSS<\/h4>\t\t\t\t<\/div>\n\t\t\t\t<\/div>\n\t\t\t\t<div class=\"elementor-element elementor-element-6e748f3 elementor-widget elementor-widget-text-editor\" data-id=\"6e748f3\" data-element_type=\"widget\" data-widget_type=\"text-editor.default\">\n\t\t\t\t<div class=\"elementor-widget-container\">\n\t\t\t\t\t\t\t\t\t<p><strong>1. HIFU tedavi cihaz\u0131 sonras\u0131 dikkat edilmesi gerekenler nelerdir?<\/strong><\/p><p>Tedaviden sonra baharatl\u0131 yiyeceklerden ka\u00e7\u0131n\u0131n; y\u00fcz\u00fcn\u00fcz\u00fc bir hafta boyunca \u00e7ok s\u0131cak veya \u00e7ok so\u011fuk suyla y\u0131kamay\u0131n; y\u00fcz\u00fcn\u00fcze bask\u0131 yapmamak i\u00e7in y\u00fcksek s\u0131cakl\u0131kta yoga, sauna, y\u00fcz buhar\u0131 ve y\u00fcz masaj\u0131 yapmay\u0131n; y\u00fcz\u00fcn\u00fcz\u00fc yeniden nemlendirmek i\u00e7in bir hafta boyunca her g\u00fcn maske uygulay\u0131n; g\u00fcne\u015ften korunmaya dikkat edin; bir ay boyunca radyofrekans veya fototerapi ekipman\u0131 kullanmay\u0131n. Ayr\u0131ca, 7D HIFU tedavisi hyaluronik asit enjeksiyonundan ancak 20 - 30 g\u00fcn sonra yap\u0131labilir.<br \/><strong>2. 7D HIFU cihaz\u0131 kimlere uygulanmaz?<\/strong><\/p><p>7D HIFU tedavisi hamile kad\u0131nlar, ciddi kalp rahats\u0131zl\u0131\u011f\u0131 olan hastalar, k\u00f6t\u00fc huylu t\u00fcm\u00f6rl\u00fc hastalar, hemofili veya ciddi kanamas\u0131 olan hastalar, b\u00fcy\u00fck rahats\u0131zl\u0131klar\u0131 olan hastalar, cilt ve enfeksiyon hastal\u0131klar\u0131 olan hastalar, kalp, beyin, boyun, omurga, g\u00f6z sinir merkezi, kanamas\u0131 olan hastalar, enjeksiyon hastalar\u0131, hipertiroidi olan hastalar, ast\u0131m hastalar\u0131 ve y\u00fcksek tansiyonu olan hastalar i\u00e7in uygun de\u011fildir. Ayr\u0131ca bir doktor taraf\u0131ndan onaylanmad\u0131\u011f\u0131 s\u00fcrece hasta hastalarda dikkatli kullan\u0131lmal\u0131d\u0131r.<br \/><strong>3. Bu mu?<\/strong><strong>e makinesi hifu a\u011fr\u0131l\u0131 <\/strong><strong>?<\/strong><\/p><p>Baz\u0131 ki\u015filer tedavi s\u0131ras\u0131nda biraz his duyabilir, ancak bu genellikle tolere edilebilir d\u00fczeydedir. Enerji d\u00fc\u015f\u00fckten y\u00fckse\u011fe ayarlan\u0131r ve doktor taraf\u0131ndan hastan\u0131n tolerans seviyesine g\u00f6re ayarlan\u0131r. \u00d6rne\u011fin, al\u0131n b\u00f6lgesine bak\u0131m yaparken, kullan\u0131c\u0131 a\u011fr\u0131y\u0131 hafifletmek i\u00e7in probun ucunu aln\u0131na do\u011fru s\u0131k\u0131ca \u00e7ekebilir. Ayr\u0131ca, do\u011fru ortam\u0131n (\u00f6rne\u011fin \u0131\u015f\u0131\u011fa duyarl\u0131 jel, so\u011futma jeli) kullan\u0131lmas\u0131 rahats\u0131zl\u0131\u011f\u0131 azaltmaya yard\u0131mc\u0131 olabilir.<br \/><strong>4. 7D HIFU tedavisinden sonra sonu\u00e7lar\u0131 g\u00f6rmek ne kadar zaman al\u0131r?<\/strong><\/p><p>Tedaviden hemen sonra cilt s\u0131k\u0131l\u0131\u011f\u0131nda art\u0131\u015f gibi baz\u0131 sonu\u00e7lar g\u00f6r\u00fclebilir. Ancak daha belirgin sonu\u00e7lar genellikle tedaviden 1-3 ay sonra kademeli olarak ortaya \u00e7\u0131kar \u00e7\u00fcnk\u00fc tedavinin kolajen rejenerasyonunu ve yeniden organizasyonunu uyarmas\u0131 zaman al\u0131r. Sonu\u00e7lar birka\u00e7 tedaviden sonra daha belirgin ve uzun \u00f6m\u00fcrl\u00fcd\u00fcr, \u00f6rne\u011fin 6 ay (2 tedavi) veya daha fazlas\u0131ndan sonra cildin durumu daha tam olarak iyile\u015fir.<br \/><strong>5. 7D HIFU cilt s\u0131k\u0131la\u015ft\u0131rma yan etkileri nelerdir?<\/strong><\/p><p>7D HIFU, standart uygulama ve bak\u0131m alt\u0131nda g\u00fcvenlidir ve genellikle \u00f6nemli bir yan etkisi yoktur. Birka\u00e7 ki\u015fide tedaviden sonra ge\u00e7ici k\u0131zar\u0131kl\u0131k ve ciltte hafif \u015fi\u015flik olabilir, bu birka\u00e7 saat i\u00e7inde do\u011fal olarak azalacakt\u0131r. Teknik hassast\u0131r, yan\u0131k, enfeksiyon ve sinir hasar\u0131 riski d\u00fc\u015f\u00fckt\u00fcr ve \u00e7o\u011fu ki\u015fi tatmin edici sonu\u00e7lar al\u0131r.<\/p>\t\t\t\t\t\t\t\t<\/div>\n\t\t\t\t<\/div>\n\t\t\t\t<\/div>\n\t\t\t\t\t<\/div>\n\t\t\t\t<\/div>\n\t\t\t\t<\/div>","protected":false},"excerpt":{"rendered":"<ul>\n<li><strong>Ameliyats\u0131z Kald\u0131rma ve \u015eekillendirme<\/strong>:MMFU, ultrasonik \u0131s\u0131 kullan\u0131larak y\u00fcz ve v\u00fccut germe, s\u0131k\u0131la\u015ft\u0131rma ve \u015fekillendirme i\u00e7in cerrahi m\u00fcdahale gerektirmeyen invaziv olmayan bir sistemdir.<\/li>\n<li><strong>Hassas Hedefleme<\/strong>: Daha k\u00fc\u00e7\u00fck odak noktas\u0131, hassas tedavi i\u00e7in hedeflenen cilt katmanlar\u0131na 65-75\u00b0C&#039;lik ultrason enerjisi iletir.<\/li>\n<li><strong>Termo-P\u0131ht\u0131la\u015fma Etkisi<\/strong>: \u00c7evre dokulara zarar vermeden derin katmanlarda (SMAS, dermis) kontroll\u00fc \u0131s\u0131 olu\u015fturarak kolajen ve elastin rejenerasyonunu art\u0131r\u0131r.<\/li>\n<li><strong>Derin SMAS Tedavisi<\/strong>: Uzun s\u00fcreli kald\u0131rma ve s\u0131k\u0131l\u0131k sa\u011flamak i\u00e7in ya\u015flanmaya, doku kayb\u0131na ve cilt gev\u015fekli\u011fine kar\u015f\u0131 sava\u015fmak amac\u0131yla SMAS fasya tabakas\u0131n\u0131 hedef al\u0131r.<\/li>\n<li><strong>Geli\u015fmi\u015f Konfor ve G\u00fcvenlik<\/strong>:Tedavi s\u0131ras\u0131nda daha fazla konfor sa\u011flamak i\u00e7in tasarlanm\u0131\u015ft\u0131r, minimum iyile\u015fme s\u00fcresiyle cildi dolgun, s\u0131k\u0131 ve gen\u00e7le\u015fmi\u015f b\u0131rak\u0131r.<\/li>\n<\/ul>","protected":false},"featured_media":9269,"template":"","meta":{"_seopress_robots_primary_cat":"none","_seopress_titles_title":"","_seopress_titles_desc":"","_seopress_robots_index":""},"product_brand":[],"product_cat":[36],"product_tag":[],"class_list":{"0":"post-9268","1":"product","2":"type-product","3":"status-publish","4":"has-post-thumbnail","6":"product_cat-hifu-machines","8":"first","9":"instock","10":"shipping-taxable","11":"product-type-simple"},"_links":{"self":[{"href":"https:\/\/delyava.com\/tr\/wp-json\/wp\/v2\/product\/9268","targetHints":{"allow":["GET"]}}],"collection":[{"href":"https:\/\/delyava.com\/tr\/wp-json\/wp\/v2\/product"}],"about":[{"href":"https:\/\/delyava.com\/tr\/wp-json\/wp\/v2\/types\/product"}],"version-history":[{"count":0,"href":"https:\/\/delyava.com\/tr\/wp-json\/wp\/v2\/product\/9268\/revisions"}],"wp:featuredmedia":[{"embeddable":true,"href":"https:\/\/delyava.com\/tr\/wp-json\/wp\/v2\/media\/9269"}],"wp:attachment":[{"href":"https:\/\/delyava.com\/tr\/wp-json\/wp\/v2\/media?parent=9268"}],"wp:term":[{"taxonomy":"product_brand","embeddable":true,"href":"https:\/\/delyava.com\/tr\/wp-json\/wp\/v2\/product_brand?post=9268"},{"taxonomy":"product_cat","embeddable":true,"href":"https:\/\/delyava.com\/tr\/wp-json\/wp\/v2\/product_cat?post=9268"},{"taxonomy":"product_tag","embeddable":true,"href":"https:\/\/delyava.com\/tr\/wp-json\/wp\/v2\/product_tag?post=9268"}],"curies":[{"name":"wp","href":"https:\/\/api.w.org\/{rel}","templated":true}]}}