{"id":842,"date":"2024-08-08T22:04:13","date_gmt":"2024-08-09T06:04:13","guid":{"rendered":"https:\/\/delyava.com\/?page_id=842"},"modified":"2025-03-27T17:11:11","modified_gmt":"2025-03-27T09:11:11","slug":"about-us","status":"publish","type":"page","link":"https:\/\/delyava.com\/tr\/about-us\/","title":{"rendered":"Hakk\u0131m\u0131zda"},"content":{"rendered":"<div data-elementor-type=\"wp-page\" data-elementor-id=\"842\" class=\"elementor elementor-842\" data-elementor-post-type=\"page\">\n\t\t\t\t<div class=\"elementor-element elementor-element-9da1f38 e-flex e-con-boxed e-con e-parent\" data-id=\"9da1f38\" data-element_type=\"container\">\n\t\t\t\t\t<div class=\"e-con-inner\">\n\t\t<div class=\"elementor-element elementor-element-bbff959 e-con-full e-flex e-con e-child\" data-id=\"bbff959\" data-element_type=\"container\" data-settings=\"{&quot;background_background&quot;:&quot;classic&quot;}\">\n\t\t<div class=\"elementor-element elementor-element-a5bfefe e-con-full e-flex e-con e-child\" data-id=\"a5bfefe\" data-element_type=\"container\">\n\t\t\t\t<div class=\"elementor-element elementor-element-d9f3198 elementor-widget elementor-widget-heading\" data-id=\"d9f3198\" data-element_type=\"widget\" data-widget_type=\"heading.default\">\n\t\t\t\t<div class=\"elementor-widget-container\">\n\t\t\t\t\t<h1 class=\"elementor-heading-title elementor-size-default\">\u015eirket Tan\u0131t\u0131m\u0131<\/h1>\t\t\t\t<\/div>\n\t\t\t\t<\/div>\n\t\t\t\t<\/div>\n\t\t\t\t<\/div>\n\t\t\t\t\t<\/div>\n\t\t\t\t<\/div>\n\t\t<div class=\"elementor-element elementor-element-8f2b124 e-flex e-con-boxed e-con e-parent\" data-id=\"8f2b124\" data-element_type=\"container\">\n\t\t\t\t\t<div class=\"e-con-inner\">\n\t\t<div class=\"elementor-element elementor-element-58f2b65 e-con-full e-flex e-con e-child\" data-id=\"58f2b65\" data-element_type=\"container\">\n\t\t\t\t<div class=\"elementor-element elementor-element-b364b03 elementor-widget elementor-widget-heading\" data-id=\"b364b03\" data-element_type=\"widget\" data-widget_type=\"heading.default\">\n\t\t\t\t<div class=\"elementor-widget-container\">\n\t\t\t\t\t<h2 class=\"elementor-heading-title elementor-size-default\"> T\u0131bbi Estetik Makineleri DELYA \u00dcretici<\/h2>\t\t\t\t<\/div>\n\t\t\t\t<\/div>\n\t\t\t\t<div class=\"elementor-element elementor-element-c4d8378 elementor-widget elementor-widget-text-editor\" data-id=\"c4d8378\" data-element_type=\"widget\" data-widget_type=\"text-editor.default\">\n\t\t\t\t<div class=\"elementor-widget-container\">\n\t\t\t\t\t\t\t\t\t<p>Cilt bak\u0131mlar\u0131 ve estetik ama\u00e7l\u0131 uygulamalarda son teknoloji ekipmanlar\u0131n \u00e7ok say\u0131da firma taraf\u0131ndan sa\u011fland\u0131\u011f\u0131 medikal estetik alan\u0131nda, y\u00fcksek kaliteli medikal estetik ekipmanlar\u0131n\u0131n lider \u00fcreticisi DELYA, sizleri DELYA fabrikas\u0131n\u0131 detayl\u0131 bir \u015fekilde gezerek, temel \u00f6zelliklerini ve \u00f6nemli avantajlar\u0131n\u0131 vurgulayacak.<\/p>\t\t\t\t\t\t\t\t<\/div>\n\t\t\t\t<\/div>\n\t\t\t\t<\/div>\n\t\t\t\t\t<\/div>\n\t\t\t\t<\/div>\n\t\t<div class=\"elementor-element elementor-element-5b0c77a e-flex e-con-boxed e-con e-parent\" data-id=\"5b0c77a\" data-element_type=\"container\">\n\t\t\t\t\t<div class=\"e-con-inner\">\n\t\t<div class=\"elementor-element elementor-element-7eb0d91 e-con-full e-flex e-con e-child\" data-id=\"7eb0d91\" data-element_type=\"container\">\n\t\t\t\t<div class=\"elementor-element elementor-element-faac89b elementor-widget elementor-widget-text-editor\" data-id=\"faac89b\" data-element_type=\"widget\" data-widget_type=\"text-editor.default\">\n\t\t\t\t<div class=\"elementor-widget-container\">\n\t\t\t\t\t\t\t\t\t<p>Delya Medical Technology (Weihai) Co., Ltd. t\u0131bbi estetik aletler alan\u0131nda uzmanla\u015fm\u0131\u015f, g\u00fcvene ve uzun vadeli sa\u011flam m\u00fc\u015fteri ili\u015fkilerine dayal\u0131 tasar\u0131m, geli\u015ftirme, \u00fcretim ve sat\u0131\u015fa kendini adam\u0131\u015f bir \u015firkettir.<\/p><p>\u015eirketin merkezi Guangdong Eyaletinin Shenzhen kentinde olup, Ar-Ge ve \u00fcretim merkezlerini burada kurmu\u015ftur. Ana omurga ekibi, \u00fcr\u00fcn geli\u015ftirme ve proje uygulama konusunda 20 y\u0131la kadar deneyime sahiptir ve yakla\u015f\u0131k 100 temel fikri m\u00fclkiyet hakk\u0131na sahiptir.<\/p><p>\u015eirket her zaman m\u00fc\u015fteri odakl\u0131l\u0131k kavram\u0131na ba\u011fl\u0131 kalm\u0131\u015f, t\u0131bb\u0131n \u00f6z\u00fcn\u00fc s\u0131k\u0131 bir \u015fekilde takip etmi\u015f, bilimsel, g\u00fcvenli ve ileri teknoloji yard\u0131m\u0131yla t\u00fcketicilere \u00fcst d\u00fczey, tam boyutlu profesyonel t\u0131bbi g\u00fczellik ve sa\u011fl\u0131k hizmetleri sunmaya kendini adam\u0131\u015ft\u0131r.<\/p><p>Delya (<a href=\"http:\/\/delyava.com\/tr\/\">delyava.com<\/a>) ba\u015flang\u0131\u00e7ta yurti\u00e7inde ve yurtd\u0131\u015f\u0131nda bir\u00e7ok b\u00fcy\u00fck i\u015fletme i\u00e7in ba\u011f\u0131ms\u0131z marka i\u015fleme i\u015fini (OEM.ODM) \u00fcstlendi ve m\u00fckemmel performans, uygun fiyat, profesyonel rehberlik ve eksiksiz sat\u0131\u015f sonras\u0131 hizmeti sayesinde yurti\u00e7i ve yurtd\u0131\u015f\u0131ndaki \u00fcnl\u00fc markalar\u0131n be\u011fenisini ve be\u011fenisini ba\u015far\u0131yla kazand\u0131.<\/p>\t\t\t\t\t\t\t\t<\/div>\n\t\t\t\t<\/div>\n\t\t\t\t<\/div>\n\t\t<div class=\"elementor-element elementor-element-d2098fe e-con-full e-flex e-con e-child\" data-id=\"d2098fe\" data-element_type=\"container\">\n\t\t\t\t<div class=\"elementor-element elementor-element-e4787af elementor-widget elementor-widget-image\" data-id=\"e4787af\" data-element_type=\"widget\" data-widget_type=\"image.default\">\n\t\t\t\t<div class=\"elementor-widget-container\">\n\t\t\t\t\t\t\t\t\t\t\t\t\t\t\t<img fetchpriority=\"high\" decoding=\"async\" width=\"800\" height=\"600\" src=\"https:\/\/delyava.com\/wp-content\/uploads\/2025\/03\/delya-beauty-equipment-manufacturer-factory-1024x768.png\" class=\"attachment-large size-large wp-image-14947\" alt=\"delya g\u00fczellik ekipmanlar\u0131 \u00fcreticisi fabrika\" srcset=\"https:\/\/delyava.com\/wp-content\/uploads\/2025\/03\/delya-beauty-equipment-manufacturer-factory-1024x768.png 1024w, https:\/\/delyava.com\/wp-content\/uploads\/2025\/03\/delya-beauty-equipment-manufacturer-factory-300x225.png 300w, https:\/\/delyava.com\/wp-content\/uploads\/2025\/03\/delya-beauty-equipment-manufacturer-factory-768x576.png 768w, https:\/\/delyava.com\/wp-content\/uploads\/2025\/03\/delya-beauty-equipment-manufacturer-factory-16x12.png 16w, https:\/\/delyava.com\/wp-content\/uploads\/2025\/03\/delya-beauty-equipment-manufacturer-factory-600x450.png 600w, https:\/\/delyava.com\/wp-content\/uploads\/2025\/03\/delya-beauty-equipment-manufacturer-factory.png 1365w\" sizes=\"(max-width: 800px) 100vw, 800px\" \/>\t\t\t\t\t\t\t\t\t\t\t\t\t\t\t<\/div>\n\t\t\t\t<\/div>\n\t\t\t\t<div class=\"elementor-element elementor-element-847c5b4 elementor-widget elementor-widget-text-editor\" data-id=\"847c5b4\" data-element_type=\"widget\" data-widget_type=\"text-editor.default\">\n\t\t\t\t<div class=\"elementor-widget-container\">\n\t\t\t\t\t\t\t\t\t<p><span style=\"color: #000000;\">Kozmetik ve t\u0131bbi lazer \u00fcreticisi<\/span><\/p>\t\t\t\t\t\t\t\t<\/div>\n\t\t\t\t<\/div>\n\t\t\t\t<\/div>\n\t\t\t\t\t<\/div>\n\t\t\t\t<\/div>\n\t\t<div class=\"elementor-element elementor-element-00f27cc e-flex e-con-boxed e-con e-parent\" data-id=\"00f27cc\" data-element_type=\"container\">\n\t\t\t\t\t<div class=\"e-con-inner\">\n\t\t<div class=\"elementor-element elementor-element-f2c7a8e e-con-full e-flex e-con e-child\" data-id=\"f2c7a8e\" data-element_type=\"container\">\n\t\t\t\t<div class=\"elementor-element elementor-element-2093bc7 elementor-view-default elementor-widget elementor-widget-icon\" data-id=\"2093bc7\" data-element_type=\"widget\" data-widget_type=\"icon.default\">\n\t\t\t\t<div class=\"elementor-widget-container\">\n\t\t\t\t\t\t\t<div class=\"elementor-icon-wrapper\">\n\t\t\t<div class=\"elementor-icon\">\n\t\t\t<svg aria-hidden=\"true\" class=\"e-font-icon-svg e-fas-star\" viewbox=\"0 0 576 512\" xmlns=\"http:\/\/www.w3.org\/2000\/svg\"><path d=\"M259.3 17.8L194 150.2 47.9 171.5c-26.2 3.8-36.7 36.1-17.7 54.6l105.7 103-25 145.5c-4.5 26.3 23.2 46 46.4 33.7L288 439.6l130.7 68.7c23.2 12.2 50.9-7.4 46.4-33.7l-25-145.5 105.7-103c19-18.5 8.5-50.8-17.7-54.6L382 150.2 316.7 17.8c-11.7-23.6-45.6-23.9-57.4 0z\"><\/path><\/svg>\t\t\t<\/div>\n\t\t<\/div>\n\t\t\t\t\t\t<\/div>\n\t\t\t\t<\/div>\n\t\t\t\t<div class=\"elementor-element elementor-element-837b92c elementor-widget elementor-widget-heading\" data-id=\"837b92c\" data-element_type=\"widget\" data-widget_type=\"heading.default\">\n\t\t\t\t<div class=\"elementor-widget-container\">\n\t\t\t\t\t<h4 class=\"elementor-heading-title elementor-size-default\">G\u00f6rev Y\u00f6n\u00fc<\/h4>\t\t\t\t<\/div>\n\t\t\t\t<\/div>\n\t\t\t\t<div class=\"elementor-element elementor-element-e1193f5 elementor-widget elementor-widget-text-editor\" data-id=\"e1193f5\" data-element_type=\"widget\" data-widget_type=\"text-editor.default\">\n\t\t\t\t<div class=\"elementor-widget-container\">\n\t\t\t\t\t\t\t\t\t<p>Misyonumuz, d\u00fcnya \u00e7ap\u0131nda insanlar\u0131n daha sa\u011fl\u0131kl\u0131 ve daha iyi ya\u015famlar s\u00fcrmesini sa\u011flayan temel unsurlardan biri olmakt\u0131r.<\/p>\t\t\t\t\t\t\t\t<\/div>\n\t\t\t\t<\/div>\n\t\t\t\t<\/div>\n\t\t<div class=\"elementor-element elementor-element-7b4d8d1 e-con-full e-flex e-con e-child\" data-id=\"7b4d8d1\" data-element_type=\"container\">\n\t\t\t\t<div class=\"elementor-element elementor-element-9fea96c elementor-view-default elementor-widget elementor-widget-icon\" data-id=\"9fea96c\" data-element_type=\"widget\" data-widget_type=\"icon.default\">\n\t\t\t\t<div class=\"elementor-widget-container\">\n\t\t\t\t\t\t\t<div class=\"elementor-icon-wrapper\">\n\t\t\t<div class=\"elementor-icon\">\n\t\t\t<svg aria-hidden=\"true\" class=\"e-font-icon-svg e-fas-star\" viewbox=\"0 0 576 512\" xmlns=\"http:\/\/www.w3.org\/2000\/svg\"><path d=\"M259.3 17.8L194 150.2 47.9 171.5c-26.2 3.8-36.7 36.1-17.7 54.6l105.7 103-25 145.5c-4.5 26.3 23.2 46 46.4 33.7L288 439.6l130.7 68.7c23.2 12.2 50.9-7.4 46.4-33.7l-25-145.5 105.7-103c19-18.5 8.5-50.8-17.7-54.6L382 150.2 316.7 17.8c-11.7-23.6-45.6-23.9-57.4 0z\"><\/path><\/svg>\t\t\t<\/div>\n\t\t<\/div>\n\t\t\t\t\t\t<\/div>\n\t\t\t\t<\/div>\n\t\t\t\t<div class=\"elementor-element elementor-element-b498895 elementor-widget elementor-widget-heading\" data-id=\"b498895\" data-element_type=\"widget\" data-widget_type=\"heading.default\">\n\t\t\t\t<div class=\"elementor-widget-container\">\n\t\t\t\t\t<h4 class=\"elementor-heading-title elementor-size-default\">Ba\u011fl\u0131l\u0131k<\/h4>\t\t\t\t<\/div>\n\t\t\t\t<\/div>\n\t\t\t\t<div class=\"elementor-element elementor-element-e9fafd8 elementor-widget elementor-widget-text-editor\" data-id=\"e9fafd8\" data-element_type=\"widget\" data-widget_type=\"text-editor.default\">\n\t\t\t\t<div class=\"elementor-widget-container\">\n\t\t\t\t\t\t\t\t\t<p>Delya, \u00c7in&#039;deki en iyi estetik ekipman \u00fcreticisi olmaya kendini adam\u0131\u015ft\u0131r ve en y\u00fcksek kalite ve performans\u0131 sunmaktad\u0131r.<\/p>\t\t\t\t\t\t\t\t<\/div>\n\t\t\t\t<\/div>\n\t\t\t\t<\/div>\n\t\t\t\t\t<\/div>\n\t\t\t\t<\/div>\n\t\t<div class=\"elementor-element elementor-element-2aa7350 e-flex e-con-boxed e-con e-parent\" data-id=\"2aa7350\" data-element_type=\"container\">\n\t\t\t\t\t<div class=\"e-con-inner\">\n\t\t<div class=\"elementor-element elementor-element-b083041 e-con-full e-flex e-con e-child\" data-id=\"b083041\" data-element_type=\"container\">\n\t\t\t\t<div class=\"elementor-element elementor-element-414ab87 elementor-widget elementor-widget-image-carousel\" data-id=\"414ab87\" data-element_type=\"widget\" data-settings=\"{&quot;slides_to_show&quot;:&quot;6&quot;,&quot;navigation&quot;:&quot;none&quot;,&quot;image_spacing_custom&quot;:{&quot;unit&quot;:&quot;px&quot;,&quot;size&quot;:25,&quot;sizes&quot;:[]},&quot;slides_to_show_tablet&quot;:&quot;3&quot;,&quot;slides_to_show_mobile&quot;:&quot;2&quot;,&quot;autoplay&quot;:&quot;yes&quot;,&quot;pause_on_hover&quot;:&quot;yes&quot;,&quot;pause_on_interaction&quot;:&quot;yes&quot;,&quot;autoplay_speed&quot;:5000,&quot;infinite&quot;:&quot;yes&quot;,&quot;speed&quot;:500,&quot;image_spacing_custom_tablet&quot;:{&quot;unit&quot;:&quot;px&quot;,&quot;size&quot;:&quot;&quot;,&quot;sizes&quot;:[]},&quot;image_spacing_custom_mobile&quot;:{&quot;unit&quot;:&quot;px&quot;,&quot;size&quot;:&quot;&quot;,&quot;sizes&quot;:[]}}\" data-widget_type=\"image-carousel.default\">\n\t\t\t\t<div class=\"elementor-widget-container\">\n\t\t\t\t\t\t\t<div class=\"elementor-image-carousel-wrapper swiper\" role=\"region\" aria-roledescription=\"carousel\" aria-label=\"Resim D\u00f6ng\u00fcs\u00fc\" dir=\"ltr\">\n\t\t\t<div class=\"elementor-image-carousel swiper-wrapper\" aria-live=\"off\">\n\t\t\t\t\t\t\t\t<div class=\"swiper-slide\" role=\"group\" aria-roledescription=\"slide\" aria-label=\"1 \u0438\u0437 6\" data-no-translation-aria-label=\"\"><figure class=\"swiper-slide-inner\"><img decoding=\"async\" class=\"swiper-slide-image\" src=\"https:\/\/delyava.com\/wp-content\/uploads\/2024\/08\/1.jpg\" alt=\"1\" \/><\/figure><\/div><div class=\"swiper-slide\" role=\"group\" aria-roledescription=\"slide\" aria-label=\"2 \u0438\u0437 6\" data-no-translation-aria-label=\"\"><figure class=\"swiper-slide-inner\"><img decoding=\"async\" class=\"swiper-slide-image\" src=\"https:\/\/delyava.com\/wp-content\/uploads\/2024\/08\/2.jpg\" alt=\"2\" \/><\/figure><\/div><div class=\"swiper-slide\" role=\"group\" aria-roledescription=\"slide\" aria-label=\"3 \u0438\u0437 6\" data-no-translation-aria-label=\"\"><figure class=\"swiper-slide-inner\"><img decoding=\"async\" class=\"swiper-slide-image\" src=\"https:\/\/delyava.com\/wp-content\/uploads\/2024\/08\/1c57e51b-812e-478a-bbd4-d837ebd601ea-scaled.jpg\" alt=\"\" \/><\/figure><\/div><div class=\"swiper-slide\" role=\"group\" aria-roledescription=\"slide\" aria-label=\"4 \u0438\u0437 6\" data-no-translation-aria-label=\"\"><figure class=\"swiper-slide-inner\"><img decoding=\"async\" class=\"swiper-slide-image\" src=\"https:\/\/delyava.com\/wp-content\/uploads\/2024\/08\/3.jpg\" alt=\"3\" \/><\/figure><\/div><div class=\"swiper-slide\" role=\"group\" aria-roledescription=\"slide\" aria-label=\"5 \u0438\u0437 6\" data-no-translation-aria-label=\"\"><figure class=\"swiper-slide-inner\"><img decoding=\"async\" class=\"swiper-slide-image\" src=\"https:\/\/delyava.com\/wp-content\/uploads\/2024\/08\/8af56fb9ad3fae9574a0219f1edd3fd9-scaled.jpeg\" alt=\"8af56fb9ad3fae9574a0219f1edd3fd9\" \/><\/figure><\/div><div class=\"swiper-slide\" role=\"group\" aria-roledescription=\"slide\" aria-label=\"6 \u0438\u0437 6\" data-no-translation-aria-label=\"\"><figure class=\"swiper-slide-inner\"><img decoding=\"async\" class=\"swiper-slide-image\" src=\"https:\/\/delyava.com\/wp-content\/uploads\/2024\/08\/\u5fae\u4fe1\u56fe\u7247_20240811104057.jpg\" alt=\"\" \/><\/figure><\/div>\t\t\t<\/div>\n\t\t\t\t\t\t\t\n\t\t\t\t\t\t\t\t\t<\/div>\n\t\t\t\t\t\t<\/div>\n\t\t\t\t<\/div>\n\t\t\t\t<\/div>\n\t\t\t\t\t<\/div>\n\t\t\t\t<\/div>\n\t\t<div class=\"elementor-element elementor-element-c56ce9b e-flex e-con-boxed e-con e-parent\" data-id=\"c56ce9b\" data-element_type=\"container\">\n\t\t\t\t\t<div class=\"e-con-inner\">\n\t\t\t\t<div class=\"elementor-element elementor-element-ad07822 elementor-widget elementor-widget-heading\" data-id=\"ad07822\" data-element_type=\"widget\" data-widget_type=\"heading.default\">\n\t\t\t\t<div class=\"elementor-widget-container\">\n\t\t\t\t\t<h3 class=\"elementor-heading-title elementor-size-default\">Delya&#039;n\u0131n y\u00f6r\u00fcngesini ke\u015ffedin<\/h3>\t\t\t\t<\/div>\n\t\t\t\t<\/div>\n\t\t\t\t<div class=\"elementor-element elementor-element-5820dae elementor-widget elementor-widget-text-editor\" data-id=\"5820dae\" data-element_type=\"widget\" data-widget_type=\"text-editor.default\">\n\t\t\t\t<div class=\"elementor-widget-container\">\n\t\t\t\t\t\t\t\t\t<p>Ge\u00e7mi\u015fimize, ba\u015flang\u0131\u00e7lar\u0131m\u0131za ve y\u0131llar i\u00e7inde kaydetti\u011fimiz ilerlemeye derinlemesine bir g\u00f6z at\u0131n. Ba\u015flang\u0131c\u0131m\u0131zdan bu yana, sekt\u00f6r lideri olma vizyonumuzdan asla vazge\u00e7medi\u011fimizden emin olarak geli\u015fmeye zaman ay\u0131rd\u0131k.<\/p>\t\t\t\t\t\t\t\t<\/div>\n\t\t\t\t<\/div>\n\t\t\t\t\t<\/div>\n\t\t\t\t<\/div>\n\t\t<div class=\"elementor-element elementor-element-af74a1f e-flex e-con-boxed e-con e-parent\" data-id=\"af74a1f\" data-element_type=\"container\">\n\t\t\t\t\t<div class=\"e-con-inner\">\n\t\t<div class=\"elementor-element elementor-element-8ded457 e-con-full e-flex e-con e-child\" data-id=\"8ded457\" data-element_type=\"container\">\n\t\t<div class=\"elementor-element elementor-element-e46ae9e e-con-full e-flex e-con e-child\" data-id=\"e46ae9e\" data-element_type=\"container\">\n\t\t<div class=\"elementor-element elementor-element-f7d2073 e-con-full e-flex e-con e-child\" data-id=\"f7d2073\" data-element_type=\"container\">\n\t\t\t\t<div class=\"elementor-element elementor-element-9716d30 elementor-widget elementor-widget-heading\" data-id=\"9716d30\" data-element_type=\"widget\" data-widget_type=\"heading.default\">\n\t\t\t\t<div class=\"elementor-widget-container\">\n\t\t\t\t\t<h2 class=\"elementor-heading-title elementor-size-default\">G\u00fczellik i\u015fletmenizin geli\u015fmesine yard\u0131mc\u0131 olmak i\u00e7in Delya teknolojisini bir motor olarak kullan\u0131n.<\/h2>\t\t\t\t<\/div>\n\t\t\t\t<\/div>\n\t\t<div class=\"elementor-element elementor-element-93dd89e e-con-full e-flex e-con e-child\" data-id=\"93dd89e\" data-element_type=\"container\">\n\t\t<div class=\"elementor-element elementor-element-dbac5bb e-con-full e-flex e-con e-child\" data-id=\"dbac5bb\" data-element_type=\"container\">\n\t\t\t\t<div class=\"elementor-element elementor-element-4733861 elementor-widget elementor-widget-heading\" data-id=\"4733861\" data-element_type=\"widget\" data-widget_type=\"heading.default\">\n\t\t\t\t<div class=\"elementor-widget-container\">\n\t\t\t\t\t<h5 class=\"elementor-heading-title elementor-size-default\">Marka Sahipleri\/Toptanc\u0131lar\/Tacirler i\u00e7in<\/h5>\t\t\t\t<\/div>\n\t\t\t\t<\/div>\n\t\t\t\t<\/div>\n\t\t<div class=\"elementor-element elementor-element-67e6eff e-con-full e-flex e-con e-child\" data-id=\"67e6eff\" data-element_type=\"container\">\n\t\t\t\t<div class=\"elementor-element elementor-element-54248ee elementor-widget elementor-widget-heading\" data-id=\"54248ee\" data-element_type=\"widget\" data-widget_type=\"heading.default\">\n\t\t\t\t<div class=\"elementor-widget-container\">\n\t\t\t\t\t<h5 class=\"elementor-heading-title elementor-size-default\">Cilt \u00dcr\u00fcnleri \u015eirketleri \u0130\u00e7in<\/h5>\t\t\t\t<\/div>\n\t\t\t\t<\/div>\n\t\t\t\t<\/div>\n\t\t<div class=\"elementor-element elementor-element-7170988 e-con-full e-flex e-con e-child\" data-id=\"7170988\" data-element_type=\"container\">\n\t\t\t\t<div class=\"elementor-element elementor-element-152a766 elementor-widget elementor-widget-heading\" data-id=\"152a766\" data-element_type=\"widget\" data-widget_type=\"heading.default\">\n\t\t\t\t<div class=\"elementor-widget-container\">\n\t\t\t\t\t<h5 class=\"elementor-heading-title elementor-size-default\">G\u00fczellik Salonlar\u0131\/Klinikler\/Spor Salonlar\u0131 i\u00e7in<\/h5>\t\t\t\t<\/div>\n\t\t\t\t<\/div>\n\t\t\t\t<\/div>\n\t\t<div class=\"elementor-element elementor-element-b902b3b e-con-full e-flex e-con e-child\" data-id=\"b902b3b\" data-element_type=\"container\">\n\t\t\t\t<div class=\"elementor-element elementor-element-8999204 elementor-widget elementor-widget-heading\" data-id=\"8999204\" data-element_type=\"widget\" data-widget_type=\"heading.default\">\n\t\t\t\t<div class=\"elementor-widget-container\">\n\t\t\t\t\t<h5 class=\"elementor-heading-title elementor-size-default\">Bireysel\/aileler i\u00e7in<\/h5>\t\t\t\t<\/div>\n\t\t\t\t<\/div>\n\t\t\t\t<\/div>\n\t\t\t\t<\/div>\n\t\t\t\t<\/div>\n\t\t<div class=\"elementor-element elementor-element-5b07d4d e-con-full e-flex e-con e-child\" data-id=\"5b07d4d\" data-element_type=\"container\">\n\t\t\t\t<div class=\"elementor-element elementor-element-b6a9fac elementor-align-center elementor-widget elementor-widget-button\" data-id=\"b6a9fac\" data-element_type=\"widget\" data-widget_type=\"button.default\">\n\t\t\t\t<div class=\"elementor-widget-container\">\n\t\t\t\t\t\t\t\t\t<div class=\"elementor-button-wrapper\">\n\t\t\t\t\t<a class=\"elementor-button elementor-button-link elementor-size-sm\" href=\"https:\/\/delyava.com\/tr\/contact-us\/\">\n\t\t\t\t\t\t<span class=\"elementor-button-content-wrapper\">\n\t\t\t\t\t\t\t\t\t<span class=\"elementor-button-text\">Bize Ula\u015f\u0131n<\/span>\n\t\t\t\t\t<\/span>\n\t\t\t\t\t<\/a>\n\t\t\t\t<\/div>\n\t\t\t\t\t\t\t\t<\/div>\n\t\t\t\t<\/div>\n\t\t\t\t<\/div>\n\t\t\t\t<\/div>\n\t\t\t\t<\/div>\n\t\t\t\t\t<\/div>\n\t\t\t\t<\/div>\n\t\t\t\t<\/div>","protected":false},"excerpt":{"rendered":"<p>Company Introduction Medical Aesthetic Machines DELYA Manufacturer In the field of medical aesthetics, where a large number of companies provide cutting-edge equipment for skin treatments and aesthetic-related procedures, DELYA, a leading manufacturer of high-quality medical aesthetics equipment, will take you on an in-depth tour of the DELYA factory, highlighting its key features and significant advantages. [&hellip;]<\/p>","protected":false},"author":2,"featured_media":0,"parent":0,"menu_order":0,"comment_status":"closed","ping_status":"closed","template":"","meta":{"_seopress_robots_primary_cat":"","_seopress_titles_title":"","_seopress_titles_desc":"","_seopress_robots_index":"","footnotes":""},"class_list":["post-842","page","type-page","status-publish","hentry"],"_links":{"self":[{"href":"https:\/\/delyava.com\/tr\/wp-json\/wp\/v2\/pages\/842","targetHints":{"allow":["GET"]}}],"collection":[{"href":"https:\/\/delyava.com\/tr\/wp-json\/wp\/v2\/pages"}],"about":[{"href":"https:\/\/delyava.com\/tr\/wp-json\/wp\/v2\/types\/page"}],"author":[{"embeddable":true,"href":"https:\/\/delyava.com\/tr\/wp-json\/wp\/v2\/users\/2"}],"replies":[{"embeddable":true,"href":"https:\/\/delyava.com\/tr\/wp-json\/wp\/v2\/comments?post=842"}],"version-history":[{"count":3,"href":"https:\/\/delyava.com\/tr\/wp-json\/wp\/v2\/pages\/842\/revisions"}],"predecessor-version":[{"id":15047,"href":"https:\/\/delyava.com\/tr\/wp-json\/wp\/v2\/pages\/842\/revisions\/15047"}],"wp:attachment":[{"href":"https:\/\/delyava.com\/tr\/wp-json\/wp\/v2\/media?parent=842"}],"curies":[{"name":"wp","href":"https:\/\/api.w.org\/{rel}","templated":true}]}}