{"id":3494,"date":"2024-08-23T16:23:45","date_gmt":"2024-08-23T08:23:45","guid":{"rendered":"https:\/\/delyava.com\/?page_id=3494"},"modified":"2025-03-28T11:28:34","modified_gmt":"2025-03-28T03:28:34","slug":"stable-fast-delivery","status":"publish","type":"page","link":"https:\/\/delyava.com\/tr\/stable-fast-delivery\/","title":{"rendered":"\u0130stikrarl\u0131 ve H\u0131zl\u0131 Teslimat"},"content":{"rendered":"<div data-elementor-type=\"wp-page\" data-elementor-id=\"3494\" class=\"elementor elementor-3494\" data-elementor-post-type=\"page\">\n\t\t\t\t<div class=\"elementor-element elementor-element-64e5229 e-flex e-con-boxed e-con e-parent\" data-id=\"64e5229\" data-element_type=\"container\">\n\t\t\t\t\t<div class=\"e-con-inner\">\n\t\t<div class=\"elementor-element elementor-element-9f70ac8 e-con-full e-flex e-con e-child\" data-id=\"9f70ac8\" data-element_type=\"container\" data-settings=\"{&quot;background_background&quot;:&quot;classic&quot;}\">\n\t\t<div class=\"elementor-element elementor-element-a8b9791 e-con-full e-flex e-con e-child\" data-id=\"a8b9791\" data-element_type=\"container\">\n\t\t\t\t<div class=\"elementor-element elementor-element-6693d2a elementor-widget elementor-widget-heading\" data-id=\"6693d2a\" data-element_type=\"widget\" data-widget_type=\"heading.default\">\n\t\t\t\t<div class=\"elementor-widget-container\">\n\t\t\t\t\t<h1 class=\"elementor-heading-title elementor-size-default\">\u0130stikrarl\u0131 ve H\u0131zl\u0131 Teslimat<\/h1>\t\t\t\t<\/div>\n\t\t\t\t<\/div>\n\t\t\t\t<\/div>\n\t\t\t\t<\/div>\n\t\t\t\t\t<\/div>\n\t\t\t\t<\/div>\n\t\t<div class=\"elementor-element elementor-element-aa37d59 e-flex e-con-boxed e-con e-parent\" data-id=\"aa37d59\" data-element_type=\"container\">\n\t\t\t\t\t<div class=\"e-con-inner\">\n\t\t<div class=\"elementor-element elementor-element-f1756e8 e-con-full e-flex e-con e-child\" data-id=\"f1756e8\" data-element_type=\"container\">\n\t\t<div class=\"elementor-element elementor-element-9976c6e e-con-full e-flex e-con e-child\" data-id=\"9976c6e\" data-element_type=\"container\">\n\t\t\t\t<div class=\"elementor-element elementor-element-72a06a3 elementor-widget elementor-widget-heading\" data-id=\"72a06a3\" data-element_type=\"widget\" data-widget_type=\"heading.default\">\n\t\t\t\t<div class=\"elementor-widget-container\">\n\t\t\t\t\t<h4 class=\"elementor-heading-title elementor-size-default\">G\u00fc\u00e7l\u00fc bir tedarik zinciriyle i\u015finizi b\u00fcy\u00fct\u00fcn<\/h4>\t\t\t\t<\/div>\n\t\t\t\t<\/div>\n\t\t\t\t<div class=\"elementor-element elementor-element-bc0a90a elementor-widget elementor-widget-text-editor\" data-id=\"bc0a90a\" data-element_type=\"widget\" data-widget_type=\"text-editor.default\">\n\t\t\t\t<div class=\"elementor-widget-container\">\n\t\t\t\t\t\t\t\t\tDelya, g\u00fczellik ekipmanlar\u0131 alan\u0131nda k\u00f6kl\u00fcd\u00fcr ve g\u00fc\u00e7l\u00fc bir tedarik zinciri kurmu\u015ftur. Delya, en iyi ham madde tedarik\u00e7ileriyle i\u015fbirli\u011fi yapar ve t\u0131bbi s\u0131n\u0131f silikon gibi y\u00fcksek kaliteli malzemeler sunar; ayr\u0131ca deneyimli d\u00f6k\u00fcmhanelerle i\u015fbirli\u011fi yapar ve uluslararas\u0131 \u00fcretim standartlar\u0131na s\u0131k\u0131 s\u0131k\u0131ya ba\u011fl\u0131d\u0131r. Tedarik zinciri entegrasyonunun avantaj\u0131yla Delya, toptanc\u0131lar ve markalar i\u00e7in pazar\u0131 ele ge\u00e7irmenize yard\u0131mc\u0131 olmak \u00fczere ekipmanlar\u0131 \u00f6zelle\u015ftirir.\t\t\t\t\t\t\t\t<\/div>\n\t\t\t\t<\/div>\n\t\t\t\t<\/div>\n\t\t<div class=\"elementor-element elementor-element-decbc82 e-con-full e-flex e-con e-child\" data-id=\"decbc82\" data-element_type=\"container\">\n\t\t\t\t<div class=\"elementor-element elementor-element-25c27a8 elementor-widget elementor-widget-image\" data-id=\"25c27a8\" data-element_type=\"widget\" data-widget_type=\"image.default\">\n\t\t\t\t<div class=\"elementor-widget-container\">\n\t\t\t\t\t\t\t\t\t\t\t\t\t\t\t<img fetchpriority=\"high\" decoding=\"async\" width=\"800\" height=\"638\" src=\"https:\/\/delyava.com\/wp-content\/uploads\/2024\/08\/53ff2cd33665561cc6cc7b27499bdb70-1-1024x817.jpeg\" class=\"attachment-large size-large wp-image-2863\" alt=\"G\u00fc\u00e7l\u00fc bir tedarik zinciriyle i\u015finizi b\u00fcy\u00fct\u00fcn\" srcset=\"https:\/\/delyava.com\/wp-content\/uploads\/2024\/08\/53ff2cd33665561cc6cc7b27499bdb70-1-1024x817.jpeg 1024w, https:\/\/delyava.com\/wp-content\/uploads\/2024\/08\/53ff2cd33665561cc6cc7b27499bdb70-1-300x239.jpeg 300w, https:\/\/delyava.com\/wp-content\/uploads\/2024\/08\/53ff2cd33665561cc6cc7b27499bdb70-1-768x612.jpeg 768w, https:\/\/delyava.com\/wp-content\/uploads\/2024\/08\/53ff2cd33665561cc6cc7b27499bdb70-1-1536x1225.jpeg 1536w, https:\/\/delyava.com\/wp-content\/uploads\/2024\/08\/53ff2cd33665561cc6cc7b27499bdb70-1-2048x1633.jpeg 2048w, https:\/\/delyava.com\/wp-content\/uploads\/2024\/08\/53ff2cd33665561cc6cc7b27499bdb70-1-600x478.jpeg 600w\" sizes=\"(max-width: 800px) 100vw, 800px\" \/>\t\t\t\t\t\t\t\t\t\t\t\t\t\t\t<\/div>\n\t\t\t\t<\/div>\n\t\t\t\t<\/div>\n\t\t\t\t<\/div>\n\t\t\t\t\t<\/div>\n\t\t\t\t<\/div>\n\t\t<div class=\"elementor-element elementor-element-7ca730c e-flex e-con-boxed e-con e-parent\" data-id=\"7ca730c\" data-element_type=\"container\">\n\t\t\t\t\t<div class=\"e-con-inner\">\n\t\t<div class=\"elementor-element elementor-element-4c5f5f0 e-con-full e-flex e-con e-child\" data-id=\"4c5f5f0\" data-element_type=\"container\">\n\t\t<div class=\"elementor-element elementor-element-65dc3d3 e-con-full e-flex e-con e-child\" data-id=\"65dc3d3\" data-element_type=\"container\">\n\t\t\t\t<div class=\"elementor-element elementor-element-13a1de7 elementor-view-default elementor-widget elementor-widget-icon\" data-id=\"13a1de7\" data-element_type=\"widget\" data-widget_type=\"icon.default\">\n\t\t\t\t<div class=\"elementor-widget-container\">\n\t\t\t\t\t\t\t<div class=\"elementor-icon-wrapper\">\n\t\t\t<div class=\"elementor-icon\">\n\t\t\t<svg aria-hidden=\"true\" class=\"e-font-icon-svg e-fab-sketch\" viewbox=\"0 0 512 512\" xmlns=\"http:\/\/www.w3.org\/2000\/svg\"><path d=\"M27.5 162.2L9 187.1h90.5l6.9-130.7-78.9 105.8zM396.3 45.7L267.7 32l135.7 147.2-7.1-133.5zM112.2 218.3l-11.2-22H9.9L234.8 458zm2-31.2h284l-81.5-88.5L256.3 33zm297.3 9.1L277.6 458l224.8-261.7h-90.9zM415.4 69L406 56.4l.9 17.3 6.1 113.4h90.3zM113.5 93.5l-4.6 85.6L244.7 32 116.1 45.7zm287.7 102.7h-290l42.4 82.9L256.3 480l144.9-283.8z\"><\/path><\/svg>\t\t\t<\/div>\n\t\t<\/div>\n\t\t\t\t\t\t<\/div>\n\t\t\t\t<\/div>\n\t\t\t\t<div class=\"elementor-element elementor-element-c8118b7 elementor-widget elementor-widget-heading\" data-id=\"c8118b7\" data-element_type=\"widget\" data-widget_type=\"heading.default\">\n\t\t\t\t<div class=\"elementor-widget-container\">\n\t\t\t\t\t<h3 class=\"elementor-heading-title elementor-size-default\">7 g\u00fcn i\u00e7inde teslim edilir<\/h3>\t\t\t\t<\/div>\n\t\t\t\t<\/div>\n\t\t\t\t<div class=\"elementor-element elementor-element-84aacab elementor-widget elementor-widget-text-editor\" data-id=\"84aacab\" data-element_type=\"widget\" data-widget_type=\"text-editor.default\">\n\t\t\t\t<div class=\"elementor-widget-container\">\n\t\t\t\t\t\t\t\t\t\u00dcretimin kontrol alt\u0131nda oldu\u011fundan emin olmak i\u00e7in geni\u015f bir hammadde yelpazesine ve kendi fabrikalar\u0131m\u0131za sahibiz. D\u00fczenli sipari\u015fler 7 g\u00fcn i\u00e7inde teslim edilir, b\u00f6ylece pazar f\u0131rsat\u0131n\u0131z\u0131 ka\u00e7\u0131rmazs\u0131n\u0131z.\t\t\t\t\t\t\t\t<\/div>\n\t\t\t\t<\/div>\n\t\t\t\t<\/div>\n\t\t<div class=\"elementor-element elementor-element-5ea9702 e-con-full e-flex e-con e-child\" data-id=\"5ea9702\" data-element_type=\"container\">\n\t\t\t\t<div class=\"elementor-element elementor-element-7713bf5 elementor-view-default elementor-widget elementor-widget-icon\" data-id=\"7713bf5\" data-element_type=\"widget\" data-widget_type=\"icon.default\">\n\t\t\t\t<div class=\"elementor-widget-container\">\n\t\t\t\t\t\t\t<div class=\"elementor-icon-wrapper\">\n\t\t\t<div class=\"elementor-icon\">\n\t\t\t<svg aria-hidden=\"true\" class=\"e-font-icon-svg e-fab-sketch\" viewbox=\"0 0 512 512\" xmlns=\"http:\/\/www.w3.org\/2000\/svg\"><path d=\"M27.5 162.2L9 187.1h90.5l6.9-130.7-78.9 105.8zM396.3 45.7L267.7 32l135.7 147.2-7.1-133.5zM112.2 218.3l-11.2-22H9.9L234.8 458zm2-31.2h284l-81.5-88.5L256.3 33zm297.3 9.1L277.6 458l224.8-261.7h-90.9zM415.4 69L406 56.4l.9 17.3 6.1 113.4h90.3zM113.5 93.5l-4.6 85.6L244.7 32 116.1 45.7zm287.7 102.7h-290l42.4 82.9L256.3 480l144.9-283.8z\"><\/path><\/svg>\t\t\t<\/div>\n\t\t<\/div>\n\t\t\t\t\t\t<\/div>\n\t\t\t\t<\/div>\n\t\t\t\t<div class=\"elementor-element elementor-element-70e7bcb elementor-widget elementor-widget-heading\" data-id=\"70e7bcb\" data-element_type=\"widget\" data-widget_type=\"heading.default\">\n\t\t\t\t<div class=\"elementor-widget-container\">\n\t\t\t\t\t<h3 class=\"elementor-heading-title elementor-size-default\">Acil sipari\u015fler 24 saat i\u00e7inde kargoya verilir<\/h3>\t\t\t\t<\/div>\n\t\t\t\t<\/div>\n\t\t\t\t<div class=\"elementor-element elementor-element-fc59e1c elementor-widget elementor-widget-text-editor\" data-id=\"fc59e1c\" data-element_type=\"widget\" data-widget_type=\"text-editor.default\">\n\t\t\t\t<div class=\"elementor-widget-container\">\n\t\t\t\t\t\t\t\t\tAcilen ekipmana m\u0131 ihtiyac\u0131n\u0131z var? Sizi d\u00fc\u015f\u00fcnd\u00fck. Minimum sipari\u015f miktar\u0131 olmadan, acil ihtiya\u00e7lar\u0131n\u0131z\u0131 kar\u015f\u0131lamak i\u00e7in h\u0131zland\u0131r\u0131lm\u0131\u015f sipari\u015fler 24 saat i\u00e7inde g\u00f6nderilir.\t\t\t\t\t\t\t\t<\/div>\n\t\t\t\t<\/div>\n\t\t\t\t<\/div>\n\t\t<div class=\"elementor-element elementor-element-a9a025d e-con-full e-flex e-con e-child\" data-id=\"a9a025d\" data-element_type=\"container\">\n\t\t\t\t<div class=\"elementor-element elementor-element-2458ace elementor-view-default elementor-widget elementor-widget-icon\" data-id=\"2458ace\" data-element_type=\"widget\" data-widget_type=\"icon.default\">\n\t\t\t\t<div class=\"elementor-widget-container\">\n\t\t\t\t\t\t\t<div class=\"elementor-icon-wrapper\">\n\t\t\t<div class=\"elementor-icon\">\n\t\t\t<svg aria-hidden=\"true\" class=\"e-font-icon-svg e-fab-sketch\" viewbox=\"0 0 512 512\" xmlns=\"http:\/\/www.w3.org\/2000\/svg\"><path d=\"M27.5 162.2L9 187.1h90.5l6.9-130.7-78.9 105.8zM396.3 45.7L267.7 32l135.7 147.2-7.1-133.5zM112.2 218.3l-11.2-22H9.9L234.8 458zm2-31.2h284l-81.5-88.5L256.3 33zm297.3 9.1L277.6 458l224.8-261.7h-90.9zM415.4 69L406 56.4l.9 17.3 6.1 113.4h90.3zM113.5 93.5l-4.6 85.6L244.7 32 116.1 45.7zm287.7 102.7h-290l42.4 82.9L256.3 480l144.9-283.8z\"><\/path><\/svg>\t\t\t<\/div>\n\t\t<\/div>\n\t\t\t\t\t\t<\/div>\n\t\t\t\t<\/div>\n\t\t\t\t<div class=\"elementor-element elementor-element-23c88d5 elementor-widget elementor-widget-heading\" data-id=\"23c88d5\" data-element_type=\"widget\" data-widget_type=\"heading.default\">\n\t\t\t\t<div class=\"elementor-widget-container\">\n\t\t\t\t\t<h3 class=\"elementor-heading-title elementor-size-default\">Toplu sipari\u015fler 30 g\u00fcnde tamamlan\u0131r<\/h3>\t\t\t\t<\/div>\n\t\t\t\t<\/div>\n\t\t\t\t<div class=\"elementor-element elementor-element-4cd3ac9 elementor-widget elementor-widget-text-editor\" data-id=\"4cd3ac9\" data-element_type=\"widget\" data-widget_type=\"text-editor.default\">\n\t\t\t\t<div class=\"elementor-widget-container\">\n\t\t\t\t\t\t\t\t\tG\u00fc\u00e7l\u00fc \u00fcretim kapasitemiz ve tedarik zinciri sistemimizle, toplu olarak \u00f6zelle\u015ftirilmi\u015f sipari\u015flerde 30 g\u00fcn i\u00e7inde zaman\u0131nda teslimat s\u00f6z\u00fc veriyoruz.\t\t\t\t\t\t\t\t<\/div>\n\t\t\t\t<\/div>\n\t\t\t\t<\/div>\n\t\t<div class=\"elementor-element elementor-element-3899baa e-con-full e-flex e-con e-child\" data-id=\"3899baa\" data-element_type=\"container\">\n\t\t\t\t<div class=\"elementor-element elementor-element-88aabdf elementor-view-default elementor-widget elementor-widget-icon\" data-id=\"88aabdf\" data-element_type=\"widget\" data-widget_type=\"icon.default\">\n\t\t\t\t<div class=\"elementor-widget-container\">\n\t\t\t\t\t\t\t<div class=\"elementor-icon-wrapper\">\n\t\t\t<div class=\"elementor-icon\">\n\t\t\t<svg aria-hidden=\"true\" class=\"e-font-icon-svg e-fab-sketch\" viewbox=\"0 0 512 512\" xmlns=\"http:\/\/www.w3.org\/2000\/svg\"><path d=\"M27.5 162.2L9 187.1h90.5l6.9-130.7-78.9 105.8zM396.3 45.7L267.7 32l135.7 147.2-7.1-133.5zM112.2 218.3l-11.2-22H9.9L234.8 458zm2-31.2h284l-81.5-88.5L256.3 33zm297.3 9.1L277.6 458l224.8-261.7h-90.9zM415.4 69L406 56.4l.9 17.3 6.1 113.4h90.3zM113.5 93.5l-4.6 85.6L244.7 32 116.1 45.7zm287.7 102.7h-290l42.4 82.9L256.3 480l144.9-283.8z\"><\/path><\/svg>\t\t\t<\/div>\n\t\t<\/div>\n\t\t\t\t\t\t<\/div>\n\t\t\t\t<\/div>\n\t\t\t\t<div class=\"elementor-element elementor-element-f934ae9 elementor-widget elementor-widget-heading\" data-id=\"f934ae9\" data-element_type=\"widget\" data-widget_type=\"heading.default\">\n\t\t\t\t<div class=\"elementor-widget-container\">\n\t\t\t\t\t<h3 class=\"elementor-heading-title elementor-size-default\">Minimum sipari\u015f miktar\u0131: 1 adet<\/h3>\t\t\t\t<\/div>\n\t\t\t\t<\/div>\n\t\t\t\t<div class=\"elementor-element elementor-element-0d2ff8f elementor-widget elementor-widget-text-editor\" data-id=\"0d2ff8f\" data-element_type=\"widget\" data-widget_type=\"text-editor.default\">\n\t\t\t\t<div class=\"elementor-widget-container\">\n\t\t\t\t\t\t\t\t\tDahili fabrikam\u0131za g\u00fcvenerek h\u0131zl\u0131 ve esnek bir \u015fekilde \u00f6zelle\u015ftirebiliriz. 1 kadar d\u00fc\u015f\u00fck minimum sipari\u015f miktar\u0131yla k\u00fc\u00e7\u00fck sipari\u015flere h\u0131zl\u0131 bir \u015fekilde yan\u0131t verebiliriz.\t\t\t\t\t\t\t\t<\/div>\n\t\t\t\t<\/div>\n\t\t\t\t<\/div>\n\t\t\t\t<\/div>\n\t\t\t\t\t<\/div>\n\t\t\t\t<\/div>\n\t\t<div class=\"elementor-element elementor-element-f75bcb5 e-flex e-con-boxed e-con e-parent\" data-id=\"f75bcb5\" data-element_type=\"container\">\n\t\t\t\t\t<div class=\"e-con-inner\">\n\t\t<div class=\"elementor-element elementor-element-34872aa e-con-full e-flex e-con e-child\" data-id=\"34872aa\" data-element_type=\"container\">\n\t\t<div class=\"elementor-element elementor-element-a166bc0 e-con-full e-flex e-con e-child\" data-id=\"a166bc0\" data-element_type=\"container\">\n\t\t\t\t<div class=\"elementor-element elementor-element-bbbec05 elementor-widget elementor-widget-image\" data-id=\"bbbec05\" data-element_type=\"widget\" data-widget_type=\"image.default\">\n\t\t\t\t<div class=\"elementor-widget-container\">\n\t\t\t\t\t\t\t\t\t\t\t\t\t\t\t<img decoding=\"async\" width=\"800\" height=\"450\" src=\"https:\/\/delyava.com\/wp-content\/uploads\/2024\/08\/16635f0d-623c-4cd2-947d-4a1f8b09b7c6-1024x576.jpg\" class=\"attachment-large size-large wp-image-2870\" alt=\"yurtd\u0131\u015f\u0131 depo\" srcset=\"https:\/\/delyava.com\/wp-content\/uploads\/2024\/08\/16635f0d-623c-4cd2-947d-4a1f8b09b7c6-1024x576.jpg 1024w, https:\/\/delyava.com\/wp-content\/uploads\/2024\/08\/16635f0d-623c-4cd2-947d-4a1f8b09b7c6-300x169.jpg 300w, https:\/\/delyava.com\/wp-content\/uploads\/2024\/08\/16635f0d-623c-4cd2-947d-4a1f8b09b7c6-768x432.jpg 768w, https:\/\/delyava.com\/wp-content\/uploads\/2024\/08\/16635f0d-623c-4cd2-947d-4a1f8b09b7c6-1536x864.jpg 1536w, https:\/\/delyava.com\/wp-content\/uploads\/2024\/08\/16635f0d-623c-4cd2-947d-4a1f8b09b7c6-2048x1152.jpg 2048w, https:\/\/delyava.com\/wp-content\/uploads\/2024\/08\/16635f0d-623c-4cd2-947d-4a1f8b09b7c6-600x338.jpg 600w\" sizes=\"(max-width: 800px) 100vw, 800px\" \/>\t\t\t\t\t\t\t\t\t\t\t\t\t\t\t<\/div>\n\t\t\t\t<\/div>\n\t\t\t\t<\/div>\n\t\t<div class=\"elementor-element elementor-element-b8ba01d e-con-full e-flex e-con e-child\" data-id=\"b8ba01d\" data-element_type=\"container\">\n\t\t\t\t<div class=\"elementor-element elementor-element-01bfce5 elementor-widget elementor-widget-heading\" data-id=\"01bfce5\" data-element_type=\"widget\" data-widget_type=\"heading.default\">\n\t\t\t\t<div class=\"elementor-widget-container\">\n\t\t\t\t\t<h4 class=\"elementor-heading-title elementor-size-default\">Yurtd\u0131\u015f\u0131 Depo<\/h4>\t\t\t\t<\/div>\n\t\t\t\t<\/div>\n\t\t\t\t<div class=\"elementor-element elementor-element-a57dee3 elementor-widget elementor-widget-text-editor\" data-id=\"a57dee3\" data-element_type=\"widget\" data-widget_type=\"text-editor.default\">\n\t\t\t\t<div class=\"elementor-widget-container\">\n\t\t\t\t\t\t\t\t\t<p>D\u00fcnyan\u0131n d\u00f6rt bir yan\u0131ndaki m\u00fc\u015fterilerimize sundu\u011fumuz hizmet seviyesini optimize etmek i\u00e7in, deniza\u015f\u0131r\u0131 depolar kurmaya haz\u0131rlan\u0131yoruz. Bu a\u015famada, ABD&#039;de depolar\u0131 ba\u015far\u0131yla kurduk ve bu sayede bir\u00e7ok deniza\u015f\u0131r\u0131 m\u00fc\u015fterinin ihtiya\u00e7lar\u0131na daha h\u0131zl\u0131 yan\u0131t verebildik ve kar\u015f\u0131layabildik.<\/p>\t\t\t\t\t\t\t\t<\/div>\n\t\t\t\t<\/div>\n\t\t\t\t<\/div>\n\t\t\t\t<\/div>\n\t\t\t\t\t<\/div>\n\t\t\t\t<\/div>\n\t\t<div class=\"elementor-element elementor-element-4111e6e e-flex e-con-boxed e-con e-parent\" data-id=\"4111e6e\" data-element_type=\"container\">\n\t\t\t\t\t<div class=\"e-con-inner\">\n\t\t<div class=\"elementor-element elementor-element-8647bdc e-con-full e-flex e-con e-child\" data-id=\"8647bdc\" data-element_type=\"container\">\n\t\t<div class=\"elementor-element elementor-element-b446022 e-con-full e-flex e-con e-child\" data-id=\"b446022\" data-element_type=\"container\">\n\t\t\t\t<div class=\"elementor-element elementor-element-3fc8501 elementor-widget elementor-widget-heading\" data-id=\"3fc8501\" data-element_type=\"widget\" data-widget_type=\"heading.default\">\n\t\t\t\t<div class=\"elementor-widget-container\">\n\t\t\t\t\t<h4 class=\"elementor-heading-title elementor-size-default\">G\u00fcvenilir Lojistik<\/h4>\t\t\t\t<\/div>\n\t\t\t\t<\/div>\n\t\t\t\t<div class=\"elementor-element elementor-element-ab6fcc4 elementor-widget elementor-widget-text-editor\" data-id=\"ab6fcc4\" data-element_type=\"widget\" data-widget_type=\"text-editor.default\">\n\t\t\t\t<div class=\"elementor-widget-container\">\n\t\t\t\t\t\t\t\t\t<p>Ayr\u0131ca b\u00fcy\u00fck nakliye firmalar\u0131 ile sa\u011flam ili\u015fkiler kurduk. Bir sipari\u015f g\u00f6nderildikten sonra bile ekibimiz t\u00fcm s\u00fcre\u00e7 boyunca onu yak\u0131ndan takip edecektir. G\u00f6nderinizin var\u0131\u015f noktas\u0131na g\u00fcvenli ve emniyetli bir \u015fekilde ula\u015faca\u011f\u0131ndan emin olabilirsiniz.<\/p>\t\t\t\t\t\t\t\t<\/div>\n\t\t\t\t<\/div>\n\t\t\t\t<\/div>\n\t\t<div class=\"elementor-element elementor-element-9ae4ca1 e-con-full e-flex e-con e-child\" data-id=\"9ae4ca1\" data-element_type=\"container\">\n\t\t\t\t<div class=\"elementor-element elementor-element-c772efe elementor-widget elementor-widget-image\" data-id=\"c772efe\" data-element_type=\"widget\" data-widget_type=\"image.default\">\n\t\t\t\t<div class=\"elementor-widget-container\">\n\t\t\t\t\t\t\t\t\t\t\t\t\t\t\t<img decoding=\"async\" width=\"800\" height=\"438\" src=\"https:\/\/delyava.com\/wp-content\/uploads\/2024\/08\/2fac15663ba80e8f89624cce26257055-1024x561.jpeg\" class=\"attachment-large size-large wp-image-2893\" alt=\"G\u00fcvenilir Lojistik\" srcset=\"https:\/\/delyava.com\/wp-content\/uploads\/2024\/08\/2fac15663ba80e8f89624cce26257055-1024x561.jpeg 1024w, https:\/\/delyava.com\/wp-content\/uploads\/2024\/08\/2fac15663ba80e8f89624cce26257055-300x164.jpeg 300w, https:\/\/delyava.com\/wp-content\/uploads\/2024\/08\/2fac15663ba80e8f89624cce26257055-768x421.jpeg 768w, https:\/\/delyava.com\/wp-content\/uploads\/2024\/08\/2fac15663ba80e8f89624cce26257055-1536x842.jpeg 1536w, https:\/\/delyava.com\/wp-content\/uploads\/2024\/08\/2fac15663ba80e8f89624cce26257055-2048x1123.jpeg 2048w, https:\/\/delyava.com\/wp-content\/uploads\/2024\/08\/2fac15663ba80e8f89624cce26257055-600x329.jpeg 600w\" sizes=\"(max-width: 800px) 100vw, 800px\" \/>\t\t\t\t\t\t\t\t\t\t\t\t\t\t\t<\/div>\n\t\t\t\t<\/div>\n\t\t\t\t<\/div>\n\t\t\t\t<\/div>\n\t\t\t\t\t<\/div>\n\t\t\t\t<\/div>\n\t\t<div class=\"elementor-element elementor-element-84ec914 e-flex e-con-boxed e-con e-parent\" data-id=\"84ec914\" data-element_type=\"container\">\n\t\t\t\t\t<div class=\"e-con-inner\">\n\t\t<div class=\"elementor-element elementor-element-364d436 e-con-full e-flex e-con e-child\" data-id=\"364d436\" data-element_type=\"container\">\n\t\t<div class=\"elementor-element elementor-element-40bf2ce e-con-full e-flex e-con e-child\" data-id=\"40bf2ce\" data-element_type=\"container\">\n\t\t\t\t<div class=\"elementor-element elementor-element-8254ade elementor-widget elementor-widget-heading\" data-id=\"8254ade\" data-element_type=\"widget\" data-widget_type=\"heading.default\">\n\t\t\t\t<div class=\"elementor-widget-container\">\n\t\t\t\t\t<h2 class=\"elementor-heading-title elementor-size-default\">G\u00fczellik i\u015fletmenizin geli\u015fmesine yard\u0131mc\u0131 olmak i\u00e7in Delya teknolojisini bir motor olarak kullan\u0131n.<\/h2>\t\t\t\t<\/div>\n\t\t\t\t<\/div>\n\t\t<div class=\"elementor-element elementor-element-146523a e-con-full e-flex e-con e-child\" data-id=\"146523a\" data-element_type=\"container\">\n\t\t<div class=\"elementor-element elementor-element-48090db e-con-full e-flex e-con e-child\" data-id=\"48090db\" data-element_type=\"container\">\n\t\t\t\t<div class=\"elementor-element elementor-element-bb01e7c elementor-widget elementor-widget-heading\" data-id=\"bb01e7c\" data-element_type=\"widget\" data-widget_type=\"heading.default\">\n\t\t\t\t<div class=\"elementor-widget-container\">\n\t\t\t\t\t<h5 class=\"elementor-heading-title elementor-size-default\">Marka Sahipleri\/Toptanc\u0131lar\/Tacirler i\u00e7in<\/h5>\t\t\t\t<\/div>\n\t\t\t\t<\/div>\n\t\t\t\t<\/div>\n\t\t<div class=\"elementor-element elementor-element-e8ba763 e-con-full e-flex e-con e-child\" data-id=\"e8ba763\" data-element_type=\"container\">\n\t\t\t\t<div class=\"elementor-element elementor-element-fc00b35 elementor-widget elementor-widget-heading\" data-id=\"fc00b35\" data-element_type=\"widget\" data-widget_type=\"heading.default\">\n\t\t\t\t<div class=\"elementor-widget-container\">\n\t\t\t\t\t<h5 class=\"elementor-heading-title elementor-size-default\">Cilt \u00dcr\u00fcnleri \u015eirketleri \u0130\u00e7in<\/h5>\t\t\t\t<\/div>\n\t\t\t\t<\/div>\n\t\t\t\t<\/div>\n\t\t<div class=\"elementor-element elementor-element-bdc7755 e-con-full e-flex e-con e-child\" data-id=\"bdc7755\" data-element_type=\"container\">\n\t\t\t\t<div class=\"elementor-element elementor-element-d94e893 elementor-widget elementor-widget-heading\" data-id=\"d94e893\" data-element_type=\"widget\" data-widget_type=\"heading.default\">\n\t\t\t\t<div class=\"elementor-widget-container\">\n\t\t\t\t\t<h5 class=\"elementor-heading-title elementor-size-default\">G\u00fczellik Salonlar\u0131\/Klinikler\/Spor Salonlar\u0131 i\u00e7in<\/h5>\t\t\t\t<\/div>\n\t\t\t\t<\/div>\n\t\t\t\t<\/div>\n\t\t<div class=\"elementor-element elementor-element-00df4ec e-con-full e-flex e-con e-child\" data-id=\"00df4ec\" data-element_type=\"container\">\n\t\t\t\t<div class=\"elementor-element elementor-element-12f1a19 elementor-widget elementor-widget-heading\" data-id=\"12f1a19\" data-element_type=\"widget\" data-widget_type=\"heading.default\">\n\t\t\t\t<div class=\"elementor-widget-container\">\n\t\t\t\t\t<h5 class=\"elementor-heading-title elementor-size-default\">Bireysel\/aileler i\u00e7in<\/h5>\t\t\t\t<\/div>\n\t\t\t\t<\/div>\n\t\t\t\t<\/div>\n\t\t\t\t<\/div>\n\t\t\t\t<\/div>\n\t\t<div class=\"elementor-element elementor-element-a6ee4b6 e-con-full e-flex e-con e-child\" data-id=\"a6ee4b6\" data-element_type=\"container\">\n\t\t\t\t<div class=\"elementor-element elementor-element-8b9fa87 elementor-align-center elementor-widget elementor-widget-button\" data-id=\"8b9fa87\" data-element_type=\"widget\" data-widget_type=\"button.default\">\n\t\t\t\t<div class=\"elementor-widget-container\">\n\t\t\t\t\t\t\t\t\t<div class=\"elementor-button-wrapper\">\n\t\t\t\t\t<a class=\"elementor-button elementor-button-link elementor-size-sm\" href=\"https:\/\/delyava.com\/tr\/contact-us\/\">\n\t\t\t\t\t\t<span class=\"elementor-button-content-wrapper\">\n\t\t\t\t\t\t\t\t\t<span class=\"elementor-button-text\">Bize Ula\u015f\u0131n<\/span>\n\t\t\t\t\t<\/span>\n\t\t\t\t\t<\/a>\n\t\t\t\t<\/div>\n\t\t\t\t\t\t\t\t<\/div>\n\t\t\t\t<\/div>\n\t\t\t\t<\/div>\n\t\t\t\t<\/div>\n\t\t\t\t\t<\/div>\n\t\t\t\t<\/div>\n\t\t\t\t<\/div>","protected":false},"excerpt":{"rendered":"<p>Stable &amp; Rapid Delivery Growing your business with a strong supply chain Delya is rooted in the field of beauty equipment and has built up a strong supply chain. Delya cooperates with top raw material suppliers and introduces high-quality materials such as medical-grade silicone; it also cooperates with experienced foundries and strictly adheres to international [&hellip;]<\/p>","protected":false},"author":2,"featured_media":0,"parent":0,"menu_order":0,"comment_status":"closed","ping_status":"closed","template":"","meta":{"_seopress_robots_primary_cat":"","_seopress_titles_title":"","_seopress_titles_desc":"","_seopress_robots_index":"","footnotes":""},"class_list":["post-3494","page","type-page","status-publish","hentry"],"_links":{"self":[{"href":"https:\/\/delyava.com\/tr\/wp-json\/wp\/v2\/pages\/3494","targetHints":{"allow":["GET"]}}],"collection":[{"href":"https:\/\/delyava.com\/tr\/wp-json\/wp\/v2\/pages"}],"about":[{"href":"https:\/\/delyava.com\/tr\/wp-json\/wp\/v2\/types\/page"}],"author":[{"embeddable":true,"href":"https:\/\/delyava.com\/tr\/wp-json\/wp\/v2\/users\/2"}],"replies":[{"embeddable":true,"href":"https:\/\/delyava.com\/tr\/wp-json\/wp\/v2\/comments?post=3494"}],"version-history":[{"count":12,"href":"https:\/\/delyava.com\/tr\/wp-json\/wp\/v2\/pages\/3494\/revisions"}],"predecessor-version":[{"id":15327,"href":"https:\/\/delyava.com\/tr\/wp-json\/wp\/v2\/pages\/3494\/revisions\/15327"}],"wp:attachment":[{"href":"https:\/\/delyava.com\/tr\/wp-json\/wp\/v2\/media?parent=3494"}],"curies":[{"name":"wp","href":"https:\/\/api.w.org\/{rel}","templated":true}]}}