{"id":3490,"date":"2024-08-23T16:22:30","date_gmt":"2024-08-23T08:22:30","guid":{"rendered":"https:\/\/delyava.com\/?page_id=3490"},"modified":"2024-09-02T14:43:47","modified_gmt":"2024-09-02T06:43:47","slug":"strong-service-support","status":"publish","type":"page","link":"https:\/\/delyava.com\/tr\/strong-service-support\/","title":{"rendered":"G\u00fc\u00e7l\u00fc Servis Deste\u011fi"},"content":{"rendered":"<div data-elementor-type=\"wp-page\" data-elementor-id=\"3490\" class=\"elementor elementor-3490\" data-elementor-post-type=\"page\">\n\t\t\t\t<div class=\"elementor-element elementor-element-ef33025 e-flex e-con-boxed e-con e-parent\" data-id=\"ef33025\" data-element_type=\"container\">\n\t\t\t\t\t<div class=\"e-con-inner\">\n\t\t<div class=\"elementor-element elementor-element-f3c0aed e-con-full e-flex e-con e-child\" data-id=\"f3c0aed\" data-element_type=\"container\">\n\t\t<div class=\"elementor-element elementor-element-11418f2 e-con-full e-flex e-con e-child\" data-id=\"11418f2\" data-element_type=\"container\" data-settings=\"{&quot;background_background&quot;:&quot;classic&quot;}\">\n\t\t<div class=\"elementor-element elementor-element-dd4e8c7 e-con-full e-flex e-con e-child\" data-id=\"dd4e8c7\" data-element_type=\"container\">\n\t\t\t\t<div class=\"elementor-element elementor-element-b8cfece elementor-widget elementor-widget-heading\" data-id=\"b8cfece\" data-element_type=\"widget\" data-widget_type=\"heading.default\">\n\t\t\t\t<div class=\"elementor-widget-container\">\n\t\t\t\t\t<h1 class=\"elementor-heading-title elementor-size-default\">G\u00fc\u00e7l\u00fc Servis Deste\u011fi<\/h1>\t\t\t\t<\/div>\n\t\t\t\t<\/div>\n\t\t\t\t<\/div>\n\t\t\t\t<\/div>\n\t\t\t\t<\/div>\n\t\t\t\t\t<\/div>\n\t\t\t\t<\/div>\n\t\t<div class=\"elementor-element elementor-element-cbf2bdd e-flex e-con-boxed e-con e-parent\" data-id=\"cbf2bdd\" data-element_type=\"container\">\n\t\t\t\t\t<div class=\"e-con-inner\">\n\t\t<div class=\"elementor-element elementor-element-cbabf5e e-con-full e-flex e-con e-child\" data-id=\"cbabf5e\" data-element_type=\"container\">\n\t\t<div class=\"elementor-element elementor-element-9d214b4 e-con-full e-flex e-con e-child\" data-id=\"9d214b4\" data-element_type=\"container\">\n\t\t\t\t<div class=\"elementor-element elementor-element-a96f39f elementor-widget elementor-widget-heading\" data-id=\"a96f39f\" data-element_type=\"widget\" data-widget_type=\"heading.default\">\n\t\t\t\t<div class=\"elementor-widget-container\">\n\t\t\t\t\t<h4 class=\"elementor-heading-title elementor-size-default\">Sorulara h\u0131zl\u0131 ve profesyonel yan\u0131t<\/h4>\t\t\t\t<\/div>\n\t\t\t\t<\/div>\n\t\t\t\t<div class=\"elementor-element elementor-element-8224096 elementor-widget elementor-widget-text-editor\" data-id=\"8224096\" data-element_type=\"widget\" data-widget_type=\"text-editor.default\">\n\t\t\t\t<div class=\"elementor-widget-container\">\n\t\t\t\t\t\t\t\t\t<p>\u00c7a\u011fr\u0131n\u0131za yan\u0131t vermek i\u00e7in g\u00fcn\u00fcn 24 saati hizmetinizdeyiz. \u00c7ok \u00e7e\u015fitli estetik ekipman programlar\u0131nda kapsaml\u0131 deneyime sahip olan \u00fccretsiz dan\u0131\u015fmanl\u0131\u011f\u0131m\u0131z, markan\u0131z\u0131 veya i\u015fletmenizi b\u00fcy\u00fcme ve ba\u015far\u0131ya giden yolda y\u00f6nlendirmek i\u00e7in size de\u011ferli tavsiyeler ve yard\u0131m sa\u011flayabilir. \u0130stenilen tedavi sonucu, sat\u0131\u015f platformu, hedef kitle ve b\u00fct\u00e7eye g\u00f6re belirli uygulaman\u0131z i\u00e7in do\u011fru makine konusunda uzman tavsiyesi sa\u011fl\u0131yoruz.<\/p>\t\t\t\t\t\t\t\t<\/div>\n\t\t\t\t<\/div>\n\t\t\t\t<\/div>\n\t\t<div class=\"elementor-element elementor-element-0149ac5 e-con-full e-flex e-con e-child\" data-id=\"0149ac5\" data-element_type=\"container\">\n\t\t\t\t<div class=\"elementor-element elementor-element-8152da0 elementor-widget elementor-widget-image\" data-id=\"8152da0\" data-element_type=\"widget\" data-widget_type=\"image.default\">\n\t\t\t\t<div class=\"elementor-widget-container\">\n\t\t\t\t\t\t\t\t\t\t\t\t\t\t\t<img fetchpriority=\"high\" decoding=\"async\" width=\"800\" height=\"531\" src=\"https:\/\/delyava.com\/wp-content\/uploads\/2024\/08\/c4ea9c2d-94d3-444d-8494-8be9f508bfd1-1024x680.jpg\" class=\"attachment-large size-large wp-image-2747\" alt=\"Sorulara h\u0131zl\u0131 ve profesyonel yan\u0131t\" srcset=\"https:\/\/delyava.com\/wp-content\/uploads\/2024\/08\/c4ea9c2d-94d3-444d-8494-8be9f508bfd1-1024x680.jpg 1024w, https:\/\/delyava.com\/wp-content\/uploads\/2024\/08\/c4ea9c2d-94d3-444d-8494-8be9f508bfd1-300x199.jpg 300w, https:\/\/delyava.com\/wp-content\/uploads\/2024\/08\/c4ea9c2d-94d3-444d-8494-8be9f508bfd1-768x510.jpg 768w, https:\/\/delyava.com\/wp-content\/uploads\/2024\/08\/c4ea9c2d-94d3-444d-8494-8be9f508bfd1-1536x1020.jpg 1536w, https:\/\/delyava.com\/wp-content\/uploads\/2024\/08\/c4ea9c2d-94d3-444d-8494-8be9f508bfd1-2048x1360.jpg 2048w, https:\/\/delyava.com\/wp-content\/uploads\/2024\/08\/c4ea9c2d-94d3-444d-8494-8be9f508bfd1-600x398.jpg 600w\" sizes=\"(max-width: 800px) 100vw, 800px\" \/>\t\t\t\t\t\t\t\t\t\t\t\t\t\t\t<\/div>\n\t\t\t\t<\/div>\n\t\t\t\t<\/div>\n\t\t\t\t<\/div>\n\t\t<div class=\"elementor-element elementor-element-a279ded e-con-full e-flex e-con e-child\" data-id=\"a279ded\" data-element_type=\"container\">\n\t\t<div class=\"elementor-element elementor-element-b176d4b e-con-full e-flex e-con e-child\" data-id=\"b176d4b\" data-element_type=\"container\">\n\t\t\t\t<div class=\"elementor-element elementor-element-458e34a elementor-widget elementor-widget-image\" data-id=\"458e34a\" data-element_type=\"widget\" data-widget_type=\"image.default\">\n\t\t\t\t<div class=\"elementor-widget-container\">\n\t\t\t\t\t\t\t\t\t\t\t\t\t\t\t<img decoding=\"async\" width=\"800\" height=\"534\" src=\"https:\/\/delyava.com\/wp-content\/uploads\/2024\/08\/a9455cf9-aa3a-426c-9176-f55260fdbfd1-1024x683.jpg\" class=\"attachment-large size-large wp-image-2757\" alt=\"\u00d6zelle\u015ftirilmi\u015f projeleriniz i\u00e7in g\u00fc\u00e7l\u00fc bir destek\" srcset=\"https:\/\/delyava.com\/wp-content\/uploads\/2024\/08\/a9455cf9-aa3a-426c-9176-f55260fdbfd1-1024x683.jpg 1024w, https:\/\/delyava.com\/wp-content\/uploads\/2024\/08\/a9455cf9-aa3a-426c-9176-f55260fdbfd1-300x200.jpg 300w, https:\/\/delyava.com\/wp-content\/uploads\/2024\/08\/a9455cf9-aa3a-426c-9176-f55260fdbfd1-768x512.jpg 768w, https:\/\/delyava.com\/wp-content\/uploads\/2024\/08\/a9455cf9-aa3a-426c-9176-f55260fdbfd1-600x400.jpg 600w, https:\/\/delyava.com\/wp-content\/uploads\/2024\/08\/a9455cf9-aa3a-426c-9176-f55260fdbfd1.jpg 1536w\" sizes=\"(max-width: 800px) 100vw, 800px\" \/>\t\t\t\t\t\t\t\t\t\t\t\t\t\t\t<\/div>\n\t\t\t\t<\/div>\n\t\t\t\t<\/div>\n\t\t<div class=\"elementor-element elementor-element-82240ce e-con-full e-flex e-con e-child\" data-id=\"82240ce\" data-element_type=\"container\">\n\t\t\t\t<div class=\"elementor-element elementor-element-8a9ed69 elementor-widget elementor-widget-heading\" data-id=\"8a9ed69\" data-element_type=\"widget\" data-widget_type=\"heading.default\">\n\t\t\t\t<div class=\"elementor-widget-container\">\n\t\t\t\t\t<h4 class=\"elementor-heading-title elementor-size-default\">\u00d6zelle\u015ftirilmi\u015f projeleriniz i\u00e7in g\u00fc\u00e7l\u00fc bir destek<\/h4>\t\t\t\t<\/div>\n\t\t\t\t<\/div>\n\t\t\t\t<div class=\"elementor-element elementor-element-b8631d6 elementor-widget elementor-widget-text-editor\" data-id=\"b8631d6\" data-element_type=\"widget\" data-widget_type=\"text-editor.default\">\n\t\t\t\t<div class=\"elementor-widget-container\">\n\t\t\t\t\t\t\t\t\t<p>Profesyonel Ar-Ge ve tasar\u0131m ekibimiz \u00e7ok \u00e7e\u015fitli markalarla \u00e7al\u0131\u015fm\u0131\u015f olup s\u0131f\u0131rdan yeni g\u00fczellik ekipmanlar\u0131 geli\u015ftirmeyi veya mevcut marka tasar\u0131mlar\u0131n\u0131z\u0131 ger\u00e7ek \u00fcr\u00fcnlere d\u00f6n\u00fc\u015ft\u00fcrmeyi bilir. G\u00fc\u00e7l\u00fc \u00fcretim kapasitemiz ve k\u00f6kl\u00fc tedarik zincirimizle birle\u015fti\u011finde, size \u00fcst d\u00fczey g\u00fczellik ekipmanlar\u0131n\u0131n \u00f6zelle\u015ftirilmesi ve \u00fcretimi i\u00e7in tek elden bir \u00e7\u00f6z\u00fcm sunabiliriz.<\/p>\t\t\t\t\t\t\t\t<\/div>\n\t\t\t\t<\/div>\n\t\t\t\t<\/div>\n\t\t\t\t<\/div>\n\t\t<div class=\"elementor-element elementor-element-8404f79 e-con-full e-flex e-con e-child\" data-id=\"8404f79\" data-element_type=\"container\">\n\t\t<div class=\"elementor-element elementor-element-325c7a8 e-con-full e-flex e-con e-child\" data-id=\"325c7a8\" data-element_type=\"container\">\n\t\t\t\t<div class=\"elementor-element elementor-element-720ced8 elementor-widget elementor-widget-heading\" data-id=\"720ced8\" data-element_type=\"widget\" data-widget_type=\"heading.default\">\n\t\t\t\t<div class=\"elementor-widget-container\">\n\t\t\t\t\t<h4 class=\"elementor-heading-title elementor-size-default\">M\u00fckemmel sat\u0131\u015f sonras\u0131 garanti hizmeti<\/h4>\t\t\t\t<\/div>\n\t\t\t\t<\/div>\n\t\t\t\t<div class=\"elementor-element elementor-element-9fe97fb elementor-widget elementor-widget-text-editor\" data-id=\"9fe97fb\" data-element_type=\"widget\" data-widget_type=\"text-editor.default\">\n\t\t\t\t<div class=\"elementor-widget-container\">\n\t\t\t\t\t\t\t\t\t<p>Teslimat hizmetimizin sonu de\u011fildir. Sorununuzla ilgili bize geri bildirimde bulundu\u011funuzda, \u00f6zel teknik ekibimiz h\u0131zl\u0131 bir \u015fekilde yan\u0131t verecek ve sorunu \u00e7\u00f6zecektir. Size h\u0131zl\u0131 bir yan\u0131t vermeyi ve sorunun 12 saat i\u00e7inde \u00e7\u00f6z\u00fclmesini sa\u011flamay\u0131 taahh\u00fct ediyoruz.<\/p><ul><li>Ekipmanlar\u0131n a\u015f\u0131nma, y\u0131pranma veya ar\u0131zalanmas\u0131na an\u0131nda m\u00fcdahale edebilmek i\u00e7in yeterli yedek par\u00e7a stokumuz mevcuttur.<\/li><li>Makinenin tamam\u0131na iki y\u0131l, yedek par\u00e7alara ise bir y\u0131l garanti veriyoruz.<\/li><li>Operat\u00f6rlerinize denenmi\u015f ve test edilmi\u015f e\u011fitim videolar\u0131 ve detayl\u0131 kullan\u0131m k\u0131lavuzlar\u0131 sa\u011flan\u0131r.<\/li><\/ul>\t\t\t\t\t\t\t\t<\/div>\n\t\t\t\t<\/div>\n\t\t\t\t<\/div>\n\t\t<div class=\"elementor-element elementor-element-a3b2009 e-con-full e-flex e-con e-child\" data-id=\"a3b2009\" data-element_type=\"container\">\n\t\t\t\t<div class=\"elementor-element elementor-element-0943846 elementor-widget elementor-widget-image\" data-id=\"0943846\" data-element_type=\"widget\" data-widget_type=\"image.default\">\n\t\t\t\t<div class=\"elementor-widget-container\">\n\t\t\t\t\t\t\t\t\t\t\t\t\t\t\t<img decoding=\"async\" width=\"800\" height=\"534\" src=\"https:\/\/delyava.com\/wp-content\/uploads\/2024\/08\/46dc8055-2c08-4d2f-b3a9-97a5cd3bbfcc-1024x684.jpg\" class=\"attachment-large size-large wp-image-2764\" alt=\"M\u00fckemmel sat\u0131\u015f sonras\u0131 garanti hizmeti\" srcset=\"https:\/\/delyava.com\/wp-content\/uploads\/2024\/08\/46dc8055-2c08-4d2f-b3a9-97a5cd3bbfcc-1024x684.jpg 1024w, https:\/\/delyava.com\/wp-content\/uploads\/2024\/08\/46dc8055-2c08-4d2f-b3a9-97a5cd3bbfcc-300x200.jpg 300w, https:\/\/delyava.com\/wp-content\/uploads\/2024\/08\/46dc8055-2c08-4d2f-b3a9-97a5cd3bbfcc-768x513.jpg 768w, https:\/\/delyava.com\/wp-content\/uploads\/2024\/08\/46dc8055-2c08-4d2f-b3a9-97a5cd3bbfcc-600x401.jpg 600w, https:\/\/delyava.com\/wp-content\/uploads\/2024\/08\/46dc8055-2c08-4d2f-b3a9-97a5cd3bbfcc.jpg 1534w\" sizes=\"(max-width: 800px) 100vw, 800px\" \/>\t\t\t\t\t\t\t\t\t\t\t\t\t\t\t<\/div>\n\t\t\t\t<\/div>\n\t\t\t\t<\/div>\n\t\t\t\t<\/div>\n\t\t\t\t\t<\/div>\n\t\t\t\t<\/div>\n\t\t<div class=\"elementor-element elementor-element-8c1b59e e-flex e-con-boxed e-con e-parent\" data-id=\"8c1b59e\" data-element_type=\"container\">\n\t\t\t\t\t<div class=\"e-con-inner\">\n\t\t<div class=\"elementor-element elementor-element-34f0b94 e-con-full e-flex e-con e-child\" data-id=\"34f0b94\" data-element_type=\"container\">\n\t\t\t\t<div class=\"elementor-element elementor-element-9e2e196 elementor-widget elementor-widget-heading\" data-id=\"9e2e196\" data-element_type=\"widget\" data-widget_type=\"heading.default\">\n\t\t\t\t<div class=\"elementor-widget-container\">\n\t\t\t\t\t<h3 class=\"elementor-heading-title elementor-size-default\">Farkl\u0131 m\u00fc\u015fteri gruplar\u0131 i\u00e7in \u00f6zel hizmetler<\/h3>\t\t\t\t<\/div>\n\t\t\t\t<\/div>\n\t\t\t\t<\/div>\n\t\t<div class=\"elementor-element elementor-element-13e841d e-con-full e-flex e-con e-child\" data-id=\"13e841d\" data-element_type=\"container\">\n\t\t<div class=\"elementor-element elementor-element-f399950 e-con-full e-flex e-con e-child\" data-id=\"f399950\" data-element_type=\"container\">\n\t\t<div class=\"elementor-element elementor-element-7d02ab3 e-con-full e-flex e-con e-child\" data-id=\"7d02ab3\" data-element_type=\"container\">\n\t\t\t\t<div class=\"elementor-element elementor-element-3ba6e56 elementor-widget elementor-widget-heading\" data-id=\"3ba6e56\" data-element_type=\"widget\" data-widget_type=\"heading.default\">\n\t\t\t\t<div class=\"elementor-widget-container\">\n\t\t\t\t\t<h4 class=\"elementor-heading-title elementor-size-default\">Markalar ve toptanc\u0131lar i\u00e7in:<\/h4>\t\t\t\t<\/div>\n\t\t\t\t<\/div>\n\t\t\t\t<div class=\"elementor-element elementor-element-e8b1615 elementor-widget elementor-widget-text-editor\" data-id=\"e8b1615\" data-element_type=\"widget\" data-widget_type=\"text-editor.default\">\n\t\t\t\t<div class=\"elementor-widget-container\">\n\t\t\t\t\t\t\t\t\t<p>\u00c7ok \u00e7e\u015fitli y\u00fcksek performansl\u0131 g\u00fczellik ekipmanlar\u0131 ve g\u00fczellik markalar\u0131n\u0131n ve toptanc\u0131lar\u0131n ihtiya\u00e7lar\u0131n\u0131 tam olarak kar\u015f\u0131lamak \u00fczere tasarlanm\u0131\u015f cazip bir OEM stratejisi geli\u015ftirdik. Ayr\u0131ca, y\u00fcksek kaliteli g\u00fczellik cihazlar\u0131n\u0131n tutarl\u0131 bir \u015fekilde tedarik edilmesini sa\u011flamak i\u00e7in \u00fcst tedarik\u00e7ilerle ve kendi fabrikalar\u0131m\u0131zla g\u00fc\u00e7l\u00fc ili\u015fkiler kurduk.<\/p>\t\t\t\t\t\t\t\t<\/div>\n\t\t\t\t<\/div>\n\t\t\t\t<\/div>\n\t\t<div class=\"elementor-element elementor-element-d85db01 e-con-full e-flex e-con e-child\" data-id=\"d85db01\" data-element_type=\"container\">\n\t\t\t\t<div class=\"elementor-element elementor-element-0df1ec7 elementor-widget elementor-widget-heading\" data-id=\"0df1ec7\" data-element_type=\"widget\" data-widget_type=\"heading.default\">\n\t\t\t\t<div class=\"elementor-widget-container\">\n\t\t\t\t\t<h4 class=\"elementor-heading-title elementor-size-default\">Cilt \u00fcr\u00fcn\u00fc \u00fcreticileri i\u00e7in:<\/h4>\t\t\t\t<\/div>\n\t\t\t\t<\/div>\n\t\t\t\t<div class=\"elementor-element elementor-element-07259da elementor-widget elementor-widget-text-editor\" data-id=\"07259da\" data-element_type=\"widget\" data-widget_type=\"text-editor.default\">\n\t\t\t\t<div class=\"elementor-widget-container\">\n\t\t\t\t\t\t\t\t\t<p>Delya, etkinli\u011fini en \u00fcst d\u00fczeye \u00e7\u0131karmak i\u00e7in cihazlar\u0131m\u0131z\u0131 cilt bak\u0131m \u00fcr\u00fcnlerinizle e\u015fle\u015ftirmek \u00fczere sizinle yak\u0131n i\u015fbirli\u011fi i\u00e7inde \u00e7al\u0131\u015f\u0131r. Derinlemesine sekt\u00f6r bilgimiz ve deneyimimizle, i\u015finizin geli\u015fmesine yard\u0131mc\u0131 olmak i\u00e7in size kapsaml\u0131 cilt bak\u0131m\u0131 \u00e7\u00f6z\u00fcmleri sa\u011flayabiliriz.<\/p>\t\t\t\t\t\t\t\t<\/div>\n\t\t\t\t<\/div>\n\t\t\t\t<\/div>\n\t\t<div class=\"elementor-element elementor-element-27baa45 e-con-full e-flex e-con e-child\" data-id=\"27baa45\" data-element_type=\"container\">\n\t\t\t\t<div class=\"elementor-element elementor-element-761668a elementor-widget elementor-widget-heading\" data-id=\"761668a\" data-element_type=\"widget\" data-widget_type=\"heading.default\">\n\t\t\t\t<div class=\"elementor-widget-container\">\n\t\t\t\t\t<h4 class=\"elementor-heading-title elementor-size-default\">G\u00fczellik salonu i\u00e7in:<\/h4>\t\t\t\t<\/div>\n\t\t\t\t<\/div>\n\t\t\t\t<div class=\"elementor-element elementor-element-bf25b7d elementor-widget elementor-widget-text-editor\" data-id=\"bf25b7d\" data-element_type=\"widget\" data-widget_type=\"text-editor.default\">\n\t\t\t\t<div class=\"elementor-widget-container\">\n\t\t\t\t\t\t\t\t\t<p>Y\u00fcksek performansl\u0131 estetik ekipmanlar\u0131m\u0131z neredeyse hi\u00e7 bak\u0131m gerektirmez ve salonunuzun veya g\u00fczellik klini\u011finizin h\u0131zl\u0131 bir yat\u0131r\u0131m getirisi elde etmesine yard\u0131mc\u0131 olur. Ayr\u0131ca, operat\u00f6r e\u011fitiminden teknik deste\u011fe kadar \u00f6zenli, g\u00fcvenilir sat\u0131\u015f sonras\u0131 hizmetin keyfini \u00e7\u0131karacaks\u0131n\u0131z.<\/p>\t\t\t\t\t\t\t\t<\/div>\n\t\t\t\t<\/div>\n\t\t\t\t<\/div>\n\t\t<div class=\"elementor-element elementor-element-efbbae4 e-con-full e-flex e-con e-child\" data-id=\"efbbae4\" data-element_type=\"container\">\n\t\t\t\t<div class=\"elementor-element elementor-element-edb0bb7 elementor-widget elementor-widget-heading\" data-id=\"edb0bb7\" data-element_type=\"widget\" data-widget_type=\"heading.default\">\n\t\t\t\t<div class=\"elementor-widget-container\">\n\t\t\t\t\t<h4 class=\"elementor-heading-title elementor-size-default\">Bireysel kullan\u0131c\u0131lar i\u00e7in:<\/h4>\t\t\t\t<\/div>\n\t\t\t\t<\/div>\n\t\t\t\t<div class=\"elementor-element elementor-element-0ecf5e1 elementor-widget elementor-widget-text-editor\" data-id=\"0ecf5e1\" data-element_type=\"widget\" data-widget_type=\"text-editor.default\">\n\t\t\t\t<div class=\"elementor-widget-container\">\n\t\t\t\t\t\t\t\t\t<p>Kullan\u0131m\u0131 kolay ve etkili estetik ekipmanlar\u0131m\u0131z, kendi evinizin konforunda profesyonel d\u00fczeyde estetik tedavileri deneyimlemenizi sa\u011flar. \u0130ster g\u00fcnl\u00fck bak\u0131m ister \u00f6zel cilt iyile\u015ftirme ihtiya\u00e7lar\u0131 i\u00e7in olsun, g\u00fczellik yolculu\u011funuzu sorunsuz bir hale getirmek i\u00e7in ayr\u0131nt\u0131l\u0131 rehberlik ve sat\u0131\u015f sonras\u0131 tavsiyelerle birlikte sizin i\u00e7in do\u011fru \u00fcr\u00fcne sahibiz.<\/p>\t\t\t\t\t\t\t\t<\/div>\n\t\t\t\t<\/div>\n\t\t\t\t<\/div>\n\t\t\t\t<\/div>\n\t\t\t\t<\/div>\n\t\t\t\t\t<\/div>\n\t\t\t\t<\/div>\n\t\t\t\t<\/div>","protected":false},"excerpt":{"rendered":"<p>Strong Servise Support Fast and professional response to inquiries We are available 24 hours a day to respond to your call. With extensive experience in a wide range of aesthetic equipment programs, our free consultation can provide you with valuable advice and assistance to lead your brand or business on the path to growth and [&hellip;]<\/p>","protected":false},"author":2,"featured_media":0,"parent":0,"menu_order":0,"comment_status":"closed","ping_status":"closed","template":"","meta":{"_seopress_robots_primary_cat":"","_seopress_titles_title":"","_seopress_titles_desc":"","_seopress_robots_index":"","footnotes":""},"class_list":["post-3490","page","type-page","status-publish","hentry"],"_links":{"self":[{"href":"https:\/\/delyava.com\/tr\/wp-json\/wp\/v2\/pages\/3490","targetHints":{"allow":["GET"]}}],"collection":[{"href":"https:\/\/delyava.com\/tr\/wp-json\/wp\/v2\/pages"}],"about":[{"href":"https:\/\/delyava.com\/tr\/wp-json\/wp\/v2\/types\/page"}],"author":[{"embeddable":true,"href":"https:\/\/delyava.com\/tr\/wp-json\/wp\/v2\/users\/2"}],"replies":[{"embeddable":true,"href":"https:\/\/delyava.com\/tr\/wp-json\/wp\/v2\/comments?post=3490"}],"version-history":[{"count":0,"href":"https:\/\/delyava.com\/tr\/wp-json\/wp\/v2\/pages\/3490\/revisions"}],"wp:attachment":[{"href":"https:\/\/delyava.com\/tr\/wp-json\/wp\/v2\/media?parent=3490"}],"curies":[{"name":"wp","href":"https:\/\/api.w.org\/{rel}","templated":true}]}}