{"id":3488,"date":"2024-08-23T16:21:08","date_gmt":"2024-08-23T08:21:08","guid":{"rendered":"https:\/\/delyava.com\/?page_id=3488"},"modified":"2024-08-28T11:32:42","modified_gmt":"2024-08-28T03:32:42","slug":"excellent-rd-capability","status":"publish","type":"page","link":"https:\/\/delyava.com\/tr\/excellent-rd-capability\/","title":{"rendered":"M\u00fckemmel Ar-Ge Yetene\u011fi"},"content":{"rendered":"<div data-elementor-type=\"wp-page\" data-elementor-id=\"3488\" class=\"elementor elementor-3488\" data-elementor-post-type=\"page\">\n\t\t\t\t<div class=\"elementor-element elementor-element-0de8e26 e-flex e-con-boxed e-con e-parent\" data-id=\"0de8e26\" data-element_type=\"container\" data-settings=\"{&quot;background_background&quot;:&quot;classic&quot;}\">\n\t\t\t\t\t<div class=\"e-con-inner\">\n\t\t<div class=\"elementor-element elementor-element-94ab9d9 e-con-full e-flex e-con e-child\" data-id=\"94ab9d9\" data-element_type=\"container\">\n\t\t\t\t<div class=\"elementor-element elementor-element-acf94ea elementor-widget elementor-widget-heading\" data-id=\"acf94ea\" data-element_type=\"widget\" data-widget_type=\"heading.default\">\n\t\t\t\t<div class=\"elementor-widget-container\">\n\t\t\t\t\t<h1 class=\"elementor-heading-title elementor-size-default\">10+ YIL G\u00fcvenilir ve Alt\u0131n G\u00fczellik Ekipmanlar\u0131 Tedarik\u00e7isi<\/h1>\t\t\t\t<\/div>\n\t\t\t\t<\/div>\n\t\t\t\t<\/div>\n\t\t\t\t\t<\/div>\n\t\t\t\t<\/div>\n\t\t<div class=\"elementor-element elementor-element-663c3ce e-flex e-con-boxed e-con e-parent\" data-id=\"663c3ce\" data-element_type=\"container\">\n\t\t\t\t\t<div class=\"e-con-inner\">\n\t\t<div class=\"elementor-element elementor-element-376ed5a e-con-full e-flex e-con e-child\" data-id=\"376ed5a\" data-element_type=\"container\">\n\t\t\t\t<div class=\"elementor-element elementor-element-b2cee1b elementor-widget elementor-widget-heading\" data-id=\"b2cee1b\" data-element_type=\"widget\" data-widget_type=\"heading.default\">\n\t\t\t\t<div class=\"elementor-widget-container\">\n\t\t\t\t\t<h2 class=\"elementor-heading-title elementor-size-default\">S\u00fcrekli Ar-Ge&#039;ye odaklan\u0131yoruz<\/h2>\t\t\t\t<\/div>\n\t\t\t\t<\/div>\n\t\t\t\t<div class=\"elementor-element elementor-element-acf8535 elementor-widget elementor-widget-text-editor\" data-id=\"acf8535\" data-element_type=\"widget\" data-widget_type=\"text-editor.default\">\n\t\t\t\t<div class=\"elementor-widget-container\">\n\t\t\t\t\t\t\t\t\t<p>G\u00fczellik ekipmanlar\u0131 alan\u0131nda Delya, teknolojik yenili\u011fin \u0131srarl\u0131 takibini, bilimsel tasar\u0131ma y\u00f6nelik titiz tutumu ve hassas \u00fcretime y\u00f6nelik aral\u0131ks\u0131z \u0131srar\u0131 desteklemektedir. Profesyonel Ar-Ge ekibimiz, k\u00fcresel pazar trendine \u00f6nc\u00fcl\u00fck edebilecek ve g\u00fczellik sekt\u00f6r\u00fcn\u00fcn m\u00fcreffeh geli\u015fimine katk\u0131da bulunabilecek g\u00fczellik ekipmanlar\u0131 yaratmaya kendini tamamen adam\u0131\u015ft\u0131r.<\/p><p>G\u00fczellik ekipmanlar\u0131n\u0131n geli\u015ftirilmesi ve test edilmesinde, kalite y\u00f6netim standartlar\u0131na s\u0131k\u0131 s\u0131k\u0131ya ba\u011fl\u0131 kal\u0131yoruz ve her g\u00fczellik ekipman\u0131n\u0131 kullan\u0131c\u0131ya sunulabilecek en iyi durumda \u00fcretmeye, kullan\u0131c\u0131ya en \u00fcst d\u00fczey g\u00fczellik deneyimini sunmaya \u00e7al\u0131\u015f\u0131yoruz.<\/p>\t\t\t\t\t\t\t\t<\/div>\n\t\t\t\t<\/div>\n\t\t\t\t<\/div>\n\t\t<div class=\"elementor-element elementor-element-0fa29ab e-con-full e-flex e-con e-child\" data-id=\"0fa29ab\" data-element_type=\"container\">\n\t\t\t\t<div class=\"elementor-element elementor-element-945ba1b elementor-widget elementor-widget-image\" data-id=\"945ba1b\" data-element_type=\"widget\" data-widget_type=\"image.default\">\n\t\t\t\t<div class=\"elementor-widget-container\">\n\t\t\t\t\t\t\t\t\t\t\t\t\t\t\t<img fetchpriority=\"high\" decoding=\"async\" width=\"800\" height=\"450\" src=\"https:\/\/delyava.com\/wp-content\/uploads\/2024\/08\/95131c4df29f65f17f1f944e852a4a0.png\" class=\"attachment-large size-large wp-image-3521\" alt=\"S\u00fcrekli Ar-Ge&#039;ye odaklan\u0131yoruz\" srcset=\"https:\/\/delyava.com\/wp-content\/uploads\/2024\/08\/95131c4df29f65f17f1f944e852a4a0.png 889w, https:\/\/delyava.com\/wp-content\/uploads\/2024\/08\/95131c4df29f65f17f1f944e852a4a0-300x169.png 300w, https:\/\/delyava.com\/wp-content\/uploads\/2024\/08\/95131c4df29f65f17f1f944e852a4a0-768x432.png 768w, https:\/\/delyava.com\/wp-content\/uploads\/2024\/08\/95131c4df29f65f17f1f944e852a4a0-600x337.png 600w\" sizes=\"(max-width: 800px) 100vw, 800px\" \/>\t\t\t\t\t\t\t\t\t\t\t\t\t\t\t<\/div>\n\t\t\t\t<\/div>\n\t\t\t\t<\/div>\n\t\t\t\t\t<\/div>\n\t\t\t\t<\/div>\n\t\t<div class=\"elementor-element elementor-element-a4cf289 e-flex e-con-boxed e-con e-parent\" data-id=\"a4cf289\" data-element_type=\"container\">\n\t\t\t\t\t<div class=\"e-con-inner\">\n\t\t<div class=\"elementor-element elementor-element-a662159 e-con-full e-flex e-con e-child\" data-id=\"a662159\" data-element_type=\"container\">\n\t\t\t\t<div class=\"elementor-element elementor-element-dc7d224 elementor-widget elementor-widget-image\" data-id=\"dc7d224\" data-element_type=\"widget\" data-widget_type=\"image.default\">\n\t\t\t\t<div class=\"elementor-widget-container\">\n\t\t\t\t\t\t\t\t\t\t\t\t\t\t\t<img decoding=\"async\" width=\"667\" height=\"500\" src=\"https:\/\/delyava.com\/wp-content\/uploads\/2024\/08\/8bffb1c7da39fb18c0dddef6e45cedf.png\" class=\"attachment-large size-large wp-image-3535\" alt=\"G\u00fczellik ekipmanlar\u0131 i\u00e7in deneyimli Ar-Ge ekibi\" srcset=\"https:\/\/delyava.com\/wp-content\/uploads\/2024\/08\/8bffb1c7da39fb18c0dddef6e45cedf.png 667w, https:\/\/delyava.com\/wp-content\/uploads\/2024\/08\/8bffb1c7da39fb18c0dddef6e45cedf-300x225.png 300w, https:\/\/delyava.com\/wp-content\/uploads\/2024\/08\/8bffb1c7da39fb18c0dddef6e45cedf-600x450.png 600w\" sizes=\"(max-width: 667px) 100vw, 667px\" \/>\t\t\t\t\t\t\t\t\t\t\t\t\t\t\t<\/div>\n\t\t\t\t<\/div>\n\t\t\t\t<\/div>\n\t\t<div class=\"elementor-element elementor-element-15148e2 e-con-full e-flex e-con e-child\" data-id=\"15148e2\" data-element_type=\"container\">\n\t\t\t\t<div class=\"elementor-element elementor-element-dacf46b elementor-widget elementor-widget-heading\" data-id=\"dacf46b\" data-element_type=\"widget\" data-widget_type=\"heading.default\">\n\t\t\t\t<div class=\"elementor-widget-container\">\n\t\t\t\t\t<h2 class=\"elementor-heading-title elementor-size-default\">G\u00fczellik ekipmanlar\u0131 i\u00e7in deneyimli Ar-Ge ekibi<\/h2>\t\t\t\t<\/div>\n\t\t\t\t<\/div>\n\t\t\t\t<div class=\"elementor-element elementor-element-9c4fe2f elementor-widget elementor-widget-text-editor\" data-id=\"9c4fe2f\" data-element_type=\"widget\" data-widget_type=\"text-editor.default\">\n\t\t\t\t<div class=\"elementor-widget-container\">\n\t\t\t\t\t\t\t\t\t<p>Estetik t\u0131bbi cihazlar alan\u0131nda, Ar-Ge ekibimiz co\u015fku ve yenilik\u00e7i ruhla doludur ve \u00fcr\u00fcnlerin tasar\u0131m\u0131 ve geli\u015ftirilmesinde istikrarl\u0131 bir ilerleme kaydetmektedir. \u015eu anda, tamamen ara\u015ft\u0131rma ve geli\u015ftirme \u00e7al\u0131\u015fmalar\u0131na kat\u0131l\u0131yoruz ve yak\u0131n gelecekte, bir dizi etkileyici estetik t\u0131bbi ekipman \u00fcr\u00fcn\u00fc piyasaya s\u00fcrebilecek ve bir dizi patent alabilece\u011fiz.<\/p><p>Genel \u00fcretim verimlili\u011fimizi s\u00fcrekli olarak iyile\u015ftirmek amac\u0131yla, kendi profesyonel laboratuvar\u0131m\u0131z\u0131 aktif olarak kuruyor ve y\u00fcksek kaliteli estetik t\u0131bbi cihazlar\u0131n piyasaya sunulmas\u0131 i\u00e7in g\u00fc\u00e7l\u00fc bir garanti sa\u011flamak amac\u0131yla \u00fc\u00e7\u00fcnc\u00fc taraf yetkili test laboratuvarlar\u0131yla yak\u0131n bir \u015fekilde \u00e7al\u0131\u015f\u0131yoruz.<\/p>\t\t\t\t\t\t\t\t<\/div>\n\t\t\t\t<\/div>\n\t\t\t\t<\/div>\n\t\t\t\t\t<\/div>\n\t\t\t\t<\/div>\n\t\t<div class=\"elementor-element elementor-element-f584c0e e-flex e-con-boxed e-con e-parent\" data-id=\"f584c0e\" data-element_type=\"container\">\n\t\t\t\t\t<div class=\"e-con-inner\">\n\t\t<div class=\"elementor-element elementor-element-215ee49 e-con-full e-flex e-con e-child\" data-id=\"215ee49\" data-element_type=\"container\">\n\t\t<div class=\"elementor-element elementor-element-45dfe1f e-con-full e-flex e-con e-child\" data-id=\"45dfe1f\" data-element_type=\"container\">\n\t\t\t\t<div class=\"elementor-element elementor-element-66200c0 elementor-widget elementor-widget-heading\" data-id=\"66200c0\" data-element_type=\"widget\" data-widget_type=\"heading.default\">\n\t\t\t\t<div class=\"elementor-widget-container\">\n\t\t\t\t\t<h2 class=\"elementor-heading-title elementor-size-default\">G\u00fczellik i\u015fletmenizin geli\u015fmesine yard\u0131mc\u0131 olmak i\u00e7in Delya teknolojisini bir motor olarak kullan\u0131n.<\/h2>\t\t\t\t<\/div>\n\t\t\t\t<\/div>\n\t\t<div class=\"elementor-element elementor-element-95fba16 e-con-full e-flex e-con e-child\" data-id=\"95fba16\" data-element_type=\"container\">\n\t\t<div class=\"elementor-element elementor-element-a8f9eeb e-con-full e-flex e-con e-child\" data-id=\"a8f9eeb\" data-element_type=\"container\">\n\t\t\t\t<div class=\"elementor-element elementor-element-f288d79 elementor-widget elementor-widget-heading\" data-id=\"f288d79\" data-element_type=\"widget\" data-widget_type=\"heading.default\">\n\t\t\t\t<div class=\"elementor-widget-container\">\n\t\t\t\t\t<h5 class=\"elementor-heading-title elementor-size-default\">Marka Sahipleri\/Toptanc\u0131lar\/Tacirler i\u00e7in<\/h5>\t\t\t\t<\/div>\n\t\t\t\t<\/div>\n\t\t\t\t<\/div>\n\t\t<div class=\"elementor-element elementor-element-e6fd397 e-con-full e-flex e-con e-child\" data-id=\"e6fd397\" data-element_type=\"container\">\n\t\t\t\t<div class=\"elementor-element elementor-element-845e112 elementor-widget elementor-widget-heading\" data-id=\"845e112\" data-element_type=\"widget\" data-widget_type=\"heading.default\">\n\t\t\t\t<div class=\"elementor-widget-container\">\n\t\t\t\t\t<h5 class=\"elementor-heading-title elementor-size-default\">Cilt \u00dcr\u00fcnleri \u015eirketleri \u0130\u00e7in<\/h5>\t\t\t\t<\/div>\n\t\t\t\t<\/div>\n\t\t\t\t<\/div>\n\t\t<div class=\"elementor-element elementor-element-966349e e-con-full e-flex e-con e-child\" data-id=\"966349e\" data-element_type=\"container\">\n\t\t\t\t<div class=\"elementor-element elementor-element-ab9b217 elementor-widget elementor-widget-heading\" data-id=\"ab9b217\" data-element_type=\"widget\" data-widget_type=\"heading.default\">\n\t\t\t\t<div class=\"elementor-widget-container\">\n\t\t\t\t\t<h5 class=\"elementor-heading-title elementor-size-default\">G\u00fczellik Salonlar\u0131\/Klinikler\/Spor Salonlar\u0131 i\u00e7in<\/h5>\t\t\t\t<\/div>\n\t\t\t\t<\/div>\n\t\t\t\t<\/div>\n\t\t<div class=\"elementor-element elementor-element-ae0e612 e-con-full e-flex e-con e-child\" data-id=\"ae0e612\" data-element_type=\"container\">\n\t\t\t\t<div class=\"elementor-element elementor-element-0840041 elementor-widget elementor-widget-heading\" data-id=\"0840041\" data-element_type=\"widget\" data-widget_type=\"heading.default\">\n\t\t\t\t<div class=\"elementor-widget-container\">\n\t\t\t\t\t<h5 class=\"elementor-heading-title elementor-size-default\">Bireysel\/aileler i\u00e7in<\/h5>\t\t\t\t<\/div>\n\t\t\t\t<\/div>\n\t\t\t\t<\/div>\n\t\t\t\t<\/div>\n\t\t\t\t<\/div>\n\t\t<div class=\"elementor-element elementor-element-200d210 e-con-full e-flex e-con e-child\" data-id=\"200d210\" data-element_type=\"container\">\n\t\t\t\t<div class=\"elementor-element elementor-element-4f418ac elementor-align-center elementor-widget elementor-widget-button\" data-id=\"4f418ac\" data-element_type=\"widget\" data-widget_type=\"button.default\">\n\t\t\t\t<div class=\"elementor-widget-container\">\n\t\t\t\t\t\t\t\t\t<div class=\"elementor-button-wrapper\">\n\t\t\t\t\t<a class=\"elementor-button elementor-button-link elementor-size-sm\" href=\"https:\/\/delyava.com\/tr\/contact-us\/\">\n\t\t\t\t\t\t<span class=\"elementor-button-content-wrapper\">\n\t\t\t\t\t\t\t\t\t<span class=\"elementor-button-text\">Bize Ula\u015f\u0131n<\/span>\n\t\t\t\t\t<\/span>\n\t\t\t\t\t<\/a>\n\t\t\t\t<\/div>\n\t\t\t\t\t\t\t\t<\/div>\n\t\t\t\t<\/div>\n\t\t\t\t<\/div>\n\t\t\t\t<\/div>\n\t\t\t\t\t<\/div>\n\t\t\t\t<\/div>\n\t\t\t\t<\/div>","protected":false},"excerpt":{"rendered":"<p>10+YEARS Reliable &#038;Gold Beauty Equipment Supplier Continuously focusing on R&#038;D In the field of beauty equipment, Delya upholds the persistent pursuit of technological innovation, rigorous attitude towards scientific design and unremitting insistence on precision manufacturing. Our professional R&amp;D team is fully committed to creating beauty equipment that can lead the global market trend and contribute [&hellip;]<\/p>","protected":false},"author":2,"featured_media":0,"parent":0,"menu_order":0,"comment_status":"closed","ping_status":"closed","template":"","meta":{"_seopress_robots_primary_cat":"","_seopress_titles_title":"","_seopress_titles_desc":"","_seopress_robots_index":"","footnotes":""},"class_list":["post-3488","page","type-page","status-publish","hentry"],"_links":{"self":[{"href":"https:\/\/delyava.com\/tr\/wp-json\/wp\/v2\/pages\/3488","targetHints":{"allow":["GET"]}}],"collection":[{"href":"https:\/\/delyava.com\/tr\/wp-json\/wp\/v2\/pages"}],"about":[{"href":"https:\/\/delyava.com\/tr\/wp-json\/wp\/v2\/types\/page"}],"author":[{"embeddable":true,"href":"https:\/\/delyava.com\/tr\/wp-json\/wp\/v2\/users\/2"}],"replies":[{"embeddable":true,"href":"https:\/\/delyava.com\/tr\/wp-json\/wp\/v2\/comments?post=3488"}],"version-history":[{"count":0,"href":"https:\/\/delyava.com\/tr\/wp-json\/wp\/v2\/pages\/3488\/revisions"}],"wp:attachment":[{"href":"https:\/\/delyava.com\/tr\/wp-json\/wp\/v2\/media?parent=3488"}],"curies":[{"name":"wp","href":"https:\/\/api.w.org\/{rel}","templated":true}]}}