{"id":11825,"date":"2025-03-04T16:33:04","date_gmt":"2025-03-04T08:33:04","guid":{"rendered":"https:\/\/delyava.com\/?page_id=11825"},"modified":"2025-04-16T17:54:15","modified_gmt":"2025-04-16T09:54:15","slug":"vascular-lesions","status":"publish","type":"page","link":"https:\/\/delyava.com\/tr\/vascular-lesions\/","title":{"rendered":"Vask\u00fcler Lezyonlar"},"content":{"rendered":"<div data-elementor-type=\"wp-page\" data-elementor-id=\"11825\" class=\"elementor elementor-11825\" data-elementor-post-type=\"page\">\n\t\t\t\t\t\t<section class=\"elementor-section elementor-top-section elementor-element elementor-element-835d426 elementor-section-height-min-height elementor-section-content-middle elementor-section-boxed elementor-section-height-default elementor-section-items-middle\" data-id=\"835d426\" data-element_type=\"section\" data-settings=\"{&quot;background_background&quot;:&quot;classic&quot;}\">\n\t\t\t\t\t\t\t<div class=\"elementor-background-overlay\"><\/div>\n\t\t\t\t\t\t\t<div class=\"elementor-container elementor-column-gap-no\">\n\t\t\t\t\t<div class=\"elementor-column elementor-col-100 elementor-top-column elementor-element elementor-element-a1d284e\" data-id=\"a1d284e\" data-element_type=\"column\">\n\t\t\t<div class=\"elementor-widget-wrap elementor-element-populated\">\n\t\t\t\t\t\t<div class=\"elementor-element elementor-element-54d6b3c elementor-widget elementor-widget-heading\" data-id=\"54d6b3c\" data-element_type=\"widget\" data-widget_type=\"heading.default\">\n\t\t\t\t<div class=\"elementor-widget-container\">\n\t\t\t\t\t<h1 class=\"elementor-heading-title elementor-size-default\">Vask\u00fcler Lezyonlar<\/h1>\t\t\t\t<\/div>\n\t\t\t\t<\/div>\n\t\t\t\t<div class=\"elementor-element elementor-element-d21695f elementor-widget elementor-widget-text-editor\" data-id=\"d21695f\" data-element_type=\"widget\" data-widget_type=\"text-editor.default\">\n\t\t\t\t<div class=\"elementor-widget-container\">\n\t\t\t\t\t\t\t\t\tTargeted laser energy gently breaks down unwanted blood vessels, causing them to gradually fade and be absorbed by the body. With each session, visible redness and discoloration diminish, leaving clearer, healthier-looking skin\u2014no damage to surrounding tissue. After a full course of treatment, vascular lesions are significantly reduced or completely resolved.\t\t\t\t\t\t\t\t<\/div>\n\t\t\t\t<\/div>\n\t\t\t\t\t<\/div>\n\t\t<\/div>\n\t\t\t\t\t<\/div>\n\t\t<\/section>\n\t\t<div class=\"elementor-element elementor-element-7cbe119 e-flex e-con-boxed e-con e-parent\" data-id=\"7cbe119\" data-element_type=\"container\">\n\t\t\t\t\t<div class=\"e-con-inner\">\n\t\t\t\t<div class=\"elementor-element elementor-element-c15c9c3 elementor-widget elementor-widget-heading\" data-id=\"c15c9c3\" data-element_type=\"widget\" data-widget_type=\"heading.default\">\n\t\t\t\t<div class=\"elementor-widget-container\">\n\t\t\t\t\t<h2 class=\"elementor-heading-title elementor-size-default\">Vask\u00fcler Lezyonlar<\/h2>\t\t\t\t<\/div>\n\t\t\t\t<\/div>\n\t\t\t\t\t<\/div>\n\t\t\t\t<\/div>\n\t\t<div class=\"elementor-element elementor-element-865fab7 e-flex e-con-boxed e-con e-parent\" data-id=\"865fab7\" data-element_type=\"container\">\n\t\t\t\t\t<div class=\"e-con-inner\">\n\t\t<div class=\"elementor-element elementor-element-15551f8 e-con-full e-flex e-con e-child\" data-id=\"15551f8\" data-element_type=\"container\">\n\t\t<div class=\"elementor-element elementor-element-5b82836 e-con-full e-flex e-con e-child\" data-id=\"5b82836\" data-element_type=\"container\">\n\t\t<div class=\"elementor-element elementor-element-935e6c1 e-con-full e-flex e-con e-child\" data-id=\"935e6c1\" data-element_type=\"container\">\n\t\t\t\t<div class=\"elementor-element elementor-element-b19df9d elementor-widget elementor-widget-text-editor\" data-id=\"b19df9d\" data-element_type=\"widget\" data-widget_type=\"text-editor.default\">\n\t\t\t\t<div class=\"elementor-widget-container\">\n\t\t\t\t\t\t\t\t\t<p>Vask\u00fcler lezyonlar ciltte ve deri alt\u0131 dokularda daha s\u0131k g\u00f6r\u00fclen anormal durumlard\u0131r. \u00d6r\u00fcmcek damarlar\u0131, bacaklardaki varisli damarlar ve varisli damarlar pop\u00fclasyonda son derece yayg\u0131nd\u0131r. Daha az yayg\u0131n ancak \u00e7ok belirgin bir durum, \u00f6zellikle y\u00fczde mevcut oldu\u011funda \u015farap rengi bozulmas\u0131d\u0131r. Di\u011fer s\u0131n\u0131fland\u0131rmalar aras\u0131nda, k\u0131lcal malformasyonlar, ven\u00f6z malformasyonlar, lenfatik malformasyonlar ve arteriyel malformasyonlar dahil olmak \u00fczere farkl\u0131 tipte vask\u00fcler malformasyonlar vard\u0131r. Pediatrik pop\u00fclasyonda, en yayg\u0131n vask\u00fcler lezyon tipi hemanjiomdur. Bunlar, genellikle do\u011fumdan k\u0131sa bir s\u00fcre sonra pembe ila k\u0131rm\u0131z\u0131 lekeler olarak g\u00f6r\u00fcnen ve zamanla, hatta yeti\u015fkinlikte bile b\u00fcy\u00fcmeye devam eden iyi huylu t\u00fcm\u00f6rlerdir. Kad\u0131nlarda bu estetik a\u00e7\u0131dan ho\u015f olmayan ven\u00f6z sorunlar\u0131n g\u00f6r\u00fclme s\u0131kl\u0131\u011f\u0131 y\u00fcksektir ve yeti\u015fkin n\u00fcfusun yar\u0131s\u0131ndan fazlas\u0131 bunlardan etkilenir.<\/p>\t\t\t\t\t\t\t\t<\/div>\n\t\t\t\t<\/div>\n\t\t\t\t<\/div>\n\t\t<div class=\"elementor-element elementor-element-47dd681 e-con-full e-flex e-con e-child\" data-id=\"47dd681\" data-element_type=\"container\">\n\t\t\t\t<div class=\"elementor-element elementor-element-dbd4b98 elementor-widget elementor-widget-image\" data-id=\"dbd4b98\" data-element_type=\"widget\" data-widget_type=\"image.default\">\n\t\t\t\t<div class=\"elementor-widget-container\">\n\t\t\t\t\t\t\t\t\t\t\t\t<figure class=\"wp-caption\">\n\t\t\t\t\t\t\t\t\t\t<img fetchpriority=\"high\" decoding=\"async\" width=\"800\" height=\"600\" src=\"https:\/\/delyava.com\/wp-content\/uploads\/2025\/03\/Vascular-Lesions-1-1024x768.jpg\" class=\"attachment-large size-large wp-image-11842\" alt=\"Vask\u00fcler Lezyonlar\" srcset=\"https:\/\/delyava.com\/wp-content\/uploads\/2025\/03\/Vascular-Lesions-1-1024x768.jpg 1024w, https:\/\/delyava.com\/wp-content\/uploads\/2025\/03\/Vascular-Lesions-1-300x225.jpg 300w, https:\/\/delyava.com\/wp-content\/uploads\/2025\/03\/Vascular-Lesions-1-768x576.jpg 768w, https:\/\/delyava.com\/wp-content\/uploads\/2025\/03\/Vascular-Lesions-1-1536x1152.jpg 1536w, https:\/\/delyava.com\/wp-content\/uploads\/2025\/03\/Vascular-Lesions-1-2048x1536.jpg 2048w, https:\/\/delyava.com\/wp-content\/uploads\/2025\/03\/Vascular-Lesions-1-16x12.jpg 16w, https:\/\/delyava.com\/wp-content\/uploads\/2025\/03\/Vascular-Lesions-1-600x450.jpg 600w\" sizes=\"(max-width: 800px) 100vw, 800px\" \/>\t\t\t\t\t\t\t\t\t\t\t<figcaption class=\"widget-image-caption wp-caption-text\">Vask\u00fcler Lezyonlar<\/figcaption>\n\t\t\t\t\t\t\t\t\t\t<\/figure>\n\t\t\t\t\t\t\t\t\t<\/div>\n\t\t\t\t<\/div>\n\t\t\t\t<\/div>\n\t\t\t\t<\/div>\n\t\t<div class=\"elementor-element elementor-element-58c2664 e-con-full e-flex e-con e-child\" data-id=\"58c2664\" data-element_type=\"container\">\n\t\t<div class=\"elementor-element elementor-element-57cc377 e-con-full e-flex e-con e-child\" data-id=\"57cc377\" data-element_type=\"container\">\n\t\t\t\t<div class=\"elementor-element elementor-element-95d1eb3 elementor-widget elementor-widget-heading\" data-id=\"95d1eb3\" data-element_type=\"widget\" data-widget_type=\"heading.default\">\n\t\t\t\t<div class=\"elementor-widget-container\">\n\t\t\t\t\t<h3 class=\"elementor-heading-title elementor-size-default\">Vask\u00fcler Lezyonlar\u0131n Tedavisi Nas\u0131l \u0130\u015fler?<\/h3>\t\t\t\t<\/div>\n\t\t\t\t<\/div>\n\t\t\t\t<div class=\"elementor-element elementor-element-40b7b90 elementor-widget elementor-widget-text-editor\" data-id=\"40b7b90\" data-element_type=\"widget\" data-widget_type=\"text-editor.default\">\n\t\t\t\t<div class=\"elementor-widget-container\">\n\t\t\t\t\t\t\t\t\t<p><a href=\"http:\/\/delyava.com\/tr\/\">Delya<\/a> anormal kan damarlar\u0131n\u0131 invaziv olmayan ve etkili bir \u015fekilde kapatan, d\u0131\u015f g\u00f6r\u00fcn\u00fcmlerini azaltan veya ortadan kald\u0131ran bir vask\u00fcler lezyon tedavi program\u0131 sunar. Tedavi \u015funlar\u0131 kullan\u0131r: <a href=\"https:\/\/delyava.com\/tr\/\/shr-ipl-laser-system\/\">Yo\u011fun Darbeli I\u015f\u0131k (IPL)<\/a> veya kesin bir <a href=\"https:\/\/delyava.com\/tr\/\/980nm-diode-laser\/\">980 nm lazer dalga boyu<\/a> sadece deri alt\u0131ndaki k\u00f6t\u00fc \u015fekilli kan damarlar\u0131n\u0131 hedef alarak, bu damarlar\u0131n kanlanmas\u0131n\u0131 engellemek.<br \/>Vask\u00fcler lezyonlar\u0131n lazerle tedavisinin temel amac\u0131, hemoglobin taraf\u0131ndan \u0131\u015f\u0131\u011f\u0131n emilimini kullanarak kan damarlar\u0131n\u0131n duvarlar\u0131n\u0131 \u0131s\u0131tmak ve b\u00f6ylece anormal damarlar\u0131 hedefli bir \u015fekilde yok etmektir. Se\u00e7ilen dalga boyu hemoglobin taraf\u0131ndan se\u00e7ici olarak emilmeli ve darbe uzunlu\u011fu \u0131s\u0131y\u0131 kan damarlar\u0131yla s\u0131n\u0131rlayacak ve \u00e7evre dokulara gereksiz hasar vermeyecek kadar k\u0131sa olmal\u0131d\u0131r.<\/p>\t\t\t\t\t\t\t\t<\/div>\n\t\t\t\t<\/div>\n\t\t\t\t<\/div>\n\t\t<div class=\"elementor-element elementor-element-8b7312b e-con-full e-flex e-con e-child\" data-id=\"8b7312b\" data-element_type=\"container\">\n\t\t\t\t<div class=\"elementor-element elementor-element-c09b5c1 elementor-widget elementor-widget-image\" data-id=\"c09b5c1\" data-element_type=\"widget\" data-widget_type=\"image.default\">\n\t\t\t\t<div class=\"elementor-widget-container\">\n\t\t\t\t\t\t\t\t\t\t\t\t<figure class=\"wp-caption\">\n\t\t\t\t\t\t\t\t\t\t<img decoding=\"async\" width=\"360\" height=\"241\" src=\"https:\/\/delyava.com\/wp-content\/uploads\/2025\/03\/How-Does-The-Vascular-Lesions-Treatment-Work.jpg\" class=\"attachment-large size-large wp-image-11851\" alt=\"Vask\u00fcler Lezyonlar\u0131n Tedavisi Nas\u0131l \u0130\u015fler?\" srcset=\"https:\/\/delyava.com\/wp-content\/uploads\/2025\/03\/How-Does-The-Vascular-Lesions-Treatment-Work.jpg 360w, https:\/\/delyava.com\/wp-content\/uploads\/2025\/03\/How-Does-The-Vascular-Lesions-Treatment-Work-300x201.jpg 300w, https:\/\/delyava.com\/wp-content\/uploads\/2025\/03\/How-Does-The-Vascular-Lesions-Treatment-Work-18x12.jpg 18w\" sizes=\"(max-width: 360px) 100vw, 360px\" \/>\t\t\t\t\t\t\t\t\t\t\t<figcaption class=\"widget-image-caption wp-caption-text\">Vask\u00fcler Lezyonlar\u0131n Tedavisi Nas\u0131l \u0130\u015fler?<\/figcaption>\n\t\t\t\t\t\t\t\t\t\t<\/figure>\n\t\t\t\t\t\t\t\t\t<\/div>\n\t\t\t\t<\/div>\n\t\t\t\t<\/div>\n\t\t\t\t<\/div>\n\t\t\t\t<\/div>\n\t\t\t\t\t<\/div>\n\t\t\t\t<\/div>\n\t\t<div class=\"elementor-element elementor-element-23c7c34 e-flex e-con-boxed e-con e-parent\" data-id=\"23c7c34\" data-element_type=\"container\">\n\t\t\t\t\t<div class=\"e-con-inner\">\n\t\t\t\t<div class=\"elementor-element elementor-element-58f79d2 elementor-widget elementor-widget-heading\" data-id=\"58f79d2\" data-element_type=\"widget\" data-widget_type=\"heading.default\">\n\t\t\t\t<div class=\"elementor-widget-container\">\n\t\t\t\t\t<h2 class=\"elementor-heading-title elementor-size-default\">\u00d6r\u00fcmcek Damarlar \u0130\u00e7in Neden Lazer\/I\u015f\u0131k Terapisi Se\u00e7ilmeli?<\/h2>\t\t\t\t<\/div>\n\t\t\t\t<\/div>\n\t\t\t\t<div class=\"elementor-element elementor-element-f83aaca elementor-widget elementor-widget-text-editor\" data-id=\"f83aaca\" data-element_type=\"widget\" data-widget_type=\"text-editor.default\">\n\t\t\t\t<div class=\"elementor-widget-container\">\n\t\t\t\t\t\t\t\t\t<p>Y\u00fczdeki k\u0131lcal damarlar i\u00e7in en iyi tedavi y\u00f6ntemi lazer\/\u0131\u015f\u0131k tedavisi olarak kabul ediliyor ve v\u00fccudun di\u011fer b\u00f6lgelerinde de kullan\u0131labiliyor.<\/p><p>K\u0131lcal damar malformasyonlar\u0131 (\u015farap lekeleri; vaka numaras\u0131 9) bir dizi tedavi gerektirir. Pigmentasyon de\u011fi\u015fikliklerini ve \u00fclserasyonu \u00f6nlemek i\u00e7in tedavi s\u0131ras\u0131nda lazer maruziyetinin \u00f6rt\u00fc\u015fen alanlar\u0131ndan ka\u00e7\u0131n\u0131lmas\u0131na dikkat edilmelidir. Lazer tedavileri aras\u0131ndaki aral\u0131k en az 2 haftad\u0131r. Tedavinin amac\u0131 \u00f6nemli bir renk bozulmas\u0131 elde etmektir. Ancak bu lezyonlar\u0131n tamamen kaybolmas\u0131 m\u00fcmk\u00fcn de\u011fildir. Yine tedaviden sonra herhangi bir yara izi g\u00f6r\u00fclmemi\u015ftir. \u00c7o\u011fu durumda, yeti\u015fkinlerde y\u00fcz d\u0131\u015f\u0131ndaki lezyonlar i\u00e7in anestezi gerekmez.<\/p><p>Y\u00fcz k\u0131lcal damar geni\u015flemesi ve rosacea da 980 nm yar\u0131 iletken lazerle tedavi edilebilir. Burundaki geni\u015flemi\u015f k\u0131lcal damarlar tedavi edilmesi \u00f6zellikle a\u011fr\u0131l\u0131d\u0131r. \u00dclserasyondan ka\u00e7\u0131nmak i\u00e7in nab\u0131z s\u00fcresi nab\u0131z aral\u0131\u011f\u0131ndan en az \u00fc\u00e7 kat daha k\u0131sa olmal\u0131d\u0131r. Rosacea iyi sonu\u00e7lar elde etmek i\u00e7in bir dizi tedavi gerektirir. Tedavi s\u0131ras\u0131nda g\u00fcne\u015ften korunma kullan\u0131lmal\u0131 ve rosacea i\u00e7in topikal metronidazol kullan\u0131lmal\u0131d\u0131r.<\/p><p>Bacaklardaki skleroterapiye yan\u0131t vermeyen \u00f6r\u00fcmcek damarlar\u0131 yar\u0131 iletken lazerle tedavi edilebilir. K\u0131rm\u0131z\u0131 \u00f6r\u00fcmcek damarlar\u0131 mavi olanlardan daha etkilidir. Bacaklardaki \u00f6r\u00fcmcek damarlar\u0131 bir s\u00fcre sonra tekrar ortaya \u00e7\u0131kabilir.<\/p><p>Keloidler, k\u0131zarma a\u015famas\u0131nda lazer tedavisiyle tedavi edilebilir. Bu noktada, lazer tedavisi yeni damarlanmay\u0131 hedefler. Yar\u0131 iletken lazerler k\u0131zar\u0131kl\u0131\u011f\u0131 azalt\u0131r ancak keloidin geni\u015fli\u011fi veya y\u00fcksekli\u011fi \u00fczerinde hi\u00e7bir etkisi yoktur. Bu nedenle, tedavi eksfoliatif lazer ve\/veya lezyon i\u00e7i kortikosteroid enjeksiyonlar\u0131yla birle\u015ftirilir. Yar\u0131 iletken lazerle tedaviden sonra keloidin daha fazla b\u00fcy\u00fcmesi g\u00f6zlemlenmemi\u015ftir.<\/p><p>Tedavi s\u0131ras\u0131nda g\u00fc\u00e7, darbe s\u00fcresi ve darbe aral\u0131\u011f\u0131, yara izi olu\u015fumunu ve hipopigmentasyonu \u00f6nlemek i\u00e7in dikkatlice ayarlanmal\u0131d\u0131r. G\u00f6zlere kazara zarar gelmesini \u00f6nlemek i\u00e7in koruyucu g\u00f6zl\u00fck takmak esast\u0131r.<\/p>\t\t\t\t\t\t\t\t<\/div>\n\t\t\t\t<\/div>\n\t\t\t\t\t<\/div>\n\t\t\t\t<\/div>\n\t\t<div class=\"elementor-element elementor-element-100d752 e-flex e-con-boxed e-con e-parent\" data-id=\"100d752\" data-element_type=\"container\">\n\t\t\t\t\t<div class=\"e-con-inner\">\n\t\t<div class=\"elementor-element elementor-element-2ab8f55 e-con-full e-flex e-con e-child\" data-id=\"2ab8f55\" data-element_type=\"container\">\n\t\t\t\t<div class=\"elementor-element elementor-element-b162f51 elementor-widget elementor-widget-heading\" data-id=\"b162f51\" data-element_type=\"widget\" data-widget_type=\"heading.default\">\n\t\t\t\t<div class=\"elementor-widget-container\">\n\t\t\t\t\t<h3 class=\"elementor-heading-title elementor-size-default\">Vask\u00fcler Lezyon Tedavisi \u00d6ncesi ve Sonras\u0131 Foto\u011fraflar\u0131<\/h3>\t\t\t\t<\/div>\n\t\t\t\t<\/div>\n\t\t\t\t<\/div>\n\t\t<div class=\"elementor-element elementor-element-a50a087 e-con-full e-flex e-con e-child\" data-id=\"a50a087\" data-element_type=\"container\">\n\t\t<div class=\"elementor-element elementor-element-0a510e1 e-con-full e-flex e-con e-child\" data-id=\"0a510e1\" data-element_type=\"container\">\n\t\t\t\t<div class=\"elementor-element elementor-element-eb47239 elementor-widget elementor-widget-image\" data-id=\"eb47239\" data-element_type=\"widget\" data-widget_type=\"image.default\">\n\t\t\t\t<div class=\"elementor-widget-container\">\n\t\t\t\t\t\t\t\t\t\t\t\t<figure class=\"wp-caption\">\n\t\t\t\t\t\t\t\t\t\t<img decoding=\"async\" width=\"500\" height=\"224\" src=\"https:\/\/delyava.com\/wp-content\/uploads\/2025\/03\/Facial-Redness-Improvement-Before-and-After.jpg\" class=\"attachment-large size-large wp-image-11864\" alt=\"Y\u00fcz K\u0131zar\u0131kl\u0131\u011f\u0131 \u0130yile\u015ftirme \u00d6ncesi ve Sonras\u0131\" srcset=\"https:\/\/delyava.com\/wp-content\/uploads\/2025\/03\/Facial-Redness-Improvement-Before-and-After.jpg 500w, https:\/\/delyava.com\/wp-content\/uploads\/2025\/03\/Facial-Redness-Improvement-Before-and-After-300x134.jpg 300w, https:\/\/delyava.com\/wp-content\/uploads\/2025\/03\/Facial-Redness-Improvement-Before-and-After-18x8.jpg 18w\" sizes=\"(max-width: 500px) 100vw, 500px\" \/>\t\t\t\t\t\t\t\t\t\t\t<figcaption class=\"widget-image-caption wp-caption-text\">Y\u00fcz K\u0131zar\u0131kl\u0131\u011f\u0131 \u0130yile\u015ftirme \u00d6ncesi ve Sonras\u0131<\/figcaption>\n\t\t\t\t\t\t\t\t\t\t<\/figure>\n\t\t\t\t\t\t\t\t\t<\/div>\n\t\t\t\t<\/div>\n\t\t\t\t<\/div>\n\t\t<div class=\"elementor-element elementor-element-85e3431 e-con-full e-flex e-con e-child\" data-id=\"85e3431\" data-element_type=\"container\">\n\t\t\t\t<div class=\"elementor-element elementor-element-f8dcd8e elementor-widget elementor-widget-image\" data-id=\"f8dcd8e\" data-element_type=\"widget\" data-widget_type=\"image.default\">\n\t\t\t\t<div class=\"elementor-widget-container\">\n\t\t\t\t\t\t\t\t\t\t\t\t<figure class=\"wp-caption\">\n\t\t\t\t\t\t\t\t\t\t<img loading=\"lazy\" decoding=\"async\" width=\"500\" height=\"224\" src=\"https:\/\/delyava.com\/wp-content\/uploads\/2025\/03\/Cheeks-redness-before-and-after-treatment.jpg\" class=\"attachment-large size-large wp-image-11865\" alt=\"Tedavi \u00f6ncesi ve sonras\u0131 yanak k\u0131zar\u0131kl\u0131\u011f\u0131\" srcset=\"https:\/\/delyava.com\/wp-content\/uploads\/2025\/03\/Cheeks-redness-before-and-after-treatment.jpg 500w, https:\/\/delyava.com\/wp-content\/uploads\/2025\/03\/Cheeks-redness-before-and-after-treatment-300x134.jpg 300w, https:\/\/delyava.com\/wp-content\/uploads\/2025\/03\/Cheeks-redness-before-and-after-treatment-18x8.jpg 18w\" sizes=\"(max-width: 500px) 100vw, 500px\" \/>\t\t\t\t\t\t\t\t\t\t\t<figcaption class=\"widget-image-caption wp-caption-text\">Tedavi \u00f6ncesi ve sonras\u0131 yanak k\u0131zar\u0131kl\u0131\u011f\u0131<\/figcaption>\n\t\t\t\t\t\t\t\t\t\t<\/figure>\n\t\t\t\t\t\t\t\t\t<\/div>\n\t\t\t\t<\/div>\n\t\t\t\t<\/div>\n\t\t<div class=\"elementor-element elementor-element-00b549a e-con-full e-flex e-con e-child\" data-id=\"00b549a\" data-element_type=\"container\">\n\t\t\t\t<div class=\"elementor-element elementor-element-1d45a9f elementor-widget elementor-widget-image\" data-id=\"1d45a9f\" data-element_type=\"widget\" data-widget_type=\"image.default\">\n\t\t\t\t<div class=\"elementor-widget-container\">\n\t\t\t\t\t\t\t\t\t\t\t\t<figure class=\"wp-caption\">\n\t\t\t\t\t\t\t\t\t\t<img loading=\"lazy\" decoding=\"async\" width=\"500\" height=\"224\" src=\"https:\/\/delyava.com\/wp-content\/uploads\/2025\/03\/Perinasal-Vascular-Problems-Before-and-After-Treatment.jpg\" class=\"attachment-large size-large wp-image-11866\" alt=\"Perinazal Vask\u00fcler Sorunlar Tedavi \u00d6ncesi ve Sonras\u0131\" srcset=\"https:\/\/delyava.com\/wp-content\/uploads\/2025\/03\/Perinasal-Vascular-Problems-Before-and-After-Treatment.jpg 500w, https:\/\/delyava.com\/wp-content\/uploads\/2025\/03\/Perinasal-Vascular-Problems-Before-and-After-Treatment-300x134.jpg 300w, https:\/\/delyava.com\/wp-content\/uploads\/2025\/03\/Perinasal-Vascular-Problems-Before-and-After-Treatment-18x8.jpg 18w\" sizes=\"(max-width: 500px) 100vw, 500px\" \/>\t\t\t\t\t\t\t\t\t\t\t<figcaption class=\"widget-image-caption wp-caption-text\">Perinazal Vask\u00fcler Sorunlar Tedavi \u00d6ncesi ve Sonras\u0131<\/figcaption>\n\t\t\t\t\t\t\t\t\t\t<\/figure>\n\t\t\t\t\t\t\t\t\t<\/div>\n\t\t\t\t<\/div>\n\t\t\t\t<\/div>\n\t\t<div class=\"elementor-element elementor-element-b96d909 e-con-full e-flex e-con e-child\" data-id=\"b96d909\" data-element_type=\"container\">\n\t\t\t\t<div class=\"elementor-element elementor-element-a764978 elementor-widget elementor-widget-image\" data-id=\"a764978\" data-element_type=\"widget\" data-widget_type=\"image.default\">\n\t\t\t\t<div class=\"elementor-widget-container\">\n\t\t\t\t\t\t\t\t\t\t\t\t<figure class=\"wp-caption\">\n\t\t\t\t\t\t\t\t\t\t<img loading=\"lazy\" decoding=\"async\" width=\"500\" height=\"224\" src=\"https:\/\/delyava.com\/wp-content\/uploads\/2025\/03\/Side-face-vascular-lesion-repair-before-and-after.jpg\" class=\"attachment-large size-large wp-image-11870\" alt=\"Yan y\u00fcz vask\u00fcler lezyon onar\u0131m\u0131 \u00f6ncesi ve sonras\u0131\" srcset=\"https:\/\/delyava.com\/wp-content\/uploads\/2025\/03\/Side-face-vascular-lesion-repair-before-and-after.jpg 500w, https:\/\/delyava.com\/wp-content\/uploads\/2025\/03\/Side-face-vascular-lesion-repair-before-and-after-300x134.jpg 300w, https:\/\/delyava.com\/wp-content\/uploads\/2025\/03\/Side-face-vascular-lesion-repair-before-and-after-18x8.jpg 18w\" sizes=\"(max-width: 500px) 100vw, 500px\" \/>\t\t\t\t\t\t\t\t\t\t\t<figcaption class=\"widget-image-caption wp-caption-text\">Yan y\u00fcz vask\u00fcler lezyon onar\u0131m\u0131 \u00f6ncesi ve sonras\u0131<\/figcaption>\n\t\t\t\t\t\t\t\t\t\t<\/figure>\n\t\t\t\t\t\t\t\t\t<\/div>\n\t\t\t\t<\/div>\n\t\t\t\t<\/div>\n\t\t\t\t<\/div>\n\t\t\t\t\t<\/div>\n\t\t\t\t<\/div>\n\t\t\t\t<\/div>","protected":false},"excerpt":{"rendered":"<p>Vascular Lesions Targeted laser energy gently breaks down unwanted blood vessels, causing them to gradually fade and be absorbed by the body. With each session, visible redness and discoloration diminish, leaving clearer, healthier-looking skin\u2014no damage to surrounding tissue. After a full course of treatment, vascular lesions are significantly reduced or completely resolved. Vascular Lesions Vascular [&hellip;]<\/p>","protected":false},"author":2,"featured_media":0,"parent":0,"menu_order":0,"comment_status":"closed","ping_status":"closed","template":"","meta":{"_seopress_robots_primary_cat":"","_seopress_titles_title":"","_seopress_titles_desc":"","_seopress_robots_index":"","footnotes":""},"class_list":["post-11825","page","type-page","status-publish","hentry"],"_links":{"self":[{"href":"https:\/\/delyava.com\/tr\/wp-json\/wp\/v2\/pages\/11825","targetHints":{"allow":["GET"]}}],"collection":[{"href":"https:\/\/delyava.com\/tr\/wp-json\/wp\/v2\/pages"}],"about":[{"href":"https:\/\/delyava.com\/tr\/wp-json\/wp\/v2\/types\/page"}],"author":[{"embeddable":true,"href":"https:\/\/delyava.com\/tr\/wp-json\/wp\/v2\/users\/2"}],"replies":[{"embeddable":true,"href":"https:\/\/delyava.com\/tr\/wp-json\/wp\/v2\/comments?post=11825"}],"version-history":[{"count":12,"href":"https:\/\/delyava.com\/tr\/wp-json\/wp\/v2\/pages\/11825\/revisions"}],"predecessor-version":[{"id":17292,"href":"https:\/\/delyava.com\/tr\/wp-json\/wp\/v2\/pages\/11825\/revisions\/17292"}],"wp:attachment":[{"href":"https:\/\/delyava.com\/tr\/wp-json\/wp\/v2\/media?parent=11825"}],"curies":[{"name":"wp","href":"https:\/\/api.w.org\/{rel}","templated":true}]}}