{"id":9268,"date":"2025-02-14T15:24:13","date_gmt":"2025-02-14T07:24:13","guid":{"rendered":"https:\/\/delyava.com\/?post_type=product&#038;p=9268"},"modified":"2025-02-14T16:48:07","modified_gmt":"2025-02-14T08:48:07","slug":"7d-hifu-machine-ultramax","status":"publish","type":"product","link":"https:\/\/delyava.com\/ro\/products\/7d-hifu-machine-ultramax\/","title":{"rendered":"Aparat 7D HIFU ULTRAMAX"},"content":{"rendered":"<div data-elementor-type=\"product-post\" data-elementor-id=\"9268\" class=\"elementor elementor-9268\" data-elementor-post-type=\"product\">\n\t\t\t\t<div class=\"elementor-element elementor-element-f54a151 e-flex e-con-boxed e-con e-parent\" data-id=\"f54a151\" data-element_type=\"container\">\n\t\t\t\t\t<div class=\"e-con-inner\">\n\t\t\t\t<div class=\"elementor-element elementor-element-6bc09aa elementor-widget elementor-widget-heading\" data-id=\"6bc09aa\" data-element_type=\"widget\" data-widget_type=\"heading.default\">\n\t\t\t\t<div class=\"elementor-widget-container\">\n\t\t\t\t\t<h3 class=\"elementor-heading-title elementor-size-default\">Cum func\u021bioneaz\u0103 aparatele hifu<\/h3>\t\t\t\t<\/div>\n\t\t\t\t<\/div>\n\t\t\t\t\t<\/div>\n\t\t\t\t<\/div>\n\t\t<div class=\"elementor-element elementor-element-eda9b1a e-flex e-con-boxed e-con e-parent\" data-id=\"eda9b1a\" data-element_type=\"container\">\n\t\t\t\t\t<div class=\"e-con-inner\">\n\t\t<div class=\"elementor-element elementor-element-7e1e5d8 e-con-full e-flex e-con e-child\" data-id=\"7e1e5d8\" data-element_type=\"container\">\n\t\t\t\t<div class=\"elementor-element elementor-element-5864119 elementor-widget elementor-widget-text-editor\" data-id=\"5864119\" data-element_type=\"widget\" data-widget_type=\"text-editor.default\">\n\t\t\t\t<div class=\"elementor-widget-container\">\n\t\t\t\t\t\t\t\t\t<p>\u00a0<\/p><div data-page-id=\"NKUOdHU5AorUHjx01y2cSQIan2d\" data-lark-html-role=\"root\" data-docx-has-block-data=\"false\"><div class=\"ace-line ace-line old-record-id-XxU0dvPGno7t0rx5DMycuGfkn9e\"><p>ULTRAMAX este un dispozitiv estetic non-invaziv pentru lifting facial, fermitate, str\u00e2ngere corporal\u0103 \u0219i conturare. Ofer\u0103 tratamente personalizate pentru fa\u021b\u0103, g\u00e2t \u0219i corp, utilizate pe scar\u0103 larg\u0103 pe pia\u021ba estetic\u0103. Folosind tehnologia MMFU, ofer\u0103 energie precis\u0103 cu ultrasunete pentru a viza straturile pielii pentru ridicare \u0219i fermitate, \u00een timp ce mic\u0219oreaz\u0103 \u0219i elimin\u0103 celulele adipoase \u00eenc\u0103p\u0103\u021b\u00e2nate din stratul subcutanat f\u0103r\u0103 a afecta \u021besuturile din jur.<\/p><\/div><\/div>\t\t\t\t\t\t\t\t<\/div>\n\t\t\t\t<\/div>\n\t\t\t\t<\/div>\n\t\t<div class=\"elementor-element elementor-element-4d908ad e-con-full e-flex e-con e-child\" data-id=\"4d908ad\" data-element_type=\"container\">\n\t\t\t\t<div class=\"elementor-element elementor-element-8f050b3 elementor-widget elementor-widget-image\" data-id=\"8f050b3\" data-element_type=\"widget\" data-widget_type=\"image.default\">\n\t\t\t\t<div class=\"elementor-widget-container\">\n\t\t\t\t\t\t\t\t\t\t\t\t<figure class=\"wp-caption\">\n\t\t\t\t\t\t\t\t\t\t<img fetchpriority=\"high\" decoding=\"async\" width=\"800\" height=\"219\" src=\"https:\/\/delyava.com\/wp-content\/uploads\/2025\/02\/How-the-hifu-machines-Works-1024x280.jpeg\" class=\"attachment-large size-large wp-image-9257\" alt=\"Cum func\u021bioneaz\u0103 aparatele hifu\" srcset=\"https:\/\/delyava.com\/wp-content\/uploads\/2025\/02\/How-the-hifu-machines-Works-1024x280.jpeg 1024w, https:\/\/delyava.com\/wp-content\/uploads\/2025\/02\/How-the-hifu-machines-Works-300x82.jpeg 300w, https:\/\/delyava.com\/wp-content\/uploads\/2025\/02\/How-the-hifu-machines-Works-768x210.jpeg 768w, https:\/\/delyava.com\/wp-content\/uploads\/2025\/02\/How-the-hifu-machines-Works-1536x420.jpeg 1536w, https:\/\/delyava.com\/wp-content\/uploads\/2025\/02\/How-the-hifu-machines-Works-18x5.jpeg 18w, https:\/\/delyava.com\/wp-content\/uploads\/2025\/02\/How-the-hifu-machines-Works-600x164.jpeg 600w, https:\/\/delyava.com\/wp-content\/uploads\/2025\/02\/How-the-hifu-machines-Works.jpeg 1900w\" sizes=\"(max-width: 800px) 100vw, 800px\" \/>\t\t\t\t\t\t\t\t\t\t\t<figcaption class=\"widget-image-caption wp-caption-text\">Cum func\u021bioneaz\u0103 aparatele hifu<\/figcaption>\n\t\t\t\t\t\t\t\t\t\t<\/figure>\n\t\t\t\t\t\t\t\t\t<\/div>\n\t\t\t\t<\/div>\n\t\t\t\t<\/div>\n\t\t\t\t\t<\/div>\n\t\t\t\t<\/div>\n\t\t<div class=\"elementor-element elementor-element-a44b5d8 e-flex e-con-boxed e-con e-parent\" data-id=\"a44b5d8\" data-element_type=\"container\">\n\t\t\t\t\t<div class=\"e-con-inner\">\n\t\t\t\t<div class=\"elementor-element elementor-element-2e2b0ac elementor-widget elementor-widget-heading\" data-id=\"2e2b0ac\" data-element_type=\"widget\" data-widget_type=\"heading.default\">\n\t\t\t\t<div class=\"elementor-widget-container\">\n\t\t\t\t\t<h2 class=\"elementor-heading-title elementor-size-default\">Introducere \u00een componentele instrumentului<\/h2>\t\t\t\t<\/div>\n\t\t\t\t<\/div>\n\t\t\t\t\t<\/div>\n\t\t\t\t<\/div>\n\t\t<div class=\"elementor-element elementor-element-72f0be4 e-flex e-con-boxed e-con e-parent\" data-id=\"72f0be4\" data-element_type=\"container\">\n\t\t\t\t\t<div class=\"e-con-inner\">\n\t\t\t\t<div class=\"elementor-element elementor-element-5c8af68 elementor-widget__width-initial elementor-widget elementor-widget-image\" data-id=\"5c8af68\" data-element_type=\"widget\" data-widget_type=\"image.default\">\n\t\t\t\t<div class=\"elementor-widget-container\">\n\t\t\t\t\t\t\t\t\t\t\t\t\t\t\t<img decoding=\"async\" width=\"800\" height=\"544\" src=\"https:\/\/delyava.com\/wp-content\/uploads\/2025\/02\/Introduction-to-Instrument-Components-1024x696.jpeg\" class=\"attachment-large size-large wp-image-9248\" alt=\"Introducere \u00een componentele instrumentului\" srcset=\"https:\/\/delyava.com\/wp-content\/uploads\/2025\/02\/Introduction-to-Instrument-Components-1024x696.jpeg 1024w, https:\/\/delyava.com\/wp-content\/uploads\/2025\/02\/Introduction-to-Instrument-Components-300x204.jpeg 300w, https:\/\/delyava.com\/wp-content\/uploads\/2025\/02\/Introduction-to-Instrument-Components-768x522.jpeg 768w, https:\/\/delyava.com\/wp-content\/uploads\/2025\/02\/Introduction-to-Instrument-Components-1536x1044.jpeg 1536w, https:\/\/delyava.com\/wp-content\/uploads\/2025\/02\/Introduction-to-Instrument-Components-2048x1392.jpeg 2048w, https:\/\/delyava.com\/wp-content\/uploads\/2025\/02\/Introduction-to-Instrument-Components-18x12.jpeg 18w, https:\/\/delyava.com\/wp-content\/uploads\/2025\/02\/Introduction-to-Instrument-Components-600x408.jpeg 600w\" sizes=\"(max-width: 800px) 100vw, 800px\" \/>\t\t\t\t\t\t\t\t\t\t\t\t\t\t\t<\/div>\n\t\t\t\t<\/div>\n\t\t\t\t<div class=\"elementor-element elementor-element-67f354c elementor-widget elementor-widget-image\" data-id=\"67f354c\" data-element_type=\"widget\" data-widget_type=\"image.default\">\n\t\t\t\t<div class=\"elementor-widget-container\">\n\t\t\t\t\t\t\t\t\t\t\t\t\t\t\t<img decoding=\"async\" width=\"800\" height=\"352\" src=\"https:\/\/delyava.com\/wp-content\/uploads\/2025\/02\/Introduction-to-Instrument-Components1-1024x451.jpeg\" class=\"attachment-large size-large wp-image-9251\" alt=\"Introducere \u00een componentele instrumentului1\" srcset=\"https:\/\/delyava.com\/wp-content\/uploads\/2025\/02\/Introduction-to-Instrument-Components1-1024x451.jpeg 1024w, https:\/\/delyava.com\/wp-content\/uploads\/2025\/02\/Introduction-to-Instrument-Components1-300x132.jpeg 300w, https:\/\/delyava.com\/wp-content\/uploads\/2025\/02\/Introduction-to-Instrument-Components1-768x338.jpeg 768w, https:\/\/delyava.com\/wp-content\/uploads\/2025\/02\/Introduction-to-Instrument-Components1-1536x676.jpeg 1536w, https:\/\/delyava.com\/wp-content\/uploads\/2025\/02\/Introduction-to-Instrument-Components1-2048x902.jpeg 2048w, https:\/\/delyava.com\/wp-content\/uploads\/2025\/02\/Introduction-to-Instrument-Components1-18x8.jpeg 18w, https:\/\/delyava.com\/wp-content\/uploads\/2025\/02\/Introduction-to-Instrument-Components1-600x264.jpeg 600w\" sizes=\"(max-width: 800px) 100vw, 800px\" \/>\t\t\t\t\t\t\t\t\t\t\t\t\t\t\t<\/div>\n\t\t\t\t<\/div>\n\t\t\t\t\t<\/div>\n\t\t\t\t<\/div>\n\t\t<div class=\"elementor-element elementor-element-1822c3b e-flex e-con-boxed e-con e-parent\" data-id=\"1822c3b\" data-element_type=\"container\">\n\t\t\t\t\t<div class=\"e-con-inner\">\n\t\t<div class=\"elementor-element elementor-element-cef95eb e-con-full e-flex e-con e-child\" data-id=\"cef95eb\" data-element_type=\"container\">\n\t\t<div class=\"elementor-element elementor-element-63581f5 e-con-full e-flex e-con e-child\" data-id=\"63581f5\" data-element_type=\"container\">\n\t\t<div class=\"elementor-element elementor-element-c3eb72d e-con-full e-flex e-con e-child\" data-id=\"c3eb72d\" data-element_type=\"container\">\n\t\t\t\t<div class=\"elementor-element elementor-element-314ba52 elementor-widget elementor-widget-image\" data-id=\"314ba52\" data-element_type=\"widget\" data-widget_type=\"image.default\">\n\t\t\t\t<div class=\"elementor-widget-container\">\n\t\t\t\t\t\t\t\t\t\t\t\t\t\t\t<img loading=\"lazy\" decoding=\"async\" width=\"736\" height=\"609\" src=\"https:\/\/delyava.com\/wp-content\/uploads\/2025\/02\/HIFU-treatment-machine-body-treatment-parts-1.jpg\" class=\"attachment-large size-large wp-image-9259\" alt=\"Piese pentru tratarea corpului ma\u0219inii de tratament HIFU\" srcset=\"https:\/\/delyava.com\/wp-content\/uploads\/2025\/02\/HIFU-treatment-machine-body-treatment-parts-1.jpg 736w, https:\/\/delyava.com\/wp-content\/uploads\/2025\/02\/HIFU-treatment-machine-body-treatment-parts-1-300x248.jpg 300w, https:\/\/delyava.com\/wp-content\/uploads\/2025\/02\/HIFU-treatment-machine-body-treatment-parts-1-15x12.jpg 15w, https:\/\/delyava.com\/wp-content\/uploads\/2025\/02\/HIFU-treatment-machine-body-treatment-parts-1-600x496.jpg 600w\" sizes=\"(max-width: 736px) 100vw, 736px\" \/>\t\t\t\t\t\t\t\t\t\t\t\t\t\t\t<\/div>\n\t\t\t\t<\/div>\n\t\t\t\t<\/div>\n\t\t\t\t<\/div>\n\t\t<div class=\"elementor-element elementor-element-06608fe e-con-full e-flex e-con e-child\" data-id=\"06608fe\" data-element_type=\"container\">\n\t\t\t\t<div class=\"elementor-element elementor-element-6a224eb elementor-widget elementor-widget-heading\" data-id=\"6a224eb\" data-element_type=\"widget\" data-widget_type=\"heading.default\">\n\t\t\t\t<div class=\"elementor-widget-container\">\n\t\t\t\t\t<h2 class=\"elementor-heading-title elementor-size-default\">Piese pentru tratarea corpului ma\u0219inii de tratament HIFU<\/h2>\t\t\t\t<\/div>\n\t\t\t\t<\/div>\n\t\t\t\t<div class=\"elementor-element elementor-element-68a1fa0 elementor-widget elementor-widget-text-editor\" data-id=\"68a1fa0\" data-element_type=\"widget\" data-widget_type=\"text-editor.default\">\n\t\t\t\t<div class=\"elementor-widget-container\">\n\t\t\t\t\t\t\t\t\t<p>Ma\u0219inile noastre de str\u00e2ngere a pielii hifu sunt echipate cu o varietate de sonde pentru a viza cu precizie diferite p\u0103r\u021bi ale corpului. Sondele de 6,0 mm \u0219i 9,0 mm sunt proiectate pentru a se potrivi unei game largi de nevoi individuale. Sondele de 6,0 mm \u0219i 9,0 mm sunt proiectate pentru a se potrivi unei game largi de nevoi individuale. Sonda de 6,0 mm este eficient\u0103 \u00een \u00eembun\u0103t\u0103\u021birea b\u0103rbiei duble, \u00een timp ce sonda de 9,0 mm poate fi utilizat\u0103 pentru a viza \u00een mod eficient zone precum fesele mamei, m\u00e2necile de fluture \u0219i picioarele de elefant, precum \u0219i s\u00e2nii, axilele, bra\u021bele, abdomenul, spatele, partea lateral\u0103 a taliei, coapsele, gambele, ajuta la \u00eembun\u0103t\u0103\u021birea precis\u0103 a sculpturii \u0219i a sculpt\u0103rii rapide. silueta corpului.<\/p>\t\t\t\t\t\t\t\t<\/div>\n\t\t\t\t<\/div>\n\t\t\t\t<\/div>\n\t\t\t\t<\/div>\n\t\t\t\t\t<\/div>\n\t\t\t\t<\/div>\n\t\t<div class=\"elementor-element elementor-element-92d410b e-flex e-con-boxed e-con e-parent\" data-id=\"92d410b\" data-element_type=\"container\">\n\t\t\t\t\t<div class=\"e-con-inner\">\n\t\t<div class=\"elementor-element elementor-element-57d281f e-con-full e-flex e-con e-child\" data-id=\"57d281f\" data-element_type=\"container\">\n\t\t\t\t<div class=\"elementor-element elementor-element-a56acec elementor-widget elementor-widget-heading\" data-id=\"a56acec\" data-element_type=\"widget\" data-widget_type=\"heading.default\">\n\t\t\t\t<div class=\"elementor-widget-container\">\n\t\t\t\t\t<h3 class=\"elementor-heading-title elementor-size-default\"> Aparat HIFU \u00cenainte \u0219i Dup\u0103<\/h3>\t\t\t\t<\/div>\n\t\t\t\t<\/div>\n\t\t\t\t<\/div>\n\t\t<div class=\"elementor-element elementor-element-4395a36 e-con-full e-flex e-con e-child\" data-id=\"4395a36\" data-element_type=\"container\">\n\t\t<div class=\"elementor-element elementor-element-d748ef2 e-con-full e-flex e-con e-child\" data-id=\"d748ef2\" data-element_type=\"container\">\n\t\t\t\t<div class=\"elementor-element elementor-element-7b7d881 elementor-widget elementor-widget-image\" data-id=\"7b7d881\" data-element_type=\"widget\" data-widget_type=\"image.default\">\n\t\t\t\t<div class=\"elementor-widget-container\">\n\t\t\t\t\t\t\t\t\t\t\t\t\t\t\t<img loading=\"lazy\" decoding=\"async\" width=\"750\" height=\"750\" src=\"https:\/\/delyava.com\/wp-content\/uploads\/2025\/02\/HIFU-7D-machine-Before-and-After.png\" class=\"attachment-large size-large wp-image-9260\" alt=\"Ma\u0219in\u0103 HIFU 7D \u00eenainte \u0219i dup\u0103\" srcset=\"https:\/\/delyava.com\/wp-content\/uploads\/2025\/02\/HIFU-7D-machine-Before-and-After.png 750w, https:\/\/delyava.com\/wp-content\/uploads\/2025\/02\/HIFU-7D-machine-Before-and-After-300x300.png 300w, https:\/\/delyava.com\/wp-content\/uploads\/2025\/02\/HIFU-7D-machine-Before-and-After-150x150.png 150w, https:\/\/delyava.com\/wp-content\/uploads\/2025\/02\/HIFU-7D-machine-Before-and-After-12x12.png 12w, https:\/\/delyava.com\/wp-content\/uploads\/2025\/02\/HIFU-7D-machine-Before-and-After-600x600.png 600w, https:\/\/delyava.com\/wp-content\/uploads\/2025\/02\/HIFU-7D-machine-Before-and-After-100x100.png 100w\" sizes=\"(max-width: 750px) 100vw, 750px\" \/>\t\t\t\t\t\t\t\t\t\t\t\t\t\t\t<\/div>\n\t\t\t\t<\/div>\n\t\t<div class=\"elementor-element elementor-element-14d2f1e e-con-full e-flex e-con e-child\" data-id=\"14d2f1e\" data-element_type=\"container\">\n\t\t\t\t<div class=\"elementor-element elementor-element-cf37953 elementor-widget elementor-widget-text-editor\" data-id=\"cf37953\" data-element_type=\"widget\" data-widget_type=\"text-editor.default\">\n\t\t\t\t<div class=\"elementor-widget-container\">\n\t\t\t\t\t\t\t\t\t<ol><li>Str\u00e2nge obrajii, ridic\u0103 fa\u021ba \u0219i reduce ridurile de pe frunte, ochi \u0219i buze.<\/li><li>\u00cembun\u0103t\u0103\u021be\u0219te textura pielii, reduce liniile fine (picioarele de corb, sub ochi, pre-ureche, buze, frunte, spr\u00e2ncene, pliuri nazolabiale, g\u00e2t) \u0219i red\u0103 netezimea.<\/li><li>Reduce liniile de g\u00e2t, previne \u00eemb\u0103tr\u00e2nirea \u0219i stimuleaz\u0103 regenerarea colagenului pentru a \u00eembun\u0103t\u0103\u021bi elasticitatea \u0219i fermitatea pielii.<\/li><li>Cre\u0219te\u021bi elasticitatea pielii, rafina\u021bi contururile, controla\u021bi uleiul \u0219i minimiza\u021bi porii pentru un aspect neted \u0219i tineresc.<\/li><\/ol>\t\t\t\t\t\t\t\t<\/div>\n\t\t\t\t<\/div>\n\t\t\t\t<\/div>\n\t\t\t\t<\/div>\n\t\t\t\t<\/div>\n\t\t\t\t\t<\/div>\n\t\t\t\t<\/div>\n\t\t<div class=\"elementor-element elementor-element-e741634 e-flex e-con-boxed e-con e-parent\" data-id=\"e741634\" data-element_type=\"container\">\n\t\t\t\t\t<div class=\"e-con-inner\">\n\t\t\t\t<div class=\"elementor-element elementor-element-e042ac3 elementor-widget elementor-widget-heading\" data-id=\"e042ac3\" data-element_type=\"widget\" data-widget_type=\"heading.default\">\n\t\t\t\t<div class=\"elementor-widget-container\">\n\t\t\t\t\t<h4 class=\"elementor-heading-title elementor-size-default\">Parametrul ma\u0219inii 7D Hifu<\/h4>\t\t\t\t<\/div>\n\t\t\t\t<\/div>\n\t\t\t\t<div class=\"elementor-element elementor-element-0298e5b elementor-widget elementor-widget-text-editor\" data-id=\"0298e5b\" data-element_type=\"widget\" data-widget_type=\"text-editor.default\">\n\t\t\t\t<div class=\"elementor-widget-container\">\n\t\t\t\t\t\t\t\t\t<table><tbody><tr><td width=\"174\"><p>Frecven\u0163\u0103<\/p><\/td><td width=\"739\"><p>2MHz\/4MHz\/5,5MHz\/7MHz<\/p><\/td><\/tr><tr><td width=\"174\"><p>Sistem de lucru<\/p><\/td><td width=\"739\"><p>Ie\u0219ire inteligent\u0103 \u00een mod digital cu impulsuri de control dublu<\/p><\/td><\/tr><tr><td width=\"174\"><p>Energie<\/p><\/td><td width=\"739\"><p>0,1 \u2013 2J reglabil<\/p><\/td><\/tr><tr><td width=\"174\"><p>Lungimea de intrare<\/p><\/td><td width=\"739\"><p>5 \u2013 25 mm reglabil<\/p><\/td><\/tr><tr><td width=\"174\"><p>Spa\u021biere de intrare<\/p><\/td><td width=\"739\"><p>1 \u2013 2 mm<\/p><\/td><\/tr><tr><td width=\"174\"><p>Cap de tratament<\/p><\/td><td width=\"739\"><p>1,5\/2,0\/3,0\/4,5\/6,0\/9,0\/13,0 mm<\/p><\/td><\/tr><tr><td width=\"174\"><p>Mod de operare<\/p><\/td><td width=\"739\"><p>Impuls unic\/Mod puls<\/p><\/td><\/tr><tr><td width=\"174\"><p>Putere de intrare<\/p><\/td><td width=\"739\"><p>AC 110V \u2013 220V \u2013 50Hz\/60Hz<\/p><\/td><\/tr><tr><td width=\"174\"><p>Dimensiunea pachetului<\/p><\/td><td width=\"739\"><p>53*46*44,5 cm<\/p><\/td><\/tr><tr><td width=\"174\"><p>Pachetul GW<\/p><\/td><td width=\"739\"><p>22 kg<\/p><\/td><\/tr><tr><td width=\"174\"><p>Masina GW<\/p><\/td><td width=\"739\"><p>20 kg<\/p><\/td><\/tr><\/tbody><\/table><p>\u00a0<\/p>\t\t\t\t\t\t\t\t<\/div>\n\t\t\t\t<\/div>\n\t\t\t\t\t<\/div>\n\t\t\t\t<\/div>\n\t\t<div class=\"elementor-element elementor-element-9b6194f e-flex e-con-boxed e-con e-parent\" data-id=\"9b6194f\" data-element_type=\"container\">\n\t\t\t\t\t<div class=\"e-con-inner\">\n\t\t<div class=\"elementor-element elementor-element-5b9bc99 e-con-full e-flex e-con e-child\" data-id=\"5b9bc99\" data-element_type=\"container\">\n\t\t\t\t<div class=\"elementor-element elementor-element-aa3be0d elementor-widget elementor-widget-heading\" data-id=\"aa3be0d\" data-element_type=\"widget\" data-widget_type=\"heading.default\">\n\t\t\t\t<div class=\"elementor-widget-container\">\n\t\t\t\t\t<h4 class=\"elementor-heading-title elementor-size-default\">\u00ceNTREB\u0102RI FRECVENTE<\/h4>\t\t\t\t<\/div>\n\t\t\t\t<\/div>\n\t\t\t\t<div class=\"elementor-element elementor-element-6e748f3 elementor-widget elementor-widget-text-editor\" data-id=\"6e748f3\" data-element_type=\"widget\" data-widget_type=\"text-editor.default\">\n\t\t\t\t<div class=\"elementor-widget-container\">\n\t\t\t\t\t\t\t\t\t<p><strong>1. Care sunt m\u0103surile de precau\u021bie dup\u0103 aparatul de tratament HIFU?<\/strong><\/p><p>Evita\u021bi alimentele picante dup\u0103 tratament; nu v\u0103 sp\u0103la\u021bi fa\u021ba cu ap\u0103 prea fierbinte sau prea rece timp de o s\u0103pt\u0103m\u00e2n\u0103; nu face\u021bi yoga la temperatur\u0103 \u00eenalt\u0103, saun\u0103, aburire facial\u0103 \u0219i masaj facial pentru a evita presiunea asupra fe\u021bei; aplica o masca in fiecare zi timp de o saptamana pentru a-ti rehidrata fata; acorda\u021bi aten\u021bie protec\u021biei solare; nu utiliza\u021bi echipamente de radiofrecven\u021b\u0103 sau fototerapie timp de o lun\u0103. \u00cen plus, tratamentul 7D HIFU poate fi efectuat doar la 20 \u2013 30 de zile dup\u0103 injectarea acidului hialuronic.<br \/><strong>2. Cine nu este potrivit pentru ma\u0219ina hifu 7D?<\/strong><\/p><p>Tratamentul 7D HIFU nu este potrivit pentru femeile \u00eens\u0103rcinate, pacien\u021bii cu boli cardiace severe, pacien\u021bii cu tumori maligne, pacien\u021bii cu hemofilie sau s\u00e2ngerare sever\u0103, pacien\u021bii cu boli majore, boli de piele \u0219i boli infec\u021bioase, pacien\u021bi cu inim\u0103, creier, centrul nervos al g\u00e2tului, coloanei vertebrale, ochi, s\u00e2nger\u0103ri, pacien\u021bi cu injec\u021bie, pacien\u021bi cu hipertiroidism, pacien\u021bi cu hipertiroidism \u0219i pacien\u021bi cu hipertiroidism. De asemenea, trebuie utilizat cu pruden\u021b\u0103 la pacien\u021bii bolnavi, cu excep\u021bia cazului \u00een care este aprobat de un medic.<br \/><strong>3. Este al<\/strong><strong>E ma\u0219in\u0103 hifu dureroas\u0103 <\/strong><strong>?<\/strong><\/p><p>Unii oameni pot sim\u021bi o senza\u021bie \u00een timpul tratamentului, dar de obicei este tolerabil\u0103. Energia este reglat\u0103 de la sc\u0103zut la mare \u0219i va fi ajustat\u0103 de medic \u00een func\u021bie de nivelul de toleran\u021b\u0103 al pacientului. De exemplu, atunci c\u00e2nd are grij\u0103 de zona frun\u021bii, utilizatorul poate trage v\u00e2rful sondei str\u00e2ns spre frunte pentru a scoate energie pentru a calma durerea. De asemenea, folosirea mediului potrivit (ex. gel fotosensibil, gel de r\u0103cire) poate ajuta la reducerea disconfortului.<br \/><strong>4. C\u00e2t timp dureaz\u0103 pentru a vedea rezultate dup\u0103 un tratament 7D HIFU?<\/strong><\/p><p>Pot exista unele rezultate, cum ar fi str\u00e2ngerea crescut\u0103 a pielii, imediat dup\u0103 tratament. Cu toate acestea, rezultate mai vizibile apar de obicei treptat la 1 \u2013 3 luni dup\u0103 tratament, deoarece este nevoie de timp pentru ca tratamentul s\u0103 stimuleze regenerarea \u0219i reorganizarea colagenului. Rezultatele sunt mai vizibile \u0219i de lung\u0103 durat\u0103 dup\u0103 mai multe tratamente, de exemplu dup\u0103 6 luni (2 tratamente) sau mai mult, starea pielii este mai complet \u00eembun\u0103t\u0103\u021bit\u0103.<br \/><strong>5. Care sunt efectele secundare de str\u00e2ngere a pielii 7D hifu?<\/strong><\/p><p>7D HIFU este sigur \u00een condi\u021bii de practic\u0103 \u0219i \u00eengrijire standardizate \u0219i, de obicei, nu are efecte secundare semnificative. C\u00e2teva persoane pot avea ro\u0219ea\u021b\u0103 tranzitorie \u0219i u\u0219oar\u0103 umflare a pielii dup\u0103 tratament, care se va atenua \u00een mod natural \u00een c\u00e2teva ore. Tehnica este precis\u0103, cu un risc sc\u0103zut de arsuri, infec\u021bie \u0219i afectare a nervilor, iar majoritatea oamenilor au rezultate satisf\u0103c\u0103toare.<\/p>\t\t\t\t\t\t\t\t<\/div>\n\t\t\t\t<\/div>\n\t\t\t\t<\/div>\n\t\t\t\t\t<\/div>\n\t\t\t\t<\/div>\n\t\t\t\t<\/div>","protected":false},"excerpt":{"rendered":"<ul>\n<li><strong>Lifting \u0219i conturare non-chirurgicale<\/strong>: MMFU este un sistem non-invaziv pentru lifting facial \u0219i corporal, fermitate \u0219i conturare folosind c\u0103ldur\u0103 cu ultrasunete, f\u0103r\u0103 interven\u021bie chirurgical\u0103.<\/li>\n<li><strong>Direc\u021bionare de precizie<\/strong>: Punctul de focalizare mai mic furnizeaz\u0103 energie ultrasunete de 65-75\u00b0C exact straturilor vizate ale pielii pentru un tratament precis.<\/li>\n<li><strong>Efectul de termocoagulare<\/strong>: creeaz\u0103 c\u0103ldur\u0103 controlat\u0103 \u00een straturile profunde (SMAS, derm\u0103) f\u0103r\u0103 a deteriora \u021besuturile din jur, stimul\u00e2nd regenerarea colagenului \u0219i a elastinei.<\/li>\n<li><strong>Tratament SMAS profund<\/strong>: Vizeaz\u0103 stratul fasciei SMAS pentru a combate \u00eemb\u0103tr\u00e2nirea, pierderea \u021besuturilor \u0219i laxitatea pielii pentru lifting \u0219i etan\u0219eitate de lung\u0103 durat\u0103.<\/li>\n<li><strong>Confort \u0219i siguran\u021b\u0103 sporite<\/strong>: Conceput pentru un confort sporit \u00een timpul tratamentului, las\u0103 pielea plin\u0103, ferm\u0103 \u0219i \u00eentinerit\u0103 cu un timp de nefunc\u021bionare minim.<\/li>\n<\/ul>","protected":false},"featured_media":9269,"template":"","meta":{"_seopress_robots_primary_cat":"none","_seopress_titles_title":"","_seopress_titles_desc":"","_seopress_robots_index":""},"product_brand":[],"product_cat":[36],"product_tag":[],"class_list":{"0":"post-9268","1":"product","2":"type-product","3":"status-publish","4":"has-post-thumbnail","6":"product_cat-hifu-machines","8":"first","9":"instock","10":"shipping-taxable","11":"product-type-simple"},"_links":{"self":[{"href":"https:\/\/delyava.com\/ro\/wp-json\/wp\/v2\/product\/9268","targetHints":{"allow":["GET"]}}],"collection":[{"href":"https:\/\/delyava.com\/ro\/wp-json\/wp\/v2\/product"}],"about":[{"href":"https:\/\/delyava.com\/ro\/wp-json\/wp\/v2\/types\/product"}],"version-history":[{"count":0,"href":"https:\/\/delyava.com\/ro\/wp-json\/wp\/v2\/product\/9268\/revisions"}],"wp:featuredmedia":[{"embeddable":true,"href":"https:\/\/delyava.com\/ro\/wp-json\/wp\/v2\/media\/9269"}],"wp:attachment":[{"href":"https:\/\/delyava.com\/ro\/wp-json\/wp\/v2\/media?parent=9268"}],"wp:term":[{"taxonomy":"product_brand","embeddable":true,"href":"https:\/\/delyava.com\/ro\/wp-json\/wp\/v2\/product_brand?post=9268"},{"taxonomy":"product_cat","embeddable":true,"href":"https:\/\/delyava.com\/ro\/wp-json\/wp\/v2\/product_cat?post=9268"},{"taxonomy":"product_tag","embeddable":true,"href":"https:\/\/delyava.com\/ro\/wp-json\/wp\/v2\/product_tag?post=9268"}],"curies":[{"name":"wp","href":"https:\/\/api.w.org\/{rel}","templated":true}]}}