{"id":3494,"date":"2024-08-23T16:23:45","date_gmt":"2024-08-23T08:23:45","guid":{"rendered":"https:\/\/delyava.com\/?page_id=3494"},"modified":"2025-03-28T11:28:34","modified_gmt":"2025-03-28T03:28:34","slug":"stable-fast-delivery","status":"publish","type":"page","link":"https:\/\/delyava.com\/ro\/stable-fast-delivery\/","title":{"rendered":"Livrare stabil\u0103 \u0219i rapid\u0103"},"content":{"rendered":"<div data-elementor-type=\"wp-page\" data-elementor-id=\"3494\" class=\"elementor elementor-3494\" data-elementor-post-type=\"page\">\n\t\t\t\t<div class=\"elementor-element elementor-element-64e5229 e-flex e-con-boxed e-con e-parent\" data-id=\"64e5229\" data-element_type=\"container\">\n\t\t\t\t\t<div class=\"e-con-inner\">\n\t\t<div class=\"elementor-element elementor-element-9f70ac8 e-con-full e-flex e-con e-child\" data-id=\"9f70ac8\" data-element_type=\"container\" data-settings=\"{&quot;background_background&quot;:&quot;classic&quot;}\">\n\t\t<div class=\"elementor-element elementor-element-a8b9791 e-con-full e-flex e-con e-child\" data-id=\"a8b9791\" data-element_type=\"container\">\n\t\t\t\t<div class=\"elementor-element elementor-element-6693d2a elementor-widget elementor-widget-heading\" data-id=\"6693d2a\" data-element_type=\"widget\" data-widget_type=\"heading.default\">\n\t\t\t\t<div class=\"elementor-widget-container\">\n\t\t\t\t\t<h1 class=\"elementor-heading-title elementor-size-default\">Livrare stabil\u0103 \u0219i rapid\u0103<\/h1>\t\t\t\t<\/div>\n\t\t\t\t<\/div>\n\t\t\t\t<\/div>\n\t\t\t\t<\/div>\n\t\t\t\t\t<\/div>\n\t\t\t\t<\/div>\n\t\t<div class=\"elementor-element elementor-element-aa37d59 e-flex e-con-boxed e-con e-parent\" data-id=\"aa37d59\" data-element_type=\"container\">\n\t\t\t\t\t<div class=\"e-con-inner\">\n\t\t<div class=\"elementor-element elementor-element-f1756e8 e-con-full e-flex e-con e-child\" data-id=\"f1756e8\" data-element_type=\"container\">\n\t\t<div class=\"elementor-element elementor-element-9976c6e e-con-full e-flex e-con e-child\" data-id=\"9976c6e\" data-element_type=\"container\">\n\t\t\t\t<div class=\"elementor-element elementor-element-72a06a3 elementor-widget elementor-widget-heading\" data-id=\"72a06a3\" data-element_type=\"widget\" data-widget_type=\"heading.default\">\n\t\t\t\t<div class=\"elementor-widget-container\">\n\t\t\t\t\t<h4 class=\"elementor-heading-title elementor-size-default\">Dezvolta\u021bi-v\u0103 afacerea cu un lan\u021b de aprovizionare puternic<\/h4>\t\t\t\t<\/div>\n\t\t\t\t<\/div>\n\t\t\t\t<div class=\"elementor-element elementor-element-bc0a90a elementor-widget elementor-widget-text-editor\" data-id=\"bc0a90a\" data-element_type=\"widget\" data-widget_type=\"text-editor.default\">\n\t\t\t\t<div class=\"elementor-widget-container\">\n\t\t\t\t\t\t\t\t\tDelya are r\u0103d\u0103cini \u00een domeniul echipamentelor de \u00eenfrumuse\u021bare \u0219i a construit un lan\u021b de aprovizionare puternic. Delya coopereaz\u0103 cu furnizori de top de materii prime \u0219i introduce materiale de \u00eenalt\u0103 calitate, cum ar fi siliconul de calitate medical\u0103; de asemenea, coopereaz\u0103 cu turn\u0103torii cu experien\u021b\u0103 \u0219i respect\u0103 cu stricte\u021be standardele interna\u021bionale de produc\u021bie. Av\u00e2nd avantajul integr\u0103rii lan\u021bului de aprovizionare, Delya personalizeaz\u0103 echipamentele pentru angrosisti \u0219i m\u0103rci pentru a v\u0103 ajuta s\u0103 ocupa\u021bi pia\u021ba.\t\t\t\t\t\t\t\t<\/div>\n\t\t\t\t<\/div>\n\t\t\t\t<\/div>\n\t\t<div class=\"elementor-element elementor-element-decbc82 e-con-full e-flex e-con e-child\" data-id=\"decbc82\" data-element_type=\"container\">\n\t\t\t\t<div class=\"elementor-element elementor-element-25c27a8 elementor-widget elementor-widget-image\" data-id=\"25c27a8\" data-element_type=\"widget\" data-widget_type=\"image.default\">\n\t\t\t\t<div class=\"elementor-widget-container\">\n\t\t\t\t\t\t\t\t\t\t\t\t\t\t\t<img fetchpriority=\"high\" decoding=\"async\" width=\"800\" height=\"638\" src=\"https:\/\/delyava.com\/wp-content\/uploads\/2024\/08\/53ff2cd33665561cc6cc7b27499bdb70-1-1024x817.jpeg\" class=\"attachment-large size-large wp-image-2863\" alt=\"Dezvolta\u021bi-v\u0103 afacerea cu un lan\u021b de aprovizionare puternic\" srcset=\"https:\/\/delyava.com\/wp-content\/uploads\/2024\/08\/53ff2cd33665561cc6cc7b27499bdb70-1-1024x817.jpeg 1024w, https:\/\/delyava.com\/wp-content\/uploads\/2024\/08\/53ff2cd33665561cc6cc7b27499bdb70-1-300x239.jpeg 300w, https:\/\/delyava.com\/wp-content\/uploads\/2024\/08\/53ff2cd33665561cc6cc7b27499bdb70-1-768x612.jpeg 768w, https:\/\/delyava.com\/wp-content\/uploads\/2024\/08\/53ff2cd33665561cc6cc7b27499bdb70-1-1536x1225.jpeg 1536w, https:\/\/delyava.com\/wp-content\/uploads\/2024\/08\/53ff2cd33665561cc6cc7b27499bdb70-1-2048x1633.jpeg 2048w, https:\/\/delyava.com\/wp-content\/uploads\/2024\/08\/53ff2cd33665561cc6cc7b27499bdb70-1-600x478.jpeg 600w\" sizes=\"(max-width: 800px) 100vw, 800px\" \/>\t\t\t\t\t\t\t\t\t\t\t\t\t\t\t<\/div>\n\t\t\t\t<\/div>\n\t\t\t\t<\/div>\n\t\t\t\t<\/div>\n\t\t\t\t\t<\/div>\n\t\t\t\t<\/div>\n\t\t<div class=\"elementor-element elementor-element-7ca730c e-flex e-con-boxed e-con e-parent\" data-id=\"7ca730c\" data-element_type=\"container\">\n\t\t\t\t\t<div class=\"e-con-inner\">\n\t\t<div class=\"elementor-element elementor-element-4c5f5f0 e-con-full e-flex e-con e-child\" data-id=\"4c5f5f0\" data-element_type=\"container\">\n\t\t<div class=\"elementor-element elementor-element-65dc3d3 e-con-full e-flex e-con e-child\" data-id=\"65dc3d3\" data-element_type=\"container\">\n\t\t\t\t<div class=\"elementor-element elementor-element-13a1de7 elementor-view-default elementor-widget elementor-widget-icon\" data-id=\"13a1de7\" data-element_type=\"widget\" data-widget_type=\"icon.default\">\n\t\t\t\t<div class=\"elementor-widget-container\">\n\t\t\t\t\t\t\t<div class=\"elementor-icon-wrapper\">\n\t\t\t<div class=\"elementor-icon\">\n\t\t\t<svg aria-hidden=\"true\" class=\"e-font-icon-svg e-fab-sketch\" viewbox=\"0 0 512 512\" xmlns=\"http:\/\/www.w3.org\/2000\/svg\"><path d=\"M27.5 162.2L9 187.1h90.5l6.9-130.7-78.9 105.8zM396.3 45.7L267.7 32l135.7 147.2-7.1-133.5zM112.2 218.3l-11.2-22H9.9L234.8 458zm2-31.2h284l-81.5-88.5L256.3 33zm297.3 9.1L277.6 458l224.8-261.7h-90.9zM415.4 69L406 56.4l.9 17.3 6.1 113.4h90.3zM113.5 93.5l-4.6 85.6L244.7 32 116.1 45.7zm287.7 102.7h-290l42.4 82.9L256.3 480l144.9-283.8z\"><\/path><\/svg>\t\t\t<\/div>\n\t\t<\/div>\n\t\t\t\t\t\t<\/div>\n\t\t\t\t<\/div>\n\t\t\t\t<div class=\"elementor-element elementor-element-c8118b7 elementor-widget elementor-widget-heading\" data-id=\"c8118b7\" data-element_type=\"widget\" data-widget_type=\"heading.default\">\n\t\t\t\t<div class=\"elementor-widget-container\">\n\t\t\t\t\t<h3 class=\"elementor-heading-title elementor-size-default\">Livrat in 7 zile<\/h3>\t\t\t\t<\/div>\n\t\t\t\t<\/div>\n\t\t\t\t<div class=\"elementor-element elementor-element-84aacab elementor-widget elementor-widget-text-editor\" data-id=\"84aacab\" data-element_type=\"widget\" data-widget_type=\"text-editor.default\">\n\t\t\t\t<div class=\"elementor-widget-container\">\n\t\t\t\t\t\t\t\t\tAvem o gam\u0103 larg\u0103 de materii prime \u0219i fabrici proprii pentru a ne asigura c\u0103 produc\u021bia este sub control. Comenzile regulate sunt livrate \u00een termen de 7 zile, astfel \u00eenc\u00e2t s\u0103 nu rata\u021bi oportunitatea de pia\u021b\u0103.\t\t\t\t\t\t\t\t<\/div>\n\t\t\t\t<\/div>\n\t\t\t\t<\/div>\n\t\t<div class=\"elementor-element elementor-element-5ea9702 e-con-full e-flex e-con e-child\" data-id=\"5ea9702\" data-element_type=\"container\">\n\t\t\t\t<div class=\"elementor-element elementor-element-7713bf5 elementor-view-default elementor-widget elementor-widget-icon\" data-id=\"7713bf5\" data-element_type=\"widget\" data-widget_type=\"icon.default\">\n\t\t\t\t<div class=\"elementor-widget-container\">\n\t\t\t\t\t\t\t<div class=\"elementor-icon-wrapper\">\n\t\t\t<div class=\"elementor-icon\">\n\t\t\t<svg aria-hidden=\"true\" class=\"e-font-icon-svg e-fab-sketch\" viewbox=\"0 0 512 512\" xmlns=\"http:\/\/www.w3.org\/2000\/svg\"><path d=\"M27.5 162.2L9 187.1h90.5l6.9-130.7-78.9 105.8zM396.3 45.7L267.7 32l135.7 147.2-7.1-133.5zM112.2 218.3l-11.2-22H9.9L234.8 458zm2-31.2h284l-81.5-88.5L256.3 33zm297.3 9.1L277.6 458l224.8-261.7h-90.9zM415.4 69L406 56.4l.9 17.3 6.1 113.4h90.3zM113.5 93.5l-4.6 85.6L244.7 32 116.1 45.7zm287.7 102.7h-290l42.4 82.9L256.3 480l144.9-283.8z\"><\/path><\/svg>\t\t\t<\/div>\n\t\t<\/div>\n\t\t\t\t\t\t<\/div>\n\t\t\t\t<\/div>\n\t\t\t\t<div class=\"elementor-element elementor-element-70e7bcb elementor-widget elementor-widget-heading\" data-id=\"70e7bcb\" data-element_type=\"widget\" data-widget_type=\"heading.default\">\n\t\t\t\t<div class=\"elementor-widget-container\">\n\t\t\t\t\t<h3 class=\"elementor-heading-title elementor-size-default\">Comenzi urgente expediate \u00een 24 de ore<\/h3>\t\t\t\t<\/div>\n\t\t\t\t<\/div>\n\t\t\t\t<div class=\"elementor-element elementor-element-fc59e1c elementor-widget elementor-widget-text-editor\" data-id=\"fc59e1c\" data-element_type=\"widget\" data-widget_type=\"text-editor.default\">\n\t\t\t\t<div class=\"elementor-widget-container\">\n\t\t\t\t\t\t\t\t\tAi nevoie de echipament \u00een grab\u0103? V\u0103 avem acoperit. F\u0103r\u0103 o cantitate minim\u0103 de comand\u0103, comenzile accelerate sunt expediate \u00een 24 de ore pentru a r\u0103spunde nevoilor dumneavoastr\u0103 urgente.\t\t\t\t\t\t\t\t<\/div>\n\t\t\t\t<\/div>\n\t\t\t\t<\/div>\n\t\t<div class=\"elementor-element elementor-element-a9a025d e-con-full e-flex e-con e-child\" data-id=\"a9a025d\" data-element_type=\"container\">\n\t\t\t\t<div class=\"elementor-element elementor-element-2458ace elementor-view-default elementor-widget elementor-widget-icon\" data-id=\"2458ace\" data-element_type=\"widget\" data-widget_type=\"icon.default\">\n\t\t\t\t<div class=\"elementor-widget-container\">\n\t\t\t\t\t\t\t<div class=\"elementor-icon-wrapper\">\n\t\t\t<div class=\"elementor-icon\">\n\t\t\t<svg aria-hidden=\"true\" class=\"e-font-icon-svg e-fab-sketch\" viewbox=\"0 0 512 512\" xmlns=\"http:\/\/www.w3.org\/2000\/svg\"><path d=\"M27.5 162.2L9 187.1h90.5l6.9-130.7-78.9 105.8zM396.3 45.7L267.7 32l135.7 147.2-7.1-133.5zM112.2 218.3l-11.2-22H9.9L234.8 458zm2-31.2h284l-81.5-88.5L256.3 33zm297.3 9.1L277.6 458l224.8-261.7h-90.9zM415.4 69L406 56.4l.9 17.3 6.1 113.4h90.3zM113.5 93.5l-4.6 85.6L244.7 32 116.1 45.7zm287.7 102.7h-290l42.4 82.9L256.3 480l144.9-283.8z\"><\/path><\/svg>\t\t\t<\/div>\n\t\t<\/div>\n\t\t\t\t\t\t<\/div>\n\t\t\t\t<\/div>\n\t\t\t\t<div class=\"elementor-element elementor-element-23c88d5 elementor-widget elementor-widget-heading\" data-id=\"23c88d5\" data-element_type=\"widget\" data-widget_type=\"heading.default\">\n\t\t\t\t<div class=\"elementor-widget-container\">\n\t\t\t\t\t<h3 class=\"elementor-heading-title elementor-size-default\">Comenzi \u00een vrac finalizate \u00een 30 de zile<\/h3>\t\t\t\t<\/div>\n\t\t\t\t<\/div>\n\t\t\t\t<div class=\"elementor-element elementor-element-4cd3ac9 elementor-widget elementor-widget-text-editor\" data-id=\"4cd3ac9\" data-element_type=\"widget\" data-widget_type=\"text-editor.default\">\n\t\t\t\t<div class=\"elementor-widget-container\">\n\t\t\t\t\t\t\t\t\tCu capacitatea noastr\u0103 puternic\u0103 de produc\u021bie \u0219i sistemul de lan\u021b de aprovizionare, promitem s\u0103 livr\u0103m la timp \u00een 30 de zile pentru comenzile \u00een vrac care sunt personalizate \u00een vrac.\t\t\t\t\t\t\t\t<\/div>\n\t\t\t\t<\/div>\n\t\t\t\t<\/div>\n\t\t<div class=\"elementor-element elementor-element-3899baa e-con-full e-flex e-con e-child\" data-id=\"3899baa\" data-element_type=\"container\">\n\t\t\t\t<div class=\"elementor-element elementor-element-88aabdf elementor-view-default elementor-widget elementor-widget-icon\" data-id=\"88aabdf\" data-element_type=\"widget\" data-widget_type=\"icon.default\">\n\t\t\t\t<div class=\"elementor-widget-container\">\n\t\t\t\t\t\t\t<div class=\"elementor-icon-wrapper\">\n\t\t\t<div class=\"elementor-icon\">\n\t\t\t<svg aria-hidden=\"true\" class=\"e-font-icon-svg e-fab-sketch\" viewbox=\"0 0 512 512\" xmlns=\"http:\/\/www.w3.org\/2000\/svg\"><path d=\"M27.5 162.2L9 187.1h90.5l6.9-130.7-78.9 105.8zM396.3 45.7L267.7 32l135.7 147.2-7.1-133.5zM112.2 218.3l-11.2-22H9.9L234.8 458zm2-31.2h284l-81.5-88.5L256.3 33zm297.3 9.1L277.6 458l224.8-261.7h-90.9zM415.4 69L406 56.4l.9 17.3 6.1 113.4h90.3zM113.5 93.5l-4.6 85.6L244.7 32 116.1 45.7zm287.7 102.7h-290l42.4 82.9L256.3 480l144.9-283.8z\"><\/path><\/svg>\t\t\t<\/div>\n\t\t<\/div>\n\t\t\t\t\t\t<\/div>\n\t\t\t\t<\/div>\n\t\t\t\t<div class=\"elementor-element elementor-element-f934ae9 elementor-widget elementor-widget-heading\" data-id=\"f934ae9\" data-element_type=\"widget\" data-widget_type=\"heading.default\">\n\t\t\t\t<div class=\"elementor-widget-container\">\n\t\t\t\t\t<h3 class=\"elementor-heading-title elementor-size-default\">Cantitate minima de comanda: 1 unitate<\/h3>\t\t\t\t<\/div>\n\t\t\t\t<\/div>\n\t\t\t\t<div class=\"elementor-element elementor-element-0d2ff8f elementor-widget elementor-widget-text-editor\" data-id=\"0d2ff8f\" data-element_type=\"widget\" data-widget_type=\"text-editor.default\">\n\t\t\t\t<div class=\"elementor-widget-container\">\n\t\t\t\t\t\t\t\t\tBaz\u00e2ndu-ne pe fabrica noastr\u0103 intern\u0103, ne putem personaliza rapid \u0219i flexibil. Cu o cantitate minim\u0103 de comand\u0103 de p\u00e2n\u0103 la 1, putem r\u0103spunde rapid la comenzile mici.\t\t\t\t\t\t\t\t<\/div>\n\t\t\t\t<\/div>\n\t\t\t\t<\/div>\n\t\t\t\t<\/div>\n\t\t\t\t\t<\/div>\n\t\t\t\t<\/div>\n\t\t<div class=\"elementor-element elementor-element-f75bcb5 e-flex e-con-boxed e-con e-parent\" data-id=\"f75bcb5\" data-element_type=\"container\">\n\t\t\t\t\t<div class=\"e-con-inner\">\n\t\t<div class=\"elementor-element elementor-element-34872aa e-con-full e-flex e-con e-child\" data-id=\"34872aa\" data-element_type=\"container\">\n\t\t<div class=\"elementor-element elementor-element-a166bc0 e-con-full e-flex e-con e-child\" data-id=\"a166bc0\" data-element_type=\"container\">\n\t\t\t\t<div class=\"elementor-element elementor-element-bbbec05 elementor-widget elementor-widget-image\" data-id=\"bbbec05\" data-element_type=\"widget\" data-widget_type=\"image.default\">\n\t\t\t\t<div class=\"elementor-widget-container\">\n\t\t\t\t\t\t\t\t\t\t\t\t\t\t\t<img decoding=\"async\" width=\"800\" height=\"450\" src=\"https:\/\/delyava.com\/wp-content\/uploads\/2024\/08\/16635f0d-623c-4cd2-947d-4a1f8b09b7c6-1024x576.jpg\" class=\"attachment-large size-large wp-image-2870\" alt=\"depozit de peste m\u0103ri\" srcset=\"https:\/\/delyava.com\/wp-content\/uploads\/2024\/08\/16635f0d-623c-4cd2-947d-4a1f8b09b7c6-1024x576.jpg 1024w, https:\/\/delyava.com\/wp-content\/uploads\/2024\/08\/16635f0d-623c-4cd2-947d-4a1f8b09b7c6-300x169.jpg 300w, https:\/\/delyava.com\/wp-content\/uploads\/2024\/08\/16635f0d-623c-4cd2-947d-4a1f8b09b7c6-768x432.jpg 768w, https:\/\/delyava.com\/wp-content\/uploads\/2024\/08\/16635f0d-623c-4cd2-947d-4a1f8b09b7c6-1536x864.jpg 1536w, https:\/\/delyava.com\/wp-content\/uploads\/2024\/08\/16635f0d-623c-4cd2-947d-4a1f8b09b7c6-2048x1152.jpg 2048w, https:\/\/delyava.com\/wp-content\/uploads\/2024\/08\/16635f0d-623c-4cd2-947d-4a1f8b09b7c6-600x338.jpg 600w\" sizes=\"(max-width: 800px) 100vw, 800px\" \/>\t\t\t\t\t\t\t\t\t\t\t\t\t\t\t<\/div>\n\t\t\t\t<\/div>\n\t\t\t\t<\/div>\n\t\t<div class=\"elementor-element elementor-element-b8ba01d e-con-full e-flex e-con e-child\" data-id=\"b8ba01d\" data-element_type=\"container\">\n\t\t\t\t<div class=\"elementor-element elementor-element-01bfce5 elementor-widget elementor-widget-heading\" data-id=\"01bfce5\" data-element_type=\"widget\" data-widget_type=\"heading.default\">\n\t\t\t\t<div class=\"elementor-widget-container\">\n\t\t\t\t\t<h4 class=\"elementor-heading-title elementor-size-default\">Depozit de peste m\u0103ri<\/h4>\t\t\t\t<\/div>\n\t\t\t\t<\/div>\n\t\t\t\t<div class=\"elementor-element elementor-element-a57dee3 elementor-widget elementor-widget-text-editor\" data-id=\"a57dee3\" data-element_type=\"widget\" data-widget_type=\"text-editor.default\">\n\t\t\t\t<div class=\"elementor-widget-container\">\n\t\t\t\t\t\t\t\t\t<p>Pentru a optimiza nivelul nostru de servicii pentru clien\u021bii din \u00eentreaga lume, ne preg\u0103tim pentru \u00eenfiin\u021barea de depozite de peste m\u0103ri. \u00cen aceast\u0103 etap\u0103, am \u00eenfiin\u021bat cu succes depozite \u00een Statele Unite, permi\u021b\u00e2ndu-ne s\u0103 r\u0103spundem \u0219i s\u0103 r\u0103spundem nevoilor multor clien\u021bi din str\u0103in\u0103tate \u00eentr-un ritm mai rapid.<\/p>\t\t\t\t\t\t\t\t<\/div>\n\t\t\t\t<\/div>\n\t\t\t\t<\/div>\n\t\t\t\t<\/div>\n\t\t\t\t\t<\/div>\n\t\t\t\t<\/div>\n\t\t<div class=\"elementor-element elementor-element-4111e6e e-flex e-con-boxed e-con e-parent\" data-id=\"4111e6e\" data-element_type=\"container\">\n\t\t\t\t\t<div class=\"e-con-inner\">\n\t\t<div class=\"elementor-element elementor-element-8647bdc e-con-full e-flex e-con e-child\" data-id=\"8647bdc\" data-element_type=\"container\">\n\t\t<div class=\"elementor-element elementor-element-b446022 e-con-full e-flex e-con e-child\" data-id=\"b446022\" data-element_type=\"container\">\n\t\t\t\t<div class=\"elementor-element elementor-element-3fc8501 elementor-widget elementor-widget-heading\" data-id=\"3fc8501\" data-element_type=\"widget\" data-widget_type=\"heading.default\">\n\t\t\t\t<div class=\"elementor-widget-container\">\n\t\t\t\t\t<h4 class=\"elementor-heading-title elementor-size-default\">Logistic\u0103 fiabil\u0103<\/h4>\t\t\t\t<\/div>\n\t\t\t\t<\/div>\n\t\t\t\t<div class=\"elementor-element elementor-element-ab6fcc4 elementor-widget elementor-widget-text-editor\" data-id=\"ab6fcc4\" data-element_type=\"widget\" data-widget_type=\"text-editor.default\">\n\t\t\t\t<div class=\"elementor-widget-container\">\n\t\t\t\t\t\t\t\t\t<p>Am stabilit, de asemenea, rela\u021bii solide cu marii expeditori de marf\u0103. Chiar \u0219i dup\u0103 ce o comand\u0103 a fost expediat\u0103, echipa noastr\u0103 o va urm\u0103ri \u00eendeaproape pe parcursul \u00eentregului proces. Pute\u021bi fi siguri c\u0103 transportul dvs. va ajunge \u00een siguran\u021b\u0103 \u0219i \u00een siguran\u021b\u0103 la destina\u021bie.<\/p>\t\t\t\t\t\t\t\t<\/div>\n\t\t\t\t<\/div>\n\t\t\t\t<\/div>\n\t\t<div class=\"elementor-element elementor-element-9ae4ca1 e-con-full e-flex e-con e-child\" data-id=\"9ae4ca1\" data-element_type=\"container\">\n\t\t\t\t<div class=\"elementor-element elementor-element-c772efe elementor-widget elementor-widget-image\" data-id=\"c772efe\" data-element_type=\"widget\" data-widget_type=\"image.default\">\n\t\t\t\t<div class=\"elementor-widget-container\">\n\t\t\t\t\t\t\t\t\t\t\t\t\t\t\t<img decoding=\"async\" width=\"800\" height=\"438\" src=\"https:\/\/delyava.com\/wp-content\/uploads\/2024\/08\/2fac15663ba80e8f89624cce26257055-1024x561.jpeg\" class=\"attachment-large size-large wp-image-2893\" alt=\"Logistic\u0103 fiabil\u0103\" srcset=\"https:\/\/delyava.com\/wp-content\/uploads\/2024\/08\/2fac15663ba80e8f89624cce26257055-1024x561.jpeg 1024w, https:\/\/delyava.com\/wp-content\/uploads\/2024\/08\/2fac15663ba80e8f89624cce26257055-300x164.jpeg 300w, https:\/\/delyava.com\/wp-content\/uploads\/2024\/08\/2fac15663ba80e8f89624cce26257055-768x421.jpeg 768w, https:\/\/delyava.com\/wp-content\/uploads\/2024\/08\/2fac15663ba80e8f89624cce26257055-1536x842.jpeg 1536w, https:\/\/delyava.com\/wp-content\/uploads\/2024\/08\/2fac15663ba80e8f89624cce26257055-2048x1123.jpeg 2048w, https:\/\/delyava.com\/wp-content\/uploads\/2024\/08\/2fac15663ba80e8f89624cce26257055-600x329.jpeg 600w\" sizes=\"(max-width: 800px) 100vw, 800px\" \/>\t\t\t\t\t\t\t\t\t\t\t\t\t\t\t<\/div>\n\t\t\t\t<\/div>\n\t\t\t\t<\/div>\n\t\t\t\t<\/div>\n\t\t\t\t\t<\/div>\n\t\t\t\t<\/div>\n\t\t<div class=\"elementor-element elementor-element-84ec914 e-flex e-con-boxed e-con e-parent\" data-id=\"84ec914\" data-element_type=\"container\">\n\t\t\t\t\t<div class=\"e-con-inner\">\n\t\t<div class=\"elementor-element elementor-element-364d436 e-con-full e-flex e-con e-child\" data-id=\"364d436\" data-element_type=\"container\">\n\t\t<div class=\"elementor-element elementor-element-40bf2ce e-con-full e-flex e-con e-child\" data-id=\"40bf2ce\" data-element_type=\"container\">\n\t\t\t\t<div class=\"elementor-element elementor-element-8254ade elementor-widget elementor-widget-heading\" data-id=\"8254ade\" data-element_type=\"widget\" data-widget_type=\"heading.default\">\n\t\t\t\t<div class=\"elementor-widget-container\">\n\t\t\t\t\t<h2 class=\"elementor-heading-title elementor-size-default\">Utiliza\u021bi tehnologia Delya ca motor pentru a v\u0103 ajuta afacerea de frumuse\u021be s\u0103 prospere.<\/h2>\t\t\t\t<\/div>\n\t\t\t\t<\/div>\n\t\t<div class=\"elementor-element elementor-element-146523a e-con-full e-flex e-con e-child\" data-id=\"146523a\" data-element_type=\"container\">\n\t\t<div class=\"elementor-element elementor-element-48090db e-con-full e-flex e-con e-child\" data-id=\"48090db\" data-element_type=\"container\">\n\t\t\t\t<div class=\"elementor-element elementor-element-bb01e7c elementor-widget elementor-widget-heading\" data-id=\"bb01e7c\" data-element_type=\"widget\" data-widget_type=\"heading.default\">\n\t\t\t\t<div class=\"elementor-widget-container\">\n\t\t\t\t\t<h5 class=\"elementor-heading-title elementor-size-default\">Pentru proprietarii de m\u0103rci\/angrosisti\/comercian\u021bi<\/h5>\t\t\t\t<\/div>\n\t\t\t\t<\/div>\n\t\t\t\t<\/div>\n\t\t<div class=\"elementor-element elementor-element-e8ba763 e-con-full e-flex e-con e-child\" data-id=\"e8ba763\" data-element_type=\"container\">\n\t\t\t\t<div class=\"elementor-element elementor-element-fc00b35 elementor-widget elementor-widget-heading\" data-id=\"fc00b35\" data-element_type=\"widget\" data-widget_type=\"heading.default\">\n\t\t\t\t<div class=\"elementor-widget-container\">\n\t\t\t\t\t<h5 class=\"elementor-heading-title elementor-size-default\">Pentru companiile de produse pentru piele<\/h5>\t\t\t\t<\/div>\n\t\t\t\t<\/div>\n\t\t\t\t<\/div>\n\t\t<div class=\"elementor-element elementor-element-bdc7755 e-con-full e-flex e-con e-child\" data-id=\"bdc7755\" data-element_type=\"container\">\n\t\t\t\t<div class=\"elementor-element elementor-element-d94e893 elementor-widget elementor-widget-heading\" data-id=\"d94e893\" data-element_type=\"widget\" data-widget_type=\"heading.default\">\n\t\t\t\t<div class=\"elementor-widget-container\">\n\t\t\t\t\t<h5 class=\"elementor-heading-title elementor-size-default\">Pentru saloane de \u00eenfrumuse\u021bare\/clinici\/Spas-uri<\/h5>\t\t\t\t<\/div>\n\t\t\t\t<\/div>\n\t\t\t\t<\/div>\n\t\t<div class=\"elementor-element elementor-element-00df4ec e-con-full e-flex e-con e-child\" data-id=\"00df4ec\" data-element_type=\"container\">\n\t\t\t\t<div class=\"elementor-element elementor-element-12f1a19 elementor-widget elementor-widget-heading\" data-id=\"12f1a19\" data-element_type=\"widget\" data-widget_type=\"heading.default\">\n\t\t\t\t<div class=\"elementor-widget-container\">\n\t\t\t\t\t<h5 class=\"elementor-heading-title elementor-size-default\">Pentru individ\/familii<\/h5>\t\t\t\t<\/div>\n\t\t\t\t<\/div>\n\t\t\t\t<\/div>\n\t\t\t\t<\/div>\n\t\t\t\t<\/div>\n\t\t<div class=\"elementor-element elementor-element-a6ee4b6 e-con-full e-flex e-con e-child\" data-id=\"a6ee4b6\" data-element_type=\"container\">\n\t\t\t\t<div class=\"elementor-element elementor-element-8b9fa87 elementor-align-center elementor-widget elementor-widget-button\" data-id=\"8b9fa87\" data-element_type=\"widget\" data-widget_type=\"button.default\">\n\t\t\t\t<div class=\"elementor-widget-container\">\n\t\t\t\t\t\t\t\t\t<div class=\"elementor-button-wrapper\">\n\t\t\t\t\t<a class=\"elementor-button elementor-button-link elementor-size-sm\" href=\"https:\/\/delyava.com\/ro\/contact-us\/\">\n\t\t\t\t\t\t<span class=\"elementor-button-content-wrapper\">\n\t\t\t\t\t\t\t\t\t<span class=\"elementor-button-text\">Contacta\u021bi-ne<\/span>\n\t\t\t\t\t<\/span>\n\t\t\t\t\t<\/a>\n\t\t\t\t<\/div>\n\t\t\t\t\t\t\t\t<\/div>\n\t\t\t\t<\/div>\n\t\t\t\t<\/div>\n\t\t\t\t<\/div>\n\t\t\t\t\t<\/div>\n\t\t\t\t<\/div>\n\t\t\t\t<\/div>","protected":false},"excerpt":{"rendered":"<p>Stable &amp; Rapid Delivery Growing your business with a strong supply chain Delya is rooted in the field of beauty equipment and has built up a strong supply chain. Delya cooperates with top raw material suppliers and introduces high-quality materials such as medical-grade silicone; it also cooperates with experienced foundries and strictly adheres to international [&hellip;]<\/p>","protected":false},"author":2,"featured_media":0,"parent":0,"menu_order":0,"comment_status":"closed","ping_status":"closed","template":"","meta":{"_seopress_robots_primary_cat":"","_seopress_titles_title":"","_seopress_titles_desc":"","_seopress_robots_index":"","footnotes":""},"class_list":["post-3494","page","type-page","status-publish","hentry"],"_links":{"self":[{"href":"https:\/\/delyava.com\/ro\/wp-json\/wp\/v2\/pages\/3494","targetHints":{"allow":["GET"]}}],"collection":[{"href":"https:\/\/delyava.com\/ro\/wp-json\/wp\/v2\/pages"}],"about":[{"href":"https:\/\/delyava.com\/ro\/wp-json\/wp\/v2\/types\/page"}],"author":[{"embeddable":true,"href":"https:\/\/delyava.com\/ro\/wp-json\/wp\/v2\/users\/2"}],"replies":[{"embeddable":true,"href":"https:\/\/delyava.com\/ro\/wp-json\/wp\/v2\/comments?post=3494"}],"version-history":[{"count":12,"href":"https:\/\/delyava.com\/ro\/wp-json\/wp\/v2\/pages\/3494\/revisions"}],"predecessor-version":[{"id":15327,"href":"https:\/\/delyava.com\/ro\/wp-json\/wp\/v2\/pages\/3494\/revisions\/15327"}],"wp:attachment":[{"href":"https:\/\/delyava.com\/ro\/wp-json\/wp\/v2\/media?parent=3494"}],"curies":[{"name":"wp","href":"https:\/\/api.w.org\/{rel}","templated":true}]}}