{"id":3490,"date":"2024-08-23T16:22:30","date_gmt":"2024-08-23T08:22:30","guid":{"rendered":"https:\/\/delyava.com\/?page_id=3490"},"modified":"2024-09-02T14:43:47","modified_gmt":"2024-09-02T06:43:47","slug":"strong-service-support","status":"publish","type":"page","link":"https:\/\/delyava.com\/ro\/strong-service-support\/","title":{"rendered":"Suport puternic pentru servicii"},"content":{"rendered":"<div data-elementor-type=\"wp-page\" data-elementor-id=\"3490\" class=\"elementor elementor-3490\" data-elementor-post-type=\"page\">\n\t\t\t\t<div class=\"elementor-element elementor-element-ef33025 e-flex e-con-boxed e-con e-parent\" data-id=\"ef33025\" data-element_type=\"container\">\n\t\t\t\t\t<div class=\"e-con-inner\">\n\t\t<div class=\"elementor-element elementor-element-f3c0aed e-con-full e-flex e-con e-child\" data-id=\"f3c0aed\" data-element_type=\"container\">\n\t\t<div class=\"elementor-element elementor-element-11418f2 e-con-full e-flex e-con e-child\" data-id=\"11418f2\" data-element_type=\"container\" data-settings=\"{&quot;background_background&quot;:&quot;classic&quot;}\">\n\t\t<div class=\"elementor-element elementor-element-dd4e8c7 e-con-full e-flex e-con e-child\" data-id=\"dd4e8c7\" data-element_type=\"container\">\n\t\t\t\t<div class=\"elementor-element elementor-element-b8cfece elementor-widget elementor-widget-heading\" data-id=\"b8cfece\" data-element_type=\"widget\" data-widget_type=\"heading.default\">\n\t\t\t\t<div class=\"elementor-widget-container\">\n\t\t\t\t\t<h1 class=\"elementor-heading-title elementor-size-default\">Suport puternic pentru servicii<\/h1>\t\t\t\t<\/div>\n\t\t\t\t<\/div>\n\t\t\t\t<\/div>\n\t\t\t\t<\/div>\n\t\t\t\t<\/div>\n\t\t\t\t\t<\/div>\n\t\t\t\t<\/div>\n\t\t<div class=\"elementor-element elementor-element-cbf2bdd e-flex e-con-boxed e-con e-parent\" data-id=\"cbf2bdd\" data-element_type=\"container\">\n\t\t\t\t\t<div class=\"e-con-inner\">\n\t\t<div class=\"elementor-element elementor-element-cbabf5e e-con-full e-flex e-con e-child\" data-id=\"cbabf5e\" data-element_type=\"container\">\n\t\t<div class=\"elementor-element elementor-element-9d214b4 e-con-full e-flex e-con e-child\" data-id=\"9d214b4\" data-element_type=\"container\">\n\t\t\t\t<div class=\"elementor-element elementor-element-a96f39f elementor-widget elementor-widget-heading\" data-id=\"a96f39f\" data-element_type=\"widget\" data-widget_type=\"heading.default\">\n\t\t\t\t<div class=\"elementor-widget-container\">\n\t\t\t\t\t<h4 class=\"elementor-heading-title elementor-size-default\">R\u0103spuns rapid \u0219i profesionist la \u00eentreb\u0103ri<\/h4>\t\t\t\t<\/div>\n\t\t\t\t<\/div>\n\t\t\t\t<div class=\"elementor-element elementor-element-8224096 elementor-widget elementor-widget-text-editor\" data-id=\"8224096\" data-element_type=\"widget\" data-widget_type=\"text-editor.default\">\n\t\t\t\t<div class=\"elementor-widget-container\">\n\t\t\t\t\t\t\t\t\t<p>Suntem disponibili 24 de ore pe zi pentru a r\u0103spunde la apelul dvs. Cu o experien\u021b\u0103 vast\u0103 \u00eentr-o gam\u0103 larg\u0103 de programe de echipamente estetice, consultan\u021ba noastr\u0103 gratuit\u0103 v\u0103 poate oferi sfaturi \u0219i asisten\u021b\u0103 valoroas\u0103 pentru a v\u0103 conduce marca sau afacerea pe calea cre\u0219terii \u0219i a succesului. Oferim consiliere de specialitate cu privire la ma\u0219ina potrivit\u0103 pentru aplica\u021bia dumneavoastr\u0103 specific\u0103, \u00een func\u021bie de rezultatul dorit al tratamentului, platforma de v\u00e2nz\u0103ri, publicul \u021bint\u0103 \u0219i bugetul.<\/p>\t\t\t\t\t\t\t\t<\/div>\n\t\t\t\t<\/div>\n\t\t\t\t<\/div>\n\t\t<div class=\"elementor-element elementor-element-0149ac5 e-con-full e-flex e-con e-child\" data-id=\"0149ac5\" data-element_type=\"container\">\n\t\t\t\t<div class=\"elementor-element elementor-element-8152da0 elementor-widget elementor-widget-image\" data-id=\"8152da0\" data-element_type=\"widget\" data-widget_type=\"image.default\">\n\t\t\t\t<div class=\"elementor-widget-container\">\n\t\t\t\t\t\t\t\t\t\t\t\t\t\t\t<img fetchpriority=\"high\" decoding=\"async\" width=\"800\" height=\"531\" src=\"https:\/\/delyava.com\/wp-content\/uploads\/2024\/08\/c4ea9c2d-94d3-444d-8494-8be9f508bfd1-1024x680.jpg\" class=\"attachment-large size-large wp-image-2747\" alt=\"R\u0103spuns rapid \u0219i profesionist la \u00eentreb\u0103ri\" srcset=\"https:\/\/delyava.com\/wp-content\/uploads\/2024\/08\/c4ea9c2d-94d3-444d-8494-8be9f508bfd1-1024x680.jpg 1024w, https:\/\/delyava.com\/wp-content\/uploads\/2024\/08\/c4ea9c2d-94d3-444d-8494-8be9f508bfd1-300x199.jpg 300w, https:\/\/delyava.com\/wp-content\/uploads\/2024\/08\/c4ea9c2d-94d3-444d-8494-8be9f508bfd1-768x510.jpg 768w, https:\/\/delyava.com\/wp-content\/uploads\/2024\/08\/c4ea9c2d-94d3-444d-8494-8be9f508bfd1-1536x1020.jpg 1536w, https:\/\/delyava.com\/wp-content\/uploads\/2024\/08\/c4ea9c2d-94d3-444d-8494-8be9f508bfd1-2048x1360.jpg 2048w, https:\/\/delyava.com\/wp-content\/uploads\/2024\/08\/c4ea9c2d-94d3-444d-8494-8be9f508bfd1-600x398.jpg 600w\" sizes=\"(max-width: 800px) 100vw, 800px\" \/>\t\t\t\t\t\t\t\t\t\t\t\t\t\t\t<\/div>\n\t\t\t\t<\/div>\n\t\t\t\t<\/div>\n\t\t\t\t<\/div>\n\t\t<div class=\"elementor-element elementor-element-a279ded e-con-full e-flex e-con e-child\" data-id=\"a279ded\" data-element_type=\"container\">\n\t\t<div class=\"elementor-element elementor-element-b176d4b e-con-full e-flex e-con e-child\" data-id=\"b176d4b\" data-element_type=\"container\">\n\t\t\t\t<div class=\"elementor-element elementor-element-458e34a elementor-widget elementor-widget-image\" data-id=\"458e34a\" data-element_type=\"widget\" data-widget_type=\"image.default\">\n\t\t\t\t<div class=\"elementor-widget-container\">\n\t\t\t\t\t\t\t\t\t\t\t\t\t\t\t<img decoding=\"async\" width=\"800\" height=\"534\" src=\"https:\/\/delyava.com\/wp-content\/uploads\/2024\/08\/a9455cf9-aa3a-426c-9176-f55260fdbfd1-1024x683.jpg\" class=\"attachment-large size-large wp-image-2757\" alt=\"Un impuls puternic pentru proiectele dvs. personalizate\" srcset=\"https:\/\/delyava.com\/wp-content\/uploads\/2024\/08\/a9455cf9-aa3a-426c-9176-f55260fdbfd1-1024x683.jpg 1024w, https:\/\/delyava.com\/wp-content\/uploads\/2024\/08\/a9455cf9-aa3a-426c-9176-f55260fdbfd1-300x200.jpg 300w, https:\/\/delyava.com\/wp-content\/uploads\/2024\/08\/a9455cf9-aa3a-426c-9176-f55260fdbfd1-768x512.jpg 768w, https:\/\/delyava.com\/wp-content\/uploads\/2024\/08\/a9455cf9-aa3a-426c-9176-f55260fdbfd1-600x400.jpg 600w, https:\/\/delyava.com\/wp-content\/uploads\/2024\/08\/a9455cf9-aa3a-426c-9176-f55260fdbfd1.jpg 1536w\" sizes=\"(max-width: 800px) 100vw, 800px\" \/>\t\t\t\t\t\t\t\t\t\t\t\t\t\t\t<\/div>\n\t\t\t\t<\/div>\n\t\t\t\t<\/div>\n\t\t<div class=\"elementor-element elementor-element-82240ce e-con-full e-flex e-con e-child\" data-id=\"82240ce\" data-element_type=\"container\">\n\t\t\t\t<div class=\"elementor-element elementor-element-8a9ed69 elementor-widget elementor-widget-heading\" data-id=\"8a9ed69\" data-element_type=\"widget\" data-widget_type=\"heading.default\">\n\t\t\t\t<div class=\"elementor-widget-container\">\n\t\t\t\t\t<h4 class=\"elementor-heading-title elementor-size-default\">Un impuls puternic pentru proiectele dvs. personalizate<\/h4>\t\t\t\t<\/div>\n\t\t\t\t<\/div>\n\t\t\t\t<div class=\"elementor-element elementor-element-b8631d6 elementor-widget elementor-widget-text-editor\" data-id=\"b8631d6\" data-element_type=\"widget\" data-widget_type=\"text-editor.default\">\n\t\t\t\t<div class=\"elementor-widget-container\">\n\t\t\t\t\t\t\t\t\t<p>Echipa noastr\u0103 profesionist\u0103 de cercetare \u0219i dezvoltare \u0219i proiectare a lucrat cu o gam\u0103 larg\u0103 de m\u0103rci \u0219i \u0219tie cum s\u0103 dezvolte noi echipamente de \u00eenfrumuse\u021bare de la zero sau s\u0103 transforme modelele de brand existente \u00een produse reale. \u00cen combina\u021bie cu capacitatea noastr\u0103 puternic\u0103 de produc\u021bie \u0219i lan\u021bul de aprovizionare bine stabilit, v\u0103 putem oferi o solu\u021bie unic\u0103 pentru personalizarea \u0219i produc\u021bia de echipamente de \u00eenfrumuse\u021bare de ultim\u0103 genera\u021bie.<\/p>\t\t\t\t\t\t\t\t<\/div>\n\t\t\t\t<\/div>\n\t\t\t\t<\/div>\n\t\t\t\t<\/div>\n\t\t<div class=\"elementor-element elementor-element-8404f79 e-con-full e-flex e-con e-child\" data-id=\"8404f79\" data-element_type=\"container\">\n\t\t<div class=\"elementor-element elementor-element-325c7a8 e-con-full e-flex e-con e-child\" data-id=\"325c7a8\" data-element_type=\"container\">\n\t\t\t\t<div class=\"elementor-element elementor-element-720ced8 elementor-widget elementor-widget-heading\" data-id=\"720ced8\" data-element_type=\"widget\" data-widget_type=\"heading.default\">\n\t\t\t\t<div class=\"elementor-widget-container\">\n\t\t\t\t\t<h4 class=\"elementor-heading-title elementor-size-default\">Serviciu excelent de garan\u021bie post-v\u00e2nzare<\/h4>\t\t\t\t<\/div>\n\t\t\t\t<\/div>\n\t\t\t\t<div class=\"elementor-element elementor-element-9fe97fb elementor-widget elementor-widget-text-editor\" data-id=\"9fe97fb\" data-element_type=\"widget\" data-widget_type=\"text-editor.default\">\n\t\t\t\t<div class=\"elementor-widget-container\">\n\t\t\t\t\t\t\t\t\t<p>Livrarea nu este sf\u00e2r\u0219itul serviciului nostru. C\u00e2nd ne oferi\u021bi feedback cu privire la problema dvs., echipa noastr\u0103 tehnic\u0103 dedicat\u0103 va r\u0103spunde rapid \u0219i o va rezolva. Promitem s\u0103 v\u0103 oferim un r\u0103spuns prompt \u0219i s\u0103 ne asigur\u0103m c\u0103 problema este rezolvat\u0103 \u00een 12 ore.<\/p><ul><li>Avem un stoc amplu de piese de schimb pentru a r\u0103spunde imediat la uzura sau deteriorarea echipamentului.<\/li><li>Oferim o garan\u021bie de doi ani pentru \u00eentreaga ma\u0219in\u0103 \u0219i un an de garan\u021bie pentru piese.<\/li><li>Operatorilor dumneavoastr\u0103 li se ofer\u0103 videoclipuri cu instruc\u021biuni testate \u0219i manuale de operare detaliate.<\/li><\/ul>\t\t\t\t\t\t\t\t<\/div>\n\t\t\t\t<\/div>\n\t\t\t\t<\/div>\n\t\t<div class=\"elementor-element elementor-element-a3b2009 e-con-full e-flex e-con e-child\" data-id=\"a3b2009\" data-element_type=\"container\">\n\t\t\t\t<div class=\"elementor-element elementor-element-0943846 elementor-widget elementor-widget-image\" data-id=\"0943846\" data-element_type=\"widget\" data-widget_type=\"image.default\">\n\t\t\t\t<div class=\"elementor-widget-container\">\n\t\t\t\t\t\t\t\t\t\t\t\t\t\t\t<img decoding=\"async\" width=\"800\" height=\"534\" src=\"https:\/\/delyava.com\/wp-content\/uploads\/2024\/08\/46dc8055-2c08-4d2f-b3a9-97a5cd3bbfcc-1024x684.jpg\" class=\"attachment-large size-large wp-image-2764\" alt=\"Serviciu excelent de garan\u021bie post-v\u00e2nzare\" srcset=\"https:\/\/delyava.com\/wp-content\/uploads\/2024\/08\/46dc8055-2c08-4d2f-b3a9-97a5cd3bbfcc-1024x684.jpg 1024w, https:\/\/delyava.com\/wp-content\/uploads\/2024\/08\/46dc8055-2c08-4d2f-b3a9-97a5cd3bbfcc-300x200.jpg 300w, https:\/\/delyava.com\/wp-content\/uploads\/2024\/08\/46dc8055-2c08-4d2f-b3a9-97a5cd3bbfcc-768x513.jpg 768w, https:\/\/delyava.com\/wp-content\/uploads\/2024\/08\/46dc8055-2c08-4d2f-b3a9-97a5cd3bbfcc-600x401.jpg 600w, https:\/\/delyava.com\/wp-content\/uploads\/2024\/08\/46dc8055-2c08-4d2f-b3a9-97a5cd3bbfcc.jpg 1534w\" sizes=\"(max-width: 800px) 100vw, 800px\" \/>\t\t\t\t\t\t\t\t\t\t\t\t\t\t\t<\/div>\n\t\t\t\t<\/div>\n\t\t\t\t<\/div>\n\t\t\t\t<\/div>\n\t\t\t\t\t<\/div>\n\t\t\t\t<\/div>\n\t\t<div class=\"elementor-element elementor-element-8c1b59e e-flex e-con-boxed e-con e-parent\" data-id=\"8c1b59e\" data-element_type=\"container\">\n\t\t\t\t\t<div class=\"e-con-inner\">\n\t\t<div class=\"elementor-element elementor-element-34f0b94 e-con-full e-flex e-con e-child\" data-id=\"34f0b94\" data-element_type=\"container\">\n\t\t\t\t<div class=\"elementor-element elementor-element-9e2e196 elementor-widget elementor-widget-heading\" data-id=\"9e2e196\" data-element_type=\"widget\" data-widget_type=\"heading.default\">\n\t\t\t\t<div class=\"elementor-widget-container\">\n\t\t\t\t\t<h3 class=\"elementor-heading-title elementor-size-default\">Servicii exclusive pentru diferite grupuri de clien\u021bi<\/h3>\t\t\t\t<\/div>\n\t\t\t\t<\/div>\n\t\t\t\t<\/div>\n\t\t<div class=\"elementor-element elementor-element-13e841d e-con-full e-flex e-con e-child\" data-id=\"13e841d\" data-element_type=\"container\">\n\t\t<div class=\"elementor-element elementor-element-f399950 e-con-full e-flex e-con e-child\" data-id=\"f399950\" data-element_type=\"container\">\n\t\t<div class=\"elementor-element elementor-element-7d02ab3 e-con-full e-flex e-con e-child\" data-id=\"7d02ab3\" data-element_type=\"container\">\n\t\t\t\t<div class=\"elementor-element elementor-element-3ba6e56 elementor-widget elementor-widget-heading\" data-id=\"3ba6e56\" data-element_type=\"widget\" data-widget_type=\"heading.default\">\n\t\t\t\t<div class=\"elementor-widget-container\">\n\t\t\t\t\t<h4 class=\"elementor-heading-title elementor-size-default\">Pentru m\u0103rci \u0219i angrosisti:<\/h4>\t\t\t\t<\/div>\n\t\t\t\t<\/div>\n\t\t\t\t<div class=\"elementor-element elementor-element-e8b1615 elementor-widget elementor-widget-text-editor\" data-id=\"e8b1615\" data-element_type=\"widget\" data-widget_type=\"text-editor.default\">\n\t\t\t\t<div class=\"elementor-widget-container\">\n\t\t\t\t\t\t\t\t\t<p>Am dezvoltat o gam\u0103 larg\u0103 de echipamente de \u00eenfrumuse\u021bare de \u00eenalt\u0103 performan\u021b\u0103 \u0219i o strategie OEM atractiv\u0103, conceput\u0103 pentru a se potrivi exact nevoilor m\u0103rcilor de frumuse\u021be \u0219i ale angrosilor. \u00cen plus, am stabilit rela\u021bii puternice cu furnizorii din amonte \u0219i cu propriile noastre fabrici pentru a asigura o aprovizionare constant\u0103 cu dispozitive de \u00eenfrumuse\u021bare de \u00eenalt\u0103 calitate.<\/p>\t\t\t\t\t\t\t\t<\/div>\n\t\t\t\t<\/div>\n\t\t\t\t<\/div>\n\t\t<div class=\"elementor-element elementor-element-d85db01 e-con-full e-flex e-con e-child\" data-id=\"d85db01\" data-element_type=\"container\">\n\t\t\t\t<div class=\"elementor-element elementor-element-0df1ec7 elementor-widget elementor-widget-heading\" data-id=\"0df1ec7\" data-element_type=\"widget\" data-widget_type=\"heading.default\">\n\t\t\t\t<div class=\"elementor-widget-container\">\n\t\t\t\t\t<h4 class=\"elementor-heading-title elementor-size-default\">Pentru produc\u0103torii de produse pentru piele:<\/h4>\t\t\t\t<\/div>\n\t\t\t\t<\/div>\n\t\t\t\t<div class=\"elementor-element elementor-element-07259da elementor-widget elementor-widget-text-editor\" data-id=\"07259da\" data-element_type=\"widget\" data-widget_type=\"text-editor.default\">\n\t\t\t\t<div class=\"elementor-widget-container\">\n\t\t\t\t\t\t\t\t\t<p>Delya lucreaz\u0103 \u00eendeaproape cu dvs. pentru a potrivi dispozitivele noastre cu produsele dvs. de \u00eengrijire a pielii pentru a le maximiza eficacitatea. Cu cuno\u0219tin\u021bele \u0219i experien\u021ba noastr\u0103 aprofundat\u0103 \u00een domeniu, v\u0103 putem oferi solu\u021bii complete de \u00eengrijire a pielii pentru a v\u0103 ajuta afacerea s\u0103 prospere.<\/p>\t\t\t\t\t\t\t\t<\/div>\n\t\t\t\t<\/div>\n\t\t\t\t<\/div>\n\t\t<div class=\"elementor-element elementor-element-27baa45 e-con-full e-flex e-con e-child\" data-id=\"27baa45\" data-element_type=\"container\">\n\t\t\t\t<div class=\"elementor-element elementor-element-761668a elementor-widget elementor-widget-heading\" data-id=\"761668a\" data-element_type=\"widget\" data-widget_type=\"heading.default\">\n\t\t\t\t<div class=\"elementor-widget-container\">\n\t\t\t\t\t<h4 class=\"elementor-heading-title elementor-size-default\">Pentru salonul de infrumusetare:<\/h4>\t\t\t\t<\/div>\n\t\t\t\t<\/div>\n\t\t\t\t<div class=\"elementor-element elementor-element-bf25b7d elementor-widget elementor-widget-text-editor\" data-id=\"bf25b7d\" data-element_type=\"widget\" data-widget_type=\"text-editor.default\">\n\t\t\t\t<div class=\"elementor-widget-container\">\n\t\t\t\t\t\t\t\t\t<p>Echipamentele noastre estetice de \u00eenalt\u0103 performan\u021b\u0103 practic nu necesit\u0103 \u00eentre\u021binere, ajut\u00e2ndu-v\u0103 salonul sau clinica de \u00eenfrumuse\u021bare s\u0103 ob\u021bine\u021bi un randament rapid al investi\u021biei. \u00cen plus, v\u0103 ve\u021bi bucura de servicii post-v\u00e2nzare atente \u0219i de \u00eencredere, de la instruirea operatorilor la asisten\u021b\u0103 tehnic\u0103.<\/p>\t\t\t\t\t\t\t\t<\/div>\n\t\t\t\t<\/div>\n\t\t\t\t<\/div>\n\t\t<div class=\"elementor-element elementor-element-efbbae4 e-con-full e-flex e-con e-child\" data-id=\"efbbae4\" data-element_type=\"container\">\n\t\t\t\t<div class=\"elementor-element elementor-element-edb0bb7 elementor-widget elementor-widget-heading\" data-id=\"edb0bb7\" data-element_type=\"widget\" data-widget_type=\"heading.default\">\n\t\t\t\t<div class=\"elementor-widget-container\">\n\t\t\t\t\t<h4 class=\"elementor-heading-title elementor-size-default\">Pentru utilizatorii individuali:<\/h4>\t\t\t\t<\/div>\n\t\t\t\t<\/div>\n\t\t\t\t<div class=\"elementor-element elementor-element-0ecf5e1 elementor-widget elementor-widget-text-editor\" data-id=\"0ecf5e1\" data-element_type=\"widget\" data-widget_type=\"text-editor.default\">\n\t\t\t\t<div class=\"elementor-widget-container\">\n\t\t\t\t\t\t\t\t\t<p>Echipamentul nostru estetic u\u0219or de utilizat \u0219i eficient v\u0103 permite s\u0103 experimenta\u021bi tratamente estetice de calitate profesional\u0103 \u00een confortul propriei case. Fie c\u0103 este vorba de \u00eentre\u021binere zilnic\u0103 sau pentru nevoi specifice de \u00eembun\u0103t\u0103\u021bire a pielii, avem produsul potrivit pentru tine, cu \u00eendrum\u0103ri detaliate \u0219i sfaturi post-v\u00e2nzare pentru a face c\u0103l\u0103toria ta \u00een frumuse\u021be s\u0103 fie una lin\u0103.<\/p>\t\t\t\t\t\t\t\t<\/div>\n\t\t\t\t<\/div>\n\t\t\t\t<\/div>\n\t\t\t\t<\/div>\n\t\t\t\t<\/div>\n\t\t\t\t\t<\/div>\n\t\t\t\t<\/div>\n\t\t\t\t<\/div>","protected":false},"excerpt":{"rendered":"<p>Strong Servise Support Fast and professional response to inquiries We are available 24 hours a day to respond to your call. With extensive experience in a wide range of aesthetic equipment programs, our free consultation can provide you with valuable advice and assistance to lead your brand or business on the path to growth and [&hellip;]<\/p>","protected":false},"author":2,"featured_media":0,"parent":0,"menu_order":0,"comment_status":"closed","ping_status":"closed","template":"","meta":{"_seopress_robots_primary_cat":"","_seopress_titles_title":"","_seopress_titles_desc":"","_seopress_robots_index":"","footnotes":""},"class_list":["post-3490","page","type-page","status-publish","hentry"],"_links":{"self":[{"href":"https:\/\/delyava.com\/ro\/wp-json\/wp\/v2\/pages\/3490","targetHints":{"allow":["GET"]}}],"collection":[{"href":"https:\/\/delyava.com\/ro\/wp-json\/wp\/v2\/pages"}],"about":[{"href":"https:\/\/delyava.com\/ro\/wp-json\/wp\/v2\/types\/page"}],"author":[{"embeddable":true,"href":"https:\/\/delyava.com\/ro\/wp-json\/wp\/v2\/users\/2"}],"replies":[{"embeddable":true,"href":"https:\/\/delyava.com\/ro\/wp-json\/wp\/v2\/comments?post=3490"}],"version-history":[{"count":0,"href":"https:\/\/delyava.com\/ro\/wp-json\/wp\/v2\/pages\/3490\/revisions"}],"wp:attachment":[{"href":"https:\/\/delyava.com\/ro\/wp-json\/wp\/v2\/media?parent=3490"}],"curies":[{"name":"wp","href":"https:\/\/api.w.org\/{rel}","templated":true}]}}