{"id":3488,"date":"2024-08-23T16:21:08","date_gmt":"2024-08-23T08:21:08","guid":{"rendered":"https:\/\/delyava.com\/?page_id=3488"},"modified":"2024-08-28T11:32:42","modified_gmt":"2024-08-28T03:32:42","slug":"excellent-rd-capability","status":"publish","type":"page","link":"https:\/\/delyava.com\/ro\/excellent-rd-capability\/","title":{"rendered":"Capacitate excelent\u0103 de cercetare \u0219i dezvoltare"},"content":{"rendered":"<div data-elementor-type=\"wp-page\" data-elementor-id=\"3488\" class=\"elementor elementor-3488\" data-elementor-post-type=\"page\">\n\t\t\t\t<div class=\"elementor-element elementor-element-0de8e26 e-flex e-con-boxed e-con e-parent\" data-id=\"0de8e26\" data-element_type=\"container\" data-settings=\"{&quot;background_background&quot;:&quot;classic&quot;}\">\n\t\t\t\t\t<div class=\"e-con-inner\">\n\t\t<div class=\"elementor-element elementor-element-94ab9d9 e-con-full e-flex e-con e-child\" data-id=\"94ab9d9\" data-element_type=\"container\">\n\t\t\t\t<div class=\"elementor-element elementor-element-acf94ea elementor-widget elementor-widget-heading\" data-id=\"acf94ea\" data-element_type=\"widget\" data-widget_type=\"heading.default\">\n\t\t\t\t<div class=\"elementor-widget-container\">\n\t\t\t\t\t<h1 class=\"elementor-heading-title elementor-size-default\">Peste 10 ANI Furnizor de echipamente de frumuse\u021be de \u00eencredere \u0219i aur<\/h1>\t\t\t\t<\/div>\n\t\t\t\t<\/div>\n\t\t\t\t<\/div>\n\t\t\t\t\t<\/div>\n\t\t\t\t<\/div>\n\t\t<div class=\"elementor-element elementor-element-663c3ce e-flex e-con-boxed e-con e-parent\" data-id=\"663c3ce\" data-element_type=\"container\">\n\t\t\t\t\t<div class=\"e-con-inner\">\n\t\t<div class=\"elementor-element elementor-element-376ed5a e-con-full e-flex e-con e-child\" data-id=\"376ed5a\" data-element_type=\"container\">\n\t\t\t\t<div class=\"elementor-element elementor-element-b2cee1b elementor-widget elementor-widget-heading\" data-id=\"b2cee1b\" data-element_type=\"widget\" data-widget_type=\"heading.default\">\n\t\t\t\t<div class=\"elementor-widget-container\">\n\t\t\t\t\t<h2 class=\"elementor-heading-title elementor-size-default\">Concentrarea continu\u0103 pe cercetare \u0219i dezvoltare<\/h2>\t\t\t\t<\/div>\n\t\t\t\t<\/div>\n\t\t\t\t<div class=\"elementor-element elementor-element-acf8535 elementor-widget elementor-widget-text-editor\" data-id=\"acf8535\" data-element_type=\"widget\" data-widget_type=\"text-editor.default\">\n\t\t\t\t<div class=\"elementor-widget-container\">\n\t\t\t\t\t\t\t\t\t<p>\u00cen domeniul echipamentelor de \u00eenfrumuse\u021bare, Delya sus\u021bine urm\u0103rirea persistent\u0103 a inova\u021biei tehnologice, atitudinea riguroas\u0103 fa\u021b\u0103 de designul \u0219tiin\u021bific \u0219i insisten\u021ba ne\u00eencetat\u0103 asupra produc\u021biei de precizie. Echipa noastr\u0103 profesionist\u0103 de cercetare \u0219i dezvoltare se angajeaz\u0103 pe deplin s\u0103 creeze echipamente de \u00eenfrumuse\u021bare care pot conduce tendin\u021ba pie\u021bei globale \u0219i pot contribui la dezvoltarea prosper\u0103 a industriei frumuse\u021bii.<\/p><p>\u00cen dezvoltarea \u0219i testarea echipamentelor de \u00eenfrumuse\u021bare, respect\u0103m cu stricte\u021be standardele de management al calit\u0103\u021bii \u0219i ne str\u0103duim s\u0103 facem fiecare pies\u0103 de echipament de \u00eenfrumuse\u021bare \u00een cea mai bun\u0103 stare pentru a fi prezentat\u0103 \u00een fa\u021ba utilizatorului, pentru a aduce utilizatorului experien\u021ba de frumuse\u021be suprem\u0103.<\/p>\t\t\t\t\t\t\t\t<\/div>\n\t\t\t\t<\/div>\n\t\t\t\t<\/div>\n\t\t<div class=\"elementor-element elementor-element-0fa29ab e-con-full e-flex e-con e-child\" data-id=\"0fa29ab\" data-element_type=\"container\">\n\t\t\t\t<div class=\"elementor-element elementor-element-945ba1b elementor-widget elementor-widget-image\" data-id=\"945ba1b\" data-element_type=\"widget\" data-widget_type=\"image.default\">\n\t\t\t\t<div class=\"elementor-widget-container\">\n\t\t\t\t\t\t\t\t\t\t\t\t\t\t\t<img fetchpriority=\"high\" decoding=\"async\" width=\"800\" height=\"450\" src=\"https:\/\/delyava.com\/wp-content\/uploads\/2024\/08\/95131c4df29f65f17f1f944e852a4a0.png\" class=\"attachment-large size-large wp-image-3521\" alt=\"Concentrarea continu\u0103 pe cercetare \u0219i dezvoltare\" srcset=\"https:\/\/delyava.com\/wp-content\/uploads\/2024\/08\/95131c4df29f65f17f1f944e852a4a0.png 889w, https:\/\/delyava.com\/wp-content\/uploads\/2024\/08\/95131c4df29f65f17f1f944e852a4a0-300x169.png 300w, https:\/\/delyava.com\/wp-content\/uploads\/2024\/08\/95131c4df29f65f17f1f944e852a4a0-768x432.png 768w, https:\/\/delyava.com\/wp-content\/uploads\/2024\/08\/95131c4df29f65f17f1f944e852a4a0-600x337.png 600w\" sizes=\"(max-width: 800px) 100vw, 800px\" \/>\t\t\t\t\t\t\t\t\t\t\t\t\t\t\t<\/div>\n\t\t\t\t<\/div>\n\t\t\t\t<\/div>\n\t\t\t\t\t<\/div>\n\t\t\t\t<\/div>\n\t\t<div class=\"elementor-element elementor-element-a4cf289 e-flex e-con-boxed e-con e-parent\" data-id=\"a4cf289\" data-element_type=\"container\">\n\t\t\t\t\t<div class=\"e-con-inner\">\n\t\t<div class=\"elementor-element elementor-element-a662159 e-con-full e-flex e-con e-child\" data-id=\"a662159\" data-element_type=\"container\">\n\t\t\t\t<div class=\"elementor-element elementor-element-dc7d224 elementor-widget elementor-widget-image\" data-id=\"dc7d224\" data-element_type=\"widget\" data-widget_type=\"image.default\">\n\t\t\t\t<div class=\"elementor-widget-container\">\n\t\t\t\t\t\t\t\t\t\t\t\t\t\t\t<img decoding=\"async\" width=\"667\" height=\"500\" src=\"https:\/\/delyava.com\/wp-content\/uploads\/2024\/08\/8bffb1c7da39fb18c0dddef6e45cedf.png\" class=\"attachment-large size-large wp-image-3535\" alt=\"Echipa de cercetare \u0219i dezvoltare cu experien\u021b\u0103 pentru echipamente de \u00eenfrumuse\u021bare\" srcset=\"https:\/\/delyava.com\/wp-content\/uploads\/2024\/08\/8bffb1c7da39fb18c0dddef6e45cedf.png 667w, https:\/\/delyava.com\/wp-content\/uploads\/2024\/08\/8bffb1c7da39fb18c0dddef6e45cedf-300x225.png 300w, https:\/\/delyava.com\/wp-content\/uploads\/2024\/08\/8bffb1c7da39fb18c0dddef6e45cedf-600x450.png 600w\" sizes=\"(max-width: 667px) 100vw, 667px\" \/>\t\t\t\t\t\t\t\t\t\t\t\t\t\t\t<\/div>\n\t\t\t\t<\/div>\n\t\t\t\t<\/div>\n\t\t<div class=\"elementor-element elementor-element-15148e2 e-con-full e-flex e-con e-child\" data-id=\"15148e2\" data-element_type=\"container\">\n\t\t\t\t<div class=\"elementor-element elementor-element-dacf46b elementor-widget elementor-widget-heading\" data-id=\"dacf46b\" data-element_type=\"widget\" data-widget_type=\"heading.default\">\n\t\t\t\t<div class=\"elementor-widget-container\">\n\t\t\t\t\t<h2 class=\"elementor-heading-title elementor-size-default\">Echipa de cercetare \u0219i dezvoltare cu experien\u021b\u0103 pentru echipamente de \u00eenfrumuse\u021bare<\/h2>\t\t\t\t<\/div>\n\t\t\t\t<\/div>\n\t\t\t\t<div class=\"elementor-element elementor-element-9c4fe2f elementor-widget elementor-widget-text-editor\" data-id=\"9c4fe2f\" data-element_type=\"widget\" data-widget_type=\"text-editor.default\">\n\t\t\t\t<div class=\"elementor-widget-container\">\n\t\t\t\t\t\t\t\t\t<p>\u00cen domeniul dispozitivelor medicale estetice, echipa noastr\u0103 de cercetare \u0219i dezvoltare este plin\u0103 de entuziasm \u0219i spirit inovator, f\u0103c\u00e2nd progrese constante \u00een proiectarea \u0219i dezvoltarea produselor. \u00cen prezent, suntem pe deplin implica\u021bi \u00een activit\u0103\u021bi de cercetare \u0219i dezvoltare, iar \u00een viitorul apropiat vom putea lansa o serie de produse impresionante de echipamente medicale estetice \u0219i vom ob\u021bine o serie de brevete.<\/p><p>Pentru a ne \u00eembun\u0103t\u0103\u021bi continuu eficien\u021ba global\u0103 a produc\u021biei, ne construim \u00een mod activ propriul nostru laborator profesional \u0219i lucr\u0103m \u00eendeaproape cu laboratoare de testare autorizate ter\u021be pentru a oferi o garan\u021bie puternic\u0103 pentru introducerea dispozitivelor medicale estetice de \u00eenalt\u0103 calitate.<\/p>\t\t\t\t\t\t\t\t<\/div>\n\t\t\t\t<\/div>\n\t\t\t\t<\/div>\n\t\t\t\t\t<\/div>\n\t\t\t\t<\/div>\n\t\t<div class=\"elementor-element elementor-element-f584c0e e-flex e-con-boxed e-con e-parent\" data-id=\"f584c0e\" data-element_type=\"container\">\n\t\t\t\t\t<div class=\"e-con-inner\">\n\t\t<div class=\"elementor-element elementor-element-215ee49 e-con-full e-flex e-con e-child\" data-id=\"215ee49\" data-element_type=\"container\">\n\t\t<div class=\"elementor-element elementor-element-45dfe1f e-con-full e-flex e-con e-child\" data-id=\"45dfe1f\" data-element_type=\"container\">\n\t\t\t\t<div class=\"elementor-element elementor-element-66200c0 elementor-widget elementor-widget-heading\" data-id=\"66200c0\" data-element_type=\"widget\" data-widget_type=\"heading.default\">\n\t\t\t\t<div class=\"elementor-widget-container\">\n\t\t\t\t\t<h2 class=\"elementor-heading-title elementor-size-default\">Utiliza\u021bi tehnologia Delya ca motor pentru a v\u0103 ajuta afacerea de frumuse\u021be s\u0103 prospere.<\/h2>\t\t\t\t<\/div>\n\t\t\t\t<\/div>\n\t\t<div class=\"elementor-element elementor-element-95fba16 e-con-full e-flex e-con e-child\" data-id=\"95fba16\" data-element_type=\"container\">\n\t\t<div class=\"elementor-element elementor-element-a8f9eeb e-con-full e-flex e-con e-child\" data-id=\"a8f9eeb\" data-element_type=\"container\">\n\t\t\t\t<div class=\"elementor-element elementor-element-f288d79 elementor-widget elementor-widget-heading\" data-id=\"f288d79\" data-element_type=\"widget\" data-widget_type=\"heading.default\">\n\t\t\t\t<div class=\"elementor-widget-container\">\n\t\t\t\t\t<h5 class=\"elementor-heading-title elementor-size-default\">Pentru proprietarii de m\u0103rci\/angrosisti\/comercian\u021bi<\/h5>\t\t\t\t<\/div>\n\t\t\t\t<\/div>\n\t\t\t\t<\/div>\n\t\t<div class=\"elementor-element elementor-element-e6fd397 e-con-full e-flex e-con e-child\" data-id=\"e6fd397\" data-element_type=\"container\">\n\t\t\t\t<div class=\"elementor-element elementor-element-845e112 elementor-widget elementor-widget-heading\" data-id=\"845e112\" data-element_type=\"widget\" data-widget_type=\"heading.default\">\n\t\t\t\t<div class=\"elementor-widget-container\">\n\t\t\t\t\t<h5 class=\"elementor-heading-title elementor-size-default\">Pentru companiile de produse pentru piele<\/h5>\t\t\t\t<\/div>\n\t\t\t\t<\/div>\n\t\t\t\t<\/div>\n\t\t<div class=\"elementor-element elementor-element-966349e e-con-full e-flex e-con e-child\" data-id=\"966349e\" data-element_type=\"container\">\n\t\t\t\t<div class=\"elementor-element elementor-element-ab9b217 elementor-widget elementor-widget-heading\" data-id=\"ab9b217\" data-element_type=\"widget\" data-widget_type=\"heading.default\">\n\t\t\t\t<div class=\"elementor-widget-container\">\n\t\t\t\t\t<h5 class=\"elementor-heading-title elementor-size-default\">Pentru saloane de \u00eenfrumuse\u021bare\/clinici\/Spas-uri<\/h5>\t\t\t\t<\/div>\n\t\t\t\t<\/div>\n\t\t\t\t<\/div>\n\t\t<div class=\"elementor-element elementor-element-ae0e612 e-con-full e-flex e-con e-child\" data-id=\"ae0e612\" data-element_type=\"container\">\n\t\t\t\t<div class=\"elementor-element elementor-element-0840041 elementor-widget elementor-widget-heading\" data-id=\"0840041\" data-element_type=\"widget\" data-widget_type=\"heading.default\">\n\t\t\t\t<div class=\"elementor-widget-container\">\n\t\t\t\t\t<h5 class=\"elementor-heading-title elementor-size-default\">Pentru individ\/familii<\/h5>\t\t\t\t<\/div>\n\t\t\t\t<\/div>\n\t\t\t\t<\/div>\n\t\t\t\t<\/div>\n\t\t\t\t<\/div>\n\t\t<div class=\"elementor-element elementor-element-200d210 e-con-full e-flex e-con e-child\" data-id=\"200d210\" data-element_type=\"container\">\n\t\t\t\t<div class=\"elementor-element elementor-element-4f418ac elementor-align-center elementor-widget elementor-widget-button\" data-id=\"4f418ac\" data-element_type=\"widget\" data-widget_type=\"button.default\">\n\t\t\t\t<div class=\"elementor-widget-container\">\n\t\t\t\t\t\t\t\t\t<div class=\"elementor-button-wrapper\">\n\t\t\t\t\t<a class=\"elementor-button elementor-button-link elementor-size-sm\" href=\"https:\/\/delyava.com\/ro\/contact-us\/\">\n\t\t\t\t\t\t<span class=\"elementor-button-content-wrapper\">\n\t\t\t\t\t\t\t\t\t<span class=\"elementor-button-text\">Contacta\u021bi-ne<\/span>\n\t\t\t\t\t<\/span>\n\t\t\t\t\t<\/a>\n\t\t\t\t<\/div>\n\t\t\t\t\t\t\t\t<\/div>\n\t\t\t\t<\/div>\n\t\t\t\t<\/div>\n\t\t\t\t<\/div>\n\t\t\t\t\t<\/div>\n\t\t\t\t<\/div>\n\t\t\t\t<\/div>","protected":false},"excerpt":{"rendered":"<p>10+YEARS Reliable &#038;Gold Beauty Equipment Supplier Continuously focusing on R&#038;D In the field of beauty equipment, Delya upholds the persistent pursuit of technological innovation, rigorous attitude towards scientific design and unremitting insistence on precision manufacturing. Our professional R&amp;D team is fully committed to creating beauty equipment that can lead the global market trend and contribute [&hellip;]<\/p>","protected":false},"author":2,"featured_media":0,"parent":0,"menu_order":0,"comment_status":"closed","ping_status":"closed","template":"","meta":{"_seopress_robots_primary_cat":"","_seopress_titles_title":"","_seopress_titles_desc":"","_seopress_robots_index":"","footnotes":""},"class_list":["post-3488","page","type-page","status-publish","hentry"],"_links":{"self":[{"href":"https:\/\/delyava.com\/ro\/wp-json\/wp\/v2\/pages\/3488","targetHints":{"allow":["GET"]}}],"collection":[{"href":"https:\/\/delyava.com\/ro\/wp-json\/wp\/v2\/pages"}],"about":[{"href":"https:\/\/delyava.com\/ro\/wp-json\/wp\/v2\/types\/page"}],"author":[{"embeddable":true,"href":"https:\/\/delyava.com\/ro\/wp-json\/wp\/v2\/users\/2"}],"replies":[{"embeddable":true,"href":"https:\/\/delyava.com\/ro\/wp-json\/wp\/v2\/comments?post=3488"}],"version-history":[{"count":0,"href":"https:\/\/delyava.com\/ro\/wp-json\/wp\/v2\/pages\/3488\/revisions"}],"wp:attachment":[{"href":"https:\/\/delyava.com\/ro\/wp-json\/wp\/v2\/media?parent=3488"}],"curies":[{"name":"wp","href":"https:\/\/api.w.org\/{rel}","templated":true}]}}