{"id":11673,"date":"2025-03-04T14:53:50","date_gmt":"2025-03-04T06:53:50","guid":{"rendered":"https:\/\/delyava.com\/?page_id=11673"},"modified":"2025-04-16T17:58:36","modified_gmt":"2025-04-16T09:58:36","slug":"pigmentation","status":"publish","type":"page","link":"https:\/\/delyava.com\/ro\/pigmentation\/","title":{"rendered":"Pigmentare"},"content":{"rendered":"<div data-elementor-type=\"wp-page\" data-elementor-id=\"11673\" class=\"elementor elementor-11673\" data-elementor-post-type=\"page\">\n\t\t\t\t\t\t<section class=\"elementor-section elementor-top-section elementor-element elementor-element-8becd29 elementor-section-height-min-height elementor-section-content-middle elementor-section-boxed elementor-section-height-default elementor-section-items-middle\" data-id=\"8becd29\" data-element_type=\"section\" data-settings=\"{&quot;background_background&quot;:&quot;classic&quot;}\">\n\t\t\t\t\t\t\t<div class=\"elementor-background-overlay\"><\/div>\n\t\t\t\t\t\t\t<div class=\"elementor-container elementor-column-gap-no\">\n\t\t\t\t\t<div class=\"elementor-column elementor-col-100 elementor-top-column elementor-element elementor-element-4727567\" data-id=\"4727567\" data-element_type=\"column\">\n\t\t\t<div class=\"elementor-widget-wrap elementor-element-populated\">\n\t\t\t\t\t\t<div class=\"elementor-element elementor-element-c03977f elementor-widget elementor-widget-heading\" data-id=\"c03977f\" data-element_type=\"widget\" data-widget_type=\"heading.default\">\n\t\t\t\t<div class=\"elementor-widget-container\">\n\t\t\t\t\t<h1 class=\"elementor-heading-title elementor-size-default\">Pigmentare<\/h1>\t\t\t\t<\/div>\n\t\t\t\t<\/div>\n\t\t\t\t<div class=\"elementor-element elementor-element-b43ba1e elementor-widget elementor-widget-text-editor\" data-id=\"b43ba1e\" data-element_type=\"widget\" data-widget_type=\"text-editor.default\">\n\t\t\t\t<div class=\"elementor-widget-container\">\n\t\t\t\t\t\t\t\t\tTargeted laser breaks up dark spots and uneven pigment, revealing a brighter, more even complexion. Safe, effective, and tailored to your skin.\t\t\t\t\t\t\t\t<\/div>\n\t\t\t\t<\/div>\n\t\t\t\t\t<\/div>\n\t\t<\/div>\n\t\t\t\t\t<\/div>\n\t\t<\/section>\n\t\t<div class=\"elementor-element elementor-element-43c665f e-flex e-con-boxed e-con e-parent\" data-id=\"43c665f\" data-element_type=\"container\">\n\t\t\t\t\t<div class=\"e-con-inner\">\n\t\t\t\t<div class=\"elementor-element elementor-element-e605473 elementor-widget elementor-widget-heading\" data-id=\"e605473\" data-element_type=\"widget\" data-widget_type=\"heading.default\">\n\t\t\t\t<div class=\"elementor-widget-container\">\n\t\t\t\t\t<h2 class=\"elementor-heading-title elementor-size-default\">Pigmentare<\/h2>\t\t\t\t<\/div>\n\t\t\t\t<\/div>\n\t\t\t\t<div class=\"elementor-element elementor-element-bff9eeb elementor-widget elementor-widget-text-editor\" data-id=\"bff9eeb\" data-element_type=\"widget\" data-widget_type=\"text-editor.default\">\n\t\t\t\t<div class=\"elementor-widget-container\">\n\t\t\t\t\t\t\t\t\t<p>Ciclul de via\u021b\u0103 al pielii \u0219i modific\u0103rile hormonale afecteaz\u0103 distribu\u021bia melaninei \u00een piele, duc\u00e2nd la diferite tipuri de leziuni hiperpigmentate. Aluni\u021bele, pistruii, petele de v\u00e2rst\u0103 \u0219i melasma (o afec\u021biune de hiperpigmentare cu pete \u00eentunecate pe fa\u021b\u0103) se \u00eencadreaz\u0103 \u00een aceast\u0103 categorie. De obicei, aceste pete \u00eenseamn\u0103 c\u0103 pielea a fost deteriorat\u0103 \u00een diferite grade. Indiferent dac\u0103 sunt cauzate de expunerea la soare, genetic\u0103 sau al\u021bi factori, ele au ca rezultat \u00een cele din urm\u0103 o nuan\u021b\u0103 uniform\u0103 a pielii \u0219i pete. Leziunile cutanate hiperpigmentate sunt diferite de leziunile vasculare, care nu sunt cauzate de leziunile solare \u0219i prezint\u0103 un aspect diferit dermoscopic. Leziunile hiperpigmentate pot fi ridicate sau plate \u0219i, \u00een general, sunt mai degrab\u0103 o problem\u0103 cosmetic\u0103 dec\u00e2t o problem\u0103 medical\u0103. Lumina intens\u0103 pulsat\u0103 (IPL), care vizeaz\u0103 melanina, este eficient\u0103 \u00een tratarea leziunilor benigne \u0219i eliminarea acestora.<\/p>\t\t\t\t\t\t\t\t<\/div>\n\t\t\t\t<\/div>\n\t\t\t\t\t<\/div>\n\t\t\t\t<\/div>\n\t\t<div class=\"elementor-element elementor-element-fb35928 e-flex e-con-boxed e-con e-parent\" data-id=\"fb35928\" data-element_type=\"container\">\n\t\t\t\t\t<div class=\"e-con-inner\">\n\t\t<div class=\"elementor-element elementor-element-3d00d13 e-con-full e-flex e-con e-child\" data-id=\"3d00d13\" data-element_type=\"container\">\n\t\t\t\t<div class=\"elementor-element elementor-element-a19c4ac elementor-widget elementor-widget-heading\" data-id=\"a19c4ac\" data-element_type=\"widget\" data-widget_type=\"heading.default\">\n\t\t\t\t<div class=\"elementor-widget-container\">\n\t\t\t\t\t<h3 class=\"elementor-heading-title elementor-size-default\">Cum func\u021bioneaz\u0103 \u00eendep\u0103rtarea leziunilor pigmentate<\/h3>\t\t\t\t<\/div>\n\t\t\t\t<\/div>\n\t\t\t\t<\/div>\n\t\t<div class=\"elementor-element elementor-element-9ec2c00 e-con-full e-flex e-con e-child\" data-id=\"9ec2c00\" data-element_type=\"container\">\n\t\t<div class=\"elementor-element elementor-element-05f1227 e-con-full e-flex e-con e-child\" data-id=\"05f1227\" data-element_type=\"container\">\n\t\t<div class=\"elementor-element elementor-element-354fd35 e-con-full e-flex e-con e-child\" data-id=\"354fd35\" data-element_type=\"container\">\n\t\t\t\t<div class=\"elementor-element elementor-element-0957067 elementor-widget elementor-widget-image\" data-id=\"0957067\" data-element_type=\"widget\" data-widget_type=\"image.default\">\n\t\t\t\t<div class=\"elementor-widget-container\">\n\t\t\t\t\t\t\t\t\t\t\t\t<figure class=\"wp-caption\">\n\t\t\t\t\t\t\t\t\t\t<img fetchpriority=\"high\" decoding=\"async\" width=\"800\" height=\"600\" src=\"https:\/\/delyava.com\/wp-content\/uploads\/2025\/03\/How-Does-Pigmented-Lesion-Removal-Work-1-1024x768.jpeg\" class=\"attachment-large size-large wp-image-11696\" alt=\"Cum func\u021bioneaz\u0103 \u00eendep\u0103rtarea leziunilor pigmentate\" srcset=\"https:\/\/delyava.com\/wp-content\/uploads\/2025\/03\/How-Does-Pigmented-Lesion-Removal-Work-1-1024x768.jpeg 1024w, https:\/\/delyava.com\/wp-content\/uploads\/2025\/03\/How-Does-Pigmented-Lesion-Removal-Work-1-300x225.jpeg 300w, https:\/\/delyava.com\/wp-content\/uploads\/2025\/03\/How-Does-Pigmented-Lesion-Removal-Work-1-768x576.jpeg 768w, https:\/\/delyava.com\/wp-content\/uploads\/2025\/03\/How-Does-Pigmented-Lesion-Removal-Work-1-1536x1152.jpeg 1536w, https:\/\/delyava.com\/wp-content\/uploads\/2025\/03\/How-Does-Pigmented-Lesion-Removal-Work-1-2048x1536.jpeg 2048w, https:\/\/delyava.com\/wp-content\/uploads\/2025\/03\/How-Does-Pigmented-Lesion-Removal-Work-1-16x12.jpeg 16w, https:\/\/delyava.com\/wp-content\/uploads\/2025\/03\/How-Does-Pigmented-Lesion-Removal-Work-1-600x450.jpeg 600w\" sizes=\"(max-width: 800px) 100vw, 800px\" \/>\t\t\t\t\t\t\t\t\t\t\t<figcaption class=\"widget-image-caption wp-caption-text\">Cum func\u021bioneaz\u0103 \u00eendep\u0103rtarea leziunilor pigmentate<\/figcaption>\n\t\t\t\t\t\t\t\t\t\t<\/figure>\n\t\t\t\t\t\t\t\t\t<\/div>\n\t\t\t\t<\/div>\n\t\t\t\t<\/div>\n\t\t<div class=\"elementor-element elementor-element-3637301 e-con-full e-flex e-con e-child\" data-id=\"3637301\" data-element_type=\"container\">\n\t\t\t\t<div class=\"elementor-element elementor-element-8f05ad6 elementor-widget elementor-widget-text-editor\" data-id=\"8f05ad6\" data-element_type=\"widget\" data-widget_type=\"text-editor.default\">\n\t\t\t\t<div class=\"elementor-widget-container\">\n\t\t\t\t\t\t\t\t\t<p><a href=\"http:\/\/delyava.com\/ro\/\">Delya<\/a> utilizeaz\u0103 laser avansat, bazat pe lumin\u0103 \u0219i <a href=\"https:\/\/delyava.com\/ro\/\/shr-ipl-laser-system\/\">IPL<\/a> tehnologii pentru a viza cu precizie melanina \u00een zonele plictisitoare ale pielii, descompun\u00e2nd-o \u00een particule minuscule. Aceste particule sunt apoi metabolizate \u0219i \u00eendep\u0103rtate de sistemul limfatic, dezintegr\u00e2nd treptat straturile de pigmentare \u0219i restabilind pielea uniform\u0103 \u0219i impecabil\u0103.<\/p><p>Tratamentul \u021bine cont de experien\u021ba pacientului, este extrem de confortabil \u0219i este sigur \u0219i eficient pentru toate tipurile \u0219i culorile de piele, \u00een special pentru pielea mai \u00eenchis\u0103.<\/p>\t\t\t\t\t\t\t\t<\/div>\n\t\t\t\t<\/div>\n\t\t\t\t<\/div>\n\t\t\t\t<\/div>\n\t\t\t\t<\/div>\n\t\t\t\t\t<\/div>\n\t\t\t\t<\/div>\n\t\t<div class=\"elementor-element elementor-element-609114c e-flex e-con-boxed e-con e-parent\" data-id=\"609114c\" data-element_type=\"container\">\n\t\t\t\t\t<div class=\"e-con-inner\">\n\t\t<div class=\"elementor-element elementor-element-fe9c162 e-con-full e-flex e-con e-child\" data-id=\"fe9c162\" data-element_type=\"container\">\n\t\t<div class=\"elementor-element elementor-element-0895752 e-con-full e-flex e-con e-child\" data-id=\"0895752\" data-element_type=\"container\">\n\t\t<div class=\"elementor-element elementor-element-4403816 e-con-full e-flex e-con e-child\" data-id=\"4403816\" data-element_type=\"container\">\n\t\t\t\t<div class=\"elementor-element elementor-element-f1e9077 elementor-widget elementor-widget-text-editor\" data-id=\"f1e9077\" data-element_type=\"widget\" data-widget_type=\"text-editor.default\">\n\t\t\t\t<div class=\"elementor-widget-container\">\n\t\t\t\t\t\t\t\t\t<h2><span>Procedura de pigmentare<\/span><\/h2><p>\u00cen timpul tratamentului, lumina intens pulsat\u0103 va acoperi cu precizie \u00eentreaga zon\u0103 a leziunii. Celulele pielii care sunt pline de exces de melanin\u0103 absorb energia luminii intense pulsate, cresc temperatura \u0219i \u00eencep s\u0103 degenereze. \u021aesutul normal al pielii din jur r\u0103m\u00e2ne nev\u0103t\u0103mat. Dup\u0103 tratament, zona tratat\u0103 se vindec\u0103 \u00eencet, iar sistemul imunitar m\u0103tur\u0103 celulele moarte ale pielii, l\u0103s\u00e2nd pielea mai str\u0103lucitoare \u0219i mai impecabil\u0103.<\/p><p>Durata tratamentului depinde de dimensiunea leziunii. Leziunile mai mici, cum ar fi petele de v\u00e2rst\u0103, pot fi tratate \u00eentr-o secund\u0103, dar semnele de na\u0219tere sau aluni\u021bele mai mari pot dura c\u00e2teva minute. Pacien\u021bii pot experimenta un u\u0219or disconfort \u00een timpul tratamentului, dar efectele secundare sunt minime.<\/p>\t\t\t\t\t\t\t\t<\/div>\n\t\t\t\t<\/div>\n\t\t\t\t<\/div>\n\t\t<div class=\"elementor-element elementor-element-523905c e-con-full e-flex e-con e-child\" data-id=\"523905c\" data-element_type=\"container\">\n\t\t\t\t<div class=\"elementor-element elementor-element-5cdf6df elementor-widget elementor-widget-image\" data-id=\"5cdf6df\" data-element_type=\"widget\" data-widget_type=\"image.default\">\n\t\t\t\t<div class=\"elementor-widget-container\">\n\t\t\t\t\t\t\t\t\t\t\t\t<figure class=\"wp-caption\">\n\t\t\t\t\t\t\t\t\t\t<img decoding=\"async\" width=\"800\" height=\"800\" src=\"https:\/\/delyava.com\/wp-content\/uploads\/2025\/03\/The-Pigmentation-Procedure.jpeg\" class=\"attachment-large size-large wp-image-11712\" alt=\"Procedura de pigmentare\" srcset=\"https:\/\/delyava.com\/wp-content\/uploads\/2025\/03\/The-Pigmentation-Procedure.jpeg 800w, https:\/\/delyava.com\/wp-content\/uploads\/2025\/03\/The-Pigmentation-Procedure-300x300.jpeg 300w, https:\/\/delyava.com\/wp-content\/uploads\/2025\/03\/The-Pigmentation-Procedure-150x150.jpeg 150w, https:\/\/delyava.com\/wp-content\/uploads\/2025\/03\/The-Pigmentation-Procedure-768x768.jpeg 768w, https:\/\/delyava.com\/wp-content\/uploads\/2025\/03\/The-Pigmentation-Procedure-12x12.jpeg 12w, https:\/\/delyava.com\/wp-content\/uploads\/2025\/03\/The-Pigmentation-Procedure-600x600.jpeg 600w, https:\/\/delyava.com\/wp-content\/uploads\/2025\/03\/The-Pigmentation-Procedure-100x100.jpeg 100w\" sizes=\"(max-width: 800px) 100vw, 800px\" \/>\t\t\t\t\t\t\t\t\t\t\t<figcaption class=\"widget-image-caption wp-caption-text\">Procedura de pigmentare<\/figcaption>\n\t\t\t\t\t\t\t\t\t\t<\/figure>\n\t\t\t\t\t\t\t\t\t<\/div>\n\t\t\t\t<\/div>\n\t\t\t\t<\/div>\n\t\t\t\t<\/div>\n\t\t\t\t<\/div>\n\t\t\t\t\t<\/div>\n\t\t\t\t<\/div>\n\t\t<div class=\"elementor-element elementor-element-9dcf9ca e-flex e-con-boxed e-con e-parent\" data-id=\"9dcf9ca\" data-element_type=\"container\">\n\t\t\t\t\t<div class=\"e-con-inner\">\n\t\t<div class=\"elementor-element elementor-element-e98b030 e-con-full e-flex e-con e-child\" data-id=\"e98b030\" data-element_type=\"container\">\n\t\t\t\t<div class=\"elementor-element elementor-element-650b702 elementor-widget elementor-widget-heading\" data-id=\"650b702\" data-element_type=\"widget\" data-widget_type=\"heading.default\">\n\t\t\t\t<div class=\"elementor-widget-container\">\n\t\t\t\t\t<h3 class=\"elementor-heading-title elementor-size-default\">Leziuni de pigmentare Imagini \u00eenainte \u0219i dup\u0103<\/h3>\t\t\t\t<\/div>\n\t\t\t\t<\/div>\n\t\t\t\t<\/div>\n\t\t<div class=\"elementor-element elementor-element-8aa1975 e-con-full e-flex e-con e-child\" data-id=\"8aa1975\" data-element_type=\"container\">\n\t\t<div class=\"elementor-element elementor-element-2181505 e-con-full e-flex e-con e-child\" data-id=\"2181505\" data-element_type=\"container\">\n\t\t\t\t<div class=\"elementor-element elementor-element-b1f76e7 elementor-widget elementor-widget-image\" data-id=\"b1f76e7\" data-element_type=\"widget\" data-widget_type=\"image.default\">\n\t\t\t\t<div class=\"elementor-widget-container\">\n\t\t\t\t\t\t\t\t\t\t\t\t<figure class=\"wp-caption\">\n\t\t\t\t\t\t\t\t\t\t<img decoding=\"async\" width=\"758\" height=\"556\" src=\"https:\/\/delyava.com\/wp-content\/uploads\/2025\/03\/Pigmentation-Lesions-Before-After-Pictures.png\" class=\"attachment-large size-large wp-image-11728\" alt=\"Leziuni de pigmentare Imagini \u00eenainte \u0219i dup\u0103\" srcset=\"https:\/\/delyava.com\/wp-content\/uploads\/2025\/03\/Pigmentation-Lesions-Before-After-Pictures.png 758w, https:\/\/delyava.com\/wp-content\/uploads\/2025\/03\/Pigmentation-Lesions-Before-After-Pictures-300x220.png 300w, https:\/\/delyava.com\/wp-content\/uploads\/2025\/03\/Pigmentation-Lesions-Before-After-Pictures-16x12.png 16w, https:\/\/delyava.com\/wp-content\/uploads\/2025\/03\/Pigmentation-Lesions-Before-After-Pictures-600x440.png 600w\" sizes=\"(max-width: 758px) 100vw, 758px\" \/>\t\t\t\t\t\t\t\t\t\t\t<figcaption class=\"widget-image-caption wp-caption-text\">Leziuni de pigmentare Imagini \u00eenainte \u0219i dup\u0103<\/figcaption>\n\t\t\t\t\t\t\t\t\t\t<\/figure>\n\t\t\t\t\t\t\t\t\t<\/div>\n\t\t\t\t<\/div>\n\t\t\t\t<\/div>\n\t\t<div class=\"elementor-element elementor-element-86de0c6 e-con-full e-flex e-con e-child\" data-id=\"86de0c6\" data-element_type=\"container\">\n\t\t\t\t<div class=\"elementor-element elementor-element-8fd36d0 elementor-widget elementor-widget-text-editor\" data-id=\"8fd36d0\" data-element_type=\"widget\" data-widget_type=\"text-editor.default\">\n\t\t\t\t<div class=\"elementor-widget-container\">\n\t\t\t\t\t\t\t\t\t<p>Majoritatea leziunilor hiperpigmentate pot fi \u00eendep\u0103rtate complet cu suficiente tratamente. Leziunile mai mici, cum ar fi pistruii \u0219i petele de v\u00e2rst\u0103 pot fi tratate probabil \u00eentr-o singur\u0103 \u0219edin\u021b\u0103; cu toate acestea, alte leziuni, din cauza unei variet\u0103\u021bi de factori, pot necesita p\u00e2n\u0103 la \u0219ase sau chiar mai multe tratamente pentru a elimina.<\/p>\t\t\t\t\t\t\t\t<\/div>\n\t\t\t\t<\/div>\n\t\t\t\t<\/div>\n\t\t\t\t<\/div>\n\t\t\t\t\t<\/div>\n\t\t\t\t<\/div>\n\t\t<div class=\"elementor-element elementor-element-9425251 e-con-full e-flex e-con e-child\" data-id=\"9425251\" data-element_type=\"container\">\n\t\t<div class=\"elementor-element elementor-element-594c821 e-con-full e-flex e-con e-child\" data-id=\"594c821\" data-element_type=\"container\">\n\t\t\t\t<div class=\"elementor-element elementor-element-0867f58 elementor-position-top elementor-widget elementor-widget-image-box\" data-id=\"0867f58\" data-element_type=\"widget\" data-widget_type=\"image-box.default\">\n\t\t\t\t<div class=\"elementor-widget-container\">\n\t\t\t\t\t<div class=\"elementor-image-box-wrapper\"><figure class=\"elementor-image-box-img\"><img loading=\"lazy\" decoding=\"async\" width=\"2560\" height=\"2560\" src=\"https:\/\/delyava.com\/wp-content\/uploads\/2025\/02\/intense-pulse-laser.png\" class=\"attachment-full size-full wp-image-10386\" alt=\"laser cu puls intens\" srcset=\"https:\/\/delyava.com\/wp-content\/uploads\/2025\/02\/intense-pulse-laser.png 2560w, https:\/\/delyava.com\/wp-content\/uploads\/2025\/02\/intense-pulse-laser-300x300.png 300w, https:\/\/delyava.com\/wp-content\/uploads\/2025\/02\/intense-pulse-laser-1024x1024.png 1024w, https:\/\/delyava.com\/wp-content\/uploads\/2025\/02\/intense-pulse-laser-150x150.png 150w, https:\/\/delyava.com\/wp-content\/uploads\/2025\/02\/intense-pulse-laser-768x768.png 768w, https:\/\/delyava.com\/wp-content\/uploads\/2025\/02\/intense-pulse-laser-1536x1536.png 1536w, https:\/\/delyava.com\/wp-content\/uploads\/2025\/02\/intense-pulse-laser-2048x2048.png 2048w, https:\/\/delyava.com\/wp-content\/uploads\/2025\/02\/intense-pulse-laser-12x12.png 12w, https:\/\/delyava.com\/wp-content\/uploads\/2025\/02\/intense-pulse-laser-600x600.png 600w, https:\/\/delyava.com\/wp-content\/uploads\/2025\/02\/intense-pulse-laser-100x100.png 100w\" sizes=\"(max-width: 2560px) 100vw, 2560px\" \/><\/figure><div class=\"elementor-image-box-content\"><h3 class=\"elementor-image-box-title\">Dispozitiv de \u00eendep\u0103rtare a p\u0103rului SHR IPL<\/h3><p class=\"elementor-image-box-description\">Folosind tehnologia DPL, scurteaz\u0103 eficient calea optic\u0103 \u0219i reduce densitatea pigmen\u021bilor epidermici. M\u0103re\u0219te siguran\u021ba, amelioreaz\u0103 eficient durerea, \u00eendep\u0103rteaz\u0103 p\u0103rul greu de \u00eendep\u0103rtat cu echipamente obi\u0219nuite \u0219i \u00eembun\u0103t\u0103\u021be\u0219te \u00eentinerirea pielii \u0219i \u00eendep\u0103rtarea pistruilor. <\/p><\/div><\/div>\t\t\t\t<\/div>\n\t\t\t\t<\/div>\n\t\t\t\t<div class=\"elementor-element elementor-element-c200ef2 elementor-align-center elementor-widget elementor-widget-button\" data-id=\"c200ef2\" data-element_type=\"widget\" data-widget_type=\"button.default\">\n\t\t\t\t<div class=\"elementor-widget-container\">\n\t\t\t\t\t\t\t\t\t<div class=\"elementor-button-wrapper\">\n\t\t\t\t\t<a class=\"elementor-button elementor-button-link elementor-size-sm\" href=\"https:\/\/delyava.com\/ro\/products\/ipl-hair-removal-device\/\">\n\t\t\t\t\t\t<span class=\"elementor-button-content-wrapper\">\n\t\t\t\t\t\t\t\t\t<span class=\"elementor-button-text\">Cite\u015fte mai mult<\/span>\n\t\t\t\t\t<\/span>\n\t\t\t\t\t<\/a>\n\t\t\t\t<\/div>\n\t\t\t\t\t\t\t\t<\/div>\n\t\t\t\t<\/div>\n\t\t\t\t<\/div>\n\t\t<div class=\"elementor-element elementor-element-04b4cd9 e-con-full e-flex e-con e-child\" data-id=\"04b4cd9\" data-element_type=\"container\">\n\t\t\t\t<\/div>\n\t\t<div class=\"elementor-element elementor-element-fcee227 e-con-full e-flex e-con e-child\" data-id=\"fcee227\" data-element_type=\"container\">\n\t\t\t\t<\/div>\n\t\t\t\t<\/div>\n\t\t\t\t<\/div>","protected":false},"excerpt":{"rendered":"<p>Pigmentation Targeted laser breaks up dark spots and uneven pigment, revealing a brighter, more even complexion. Safe, effective, and tailored to your skin. Pigmentation The life cycle of the skin and hormonal changes affect the distribution of melanin in the skin, leading to various types of hyperpigmented lesions. Moles, freckles, age spots, and melasma (a [&hellip;]<\/p>","protected":false},"author":2,"featured_media":0,"parent":0,"menu_order":0,"comment_status":"closed","ping_status":"closed","template":"","meta":{"_seopress_robots_primary_cat":"","_seopress_titles_title":"","_seopress_titles_desc":"","_seopress_robots_index":"","footnotes":""},"class_list":["post-11673","page","type-page","status-publish","hentry"],"_links":{"self":[{"href":"https:\/\/delyava.com\/ro\/wp-json\/wp\/v2\/pages\/11673","targetHints":{"allow":["GET"]}}],"collection":[{"href":"https:\/\/delyava.com\/ro\/wp-json\/wp\/v2\/pages"}],"about":[{"href":"https:\/\/delyava.com\/ro\/wp-json\/wp\/v2\/types\/page"}],"author":[{"embeddable":true,"href":"https:\/\/delyava.com\/ro\/wp-json\/wp\/v2\/users\/2"}],"replies":[{"embeddable":true,"href":"https:\/\/delyava.com\/ro\/wp-json\/wp\/v2\/comments?post=11673"}],"version-history":[{"count":9,"href":"https:\/\/delyava.com\/ro\/wp-json\/wp\/v2\/pages\/11673\/revisions"}],"predecessor-version":[{"id":17298,"href":"https:\/\/delyava.com\/ro\/wp-json\/wp\/v2\/pages\/11673\/revisions\/17298"}],"wp:attachment":[{"href":"https:\/\/delyava.com\/ro\/wp-json\/wp\/v2\/media?parent=11673"}],"curies":[{"name":"wp","href":"https:\/\/api.w.org\/{rel}","templated":true}]}}