{"id":9268,"date":"2025-02-14T15:24:13","date_gmt":"2025-02-14T07:24:13","guid":{"rendered":"https:\/\/delyava.com\/?post_type=product&#038;p=9268"},"modified":"2025-02-14T16:48:07","modified_gmt":"2025-02-14T08:48:07","slug":"7d-hifu-machine-ultramax","status":"publish","type":"product","link":"https:\/\/delyava.com\/pt\/products\/7d-hifu-machine-ultramax\/","title":{"rendered":"M\u00e1quina 7D HIFU ULTRAMAX"},"content":{"rendered":"<div data-elementor-type=\"product-post\" data-elementor-id=\"9268\" class=\"elementor elementor-9268\" data-elementor-post-type=\"product\">\n\t\t\t\t<div class=\"elementor-element elementor-element-f54a151 e-flex e-con-boxed e-con e-parent\" data-id=\"f54a151\" data-element_type=\"container\">\n\t\t\t\t\t<div class=\"e-con-inner\">\n\t\t\t\t<div class=\"elementor-element elementor-element-6bc09aa elementor-widget elementor-widget-heading\" data-id=\"6bc09aa\" data-element_type=\"widget\" data-widget_type=\"heading.default\">\n\t\t\t\t<div class=\"elementor-widget-container\">\n\t\t\t\t\t<h3 class=\"elementor-heading-title elementor-size-default\">Como funcionam as m\u00e1quinas hifu<\/h3>\t\t\t\t<\/div>\n\t\t\t\t<\/div>\n\t\t\t\t\t<\/div>\n\t\t\t\t<\/div>\n\t\t<div class=\"elementor-element elementor-element-eda9b1a e-flex e-con-boxed e-con e-parent\" data-id=\"eda9b1a\" data-element_type=\"container\">\n\t\t\t\t\t<div class=\"e-con-inner\">\n\t\t<div class=\"elementor-element elementor-element-7e1e5d8 e-con-full e-flex e-con e-child\" data-id=\"7e1e5d8\" data-element_type=\"container\">\n\t\t\t\t<div class=\"elementor-element elementor-element-5864119 elementor-widget elementor-widget-text-editor\" data-id=\"5864119\" data-element_type=\"widget\" data-widget_type=\"text-editor.default\">\n\t\t\t\t<div class=\"elementor-widget-container\">\n\t\t\t\t\t\t\t\t\t<p>\u00a0<\/p><div data-page-id=\"NKUOdHU5AorUHjx01y2cSQIan2d\" data-lark-html-role=\"root\" data-docx-has-block-data=\"false\"><div class=\"ace-line ace-line old-record-id-XxU0dvPGno7t0rx5DMycuGfkn9e\"><p>ULTRAMAX \u00e9 um dispositivo est\u00e9tico n\u00e3o invasivo para lifting facial, firmeza, tonifica\u00e7\u00e3o corporal e contorno. Ele oferece tratamentos personalizados para o rosto, pesco\u00e7o e corpo, amplamente utilizados no mercado est\u00e9tico. Usando a tecnologia MMFU, ele fornece energia ultrass\u00f4nica precisa para atingir camadas da pele para levantamento e firmeza, enquanto encolhe e elimina c\u00e9lulas de gordura teimosas na camada subcut\u00e2nea sem afetar os tecidos circundantes.<\/p><\/div><\/div>\t\t\t\t\t\t\t\t<\/div>\n\t\t\t\t<\/div>\n\t\t\t\t<\/div>\n\t\t<div class=\"elementor-element elementor-element-4d908ad e-con-full e-flex e-con e-child\" data-id=\"4d908ad\" data-element_type=\"container\">\n\t\t\t\t<div class=\"elementor-element elementor-element-8f050b3 elementor-widget elementor-widget-image\" data-id=\"8f050b3\" data-element_type=\"widget\" data-widget_type=\"image.default\">\n\t\t\t\t<div class=\"elementor-widget-container\">\n\t\t\t\t\t\t\t\t\t\t\t\t<figure class=\"wp-caption\">\n\t\t\t\t\t\t\t\t\t\t<img fetchpriority=\"high\" decoding=\"async\" width=\"800\" height=\"219\" src=\"https:\/\/delyava.com\/wp-content\/uploads\/2025\/02\/How-the-hifu-machines-Works-1024x280.jpeg\" class=\"attachment-large size-large wp-image-9257\" alt=\"Como funcionam as m\u00e1quinas hifu\" srcset=\"https:\/\/delyava.com\/wp-content\/uploads\/2025\/02\/How-the-hifu-machines-Works-1024x280.jpeg 1024w, https:\/\/delyava.com\/wp-content\/uploads\/2025\/02\/How-the-hifu-machines-Works-300x82.jpeg 300w, https:\/\/delyava.com\/wp-content\/uploads\/2025\/02\/How-the-hifu-machines-Works-768x210.jpeg 768w, https:\/\/delyava.com\/wp-content\/uploads\/2025\/02\/How-the-hifu-machines-Works-1536x420.jpeg 1536w, https:\/\/delyava.com\/wp-content\/uploads\/2025\/02\/How-the-hifu-machines-Works-18x5.jpeg 18w, https:\/\/delyava.com\/wp-content\/uploads\/2025\/02\/How-the-hifu-machines-Works-600x164.jpeg 600w, https:\/\/delyava.com\/wp-content\/uploads\/2025\/02\/How-the-hifu-machines-Works.jpeg 1900w\" sizes=\"(max-width: 800px) 100vw, 800px\" \/>\t\t\t\t\t\t\t\t\t\t\t<figcaption class=\"widget-image-caption wp-caption-text\">Como funcionam as m\u00e1quinas hifu<\/figcaption>\n\t\t\t\t\t\t\t\t\t\t<\/figure>\n\t\t\t\t\t\t\t\t\t<\/div>\n\t\t\t\t<\/div>\n\t\t\t\t<\/div>\n\t\t\t\t\t<\/div>\n\t\t\t\t<\/div>\n\t\t<div class=\"elementor-element elementor-element-a44b5d8 e-flex e-con-boxed e-con e-parent\" data-id=\"a44b5d8\" data-element_type=\"container\">\n\t\t\t\t\t<div class=\"e-con-inner\">\n\t\t\t\t<div class=\"elementor-element elementor-element-2e2b0ac elementor-widget elementor-widget-heading\" data-id=\"2e2b0ac\" data-element_type=\"widget\" data-widget_type=\"heading.default\">\n\t\t\t\t<div class=\"elementor-widget-container\">\n\t\t\t\t\t<h2 class=\"elementor-heading-title elementor-size-default\">Introdu\u00e7\u00e3o aos componentes do instrumento<\/h2>\t\t\t\t<\/div>\n\t\t\t\t<\/div>\n\t\t\t\t\t<\/div>\n\t\t\t\t<\/div>\n\t\t<div class=\"elementor-element elementor-element-72f0be4 e-flex e-con-boxed e-con e-parent\" data-id=\"72f0be4\" data-element_type=\"container\">\n\t\t\t\t\t<div class=\"e-con-inner\">\n\t\t\t\t<div class=\"elementor-element elementor-element-5c8af68 elementor-widget__width-initial elementor-widget elementor-widget-image\" data-id=\"5c8af68\" data-element_type=\"widget\" data-widget_type=\"image.default\">\n\t\t\t\t<div class=\"elementor-widget-container\">\n\t\t\t\t\t\t\t\t\t\t\t\t\t\t\t<img decoding=\"async\" width=\"800\" height=\"544\" src=\"https:\/\/delyava.com\/wp-content\/uploads\/2025\/02\/Introduction-to-Instrument-Components-1024x696.jpeg\" class=\"attachment-large size-large wp-image-9248\" alt=\"Introdu\u00e7\u00e3o aos componentes do instrumento\" srcset=\"https:\/\/delyava.com\/wp-content\/uploads\/2025\/02\/Introduction-to-Instrument-Components-1024x696.jpeg 1024w, https:\/\/delyava.com\/wp-content\/uploads\/2025\/02\/Introduction-to-Instrument-Components-300x204.jpeg 300w, https:\/\/delyava.com\/wp-content\/uploads\/2025\/02\/Introduction-to-Instrument-Components-768x522.jpeg 768w, https:\/\/delyava.com\/wp-content\/uploads\/2025\/02\/Introduction-to-Instrument-Components-1536x1044.jpeg 1536w, https:\/\/delyava.com\/wp-content\/uploads\/2025\/02\/Introduction-to-Instrument-Components-2048x1392.jpeg 2048w, https:\/\/delyava.com\/wp-content\/uploads\/2025\/02\/Introduction-to-Instrument-Components-18x12.jpeg 18w, https:\/\/delyava.com\/wp-content\/uploads\/2025\/02\/Introduction-to-Instrument-Components-600x408.jpeg 600w\" sizes=\"(max-width: 800px) 100vw, 800px\" \/>\t\t\t\t\t\t\t\t\t\t\t\t\t\t\t<\/div>\n\t\t\t\t<\/div>\n\t\t\t\t<div class=\"elementor-element elementor-element-67f354c elementor-widget elementor-widget-image\" data-id=\"67f354c\" data-element_type=\"widget\" data-widget_type=\"image.default\">\n\t\t\t\t<div class=\"elementor-widget-container\">\n\t\t\t\t\t\t\t\t\t\t\t\t\t\t\t<img decoding=\"async\" width=\"800\" height=\"352\" src=\"https:\/\/delyava.com\/wp-content\/uploads\/2025\/02\/Introduction-to-Instrument-Components1-1024x451.jpeg\" class=\"attachment-large size-large wp-image-9251\" alt=\"Introdu\u00e7\u00e3o aos componentes do instrumento1\" srcset=\"https:\/\/delyava.com\/wp-content\/uploads\/2025\/02\/Introduction-to-Instrument-Components1-1024x451.jpeg 1024w, https:\/\/delyava.com\/wp-content\/uploads\/2025\/02\/Introduction-to-Instrument-Components1-300x132.jpeg 300w, https:\/\/delyava.com\/wp-content\/uploads\/2025\/02\/Introduction-to-Instrument-Components1-768x338.jpeg 768w, https:\/\/delyava.com\/wp-content\/uploads\/2025\/02\/Introduction-to-Instrument-Components1-1536x676.jpeg 1536w, https:\/\/delyava.com\/wp-content\/uploads\/2025\/02\/Introduction-to-Instrument-Components1-2048x902.jpeg 2048w, https:\/\/delyava.com\/wp-content\/uploads\/2025\/02\/Introduction-to-Instrument-Components1-18x8.jpeg 18w, https:\/\/delyava.com\/wp-content\/uploads\/2025\/02\/Introduction-to-Instrument-Components1-600x264.jpeg 600w\" sizes=\"(max-width: 800px) 100vw, 800px\" \/>\t\t\t\t\t\t\t\t\t\t\t\t\t\t\t<\/div>\n\t\t\t\t<\/div>\n\t\t\t\t\t<\/div>\n\t\t\t\t<\/div>\n\t\t<div class=\"elementor-element elementor-element-1822c3b e-flex e-con-boxed e-con e-parent\" data-id=\"1822c3b\" data-element_type=\"container\">\n\t\t\t\t\t<div class=\"e-con-inner\">\n\t\t<div class=\"elementor-element elementor-element-cef95eb e-con-full e-flex e-con e-child\" data-id=\"cef95eb\" data-element_type=\"container\">\n\t\t<div class=\"elementor-element elementor-element-63581f5 e-con-full e-flex e-con e-child\" data-id=\"63581f5\" data-element_type=\"container\">\n\t\t<div class=\"elementor-element elementor-element-c3eb72d e-con-full e-flex e-con e-child\" data-id=\"c3eb72d\" data-element_type=\"container\">\n\t\t\t\t<div class=\"elementor-element elementor-element-314ba52 elementor-widget elementor-widget-image\" data-id=\"314ba52\" data-element_type=\"widget\" data-widget_type=\"image.default\">\n\t\t\t\t<div class=\"elementor-widget-container\">\n\t\t\t\t\t\t\t\t\t\t\t\t\t\t\t<img loading=\"lazy\" decoding=\"async\" width=\"736\" height=\"609\" src=\"https:\/\/delyava.com\/wp-content\/uploads\/2025\/02\/HIFU-treatment-machine-body-treatment-parts-1.jpg\" class=\"attachment-large size-large wp-image-9259\" alt=\"Pe\u00e7as de tratamento corporal para m\u00e1quina de tratamento HIFU\" srcset=\"https:\/\/delyava.com\/wp-content\/uploads\/2025\/02\/HIFU-treatment-machine-body-treatment-parts-1.jpg 736w, https:\/\/delyava.com\/wp-content\/uploads\/2025\/02\/HIFU-treatment-machine-body-treatment-parts-1-300x248.jpg 300w, https:\/\/delyava.com\/wp-content\/uploads\/2025\/02\/HIFU-treatment-machine-body-treatment-parts-1-15x12.jpg 15w, https:\/\/delyava.com\/wp-content\/uploads\/2025\/02\/HIFU-treatment-machine-body-treatment-parts-1-600x496.jpg 600w\" sizes=\"(max-width: 736px) 100vw, 736px\" \/>\t\t\t\t\t\t\t\t\t\t\t\t\t\t\t<\/div>\n\t\t\t\t<\/div>\n\t\t\t\t<\/div>\n\t\t\t\t<\/div>\n\t\t<div class=\"elementor-element elementor-element-06608fe e-con-full e-flex e-con e-child\" data-id=\"06608fe\" data-element_type=\"container\">\n\t\t\t\t<div class=\"elementor-element elementor-element-6a224eb elementor-widget elementor-widget-heading\" data-id=\"6a224eb\" data-element_type=\"widget\" data-widget_type=\"heading.default\">\n\t\t\t\t<div class=\"elementor-widget-container\">\n\t\t\t\t\t<h2 class=\"elementor-heading-title elementor-size-default\">Pe\u00e7as de tratamento corporal para m\u00e1quina de tratamento HIFU<\/h2>\t\t\t\t<\/div>\n\t\t\t\t<\/div>\n\t\t\t\t<div class=\"elementor-element elementor-element-68a1fa0 elementor-widget elementor-widget-text-editor\" data-id=\"68a1fa0\" data-element_type=\"widget\" data-widget_type=\"text-editor.default\">\n\t\t\t\t<div class=\"elementor-widget-container\">\n\t\t\t\t\t\t\t\t\t<p>Nossas m\u00e1quinas de endurecimento da pele hifu s\u00e3o equipadas com uma variedade de sondas para atingir precisamente diferentes partes do corpo. As sondas de 6,0 mm e 9,0 mm s\u00e3o projetadas para atender a uma ampla gama de necessidades individuais. As sondas de 6,0 mm e 9,0 mm s\u00e3o projetadas para atender a uma ampla gama de necessidades individuais. A sonda de 6,0 mm \u00e9 eficaz na melhora de papadas, enquanto a sonda de 9,0 mm pode ser usada para atingir efetivamente \u00e1reas como n\u00e1degas de mam\u00e3e, mangas borboleta e pernas de elefante, bem como seios, axilas, bra\u00e7os, abd\u00f4men, costas, lado da cintura, coxas, panturrilhas e tornozelos, ajudando a obter escultura localizada e precisa e r\u00e1pida melhora da silhueta do corpo.<\/p>\t\t\t\t\t\t\t\t<\/div>\n\t\t\t\t<\/div>\n\t\t\t\t<\/div>\n\t\t\t\t<\/div>\n\t\t\t\t\t<\/div>\n\t\t\t\t<\/div>\n\t\t<div class=\"elementor-element elementor-element-92d410b e-flex e-con-boxed e-con e-parent\" data-id=\"92d410b\" data-element_type=\"container\">\n\t\t\t\t\t<div class=\"e-con-inner\">\n\t\t<div class=\"elementor-element elementor-element-57d281f e-con-full e-flex e-con e-child\" data-id=\"57d281f\" data-element_type=\"container\">\n\t\t\t\t<div class=\"elementor-element elementor-element-a56acec elementor-widget elementor-widget-heading\" data-id=\"a56acec\" data-element_type=\"widget\" data-widget_type=\"heading.default\">\n\t\t\t\t<div class=\"elementor-widget-container\">\n\t\t\t\t\t<h3 class=\"elementor-heading-title elementor-size-default\"> M\u00e1quina HIFU antes e depois<\/h3>\t\t\t\t<\/div>\n\t\t\t\t<\/div>\n\t\t\t\t<\/div>\n\t\t<div class=\"elementor-element elementor-element-4395a36 e-con-full e-flex e-con e-child\" data-id=\"4395a36\" data-element_type=\"container\">\n\t\t<div class=\"elementor-element elementor-element-d748ef2 e-con-full e-flex e-con e-child\" data-id=\"d748ef2\" data-element_type=\"container\">\n\t\t\t\t<div class=\"elementor-element elementor-element-7b7d881 elementor-widget elementor-widget-image\" data-id=\"7b7d881\" data-element_type=\"widget\" data-widget_type=\"image.default\">\n\t\t\t\t<div class=\"elementor-widget-container\">\n\t\t\t\t\t\t\t\t\t\t\t\t\t\t\t<img loading=\"lazy\" decoding=\"async\" width=\"750\" height=\"750\" src=\"https:\/\/delyava.com\/wp-content\/uploads\/2025\/02\/HIFU-7D-machine-Before-and-After.png\" class=\"attachment-large size-large wp-image-9260\" alt=\"M\u00e1quina HIFU 7D antes e depois\" srcset=\"https:\/\/delyava.com\/wp-content\/uploads\/2025\/02\/HIFU-7D-machine-Before-and-After.png 750w, https:\/\/delyava.com\/wp-content\/uploads\/2025\/02\/HIFU-7D-machine-Before-and-After-300x300.png 300w, https:\/\/delyava.com\/wp-content\/uploads\/2025\/02\/HIFU-7D-machine-Before-and-After-150x150.png 150w, https:\/\/delyava.com\/wp-content\/uploads\/2025\/02\/HIFU-7D-machine-Before-and-After-12x12.png 12w, https:\/\/delyava.com\/wp-content\/uploads\/2025\/02\/HIFU-7D-machine-Before-and-After-600x600.png 600w, https:\/\/delyava.com\/wp-content\/uploads\/2025\/02\/HIFU-7D-machine-Before-and-After-100x100.png 100w\" sizes=\"(max-width: 750px) 100vw, 750px\" \/>\t\t\t\t\t\t\t\t\t\t\t\t\t\t\t<\/div>\n\t\t\t\t<\/div>\n\t\t<div class=\"elementor-element elementor-element-14d2f1e e-con-full e-flex e-con e-child\" data-id=\"14d2f1e\" data-element_type=\"container\">\n\t\t\t\t<div class=\"elementor-element elementor-element-cf37953 elementor-widget elementor-widget-text-editor\" data-id=\"cf37953\" data-element_type=\"widget\" data-widget_type=\"text-editor.default\">\n\t\t\t\t<div class=\"elementor-widget-container\">\n\t\t\t\t\t\t\t\t\t<ol><li>Firma as bochechas, levanta o rosto e reduz rugas na testa, olhos e l\u00e1bios.<\/li><li>Melhora a textura da pele, reduz linhas finas (p\u00e9s de galinha, abaixo dos olhos, pr\u00e9-orelha, l\u00e1bios, testa, sobrancelhas, sulcos nasolabiais, pesco\u00e7o) e restaura a suavidade.<\/li><li>Reduz as linhas do pesco\u00e7o, previne o envelhecimento e estimula a regenera\u00e7\u00e3o do col\u00e1geno para melhorar a elasticidade e a firmeza da pele.<\/li><li>Aumente a elasticidade da pele, refine os contornos, controle a oleosidade e minimize os poros para uma apar\u00eancia suave e jovem.<\/li><\/ol>\t\t\t\t\t\t\t\t<\/div>\n\t\t\t\t<\/div>\n\t\t\t\t<\/div>\n\t\t\t\t<\/div>\n\t\t\t\t<\/div>\n\t\t\t\t\t<\/div>\n\t\t\t\t<\/div>\n\t\t<div class=\"elementor-element elementor-element-e741634 e-flex e-con-boxed e-con e-parent\" data-id=\"e741634\" data-element_type=\"container\">\n\t\t\t\t\t<div class=\"e-con-inner\">\n\t\t\t\t<div class=\"elementor-element elementor-element-e042ac3 elementor-widget elementor-widget-heading\" data-id=\"e042ac3\" data-element_type=\"widget\" data-widget_type=\"heading.default\">\n\t\t\t\t<div class=\"elementor-widget-container\">\n\t\t\t\t\t<h4 class=\"elementor-heading-title elementor-size-default\">Par\u00e2metro da m\u00e1quina Hifu 7D<\/h4>\t\t\t\t<\/div>\n\t\t\t\t<\/div>\n\t\t\t\t<div class=\"elementor-element elementor-element-0298e5b elementor-widget elementor-widget-text-editor\" data-id=\"0298e5b\" data-element_type=\"widget\" data-widget_type=\"text-editor.default\">\n\t\t\t\t<div class=\"elementor-widget-container\">\n\t\t\t\t\t\t\t\t\t<table><tbody><tr><td width=\"174\"><p>Freq\u00fc\u00eancia<\/p><\/td><td width=\"739\"><p>2MHz\/4MHz\/5,5MHz\/7MHz<\/p><\/td><\/tr><tr><td width=\"174\"><p>Sistema de trabalho<\/p><\/td><td width=\"739\"><p>Sa\u00edda de modo digital de pulso de controle duplo inteligente<\/p><\/td><\/tr><tr><td width=\"174\"><p>Energia<\/p><\/td><td width=\"739\"><p>0,1 \u2013 2J ajust\u00e1vel<\/p><\/td><\/tr><tr><td width=\"174\"><p>Comprimento de entrada<\/p><\/td><td width=\"739\"><p>5 \u2013 25mm ajust\u00e1vel<\/p><\/td><\/tr><tr><td width=\"174\"><p>Espa\u00e7amento de entrada<\/p><\/td><td width=\"739\"><p>1 \u2013 2 mm<\/p><\/td><\/tr><tr><td width=\"174\"><p>Chefe de Tratamento<\/p><\/td><td width=\"739\"><p>1,5\/2,0\/3,0\/4,5\/6,0\/9,0\/13,0 mm<\/p><\/td><\/tr><tr><td width=\"174\"><p>Modo de opera\u00e7\u00e3o<\/p><\/td><td width=\"739\"><p>Pulso \u00danico \/ Modo Pulso<\/p><\/td><\/tr><tr><td width=\"174\"><p>Pot\u00eancia de entrada<\/p><\/td><td width=\"739\"><p>CA 110 V \u2013 220 V \u2013 50 Hz\/60 Hz<\/p><\/td><\/tr><tr><td width=\"174\"><p>Tamanho do pacote<\/p><\/td><td width=\"739\"><p>53*46*44,5 cm<\/p><\/td><\/tr><tr><td width=\"174\"><p>Pacote GW<\/p><\/td><td width=\"739\"><p>22KG<\/p><\/td><\/tr><tr><td width=\"174\"><p>M\u00e1quina GW<\/p><\/td><td width=\"739\"><p>20KG<\/p><\/td><\/tr><\/tbody><\/table><p>\u00a0<\/p>\t\t\t\t\t\t\t\t<\/div>\n\t\t\t\t<\/div>\n\t\t\t\t\t<\/div>\n\t\t\t\t<\/div>\n\t\t<div class=\"elementor-element elementor-element-9b6194f e-flex e-con-boxed e-con e-parent\" data-id=\"9b6194f\" data-element_type=\"container\">\n\t\t\t\t\t<div class=\"e-con-inner\">\n\t\t<div class=\"elementor-element elementor-element-5b9bc99 e-con-full e-flex e-con e-child\" data-id=\"5b9bc99\" data-element_type=\"container\">\n\t\t\t\t<div class=\"elementor-element elementor-element-aa3be0d elementor-widget elementor-widget-heading\" data-id=\"aa3be0d\" data-element_type=\"widget\" data-widget_type=\"heading.default\">\n\t\t\t\t<div class=\"elementor-widget-container\">\n\t\t\t\t\t<h4 class=\"elementor-heading-title elementor-size-default\">FAQ<\/h4>\t\t\t\t<\/div>\n\t\t\t\t<\/div>\n\t\t\t\t<div class=\"elementor-element elementor-element-6e748f3 elementor-widget elementor-widget-text-editor\" data-id=\"6e748f3\" data-element_type=\"widget\" data-widget_type=\"text-editor.default\">\n\t\t\t\t<div class=\"elementor-widget-container\">\n\t\t\t\t\t\t\t\t\t<p><strong>1. Quais s\u00e3o as precau\u00e7\u00f5es ap\u00f3s o tratamento com m\u00e1quina HIFU?<\/strong><\/p><p>Evite alimentos picantes ap\u00f3s o tratamento; n\u00e3o lave o rosto com \u00e1gua muito quente ou muito fria por uma semana; n\u00e3o fa\u00e7a ioga em alta temperatura, sauna, vaporiza\u00e7\u00e3o facial e massagem facial para evitar press\u00e3o no rosto; aplique uma m\u00e1scara todos os dias por uma semana para reidratar o rosto; preste aten\u00e7\u00e3o \u00e0 prote\u00e7\u00e3o solar; n\u00e3o use equipamentos de radiofrequ\u00eancia ou fototerapia por um m\u00eas. Al\u00e9m disso, o tratamento 7D HIFU s\u00f3 pode ser realizado 20 a 30 dias ap\u00f3s a inje\u00e7\u00e3o de \u00e1cido hialur\u00f4nico.<br \/><strong>2. Quem n\u00e3o \u00e9 adequado para a m\u00e1quina hifu 7D?<\/strong><\/p><p>O tratamento 7D HIFU n\u00e3o \u00e9 adequado para mulheres gr\u00e1vidas, pacientes com doen\u00e7a card\u00edaca grave, pacientes com tumores malignos, pacientes com hemofilia ou sangramento grave, pacientes com doen\u00e7as graves, doen\u00e7as de pele e infecciosas, pacientes com cora\u00e7\u00e3o, c\u00e9rebro, centro nervoso do pesco\u00e7o, coluna, olhos, sangramento, pacientes com inje\u00e7\u00e3o, pacientes com hipertireoidismo, pacientes com asma e pacientes com press\u00e3o alta. Tamb\u00e9m deve ser usado com cautela em pacientes doentes, a menos que aprovado por um m\u00e9dico.<br \/><strong>3. \u00c9 o<\/strong><strong>e m\u00e1quina hifu dolorosa <\/strong><strong>?<\/strong><\/p><p>Algumas pessoas podem sentir alguma sensa\u00e7\u00e3o durante o tratamento, mas geralmente \u00e9 toler\u00e1vel. A energia \u00e9 ajustada de baixa para alta e ser\u00e1 ajustada pelo m\u00e9dico de acordo com o n\u00edvel de toler\u00e2ncia do paciente. Por exemplo, ao cuidar da \u00e1rea da testa, o usu\u00e1rio pode puxar a ponta da sonda firmemente em dire\u00e7\u00e3o \u00e0 testa para emitir energia para aliviar a dor. Al\u00e9m disso, usar o meio certo (por exemplo, gel fotossens\u00edvel, gel de resfriamento) pode ajudar a reduzir o desconforto.<br \/><strong>4. Quanto tempo demora para ver resultados ap\u00f3s um tratamento HIFU 7D?<\/strong><\/p><p>Pode haver alguns resultados, como aumento da firmeza da pele, imediatamente ap\u00f3s o tratamento. No entanto, resultados mais percept\u00edveis geralmente aparecem gradualmente de 1 a 3 meses ap\u00f3s o tratamento, pois leva tempo para o tratamento estimular a regenera\u00e7\u00e3o e a reorganiza\u00e7\u00e3o do col\u00e1geno. Os resultados s\u00e3o mais percept\u00edveis e duradouros ap\u00f3s v\u00e1rios tratamentos, por exemplo, ap\u00f3s 6 meses (2 tratamentos) ou mais, a condi\u00e7\u00e3o da pele melhora mais completamente.<br \/><strong>5. Quais s\u00e3o os efeitos colaterais do tratamento de endurecimento da pele com hifu 7D?<\/strong><\/p><p>O 7D HIFU \u00e9 seguro sob pr\u00e1tica e cuidados padronizados e geralmente n\u00e3o tem efeitos colaterais significativos. Algumas pessoas podem ter vermelhid\u00e3o transit\u00f3ria e leve incha\u00e7o da pele ap\u00f3s o tratamento, que diminuir\u00e3o naturalmente em algumas horas. A t\u00e9cnica \u00e9 precisa, com baixo risco de queimaduras, infec\u00e7\u00e3o e danos aos nervos, e a maioria das pessoas tem resultados satisfat\u00f3rios.<\/p>\t\t\t\t\t\t\t\t<\/div>\n\t\t\t\t<\/div>\n\t\t\t\t<\/div>\n\t\t\t\t\t<\/div>\n\t\t\t\t<\/div>\n\t\t\t\t<\/div>","protected":false},"excerpt":{"rendered":"<ul>\n<li><strong>Lifting e Contorno N\u00e3o Cir\u00fargico<\/strong>: MMFU \u00e9 um sistema n\u00e3o invasivo para lifting, firmeza e contorno facial e corporal usando calor ultrass\u00f4nico, sem necessidade de cirurgia.<\/li>\n<li><strong>Alvo de precis\u00e3o<\/strong>: O ponto focal menor fornece energia ultrass\u00f4nica de 65-75 \u00b0C precisamente \u00e0s camadas espec\u00edficas da pele para um tratamento preciso.<\/li>\n<li><strong>Efeito de termocoagula\u00e7\u00e3o<\/strong>: Cria calor controlado em camadas profundas (SMAS, derme) sem danificar os tecidos circundantes, estimulando a regenera\u00e7\u00e3o de col\u00e1geno e elastina.<\/li>\n<li><strong>Tratamento SMAS profundo<\/strong>: Atua na camada da f\u00e1scia SMAS para combater o envelhecimento, a perda de tecido e a flacidez da pele, proporcionando firmeza e firmeza duradouras.<\/li>\n<li><strong>Maior conforto e seguran\u00e7a<\/strong>: Projetado para maior conforto durante o tratamento, deixa a pele vi\u00e7osa, firme e rejuvenescida com tempo de inatividade m\u00ednimo.<\/li>\n<\/ul>","protected":false},"featured_media":9269,"template":"","meta":{"_seopress_robots_primary_cat":"none","_seopress_titles_title":"","_seopress_titles_desc":"","_seopress_robots_index":""},"product_brand":[],"product_cat":[36],"product_tag":[],"class_list":{"0":"post-9268","1":"product","2":"type-product","3":"status-publish","4":"has-post-thumbnail","6":"product_cat-hifu-machines","8":"first","9":"instock","10":"shipping-taxable","11":"product-type-simple"},"_links":{"self":[{"href":"https:\/\/delyava.com\/pt\/wp-json\/wp\/v2\/product\/9268","targetHints":{"allow":["GET"]}}],"collection":[{"href":"https:\/\/delyava.com\/pt\/wp-json\/wp\/v2\/product"}],"about":[{"href":"https:\/\/delyava.com\/pt\/wp-json\/wp\/v2\/types\/product"}],"version-history":[{"count":0,"href":"https:\/\/delyava.com\/pt\/wp-json\/wp\/v2\/product\/9268\/revisions"}],"wp:featuredmedia":[{"embeddable":true,"href":"https:\/\/delyava.com\/pt\/wp-json\/wp\/v2\/media\/9269"}],"wp:attachment":[{"href":"https:\/\/delyava.com\/pt\/wp-json\/wp\/v2\/media?parent=9268"}],"wp:term":[{"taxonomy":"product_brand","embeddable":true,"href":"https:\/\/delyava.com\/pt\/wp-json\/wp\/v2\/product_brand?post=9268"},{"taxonomy":"product_cat","embeddable":true,"href":"https:\/\/delyava.com\/pt\/wp-json\/wp\/v2\/product_cat?post=9268"},{"taxonomy":"product_tag","embeddable":true,"href":"https:\/\/delyava.com\/pt\/wp-json\/wp\/v2\/product_tag?post=9268"}],"curies":[{"name":"wp","href":"https:\/\/api.w.org\/{rel}","templated":true}]}}