{"id":10343,"date":"2025-02-24T14:10:13","date_gmt":"2025-02-24T06:10:13","guid":{"rendered":"https:\/\/delyava.com\/?post_type=product&#038;p=10343"},"modified":"2025-02-25T10:04:10","modified_gmt":"2025-02-25T02:04:10","slug":"picosecond-laser-all-colors-pigment-removal","status":"publish","type":"product","link":"https:\/\/delyava.com\/pt\/products\/picosecond-laser-all-colors-pigment-removal\/","title":{"rendered":"M\u00e1quina de remo\u00e7\u00e3o de tatuagem a laser Pico"},"content":{"rendered":"<div data-elementor-type=\"product-post\" data-elementor-id=\"10343\" class=\"elementor elementor-10343\" data-elementor-post-type=\"product\">\n\t\t\t\t<div class=\"elementor-element elementor-element-9deaa6e e-flex e-con-boxed e-con e-parent\" data-id=\"9deaa6e\" data-element_type=\"container\">\n\t\t\t\t\t<div class=\"e-con-inner\">\n\t\t\t\t<div class=\"elementor-element elementor-element-39510f4 elementor-widget elementor-widget-heading\" data-id=\"39510f4\" data-element_type=\"widget\" data-widget_type=\"heading.default\">\n\t\t\t\t<div class=\"elementor-widget-container\">\n\t\t\t\t\t<h2 class=\"elementor-heading-title elementor-size-default\">Como funciona a remo\u00e7\u00e3o de tatuagem a laser Picosure<\/h2>\t\t\t\t<\/div>\n\t\t\t\t<\/div>\n\t\t\t\t\t<\/div>\n\t\t\t\t<\/div>\n\t\t<div class=\"elementor-element elementor-element-eda9b1a e-flex e-con-boxed e-con e-parent\" data-id=\"eda9b1a\" data-element_type=\"container\">\n\t\t\t\t\t<div class=\"e-con-inner\">\n\t\t<div class=\"elementor-element elementor-element-7e1e5d8 e-con-full e-flex e-con e-child\" data-id=\"7e1e5d8\" data-element_type=\"container\">\n\t\t\t\t<div class=\"elementor-element elementor-element-5864119 elementor-widget elementor-widget-text-editor\" data-id=\"5864119\" data-element_type=\"widget\" data-widget_type=\"text-editor.default\">\n\t\t\t\t<div class=\"elementor-widget-container\">\n\t\t\t\t\t\t\t\t\t<div data-page-id=\"NKUOdHU5AorUHjx01y2cSQIan2d\" data-lark-html-role=\"root\" data-docx-has-block-data=\"false\"><div class=\"ace-line ace-line old-record-id-BXtKdbzf7oeYgOxtHsJcg8WLnlh\">A remo\u00e7\u00e3o de tatuagem a laser utiliza pulsos ultracurtos (um trilion\u00e9simo de segundo de dura\u00e7\u00e3o) para impactar a melanina com uma press\u00e3o poderosa, fazendo com que a melanina se quebre em pequenas part\u00edculas semelhantes a poeira. Como essas part\u00edculas s\u00e3o t\u00e3o pequenas, elas s\u00e3o mais facilmente absorvidas e removidas pelo corpo, o que significa melhor remo\u00e7\u00e3o de melanina e menos tratamentos no geral.<\/div><\/div>\t\t\t\t\t\t\t\t<\/div>\n\t\t\t\t<\/div>\n\t\t\t\t<\/div>\n\t\t<div class=\"elementor-element elementor-element-4d908ad e-con-full e-flex e-con e-child\" data-id=\"4d908ad\" data-element_type=\"container\">\n\t\t\t\t<div class=\"elementor-element elementor-element-8f050b3 elementor-widget elementor-widget-image\" data-id=\"8f050b3\" data-element_type=\"widget\" data-widget_type=\"image.default\">\n\t\t\t\t<div class=\"elementor-widget-container\">\n\t\t\t\t\t\t\t\t\t\t\t\t<figure class=\"wp-caption\">\n\t\t\t\t\t\t\t\t\t\t<img fetchpriority=\"high\" decoding=\"async\" width=\"800\" height=\"255\" src=\"https:\/\/delyava.com\/wp-content\/uploads\/2025\/02\/How-the-Picosecond-Laser-Works-1024x326.png\" class=\"attachment-large size-large wp-image-10359\" alt=\"Como funciona a remo\u00e7\u00e3o de tatuagem a laser Picosure\" srcset=\"https:\/\/delyava.com\/wp-content\/uploads\/2025\/02\/How-the-Picosecond-Laser-Works-1024x326.png 1024w, https:\/\/delyava.com\/wp-content\/uploads\/2025\/02\/How-the-Picosecond-Laser-Works-300x96.png 300w, https:\/\/delyava.com\/wp-content\/uploads\/2025\/02\/How-the-Picosecond-Laser-Works-768x245.png 768w, https:\/\/delyava.com\/wp-content\/uploads\/2025\/02\/How-the-Picosecond-Laser-Works-18x6.png 18w, https:\/\/delyava.com\/wp-content\/uploads\/2025\/02\/How-the-Picosecond-Laser-Works-600x191.png 600w, https:\/\/delyava.com\/wp-content\/uploads\/2025\/02\/How-the-Picosecond-Laser-Works.png 1444w\" sizes=\"(max-width: 800px) 100vw, 800px\" \/>\t\t\t\t\t\t\t\t\t\t\t<figcaption class=\"widget-image-caption wp-caption-text\">Como funciona a remo\u00e7\u00e3o de tatuagem a laser Picosure<\/figcaption>\n\t\t\t\t\t\t\t\t\t\t<\/figure>\n\t\t\t\t\t\t\t\t\t<\/div>\n\t\t\t\t<\/div>\n\t\t\t\t<\/div>\n\t\t\t\t\t<\/div>\n\t\t\t\t<\/div>\n\t\t<div class=\"elementor-element elementor-element-1e43b56 e-flex e-con-boxed e-con e-parent\" data-id=\"1e43b56\" data-element_type=\"container\">\n\t\t\t\t\t<div class=\"e-con-inner\">\n\t\t\t\t<div class=\"elementor-element elementor-element-0481fb4 elementor-widget elementor-widget-heading\" data-id=\"0481fb4\" data-element_type=\"widget\" data-widget_type=\"heading.default\">\n\t\t\t\t<div class=\"elementor-widget-container\">\n\t\t\t\t\t<h2 class=\"elementor-heading-title elementor-size-default\">Exibi\u00e7\u00e3o de pe\u00e7as para remo\u00e7\u00e3o de tatuagem com luz laser<\/h2>\t\t\t\t<\/div>\n\t\t\t\t<\/div>\n\t\t\t\t\t<\/div>\n\t\t\t\t<\/div>\n\t\t<div class=\"elementor-element elementor-element-80198ba e-flex e-con-boxed e-con e-parent\" data-id=\"80198ba\" data-element_type=\"container\">\n\t\t\t\t\t<div class=\"e-con-inner\">\n\t\t\t\t<div class=\"elementor-element elementor-element-8c70c66 elementor-widget elementor-widget-image\" data-id=\"8c70c66\" data-element_type=\"widget\" data-widget_type=\"image.default\">\n\t\t\t\t<div class=\"elementor-widget-container\">\n\t\t\t\t\t\t\t\t\t\t\t\t\t\t\t<img decoding=\"async\" width=\"750\" height=\"750\" src=\"https:\/\/delyava.com\/wp-content\/uploads\/2025\/02\/handle-display.jpg\" class=\"attachment-large size-large wp-image-10372\" alt=\"exibi\u00e7\u00e3o de al\u00e7a\" srcset=\"https:\/\/delyava.com\/wp-content\/uploads\/2025\/02\/handle-display.jpg 750w, https:\/\/delyava.com\/wp-content\/uploads\/2025\/02\/handle-display-300x300.jpg 300w, https:\/\/delyava.com\/wp-content\/uploads\/2025\/02\/handle-display-150x150.jpg 150w, https:\/\/delyava.com\/wp-content\/uploads\/2025\/02\/handle-display-12x12.jpg 12w, https:\/\/delyava.com\/wp-content\/uploads\/2025\/02\/handle-display-600x600.jpg 600w, https:\/\/delyava.com\/wp-content\/uploads\/2025\/02\/handle-display-100x100.jpg 100w\" sizes=\"(max-width: 750px) 100vw, 750px\" \/>\t\t\t\t\t\t\t\t\t\t\t\t\t\t\t<\/div>\n\t\t\t\t<\/div>\n\t\t\t\t<div class=\"elementor-element elementor-element-49b096e elementor-widget elementor-widget-image\" data-id=\"49b096e\" data-element_type=\"widget\" data-widget_type=\"image.default\">\n\t\t\t\t<div class=\"elementor-widget-container\">\n\t\t\t\t\t\t\t\t\t\t\t\t\t\t\t<img decoding=\"async\" width=\"750\" height=\"750\" src=\"https:\/\/delyava.com\/wp-content\/uploads\/2025\/02\/arm-display.jpg\" class=\"attachment-large size-large wp-image-10373\" alt=\"exibi\u00e7\u00e3o de bra\u00e7o\" srcset=\"https:\/\/delyava.com\/wp-content\/uploads\/2025\/02\/arm-display.jpg 750w, https:\/\/delyava.com\/wp-content\/uploads\/2025\/02\/arm-display-300x300.jpg 300w, https:\/\/delyava.com\/wp-content\/uploads\/2025\/02\/arm-display-150x150.jpg 150w, https:\/\/delyava.com\/wp-content\/uploads\/2025\/02\/arm-display-12x12.jpg 12w, https:\/\/delyava.com\/wp-content\/uploads\/2025\/02\/arm-display-600x600.jpg 600w, https:\/\/delyava.com\/wp-content\/uploads\/2025\/02\/arm-display-100x100.jpg 100w\" sizes=\"(max-width: 750px) 100vw, 750px\" \/>\t\t\t\t\t\t\t\t\t\t\t\t\t\t\t<\/div>\n\t\t\t\t<\/div>\n\t\t\t\t\t<\/div>\n\t\t\t\t<\/div>\n\t\t<div class=\"elementor-element elementor-element-a179326 e-flex e-con-boxed e-con e-parent\" data-id=\"a179326\" data-element_type=\"container\">\n\t\t\t\t\t<div class=\"e-con-inner\">\n\t\t\t\t<div class=\"elementor-element elementor-element-d1a242f elementor-widget elementor-widget-heading\" data-id=\"d1a242f\" data-element_type=\"widget\" data-widget_type=\"heading.default\">\n\t\t\t\t<div class=\"elementor-widget-container\">\n\t\t\t\t\t<h2 class=\"elementor-heading-title elementor-size-default\"> Aplica\u00e7\u00f5es de remo\u00e7\u00e3o de tatuagem<\/h2>\t\t\t\t<\/div>\n\t\t\t\t<\/div>\n\t\t\t\t\t<\/div>\n\t\t\t\t<\/div>\n\t\t<div class=\"elementor-element elementor-element-8a52342 e-flex e-con-boxed e-con e-parent\" data-id=\"8a52342\" data-element_type=\"container\">\n\t\t\t\t\t<div class=\"e-con-inner\">\n\t\t\t\t<div class=\"elementor-element elementor-element-f0b0afb elementor-widget elementor-widget-text-editor\" data-id=\"f0b0afb\" data-element_type=\"widget\" data-widget_type=\"text-editor.default\">\n\t\t\t\t<div class=\"elementor-widget-container\">\n\t\t\t\t\t\t\t\t\t<ul><li><p>Elimina\u00e7\u00e3o de v\u00e1rios tipos de sobrancelhas, bordados de sobrancelhas, tatuagens, delineadores e delineadores de l\u00e1bios.<\/p><\/li><li><p>Remo\u00e7\u00e3o eficaz de tatuagens em vermelho, azul, marrom, bege e todas as outras cores.<\/p><\/li><li><p>Tratamento de problemas de pigmenta\u00e7\u00e3o, como cloasma, manchas d\u00e9rmicas, manchas senis, marcas de nascen\u00e7a e nevo de Ota.<\/p><\/li><\/ul>\t\t\t\t\t\t\t\t<\/div>\n\t\t\t\t<\/div>\n\t\t\t\t<div class=\"elementor-element elementor-element-0fc7d6d elementor-widget elementor-widget-image\" data-id=\"0fc7d6d\" data-element_type=\"widget\" data-widget_type=\"image.default\">\n\t\t\t\t<div class=\"elementor-widget-container\">\n\t\t\t\t\t\t\t\t\t\t\t\t\t\t\t<img loading=\"lazy\" decoding=\"async\" width=\"750\" height=\"750\" src=\"https:\/\/delyava.com\/wp-content\/uploads\/2025\/02\/Applications.jpg\" class=\"attachment-large size-large wp-image-10377\" alt=\"Aplica\u00e7\u00f5es\" srcset=\"https:\/\/delyava.com\/wp-content\/uploads\/2025\/02\/Applications.jpg 750w, https:\/\/delyava.com\/wp-content\/uploads\/2025\/02\/Applications-300x300.jpg 300w, https:\/\/delyava.com\/wp-content\/uploads\/2025\/02\/Applications-150x150.jpg 150w, https:\/\/delyava.com\/wp-content\/uploads\/2025\/02\/Applications-12x12.jpg 12w, https:\/\/delyava.com\/wp-content\/uploads\/2025\/02\/Applications-600x600.jpg 600w, https:\/\/delyava.com\/wp-content\/uploads\/2025\/02\/Applications-100x100.jpg 100w\" sizes=\"(max-width: 750px) 100vw, 750px\" \/>\t\t\t\t\t\t\t\t\t\t\t\t\t\t\t<\/div>\n\t\t\t\t<\/div>\n\t\t\t\t\t<\/div>\n\t\t\t\t<\/div>\n\t\t<div class=\"elementor-element elementor-element-1a5fb2b e-flex e-con-boxed e-con e-parent\" data-id=\"1a5fb2b\" data-element_type=\"container\">\n\t\t\t\t\t<div class=\"e-con-inner\">\n\t\t\t\t<div class=\"elementor-element elementor-element-aff06ca elementor-widget elementor-widget-heading\" data-id=\"aff06ca\" data-element_type=\"widget\" data-widget_type=\"heading.default\">\n\t\t\t\t<div class=\"elementor-widget-container\">\n\t\t\t\t\t<h2 class=\"elementor-heading-title elementor-size-default\">Laser tradicional vs. laser de picossegundo<\/h2>\t\t\t\t<\/div>\n\t\t\t\t<\/div>\n\t\t\t\t\t<\/div>\n\t\t\t\t<\/div>\n\t\t<div class=\"elementor-element elementor-element-f05c5ff e-flex e-con-boxed e-con e-parent\" data-id=\"f05c5ff\" data-element_type=\"container\">\n\t\t\t\t\t<div class=\"e-con-inner\">\n\t\t\t\t<div class=\"elementor-element elementor-element-318ea58 elementor-widget elementor-widget-image\" data-id=\"318ea58\" data-element_type=\"widget\" data-widget_type=\"image.default\">\n\t\t\t\t<div class=\"elementor-widget-container\">\n\t\t\t\t\t\t\t\t\t\t\t\t\t\t\t<img loading=\"lazy\" decoding=\"async\" width=\"800\" height=\"336\" src=\"https:\/\/delyava.com\/wp-content\/uploads\/2025\/02\/TRADITIONAL-LASERVS-PICOSECOND-LASER-1024x430.jpeg\" class=\"attachment-large size-large wp-image-10382\" alt=\"Lader tradicional vs. Picosegundo\" srcset=\"https:\/\/delyava.com\/wp-content\/uploads\/2025\/02\/TRADITIONAL-LASERVS-PICOSECOND-LASER-1024x430.jpeg 1024w, https:\/\/delyava.com\/wp-content\/uploads\/2025\/02\/TRADITIONAL-LASERVS-PICOSECOND-LASER-300x126.jpeg 300w, https:\/\/delyava.com\/wp-content\/uploads\/2025\/02\/TRADITIONAL-LASERVS-PICOSECOND-LASER-768x322.jpeg 768w, https:\/\/delyava.com\/wp-content\/uploads\/2025\/02\/TRADITIONAL-LASERVS-PICOSECOND-LASER-1536x644.jpeg 1536w, https:\/\/delyava.com\/wp-content\/uploads\/2025\/02\/TRADITIONAL-LASERVS-PICOSECOND-LASER-2048x859.jpeg 2048w, https:\/\/delyava.com\/wp-content\/uploads\/2025\/02\/TRADITIONAL-LASERVS-PICOSECOND-LASER-18x8.jpeg 18w, https:\/\/delyava.com\/wp-content\/uploads\/2025\/02\/TRADITIONAL-LASERVS-PICOSECOND-LASER-600x252.jpeg 600w\" sizes=\"(max-width: 800px) 100vw, 800px\" \/>\t\t\t\t\t\t\t\t\t\t\t\t\t\t\t<\/div>\n\t\t\t\t<\/div>\n\t\t\t\t<div class=\"elementor-element elementor-element-dcb4b97 elementor-widget elementor-widget-text-editor\" data-id=\"dcb4b97\" data-element_type=\"widget\" data-widget_type=\"text-editor.default\">\n\t\t\t\t<div class=\"elementor-widget-container\">\n\t\t\t\t\t\t\t\t\t<ul><li>Laser tradicional:<\/li><\/ul><p>Os lasers tradicionais dependem predominantemente da a\u00e7\u00e3o fotot\u00e9rmica, que fornece calor ao pigmento e ao tecido circundante.<\/p><ul><li>Laser de picossegundo:<\/li><\/ul><p>O picosegundo aproveita a tecnologia de ondas de press\u00e3o para quebrar a tinta alvo em pequenas part\u00edculas que s\u00e3o facilmente eliminadas pelo corpo.<\/p>\t\t\t\t\t\t\t\t<\/div>\n\t\t\t\t<\/div>\n\t\t\t\t\t<\/div>\n\t\t\t\t<\/div>\n\t\t<div class=\"elementor-element elementor-element-fdd66de e-flex e-con-boxed e-con e-parent\" data-id=\"fdd66de\" data-element_type=\"container\">\n\t\t\t\t\t<div class=\"e-con-inner\">\n\t\t\t\t<div class=\"elementor-element elementor-element-897b375 elementor-widget elementor-widget-heading\" data-id=\"897b375\" data-element_type=\"widget\" data-widget_type=\"heading.default\">\n\t\t\t\t<div class=\"elementor-widget-container\">\n\t\t\t\t\t<h2 class=\"elementor-heading-title elementor-size-default\">Tratamento de tatuagem a laser antes e depois<\/h2>\t\t\t\t<\/div>\n\t\t\t\t<\/div>\n\t\t\t\t\t<\/div>\n\t\t\t\t<\/div>\n\t\t<div class=\"elementor-element elementor-element-384a353 e-flex e-con-boxed e-con e-parent\" data-id=\"384a353\" data-element_type=\"container\">\n\t\t\t\t\t<div class=\"e-con-inner\">\n\t\t\t\t<div class=\"elementor-element elementor-element-045568b elementor-widget__width-initial elementor-widget elementor-widget-image\" data-id=\"045568b\" data-element_type=\"widget\" data-widget_type=\"image.default\">\n\t\t\t\t<div class=\"elementor-widget-container\">\n\t\t\t\t\t\t\t\t\t\t\t\t\t\t\t<img loading=\"lazy\" decoding=\"async\" width=\"760\" height=\"513\" src=\"https:\/\/delyava.com\/wp-content\/uploads\/2025\/02\/Picosecond-Laser-before-and-after.png\" class=\"attachment-large size-large wp-image-10387\" alt=\"Laser Picosegundo antes e depois\" srcset=\"https:\/\/delyava.com\/wp-content\/uploads\/2025\/02\/Picosecond-Laser-before-and-after.png 760w, https:\/\/delyava.com\/wp-content\/uploads\/2025\/02\/Picosecond-Laser-before-and-after-300x203.png 300w, https:\/\/delyava.com\/wp-content\/uploads\/2025\/02\/Picosecond-Laser-before-and-after-18x12.png 18w, https:\/\/delyava.com\/wp-content\/uploads\/2025\/02\/Picosecond-Laser-before-and-after-600x405.png 600w\" sizes=\"(max-width: 760px) 100vw, 760px\" \/>\t\t\t\t\t\t\t\t\t\t\t\t\t\t\t<\/div>\n\t\t\t\t<\/div>\n\t\t\t\t<div class=\"elementor-element elementor-element-df8bfc6 elementor-widget elementor-widget-text-editor\" data-id=\"df8bfc6\" data-element_type=\"widget\" data-widget_type=\"text-editor.default\">\n\t\t\t\t<div class=\"elementor-widget-container\">\n\t\t\t\t\t\t\t\t\t<p><strong>1. Remo\u00e7\u00e3o de tatuagem altamente eficaz<\/strong><\/p><ul><li><p><strong>Decomposi\u00e7\u00e3o r\u00e1pida de pigmentos<\/strong>: Os pulsos ultracurtos dos lasers de picossegundos quebram instantaneamente as part\u00edculas de pigmento da tatuagem em pequenos fragmentos.<\/p><\/li><li><p><strong>Adequado para v\u00e1rias cores<\/strong>: Eficaz na remo\u00e7\u00e3o de tatuagens de v\u00e1rias cores, incluindo preto, azul, verde e vermelho.<\/p><\/li><\/ul><p><strong>2. N\u00famero reduzido de tratamentos<\/strong><\/p><ul><li><p><strong>Comparado com lasers tradicionais<\/strong>: Os lasers tradicionais requerem de 5 a 10 sess\u00f5es, enquanto os lasers de picossegundos normalmente precisam de apenas 2 a 4 sess\u00f5es para desbotar ou remover tatuagens significativamente.<\/p><\/li><li><p><strong>Economia de tempo<\/strong>: Ciclos de tratamento mais curtos e recupera\u00e7\u00e3o mais r\u00e1pida.<\/p><\/li><\/ul>\t\t\t\t\t\t\t\t<\/div>\n\t\t\t\t<\/div>\n\t\t\t\t\t<\/div>\n\t\t\t\t<\/div>\n\t\t<div class=\"elementor-element elementor-element-e741634 e-flex e-con-boxed e-con e-parent\" data-id=\"e741634\" data-element_type=\"container\">\n\t\t\t\t\t<div class=\"e-con-inner\">\n\t\t\t\t<div class=\"elementor-element elementor-element-e042ac3 elementor-widget elementor-widget-heading\" data-id=\"e042ac3\" data-element_type=\"widget\" data-widget_type=\"heading.default\">\n\t\t\t\t<div class=\"elementor-widget-container\">\n\t\t\t\t\t<h4 class=\"elementor-heading-title elementor-size-default\">Par\u00e2metros do instrumento de remo\u00e7\u00e3o de tatuagem a laser Pico<\/h4>\t\t\t\t<\/div>\n\t\t\t\t<\/div>\n\t\t\t\t<div class=\"elementor-element elementor-element-0298e5b elementor-widget elementor-widget-text-editor\" data-id=\"0298e5b\" data-element_type=\"widget\" data-widget_type=\"text-editor.default\">\n\t\t\t\t<div class=\"elementor-widget-container\">\n\t\t\t\t\t\t\t\t\t<table><colgroup><col width=\"191\" \/><col width=\"295\" \/><\/colgroup><tbody><tr><td>Par\u00e2metro t\u00e9cnico<\/td><td>Detalhes<\/td><\/tr><tr><td>Descri\u00e7\u00e3o<\/td><td>Laser de picosegundo<\/td><\/tr><tr><td>Tens\u00e3o<\/td><td>110 V \u2013 240 V, 50 Hz\/60 Hz<\/td><\/tr><tr><td>Pot\u00eancia de sa\u00edda<\/td><td>2000 W<\/td><\/tr><tr><td>Comprimento de onda do laser<\/td><td>755 nm + 1064 nm + 532 nm<\/td><\/tr><tr><td>Energia de 755 nm<\/td><td>50 \u2013 2000mJ (Ajust\u00e1vel)<\/td><\/tr><tr><td>Energia de 1064 nm<\/td><td>50 \u2013 2000mJ (Ajust\u00e1vel)<\/td><\/tr><tr><td>Energia de 532 nm<\/td><td>50 \u2013 2000mJ (Ajust\u00e1vel)<\/td><\/tr><tr><td>Di\u00e2metro do ponto<\/td><td>2 \u2013 10mm (Ajust\u00e1vel)<\/td><\/tr><tr><td>Freq\u00fc\u00eancia<\/td><td>1 \u2013 20Hz (Ajust\u00e1vel)<\/td><\/tr><tr><td>Largura de pulso<\/td><td>2000ps<\/td><\/tr><tr><td>Sistema de refrigera\u00e7\u00e3o<\/td><td>M\u00f3dulo Ar + \u00c1gua + Semicondutor<\/td><\/tr><tr><td>Indicador de luz de mira<\/td><td>Luz de mira semicondutora vermelha<\/td><\/tr><tr><td>Largura de pulso<\/td><td>500 \u2013 750 cv<\/td><\/tr><tr><td>Bra\u00e7o guia de luz<\/td><td>Importado da Coreia do Sul<\/td><\/tr><tr><td>Embalagem<\/td><td>Caixa de liga de alum\u00ednio<\/td><\/tr><\/tbody><\/table><p>\u00a0<\/p>\t\t\t\t\t\t\t\t<\/div>\n\t\t\t\t<\/div>\n\t\t\t\t\t<\/div>\n\t\t\t\t<\/div>\n\t\t<div class=\"elementor-element elementor-element-9b6194f e-flex e-con-boxed e-con e-parent\" data-id=\"9b6194f\" data-element_type=\"container\">\n\t\t\t\t\t<div class=\"e-con-inner\">\n\t\t<div class=\"elementor-element elementor-element-5b9bc99 e-con-full e-flex e-con e-child\" data-id=\"5b9bc99\" data-element_type=\"container\">\n\t\t\t\t<div class=\"elementor-element elementor-element-aa3be0d elementor-widget elementor-widget-heading\" data-id=\"aa3be0d\" data-element_type=\"widget\" data-widget_type=\"heading.default\">\n\t\t\t\t<div class=\"elementor-widget-container\">\n\t\t\t\t\t<h4 class=\"elementor-heading-title elementor-size-default\">FAQ<\/h4>\t\t\t\t<\/div>\n\t\t\t\t<\/div>\n\t\t\t\t<div class=\"elementor-element elementor-element-6e748f3 elementor-widget elementor-widget-text-editor\" data-id=\"6e748f3\" data-element_type=\"widget\" data-widget_type=\"text-editor.default\">\n\t\t\t\t<div class=\"elementor-widget-container\">\n\t\t\t\t\t\t\t\t\t<div data-page-id=\"NKUOdHU5AorUHjx01y2cSQIan2d\" data-lark-html-role=\"root\" data-docx-has-block-data=\"false\"><div class=\"ace-line ace-line old-record-id-Opuida6qEoXcaqxP36IcN25VnKd\"><strong>1.Tenho medo de dor. O processo de remo\u00e7\u00e3o de tatuagem com laser de picosegundo d\u00f3i? Quanto tempo dura cada tratamento?<\/strong><\/div><div class=\"ace-line ace-line old-record-id-Q9WndPv7wogl61xKt7BcusWQnyc\">Haver\u00e1 uma leve sensa\u00e7\u00e3o de formigamento e calor durante o tratamento, e a sensa\u00e7\u00e3o ser\u00e1 mais pronunciada em \u00e1reas com mais distribui\u00e7\u00e3o de pigmento. Dependendo da indica\u00e7\u00e3o e dosagem do tratamento, seu m\u00e9dico pode recomendar o uso de cremes anest\u00e9sicos t\u00f3picos apropriados e dispositivos de resfriamento para reduzir o desconforto. O tempo t\u00edpico de tratamento \u00e9 de cerca de 5 a 15 minutos, dependendo do tamanho da \u00e1rea a ser tratada e do problema de pele.<\/div><div class=\"ace-line ace-line old-record-id-Qmuyd2bu7oZgsQxQzfOcPcjDnuh\"><strong>2. J\u00e1 fiz muitos tratamentos para minhas manchas. Vou ficar com cicatrizes se eu voltar para outra remo\u00e7\u00e3o de tatuagem facial?<\/strong><\/div><div class=\"ace-line ace-line old-record-id-QIs1dAU5zo2pKGx6jvBcrEDDnqd\">A tecnologia de picossegundos do laser de picossegundos requer apenas 1\/3 \u2013 1\/2 da dose de um laser normal para atingir um tratamento eficaz, o tecido recebe uma dose menor de estimula\u00e7\u00e3o, o trauma \u00e9 relativamente pequeno, menos prov\u00e1vel de produzir feridas e a probabilidade de cicatrizes tamb\u00e9m \u00e9 baixa.<\/div><div class=\"ace-line ace-line old-record-id-Xwa3dJJYdoMjqsx9jaqcQPL2nyc\"><strong>3. A remo\u00e7\u00e3o de tatuagem de sobrancelha \u00e9 eficaz?<\/strong><\/div><div class=\"ace-line ace-line old-record-id-ZUTCdcRgKouXIYx3qpPcOoQ3n8c\">Atualmente, o efeito do uso do laser de picosegundo para remo\u00e7\u00e3o de tatuagem \u00e9 particularmente not\u00e1vel. Ele n\u00e3o produzir\u00e1 danos t\u00e9rmicos aos tecidos ao redor, ent\u00e3o n\u00e3o deixar\u00e1 cicatrizes.<\/div><div class=\"ace-line ace-line old-record-id-I88gdtKNJoErkGx8IDbca0msngd\"><strong>4. Ouvi dizer que o tratamento a laser \u00e9 f\u00e1cil de deixar as costas pretas, mas a remo\u00e7\u00e3o de tatuagem de sobrancelha a laser tamb\u00e9m ter\u00e1 o problema de deixar as costas pretas?<\/strong><\/div><div class=\"ace-line ace-line old-record-id-IWXdd4xJeoWe8DxPiKycq6tMnxc\">A sonda de foco de energia do laser de picossegundo adota \u201clente de favo de mel\u201d, a a\u00e7\u00e3o instant\u00e2nea pode reduzir a superestimula\u00e7\u00e3o, al\u00e9m disso, o laser de picossegundo pode quebrar part\u00edculas de pigmento mais rapidamente do que o laser tradicional (laser Q de ajuste), reduzir danos t\u00e9rmicos, proteger as c\u00e9lulas de melanina nos tecidos da superestimula\u00e7\u00e3o, o que pode reduzir muito o longo tempo de vermelhid\u00e3o das c\u00e9lulas normais ap\u00f3s problemas de estimula\u00e7\u00e3o.<\/div><\/div>\t\t\t\t\t\t\t\t<\/div>\n\t\t\t\t<\/div>\n\t\t\t\t<\/div>\n\t\t\t\t\t<\/div>\n\t\t\t\t<\/div>\n\t\t\t\t<\/div>","protected":false},"excerpt":{"rendered":"<div data-page-id=\"NKUOdHU5AorUHjx01y2cSQIan2d\" data-lark-html-role=\"root\" data-docx-has-block-data=\"false\">\n<ul>\n<li><strong>Alta tecnologia<\/strong>: Utiliza tecnologia de foco em favo de mel para vacuoliza\u00e7\u00e3o da pele, garantindo o m\u00ednimo de dano \u00e0 pele.<\/li>\n<li><strong>R\u00e1pido e eficaz<\/strong>: Reduz as sess\u00f5es de remo\u00e7\u00e3o de tatuagem\/pigmento de 5 a 10 para 2 a 4, encurtando o tempo de tratamento e recupera\u00e7\u00e3o com resultados vis\u00edveis.<\/li>\n<li><strong>Confort\u00e1vel e seguro<\/strong>: A segmenta\u00e7\u00e3o precisa remove pigmentos e tatuagens de forma eficaz, minimizando os danos \u00e0 pele.<\/li>\n<li><strong>Sem ac\u00famulo de melanina<\/strong>: Pulsos ultracurtos quebram a melanina em part\u00edculas min\u00fasculas para f\u00e1cil absor\u00e7\u00e3o, reduzindo o incha\u00e7o e a pigmenta\u00e7\u00e3o p\u00f3s-tratamento.<\/li>\n<\/ul>\n<\/div>","protected":false},"featured_media":10344,"template":"","meta":{"_seopress_robots_primary_cat":"none","_seopress_titles_title":"","_seopress_titles_desc":"","_seopress_robots_index":""},"product_brand":[],"product_cat":[34],"product_tag":[],"class_list":{"0":"post-10343","1":"product","2":"type-product","3":"status-publish","4":"has-post-thumbnail","6":"product_cat-laser-tattoo-removal","8":"first","9":"instock","10":"shipping-taxable","11":"product-type-simple"},"_links":{"self":[{"href":"https:\/\/delyava.com\/pt\/wp-json\/wp\/v2\/product\/10343","targetHints":{"allow":["GET"]}}],"collection":[{"href":"https:\/\/delyava.com\/pt\/wp-json\/wp\/v2\/product"}],"about":[{"href":"https:\/\/delyava.com\/pt\/wp-json\/wp\/v2\/types\/product"}],"version-history":[{"count":1,"href":"https:\/\/delyava.com\/pt\/wp-json\/wp\/v2\/product\/10343\/revisions"}],"predecessor-version":[{"id":15907,"href":"https:\/\/delyava.com\/pt\/wp-json\/wp\/v2\/product\/10343\/revisions\/15907"}],"wp:featuredmedia":[{"embeddable":true,"href":"https:\/\/delyava.com\/pt\/wp-json\/wp\/v2\/media\/10344"}],"wp:attachment":[{"href":"https:\/\/delyava.com\/pt\/wp-json\/wp\/v2\/media?parent=10343"}],"wp:term":[{"taxonomy":"product_brand","embeddable":true,"href":"https:\/\/delyava.com\/pt\/wp-json\/wp\/v2\/product_brand?post=10343"},{"taxonomy":"product_cat","embeddable":true,"href":"https:\/\/delyava.com\/pt\/wp-json\/wp\/v2\/product_cat?post=10343"},{"taxonomy":"product_tag","embeddable":true,"href":"https:\/\/delyava.com\/pt\/wp-json\/wp\/v2\/product_tag?post=10343"}],"curies":[{"name":"wp","href":"https:\/\/api.w.org\/{rel}","templated":true}]}}