{"id":842,"date":"2024-08-08T22:04:13","date_gmt":"2024-08-09T06:04:13","guid":{"rendered":"https:\/\/delyava.com\/?page_id=842"},"modified":"2025-03-27T17:11:11","modified_gmt":"2025-03-27T09:11:11","slug":"about-us","status":"publish","type":"page","link":"https:\/\/delyava.com\/pt\/about-us\/","title":{"rendered":"Sobre n\u00f3s"},"content":{"rendered":"<div data-elementor-type=\"wp-page\" data-elementor-id=\"842\" class=\"elementor elementor-842\" data-elementor-post-type=\"page\">\n\t\t\t\t<div class=\"elementor-element elementor-element-9da1f38 e-flex e-con-boxed e-con e-parent\" data-id=\"9da1f38\" data-element_type=\"container\">\n\t\t\t\t\t<div class=\"e-con-inner\">\n\t\t<div class=\"elementor-element elementor-element-bbff959 e-con-full e-flex e-con e-child\" data-id=\"bbff959\" data-element_type=\"container\" data-settings=\"{&quot;background_background&quot;:&quot;classic&quot;}\">\n\t\t<div class=\"elementor-element elementor-element-a5bfefe e-con-full e-flex e-con e-child\" data-id=\"a5bfefe\" data-element_type=\"container\">\n\t\t\t\t<div class=\"elementor-element elementor-element-d9f3198 elementor-widget elementor-widget-heading\" data-id=\"d9f3198\" data-element_type=\"widget\" data-widget_type=\"heading.default\">\n\t\t\t\t<div class=\"elementor-widget-container\">\n\t\t\t\t\t<h1 class=\"elementor-heading-title elementor-size-default\">Apresenta\u00e7\u00e3o da empresa<\/h1>\t\t\t\t<\/div>\n\t\t\t\t<\/div>\n\t\t\t\t<\/div>\n\t\t\t\t<\/div>\n\t\t\t\t\t<\/div>\n\t\t\t\t<\/div>\n\t\t<div class=\"elementor-element elementor-element-8f2b124 e-flex e-con-boxed e-con e-parent\" data-id=\"8f2b124\" data-element_type=\"container\">\n\t\t\t\t\t<div class=\"e-con-inner\">\n\t\t<div class=\"elementor-element elementor-element-58f2b65 e-con-full e-flex e-con e-child\" data-id=\"58f2b65\" data-element_type=\"container\">\n\t\t\t\t<div class=\"elementor-element elementor-element-b364b03 elementor-widget elementor-widget-heading\" data-id=\"b364b03\" data-element_type=\"widget\" data-widget_type=\"heading.default\">\n\t\t\t\t<div class=\"elementor-widget-container\">\n\t\t\t\t\t<h2 class=\"elementor-heading-title elementor-size-default\"> M\u00e1quinas de est\u00e9tica m\u00e9dica DELYA Fabricante<\/h2>\t\t\t\t<\/div>\n\t\t\t\t<\/div>\n\t\t\t\t<div class=\"elementor-element elementor-element-c4d8378 elementor-widget elementor-widget-text-editor\" data-id=\"c4d8378\" data-element_type=\"widget\" data-widget_type=\"text-editor.default\">\n\t\t\t\t<div class=\"elementor-widget-container\">\n\t\t\t\t\t\t\t\t\t<p>No dom\u00ednio da est\u00e9tica m\u00e9dica, em que um grande n\u00famero de empresas fornece equipamento de ponta para tratamentos de pele e procedimentos relacionados com a est\u00e9tica, a DELYA, um dos principais fabricantes de equipamento de est\u00e9tica m\u00e9dica de alta qualidade, lev\u00e1-lo-\u00e1 numa visita aprofundada \u00e0 f\u00e1brica da DELYA, destacando as suas principais carater\u00edsticas e vantagens significativas.<\/p>\t\t\t\t\t\t\t\t<\/div>\n\t\t\t\t<\/div>\n\t\t\t\t<\/div>\n\t\t\t\t\t<\/div>\n\t\t\t\t<\/div>\n\t\t<div class=\"elementor-element elementor-element-5b0c77a e-flex e-con-boxed e-con e-parent\" data-id=\"5b0c77a\" data-element_type=\"container\">\n\t\t\t\t\t<div class=\"e-con-inner\">\n\t\t<div class=\"elementor-element elementor-element-7eb0d91 e-con-full e-flex e-con e-child\" data-id=\"7eb0d91\" data-element_type=\"container\">\n\t\t\t\t<div class=\"elementor-element elementor-element-faac89b elementor-widget elementor-widget-text-editor\" data-id=\"faac89b\" data-element_type=\"widget\" data-widget_type=\"text-editor.default\">\n\t\t\t\t<div class=\"elementor-widget-container\">\n\t\t\t\t\t\t\t\t\t<p>A Delya Medical Technology (Weihai) Co., Ltd. \u00e9 uma empresa especializada no dom\u00ednio dos instrumentos m\u00e9dicos est\u00e9ticos e est\u00e1 empenhada na conce\u00e7\u00e3o, desenvolvimento, produ\u00e7\u00e3o e vendas com base na confian\u00e7a e nas rela\u00e7\u00f5es s\u00f3lidas a longo prazo com os clientes.<\/p><p>A empresa est\u00e1 sediada em Shenzhen, prov\u00edncia de Guangdong, onde estabeleceu os seus centros de I&amp;D e de produ\u00e7\u00e3o. A sua equipa de apoio tem at\u00e9 20 anos de experi\u00eancia no desenvolvimento de produtos e na implementa\u00e7\u00e3o de projectos, e det\u00e9m cerca de 100 direitos de propriedade intelectual fundamentais.<\/p><p>A empresa sempre aderiu ao conceito de orienta\u00e7\u00e3o para o cliente, seguindo rigorosamente a ess\u00eancia da medicina, com a ajuda de tecnologia cient\u00edfica, segura e avan\u00e7ada, est\u00e1 empenhada em fornecer aos consumidores um alto n\u00edvel, servi\u00e7os profissionais de beleza m\u00e9dica e sa\u00fade de dimens\u00e3o completa.<\/p><p>Delya (<a href=\"http:\/\/delyava.com\/pt\/\">delyava.com<\/a>) come\u00e7ou por se dedicar \u00e0 transforma\u00e7\u00e3o de marcas independentes (OEM.ODM) para muitas grandes empresas no pa\u00eds e no estrangeiro, e ganhou com sucesso o reconhecimento e a prefer\u00eancia de marcas famosas nacionais e estrangeiras em virtude do seu excelente desempenho, pre\u00e7o razo\u00e1vel, orienta\u00e7\u00e3o profissional e servi\u00e7o p\u00f3s-venda completo.<\/p>\t\t\t\t\t\t\t\t<\/div>\n\t\t\t\t<\/div>\n\t\t\t\t<\/div>\n\t\t<div class=\"elementor-element elementor-element-d2098fe e-con-full e-flex e-con e-child\" data-id=\"d2098fe\" data-element_type=\"container\">\n\t\t\t\t<div class=\"elementor-element elementor-element-e4787af elementor-widget elementor-widget-image\" data-id=\"e4787af\" data-element_type=\"widget\" data-widget_type=\"image.default\">\n\t\t\t\t<div class=\"elementor-widget-container\">\n\t\t\t\t\t\t\t\t\t\t\t\t\t\t\t<img fetchpriority=\"high\" decoding=\"async\" width=\"800\" height=\"600\" src=\"https:\/\/delyava.com\/wp-content\/uploads\/2025\/03\/delya-beauty-equipment-manufacturer-factory-1024x768.png\" class=\"attachment-large size-large wp-image-14947\" alt=\"F\u00e1brica de fabricantes de equipamentos de beleza delya\" srcset=\"https:\/\/delyava.com\/wp-content\/uploads\/2025\/03\/delya-beauty-equipment-manufacturer-factory-1024x768.png 1024w, https:\/\/delyava.com\/wp-content\/uploads\/2025\/03\/delya-beauty-equipment-manufacturer-factory-300x225.png 300w, https:\/\/delyava.com\/wp-content\/uploads\/2025\/03\/delya-beauty-equipment-manufacturer-factory-768x576.png 768w, https:\/\/delyava.com\/wp-content\/uploads\/2025\/03\/delya-beauty-equipment-manufacturer-factory-16x12.png 16w, https:\/\/delyava.com\/wp-content\/uploads\/2025\/03\/delya-beauty-equipment-manufacturer-factory-600x450.png 600w, https:\/\/delyava.com\/wp-content\/uploads\/2025\/03\/delya-beauty-equipment-manufacturer-factory.png 1365w\" sizes=\"(max-width: 800px) 100vw, 800px\" \/>\t\t\t\t\t\t\t\t\t\t\t\t\t\t\t<\/div>\n\t\t\t\t<\/div>\n\t\t\t\t<div class=\"elementor-element elementor-element-847c5b4 elementor-widget elementor-widget-text-editor\" data-id=\"847c5b4\" data-element_type=\"widget\" data-widget_type=\"text-editor.default\">\n\t\t\t\t<div class=\"elementor-widget-container\">\n\t\t\t\t\t\t\t\t\t<p><span style=\"color: #000000;\">Fabricante de lasers cosm\u00e9ticos e m\u00e9dicos<\/span><\/p>\t\t\t\t\t\t\t\t<\/div>\n\t\t\t\t<\/div>\n\t\t\t\t<\/div>\n\t\t\t\t\t<\/div>\n\t\t\t\t<\/div>\n\t\t<div class=\"elementor-element elementor-element-00f27cc e-flex e-con-boxed e-con e-parent\" data-id=\"00f27cc\" data-element_type=\"container\">\n\t\t\t\t\t<div class=\"e-con-inner\">\n\t\t<div class=\"elementor-element elementor-element-f2c7a8e e-con-full e-flex e-con e-child\" data-id=\"f2c7a8e\" data-element_type=\"container\">\n\t\t\t\t<div class=\"elementor-element elementor-element-2093bc7 elementor-view-default elementor-widget elementor-widget-icon\" data-id=\"2093bc7\" data-element_type=\"widget\" data-widget_type=\"icon.default\">\n\t\t\t\t<div class=\"elementor-widget-container\">\n\t\t\t\t\t\t\t<div class=\"elementor-icon-wrapper\">\n\t\t\t<div class=\"elementor-icon\">\n\t\t\t<svg aria-hidden=\"true\" class=\"e-font-icon-svg e-fas-star\" viewbox=\"0 0 576 512\" xmlns=\"http:\/\/www.w3.org\/2000\/svg\"><path d=\"M259.3 17.8L194 150.2 47.9 171.5c-26.2 3.8-36.7 36.1-17.7 54.6l105.7 103-25 145.5c-4.5 26.3 23.2 46 46.4 33.7L288 439.6l130.7 68.7c23.2 12.2 50.9-7.4 46.4-33.7l-25-145.5 105.7-103c19-18.5 8.5-50.8-17.7-54.6L382 150.2 316.7 17.8c-11.7-23.6-45.6-23.9-57.4 0z\"><\/path><\/svg>\t\t\t<\/div>\n\t\t<\/div>\n\t\t\t\t\t\t<\/div>\n\t\t\t\t<\/div>\n\t\t\t\t<div class=\"elementor-element elementor-element-837b92c elementor-widget elementor-widget-heading\" data-id=\"837b92c\" data-element_type=\"widget\" data-widget_type=\"heading.default\">\n\t\t\t\t<div class=\"elementor-widget-container\">\n\t\t\t\t\t<h4 class=\"elementor-heading-title elementor-size-default\">Dire\u00e7\u00e3o da miss\u00e3o<\/h4>\t\t\t\t<\/div>\n\t\t\t\t<\/div>\n\t\t\t\t<div class=\"elementor-element elementor-element-e1193f5 elementor-widget elementor-widget-text-editor\" data-id=\"e1193f5\" data-element_type=\"widget\" data-widget_type=\"text-editor.default\">\n\t\t\t\t<div class=\"elementor-widget-container\">\n\t\t\t\t\t\t\t\t\t<p>A nossa miss\u00e3o \u00e9 ser um fator-chave para uma vida mais saud\u00e1vel e melhor para as pessoas em todo o mundo.<\/p>\t\t\t\t\t\t\t\t<\/div>\n\t\t\t\t<\/div>\n\t\t\t\t<\/div>\n\t\t<div class=\"elementor-element elementor-element-7b4d8d1 e-con-full e-flex e-con e-child\" data-id=\"7b4d8d1\" data-element_type=\"container\">\n\t\t\t\t<div class=\"elementor-element elementor-element-9fea96c elementor-view-default elementor-widget elementor-widget-icon\" data-id=\"9fea96c\" data-element_type=\"widget\" data-widget_type=\"icon.default\">\n\t\t\t\t<div class=\"elementor-widget-container\">\n\t\t\t\t\t\t\t<div class=\"elementor-icon-wrapper\">\n\t\t\t<div class=\"elementor-icon\">\n\t\t\t<svg aria-hidden=\"true\" class=\"e-font-icon-svg e-fas-star\" viewbox=\"0 0 576 512\" xmlns=\"http:\/\/www.w3.org\/2000\/svg\"><path d=\"M259.3 17.8L194 150.2 47.9 171.5c-26.2 3.8-36.7 36.1-17.7 54.6l105.7 103-25 145.5c-4.5 26.3 23.2 46 46.4 33.7L288 439.6l130.7 68.7c23.2 12.2 50.9-7.4 46.4-33.7l-25-145.5 105.7-103c19-18.5 8.5-50.8-17.7-54.6L382 150.2 316.7 17.8c-11.7-23.6-45.6-23.9-57.4 0z\"><\/path><\/svg>\t\t\t<\/div>\n\t\t<\/div>\n\t\t\t\t\t\t<\/div>\n\t\t\t\t<\/div>\n\t\t\t\t<div class=\"elementor-element elementor-element-b498895 elementor-widget elementor-widget-heading\" data-id=\"b498895\" data-element_type=\"widget\" data-widget_type=\"heading.default\">\n\t\t\t\t<div class=\"elementor-widget-container\">\n\t\t\t\t\t<h4 class=\"elementor-heading-title elementor-size-default\">Compromisso<\/h4>\t\t\t\t<\/div>\n\t\t\t\t<\/div>\n\t\t\t\t<div class=\"elementor-element elementor-element-e9fafd8 elementor-widget elementor-widget-text-editor\" data-id=\"e9fafd8\" data-element_type=\"widget\" data-widget_type=\"text-editor.default\">\n\t\t\t\t<div class=\"elementor-widget-container\">\n\t\t\t\t\t\t\t\t\t<p>Delya est\u00e1 empenhada em ser o melhor fabricante de equipamentos de est\u00e9tica na China, oferecendo o mais alto n\u00edvel de qualidade e desempenho.<\/p>\t\t\t\t\t\t\t\t<\/div>\n\t\t\t\t<\/div>\n\t\t\t\t<\/div>\n\t\t\t\t\t<\/div>\n\t\t\t\t<\/div>\n\t\t<div class=\"elementor-element elementor-element-2aa7350 e-flex e-con-boxed e-con e-parent\" data-id=\"2aa7350\" data-element_type=\"container\">\n\t\t\t\t\t<div class=\"e-con-inner\">\n\t\t<div class=\"elementor-element elementor-element-b083041 e-con-full e-flex e-con e-child\" data-id=\"b083041\" data-element_type=\"container\">\n\t\t\t\t<div class=\"elementor-element elementor-element-414ab87 elementor-widget elementor-widget-image-carousel\" data-id=\"414ab87\" data-element_type=\"widget\" data-settings=\"{&quot;slides_to_show&quot;:&quot;6&quot;,&quot;navigation&quot;:&quot;none&quot;,&quot;image_spacing_custom&quot;:{&quot;unit&quot;:&quot;px&quot;,&quot;size&quot;:25,&quot;sizes&quot;:[]},&quot;slides_to_show_tablet&quot;:&quot;3&quot;,&quot;slides_to_show_mobile&quot;:&quot;2&quot;,&quot;autoplay&quot;:&quot;yes&quot;,&quot;pause_on_hover&quot;:&quot;yes&quot;,&quot;pause_on_interaction&quot;:&quot;yes&quot;,&quot;autoplay_speed&quot;:5000,&quot;infinite&quot;:&quot;yes&quot;,&quot;speed&quot;:500,&quot;image_spacing_custom_tablet&quot;:{&quot;unit&quot;:&quot;px&quot;,&quot;size&quot;:&quot;&quot;,&quot;sizes&quot;:[]},&quot;image_spacing_custom_mobile&quot;:{&quot;unit&quot;:&quot;px&quot;,&quot;size&quot;:&quot;&quot;,&quot;sizes&quot;:[]}}\" data-widget_type=\"image-carousel.default\">\n\t\t\t\t<div class=\"elementor-widget-container\">\n\t\t\t\t\t\t\t<div class=\"elementor-image-carousel-wrapper swiper\" role=\"region\" aria-roledescription=\"carousel\" aria-label=\"Carrossel de imagens\" dir=\"ltr\">\n\t\t\t<div class=\"elementor-image-carousel swiper-wrapper\" aria-live=\"off\">\n\t\t\t\t\t\t\t\t<div class=\"swiper-slide\" role=\"group\" aria-roledescription=\"slide\" aria-label=\"1 de 6\" data-no-translation-aria-label=\"\"><figure class=\"swiper-slide-inner\"><img decoding=\"async\" class=\"swiper-slide-image\" src=\"https:\/\/delyava.com\/wp-content\/uploads\/2024\/08\/1.jpg\" alt=\"1\" \/><\/figure><\/div><div class=\"swiper-slide\" role=\"group\" aria-roledescription=\"slide\" aria-label=\"2 de 6\" data-no-translation-aria-label=\"\"><figure class=\"swiper-slide-inner\"><img decoding=\"async\" class=\"swiper-slide-image\" src=\"https:\/\/delyava.com\/wp-content\/uploads\/2024\/08\/2.jpg\" alt=\"2\" \/><\/figure><\/div><div class=\"swiper-slide\" role=\"group\" aria-roledescription=\"slide\" aria-label=\"3 de 6\" data-no-translation-aria-label=\"\"><figure class=\"swiper-slide-inner\"><img decoding=\"async\" class=\"swiper-slide-image\" src=\"https:\/\/delyava.com\/wp-content\/uploads\/2024\/08\/1c57e51b-812e-478a-bbd4-d837ebd601ea-scaled.jpg\" alt=\"\" \/><\/figure><\/div><div class=\"swiper-slide\" role=\"group\" aria-roledescription=\"slide\" aria-label=\"4 de 6\" data-no-translation-aria-label=\"\"><figure class=\"swiper-slide-inner\"><img decoding=\"async\" class=\"swiper-slide-image\" src=\"https:\/\/delyava.com\/wp-content\/uploads\/2024\/08\/3.jpg\" alt=\"3\" \/><\/figure><\/div><div class=\"swiper-slide\" role=\"group\" aria-roledescription=\"slide\" aria-label=\"5 de 6\" data-no-translation-aria-label=\"\"><figure class=\"swiper-slide-inner\"><img decoding=\"async\" class=\"swiper-slide-image\" src=\"https:\/\/delyava.com\/wp-content\/uploads\/2024\/08\/8af56fb9ad3fae9574a0219f1edd3fd9-scaled.jpeg\" alt=\"8af56fb9ad3fae9574a0219f1edd3fd9\" \/><\/figure><\/div><div class=\"swiper-slide\" role=\"group\" aria-roledescription=\"slide\" aria-label=\"6 de 6\" data-no-translation-aria-label=\"\"><figure class=\"swiper-slide-inner\"><img decoding=\"async\" class=\"swiper-slide-image\" src=\"https:\/\/delyava.com\/wp-content\/uploads\/2024\/08\/\u5fae\u4fe1\u56fe\u7247_20240811104057.jpg\" alt=\"\" \/><\/figure><\/div>\t\t\t<\/div>\n\t\t\t\t\t\t\t\n\t\t\t\t\t\t\t\t\t<\/div>\n\t\t\t\t\t\t<\/div>\n\t\t\t\t<\/div>\n\t\t\t\t<\/div>\n\t\t\t\t\t<\/div>\n\t\t\t\t<\/div>\n\t\t<div class=\"elementor-element elementor-element-c56ce9b e-flex e-con-boxed e-con e-parent\" data-id=\"c56ce9b\" data-element_type=\"container\">\n\t\t\t\t\t<div class=\"e-con-inner\">\n\t\t\t\t<div class=\"elementor-element elementor-element-ad07822 elementor-widget elementor-widget-heading\" data-id=\"ad07822\" data-element_type=\"widget\" data-widget_type=\"heading.default\">\n\t\t\t\t<div class=\"elementor-widget-container\">\n\t\t\t\t\t<h3 class=\"elementor-heading-title elementor-size-default\">Descubra a trajet\u00f3ria de Delya<\/h3>\t\t\t\t<\/div>\n\t\t\t\t<\/div>\n\t\t\t\t<div class=\"elementor-element elementor-element-5820dae elementor-widget elementor-widget-text-editor\" data-id=\"5820dae\" data-element_type=\"widget\" data-widget_type=\"text-editor.default\">\n\t\t\t\t<div class=\"elementor-widget-container\">\n\t\t\t\t\t\t\t\t\t<p>Veja em pormenor o nosso passado, os nossos prim\u00f3rdios e os progressos que fizemos ao longo dos anos. Desde o in\u00edcio, investimos tempo na evolu\u00e7\u00e3o, certificando-nos de que nunca desistimos da nossa vis\u00e3o de ser um l\u00edder do sector.<\/p>\t\t\t\t\t\t\t\t<\/div>\n\t\t\t\t<\/div>\n\t\t\t\t\t<\/div>\n\t\t\t\t<\/div>\n\t\t<div class=\"elementor-element elementor-element-af74a1f e-flex e-con-boxed e-con e-parent\" data-id=\"af74a1f\" data-element_type=\"container\">\n\t\t\t\t\t<div class=\"e-con-inner\">\n\t\t<div class=\"elementor-element elementor-element-8ded457 e-con-full e-flex e-con e-child\" data-id=\"8ded457\" data-element_type=\"container\">\n\t\t<div class=\"elementor-element elementor-element-e46ae9e e-con-full e-flex e-con e-child\" data-id=\"e46ae9e\" data-element_type=\"container\">\n\t\t<div class=\"elementor-element elementor-element-f7d2073 e-con-full e-flex e-con e-child\" data-id=\"f7d2073\" data-element_type=\"container\">\n\t\t\t\t<div class=\"elementor-element elementor-element-9716d30 elementor-widget elementor-widget-heading\" data-id=\"9716d30\" data-element_type=\"widget\" data-widget_type=\"heading.default\">\n\t\t\t\t<div class=\"elementor-widget-container\">\n\t\t\t\t\t<h2 class=\"elementor-heading-title elementor-size-default\">Use a tecnologia Delya como um motor para ajudar o seu neg\u00f3cio de beleza a prosperar.<\/h2>\t\t\t\t<\/div>\n\t\t\t\t<\/div>\n\t\t<div class=\"elementor-element elementor-element-93dd89e e-con-full e-flex e-con e-child\" data-id=\"93dd89e\" data-element_type=\"container\">\n\t\t<div class=\"elementor-element elementor-element-dbac5bb e-con-full e-flex e-con e-child\" data-id=\"dbac5bb\" data-element_type=\"container\">\n\t\t\t\t<div class=\"elementor-element elementor-element-4733861 elementor-widget elementor-widget-heading\" data-id=\"4733861\" data-element_type=\"widget\" data-widget_type=\"heading.default\">\n\t\t\t\t<div class=\"elementor-widget-container\">\n\t\t\t\t\t<h5 class=\"elementor-heading-title elementor-size-default\">Para propriet\u00e1rios de marcas\/atacadistas\/comerciantes<\/h5>\t\t\t\t<\/div>\n\t\t\t\t<\/div>\n\t\t\t\t<\/div>\n\t\t<div class=\"elementor-element elementor-element-67e6eff e-con-full e-flex e-con e-child\" data-id=\"67e6eff\" data-element_type=\"container\">\n\t\t\t\t<div class=\"elementor-element elementor-element-54248ee elementor-widget elementor-widget-heading\" data-id=\"54248ee\" data-element_type=\"widget\" data-widget_type=\"heading.default\">\n\t\t\t\t<div class=\"elementor-widget-container\">\n\t\t\t\t\t<h5 class=\"elementor-heading-title elementor-size-default\">Para empresas de produtos para a pele<\/h5>\t\t\t\t<\/div>\n\t\t\t\t<\/div>\n\t\t\t\t<\/div>\n\t\t<div class=\"elementor-element elementor-element-7170988 e-con-full e-flex e-con e-child\" data-id=\"7170988\" data-element_type=\"container\">\n\t\t\t\t<div class=\"elementor-element elementor-element-152a766 elementor-widget elementor-widget-heading\" data-id=\"152a766\" data-element_type=\"widget\" data-widget_type=\"heading.default\">\n\t\t\t\t<div class=\"elementor-widget-container\">\n\t\t\t\t\t<h5 class=\"elementor-heading-title elementor-size-default\">Para sal\u00f5es de beleza\/cl\u00ednicas\/spas<\/h5>\t\t\t\t<\/div>\n\t\t\t\t<\/div>\n\t\t\t\t<\/div>\n\t\t<div class=\"elementor-element elementor-element-b902b3b e-con-full e-flex e-con e-child\" data-id=\"b902b3b\" data-element_type=\"container\">\n\t\t\t\t<div class=\"elementor-element elementor-element-8999204 elementor-widget elementor-widget-heading\" data-id=\"8999204\" data-element_type=\"widget\" data-widget_type=\"heading.default\">\n\t\t\t\t<div class=\"elementor-widget-container\">\n\t\t\t\t\t<h5 class=\"elementor-heading-title elementor-size-default\">Para indiv\u00edduos\/fam\u00edlias<\/h5>\t\t\t\t<\/div>\n\t\t\t\t<\/div>\n\t\t\t\t<\/div>\n\t\t\t\t<\/div>\n\t\t\t\t<\/div>\n\t\t<div class=\"elementor-element elementor-element-5b07d4d e-con-full e-flex e-con e-child\" data-id=\"5b07d4d\" data-element_type=\"container\">\n\t\t\t\t<div class=\"elementor-element elementor-element-b6a9fac elementor-align-center elementor-widget elementor-widget-button\" data-id=\"b6a9fac\" data-element_type=\"widget\" data-widget_type=\"button.default\">\n\t\t\t\t<div class=\"elementor-widget-container\">\n\t\t\t\t\t\t\t\t\t<div class=\"elementor-button-wrapper\">\n\t\t\t\t\t<a class=\"elementor-button elementor-button-link elementor-size-sm\" href=\"https:\/\/delyava.com\/pt\/contact-us\/\">\n\t\t\t\t\t\t<span class=\"elementor-button-content-wrapper\">\n\t\t\t\t\t\t\t\t\t<span class=\"elementor-button-text\">Contactar-nos<\/span>\n\t\t\t\t\t<\/span>\n\t\t\t\t\t<\/a>\n\t\t\t\t<\/div>\n\t\t\t\t\t\t\t\t<\/div>\n\t\t\t\t<\/div>\n\t\t\t\t<\/div>\n\t\t\t\t<\/div>\n\t\t\t\t<\/div>\n\t\t\t\t\t<\/div>\n\t\t\t\t<\/div>\n\t\t\t\t<\/div>","protected":false},"excerpt":{"rendered":"<p>Company Introduction Medical Aesthetic Machines DELYA Manufacturer In the field of medical aesthetics, where a large number of companies provide cutting-edge equipment for skin treatments and aesthetic-related procedures, DELYA, a leading manufacturer of high-quality medical aesthetics equipment, will take you on an in-depth tour of the DELYA factory, highlighting its key features and significant advantages. [&hellip;]<\/p>","protected":false},"author":2,"featured_media":0,"parent":0,"menu_order":0,"comment_status":"closed","ping_status":"closed","template":"","meta":{"_seopress_robots_primary_cat":"","_seopress_titles_title":"","_seopress_titles_desc":"","_seopress_robots_index":"","footnotes":""},"class_list":["post-842","page","type-page","status-publish","hentry"],"_links":{"self":[{"href":"https:\/\/delyava.com\/pt\/wp-json\/wp\/v2\/pages\/842","targetHints":{"allow":["GET"]}}],"collection":[{"href":"https:\/\/delyava.com\/pt\/wp-json\/wp\/v2\/pages"}],"about":[{"href":"https:\/\/delyava.com\/pt\/wp-json\/wp\/v2\/types\/page"}],"author":[{"embeddable":true,"href":"https:\/\/delyava.com\/pt\/wp-json\/wp\/v2\/users\/2"}],"replies":[{"embeddable":true,"href":"https:\/\/delyava.com\/pt\/wp-json\/wp\/v2\/comments?post=842"}],"version-history":[{"count":3,"href":"https:\/\/delyava.com\/pt\/wp-json\/wp\/v2\/pages\/842\/revisions"}],"predecessor-version":[{"id":15047,"href":"https:\/\/delyava.com\/pt\/wp-json\/wp\/v2\/pages\/842\/revisions\/15047"}],"wp:attachment":[{"href":"https:\/\/delyava.com\/pt\/wp-json\/wp\/v2\/media?parent=842"}],"curies":[{"name":"wp","href":"https:\/\/api.w.org\/{rel}","templated":true}]}}