{"id":11825,"date":"2025-03-04T16:33:04","date_gmt":"2025-03-04T08:33:04","guid":{"rendered":"https:\/\/delyava.com\/?page_id=11825"},"modified":"2025-04-16T17:54:15","modified_gmt":"2025-04-16T09:54:15","slug":"vascular-lesions","status":"publish","type":"page","link":"https:\/\/delyava.com\/pt\/vascular-lesions\/","title":{"rendered":"Les\u00f5es vasculares"},"content":{"rendered":"<div data-elementor-type=\"wp-page\" data-elementor-id=\"11825\" class=\"elementor elementor-11825\" data-elementor-post-type=\"page\">\n\t\t\t\t\t\t<section class=\"elementor-section elementor-top-section elementor-element elementor-element-835d426 elementor-section-height-min-height elementor-section-content-middle elementor-section-boxed elementor-section-height-default elementor-section-items-middle\" data-id=\"835d426\" data-element_type=\"section\" data-settings=\"{&quot;background_background&quot;:&quot;classic&quot;}\">\n\t\t\t\t\t\t\t<div class=\"elementor-background-overlay\"><\/div>\n\t\t\t\t\t\t\t<div class=\"elementor-container elementor-column-gap-no\">\n\t\t\t\t\t<div class=\"elementor-column elementor-col-100 elementor-top-column elementor-element elementor-element-a1d284e\" data-id=\"a1d284e\" data-element_type=\"column\">\n\t\t\t<div class=\"elementor-widget-wrap elementor-element-populated\">\n\t\t\t\t\t\t<div class=\"elementor-element elementor-element-54d6b3c elementor-widget elementor-widget-heading\" data-id=\"54d6b3c\" data-element_type=\"widget\" data-widget_type=\"heading.default\">\n\t\t\t\t<div class=\"elementor-widget-container\">\n\t\t\t\t\t<h1 class=\"elementor-heading-title elementor-size-default\">Les\u00f5es vasculares<\/h1>\t\t\t\t<\/div>\n\t\t\t\t<\/div>\n\t\t\t\t<div class=\"elementor-element elementor-element-d21695f elementor-widget elementor-widget-text-editor\" data-id=\"d21695f\" data-element_type=\"widget\" data-widget_type=\"text-editor.default\">\n\t\t\t\t<div class=\"elementor-widget-container\">\n\t\t\t\t\t\t\t\t\tTargeted laser energy gently breaks down unwanted blood vessels, causing them to gradually fade and be absorbed by the body. With each session, visible redness and discoloration diminish, leaving clearer, healthier-looking skin\u2014no damage to surrounding tissue. After a full course of treatment, vascular lesions are significantly reduced or completely resolved.\t\t\t\t\t\t\t\t<\/div>\n\t\t\t\t<\/div>\n\t\t\t\t\t<\/div>\n\t\t<\/div>\n\t\t\t\t\t<\/div>\n\t\t<\/section>\n\t\t<div class=\"elementor-element elementor-element-7cbe119 e-flex e-con-boxed e-con e-parent\" data-id=\"7cbe119\" data-element_type=\"container\">\n\t\t\t\t\t<div class=\"e-con-inner\">\n\t\t\t\t<div class=\"elementor-element elementor-element-c15c9c3 elementor-widget elementor-widget-heading\" data-id=\"c15c9c3\" data-element_type=\"widget\" data-widget_type=\"heading.default\">\n\t\t\t\t<div class=\"elementor-widget-container\">\n\t\t\t\t\t<h2 class=\"elementor-heading-title elementor-size-default\">Les\u00f5es vasculares<\/h2>\t\t\t\t<\/div>\n\t\t\t\t<\/div>\n\t\t\t\t\t<\/div>\n\t\t\t\t<\/div>\n\t\t<div class=\"elementor-element elementor-element-865fab7 e-flex e-con-boxed e-con e-parent\" data-id=\"865fab7\" data-element_type=\"container\">\n\t\t\t\t\t<div class=\"e-con-inner\">\n\t\t<div class=\"elementor-element elementor-element-15551f8 e-con-full e-flex e-con e-child\" data-id=\"15551f8\" data-element_type=\"container\">\n\t\t<div class=\"elementor-element elementor-element-5b82836 e-con-full e-flex e-con e-child\" data-id=\"5b82836\" data-element_type=\"container\">\n\t\t<div class=\"elementor-element elementor-element-935e6c1 e-con-full e-flex e-con e-child\" data-id=\"935e6c1\" data-element_type=\"container\">\n\t\t\t\t<div class=\"elementor-element elementor-element-b19df9d elementor-widget elementor-widget-text-editor\" data-id=\"b19df9d\" data-element_type=\"widget\" data-widget_type=\"text-editor.default\">\n\t\t\t\t<div class=\"elementor-widget-container\">\n\t\t\t\t\t\t\t\t\t<p>Les\u00f5es vasculares s\u00e3o condi\u00e7\u00f5es anormais mais comuns na pele e tecidos subcut\u00e2neos. Vasinhos, varizes nas pernas e veias varicosas s\u00e3o extremamente comuns na popula\u00e7\u00e3o. Uma condi\u00e7\u00e3o menos comum, mas muito consp\u00edcua, \u00e9 a descolora\u00e7\u00e3o do vinho, especialmente quando presente no rosto. Entre outras classifica\u00e7\u00f5es, existem diferentes tipos de malforma\u00e7\u00f5es vasculares, incluindo malforma\u00e7\u00f5es capilares, malforma\u00e7\u00f5es venosas, malforma\u00e7\u00f5es linf\u00e1ticas e malforma\u00e7\u00f5es arteriais. Na popula\u00e7\u00e3o pedi\u00e1trica, o tipo mais comum de les\u00e3o vascular \u00e9 o hemangioma. Esses s\u00e3o tumores benignos que geralmente aparecem como manchas rosadas a vermelhas logo ap\u00f3s o nascimento e continuam a crescer ao longo do tempo, mesmo na idade adulta. As mulheres t\u00eam uma alta preval\u00eancia desses problemas venosos esteticamente desagrad\u00e1veis, com mais da metade da popula\u00e7\u00e3o adulta afetada por eles.<\/p>\t\t\t\t\t\t\t\t<\/div>\n\t\t\t\t<\/div>\n\t\t\t\t<\/div>\n\t\t<div class=\"elementor-element elementor-element-47dd681 e-con-full e-flex e-con e-child\" data-id=\"47dd681\" data-element_type=\"container\">\n\t\t\t\t<div class=\"elementor-element elementor-element-dbd4b98 elementor-widget elementor-widget-image\" data-id=\"dbd4b98\" data-element_type=\"widget\" data-widget_type=\"image.default\">\n\t\t\t\t<div class=\"elementor-widget-container\">\n\t\t\t\t\t\t\t\t\t\t\t\t<figure class=\"wp-caption\">\n\t\t\t\t\t\t\t\t\t\t<img fetchpriority=\"high\" decoding=\"async\" width=\"800\" height=\"600\" src=\"https:\/\/delyava.com\/wp-content\/uploads\/2025\/03\/Vascular-Lesions-1-1024x768.jpg\" class=\"attachment-large size-large wp-image-11842\" alt=\"Les\u00f5es vasculares\" srcset=\"https:\/\/delyava.com\/wp-content\/uploads\/2025\/03\/Vascular-Lesions-1-1024x768.jpg 1024w, https:\/\/delyava.com\/wp-content\/uploads\/2025\/03\/Vascular-Lesions-1-300x225.jpg 300w, https:\/\/delyava.com\/wp-content\/uploads\/2025\/03\/Vascular-Lesions-1-768x576.jpg 768w, https:\/\/delyava.com\/wp-content\/uploads\/2025\/03\/Vascular-Lesions-1-1536x1152.jpg 1536w, https:\/\/delyava.com\/wp-content\/uploads\/2025\/03\/Vascular-Lesions-1-2048x1536.jpg 2048w, https:\/\/delyava.com\/wp-content\/uploads\/2025\/03\/Vascular-Lesions-1-16x12.jpg 16w, https:\/\/delyava.com\/wp-content\/uploads\/2025\/03\/Vascular-Lesions-1-600x450.jpg 600w\" sizes=\"(max-width: 800px) 100vw, 800px\" \/>\t\t\t\t\t\t\t\t\t\t\t<figcaption class=\"widget-image-caption wp-caption-text\">Les\u00f5es vasculares<\/figcaption>\n\t\t\t\t\t\t\t\t\t\t<\/figure>\n\t\t\t\t\t\t\t\t\t<\/div>\n\t\t\t\t<\/div>\n\t\t\t\t<\/div>\n\t\t\t\t<\/div>\n\t\t<div class=\"elementor-element elementor-element-58c2664 e-con-full e-flex e-con e-child\" data-id=\"58c2664\" data-element_type=\"container\">\n\t\t<div class=\"elementor-element elementor-element-57cc377 e-con-full e-flex e-con e-child\" data-id=\"57cc377\" data-element_type=\"container\">\n\t\t\t\t<div class=\"elementor-element elementor-element-95d1eb3 elementor-widget elementor-widget-heading\" data-id=\"95d1eb3\" data-element_type=\"widget\" data-widget_type=\"heading.default\">\n\t\t\t\t<div class=\"elementor-widget-container\">\n\t\t\t\t\t<h3 class=\"elementor-heading-title elementor-size-default\">Como funciona o tratamento de les\u00f5es vasculares?<\/h3>\t\t\t\t<\/div>\n\t\t\t\t<\/div>\n\t\t\t\t<div class=\"elementor-element elementor-element-40b7b90 elementor-widget elementor-widget-text-editor\" data-id=\"40b7b90\" data-element_type=\"widget\" data-widget_type=\"text-editor.default\">\n\t\t\t\t<div class=\"elementor-widget-container\">\n\t\t\t\t\t\t\t\t\t<p><a href=\"http:\/\/delyava.com\/pt\/\">Delya<\/a> oferece um programa de tratamento de les\u00f5es vasculares que fecha vasos sangu\u00edneos anormais de forma n\u00e3o invasiva e eficaz, reduzindo ou eliminando suas manifesta\u00e7\u00f5es externas. O tratamento utiliza <a href=\"https:\/\/delyava.com\/pt\/\/shr-ipl-laser-system\/\">Luz Intensa Pulsada (LIP)<\/a> ou um preciso <a href=\"https:\/\/delyava.com\/pt\/\/980nm-diode-laser\/\">Comprimento de onda do laser de 980 nm<\/a> para atingir apenas os vasos sangu\u00edneos malformados sob a pele, bloqueando seu suprimento de sangue.<br \/>O objetivo fundamental do tratamento a laser de les\u00f5es vasculares \u00e9 usar a absor\u00e7\u00e3o de luz pela hemoglobina para aquecer as paredes dos vasos sangu\u00edneos, destruindo assim os vasos anormais de forma direcionada. O comprimento de onda escolhido deve ser absorvido seletivamente pela hemoglobina e o comprimento do pulso deve ser curto o suficiente para confinar o calor aos vasos sangu\u00edneos e evitar danos desnecess\u00e1rios aos tecidos circundantes.<\/p>\t\t\t\t\t\t\t\t<\/div>\n\t\t\t\t<\/div>\n\t\t\t\t<\/div>\n\t\t<div class=\"elementor-element elementor-element-8b7312b e-con-full e-flex e-con e-child\" data-id=\"8b7312b\" data-element_type=\"container\">\n\t\t\t\t<div class=\"elementor-element elementor-element-c09b5c1 elementor-widget elementor-widget-image\" data-id=\"c09b5c1\" data-element_type=\"widget\" data-widget_type=\"image.default\">\n\t\t\t\t<div class=\"elementor-widget-container\">\n\t\t\t\t\t\t\t\t\t\t\t\t<figure class=\"wp-caption\">\n\t\t\t\t\t\t\t\t\t\t<img decoding=\"async\" width=\"360\" height=\"241\" src=\"https:\/\/delyava.com\/wp-content\/uploads\/2025\/03\/How-Does-The-Vascular-Lesions-Treatment-Work.jpg\" class=\"attachment-large size-large wp-image-11851\" alt=\"Como funciona o tratamento de les\u00f5es vasculares\" srcset=\"https:\/\/delyava.com\/wp-content\/uploads\/2025\/03\/How-Does-The-Vascular-Lesions-Treatment-Work.jpg 360w, https:\/\/delyava.com\/wp-content\/uploads\/2025\/03\/How-Does-The-Vascular-Lesions-Treatment-Work-300x201.jpg 300w, https:\/\/delyava.com\/wp-content\/uploads\/2025\/03\/How-Does-The-Vascular-Lesions-Treatment-Work-18x12.jpg 18w\" sizes=\"(max-width: 360px) 100vw, 360px\" \/>\t\t\t\t\t\t\t\t\t\t\t<figcaption class=\"widget-image-caption wp-caption-text\">Como funciona o tratamento de les\u00f5es vasculares<\/figcaption>\n\t\t\t\t\t\t\t\t\t\t<\/figure>\n\t\t\t\t\t\t\t\t\t<\/div>\n\t\t\t\t<\/div>\n\t\t\t\t<\/div>\n\t\t\t\t<\/div>\n\t\t\t\t<\/div>\n\t\t\t\t\t<\/div>\n\t\t\t\t<\/div>\n\t\t<div class=\"elementor-element elementor-element-23c7c34 e-flex e-con-boxed e-con e-parent\" data-id=\"23c7c34\" data-element_type=\"container\">\n\t\t\t\t\t<div class=\"e-con-inner\">\n\t\t\t\t<div class=\"elementor-element elementor-element-58f79d2 elementor-widget elementor-widget-heading\" data-id=\"58f79d2\" data-element_type=\"widget\" data-widget_type=\"heading.default\">\n\t\t\t\t<div class=\"elementor-widget-container\">\n\t\t\t\t\t<h2 class=\"elementor-heading-title elementor-size-default\">Por que escolher terapia a laser\/luz para vasinhos?<\/h2>\t\t\t\t<\/div>\n\t\t\t\t<\/div>\n\t\t\t\t<div class=\"elementor-element elementor-element-f83aaca elementor-widget elementor-widget-text-editor\" data-id=\"f83aaca\" data-element_type=\"widget\" data-widget_type=\"text-editor.default\">\n\t\t\t\t<div class=\"elementor-widget-container\">\n\t\t\t\t\t\t\t\t\t<p>A terapia a laser\/luz \u00e9 considerada o tratamento de escolha para vasinhos no rosto e tamb\u00e9m pode ser usada em outras partes do corpo.<\/p><p>Malforma\u00e7\u00f5es capilares (manchas de vinho; caso n\u00famero 9) requerem uma s\u00e9rie de tratamentos. \u00c9 preciso ter cuidado para evitar \u00e1reas sobrepostas de exposi\u00e7\u00e3o ao laser durante o tratamento para prevenir altera\u00e7\u00f5es pigmentares e ulcera\u00e7\u00e3o. O intervalo entre os tratamentos a laser \u00e9 de pelo menos 2 semanas. O objetivo do tratamento \u00e9 obter descolora\u00e7\u00e3o significativa. No entanto, n\u00e3o \u00e9 poss\u00edvel fazer essas les\u00f5es desaparecerem completamente. Novamente, nenhuma cicatriz foi observada ap\u00f3s o tratamento. Na maioria dos casos, a anestesia n\u00e3o \u00e9 necess\u00e1ria para les\u00f5es fora do rosto em adultos.<\/p><p>A dilata\u00e7\u00e3o capilar facial e a ros\u00e1cea tamb\u00e9m podem ser tratadas com o laser semicondutor de 980 nm. Capilares dilatados no nariz s\u00e3o particularmente dolorosos de tratar. A dura\u00e7\u00e3o do pulso deve ser pelo menos tr\u00eas vezes menor que o intervalo do pulso para evitar ulcera\u00e7\u00e3o. A ros\u00e1cea requer uma s\u00e9rie de tratamentos para atingir bons resultados. Prote\u00e7\u00e3o solar deve ser usada durante o tratamento, junto com metronidazol t\u00f3pico para ros\u00e1cea.<\/p><p>Vasos sangu\u00edneos de aranha nas pernas que n\u00e3o respondem \u00e0 escleroterapia podem ser tratados com um laser semicondutor. As veias de aranha vermelhas s\u00e3o mais eficazes do que as azuis. As veias de aranha nas pernas podem reaparecer ap\u00f3s um per\u00edodo de tempo.<\/p><p>Queloides podem ser tratados com terapia a laser durante o est\u00e1gio de vermelhid\u00e3o. Neste ponto, o tratamento a laser tem como alvo a neovasculariza\u00e7\u00e3o. Os lasers semicondutores reduzem a vermelhid\u00e3o, mas n\u00e3o t\u00eam efeito na largura ou altura do queloide. Por esta raz\u00e3o, o tratamento \u00e9 combinado com laser esfoliativo e\/ou inje\u00e7\u00f5es intralesionais de corticosteroides. Nenhum crescimento adicional do queloide foi observado ap\u00f3s o tratamento com o laser semicondutor.<\/p><p>A pot\u00eancia, a dura\u00e7\u00e3o do pulso e o intervalo do pulso devem ser cuidadosamente ajustados durante o tratamento para evitar a forma\u00e7\u00e3o de cicatrizes e hipopigmenta\u00e7\u00e3o. Usar \u00f3culos de prote\u00e7\u00e3o \u00e9 essencial para evitar ferimentos acidentais nos olhos.<\/p>\t\t\t\t\t\t\t\t<\/div>\n\t\t\t\t<\/div>\n\t\t\t\t\t<\/div>\n\t\t\t\t<\/div>\n\t\t<div class=\"elementor-element elementor-element-100d752 e-flex e-con-boxed e-con e-parent\" data-id=\"100d752\" data-element_type=\"container\">\n\t\t\t\t\t<div class=\"e-con-inner\">\n\t\t<div class=\"elementor-element elementor-element-2ab8f55 e-con-full e-flex e-con e-child\" data-id=\"2ab8f55\" data-element_type=\"container\">\n\t\t\t\t<div class=\"elementor-element elementor-element-b162f51 elementor-widget elementor-widget-heading\" data-id=\"b162f51\" data-element_type=\"widget\" data-widget_type=\"heading.default\">\n\t\t\t\t<div class=\"elementor-widget-container\">\n\t\t\t\t\t<h3 class=\"elementor-heading-title elementor-size-default\">Tratamento de les\u00f5es vasculares antes e depois das fotos<\/h3>\t\t\t\t<\/div>\n\t\t\t\t<\/div>\n\t\t\t\t<\/div>\n\t\t<div class=\"elementor-element elementor-element-a50a087 e-con-full e-flex e-con e-child\" data-id=\"a50a087\" data-element_type=\"container\">\n\t\t<div class=\"elementor-element elementor-element-0a510e1 e-con-full e-flex e-con e-child\" data-id=\"0a510e1\" data-element_type=\"container\">\n\t\t\t\t<div class=\"elementor-element elementor-element-eb47239 elementor-widget elementor-widget-image\" data-id=\"eb47239\" data-element_type=\"widget\" data-widget_type=\"image.default\">\n\t\t\t\t<div class=\"elementor-widget-container\">\n\t\t\t\t\t\t\t\t\t\t\t\t<figure class=\"wp-caption\">\n\t\t\t\t\t\t\t\t\t\t<img decoding=\"async\" width=\"500\" height=\"224\" src=\"https:\/\/delyava.com\/wp-content\/uploads\/2025\/03\/Facial-Redness-Improvement-Before-and-After.jpg\" class=\"attachment-large size-large wp-image-11864\" alt=\"Melhoria da vermelhid\u00e3o facial antes e depois\" srcset=\"https:\/\/delyava.com\/wp-content\/uploads\/2025\/03\/Facial-Redness-Improvement-Before-and-After.jpg 500w, https:\/\/delyava.com\/wp-content\/uploads\/2025\/03\/Facial-Redness-Improvement-Before-and-After-300x134.jpg 300w, https:\/\/delyava.com\/wp-content\/uploads\/2025\/03\/Facial-Redness-Improvement-Before-and-After-18x8.jpg 18w\" sizes=\"(max-width: 500px) 100vw, 500px\" \/>\t\t\t\t\t\t\t\t\t\t\t<figcaption class=\"widget-image-caption wp-caption-text\">Melhoria da vermelhid\u00e3o facial antes e depois<\/figcaption>\n\t\t\t\t\t\t\t\t\t\t<\/figure>\n\t\t\t\t\t\t\t\t\t<\/div>\n\t\t\t\t<\/div>\n\t\t\t\t<\/div>\n\t\t<div class=\"elementor-element elementor-element-85e3431 e-con-full e-flex e-con e-child\" data-id=\"85e3431\" data-element_type=\"container\">\n\t\t\t\t<div class=\"elementor-element elementor-element-f8dcd8e elementor-widget elementor-widget-image\" data-id=\"f8dcd8e\" data-element_type=\"widget\" data-widget_type=\"image.default\">\n\t\t\t\t<div class=\"elementor-widget-container\">\n\t\t\t\t\t\t\t\t\t\t\t\t<figure class=\"wp-caption\">\n\t\t\t\t\t\t\t\t\t\t<img loading=\"lazy\" decoding=\"async\" width=\"500\" height=\"224\" src=\"https:\/\/delyava.com\/wp-content\/uploads\/2025\/03\/Cheeks-redness-before-and-after-treatment.jpg\" class=\"attachment-large size-large wp-image-11865\" alt=\"Vermelhid\u00e3o nas bochechas antes e depois do tratamento\" srcset=\"https:\/\/delyava.com\/wp-content\/uploads\/2025\/03\/Cheeks-redness-before-and-after-treatment.jpg 500w, https:\/\/delyava.com\/wp-content\/uploads\/2025\/03\/Cheeks-redness-before-and-after-treatment-300x134.jpg 300w, https:\/\/delyava.com\/wp-content\/uploads\/2025\/03\/Cheeks-redness-before-and-after-treatment-18x8.jpg 18w\" sizes=\"(max-width: 500px) 100vw, 500px\" \/>\t\t\t\t\t\t\t\t\t\t\t<figcaption class=\"widget-image-caption wp-caption-text\">Vermelhid\u00e3o nas bochechas antes e depois do tratamento<\/figcaption>\n\t\t\t\t\t\t\t\t\t\t<\/figure>\n\t\t\t\t\t\t\t\t\t<\/div>\n\t\t\t\t<\/div>\n\t\t\t\t<\/div>\n\t\t<div class=\"elementor-element elementor-element-00b549a e-con-full e-flex e-con e-child\" data-id=\"00b549a\" data-element_type=\"container\">\n\t\t\t\t<div class=\"elementor-element elementor-element-1d45a9f elementor-widget elementor-widget-image\" data-id=\"1d45a9f\" data-element_type=\"widget\" data-widget_type=\"image.default\">\n\t\t\t\t<div class=\"elementor-widget-container\">\n\t\t\t\t\t\t\t\t\t\t\t\t<figure class=\"wp-caption\">\n\t\t\t\t\t\t\t\t\t\t<img loading=\"lazy\" decoding=\"async\" width=\"500\" height=\"224\" src=\"https:\/\/delyava.com\/wp-content\/uploads\/2025\/03\/Perinasal-Vascular-Problems-Before-and-After-Treatment.jpg\" class=\"attachment-large size-large wp-image-11866\" alt=\"Problemas vasculares perinasais antes e depois do tratamento\" srcset=\"https:\/\/delyava.com\/wp-content\/uploads\/2025\/03\/Perinasal-Vascular-Problems-Before-and-After-Treatment.jpg 500w, https:\/\/delyava.com\/wp-content\/uploads\/2025\/03\/Perinasal-Vascular-Problems-Before-and-After-Treatment-300x134.jpg 300w, https:\/\/delyava.com\/wp-content\/uploads\/2025\/03\/Perinasal-Vascular-Problems-Before-and-After-Treatment-18x8.jpg 18w\" sizes=\"(max-width: 500px) 100vw, 500px\" \/>\t\t\t\t\t\t\t\t\t\t\t<figcaption class=\"widget-image-caption wp-caption-text\">Problemas vasculares perinasais antes e depois do tratamento<\/figcaption>\n\t\t\t\t\t\t\t\t\t\t<\/figure>\n\t\t\t\t\t\t\t\t\t<\/div>\n\t\t\t\t<\/div>\n\t\t\t\t<\/div>\n\t\t<div class=\"elementor-element elementor-element-b96d909 e-con-full e-flex e-con e-child\" data-id=\"b96d909\" data-element_type=\"container\">\n\t\t\t\t<div class=\"elementor-element elementor-element-a764978 elementor-widget elementor-widget-image\" data-id=\"a764978\" data-element_type=\"widget\" data-widget_type=\"image.default\">\n\t\t\t\t<div class=\"elementor-widget-container\">\n\t\t\t\t\t\t\t\t\t\t\t\t<figure class=\"wp-caption\">\n\t\t\t\t\t\t\t\t\t\t<img loading=\"lazy\" decoding=\"async\" width=\"500\" height=\"224\" src=\"https:\/\/delyava.com\/wp-content\/uploads\/2025\/03\/Side-face-vascular-lesion-repair-before-and-after.jpg\" class=\"attachment-large size-large wp-image-11870\" alt=\"Reparo de les\u00e3o vascular da face lateral antes e depois\" srcset=\"https:\/\/delyava.com\/wp-content\/uploads\/2025\/03\/Side-face-vascular-lesion-repair-before-and-after.jpg 500w, https:\/\/delyava.com\/wp-content\/uploads\/2025\/03\/Side-face-vascular-lesion-repair-before-and-after-300x134.jpg 300w, https:\/\/delyava.com\/wp-content\/uploads\/2025\/03\/Side-face-vascular-lesion-repair-before-and-after-18x8.jpg 18w\" sizes=\"(max-width: 500px) 100vw, 500px\" \/>\t\t\t\t\t\t\t\t\t\t\t<figcaption class=\"widget-image-caption wp-caption-text\">Reparo de les\u00e3o vascular da face lateral antes e depois<\/figcaption>\n\t\t\t\t\t\t\t\t\t\t<\/figure>\n\t\t\t\t\t\t\t\t\t<\/div>\n\t\t\t\t<\/div>\n\t\t\t\t<\/div>\n\t\t\t\t<\/div>\n\t\t\t\t\t<\/div>\n\t\t\t\t<\/div>\n\t\t\t\t<\/div>","protected":false},"excerpt":{"rendered":"<p>Vascular Lesions Targeted laser energy gently breaks down unwanted blood vessels, causing them to gradually fade and be absorbed by the body. With each session, visible redness and discoloration diminish, leaving clearer, healthier-looking skin\u2014no damage to surrounding tissue. After a full course of treatment, vascular lesions are significantly reduced or completely resolved. Vascular Lesions Vascular [&hellip;]<\/p>","protected":false},"author":2,"featured_media":0,"parent":0,"menu_order":0,"comment_status":"closed","ping_status":"closed","template":"","meta":{"_seopress_robots_primary_cat":"","_seopress_titles_title":"","_seopress_titles_desc":"","_seopress_robots_index":"","footnotes":""},"class_list":["post-11825","page","type-page","status-publish","hentry"],"_links":{"self":[{"href":"https:\/\/delyava.com\/pt\/wp-json\/wp\/v2\/pages\/11825","targetHints":{"allow":["GET"]}}],"collection":[{"href":"https:\/\/delyava.com\/pt\/wp-json\/wp\/v2\/pages"}],"about":[{"href":"https:\/\/delyava.com\/pt\/wp-json\/wp\/v2\/types\/page"}],"author":[{"embeddable":true,"href":"https:\/\/delyava.com\/pt\/wp-json\/wp\/v2\/users\/2"}],"replies":[{"embeddable":true,"href":"https:\/\/delyava.com\/pt\/wp-json\/wp\/v2\/comments?post=11825"}],"version-history":[{"count":12,"href":"https:\/\/delyava.com\/pt\/wp-json\/wp\/v2\/pages\/11825\/revisions"}],"predecessor-version":[{"id":17292,"href":"https:\/\/delyava.com\/pt\/wp-json\/wp\/v2\/pages\/11825\/revisions\/17292"}],"wp:attachment":[{"href":"https:\/\/delyava.com\/pt\/wp-json\/wp\/v2\/media?parent=11825"}],"curies":[{"name":"wp","href":"https:\/\/api.w.org\/{rel}","templated":true}]}}