{"id":9268,"date":"2025-02-14T15:24:13","date_gmt":"2025-02-14T07:24:13","guid":{"rendered":"https:\/\/delyava.com\/?post_type=product&#038;p=9268"},"modified":"2025-02-14T16:48:07","modified_gmt":"2025-02-14T08:48:07","slug":"7d-hifu-machine-ultramax","status":"publish","type":"product","link":"https:\/\/delyava.com\/nl\/products\/7d-hifu-machine-ultramax\/","title":{"rendered":"7D HIFU-apparaat ULTRAMAX"},"content":{"rendered":"<div data-elementor-type=\"product-post\" data-elementor-id=\"9268\" class=\"elementor elementor-9268\" data-elementor-post-type=\"product\">\n\t\t\t\t<div class=\"elementor-element elementor-element-f54a151 e-flex e-con-boxed e-con e-parent\" data-id=\"f54a151\" data-element_type=\"container\">\n\t\t\t\t\t<div class=\"e-con-inner\">\n\t\t\t\t<div class=\"elementor-element elementor-element-6bc09aa elementor-widget elementor-widget-heading\" data-id=\"6bc09aa\" data-element_type=\"widget\" data-widget_type=\"heading.default\">\n\t\t\t\t<div class=\"elementor-widget-container\">\n\t\t\t\t\t<h3 class=\"elementor-heading-title elementor-size-default\">Hoe de HIFU-machines werken<\/h3>\t\t\t\t<\/div>\n\t\t\t\t<\/div>\n\t\t\t\t\t<\/div>\n\t\t\t\t<\/div>\n\t\t<div class=\"elementor-element elementor-element-eda9b1a e-flex e-con-boxed e-con e-parent\" data-id=\"eda9b1a\" data-element_type=\"container\">\n\t\t\t\t\t<div class=\"e-con-inner\">\n\t\t<div class=\"elementor-element elementor-element-7e1e5d8 e-con-full e-flex e-con e-child\" data-id=\"7e1e5d8\" data-element_type=\"container\">\n\t\t\t\t<div class=\"elementor-element elementor-element-5864119 elementor-widget elementor-widget-text-editor\" data-id=\"5864119\" data-element_type=\"widget\" data-widget_type=\"text-editor.default\">\n\t\t\t\t<div class=\"elementor-widget-container\">\n\t\t\t\t\t\t\t\t\t<p>\u00a0<\/p><div data-page-id=\"NKUOdHU5AorUHjx01y2cSQIan2d\" data-lark-html-role=\"root\" data-docx-has-block-data=\"false\"><div class=\"ace-line ace-line old-record-id-XxU0dvPGno7t0rx5DMycuGfkn9e\"><p>ULTRAMAX is een niet-invasief esthetisch apparaat voor facelifting, versteviging, bodyverstrakking en contouring. Het biedt op maat gemaakte behandelingen voor het gezicht, de nek en het lichaam, veelgebruikt in de esthetische markt. Met behulp van MMFU-technologie levert het nauwkeurige ultrasone energie om de huidlagen te liften en te verstevigen, terwijl hardnekkige vetcellen in de subcutane laag krimpen en worden verwijderd zonder de omliggende weefsels aan te tasten.<\/p><\/div><\/div>\t\t\t\t\t\t\t\t<\/div>\n\t\t\t\t<\/div>\n\t\t\t\t<\/div>\n\t\t<div class=\"elementor-element elementor-element-4d908ad e-con-full e-flex e-con e-child\" data-id=\"4d908ad\" data-element_type=\"container\">\n\t\t\t\t<div class=\"elementor-element elementor-element-8f050b3 elementor-widget elementor-widget-image\" data-id=\"8f050b3\" data-element_type=\"widget\" data-widget_type=\"image.default\">\n\t\t\t\t<div class=\"elementor-widget-container\">\n\t\t\t\t\t\t\t\t\t\t\t\t<figure class=\"wp-caption\">\n\t\t\t\t\t\t\t\t\t\t<img fetchpriority=\"high\" decoding=\"async\" width=\"800\" height=\"219\" src=\"https:\/\/delyava.com\/wp-content\/uploads\/2025\/02\/How-the-hifu-machines-Works-1024x280.jpeg\" class=\"attachment-large size-large wp-image-9257\" alt=\"Hoe de HIFU-machines werken\" srcset=\"https:\/\/delyava.com\/wp-content\/uploads\/2025\/02\/How-the-hifu-machines-Works-1024x280.jpeg 1024w, https:\/\/delyava.com\/wp-content\/uploads\/2025\/02\/How-the-hifu-machines-Works-300x82.jpeg 300w, https:\/\/delyava.com\/wp-content\/uploads\/2025\/02\/How-the-hifu-machines-Works-768x210.jpeg 768w, https:\/\/delyava.com\/wp-content\/uploads\/2025\/02\/How-the-hifu-machines-Works-1536x420.jpeg 1536w, https:\/\/delyava.com\/wp-content\/uploads\/2025\/02\/How-the-hifu-machines-Works-18x5.jpeg 18w, https:\/\/delyava.com\/wp-content\/uploads\/2025\/02\/How-the-hifu-machines-Works-600x164.jpeg 600w, https:\/\/delyava.com\/wp-content\/uploads\/2025\/02\/How-the-hifu-machines-Works.jpeg 1900w\" sizes=\"(max-width: 800px) 100vw, 800px\" \/>\t\t\t\t\t\t\t\t\t\t\t<figcaption class=\"widget-image-caption wp-caption-text\">Hoe de HIFU-machines werken<\/figcaption>\n\t\t\t\t\t\t\t\t\t\t<\/figure>\n\t\t\t\t\t\t\t\t\t<\/div>\n\t\t\t\t<\/div>\n\t\t\t\t<\/div>\n\t\t\t\t\t<\/div>\n\t\t\t\t<\/div>\n\t\t<div class=\"elementor-element elementor-element-a44b5d8 e-flex e-con-boxed e-con e-parent\" data-id=\"a44b5d8\" data-element_type=\"container\">\n\t\t\t\t\t<div class=\"e-con-inner\">\n\t\t\t\t<div class=\"elementor-element elementor-element-2e2b0ac elementor-widget elementor-widget-heading\" data-id=\"2e2b0ac\" data-element_type=\"widget\" data-widget_type=\"heading.default\">\n\t\t\t\t<div class=\"elementor-widget-container\">\n\t\t\t\t\t<h2 class=\"elementor-heading-title elementor-size-default\">Inleiding tot instrumentcomponenten<\/h2>\t\t\t\t<\/div>\n\t\t\t\t<\/div>\n\t\t\t\t\t<\/div>\n\t\t\t\t<\/div>\n\t\t<div class=\"elementor-element elementor-element-72f0be4 e-flex e-con-boxed e-con e-parent\" data-id=\"72f0be4\" data-element_type=\"container\">\n\t\t\t\t\t<div class=\"e-con-inner\">\n\t\t\t\t<div class=\"elementor-element elementor-element-5c8af68 elementor-widget__width-initial elementor-widget elementor-widget-image\" data-id=\"5c8af68\" data-element_type=\"widget\" data-widget_type=\"image.default\">\n\t\t\t\t<div class=\"elementor-widget-container\">\n\t\t\t\t\t\t\t\t\t\t\t\t\t\t\t<img decoding=\"async\" width=\"800\" height=\"544\" src=\"https:\/\/delyava.com\/wp-content\/uploads\/2025\/02\/Introduction-to-Instrument-Components-1024x696.jpeg\" class=\"attachment-large size-large wp-image-9248\" alt=\"Inleiding tot instrumentcomponenten\" srcset=\"https:\/\/delyava.com\/wp-content\/uploads\/2025\/02\/Introduction-to-Instrument-Components-1024x696.jpeg 1024w, https:\/\/delyava.com\/wp-content\/uploads\/2025\/02\/Introduction-to-Instrument-Components-300x204.jpeg 300w, https:\/\/delyava.com\/wp-content\/uploads\/2025\/02\/Introduction-to-Instrument-Components-768x522.jpeg 768w, https:\/\/delyava.com\/wp-content\/uploads\/2025\/02\/Introduction-to-Instrument-Components-1536x1044.jpeg 1536w, https:\/\/delyava.com\/wp-content\/uploads\/2025\/02\/Introduction-to-Instrument-Components-2048x1392.jpeg 2048w, https:\/\/delyava.com\/wp-content\/uploads\/2025\/02\/Introduction-to-Instrument-Components-18x12.jpeg 18w, https:\/\/delyava.com\/wp-content\/uploads\/2025\/02\/Introduction-to-Instrument-Components-600x408.jpeg 600w\" sizes=\"(max-width: 800px) 100vw, 800px\" \/>\t\t\t\t\t\t\t\t\t\t\t\t\t\t\t<\/div>\n\t\t\t\t<\/div>\n\t\t\t\t<div class=\"elementor-element elementor-element-67f354c elementor-widget elementor-widget-image\" data-id=\"67f354c\" data-element_type=\"widget\" data-widget_type=\"image.default\">\n\t\t\t\t<div class=\"elementor-widget-container\">\n\t\t\t\t\t\t\t\t\t\t\t\t\t\t\t<img decoding=\"async\" width=\"800\" height=\"352\" src=\"https:\/\/delyava.com\/wp-content\/uploads\/2025\/02\/Introduction-to-Instrument-Components1-1024x451.jpeg\" class=\"attachment-large size-large wp-image-9251\" alt=\"Inleiding tot instrumentcomponenten1\" srcset=\"https:\/\/delyava.com\/wp-content\/uploads\/2025\/02\/Introduction-to-Instrument-Components1-1024x451.jpeg 1024w, https:\/\/delyava.com\/wp-content\/uploads\/2025\/02\/Introduction-to-Instrument-Components1-300x132.jpeg 300w, https:\/\/delyava.com\/wp-content\/uploads\/2025\/02\/Introduction-to-Instrument-Components1-768x338.jpeg 768w, https:\/\/delyava.com\/wp-content\/uploads\/2025\/02\/Introduction-to-Instrument-Components1-1536x676.jpeg 1536w, https:\/\/delyava.com\/wp-content\/uploads\/2025\/02\/Introduction-to-Instrument-Components1-2048x902.jpeg 2048w, https:\/\/delyava.com\/wp-content\/uploads\/2025\/02\/Introduction-to-Instrument-Components1-18x8.jpeg 18w, https:\/\/delyava.com\/wp-content\/uploads\/2025\/02\/Introduction-to-Instrument-Components1-600x264.jpeg 600w\" sizes=\"(max-width: 800px) 100vw, 800px\" \/>\t\t\t\t\t\t\t\t\t\t\t\t\t\t\t<\/div>\n\t\t\t\t<\/div>\n\t\t\t\t\t<\/div>\n\t\t\t\t<\/div>\n\t\t<div class=\"elementor-element elementor-element-1822c3b e-flex e-con-boxed e-con e-parent\" data-id=\"1822c3b\" data-element_type=\"container\">\n\t\t\t\t\t<div class=\"e-con-inner\">\n\t\t<div class=\"elementor-element elementor-element-cef95eb e-con-full e-flex e-con e-child\" data-id=\"cef95eb\" data-element_type=\"container\">\n\t\t<div class=\"elementor-element elementor-element-63581f5 e-con-full e-flex e-con e-child\" data-id=\"63581f5\" data-element_type=\"container\">\n\t\t<div class=\"elementor-element elementor-element-c3eb72d e-con-full e-flex e-con e-child\" data-id=\"c3eb72d\" data-element_type=\"container\">\n\t\t\t\t<div class=\"elementor-element elementor-element-314ba52 elementor-widget elementor-widget-image\" data-id=\"314ba52\" data-element_type=\"widget\" data-widget_type=\"image.default\">\n\t\t\t\t<div class=\"elementor-widget-container\">\n\t\t\t\t\t\t\t\t\t\t\t\t\t\t\t<img loading=\"lazy\" decoding=\"async\" width=\"736\" height=\"609\" src=\"https:\/\/delyava.com\/wp-content\/uploads\/2025\/02\/HIFU-treatment-machine-body-treatment-parts-1.jpg\" class=\"attachment-large size-large wp-image-9259\" alt=\"HIFU-behandelingsmachine lichaamsbehandelingsonderdelen\" srcset=\"https:\/\/delyava.com\/wp-content\/uploads\/2025\/02\/HIFU-treatment-machine-body-treatment-parts-1.jpg 736w, https:\/\/delyava.com\/wp-content\/uploads\/2025\/02\/HIFU-treatment-machine-body-treatment-parts-1-300x248.jpg 300w, https:\/\/delyava.com\/wp-content\/uploads\/2025\/02\/HIFU-treatment-machine-body-treatment-parts-1-15x12.jpg 15w, https:\/\/delyava.com\/wp-content\/uploads\/2025\/02\/HIFU-treatment-machine-body-treatment-parts-1-600x496.jpg 600w\" sizes=\"(max-width: 736px) 100vw, 736px\" \/>\t\t\t\t\t\t\t\t\t\t\t\t\t\t\t<\/div>\n\t\t\t\t<\/div>\n\t\t\t\t<\/div>\n\t\t\t\t<\/div>\n\t\t<div class=\"elementor-element elementor-element-06608fe e-con-full e-flex e-con e-child\" data-id=\"06608fe\" data-element_type=\"container\">\n\t\t\t\t<div class=\"elementor-element elementor-element-6a224eb elementor-widget elementor-widget-heading\" data-id=\"6a224eb\" data-element_type=\"widget\" data-widget_type=\"heading.default\">\n\t\t\t\t<div class=\"elementor-widget-container\">\n\t\t\t\t\t<h2 class=\"elementor-heading-title elementor-size-default\">HIFU-behandelingsmachine lichaamsbehandelingsonderdelen<\/h2>\t\t\t\t<\/div>\n\t\t\t\t<\/div>\n\t\t\t\t<div class=\"elementor-element elementor-element-68a1fa0 elementor-widget elementor-widget-text-editor\" data-id=\"68a1fa0\" data-element_type=\"widget\" data-widget_type=\"text-editor.default\">\n\t\t\t\t<div class=\"elementor-widget-container\">\n\t\t\t\t\t\t\t\t\t<p>Onze hifu-huidverstrakkingsmachines zijn uitgerust met een verscheidenheid aan probes om verschillende lichaamsdelen nauwkeurig te kunnen targeten. 6,0 mm en 9,0 mm probes zijn ontworpen om te voldoen aan een breed scala aan individuele behoeften. De 6,0 mm en 9,0 mm probes zijn ontworpen om te voldoen aan een breed scala aan individuele behoeften. De 6,0 mm probe is effectief bij het verbeteren van dubbele chins, terwijl de 9,0 mm probe kan worden gebruikt om effectief gebieden te targeten zoals mommy billen, vlindermouwen en olifantspoten, evenals de borsten, oksels, armen, buik, rug, zijkant van de taille, dijen, kuiten en enkels, wat helpt om lokale, nauwkeurige beeldhouwkunst en snelle verbetering van het silhouet van het lichaam te bereiken.<\/p>\t\t\t\t\t\t\t\t<\/div>\n\t\t\t\t<\/div>\n\t\t\t\t<\/div>\n\t\t\t\t<\/div>\n\t\t\t\t\t<\/div>\n\t\t\t\t<\/div>\n\t\t<div class=\"elementor-element elementor-element-92d410b e-flex e-con-boxed e-con e-parent\" data-id=\"92d410b\" data-element_type=\"container\">\n\t\t\t\t\t<div class=\"e-con-inner\">\n\t\t<div class=\"elementor-element elementor-element-57d281f e-con-full e-flex e-con e-child\" data-id=\"57d281f\" data-element_type=\"container\">\n\t\t\t\t<div class=\"elementor-element elementor-element-a56acec elementor-widget elementor-widget-heading\" data-id=\"a56acec\" data-element_type=\"widget\" data-widget_type=\"heading.default\">\n\t\t\t\t<div class=\"elementor-widget-container\">\n\t\t\t\t\t<h3 class=\"elementor-heading-title elementor-size-default\"> HIFU-apparaat voor en na<\/h3>\t\t\t\t<\/div>\n\t\t\t\t<\/div>\n\t\t\t\t<\/div>\n\t\t<div class=\"elementor-element elementor-element-4395a36 e-con-full e-flex e-con e-child\" data-id=\"4395a36\" data-element_type=\"container\">\n\t\t<div class=\"elementor-element elementor-element-d748ef2 e-con-full e-flex e-con e-child\" data-id=\"d748ef2\" data-element_type=\"container\">\n\t\t\t\t<div class=\"elementor-element elementor-element-7b7d881 elementor-widget elementor-widget-image\" data-id=\"7b7d881\" data-element_type=\"widget\" data-widget_type=\"image.default\">\n\t\t\t\t<div class=\"elementor-widget-container\">\n\t\t\t\t\t\t\t\t\t\t\t\t\t\t\t<img loading=\"lazy\" decoding=\"async\" width=\"750\" height=\"750\" src=\"https:\/\/delyava.com\/wp-content\/uploads\/2025\/02\/HIFU-7D-machine-Before-and-After.png\" class=\"attachment-large size-large wp-image-9260\" alt=\"HIFU 7D-apparaat voor en na\" srcset=\"https:\/\/delyava.com\/wp-content\/uploads\/2025\/02\/HIFU-7D-machine-Before-and-After.png 750w, https:\/\/delyava.com\/wp-content\/uploads\/2025\/02\/HIFU-7D-machine-Before-and-After-300x300.png 300w, https:\/\/delyava.com\/wp-content\/uploads\/2025\/02\/HIFU-7D-machine-Before-and-After-150x150.png 150w, https:\/\/delyava.com\/wp-content\/uploads\/2025\/02\/HIFU-7D-machine-Before-and-After-12x12.png 12w, https:\/\/delyava.com\/wp-content\/uploads\/2025\/02\/HIFU-7D-machine-Before-and-After-600x600.png 600w, https:\/\/delyava.com\/wp-content\/uploads\/2025\/02\/HIFU-7D-machine-Before-and-After-100x100.png 100w\" sizes=\"(max-width: 750px) 100vw, 750px\" \/>\t\t\t\t\t\t\t\t\t\t\t\t\t\t\t<\/div>\n\t\t\t\t<\/div>\n\t\t<div class=\"elementor-element elementor-element-14d2f1e e-con-full e-flex e-con e-child\" data-id=\"14d2f1e\" data-element_type=\"container\">\n\t\t\t\t<div class=\"elementor-element elementor-element-cf37953 elementor-widget elementor-widget-text-editor\" data-id=\"cf37953\" data-element_type=\"widget\" data-widget_type=\"text-editor.default\">\n\t\t\t\t<div class=\"elementor-widget-container\">\n\t\t\t\t\t\t\t\t\t<ol><li>Verstevigt de wangen, lift het gezicht en vermindert rimpels op het voorhoofd, de ogen en de lippen.<\/li><li>Verbeter de huidtextuur, verminder fijne lijntjes (kraaienpootjes, kringen onder de ogen, rond de oren, op de lippen, op het voorhoofd, de wenkbrauwen, de neuslippenplooien en de nek) en herstel de gladheid.<\/li><li>Vermindert lijntjes in de hals, voorkomt veroudering en stimuleert de collageenregeneratie om de elasticiteit en stevigheid van de huid te verbeteren.<\/li><li>Verbeter de elasticiteit van de huid, verfijn contouren, reguleer de talgproductie en minimaliseer pori\u00ebn voor een gladde, jeugdige uitstraling.<\/li><\/ol>\t\t\t\t\t\t\t\t<\/div>\n\t\t\t\t<\/div>\n\t\t\t\t<\/div>\n\t\t\t\t<\/div>\n\t\t\t\t<\/div>\n\t\t\t\t\t<\/div>\n\t\t\t\t<\/div>\n\t\t<div class=\"elementor-element elementor-element-e741634 e-flex e-con-boxed e-con e-parent\" data-id=\"e741634\" data-element_type=\"container\">\n\t\t\t\t\t<div class=\"e-con-inner\">\n\t\t\t\t<div class=\"elementor-element elementor-element-e042ac3 elementor-widget elementor-widget-heading\" data-id=\"e042ac3\" data-element_type=\"widget\" data-widget_type=\"heading.default\">\n\t\t\t\t<div class=\"elementor-widget-container\">\n\t\t\t\t\t<h4 class=\"elementor-heading-title elementor-size-default\">7D Hifu-machineparameter<\/h4>\t\t\t\t<\/div>\n\t\t\t\t<\/div>\n\t\t\t\t<div class=\"elementor-element elementor-element-0298e5b elementor-widget elementor-widget-text-editor\" data-id=\"0298e5b\" data-element_type=\"widget\" data-widget_type=\"text-editor.default\">\n\t\t\t\t<div class=\"elementor-widget-container\">\n\t\t\t\t\t\t\t\t\t<table><tbody><tr><td width=\"174\"><p>Frequentie<\/p><\/td><td width=\"739\"><p>2 MHz\/4 MHz\/5,5 MHz\/7 MHz<\/p><\/td><\/tr><tr><td width=\"174\"><p>Werkingssysteem<\/p><\/td><td width=\"739\"><p>Intelligente dual-control puls digitale modus uitgang<\/p><\/td><\/tr><tr><td width=\"174\"><p>Energie<\/p><\/td><td width=\"739\"><p>0,1 \u2013 2J instelbaar<\/p><\/td><\/tr><tr><td width=\"174\"><p>Invoerlengte<\/p><\/td><td width=\"739\"><p>5 \u2013 25mm verstelbaar<\/p><\/td><\/tr><tr><td width=\"174\"><p>Invoerafstand<\/p><\/td><td width=\"739\"><p>1 \u2013 2 mm<\/p><\/td><\/tr><tr><td width=\"174\"><p>Behandelhoofd<\/p><\/td><td width=\"739\"><p>1,5\/2,0\/3,0\/4,5\/6,0\/9,0\/13,0 mm<\/p><\/td><\/tr><tr><td width=\"174\"><p>Bedrijfsmodus<\/p><\/td><td width=\"739\"><p>Enkele puls \/ pulsmodus<\/p><\/td><\/tr><tr><td width=\"174\"><p>Ingangsvermogen<\/p><\/td><td width=\"739\"><p>Wisselstroom 110V \u2013 220V \u2013 50Hz\/60Hz<\/p><\/td><\/tr><tr><td width=\"174\"><p>Pakketgrootte<\/p><\/td><td width=\"739\"><p>53*46*44,5cm<\/p><\/td><\/tr><tr><td width=\"174\"><p>Pakket GW<\/p><\/td><td width=\"739\"><p>22KG<\/p><\/td><\/tr><tr><td width=\"174\"><p>Machine GW<\/p><\/td><td width=\"739\"><p>20KG<\/p><\/td><\/tr><\/tbody><\/table><p>\u00a0<\/p>\t\t\t\t\t\t\t\t<\/div>\n\t\t\t\t<\/div>\n\t\t\t\t\t<\/div>\n\t\t\t\t<\/div>\n\t\t<div class=\"elementor-element elementor-element-9b6194f e-flex e-con-boxed e-con e-parent\" data-id=\"9b6194f\" data-element_type=\"container\">\n\t\t\t\t\t<div class=\"e-con-inner\">\n\t\t<div class=\"elementor-element elementor-element-5b9bc99 e-con-full e-flex e-con e-child\" data-id=\"5b9bc99\" data-element_type=\"container\">\n\t\t\t\t<div class=\"elementor-element elementor-element-aa3be0d elementor-widget elementor-widget-heading\" data-id=\"aa3be0d\" data-element_type=\"widget\" data-widget_type=\"heading.default\">\n\t\t\t\t<div class=\"elementor-widget-container\">\n\t\t\t\t\t<h4 class=\"elementor-heading-title elementor-size-default\">FAQ<\/h4>\t\t\t\t<\/div>\n\t\t\t\t<\/div>\n\t\t\t\t<div class=\"elementor-element elementor-element-6e748f3 elementor-widget elementor-widget-text-editor\" data-id=\"6e748f3\" data-element_type=\"widget\" data-widget_type=\"text-editor.default\">\n\t\t\t\t<div class=\"elementor-widget-container\">\n\t\t\t\t\t\t\t\t\t<p><strong>1. Wat zijn de voorzorgsmaatregelen na een HIFU-behandeling?<\/strong><\/p><p>Vermijd pittig eten na de behandeling; was uw gezicht een week lang niet met te warm of te koud water; doe geen yoga op hoge temperatuur, sauna, gezichtsstomen en gezichtsmassage om druk op uw gezicht te voorkomen; breng een week lang elke dag een masker aan om uw gezicht te rehydrateren; let op bescherming tegen de zon; gebruik een maand lang geen radiofrequentie- of fototherapieapparatuur. Bovendien kan de 7D HIFU-behandeling alleen 20 - 30 dagen na de injectie met hyaluronzuur worden uitgevoerd.<br \/><strong>2. Voor wie is de 7D Hifu-machine niet geschikt?<\/strong><\/p><p>7D HIFU-behandeling is niet geschikt voor zwangere vrouwen, pati\u00ebnten met ernstige hartaandoeningen, pati\u00ebnten met kwaadaardige tumoren, pati\u00ebnten met hemofilie of ernstige bloedingen, pati\u00ebnten met ernstige ziekten, huid- en infectieziekten, pati\u00ebnten met hart-, hersen-, zenuwcentrum van de nek, wervelkolom, ogen, bloedingen, injectiepati\u00ebnten, pati\u00ebnten met hyperthyreo\u00efdie, pati\u00ebnten met astma en pati\u00ebnten met hoge bloeddruk. Het moet ook met voorzichtigheid worden gebruikt bij zieke pati\u00ebnten, tenzij goedgekeurd door een arts.<br \/><strong>3. Is de<\/strong><strong>e machine hifu pijnlijk <\/strong><strong>?<\/strong><\/p><p>Sommige mensen kunnen wat sensatie voelen tijdens de behandeling, maar het is meestal te verdragen. De energie wordt aangepast van laag naar hoog en wordt door de arts aangepast op basis van het tolerantieniveau van de pati\u00ebnt. Bijvoorbeeld, bij het verzorgen van het voorhoofdgebied kan de gebruiker de punt van de sonde strak naar het voorhoofd trekken om energie af te geven om pijn te verlichten. Ook kan het gebruik van het juiste medium (bijv. lichtgevoelige gel, verkoelende gel) helpen om ongemak te verminderen.<br \/><strong>4. Hoe lang duurt het voordat ik resultaat zie na een 7D HIFU-behandeling?<\/strong><\/p><p>Er kunnen enkele resultaten zijn, zoals een verhoogde huidversteviging, direct na de behandeling. Echter, meer opvallende resultaten verschijnen meestal geleidelijk 1 - 3 maanden na de behandeling, omdat het tijd kost voor de behandeling om collageenregeneratie en -reorganisatie te stimuleren. De resultaten zijn opvallender en langduriger na meerdere behandelingen, bijvoorbeeld na 6 maanden (2 behandelingen) of meer, is de conditie van de huid volledig verbeterd.<br \/><strong>5. Wat zijn de bijwerkingen van 7D Hifu huidverstrakking?<\/strong><\/p><p>7D HIFU is veilig onder gestandaardiseerde praktijk en zorg en heeft doorgaans geen significante bijwerkingen. Een paar mensen kunnen na de behandeling last hebben van voorbijgaande roodheid en lichte zwelling van de huid, die binnen een paar uur vanzelf zal verdwijnen. De techniek is nauwkeurig, met een laag risico op brandwonden, infectie en zenuwbeschadiging, en de meeste mensen hebben bevredigende resultaten.<\/p>\t\t\t\t\t\t\t\t<\/div>\n\t\t\t\t<\/div>\n\t\t\t\t<\/div>\n\t\t\t\t\t<\/div>\n\t\t\t\t<\/div>\n\t\t\t\t<\/div>","protected":false},"excerpt":{"rendered":"<ul>\n<li><strong>Niet-chirurgische lifting en contouring<\/strong>:MMFU is een niet-invasief systeem voor het liften, verstevigen en contouren van het gezicht en lichaam met behulp van ultrasone warmte. Er is geen operatie nodig.<\/li>\n<li><strong>Precieze targeting<\/strong>:Het kleinere focuspunt levert ultrageluidenergie van 65-75\u00b0C nauwkeurig aan de gerichte huidlagen voor een nauwkeurige behandeling.<\/li>\n<li><strong>Thermo-coagulatie-effect<\/strong>: Cre\u00ebert gecontroleerde warmte in de diepe huidlagen (SMAS, dermis) zonder het omliggende weefsel te beschadigen, waardoor de regeneratie van collageen en elastine wordt gestimuleerd.<\/li>\n<li><strong>Diepe SMAS-behandeling<\/strong>: Richt zich op de SMAS-fascialaag om veroudering, weefselverlies en huidverslapping tegen te gaan voor een langdurige lift en versteviging.<\/li>\n<li><strong>Verbeterd comfort en veiligheid<\/strong>: Ontworpen voor meer comfort tijdens de behandeling, zorgt het ervoor dat de huid voller, steviger en jonger aanvoelt met minimale hersteltijd.<\/li>\n<\/ul>","protected":false},"featured_media":9269,"template":"","meta":{"_seopress_robots_primary_cat":"none","_seopress_titles_title":"","_seopress_titles_desc":"","_seopress_robots_index":""},"product_brand":[],"product_cat":[36],"product_tag":[],"class_list":{"0":"post-9268","1":"product","2":"type-product","3":"status-publish","4":"has-post-thumbnail","6":"product_cat-hifu-machines","8":"first","9":"instock","10":"shipping-taxable","11":"product-type-simple"},"_links":{"self":[{"href":"https:\/\/delyava.com\/nl\/wp-json\/wp\/v2\/product\/9268","targetHints":{"allow":["GET"]}}],"collection":[{"href":"https:\/\/delyava.com\/nl\/wp-json\/wp\/v2\/product"}],"about":[{"href":"https:\/\/delyava.com\/nl\/wp-json\/wp\/v2\/types\/product"}],"version-history":[{"count":0,"href":"https:\/\/delyava.com\/nl\/wp-json\/wp\/v2\/product\/9268\/revisions"}],"wp:featuredmedia":[{"embeddable":true,"href":"https:\/\/delyava.com\/nl\/wp-json\/wp\/v2\/media\/9269"}],"wp:attachment":[{"href":"https:\/\/delyava.com\/nl\/wp-json\/wp\/v2\/media?parent=9268"}],"wp:term":[{"taxonomy":"product_brand","embeddable":true,"href":"https:\/\/delyava.com\/nl\/wp-json\/wp\/v2\/product_brand?post=9268"},{"taxonomy":"product_cat","embeddable":true,"href":"https:\/\/delyava.com\/nl\/wp-json\/wp\/v2\/product_cat?post=9268"},{"taxonomy":"product_tag","embeddable":true,"href":"https:\/\/delyava.com\/nl\/wp-json\/wp\/v2\/product_tag?post=9268"}],"curies":[{"name":"wp","href":"https:\/\/api.w.org\/{rel}","templated":true}]}}