{"id":9071,"date":"2025-02-13T16:53:20","date_gmt":"2025-02-13T08:53:20","guid":{"rendered":"https:\/\/delyava.com\/?post_type=product&#038;p=9071"},"modified":"2025-02-13T16:53:32","modified_gmt":"2025-02-13T08:53:32","slug":"vertical-screen-7d-hifu","status":"publish","type":"product","link":"https:\/\/delyava.com\/nl\/products\/vertical-screen-7d-hifu\/","title":{"rendered":"Verticaal scherm 7D HIFU"},"content":{"rendered":"<div data-elementor-type=\"product-post\" data-elementor-id=\"9071\" class=\"elementor elementor-9071\" data-elementor-post-type=\"product\">\n\t\t\t\t<div class=\"elementor-element elementor-element-f54a151 e-flex e-con-boxed e-con e-parent\" data-id=\"f54a151\" data-element_type=\"container\">\n\t\t\t\t\t<div class=\"e-con-inner\">\n\t\t\t\t<div class=\"elementor-element elementor-element-6bc09aa elementor-widget elementor-widget-heading\" data-id=\"6bc09aa\" data-element_type=\"widget\" data-widget_type=\"heading.default\">\n\t\t\t\t<div class=\"elementor-widget-container\">\n\t\t\t\t\t<h3 class=\"elementor-heading-title elementor-size-default\">Hoe de Hifu-gezichtsbehandelingsmachine werkt<\/h3>\t\t\t\t<\/div>\n\t\t\t\t<\/div>\n\t\t\t\t\t<\/div>\n\t\t\t\t<\/div>\n\t\t<div class=\"elementor-element elementor-element-eda9b1a e-flex e-con-boxed e-con e-parent\" data-id=\"eda9b1a\" data-element_type=\"container\">\n\t\t\t\t\t<div class=\"e-con-inner\">\n\t\t<div class=\"elementor-element elementor-element-7e1e5d8 e-con-full e-flex e-con e-child\" data-id=\"7e1e5d8\" data-element_type=\"container\">\n\t\t\t\t<div class=\"elementor-element elementor-element-5864119 elementor-widget elementor-widget-text-editor\" data-id=\"5864119\" data-element_type=\"widget\" data-widget_type=\"text-editor.default\">\n\t\t\t\t<div class=\"elementor-widget-container\">\n\t\t\t\t\t\t\t\t\t<div data-page-id=\"NKUOdHU5AorUHjx01y2cSQIan2d\" data-lark-html-role=\"root\" data-docx-has-block-data=\"false\"><div class=\"old-record-id-B0vCdSYlLoM6HGxBm9YcAAOjnqW\">Het 7D Hifu-machinegerichte ultrasone systeem heeft een kleiner brandpunt dan andere HIFU-machines. Het levert hoogenergetische, gerichte ultrasone energie bij 65 - 75 \u00b0C nauwkeuriger aan de beoogde huidweefsellagen, waardoor een thermisch coagulatie-effect ontstaat zonder het omliggende weefsel te beschadigen. Het proces van het stimuleren van de proliferatie van collageen- en elastinevezels verbetert het comfort aanzienlijk, waardoor u een perfect V-gezicht krijgt dat vol, stevig en elastisch is.<\/div><\/div>\t\t\t\t\t\t\t\t<\/div>\n\t\t\t\t<\/div>\n\t\t\t\t<\/div>\n\t\t<div class=\"elementor-element elementor-element-4d908ad e-con-full e-flex e-con e-child\" data-id=\"4d908ad\" data-element_type=\"container\">\n\t\t\t\t<div class=\"elementor-element elementor-element-8f050b3 elementor-widget elementor-widget-image\" data-id=\"8f050b3\" data-element_type=\"widget\" data-widget_type=\"image.default\">\n\t\t\t\t<div class=\"elementor-widget-container\">\n\t\t\t\t\t\t\t\t\t\t\t\t<figure class=\"wp-caption\">\n\t\t\t\t\t\t\t\t\t\t<img fetchpriority=\"high\" decoding=\"async\" width=\"735\" height=\"490\" src=\"https:\/\/delyava.com\/wp-content\/uploads\/2025\/02\/How-hifu-facial-machine-treatment-machine-Works.jpg\" class=\"attachment-large size-large wp-image-9007\" alt=\"Hoe de Hifu-gezichtsbehandelingsmachine werkt\" srcset=\"https:\/\/delyava.com\/wp-content\/uploads\/2025\/02\/How-hifu-facial-machine-treatment-machine-Works.jpg 735w, https:\/\/delyava.com\/wp-content\/uploads\/2025\/02\/How-hifu-facial-machine-treatment-machine-Works-300x200.jpg 300w, https:\/\/delyava.com\/wp-content\/uploads\/2025\/02\/How-hifu-facial-machine-treatment-machine-Works-18x12.jpg 18w, https:\/\/delyava.com\/wp-content\/uploads\/2025\/02\/How-hifu-facial-machine-treatment-machine-Works-600x400.jpg 600w\" sizes=\"(max-width: 735px) 100vw, 735px\" \/>\t\t\t\t\t\t\t\t\t\t\t<figcaption class=\"widget-image-caption wp-caption-text\">Hoe de Hifu-gezichtsbehandelingsmachine werkt<\/figcaption>\n\t\t\t\t\t\t\t\t\t\t<\/figure>\n\t\t\t\t\t\t\t\t\t<\/div>\n\t\t\t\t<\/div>\n\t\t\t\t<\/div>\n\t\t\t\t\t<\/div>\n\t\t\t\t<\/div>\n\t\t<div class=\"elementor-element elementor-element-a44b5d8 e-flex e-con-boxed e-con e-parent\" data-id=\"a44b5d8\" data-element_type=\"container\">\n\t\t\t\t\t<div class=\"e-con-inner\">\n\t\t\t\t<div class=\"elementor-element elementor-element-2e2b0ac elementor-widget elementor-widget-heading\" data-id=\"2e2b0ac\" data-element_type=\"widget\" data-widget_type=\"heading.default\">\n\t\t\t\t<div class=\"elementor-widget-container\">\n\t\t\t\t\t<h2 class=\"elementor-heading-title elementor-size-default\">Meerdere modi van de 7D Hifu-machine<\/h2>\t\t\t\t<\/div>\n\t\t\t\t<\/div>\n\t\t\t\t\t<\/div>\n\t\t\t\t<\/div>\n\t\t<div class=\"elementor-element elementor-element-1d9c966 e-flex e-con-boxed e-con e-parent\" data-id=\"1d9c966\" data-element_type=\"container\">\n\t\t\t\t\t<div class=\"e-con-inner\">\n\t\t<div class=\"elementor-element elementor-element-3e76225 e-con-full e-flex e-con e-child\" data-id=\"3e76225\" data-element_type=\"container\">\n\t\t\t\t<div class=\"elementor-element elementor-element-2e8502e elementor-widget elementor-widget-text-editor\" data-id=\"2e8502e\" data-element_type=\"widget\" data-widget_type=\"text-editor.default\">\n\t\t\t\t<div class=\"elementor-widget-container\">\n\t\t\t\t\t\t\t\t\t<ul><li><strong><b>Verbeter de celactiviteit, verhoog de celgroei<\/b><\/strong><strong><b>\u00a0<\/b><\/strong><strong><b>wateropslagcapaciteit<\/b><\/strong><strong><b>.<\/b><\/strong><\/li><li><strong><b>Vergroot het gezichtsvolume, stimuleer collageen <\/b><\/strong><strong><b>regeneratie, elastisch vezelnet<\/b><\/strong><strong><b>\u00a0<\/b><\/strong><strong><b>regeneratie, mollig en elastisch<\/b><\/strong><strong><b>.<\/b><\/strong><\/li><li><strong><b>Versterk de ondersteunende kracht van de<\/b><\/strong><strong><b>\u00a0<\/b><\/strong><strong><b>fascialaag en verminder de doorzakking<\/b><\/strong><strong><b>\u00a0<\/b><\/strong><strong><b>weefsel<\/b><\/strong><strong><b>.<\/b><\/strong><\/li><\/ul>\t\t\t\t\t\t\t\t<\/div>\n\t\t\t\t<\/div>\n\t\t\t\t<\/div>\n\t\t<div class=\"elementor-element elementor-element-744536d e-con-full e-flex e-con e-child\" data-id=\"744536d\" data-element_type=\"container\">\n\t\t\t\t<div class=\"elementor-element elementor-element-60dfc61 elementor-widget-tablet__width-initial elementor-widget elementor-widget-image\" data-id=\"60dfc61\" data-element_type=\"widget\" data-widget_type=\"image.default\">\n\t\t\t\t<div class=\"elementor-widget-container\">\n\t\t\t\t\t\t\t\t\t\t\t\t\t\t\t<img decoding=\"async\" width=\"800\" height=\"534\" src=\"https:\/\/delyava.com\/wp-content\/uploads\/2025\/02\/Multiple-Modes-of-7D-Hifu-machine-1024x683.png\" class=\"attachment-large size-large wp-image-9008\" alt=\"Meerdere modi van de 7D Hifu-machine\" srcset=\"https:\/\/delyava.com\/wp-content\/uploads\/2025\/02\/Multiple-Modes-of-7D-Hifu-machine-1024x683.png 1024w, https:\/\/delyava.com\/wp-content\/uploads\/2025\/02\/Multiple-Modes-of-7D-Hifu-machine-300x200.png 300w, https:\/\/delyava.com\/wp-content\/uploads\/2025\/02\/Multiple-Modes-of-7D-Hifu-machine-768x512.png 768w, https:\/\/delyava.com\/wp-content\/uploads\/2025\/02\/Multiple-Modes-of-7D-Hifu-machine-1536x1024.png 1536w, https:\/\/delyava.com\/wp-content\/uploads\/2025\/02\/Multiple-Modes-of-7D-Hifu-machine-2048x1365.png 2048w, https:\/\/delyava.com\/wp-content\/uploads\/2025\/02\/Multiple-Modes-of-7D-Hifu-machine-18x12.png 18w, https:\/\/delyava.com\/wp-content\/uploads\/2025\/02\/Multiple-Modes-of-7D-Hifu-machine-600x400.png 600w\" sizes=\"(max-width: 800px) 100vw, 800px\" \/>\t\t\t\t\t\t\t\t\t\t\t\t\t\t\t<\/div>\n\t\t\t\t<\/div>\n\t\t\t\t<\/div>\n\t\t<div class=\"elementor-element elementor-element-bad3937 e-con-full e-flex e-con e-child\" data-id=\"bad3937\" data-element_type=\"container\">\n\t\t\t\t<div class=\"elementor-element elementor-element-947b0a6 elementor-widget elementor-widget-image\" data-id=\"947b0a6\" data-element_type=\"widget\" data-widget_type=\"image.default\">\n\t\t\t\t<div class=\"elementor-widget-container\">\n\t\t\t\t\t\t\t\t\t\t\t\t\t\t\t<img decoding=\"async\" width=\"544\" height=\"537\" src=\"https:\/\/delyava.com\/wp-content\/uploads\/2025\/02\/Multiple-Modes-of-7D-Hifu-machine-2.png\" class=\"attachment-large size-large wp-image-9009\" alt=\"Meerdere modi van de 7D Hifu-machine\" srcset=\"https:\/\/delyava.com\/wp-content\/uploads\/2025\/02\/Multiple-Modes-of-7D-Hifu-machine-2.png 544w, https:\/\/delyava.com\/wp-content\/uploads\/2025\/02\/Multiple-Modes-of-7D-Hifu-machine-2-300x296.png 300w, https:\/\/delyava.com\/wp-content\/uploads\/2025\/02\/Multiple-Modes-of-7D-Hifu-machine-2-12x12.png 12w, https:\/\/delyava.com\/wp-content\/uploads\/2025\/02\/Multiple-Modes-of-7D-Hifu-machine-2-100x100.png 100w\" sizes=\"(max-width: 544px) 100vw, 544px\" \/>\t\t\t\t\t\t\t\t\t\t\t\t\t\t\t<\/div>\n\t\t\t\t<\/div>\n\t\t\t\t<\/div>\n\t\t\t\t\t<\/div>\n\t\t\t\t<\/div>\n\t\t<div class=\"elementor-element elementor-element-5592954 e-flex e-con-boxed e-con e-parent\" data-id=\"5592954\" data-element_type=\"container\">\n\t\t\t\t\t<div class=\"e-con-inner\">\n\t\t<div class=\"elementor-element elementor-element-1ceada4 e-con-full e-flex e-con e-child\" data-id=\"1ceada4\" data-element_type=\"container\">\n\t\t<div class=\"elementor-element elementor-element-7bfcf86 e-con-full e-flex e-con e-child\" data-id=\"7bfcf86\" data-element_type=\"container\">\n\t\t\t\t<div class=\"elementor-element elementor-element-d2c6dd6 elementor-widget elementor-widget-image\" data-id=\"d2c6dd6\" data-element_type=\"widget\" data-widget_type=\"image.default\">\n\t\t\t\t<div class=\"elementor-widget-container\">\n\t\t\t\t\t\t\t\t\t\t\t\t\t\t\t<img loading=\"lazy\" decoding=\"async\" width=\"585\" height=\"443\" src=\"https:\/\/delyava.com\/wp-content\/uploads\/2025\/02\/Facial-treatment-area.png\" class=\"attachment-large size-large wp-image-9010\" alt=\"Gezichtsbehandelingsgebied\" srcset=\"https:\/\/delyava.com\/wp-content\/uploads\/2025\/02\/Facial-treatment-area.png 585w, https:\/\/delyava.com\/wp-content\/uploads\/2025\/02\/Facial-treatment-area-300x227.png 300w, https:\/\/delyava.com\/wp-content\/uploads\/2025\/02\/Facial-treatment-area-16x12.png 16w\" sizes=\"(max-width: 585px) 100vw, 585px\" \/>\t\t\t\t\t\t\t\t\t\t\t\t\t\t\t<\/div>\n\t\t\t\t<\/div>\n\t\t\t\t<\/div>\n\t\t\t\t<\/div>\n\t\t<div class=\"elementor-element elementor-element-cc9b5cc e-con-full e-flex e-con e-child\" data-id=\"cc9b5cc\" data-element_type=\"container\">\n\t\t\t\t<div class=\"elementor-element elementor-element-b5ec5cf elementor-widget elementor-widget-heading\" data-id=\"b5ec5cf\" data-element_type=\"widget\" data-widget_type=\"heading.default\">\n\t\t\t\t<div class=\"elementor-widget-container\">\n\t\t\t\t\t<h2 class=\"elementor-heading-title elementor-size-default\">Gezichtsbehandelingsgebied<\/h2>\t\t\t\t<\/div>\n\t\t\t\t<\/div>\n\t\t\t\t<div class=\"elementor-element elementor-element-f09c6bd elementor-widget elementor-widget-text-editor\" data-id=\"f09c6bd\" data-element_type=\"widget\" data-widget_type=\"text-editor.default\">\n\t\t\t\t<div class=\"elementor-widget-container\">\n\t\t\t\t\t\t\t\t\t<p><strong>1.<\/strong><strong>Langdurige versteviging<\/strong>: Hervorm het gezicht, de nek, de rug, de taille, de buik, de billen, de benen en meer.<\/p><p><strong>2. Diepe rimpelverwijdering<\/strong>: Behandel rimpels rond de ogen, striae, neuslippenplooien, voorhoofdsrimpels en meer.<\/p><p><strong>3. Aanspannen en optillen<\/strong>: Verminder fijne lijntjes en verminder rimpels en verslapping rond de ogen, het gezicht en de hals.<\/p><p><strong>4. Herstel de elasticiteit van de huid<\/strong>: Stimuleert effectief de aanmaak van collageen en vezels in de huid, waardoor de regeneratie van collageen wordt bevorderd.<\/p>\t\t\t\t\t\t\t\t<\/div>\n\t\t\t\t<\/div>\n\t\t\t\t<\/div>\n\t\t\t\t\t<\/div>\n\t\t\t\t<\/div>\n\t\t<div class=\"elementor-element elementor-element-92d410b e-flex e-con-boxed e-con e-parent\" data-id=\"92d410b\" data-element_type=\"container\">\n\t\t\t\t\t<div class=\"e-con-inner\">\n\t\t<div class=\"elementor-element elementor-element-57d281f e-con-full e-flex e-con e-child\" data-id=\"57d281f\" data-element_type=\"container\">\n\t\t\t\t<div class=\"elementor-element elementor-element-a56acec elementor-widget elementor-widget-heading\" data-id=\"a56acec\" data-element_type=\"widget\" data-widget_type=\"heading.default\">\n\t\t\t\t<div class=\"elementor-widget-container\">\n\t\t\t\t\t<h3 class=\"elementor-heading-title elementor-size-default\"> HIFU-apparaat voor en na<\/h3>\t\t\t\t<\/div>\n\t\t\t\t<\/div>\n\t\t\t\t<\/div>\n\t\t<div class=\"elementor-element elementor-element-4395a36 e-con-full e-flex e-con e-child\" data-id=\"4395a36\" data-element_type=\"container\">\n\t\t<div class=\"elementor-element elementor-element-14d2f1e e-con-full e-flex e-con e-child\" data-id=\"14d2f1e\" data-element_type=\"container\">\n\t\t\t\t<div class=\"elementor-element elementor-element-cf37953 elementor-widget-tablet__width-initial elementor-widget elementor-widget-text-editor\" data-id=\"cf37953\" data-element_type=\"widget\" data-widget_type=\"text-editor.default\">\n\t\t\t\t<div class=\"elementor-widget-container\">\n\t\t\t\t\t\t\t\t\t<ol start=\"1\"><li><p><strong>Rimpels verwijderen<\/strong><\/p>Zichtbare vermindering van diepe rimpels, zoals voorhoofdsrimpels, kraaienpootjes en neuslippenplooien, wat resulteert in een gladdere en jeugdigere teint.<\/li><li><p><strong>Verbeter de elasticiteit van de huid<\/strong><\/p>Verbeterde stevigheid en veerkracht van de huid, waardoor de huid soepeler en veerkrachtiger aanvoelt en haar jeugdige textuur herstelt.<\/li><li><p><strong>Verminder fijne lijntjes<\/strong><\/p>Verminderde fijne lijntjes rond de ogen, mond en andere gebieden, waardoor een egalere en verfijndere huid ontstond.<\/li><li><p><strong>Verstevig en verstevig de huid<\/strong><\/p>Merkbaar liftend en verstevigend effect, vooral op verslapte plekken zoals de kaaklijn, wangen en nek, voor een beter gedefinieerd en gecontourd uiterlijk.<\/li><\/ol>\t\t\t\t\t\t\t\t<\/div>\n\t\t\t\t<\/div>\n\t\t\t\t<\/div>\n\t\t<div class=\"elementor-element elementor-element-d748ef2 e-con-full e-flex e-con e-child\" data-id=\"d748ef2\" data-element_type=\"container\">\n\t\t<div class=\"elementor-element elementor-element-cdb265d e-con-full e-flex e-con e-child\" data-id=\"cdb265d\" data-element_type=\"container\">\n\t\t\t\t<div class=\"elementor-element elementor-element-5c92e80 elementor-widget elementor-widget-image\" data-id=\"5c92e80\" data-element_type=\"widget\" data-widget_type=\"image.default\">\n\t\t\t\t<div class=\"elementor-widget-container\">\n\t\t\t\t\t\t\t\t\t\t\t\t\t\t\t<img loading=\"lazy\" decoding=\"async\" width=\"800\" height=\"448\" src=\"https:\/\/delyava.com\/wp-content\/uploads\/2025\/02\/HIFU-Machine-Before-and-After-1024x573.png\" class=\"attachment-large size-large wp-image-9011\" alt=\"HIFU-apparaat voor en na\" srcset=\"https:\/\/delyava.com\/wp-content\/uploads\/2025\/02\/HIFU-Machine-Before-and-After-1024x573.png 1024w, https:\/\/delyava.com\/wp-content\/uploads\/2025\/02\/HIFU-Machine-Before-and-After-300x168.png 300w, https:\/\/delyava.com\/wp-content\/uploads\/2025\/02\/HIFU-Machine-Before-and-After-768x430.png 768w, https:\/\/delyava.com\/wp-content\/uploads\/2025\/02\/HIFU-Machine-Before-and-After-18x10.png 18w, https:\/\/delyava.com\/wp-content\/uploads\/2025\/02\/HIFU-Machine-Before-and-After-600x336.png 600w, https:\/\/delyava.com\/wp-content\/uploads\/2025\/02\/HIFU-Machine-Before-and-After.png 1067w\" sizes=\"(max-width: 800px) 100vw, 800px\" \/>\t\t\t\t\t\t\t\t\t\t\t\t\t\t\t<\/div>\n\t\t\t\t<\/div>\n\t\t\t\t<\/div>\n\t\t<div class=\"elementor-element elementor-element-2b23862 e-con-full e-flex e-con e-child\" data-id=\"2b23862\" data-element_type=\"container\">\n\t\t\t\t<div class=\"elementor-element elementor-element-6fb2a62 elementor-widget elementor-widget-image\" data-id=\"6fb2a62\" data-element_type=\"widget\" data-widget_type=\"image.default\">\n\t\t\t\t<div class=\"elementor-widget-container\">\n\t\t\t\t\t\t\t\t\t\t\t\t\t\t\t<img loading=\"lazy\" decoding=\"async\" width=\"800\" height=\"444\" src=\"https:\/\/delyava.com\/wp-content\/uploads\/2025\/02\/HIFU-Machine-Before-and-After-2-1024x568.png\" class=\"attachment-large size-large wp-image-9012\" alt=\"HIFU-apparaat voor en na\" srcset=\"https:\/\/delyava.com\/wp-content\/uploads\/2025\/02\/HIFU-Machine-Before-and-After-2-1024x568.png 1024w, https:\/\/delyava.com\/wp-content\/uploads\/2025\/02\/HIFU-Machine-Before-and-After-2-300x167.png 300w, https:\/\/delyava.com\/wp-content\/uploads\/2025\/02\/HIFU-Machine-Before-and-After-2-768x426.png 768w, https:\/\/delyava.com\/wp-content\/uploads\/2025\/02\/HIFU-Machine-Before-and-After-2-18x10.png 18w, https:\/\/delyava.com\/wp-content\/uploads\/2025\/02\/HIFU-Machine-Before-and-After-2-600x333.png 600w, https:\/\/delyava.com\/wp-content\/uploads\/2025\/02\/HIFU-Machine-Before-and-After-2.png 1063w\" sizes=\"(max-width: 800px) 100vw, 800px\" \/>\t\t\t\t\t\t\t\t\t\t\t\t\t\t\t<\/div>\n\t\t\t\t<\/div>\n\t\t\t\t<\/div>\n\t\t\t\t<\/div>\n\t\t\t\t<\/div>\n\t\t\t\t\t<\/div>\n\t\t\t\t<\/div>\n\t\t<div class=\"elementor-element elementor-element-e741634 e-flex e-con-boxed e-con e-parent\" data-id=\"e741634\" data-element_type=\"container\">\n\t\t\t\t\t<div class=\"e-con-inner\">\n\t\t\t\t<div class=\"elementor-element elementor-element-e042ac3 elementor-widget elementor-widget-heading\" data-id=\"e042ac3\" data-element_type=\"widget\" data-widget_type=\"heading.default\">\n\t\t\t\t<div class=\"elementor-widget-container\">\n\t\t\t\t\t<h4 class=\"elementor-heading-title elementor-size-default\">7D Hifu-machineparameter<\/h4>\t\t\t\t<\/div>\n\t\t\t\t<\/div>\n\t\t\t\t<div class=\"elementor-element elementor-element-0298e5b elementor-widget elementor-widget-text-editor\" data-id=\"0298e5b\" data-element_type=\"widget\" data-widget_type=\"text-editor.default\">\n\t\t\t\t<div class=\"elementor-widget-container\">\n\t\t\t\t\t\t\t\t\t<table><tbody><tr><td width=\"144\"><p>Productnaam<\/p><\/td><td width=\"715\"><p>7D hifu<\/p><\/td><\/tr><tr><td width=\"144\"><p>Energie type<\/p><\/td><td width=\"715\"><p>Hoge intensiteit gefocuste ultrasone golven<\/p><\/td><\/tr><tr><td width=\"144\"><p>Uitgangsvermogen<\/p><\/td><td width=\"715\"><p>0,1~0,3J (Stel eenheid in op 0,1J)<\/p><\/td><\/tr><tr><td width=\"144\"><p>Spotafstand<\/p><\/td><td width=\"715\"><p>1~2mm (stel eenheid 1mm in)<\/p><\/td><\/tr><tr><td width=\"144\"><p>Modus<\/p><\/td><td width=\"715\"><p>Automatisch \/ Handmatig<\/p><\/td><\/tr><tr><td width=\"144\"><p>Uitvoerlengte<\/p><\/td><td width=\"715\"><p>5,0 \u2013 25 mm<\/p><\/td><\/tr><tr><td width=\"144\"><p>Nominaal vermogen<\/p><\/td><td width=\"715\"><p>100 \u2013 240V 50Hz\/60Hz<\/p><\/td><\/tr><tr><td width=\"144\"><p>Productonderzoek<\/p><\/td><td width=\"715\"><p>1,5 mm\/2,0 mm\/3,0 mm\/4,5 mm\/6,0 mm\/9,0 mm\/13,0 mm<\/p><\/td><\/tr><\/tbody><\/table>\t\t\t\t\t\t\t\t<\/div>\n\t\t\t\t<\/div>\n\t\t\t\t\t<\/div>\n\t\t\t\t<\/div>\n\t\t<div class=\"elementor-element elementor-element-9b6194f e-flex e-con-boxed e-con e-parent\" data-id=\"9b6194f\" data-element_type=\"container\">\n\t\t\t\t\t<div class=\"e-con-inner\">\n\t\t<div class=\"elementor-element elementor-element-5b9bc99 e-con-full e-flex e-con e-child\" data-id=\"5b9bc99\" data-element_type=\"container\">\n\t\t\t\t<div class=\"elementor-element elementor-element-aa3be0d elementor-widget elementor-widget-heading\" data-id=\"aa3be0d\" data-element_type=\"widget\" data-widget_type=\"heading.default\">\n\t\t\t\t<div class=\"elementor-widget-container\">\n\t\t\t\t\t<h4 class=\"elementor-heading-title elementor-size-default\">FAQ<\/h4>\t\t\t\t<\/div>\n\t\t\t\t<\/div>\n\t\t\t\t<div class=\"elementor-element elementor-element-6e748f3 elementor-widget elementor-widget-text-editor\" data-id=\"6e748f3\" data-element_type=\"widget\" data-widget_type=\"text-editor.default\">\n\t\t\t\t<div class=\"elementor-widget-container\">\n\t\t\t\t\t\t\t\t\t<p><strong>1. Wat is een 7D HIFU-apparaat?<\/strong><\/p><p>\u00a0HIFU-apparatuur (High-Intensity Focused Ultrasound) is een professioneel HiFU-apparaat dat ultrageluidsenergie gebruikt om de huid te liften, te verstevigen en te verjongen door meerdere weefsellagen aan te pakken.<\/p><p><strong>2. Hoeveel sessies zijn er nodig?<\/strong><strong>\uff1f<\/strong><\/p><p>De meeste pati\u00ebnten bereiken het gewenste resultaat met slechts \u00e9\u00e9n sessie, maar voor een optimaal resultaat kunnen extra sessies worden aanbevolen.<\/p><p><strong>3. Kan 7D HIFU gecombineerd worden met andere behandelingen?<\/strong><\/p><p>Ja, het kan worden gecombineerd met behandelingen zoals RF (radiofrequentie), laser of injecties voor betere resultaten.<\/p><p><strong>4.Wat is de nazorg voor 7D HIFU?<\/strong><\/p><p>Vermijd blootstelling aan de zon, gebruik zonnebrandcr\u00e8me en houd de huid gehydrateerd. Vermijd zware inspanning gedurende 24-48 uur na de behandeling.<\/p><p><strong>5. Is er sprake van downtime?<\/strong><\/p><p>Nee, er is weinig tot geen downtime. Pati\u00ebnten kunnen direct na de behandeling hun normale activiteiten hervatten.<\/p>\t\t\t\t\t\t\t\t<\/div>\n\t\t\t\t<\/div>\n\t\t\t\t<\/div>\n\t\t\t\t\t<\/div>\n\t\t\t\t<\/div>\n\t\t<div class=\"elementor-element elementor-element-dcc2794 e-flex e-con-boxed e-con e-parent\" data-id=\"dcc2794\" data-element_type=\"container\">\n\t\t\t\t\t<div class=\"e-con-inner\">\n\t\t<div class=\"elementor-element elementor-element-c69932a e-con-full e-flex e-con e-child\" data-id=\"c69932a\" data-element_type=\"container\">\n\t\t\t\t<\/div>\n\t\t\t\t\t<\/div>\n\t\t\t\t<\/div>\n\t\t\t\t<\/div>","protected":false},"excerpt":{"rendered":"<ul>\n<li><strong>Niet-chirurgische oplossing:<\/strong>Zorgt voor een gelaatslifting, versteviging en lichaamscontouren zonder dat er een operatie nodig is.<\/li>\n<li><strong>Internationale veiligheidscertificeringen:<\/strong>Gecertificeerd door Korea KFDA en EU CE, wat hoge veiligheidsnormen garandeert.<\/li>\n<li><strong>Geavanceerde technologie:<\/strong>Maakt gebruik van de nieuwste MMFU dual-core hoogenergetische gerichte ultrasone technologie.<\/li>\n<li><strong>Niet-invasief en veilig:<\/strong>Volledig niet-invasief, zonder hersteltijd of noemenswaardige bijwerkingen.<\/li>\n<li><strong>Uitgebreide sondedieptes:<\/strong>Biedt meerdere sondedieptes (1,5 mm, 2,0 mm, 3,5 mm, 4,5 mm, 6 mm, 9 mm en 13 mm) om verschillende huidverouderingsproblemen aan te pakken.<\/li>\n<li><strong>Wereldwijd unieke 2,0 mm sonde:<\/strong>De 2,0 mm sonde is wereldwijd uniek en kent geen beperkingen voor de behandelingsgebieden.<\/li>\n<li><strong>Driedubbele garantie:<\/strong>Combineert liftend, verstevigend en metabolische lipolyse voor een alomvattend anti-aging- en bodycontouringeffect.<\/li>\n<\/ul>","protected":false},"featured_media":8752,"template":"","meta":{"_seopress_robots_primary_cat":"none","_seopress_titles_title":"","_seopress_titles_desc":"","_seopress_robots_index":""},"product_brand":[],"product_cat":[36],"product_tag":[],"class_list":{"0":"post-9071","1":"product","2":"type-product","3":"status-publish","4":"has-post-thumbnail","6":"product_cat-hifu-machines","8":"first","9":"instock","10":"shipping-taxable","11":"product-type-simple"},"_links":{"self":[{"href":"https:\/\/delyava.com\/nl\/wp-json\/wp\/v2\/product\/9071","targetHints":{"allow":["GET"]}}],"collection":[{"href":"https:\/\/delyava.com\/nl\/wp-json\/wp\/v2\/product"}],"about":[{"href":"https:\/\/delyava.com\/nl\/wp-json\/wp\/v2\/types\/product"}],"version-history":[{"count":0,"href":"https:\/\/delyava.com\/nl\/wp-json\/wp\/v2\/product\/9071\/revisions"}],"wp:featuredmedia":[{"embeddable":true,"href":"https:\/\/delyava.com\/nl\/wp-json\/wp\/v2\/media\/8752"}],"wp:attachment":[{"href":"https:\/\/delyava.com\/nl\/wp-json\/wp\/v2\/media?parent=9071"}],"wp:term":[{"taxonomy":"product_brand","embeddable":true,"href":"https:\/\/delyava.com\/nl\/wp-json\/wp\/v2\/product_brand?post=9071"},{"taxonomy":"product_cat","embeddable":true,"href":"https:\/\/delyava.com\/nl\/wp-json\/wp\/v2\/product_cat?post=9071"},{"taxonomy":"product_tag","embeddable":true,"href":"https:\/\/delyava.com\/nl\/wp-json\/wp\/v2\/product_tag?post=9071"}],"curies":[{"name":"wp","href":"https:\/\/api.w.org\/{rel}","templated":true}]}}