{"id":10890,"date":"2025-02-26T09:42:01","date_gmt":"2025-02-26T01:42:01","guid":{"rendered":"https:\/\/delyava.com\/?post_type=product&#038;p=10890"},"modified":"2025-02-27T11:19:44","modified_gmt":"2025-02-27T03:19:44","slug":"desktop-15-inch-vertical-screen-gold-microneedling-ice-hammer","status":"publish","type":"product","link":"https:\/\/delyava.com\/nl\/products\/desktop-15-inch-vertical-screen-gold-microneedling-ice-hammer\/","title":{"rendered":"Desktop 15-inch verticaal scherm Gouden microneedling + ijshamer"},"content":{"rendered":"<div data-elementor-type=\"product-post\" data-elementor-id=\"10890\" class=\"elementor elementor-10890\" data-elementor-post-type=\"product\">\n\t\t\t\t<div class=\"elementor-element elementor-element-ca04e23 e-flex e-con-boxed e-con e-parent\" data-id=\"ca04e23\" data-element_type=\"container\">\n\t\t\t\t\t<div class=\"e-con-inner\">\n\t\t\t\t<div class=\"elementor-element elementor-element-9e2abc0 elementor-widget elementor-widget-heading\" data-id=\"9e2abc0\" data-element_type=\"widget\" data-widget_type=\"heading.default\">\n\t\t\t\t<div class=\"elementor-widget-container\">\n\t\t\t\t\t<h2 class=\"elementor-heading-title elementor-size-default\">Hoe werkt het RF-microneedlingapparaat?<\/h2>\t\t\t\t<\/div>\n\t\t\t\t<\/div>\n\t\t\t\t\t<\/div>\n\t\t\t\t<\/div>\n\t\t<div class=\"elementor-element elementor-element-b6bca16 e-flex e-con-boxed e-con e-parent\" data-id=\"b6bca16\" data-element_type=\"container\">\n\t\t\t\t\t<div class=\"e-con-inner\">\n\t\t\t\t<div class=\"elementor-element elementor-element-4e99cdf elementor-widget__width-initial elementor-widget elementor-widget-text-editor\" data-id=\"4e99cdf\" data-element_type=\"widget\" data-widget_type=\"text-editor.default\">\n\t\t\t\t<div class=\"elementor-widget-container\">\n\t\t\t\t\t\t\t\t\t<div data-page-id=\"NKUOdHU5AorUHjx01y2cSQIan2d\" data-lark-html-role=\"root\" data-docx-has-block-data=\"false\"><div class=\"ace-line ace-line old-record-id-FzEBdqqW6o7OnoxVyCGcAjRSnAb\">Microneedling-machines integreren microneedling- en radiofrequentietechnologie\u00ebn naadloos. De term &quot;goud&quot; verwijst naar de met goud bedekte micronaaldkristallen, die ook een gouden uiterlijk hebben. Tijdens de procedure past de arts de diepte van de micronaaldpenetratie en het niveau van radiofrequentie-energie aan op basis van het specifieke huidprobleem en het te behandelen gebied. Geleid door een geavanceerd elektronisch systeem dringen meerdere ge\u00efsoleerde micronaalden tegelijkertijd door de opperhuid en leveren RF-energie nauwkeurig door hun uiteinden voordat ze snel worden teruggetrokken. Dit proces wordt herhaald totdat de behandeling is voltooid, gevolgd door de toepassing van gespecialiseerde cosmetische ingredi\u00ebnten voor verbeterde resultaten.<\/div><\/div>\t\t\t\t\t\t\t\t<\/div>\n\t\t\t\t<\/div>\n\t\t\t\t<div class=\"elementor-element elementor-element-9a41eb9 elementor-widget__width-initial elementor-widget elementor-widget-image\" data-id=\"9a41eb9\" data-element_type=\"widget\" data-widget_type=\"image.default\">\n\t\t\t\t<div class=\"elementor-widget-container\">\n\t\t\t\t\t\t\t\t\t\t\t\t<figure class=\"wp-caption\">\n\t\t\t\t\t\t\t\t\t\t<img fetchpriority=\"high\" decoding=\"async\" width=\"800\" height=\"307\" src=\"https:\/\/delyava.com\/wp-content\/uploads\/2025\/02\/works-1024x393.jpeg\" class=\"attachment-large size-large wp-image-10894\" alt=\"Hoe werkt het RF-microneedlingapparaat?\" srcset=\"https:\/\/delyava.com\/wp-content\/uploads\/2025\/02\/works-1024x393.jpeg 1024w, https:\/\/delyava.com\/wp-content\/uploads\/2025\/02\/works-300x115.jpeg 300w, https:\/\/delyava.com\/wp-content\/uploads\/2025\/02\/works-768x295.jpeg 768w, https:\/\/delyava.com\/wp-content\/uploads\/2025\/02\/works-18x7.jpeg 18w, https:\/\/delyava.com\/wp-content\/uploads\/2025\/02\/works-600x231.jpeg 600w, https:\/\/delyava.com\/wp-content\/uploads\/2025\/02\/works.jpeg 1494w\" sizes=\"(max-width: 800px) 100vw, 800px\" \/>\t\t\t\t\t\t\t\t\t\t\t<figcaption class=\"widget-image-caption wp-caption-text\">Hoe werkt het RF-microneedlingapparaat?<\/figcaption>\n\t\t\t\t\t\t\t\t\t\t<\/figure>\n\t\t\t\t\t\t\t\t\t<\/div>\n\t\t\t\t<\/div>\n\t\t\t\t\t<\/div>\n\t\t\t\t<\/div>\n\t\t<div class=\"elementor-element elementor-element-4882d0d e-flex e-con-boxed e-con e-parent\" data-id=\"4882d0d\" data-element_type=\"container\">\n\t\t\t\t\t<div class=\"e-con-inner\">\n\t\t\t\t<div class=\"elementor-element elementor-element-319a417 elementor-widget elementor-widget-heading\" data-id=\"319a417\" data-element_type=\"widget\" data-widget_type=\"heading.default\">\n\t\t\t\t<div class=\"elementor-widget-container\">\n\t\t\t\t\t<h2 class=\"elementor-heading-title elementor-size-default\">RF microneedling apparaten structurele componenten<\/h2>\t\t\t\t<\/div>\n\t\t\t\t<\/div>\n\t\t\t\t\t<\/div>\n\t\t\t\t<\/div>\n\t\t<div class=\"elementor-element elementor-element-83c6129 e-flex e-con-boxed e-con e-parent\" data-id=\"83c6129\" data-element_type=\"container\">\n\t\t\t\t\t<div class=\"e-con-inner\">\n\t\t\t\t<div class=\"elementor-element elementor-element-c01ae1e elementor-widget elementor-widget-image\" data-id=\"c01ae1e\" data-element_type=\"widget\" data-widget_type=\"image.default\">\n\t\t\t\t<div class=\"elementor-widget-container\">\n\t\t\t\t\t\t\t\t\t\t\t\t\t\t\t<img decoding=\"async\" width=\"800\" height=\"800\" src=\"https:\/\/delyava.com\/wp-content\/uploads\/2025\/02\/RF-microneedling-devices-structural-compone-1.jpg\" class=\"attachment-large size-large wp-image-11182\" alt=\"RF microneedling apparaten structurele component-1\" srcset=\"https:\/\/delyava.com\/wp-content\/uploads\/2025\/02\/RF-microneedling-devices-structural-compone-1.jpg 800w, https:\/\/delyava.com\/wp-content\/uploads\/2025\/02\/RF-microneedling-devices-structural-compone-1-300x300.jpg 300w, https:\/\/delyava.com\/wp-content\/uploads\/2025\/02\/RF-microneedling-devices-structural-compone-1-150x150.jpg 150w, https:\/\/delyava.com\/wp-content\/uploads\/2025\/02\/RF-microneedling-devices-structural-compone-1-768x768.jpg 768w, https:\/\/delyava.com\/wp-content\/uploads\/2025\/02\/RF-microneedling-devices-structural-compone-1-12x12.jpg 12w, https:\/\/delyava.com\/wp-content\/uploads\/2025\/02\/RF-microneedling-devices-structural-compone-1-600x600.jpg 600w, https:\/\/delyava.com\/wp-content\/uploads\/2025\/02\/RF-microneedling-devices-structural-compone-1-100x100.jpg 100w\" sizes=\"(max-width: 800px) 100vw, 800px\" \/>\t\t\t\t\t\t\t\t\t\t\t\t\t\t\t<\/div>\n\t\t\t\t<\/div>\n\t\t\t\t<div class=\"elementor-element elementor-element-c0b99dd elementor-widget elementor-widget-image\" data-id=\"c0b99dd\" data-element_type=\"widget\" data-widget_type=\"image.default\">\n\t\t\t\t<div class=\"elementor-widget-container\">\n\t\t\t\t\t\t\t\t\t\t\t\t\t\t\t<img decoding=\"async\" width=\"800\" height=\"800\" src=\"https:\/\/delyava.com\/wp-content\/uploads\/2025\/02\/RF-microneedling-devices-structural-compone-2.jpg\" class=\"attachment-large size-large wp-image-11184\" alt=\"RF microneedling apparaten structurele component-2\" srcset=\"https:\/\/delyava.com\/wp-content\/uploads\/2025\/02\/RF-microneedling-devices-structural-compone-2.jpg 800w, https:\/\/delyava.com\/wp-content\/uploads\/2025\/02\/RF-microneedling-devices-structural-compone-2-300x300.jpg 300w, https:\/\/delyava.com\/wp-content\/uploads\/2025\/02\/RF-microneedling-devices-structural-compone-2-150x150.jpg 150w, https:\/\/delyava.com\/wp-content\/uploads\/2025\/02\/RF-microneedling-devices-structural-compone-2-768x768.jpg 768w, https:\/\/delyava.com\/wp-content\/uploads\/2025\/02\/RF-microneedling-devices-structural-compone-2-12x12.jpg 12w, https:\/\/delyava.com\/wp-content\/uploads\/2025\/02\/RF-microneedling-devices-structural-compone-2-600x600.jpg 600w, https:\/\/delyava.com\/wp-content\/uploads\/2025\/02\/RF-microneedling-devices-structural-compone-2-100x100.jpg 100w\" sizes=\"(max-width: 800px) 100vw, 800px\" \/>\t\t\t\t\t\t\t\t\t\t\t\t\t\t\t<\/div>\n\t\t\t\t<\/div>\n\t\t\t\t\t<\/div>\n\t\t\t\t<\/div>\n\t\t<div class=\"elementor-element elementor-element-95f5bec e-flex e-con-boxed e-con e-parent\" data-id=\"95f5bec\" data-element_type=\"container\">\n\t\t\t\t\t<div class=\"e-con-inner\">\n\t\t\t\t<div class=\"elementor-element elementor-element-6af9e89 elementor-widget elementor-widget-text-editor\" data-id=\"6af9e89\" data-element_type=\"widget\" data-widget_type=\"text-editor.default\">\n\t\t\t\t<div class=\"elementor-widget-container\">\n\t\t\t\t\t\t\t\t\t<p><strong>1. Hoofdinterface 2. Aansluiten 3. Schakelaar 4. RF-handgreepuitgang 5. IJshameruitgang<\/strong><\/p>\t\t\t\t\t\t\t\t<\/div>\n\t\t\t\t<\/div>\n\t\t\t\t\t<\/div>\n\t\t\t\t<\/div>\n\t\t<div class=\"elementor-element elementor-element-57e592b e-flex e-con-boxed e-con e-parent\" data-id=\"57e592b\" data-element_type=\"container\">\n\t\t\t\t\t<div class=\"e-con-inner\">\n\t\t\t\t<div class=\"elementor-element elementor-element-87fee9d elementor-widget elementor-widget-heading\" data-id=\"87fee9d\" data-element_type=\"widget\" data-widget_type=\"heading.default\">\n\t\t\t\t<div class=\"elementor-widget-container\">\n\t\t\t\t\t<h2 class=\"elementor-heading-title elementor-size-default\">RF-microneedlingsonde<\/h2>\t\t\t\t<\/div>\n\t\t\t\t<\/div>\n\t\t\t\t\t<\/div>\n\t\t\t\t<\/div>\n\t\t<div class=\"elementor-element elementor-element-89baaf7 e-con-full e-flex e-con e-parent\" data-id=\"89baaf7\" data-element_type=\"container\">\n\t\t\t\t<div class=\"elementor-element elementor-element-813c234 elementor-widget__width-initial elementor-widget elementor-widget-text-editor\" data-id=\"813c234\" data-element_type=\"widget\" data-widget_type=\"text-editor.default\">\n\t\t\t\t<div class=\"elementor-widget-container\">\n\t\t\t\t\t\t\t\t\t<p><strong>10 pinnen:<\/strong> voor behandeling van de ogen rondom, kleinere gebieden<\/p><p><strong>25 pinnen:<\/strong> voor gezichtsbehandeling<\/p><p><strong>64 pinnen:<\/strong> voor lichaamsbehandeling<\/p><p><strong>Nano naalden:<\/strong>Geen bloeding, pijnloos (optioneel naald)<\/p><p><strong>Fractionele RF-zachte naalden:<\/strong>huidverstrakking, rimpelverwijdering (optioneel naald)<\/p>\t\t\t\t\t\t\t\t<\/div>\n\t\t\t\t<\/div>\n\t\t\t\t<div class=\"elementor-element elementor-element-fbe5075 elementor-widget__width-initial elementor-widget elementor-widget-image\" data-id=\"fbe5075\" data-element_type=\"widget\" data-widget_type=\"image.default\">\n\t\t\t\t<div class=\"elementor-widget-container\">\n\t\t\t\t\t\t\t\t\t\t\t\t\t\t\t<img loading=\"lazy\" decoding=\"async\" width=\"800\" height=\"800\" src=\"https:\/\/delyava.com\/wp-content\/uploads\/2025\/02\/handle-1.jpg\" class=\"attachment-large size-large wp-image-10899\" alt=\"hendel\" srcset=\"https:\/\/delyava.com\/wp-content\/uploads\/2025\/02\/handle-1.jpg 800w, https:\/\/delyava.com\/wp-content\/uploads\/2025\/02\/handle-1-300x300.jpg 300w, https:\/\/delyava.com\/wp-content\/uploads\/2025\/02\/handle-1-150x150.jpg 150w, https:\/\/delyava.com\/wp-content\/uploads\/2025\/02\/handle-1-768x768.jpg 768w, https:\/\/delyava.com\/wp-content\/uploads\/2025\/02\/handle-1-12x12.jpg 12w, https:\/\/delyava.com\/wp-content\/uploads\/2025\/02\/handle-1-600x600.jpg 600w, https:\/\/delyava.com\/wp-content\/uploads\/2025\/02\/handle-1-100x100.jpg 100w\" sizes=\"(max-width: 800px) 100vw, 800px\" \/>\t\t\t\t\t\t\t\t\t\t\t\t\t\t\t<\/div>\n\t\t\t\t<\/div>\n\t\t\t\t<div class=\"elementor-element elementor-element-7cc7c33 elementor-widget elementor-widget-image\" data-id=\"7cc7c33\" data-element_type=\"widget\" data-widget_type=\"image.default\">\n\t\t\t\t<div class=\"elementor-widget-container\">\n\t\t\t\t\t\t\t\t\t\t\t\t\t\t\t<img loading=\"lazy\" decoding=\"async\" width=\"800\" height=\"800\" src=\"https:\/\/delyava.com\/wp-content\/uploads\/2025\/02\/handle-2.jpg\" class=\"attachment-large size-large wp-image-10900\" alt=\"doorvragen\" srcset=\"https:\/\/delyava.com\/wp-content\/uploads\/2025\/02\/handle-2.jpg 800w, https:\/\/delyava.com\/wp-content\/uploads\/2025\/02\/handle-2-300x300.jpg 300w, https:\/\/delyava.com\/wp-content\/uploads\/2025\/02\/handle-2-150x150.jpg 150w, https:\/\/delyava.com\/wp-content\/uploads\/2025\/02\/handle-2-768x768.jpg 768w, https:\/\/delyava.com\/wp-content\/uploads\/2025\/02\/handle-2-12x12.jpg 12w, https:\/\/delyava.com\/wp-content\/uploads\/2025\/02\/handle-2-600x600.jpg 600w, https:\/\/delyava.com\/wp-content\/uploads\/2025\/02\/handle-2-100x100.jpg 100w\" sizes=\"(max-width: 800px) 100vw, 800px\" \/>\t\t\t\t\t\t\t\t\t\t\t\t\t\t\t<\/div>\n\t\t\t\t<\/div>\n\t\t\t\t<\/div>\n\t\t<div class=\"elementor-element elementor-element-7d562c7 e-flex e-con-boxed e-con e-parent\" data-id=\"7d562c7\" data-element_type=\"container\">\n\t\t\t\t\t<div class=\"e-con-inner\">\n\t\t\t\t<div class=\"elementor-element elementor-element-5e0399d elementor-widget elementor-widget-heading\" data-id=\"5e0399d\" data-element_type=\"widget\" data-widget_type=\"heading.default\">\n\t\t\t\t<div class=\"elementor-widget-container\">\n\t\t\t\t\t<h2 class=\"elementor-heading-title elementor-size-default\">Microneedling met RF-machinetoepassing<\/h2>\t\t\t\t<\/div>\n\t\t\t\t<\/div>\n\t\t\t\t\t<\/div>\n\t\t\t\t<\/div>\n\t\t<div class=\"elementor-element elementor-element-dbf5d7f e-con-full e-flex e-con e-parent\" data-id=\"dbf5d7f\" data-element_type=\"container\">\n\t\t\t\t<div class=\"elementor-element elementor-element-71c9862 elementor-widget__width-initial elementor-widget elementor-widget-text-editor\" data-id=\"71c9862\" data-element_type=\"widget\" data-widget_type=\"text-editor.default\">\n\t\t\t\t<div class=\"elementor-widget-container\">\n\t\t\t\t\t\t\t\t\t<ol start=\"1\"><li><p><strong>Gezicht<\/strong>:<\/p>Rimpels en fijne lijntjes, slappe en verslapte huid, acne littekens en vlekken, vergrote pori\u00ebn, een ongelijkmatige huidtextuur en -tint.<\/li><li><p><strong>Nek<\/strong>:<\/p>Losse of gekreukelde huid, rimpels en plooien.<\/li><li><p><strong>Lichaam<\/strong>:<\/p>Striae, littekens (bijvoorbeeld littekens van een operatie of verwonding), cellulitis en een ongelijkmatige huidtextuur.<\/li><\/ol>\t\t\t\t\t\t\t\t<\/div>\n\t\t\t\t<\/div>\n\t\t\t\t<div class=\"elementor-element elementor-element-bee7f61 elementor-widget elementor-widget-image\" data-id=\"bee7f61\" data-element_type=\"widget\" data-widget_type=\"image.default\">\n\t\t\t\t<div class=\"elementor-widget-container\">\n\t\t\t\t\t\t\t\t\t\t\t\t\t\t\t<img loading=\"lazy\" decoding=\"async\" width=\"800\" height=\"433\" src=\"https:\/\/delyava.com\/wp-content\/uploads\/2025\/02\/application-1-1024x554.jpeg\" class=\"attachment-large size-large wp-image-10901\" alt=\"sollicitatie\" srcset=\"https:\/\/delyava.com\/wp-content\/uploads\/2025\/02\/application-1-1024x554.jpeg 1024w, https:\/\/delyava.com\/wp-content\/uploads\/2025\/02\/application-1-300x162.jpeg 300w, https:\/\/delyava.com\/wp-content\/uploads\/2025\/02\/application-1-768x415.jpeg 768w, https:\/\/delyava.com\/wp-content\/uploads\/2025\/02\/application-1-1536x830.jpeg 1536w, https:\/\/delyava.com\/wp-content\/uploads\/2025\/02\/application-1-18x10.jpeg 18w, https:\/\/delyava.com\/wp-content\/uploads\/2025\/02\/application-1-600x324.jpeg 600w, https:\/\/delyava.com\/wp-content\/uploads\/2025\/02\/application-1.jpeg 1894w\" sizes=\"(max-width: 800px) 100vw, 800px\" \/>\t\t\t\t\t\t\t\t\t\t\t\t\t\t\t<\/div>\n\t\t\t\t<\/div>\n\t\t\t\t<\/div>\n\t\t<div class=\"elementor-element elementor-element-a78f2ad e-flex e-con-boxed e-con e-parent\" data-id=\"a78f2ad\" data-element_type=\"container\">\n\t\t\t\t\t<div class=\"e-con-inner\">\n\t\t\t\t<div class=\"elementor-element elementor-element-125fe20 elementor-widget elementor-widget-heading\" data-id=\"125fe20\" data-element_type=\"widget\" data-widget_type=\"heading.default\">\n\t\t\t\t<div class=\"elementor-widget-container\">\n\t\t\t\t\t<h3 class=\"elementor-heading-title elementor-size-default\">Micronee-parameter<\/h3>\t\t\t\t<\/div>\n\t\t\t\t<\/div>\n\t\t\t\t<div class=\"elementor-element elementor-element-c3db2ee elementor-widget elementor-widget-text-editor\" data-id=\"c3db2ee\" data-element_type=\"widget\" data-widget_type=\"text-editor.default\">\n\t\t\t\t<div class=\"elementor-widget-container\">\n\t\t\t\t\t\t\t\t\t<table><colgroup><col width=\"159\" \/><col width=\"392\" \/><\/colgroup><tbody><tr><td>Item<\/td><td>Details<\/td><\/tr><tr><td>Uit stroom<\/td><td>2 \u2013 4M (Eenheid is niet gespecificeerd)<\/td><\/tr><tr><td>Ingangsvermogen<\/td><td>10 \u2013 200W<\/td><\/tr><tr><td>Therapeutische sonde<\/td><td>10p, 25p, 64p, hoofd (De betekenis van \u201choofd\u201d moet mogelijk verder worden verduidelijkt in combinatie met het product)<\/td><\/tr><tr><td>Ingangsspanning<\/td><td>Wisselstroom 110V \u2013 220V, 50Hz\/60Hz<\/td><\/tr><tr><td>Vliegtuig koolstof grootte en gewicht<\/td><td>Afmeting: CM 53X41X40, Gewicht: 10,5KG<\/td><\/tr><tr><td>Specificatie en gewicht van de basisdoos<\/td><td>Afmeting: CM 49X48X80, Gewicht: 13KG<\/td><\/tr><\/tbody><\/table><p>\u00a0<\/p>\t\t\t\t\t\t\t\t<\/div>\n\t\t\t\t<\/div>\n\t\t\t\t\t<\/div>\n\t\t\t\t<\/div>\n\t\t<div class=\"elementor-element elementor-element-89486f0 e-flex e-con-boxed e-con e-parent\" data-id=\"89486f0\" data-element_type=\"container\">\n\t\t\t\t\t<div class=\"e-con-inner\">\n\t\t\t\t<div class=\"elementor-element elementor-element-d8f9bc1 elementor-widget__width-initial elementor-widget elementor-widget-heading\" data-id=\"d8f9bc1\" data-element_type=\"widget\" data-widget_type=\"heading.default\">\n\t\t\t\t<div class=\"elementor-widget-container\">\n\t\t\t\t\t<h3 class=\"elementor-heading-title elementor-size-default\">Radiofrequentie microneedlingmachine voor en na<\/h3>\t\t\t\t<\/div>\n\t\t\t\t<\/div>\n\t\t\t\t\t<\/div>\n\t\t\t\t<\/div>\n\t\t<div class=\"elementor-element elementor-element-57cda07 e-con-full e-flex e-con e-parent\" data-id=\"57cda07\" data-element_type=\"container\">\n\t\t<div class=\"elementor-element elementor-element-77a4e69 e-con-full e-flex e-con e-child\" data-id=\"77a4e69\" data-element_type=\"container\">\n\t\t\t\t<div class=\"elementor-element elementor-element-1863645 elementor-widget__width-initial elementor-widget elementor-widget-text-editor\" data-id=\"1863645\" data-element_type=\"widget\" data-widget_type=\"text-editor.default\">\n\t\t\t\t<div class=\"elementor-widget-container\">\n\t\t\t\t\t\t\t\t\t<ul><li><strong>Egale huidskleur en textuur<\/strong>:<\/li><\/ul><p>Bestrijdt hyperpigmentatie, zonschade en een ongelijkmatige teint voor een stralendere teint.<\/p><ul><li><strong>Striae verminderen<\/strong>:<\/li><\/ul><p>Verbetert het uiterlijk van striae op het lichaam.<\/p><ul><li><strong>Verbeterde collageenproductie<\/strong>:<\/li><\/ul><p>Stimuleert de productie van collageen en elastine voor langdurige huidverjonging.<\/p><ul><li><strong>Kalmerend en kalmerend effect<\/strong>:<p>De ijshamerfunctie koelt en verzacht de huid, waardoor roodheid en irritatie na de behandeling worden verminderd.<\/p><\/li><\/ul>\t\t\t\t\t\t\t\t<\/div>\n\t\t\t\t<\/div>\n\t\t\t\t<\/div>\n\t\t<div class=\"elementor-element elementor-element-058632b e-con-full e-flex e-con e-child\" data-id=\"058632b\" data-element_type=\"container\">\n\t\t\t\t<div class=\"elementor-element elementor-element-34b508b elementor-widget elementor-widget-image\" data-id=\"34b508b\" data-element_type=\"widget\" data-widget_type=\"image.default\">\n\t\t\t\t<div class=\"elementor-widget-container\">\n\t\t\t\t\t\t\t\t\t\t\t\t\t\t\t<img loading=\"lazy\" decoding=\"async\" width=\"777\" height=\"256\" src=\"https:\/\/delyava.com\/wp-content\/uploads\/2025\/02\/berore-and-after-3.png\" class=\"attachment-large size-large wp-image-10920\" alt=\"berore en daarna\" srcset=\"https:\/\/delyava.com\/wp-content\/uploads\/2025\/02\/berore-and-after-3.png 777w, https:\/\/delyava.com\/wp-content\/uploads\/2025\/02\/berore-and-after-3-300x99.png 300w, https:\/\/delyava.com\/wp-content\/uploads\/2025\/02\/berore-and-after-3-768x253.png 768w, https:\/\/delyava.com\/wp-content\/uploads\/2025\/02\/berore-and-after-3-18x6.png 18w, https:\/\/delyava.com\/wp-content\/uploads\/2025\/02\/berore-and-after-3-600x198.png 600w\" sizes=\"(max-width: 777px) 100vw, 777px\" \/>\t\t\t\t\t\t\t\t\t\t\t\t\t\t\t<\/div>\n\t\t\t\t<\/div>\n\t\t\t\t<div class=\"elementor-element elementor-element-55edb7f elementor-widget elementor-widget-image\" data-id=\"55edb7f\" data-element_type=\"widget\" data-widget_type=\"image.default\">\n\t\t\t\t<div class=\"elementor-widget-container\">\n\t\t\t\t\t\t\t\t\t\t\t\t\t\t\t<img loading=\"lazy\" decoding=\"async\" width=\"800\" height=\"374\" src=\"https:\/\/delyava.com\/wp-content\/uploads\/2025\/02\/berore-and-after-4.png\" class=\"attachment-large size-large wp-image-10921\" alt=\"berore en daarna\" srcset=\"https:\/\/delyava.com\/wp-content\/uploads\/2025\/02\/berore-and-after-4.png 802w, https:\/\/delyava.com\/wp-content\/uploads\/2025\/02\/berore-and-after-4-300x140.png 300w, https:\/\/delyava.com\/wp-content\/uploads\/2025\/02\/berore-and-after-4-768x359.png 768w, https:\/\/delyava.com\/wp-content\/uploads\/2025\/02\/berore-and-after-4-18x8.png 18w, https:\/\/delyava.com\/wp-content\/uploads\/2025\/02\/berore-and-after-4-600x281.png 600w\" sizes=\"(max-width: 800px) 100vw, 800px\" \/>\t\t\t\t\t\t\t\t\t\t\t\t\t\t\t<\/div>\n\t\t\t\t<\/div>\n\t\t\t\t<\/div>\n\t\t\t\t<\/div>\n\t\t<div class=\"elementor-element elementor-element-11645bd e-flex e-con-boxed e-con e-parent\" data-id=\"11645bd\" data-element_type=\"container\">\n\t\t\t\t\t<div class=\"e-con-inner\">\n\t\t<div class=\"elementor-element elementor-element-80c61f2 e-con-full e-flex e-con e-child\" data-id=\"80c61f2\" data-element_type=\"container\">\n\t\t\t\t<div class=\"elementor-element elementor-element-2054d36 elementor-widget elementor-widget-heading\" data-id=\"2054d36\" data-element_type=\"widget\" data-widget_type=\"heading.default\">\n\t\t\t\t<div class=\"elementor-widget-container\">\n\t\t\t\t\t<h4 class=\"elementor-heading-title elementor-size-default\">FAQ<\/h4>\t\t\t\t<\/div>\n\t\t\t\t<\/div>\n\t\t\t\t<div class=\"elementor-element elementor-element-e993939 elementor-widget elementor-widget-text-editor\" data-id=\"e993939\" data-element_type=\"widget\" data-widget_type=\"text-editor.default\">\n\t\t\t\t<div class=\"elementor-widget-container\">\n\t\t\t\t\t\t\t\t\t<p><strong>1. Wat doet de Ice Hammer-functie?<\/strong><\/p><p>De Ice Hammer-functie koelt en verzacht de huid tijdens of na de behandeling, waardoor roodheid, ontstekingen en ongemak worden verminderd. Het helpt ook de pori\u00ebn te vernauwen en de huid te kalmeren voor een frisse uitstraling.<\/p><p><strong>2. Is de microneedling- en RF-machine pijnlijk?<\/strong><\/p><p>De meeste pati\u00ebnten ervaren minimaal ongemak door de ge\u00efsoleerde gouden micronaalden en de verzachtende Ice Hammer-functie. Een plaatselijke verdovende cr\u00e8me kan ook worden aangebracht v\u00f3\u00f3r de procedure voor extra comfort.<\/p><p><strong>3. Hoe lang duurt een microneedling-behandeling?<\/strong><\/p><p>Een behandeling duurt doorgaans 30 tot 60 minuten, afhankelijk van het te behandelen gebied en de huidconditie.<\/p><p><strong>4. Is er enige hersteltijd na de micronaaldbehandeling?<\/strong><\/p><p>Er is weinig tot geen downtime. Sommige pati\u00ebnten kunnen milde roodheid of zwelling ervaren, die meestal binnen een paar uur tot een dag verdwijnt.<\/p><p><strong>5. Hoeveel sessies zijn nodig voor een optimaal resultaat?<\/strong><\/p><p>Voor de beste resultaten wordt een serie van 3 tot 6 sessies aanbevolen, met een tussenpoos van 4 tot 6 weken. Onderhoudsbehandelingen kunnen jaarlijks worden uitgevoerd.<\/p><p><strong>6. Hoe lang blijven de resultaten zichtbaar?<\/strong><\/p><p>Resultaten kunnen 3 tot 6 jaar aanhouden, afhankelijk van de huidconditie en nazorg. Regelmatige onderhoudsbehandelingen kunnen de effecten verlengen.<\/p><p><strong>7. Kan dit micronaald-RF-apparaat op alle huidtypes worden gebruikt?<\/strong><\/p><p>Ja, het apparaat is veilig voor alle huidtypes en -tinten. De instelbare naalddiepte en RF-energie-instellingen maken personalisatie op basis van individuele huidbehoeften mogelijk.<\/p><p><strong>8. Wat moet ik doen na de microneedlingbehandeling?<\/strong><\/p><ul><li><p>Vermijd directe blootstelling aan de zon en gebruik zonnebrandcr\u00e8me.<\/p><\/li><li><p>Houd de huid gehydrateerd met milde, niet-irriterende producten.<\/p><\/li><li><p>Vermijd een aantal dagen lang agressieve huidverzorgingsproducten of exfolianten.<\/p><\/li><\/ul><p><strong>9. Kan ik de Ice Hammer-functie apart gebruiken?<\/strong><\/p><p>Ja, de Ice Hammer-functie kan onafhankelijk worden gebruikt om de huid te kalmeren en te verkoelen. Hierdoor is het ideaal voor nabehandelingen of als een op zichzelf staande verfrissende behandeling.<\/p>\t\t\t\t\t\t\t\t<\/div>\n\t\t\t\t<\/div>\n\t\t\t\t<\/div>\n\t\t\t\t\t<\/div>\n\t\t\t\t<\/div>\n\t\t\t\t<\/div>","protected":false},"excerpt":{"rendered":"<div class=\"dad65929\">\n<div class=\"f9bf7997 d7dc56a8 c05b5566\">\n<div class=\"ds-markdown ds-markdown--block\">\n<ul>\n<li><strong>Verbeterde dual-technologische behandeling<\/strong>: Combineert verstevigende radiofrequentie met microdermabrasie voor superieure resultaten, waarbij de lederhuid wordt aangepakt met instelbare diepte- en energie-instellingen voor verschillende huidcondities.<\/li>\n<li><strong>Geen littekens of pigmentatie<\/strong>: Ge\u00efsoleerde gouden micronaaldjes voorkomen schade aan de opperhuid en zorgen ervoor dat er geen korstvorming, pigmentatie of andere bijwerkingen optreden, wat resulteert in een perfect resultaat.<\/li>\n<li><strong>Effectief en langdurig<\/strong>: Richt zich nauwkeurig op weefsels op verschillende dieptes, met realtime impedantiebewaking en gepersonaliseerde instellingen voor rimpels, slapheid, acne en littekens. Herstelt jeugdige huid met effecten die 3-6 jaar per behandeling aanhouden.<\/li>\n<\/ul>\n<\/div>\n<div class=\"ds-flex\">\n<div class=\"ds-flex abe97156\"><\/div>\n<\/div>\n<\/div>\n<\/div>","protected":false},"featured_media":10891,"template":"","meta":{"_seopress_robots_primary_cat":"none","_seopress_titles_title":"","_seopress_titles_desc":"","_seopress_robots_index":""},"product_brand":[],"product_cat":[58],"product_tag":[],"class_list":{"0":"post-10890","1":"product","2":"type-product","3":"status-publish","4":"has-post-thumbnail","6":"product_cat-rf-microneedling","8":"first","9":"instock","10":"shipping-taxable","11":"product-type-simple"},"_links":{"self":[{"href":"https:\/\/delyava.com\/nl\/wp-json\/wp\/v2\/product\/10890","targetHints":{"allow":["GET"]}}],"collection":[{"href":"https:\/\/delyava.com\/nl\/wp-json\/wp\/v2\/product"}],"about":[{"href":"https:\/\/delyava.com\/nl\/wp-json\/wp\/v2\/types\/product"}],"version-history":[{"count":0,"href":"https:\/\/delyava.com\/nl\/wp-json\/wp\/v2\/product\/10890\/revisions"}],"wp:featuredmedia":[{"embeddable":true,"href":"https:\/\/delyava.com\/nl\/wp-json\/wp\/v2\/media\/10891"}],"wp:attachment":[{"href":"https:\/\/delyava.com\/nl\/wp-json\/wp\/v2\/media?parent=10890"}],"wp:term":[{"taxonomy":"product_brand","embeddable":true,"href":"https:\/\/delyava.com\/nl\/wp-json\/wp\/v2\/product_brand?post=10890"},{"taxonomy":"product_cat","embeddable":true,"href":"https:\/\/delyava.com\/nl\/wp-json\/wp\/v2\/product_cat?post=10890"},{"taxonomy":"product_tag","embeddable":true,"href":"https:\/\/delyava.com\/nl\/wp-json\/wp\/v2\/product_tag?post=10890"}],"curies":[{"name":"wp","href":"https:\/\/api.w.org\/{rel}","templated":true}]}}