{"id":10343,"date":"2025-02-24T14:10:13","date_gmt":"2025-02-24T06:10:13","guid":{"rendered":"https:\/\/delyava.com\/?post_type=product&#038;p=10343"},"modified":"2025-02-25T10:04:10","modified_gmt":"2025-02-25T02:04:10","slug":"picosecond-laser-all-colors-pigment-removal","status":"publish","type":"product","link":"https:\/\/delyava.com\/nl\/products\/picosecond-laser-all-colors-pigment-removal\/","title":{"rendered":"Pico Laser Tattoo Verwijderingsmachine"},"content":{"rendered":"<div data-elementor-type=\"product-post\" data-elementor-id=\"10343\" class=\"elementor elementor-10343\" data-elementor-post-type=\"product\">\n\t\t\t\t<div class=\"elementor-element elementor-element-9deaa6e e-flex e-con-boxed e-con e-parent\" data-id=\"9deaa6e\" data-element_type=\"container\">\n\t\t\t\t\t<div class=\"e-con-inner\">\n\t\t\t\t<div class=\"elementor-element elementor-element-39510f4 elementor-widget elementor-widget-heading\" data-id=\"39510f4\" data-element_type=\"widget\" data-widget_type=\"heading.default\">\n\t\t\t\t<div class=\"elementor-widget-container\">\n\t\t\t\t\t<h2 class=\"elementor-heading-title elementor-size-default\">Hoe de Picosure Laser Tattoo Removal werkt<\/h2>\t\t\t\t<\/div>\n\t\t\t\t<\/div>\n\t\t\t\t\t<\/div>\n\t\t\t\t<\/div>\n\t\t<div class=\"elementor-element elementor-element-eda9b1a e-flex e-con-boxed e-con e-parent\" data-id=\"eda9b1a\" data-element_type=\"container\">\n\t\t\t\t\t<div class=\"e-con-inner\">\n\t\t<div class=\"elementor-element elementor-element-7e1e5d8 e-con-full e-flex e-con e-child\" data-id=\"7e1e5d8\" data-element_type=\"container\">\n\t\t\t\t<div class=\"elementor-element elementor-element-5864119 elementor-widget elementor-widget-text-editor\" data-id=\"5864119\" data-element_type=\"widget\" data-widget_type=\"text-editor.default\">\n\t\t\t\t<div class=\"elementor-widget-container\">\n\t\t\t\t\t\t\t\t\t<div data-page-id=\"NKUOdHU5AorUHjx01y2cSQIan2d\" data-lark-html-role=\"root\" data-docx-has-block-data=\"false\"><div class=\"ace-line ace-line old-record-id-BXtKdbzf7oeYgOxtHsJcg8WLnlh\">Laser tattoo verwijdering maakt gebruik van ultrakorte pulsen (\u00e9\u00e9n biljoenste van een seconde lang) om melanine te be\u00efnvloeden met krachtige druk, waardoor de melanine uiteenvalt in kleine stofachtige deeltjes. Omdat deze deeltjes zo klein zijn, worden ze gemakkelijker opgenomen en verwijderd door het lichaam, wat betekent dat melanine beter wordt verwijderd en er over het algemeen minder behandelingen nodig zijn.<\/div><\/div>\t\t\t\t\t\t\t\t<\/div>\n\t\t\t\t<\/div>\n\t\t\t\t<\/div>\n\t\t<div class=\"elementor-element elementor-element-4d908ad e-con-full e-flex e-con e-child\" data-id=\"4d908ad\" data-element_type=\"container\">\n\t\t\t\t<div class=\"elementor-element elementor-element-8f050b3 elementor-widget elementor-widget-image\" data-id=\"8f050b3\" data-element_type=\"widget\" data-widget_type=\"image.default\">\n\t\t\t\t<div class=\"elementor-widget-container\">\n\t\t\t\t\t\t\t\t\t\t\t\t<figure class=\"wp-caption\">\n\t\t\t\t\t\t\t\t\t\t<img fetchpriority=\"high\" decoding=\"async\" width=\"800\" height=\"255\" src=\"https:\/\/delyava.com\/wp-content\/uploads\/2025\/02\/How-the-Picosecond-Laser-Works-1024x326.png\" class=\"attachment-large size-large wp-image-10359\" alt=\"Hoe de Picosure Laser Tattoo Removal werkt\" srcset=\"https:\/\/delyava.com\/wp-content\/uploads\/2025\/02\/How-the-Picosecond-Laser-Works-1024x326.png 1024w, https:\/\/delyava.com\/wp-content\/uploads\/2025\/02\/How-the-Picosecond-Laser-Works-300x96.png 300w, https:\/\/delyava.com\/wp-content\/uploads\/2025\/02\/How-the-Picosecond-Laser-Works-768x245.png 768w, https:\/\/delyava.com\/wp-content\/uploads\/2025\/02\/How-the-Picosecond-Laser-Works-18x6.png 18w, https:\/\/delyava.com\/wp-content\/uploads\/2025\/02\/How-the-Picosecond-Laser-Works-600x191.png 600w, https:\/\/delyava.com\/wp-content\/uploads\/2025\/02\/How-the-Picosecond-Laser-Works.png 1444w\" sizes=\"(max-width: 800px) 100vw, 800px\" \/>\t\t\t\t\t\t\t\t\t\t\t<figcaption class=\"widget-image-caption wp-caption-text\">Hoe de Picosure Laser Tattoo Removal werkt<\/figcaption>\n\t\t\t\t\t\t\t\t\t\t<\/figure>\n\t\t\t\t\t\t\t\t\t<\/div>\n\t\t\t\t<\/div>\n\t\t\t\t<\/div>\n\t\t\t\t\t<\/div>\n\t\t\t\t<\/div>\n\t\t<div class=\"elementor-element elementor-element-1e43b56 e-flex e-con-boxed e-con e-parent\" data-id=\"1e43b56\" data-element_type=\"container\">\n\t\t\t\t\t<div class=\"e-con-inner\">\n\t\t\t\t<div class=\"elementor-element elementor-element-0481fb4 elementor-widget elementor-widget-heading\" data-id=\"0481fb4\" data-element_type=\"widget\" data-widget_type=\"heading.default\">\n\t\t\t\t<div class=\"elementor-widget-container\">\n\t\t\t\t\t<h2 class=\"elementor-heading-title elementor-size-default\">Weergave van onderdelen voor het verwijderen van tatoeages met laserlicht<\/h2>\t\t\t\t<\/div>\n\t\t\t\t<\/div>\n\t\t\t\t\t<\/div>\n\t\t\t\t<\/div>\n\t\t<div class=\"elementor-element elementor-element-80198ba e-flex e-con-boxed e-con e-parent\" data-id=\"80198ba\" data-element_type=\"container\">\n\t\t\t\t\t<div class=\"e-con-inner\">\n\t\t\t\t<div class=\"elementor-element elementor-element-8c70c66 elementor-widget elementor-widget-image\" data-id=\"8c70c66\" data-element_type=\"widget\" data-widget_type=\"image.default\">\n\t\t\t\t<div class=\"elementor-widget-container\">\n\t\t\t\t\t\t\t\t\t\t\t\t\t\t\t<img decoding=\"async\" width=\"750\" height=\"750\" src=\"https:\/\/delyava.com\/wp-content\/uploads\/2025\/02\/handle-display.jpg\" class=\"attachment-large size-large wp-image-10372\" alt=\"handvat display\" srcset=\"https:\/\/delyava.com\/wp-content\/uploads\/2025\/02\/handle-display.jpg 750w, https:\/\/delyava.com\/wp-content\/uploads\/2025\/02\/handle-display-300x300.jpg 300w, https:\/\/delyava.com\/wp-content\/uploads\/2025\/02\/handle-display-150x150.jpg 150w, https:\/\/delyava.com\/wp-content\/uploads\/2025\/02\/handle-display-12x12.jpg 12w, https:\/\/delyava.com\/wp-content\/uploads\/2025\/02\/handle-display-600x600.jpg 600w, https:\/\/delyava.com\/wp-content\/uploads\/2025\/02\/handle-display-100x100.jpg 100w\" sizes=\"(max-width: 750px) 100vw, 750px\" \/>\t\t\t\t\t\t\t\t\t\t\t\t\t\t\t<\/div>\n\t\t\t\t<\/div>\n\t\t\t\t<div class=\"elementor-element elementor-element-49b096e elementor-widget elementor-widget-image\" data-id=\"49b096e\" data-element_type=\"widget\" data-widget_type=\"image.default\">\n\t\t\t\t<div class=\"elementor-widget-container\">\n\t\t\t\t\t\t\t\t\t\t\t\t\t\t\t<img decoding=\"async\" width=\"750\" height=\"750\" src=\"https:\/\/delyava.com\/wp-content\/uploads\/2025\/02\/arm-display.jpg\" class=\"attachment-large size-large wp-image-10373\" alt=\"arm weergave\" srcset=\"https:\/\/delyava.com\/wp-content\/uploads\/2025\/02\/arm-display.jpg 750w, https:\/\/delyava.com\/wp-content\/uploads\/2025\/02\/arm-display-300x300.jpg 300w, https:\/\/delyava.com\/wp-content\/uploads\/2025\/02\/arm-display-150x150.jpg 150w, https:\/\/delyava.com\/wp-content\/uploads\/2025\/02\/arm-display-12x12.jpg 12w, https:\/\/delyava.com\/wp-content\/uploads\/2025\/02\/arm-display-600x600.jpg 600w, https:\/\/delyava.com\/wp-content\/uploads\/2025\/02\/arm-display-100x100.jpg 100w\" sizes=\"(max-width: 750px) 100vw, 750px\" \/>\t\t\t\t\t\t\t\t\t\t\t\t\t\t\t<\/div>\n\t\t\t\t<\/div>\n\t\t\t\t\t<\/div>\n\t\t\t\t<\/div>\n\t\t<div class=\"elementor-element elementor-element-a179326 e-flex e-con-boxed e-con e-parent\" data-id=\"a179326\" data-element_type=\"container\">\n\t\t\t\t\t<div class=\"e-con-inner\">\n\t\t\t\t<div class=\"elementor-element elementor-element-d1a242f elementor-widget elementor-widget-heading\" data-id=\"d1a242f\" data-element_type=\"widget\" data-widget_type=\"heading.default\">\n\t\t\t\t<div class=\"elementor-widget-container\">\n\t\t\t\t\t<h2 class=\"elementor-heading-title elementor-size-default\"> Toepassingen voor het verwijderen van tatoeages<\/h2>\t\t\t\t<\/div>\n\t\t\t\t<\/div>\n\t\t\t\t\t<\/div>\n\t\t\t\t<\/div>\n\t\t<div class=\"elementor-element elementor-element-8a52342 e-flex e-con-boxed e-con e-parent\" data-id=\"8a52342\" data-element_type=\"container\">\n\t\t\t\t\t<div class=\"e-con-inner\">\n\t\t\t\t<div class=\"elementor-element elementor-element-f0b0afb elementor-widget elementor-widget-text-editor\" data-id=\"f0b0afb\" data-element_type=\"widget\" data-widget_type=\"text-editor.default\">\n\t\t\t\t<div class=\"elementor-widget-container\">\n\t\t\t\t\t\t\t\t\t<ul><li><p>Verwijderen van diverse soorten wenkbrauwen, wenkbrauwborduursels, tatoeages, eyeliners en lipliners.<\/p><\/li><li><p>Effectieve verwijdering van tatoeages in de kleuren rood, blauw, bruin, beige en alle andere kleuren.<\/p><\/li><li><p>Behandeling van pigmentatieproblemen zoals chloasma, huidvlekken, ouderdomsvlekken, moedervlekken en naevus van Ota.<\/p><\/li><\/ul>\t\t\t\t\t\t\t\t<\/div>\n\t\t\t\t<\/div>\n\t\t\t\t<div class=\"elementor-element elementor-element-0fc7d6d elementor-widget elementor-widget-image\" data-id=\"0fc7d6d\" data-element_type=\"widget\" data-widget_type=\"image.default\">\n\t\t\t\t<div class=\"elementor-widget-container\">\n\t\t\t\t\t\t\t\t\t\t\t\t\t\t\t<img loading=\"lazy\" decoding=\"async\" width=\"750\" height=\"750\" src=\"https:\/\/delyava.com\/wp-content\/uploads\/2025\/02\/Applications.jpg\" class=\"attachment-large size-large wp-image-10377\" alt=\"Toepassingen\" srcset=\"https:\/\/delyava.com\/wp-content\/uploads\/2025\/02\/Applications.jpg 750w, https:\/\/delyava.com\/wp-content\/uploads\/2025\/02\/Applications-300x300.jpg 300w, https:\/\/delyava.com\/wp-content\/uploads\/2025\/02\/Applications-150x150.jpg 150w, https:\/\/delyava.com\/wp-content\/uploads\/2025\/02\/Applications-12x12.jpg 12w, https:\/\/delyava.com\/wp-content\/uploads\/2025\/02\/Applications-600x600.jpg 600w, https:\/\/delyava.com\/wp-content\/uploads\/2025\/02\/Applications-100x100.jpg 100w\" sizes=\"(max-width: 750px) 100vw, 750px\" \/>\t\t\t\t\t\t\t\t\t\t\t\t\t\t\t<\/div>\n\t\t\t\t<\/div>\n\t\t\t\t\t<\/div>\n\t\t\t\t<\/div>\n\t\t<div class=\"elementor-element elementor-element-1a5fb2b e-flex e-con-boxed e-con e-parent\" data-id=\"1a5fb2b\" data-element_type=\"container\">\n\t\t\t\t\t<div class=\"e-con-inner\">\n\t\t\t\t<div class=\"elementor-element elementor-element-aff06ca elementor-widget elementor-widget-heading\" data-id=\"aff06ca\" data-element_type=\"widget\" data-widget_type=\"heading.default\">\n\t\t\t\t<div class=\"elementor-widget-container\">\n\t\t\t\t\t<h2 class=\"elementor-heading-title elementor-size-default\">Traditionele VS Picoseconde Laser<\/h2>\t\t\t\t<\/div>\n\t\t\t\t<\/div>\n\t\t\t\t\t<\/div>\n\t\t\t\t<\/div>\n\t\t<div class=\"elementor-element elementor-element-f05c5ff e-flex e-con-boxed e-con e-parent\" data-id=\"f05c5ff\" data-element_type=\"container\">\n\t\t\t\t\t<div class=\"e-con-inner\">\n\t\t\t\t<div class=\"elementor-element elementor-element-318ea58 elementor-widget elementor-widget-image\" data-id=\"318ea58\" data-element_type=\"widget\" data-widget_type=\"image.default\">\n\t\t\t\t<div class=\"elementor-widget-container\">\n\t\t\t\t\t\t\t\t\t\t\t\t\t\t\t<img loading=\"lazy\" decoding=\"async\" width=\"800\" height=\"336\" src=\"https:\/\/delyava.com\/wp-content\/uploads\/2025\/02\/TRADITIONAL-LASERVS-PICOSECOND-LASER-1024x430.jpeg\" class=\"attachment-large size-large wp-image-10382\" alt=\"Traditionele VS Picoseconde Lader\" srcset=\"https:\/\/delyava.com\/wp-content\/uploads\/2025\/02\/TRADITIONAL-LASERVS-PICOSECOND-LASER-1024x430.jpeg 1024w, https:\/\/delyava.com\/wp-content\/uploads\/2025\/02\/TRADITIONAL-LASERVS-PICOSECOND-LASER-300x126.jpeg 300w, https:\/\/delyava.com\/wp-content\/uploads\/2025\/02\/TRADITIONAL-LASERVS-PICOSECOND-LASER-768x322.jpeg 768w, https:\/\/delyava.com\/wp-content\/uploads\/2025\/02\/TRADITIONAL-LASERVS-PICOSECOND-LASER-1536x644.jpeg 1536w, https:\/\/delyava.com\/wp-content\/uploads\/2025\/02\/TRADITIONAL-LASERVS-PICOSECOND-LASER-2048x859.jpeg 2048w, https:\/\/delyava.com\/wp-content\/uploads\/2025\/02\/TRADITIONAL-LASERVS-PICOSECOND-LASER-18x8.jpeg 18w, https:\/\/delyava.com\/wp-content\/uploads\/2025\/02\/TRADITIONAL-LASERVS-PICOSECOND-LASER-600x252.jpeg 600w\" sizes=\"(max-width: 800px) 100vw, 800px\" \/>\t\t\t\t\t\t\t\t\t\t\t\t\t\t\t<\/div>\n\t\t\t\t<\/div>\n\t\t\t\t<div class=\"elementor-element elementor-element-dcb4b97 elementor-widget elementor-widget-text-editor\" data-id=\"dcb4b97\" data-element_type=\"widget\" data-widget_type=\"text-editor.default\">\n\t\t\t\t<div class=\"elementor-widget-container\">\n\t\t\t\t\t\t\t\t\t<ul><li>Traditionele laser:<\/li><\/ul><p>Traditionele lasers maken voornamelijk gebruik van fotothermische werking, waarbij warmte wordt afgegeven aan het pigment en het omliggende weefsel.<\/p><ul><li>Picoseconde laser:<\/li><\/ul><p>Picosecond maakt gebruik van drukgolftechnologie om de doelinkt in kleine deeltjes te breken die gemakkelijk door het lichaam kunnen worden verwijderd.<\/p>\t\t\t\t\t\t\t\t<\/div>\n\t\t\t\t<\/div>\n\t\t\t\t\t<\/div>\n\t\t\t\t<\/div>\n\t\t<div class=\"elementor-element elementor-element-fdd66de e-flex e-con-boxed e-con e-parent\" data-id=\"fdd66de\" data-element_type=\"container\">\n\t\t\t\t\t<div class=\"e-con-inner\">\n\t\t\t\t<div class=\"elementor-element elementor-element-897b375 elementor-widget elementor-widget-heading\" data-id=\"897b375\" data-element_type=\"widget\" data-widget_type=\"heading.default\">\n\t\t\t\t<div class=\"elementor-widget-container\">\n\t\t\t\t\t<h2 class=\"elementor-heading-title elementor-size-default\">Tatoeage laserbehandeling voor en na<\/h2>\t\t\t\t<\/div>\n\t\t\t\t<\/div>\n\t\t\t\t\t<\/div>\n\t\t\t\t<\/div>\n\t\t<div class=\"elementor-element elementor-element-384a353 e-flex e-con-boxed e-con e-parent\" data-id=\"384a353\" data-element_type=\"container\">\n\t\t\t\t\t<div class=\"e-con-inner\">\n\t\t\t\t<div class=\"elementor-element elementor-element-045568b elementor-widget__width-initial elementor-widget elementor-widget-image\" data-id=\"045568b\" data-element_type=\"widget\" data-widget_type=\"image.default\">\n\t\t\t\t<div class=\"elementor-widget-container\">\n\t\t\t\t\t\t\t\t\t\t\t\t\t\t\t<img loading=\"lazy\" decoding=\"async\" width=\"760\" height=\"513\" src=\"https:\/\/delyava.com\/wp-content\/uploads\/2025\/02\/Picosecond-Laser-before-and-after.png\" class=\"attachment-large size-large wp-image-10387\" alt=\"Picoseconde laser voor en na\" srcset=\"https:\/\/delyava.com\/wp-content\/uploads\/2025\/02\/Picosecond-Laser-before-and-after.png 760w, https:\/\/delyava.com\/wp-content\/uploads\/2025\/02\/Picosecond-Laser-before-and-after-300x203.png 300w, https:\/\/delyava.com\/wp-content\/uploads\/2025\/02\/Picosecond-Laser-before-and-after-18x12.png 18w, https:\/\/delyava.com\/wp-content\/uploads\/2025\/02\/Picosecond-Laser-before-and-after-600x405.png 600w\" sizes=\"(max-width: 760px) 100vw, 760px\" \/>\t\t\t\t\t\t\t\t\t\t\t\t\t\t\t<\/div>\n\t\t\t\t<\/div>\n\t\t\t\t<div class=\"elementor-element elementor-element-df8bfc6 elementor-widget elementor-widget-text-editor\" data-id=\"df8bfc6\" data-element_type=\"widget\" data-widget_type=\"text-editor.default\">\n\t\t\t\t<div class=\"elementor-widget-container\">\n\t\t\t\t\t\t\t\t\t<p><strong>1. Zeer effectieve tatoeage-opruiming<\/strong><\/p><ul><li><p><strong>Snelle afbraak van pigment<\/strong>:De ultrakorte pulsen van picoseconde lasers breken tatoeagepigmentdeeltjes onmiddellijk in kleine fragmenten.<\/p><\/li><li><p><strong>Geschikt voor meerdere kleuren<\/strong>: Effectief bij het verwijderen van tatoeages in verschillende kleuren, waaronder zwart, blauw, groen en rood.<\/p><\/li><\/ul><p><strong>2. Verminderd aantal behandelingen<\/strong><\/p><ul><li><p><strong>Vergeleken met traditionele lasers<\/strong>Traditionele lasers hebben 5-10 sessies nodig, terwijl picosecondelasers doorgaans slechts 2-4 sessies nodig hebben om tatoeages aanzienlijk te vervagen of te verwijderen.<\/p><\/li><li><p><strong>Tijdbesparend<\/strong>: Kortere behandelingscycli en sneller herstel.<\/p><\/li><\/ul>\t\t\t\t\t\t\t\t<\/div>\n\t\t\t\t<\/div>\n\t\t\t\t\t<\/div>\n\t\t\t\t<\/div>\n\t\t<div class=\"elementor-element elementor-element-e741634 e-flex e-con-boxed e-con e-parent\" data-id=\"e741634\" data-element_type=\"container\">\n\t\t\t\t\t<div class=\"e-con-inner\">\n\t\t\t\t<div class=\"elementor-element elementor-element-e042ac3 elementor-widget elementor-widget-heading\" data-id=\"e042ac3\" data-element_type=\"widget\" data-widget_type=\"heading.default\">\n\t\t\t\t<div class=\"elementor-widget-container\">\n\t\t\t\t\t<h4 class=\"elementor-heading-title elementor-size-default\">Parameters van het Pico laser tatoeageverwijderingsinstrument<\/h4>\t\t\t\t<\/div>\n\t\t\t\t<\/div>\n\t\t\t\t<div class=\"elementor-element elementor-element-0298e5b elementor-widget elementor-widget-text-editor\" data-id=\"0298e5b\" data-element_type=\"widget\" data-widget_type=\"text-editor.default\">\n\t\t\t\t<div class=\"elementor-widget-container\">\n\t\t\t\t\t\t\t\t\t<table><colgroup><col width=\"191\" \/><col width=\"295\" \/><\/colgroup><tbody><tr><td>Technische parameter<\/td><td>Details<\/td><\/tr><tr><td>Beschrijving<\/td><td>Picoseconde laser<\/td><\/tr><tr><td>Spanning<\/td><td>110V \u2013 240V, 50Hz\/60Hz<\/td><\/tr><tr><td>Uitgangsvermogen<\/td><td>2000W<\/td><\/tr><tr><td>Lasergolflengte<\/td><td>755nm + 1064nm + 532nm<\/td><\/tr><tr><td>755nm energie<\/td><td>50 \u2013 2000mJ (instelbaar)<\/td><\/tr><tr><td>1064nm-energie<\/td><td>50 \u2013 2000mJ (instelbaar)<\/td><\/tr><tr><td>532nm energie<\/td><td>50 \u2013 2000mJ (instelbaar)<\/td><\/tr><tr><td>Vlekdiameter<\/td><td>2 \u2013 10mm (verstelbaar)<\/td><\/tr><tr><td>Frequentie<\/td><td>1 \u2013 20Hz (instelbaar)<\/td><\/tr><tr><td>Pulsbreedte<\/td><td>2000p<\/td><\/tr><tr><td>Koelsysteem<\/td><td>Lucht + Water + Halfgeleidermodule<\/td><\/tr><tr><td>Indicator van richtlicht<\/td><td>Rood halfgeleider richtlicht<\/td><\/tr><tr><td>Pulsbreedte<\/td><td>500 \u2013 750p<\/td><\/tr><tr><td>Lichtgeleiderarm<\/td><td>Ge\u00efmporteerd uit Zuid-Korea<\/td><\/tr><tr><td>Verpakking<\/td><td>Behuizing van aluminiumlegering<\/td><\/tr><\/tbody><\/table><p>\u00a0<\/p>\t\t\t\t\t\t\t\t<\/div>\n\t\t\t\t<\/div>\n\t\t\t\t\t<\/div>\n\t\t\t\t<\/div>\n\t\t<div class=\"elementor-element elementor-element-9b6194f e-flex e-con-boxed e-con e-parent\" data-id=\"9b6194f\" data-element_type=\"container\">\n\t\t\t\t\t<div class=\"e-con-inner\">\n\t\t<div class=\"elementor-element elementor-element-5b9bc99 e-con-full e-flex e-con e-child\" data-id=\"5b9bc99\" data-element_type=\"container\">\n\t\t\t\t<div class=\"elementor-element elementor-element-aa3be0d elementor-widget elementor-widget-heading\" data-id=\"aa3be0d\" data-element_type=\"widget\" data-widget_type=\"heading.default\">\n\t\t\t\t<div class=\"elementor-widget-container\">\n\t\t\t\t\t<h4 class=\"elementor-heading-title elementor-size-default\">FAQ<\/h4>\t\t\t\t<\/div>\n\t\t\t\t<\/div>\n\t\t\t\t<div class=\"elementor-element elementor-element-6e748f3 elementor-widget elementor-widget-text-editor\" data-id=\"6e748f3\" data-element_type=\"widget\" data-widget_type=\"text-editor.default\">\n\t\t\t\t<div class=\"elementor-widget-container\">\n\t\t\t\t\t\t\t\t\t<div data-page-id=\"NKUOdHU5AorUHjx01y2cSQIan2d\" data-lark-html-role=\"root\" data-docx-has-block-data=\"false\"><div class=\"ace-line ace-line old-record-id-Opuida6qEoXcaqxP36IcN25VnKd\"><strong>1. Ik ben bang voor pijn. Doet het verwijderen van een picoseconde laser tattoo pijn? Hoe lang duurt elke behandeling?<\/strong><\/div><div class=\"ace-line ace-line old-record-id-Q9WndPv7wogl61xKt7BcusWQnyc\">Er zal een lichte tinteling en hittesensatie zijn tijdens de behandeling, en de sensatie zal meer uitgesproken zijn in gebieden met meer pigmentverdeling. Afhankelijk van de indicatie en dosering van de behandeling, kan uw arts het gebruik van geschikte plaatselijke verdovende cr\u00e8mes en koelapparaten aanbevelen om ongemak te verminderen. De typische behandelingstijd is ongeveer 5 - 15 minuten, afhankelijk van de grootte van het te behandelen gebied en het huidprobleem.<\/div><div class=\"ace-line ace-line old-record-id-Qmuyd2bu7oZgsQxQzfOcPcjDnuh\"><strong>2. Ik heb te veel behandelingen gehad voor mijn vlekken. Krijg ik littekens als ik terugga voor een andere gezichtstatoeageverwijdering?<\/strong><\/div><div class=\"ace-line ace-line old-record-id-QIs1dAU5zo2pKGx6jvBcrEDDnqd\">De picosecondetechnologie van de picosecondelaser vereist slechts 1\/3 tot 1\/2 van de dosis van een normale laser om een effectieve behandeling te bereiken, het weefsel ontvangt een lagere dosis stimulatie, het trauma is relatief klein, de kans op wonden is kleiner en de kans op littekens is ook laag.<\/div><div class=\"ace-line ace-line old-record-id-Xwa3dJJYdoMjqsx9jaqcQPL2nyc\"><strong>3. Is het verwijderen van wenkbrauwtatoeages effectief?<\/strong><\/div><div class=\"ace-line ace-line old-record-id-ZUTCdcRgKouXIYx3qpPcOoQ3n8c\">Momenteel is het effect van het gebruik van picoseconde laser om tatoeages te verwijderen bijzonder opmerkelijk. Het zal geen thermische schade aan de omliggende weefsels veroorzaken, dus het zal geen littekens achterlaten.<\/div><div class=\"ace-line ace-line old-record-id-I88gdtKNJoErkGx8IDbca0msngd\"><strong>4. Ik heb gehoord dat je met een laserbehandeling makkelijk zwarte plekken kunt krijgen. Kan het verwijderen van tatoeages in je wenkbrauwen met een laser ook problemen opleveren?<\/strong><\/div><div class=\"ace-line ace-line old-record-id-IWXdd4xJeoWe8DxPiKycq6tMnxc\">Picoseconde laserenergie focusserende sonde maakt gebruik van een &quot;honingraatlens&quot;, onmiddellijke actie kan overstimulatie verminderen, plus picoseconde laser kan pigmentdeeltjes sneller afbreken dan traditionele laser (afstemmende Q-laser), thermische schade verminderen, melaninecellen in de weefsels beschermen tegen overstimulatie, wat de lange tijd van roodheid van de normale cellen na stimulatieproblemen aanzienlijk kan verminderen.<\/div><\/div>\t\t\t\t\t\t\t\t<\/div>\n\t\t\t\t<\/div>\n\t\t\t\t<\/div>\n\t\t\t\t\t<\/div>\n\t\t\t\t<\/div>\n\t\t\t\t<\/div>","protected":false},"excerpt":{"rendered":"<div data-page-id=\"NKUOdHU5AorUHjx01y2cSQIan2d\" data-lark-html-role=\"root\" data-docx-has-block-data=\"false\">\n<ul>\n<li><strong>Hightech<\/strong>: Maakt gebruik van honingraattechnologie voor vacuolisatie van de huid, waardoor de schade aan de huid tot een minimum wordt beperkt.<\/li>\n<li><strong>Snel en effectief<\/strong>: Vermindert het aantal behandelingen voor het verwijderen van tatoeages\/pigmenten van 5-10 naar 2-4, waardoor de behandel- en hersteltijd wordt verkort en het resultaat zichtbaar is.<\/li>\n<li><strong>Comfortabel &amp; Veilig<\/strong>: Door nauwkeurig te werk te gaan, worden pigmenten en tatoeages effectief verwijderd en blijft de schade aan de huid tot een minimum beperkt.<\/li>\n<li><strong>Geen melanineopbouw<\/strong>: Ultrakorte pulsen breken melanine af in kleine deeltjes die gemakkelijk kunnen worden opgenomen, waardoor zwelling en pigmentatie na de behandeling worden verminderd.<\/li>\n<\/ul>\n<\/div>","protected":false},"featured_media":10344,"template":"","meta":{"_seopress_robots_primary_cat":"none","_seopress_titles_title":"","_seopress_titles_desc":"","_seopress_robots_index":""},"product_brand":[],"product_cat":[34],"product_tag":[],"class_list":{"0":"post-10343","1":"product","2":"type-product","3":"status-publish","4":"has-post-thumbnail","6":"product_cat-laser-tattoo-removal","8":"first","9":"instock","10":"shipping-taxable","11":"product-type-simple"},"_links":{"self":[{"href":"https:\/\/delyava.com\/nl\/wp-json\/wp\/v2\/product\/10343","targetHints":{"allow":["GET"]}}],"collection":[{"href":"https:\/\/delyava.com\/nl\/wp-json\/wp\/v2\/product"}],"about":[{"href":"https:\/\/delyava.com\/nl\/wp-json\/wp\/v2\/types\/product"}],"version-history":[{"count":1,"href":"https:\/\/delyava.com\/nl\/wp-json\/wp\/v2\/product\/10343\/revisions"}],"predecessor-version":[{"id":15907,"href":"https:\/\/delyava.com\/nl\/wp-json\/wp\/v2\/product\/10343\/revisions\/15907"}],"wp:featuredmedia":[{"embeddable":true,"href":"https:\/\/delyava.com\/nl\/wp-json\/wp\/v2\/media\/10344"}],"wp:attachment":[{"href":"https:\/\/delyava.com\/nl\/wp-json\/wp\/v2\/media?parent=10343"}],"wp:term":[{"taxonomy":"product_brand","embeddable":true,"href":"https:\/\/delyava.com\/nl\/wp-json\/wp\/v2\/product_brand?post=10343"},{"taxonomy":"product_cat","embeddable":true,"href":"https:\/\/delyava.com\/nl\/wp-json\/wp\/v2\/product_cat?post=10343"},{"taxonomy":"product_tag","embeddable":true,"href":"https:\/\/delyava.com\/nl\/wp-json\/wp\/v2\/product_tag?post=10343"}],"curies":[{"name":"wp","href":"https:\/\/api.w.org\/{rel}","templated":true}]}}