{"id":9268,"date":"2025-02-14T15:24:13","date_gmt":"2025-02-14T07:24:13","guid":{"rendered":"https:\/\/delyava.com\/?post_type=product&#038;p=9268"},"modified":"2025-02-14T16:48:07","modified_gmt":"2025-02-14T08:48:07","slug":"7d-hifu-machine-ultramax","status":"publish","type":"product","link":"https:\/\/delyava.com\/it\/products\/7d-hifu-machine-ultramax\/","title":{"rendered":"Macchina HIFU 7D ULTRAMAX"},"content":{"rendered":"<div data-elementor-type=\"product-post\" data-elementor-id=\"9268\" class=\"elementor elementor-9268\" data-elementor-post-type=\"product\">\n\t\t\t\t<div class=\"elementor-element elementor-element-f54a151 e-flex e-con-boxed e-con e-parent\" data-id=\"f54a151\" data-element_type=\"container\">\n\t\t\t\t\t<div class=\"e-con-inner\">\n\t\t\t\t<div class=\"elementor-element elementor-element-6bc09aa elementor-widget elementor-widget-heading\" data-id=\"6bc09aa\" data-element_type=\"widget\" data-widget_type=\"heading.default\">\n\t\t\t\t<div class=\"elementor-widget-container\">\n\t\t\t\t\t<h3 class=\"elementor-heading-title elementor-size-default\">Come funzionano le macchine hifu<\/h3>\t\t\t\t<\/div>\n\t\t\t\t<\/div>\n\t\t\t\t\t<\/div>\n\t\t\t\t<\/div>\n\t\t<div class=\"elementor-element elementor-element-eda9b1a e-flex e-con-boxed e-con e-parent\" data-id=\"eda9b1a\" data-element_type=\"container\">\n\t\t\t\t\t<div class=\"e-con-inner\">\n\t\t<div class=\"elementor-element elementor-element-7e1e5d8 e-con-full e-flex e-con e-child\" data-id=\"7e1e5d8\" data-element_type=\"container\">\n\t\t\t\t<div class=\"elementor-element elementor-element-5864119 elementor-widget elementor-widget-text-editor\" data-id=\"5864119\" data-element_type=\"widget\" data-widget_type=\"text-editor.default\">\n\t\t\t\t<div class=\"elementor-widget-container\">\n\t\t\t\t\t\t\t\t\t<p>\u00a0<\/p><div data-page-id=\"NKUOdHU5AorUHjx01y2cSQIan2d\" data-lark-html-role=\"root\" data-docx-has-block-data=\"false\"><div class=\"ace-line ace-line old-record-id-XxU0dvPGno7t0rx5DMycuGfkn9e\"><p>ULTRAMAX \u00e8 un dispositivo estetico non invasivo per lifting del viso, rassodamento, rassodamento del corpo e contouring. Offre trattamenti personalizzati per viso, collo e corpo, ampiamente utilizzati nel mercato estetico. Utilizzando la tecnologia MMFU, eroga energia ultrasonica precisa per colpire gli strati della pelle per il lifting e il rassodamento, mentre riduce ed elimina le cellule adipose ostinate nello strato sottocutaneo senza influenzare i tessuti circostanti.<\/p><\/div><\/div>\t\t\t\t\t\t\t\t<\/div>\n\t\t\t\t<\/div>\n\t\t\t\t<\/div>\n\t\t<div class=\"elementor-element elementor-element-4d908ad e-con-full e-flex e-con e-child\" data-id=\"4d908ad\" data-element_type=\"container\">\n\t\t\t\t<div class=\"elementor-element elementor-element-8f050b3 elementor-widget elementor-widget-image\" data-id=\"8f050b3\" data-element_type=\"widget\" data-widget_type=\"image.default\">\n\t\t\t\t<div class=\"elementor-widget-container\">\n\t\t\t\t\t\t\t\t\t\t\t\t<figure class=\"wp-caption\">\n\t\t\t\t\t\t\t\t\t\t<img fetchpriority=\"high\" decoding=\"async\" width=\"800\" height=\"219\" src=\"https:\/\/delyava.com\/wp-content\/uploads\/2025\/02\/How-the-hifu-machines-Works-1024x280.jpeg\" class=\"attachment-large size-large wp-image-9257\" alt=\"Come funzionano le macchine hifu\" srcset=\"https:\/\/delyava.com\/wp-content\/uploads\/2025\/02\/How-the-hifu-machines-Works-1024x280.jpeg 1024w, https:\/\/delyava.com\/wp-content\/uploads\/2025\/02\/How-the-hifu-machines-Works-300x82.jpeg 300w, https:\/\/delyava.com\/wp-content\/uploads\/2025\/02\/How-the-hifu-machines-Works-768x210.jpeg 768w, https:\/\/delyava.com\/wp-content\/uploads\/2025\/02\/How-the-hifu-machines-Works-1536x420.jpeg 1536w, https:\/\/delyava.com\/wp-content\/uploads\/2025\/02\/How-the-hifu-machines-Works-18x5.jpeg 18w, https:\/\/delyava.com\/wp-content\/uploads\/2025\/02\/How-the-hifu-machines-Works-600x164.jpeg 600w, https:\/\/delyava.com\/wp-content\/uploads\/2025\/02\/How-the-hifu-machines-Works.jpeg 1900w\" sizes=\"(max-width: 800px) 100vw, 800px\" \/>\t\t\t\t\t\t\t\t\t\t\t<figcaption class=\"widget-image-caption wp-caption-text\">Come funzionano le macchine hifu<\/figcaption>\n\t\t\t\t\t\t\t\t\t\t<\/figure>\n\t\t\t\t\t\t\t\t\t<\/div>\n\t\t\t\t<\/div>\n\t\t\t\t<\/div>\n\t\t\t\t\t<\/div>\n\t\t\t\t<\/div>\n\t\t<div class=\"elementor-element elementor-element-a44b5d8 e-flex e-con-boxed e-con e-parent\" data-id=\"a44b5d8\" data-element_type=\"container\">\n\t\t\t\t\t<div class=\"e-con-inner\">\n\t\t\t\t<div class=\"elementor-element elementor-element-2e2b0ac elementor-widget elementor-widget-heading\" data-id=\"2e2b0ac\" data-element_type=\"widget\" data-widget_type=\"heading.default\">\n\t\t\t\t<div class=\"elementor-widget-container\">\n\t\t\t\t\t<h2 class=\"elementor-heading-title elementor-size-default\">Introduzione ai componenti dello strumento<\/h2>\t\t\t\t<\/div>\n\t\t\t\t<\/div>\n\t\t\t\t\t<\/div>\n\t\t\t\t<\/div>\n\t\t<div class=\"elementor-element elementor-element-72f0be4 e-flex e-con-boxed e-con e-parent\" data-id=\"72f0be4\" data-element_type=\"container\">\n\t\t\t\t\t<div class=\"e-con-inner\">\n\t\t\t\t<div class=\"elementor-element elementor-element-5c8af68 elementor-widget__width-initial elementor-widget elementor-widget-image\" data-id=\"5c8af68\" data-element_type=\"widget\" data-widget_type=\"image.default\">\n\t\t\t\t<div class=\"elementor-widget-container\">\n\t\t\t\t\t\t\t\t\t\t\t\t\t\t\t<img decoding=\"async\" width=\"800\" height=\"544\" src=\"https:\/\/delyava.com\/wp-content\/uploads\/2025\/02\/Introduction-to-Instrument-Components-1024x696.jpeg\" class=\"attachment-large size-large wp-image-9248\" alt=\"Introduzione ai componenti dello strumento\" srcset=\"https:\/\/delyava.com\/wp-content\/uploads\/2025\/02\/Introduction-to-Instrument-Components-1024x696.jpeg 1024w, https:\/\/delyava.com\/wp-content\/uploads\/2025\/02\/Introduction-to-Instrument-Components-300x204.jpeg 300w, https:\/\/delyava.com\/wp-content\/uploads\/2025\/02\/Introduction-to-Instrument-Components-768x522.jpeg 768w, https:\/\/delyava.com\/wp-content\/uploads\/2025\/02\/Introduction-to-Instrument-Components-1536x1044.jpeg 1536w, https:\/\/delyava.com\/wp-content\/uploads\/2025\/02\/Introduction-to-Instrument-Components-2048x1392.jpeg 2048w, https:\/\/delyava.com\/wp-content\/uploads\/2025\/02\/Introduction-to-Instrument-Components-18x12.jpeg 18w, https:\/\/delyava.com\/wp-content\/uploads\/2025\/02\/Introduction-to-Instrument-Components-600x408.jpeg 600w\" sizes=\"(max-width: 800px) 100vw, 800px\" \/>\t\t\t\t\t\t\t\t\t\t\t\t\t\t\t<\/div>\n\t\t\t\t<\/div>\n\t\t\t\t<div class=\"elementor-element elementor-element-67f354c elementor-widget elementor-widget-image\" data-id=\"67f354c\" data-element_type=\"widget\" data-widget_type=\"image.default\">\n\t\t\t\t<div class=\"elementor-widget-container\">\n\t\t\t\t\t\t\t\t\t\t\t\t\t\t\t<img decoding=\"async\" width=\"800\" height=\"352\" src=\"https:\/\/delyava.com\/wp-content\/uploads\/2025\/02\/Introduction-to-Instrument-Components1-1024x451.jpeg\" class=\"attachment-large size-large wp-image-9251\" alt=\"Introduzione ai componenti dello strumento1\" srcset=\"https:\/\/delyava.com\/wp-content\/uploads\/2025\/02\/Introduction-to-Instrument-Components1-1024x451.jpeg 1024w, https:\/\/delyava.com\/wp-content\/uploads\/2025\/02\/Introduction-to-Instrument-Components1-300x132.jpeg 300w, https:\/\/delyava.com\/wp-content\/uploads\/2025\/02\/Introduction-to-Instrument-Components1-768x338.jpeg 768w, https:\/\/delyava.com\/wp-content\/uploads\/2025\/02\/Introduction-to-Instrument-Components1-1536x676.jpeg 1536w, https:\/\/delyava.com\/wp-content\/uploads\/2025\/02\/Introduction-to-Instrument-Components1-2048x902.jpeg 2048w, https:\/\/delyava.com\/wp-content\/uploads\/2025\/02\/Introduction-to-Instrument-Components1-18x8.jpeg 18w, https:\/\/delyava.com\/wp-content\/uploads\/2025\/02\/Introduction-to-Instrument-Components1-600x264.jpeg 600w\" sizes=\"(max-width: 800px) 100vw, 800px\" \/>\t\t\t\t\t\t\t\t\t\t\t\t\t\t\t<\/div>\n\t\t\t\t<\/div>\n\t\t\t\t\t<\/div>\n\t\t\t\t<\/div>\n\t\t<div class=\"elementor-element elementor-element-1822c3b e-flex e-con-boxed e-con e-parent\" data-id=\"1822c3b\" data-element_type=\"container\">\n\t\t\t\t\t<div class=\"e-con-inner\">\n\t\t<div class=\"elementor-element elementor-element-cef95eb e-con-full e-flex e-con e-child\" data-id=\"cef95eb\" data-element_type=\"container\">\n\t\t<div class=\"elementor-element elementor-element-63581f5 e-con-full e-flex e-con e-child\" data-id=\"63581f5\" data-element_type=\"container\">\n\t\t<div class=\"elementor-element elementor-element-c3eb72d e-con-full e-flex e-con e-child\" data-id=\"c3eb72d\" data-element_type=\"container\">\n\t\t\t\t<div class=\"elementor-element elementor-element-314ba52 elementor-widget elementor-widget-image\" data-id=\"314ba52\" data-element_type=\"widget\" data-widget_type=\"image.default\">\n\t\t\t\t<div class=\"elementor-widget-container\">\n\t\t\t\t\t\t\t\t\t\t\t\t\t\t\t<img loading=\"lazy\" decoding=\"async\" width=\"736\" height=\"609\" src=\"https:\/\/delyava.com\/wp-content\/uploads\/2025\/02\/HIFU-treatment-machine-body-treatment-parts-1.jpg\" class=\"attachment-large size-large wp-image-9259\" alt=\"Parti del trattamento del corpo della macchina per il trattamento HIFU\" srcset=\"https:\/\/delyava.com\/wp-content\/uploads\/2025\/02\/HIFU-treatment-machine-body-treatment-parts-1.jpg 736w, https:\/\/delyava.com\/wp-content\/uploads\/2025\/02\/HIFU-treatment-machine-body-treatment-parts-1-300x248.jpg 300w, https:\/\/delyava.com\/wp-content\/uploads\/2025\/02\/HIFU-treatment-machine-body-treatment-parts-1-15x12.jpg 15w, https:\/\/delyava.com\/wp-content\/uploads\/2025\/02\/HIFU-treatment-machine-body-treatment-parts-1-600x496.jpg 600w\" sizes=\"(max-width: 736px) 100vw, 736px\" \/>\t\t\t\t\t\t\t\t\t\t\t\t\t\t\t<\/div>\n\t\t\t\t<\/div>\n\t\t\t\t<\/div>\n\t\t\t\t<\/div>\n\t\t<div class=\"elementor-element elementor-element-06608fe e-con-full e-flex e-con e-child\" data-id=\"06608fe\" data-element_type=\"container\">\n\t\t\t\t<div class=\"elementor-element elementor-element-6a224eb elementor-widget elementor-widget-heading\" data-id=\"6a224eb\" data-element_type=\"widget\" data-widget_type=\"heading.default\">\n\t\t\t\t<div class=\"elementor-widget-container\">\n\t\t\t\t\t<h2 class=\"elementor-heading-title elementor-size-default\">Parti del trattamento del corpo della macchina per il trattamento HIFU<\/h2>\t\t\t\t<\/div>\n\t\t\t\t<\/div>\n\t\t\t\t<div class=\"elementor-element elementor-element-68a1fa0 elementor-widget elementor-widget-text-editor\" data-id=\"68a1fa0\" data-element_type=\"widget\" data-widget_type=\"text-editor.default\">\n\t\t\t\t<div class=\"elementor-widget-container\">\n\t\t\t\t\t\t\t\t\t<p>Le nostre macchine per il rassodamento della pelle hifu sono dotate di una variet\u00e0 di sonde per colpire con precisione diverse parti del corpo. Le sonde da 6,0 mm e 9,0 mm sono progettate per adattarsi a un&#039;ampia gamma di esigenze individuali. Le sonde da 6,0 mm e 9,0 mm sono progettate per adattarsi a un&#039;ampia gamma di esigenze individuali. La sonda da 6,0 mm \u00e8 efficace nel migliorare il doppio mento, mentre la sonda da 9,0 mm pu\u00f2 essere utilizzata per colpire efficacemente aree come glutei, maniche a farfalla e zampe di elefante, nonch\u00e9 seni, ascelle, braccia, addome, schiena, lato della vita, cosce, polpacci e caviglie, aiutando a ottenere una scultura localizzata e precisa e un rapido miglioramento della silhouette del corpo.<\/p>\t\t\t\t\t\t\t\t<\/div>\n\t\t\t\t<\/div>\n\t\t\t\t<\/div>\n\t\t\t\t<\/div>\n\t\t\t\t\t<\/div>\n\t\t\t\t<\/div>\n\t\t<div class=\"elementor-element elementor-element-92d410b e-flex e-con-boxed e-con e-parent\" data-id=\"92d410b\" data-element_type=\"container\">\n\t\t\t\t\t<div class=\"e-con-inner\">\n\t\t<div class=\"elementor-element elementor-element-57d281f e-con-full e-flex e-con e-child\" data-id=\"57d281f\" data-element_type=\"container\">\n\t\t\t\t<div class=\"elementor-element elementor-element-a56acec elementor-widget elementor-widget-heading\" data-id=\"a56acec\" data-element_type=\"widget\" data-widget_type=\"heading.default\">\n\t\t\t\t<div class=\"elementor-widget-container\">\n\t\t\t\t\t<h3 class=\"elementor-heading-title elementor-size-default\"> Macchina HIFU prima e dopo<\/h3>\t\t\t\t<\/div>\n\t\t\t\t<\/div>\n\t\t\t\t<\/div>\n\t\t<div class=\"elementor-element elementor-element-4395a36 e-con-full e-flex e-con e-child\" data-id=\"4395a36\" data-element_type=\"container\">\n\t\t<div class=\"elementor-element elementor-element-d748ef2 e-con-full e-flex e-con e-child\" data-id=\"d748ef2\" data-element_type=\"container\">\n\t\t\t\t<div class=\"elementor-element elementor-element-7b7d881 elementor-widget elementor-widget-image\" data-id=\"7b7d881\" data-element_type=\"widget\" data-widget_type=\"image.default\">\n\t\t\t\t<div class=\"elementor-widget-container\">\n\t\t\t\t\t\t\t\t\t\t\t\t\t\t\t<img loading=\"lazy\" decoding=\"async\" width=\"750\" height=\"750\" src=\"https:\/\/delyava.com\/wp-content\/uploads\/2025\/02\/HIFU-7D-machine-Before-and-After.png\" class=\"attachment-large size-large wp-image-9260\" alt=\"Macchina HIFU 7D prima e dopo\" srcset=\"https:\/\/delyava.com\/wp-content\/uploads\/2025\/02\/HIFU-7D-machine-Before-and-After.png 750w, https:\/\/delyava.com\/wp-content\/uploads\/2025\/02\/HIFU-7D-machine-Before-and-After-300x300.png 300w, https:\/\/delyava.com\/wp-content\/uploads\/2025\/02\/HIFU-7D-machine-Before-and-After-150x150.png 150w, https:\/\/delyava.com\/wp-content\/uploads\/2025\/02\/HIFU-7D-machine-Before-and-After-12x12.png 12w, https:\/\/delyava.com\/wp-content\/uploads\/2025\/02\/HIFU-7D-machine-Before-and-After-600x600.png 600w, https:\/\/delyava.com\/wp-content\/uploads\/2025\/02\/HIFU-7D-machine-Before-and-After-100x100.png 100w\" sizes=\"(max-width: 750px) 100vw, 750px\" \/>\t\t\t\t\t\t\t\t\t\t\t\t\t\t\t<\/div>\n\t\t\t\t<\/div>\n\t\t<div class=\"elementor-element elementor-element-14d2f1e e-con-full e-flex e-con e-child\" data-id=\"14d2f1e\" data-element_type=\"container\">\n\t\t\t\t<div class=\"elementor-element elementor-element-cf37953 elementor-widget elementor-widget-text-editor\" data-id=\"cf37953\" data-element_type=\"widget\" data-widget_type=\"text-editor.default\">\n\t\t\t\t<div class=\"elementor-widget-container\">\n\t\t\t\t\t\t\t\t\t<ol><li>Rassoda le guance, solleva il viso e riduce le rughe sulla fronte, sugli occhi e sulle labbra.<\/li><li>Migliora la consistenza della pelle, riduce le linee sottili (zampe di gallina, contorno occhi, orecchie, labbra, fronte, sopracciglia, pieghe naso-labiali, collo) e ne ripristina la levigatezza.<\/li><li>Riduce le linee del collo, previene l&#039;invecchiamento e stimola la rigenerazione del collagene per migliorare l&#039;elasticit\u00e0 e la tonicit\u00e0 della pelle.<\/li><li>Aumenta l&#039;elasticit\u00e0 della pelle, affina i contorni, controlla il sebo e minimizza i pori, per un aspetto liscio e giovane.<\/li><\/ol>\t\t\t\t\t\t\t\t<\/div>\n\t\t\t\t<\/div>\n\t\t\t\t<\/div>\n\t\t\t\t<\/div>\n\t\t\t\t<\/div>\n\t\t\t\t\t<\/div>\n\t\t\t\t<\/div>\n\t\t<div class=\"elementor-element elementor-element-e741634 e-flex e-con-boxed e-con e-parent\" data-id=\"e741634\" data-element_type=\"container\">\n\t\t\t\t\t<div class=\"e-con-inner\">\n\t\t\t\t<div class=\"elementor-element elementor-element-e042ac3 elementor-widget elementor-widget-heading\" data-id=\"e042ac3\" data-element_type=\"widget\" data-widget_type=\"heading.default\">\n\t\t\t\t<div class=\"elementor-widget-container\">\n\t\t\t\t\t<h4 class=\"elementor-heading-title elementor-size-default\">Parametro della macchina 7D Hifu<\/h4>\t\t\t\t<\/div>\n\t\t\t\t<\/div>\n\t\t\t\t<div class=\"elementor-element elementor-element-0298e5b elementor-widget elementor-widget-text-editor\" data-id=\"0298e5b\" data-element_type=\"widget\" data-widget_type=\"text-editor.default\">\n\t\t\t\t<div class=\"elementor-widget-container\">\n\t\t\t\t\t\t\t\t\t<table><tbody><tr><td width=\"174\"><p>Frequenza<\/p><\/td><td width=\"739\"><p>Frequenza 2 MHz\/4 MHz\/5,5 MHz\/7 MHz<\/p><\/td><\/tr><tr><td width=\"174\"><p>Sistema di lavoro<\/p><\/td><td width=\"739\"><p>Uscita in modalit\u00e0 digitale a impulsi a doppio controllo intelligente<\/p><\/td><\/tr><tr><td width=\"174\"><p>Energia<\/p><\/td><td width=\"739\"><p>0,1 \u2013 2J regolabile<\/p><\/td><\/tr><tr><td width=\"174\"><p>Lunghezza di input<\/p><\/td><td width=\"739\"><p>5 \u2013 25 mm regolabile<\/p><\/td><\/tr><tr><td width=\"174\"><p>Spaziatura di input<\/p><\/td><td width=\"739\"><p>1 \u2013 2 mm<\/p><\/td><\/tr><tr><td width=\"174\"><p>Responsabile del trattamento<\/p><\/td><td width=\"739\"><p>1,5\/2,0\/3,0\/4,5\/6,0\/9,0\/13,0 mm<\/p><\/td><\/tr><tr><td width=\"174\"><p>Modalit\u00e0 operativa<\/p><\/td><td width=\"739\"><p>Modalit\u00e0 impulso singolo\/impulso<\/p><\/td><\/tr><tr><td width=\"174\"><p>Potenza in ingresso<\/p><\/td><td width=\"739\"><p>CA 110 V \u2013 220 V \u2013 50 Hz\/60 Hz<\/p><\/td><\/tr><tr><td width=\"174\"><p>Dimensioni del pacco<\/p><\/td><td width=\"739\"><p>53*46*44,5 cm<\/p><\/td><\/tr><tr><td width=\"174\"><p>Pacchetto GW<\/p><\/td><td width=\"739\"><p>22KG<\/p><\/td><\/tr><tr><td width=\"174\"><p>Macchina GW<\/p><\/td><td width=\"739\"><p>20KG<\/p><\/td><\/tr><\/tbody><\/table><p>\u00a0<\/p>\t\t\t\t\t\t\t\t<\/div>\n\t\t\t\t<\/div>\n\t\t\t\t\t<\/div>\n\t\t\t\t<\/div>\n\t\t<div class=\"elementor-element elementor-element-9b6194f e-flex e-con-boxed e-con e-parent\" data-id=\"9b6194f\" data-element_type=\"container\">\n\t\t\t\t\t<div class=\"e-con-inner\">\n\t\t<div class=\"elementor-element elementor-element-5b9bc99 e-con-full e-flex e-con e-child\" data-id=\"5b9bc99\" data-element_type=\"container\">\n\t\t\t\t<div class=\"elementor-element elementor-element-aa3be0d elementor-widget elementor-widget-heading\" data-id=\"aa3be0d\" data-element_type=\"widget\" data-widget_type=\"heading.default\">\n\t\t\t\t<div class=\"elementor-widget-container\">\n\t\t\t\t\t<h4 class=\"elementor-heading-title elementor-size-default\">FAQ<\/h4>\t\t\t\t<\/div>\n\t\t\t\t<\/div>\n\t\t\t\t<div class=\"elementor-element elementor-element-6e748f3 elementor-widget elementor-widget-text-editor\" data-id=\"6e748f3\" data-element_type=\"widget\" data-widget_type=\"text-editor.default\">\n\t\t\t\t<div class=\"elementor-widget-container\">\n\t\t\t\t\t\t\t\t\t<p><strong>1. Quali sono le precauzioni da adottare dopo il trattamento con la macchina HIFU?<\/strong><\/p><p>Evitare cibi piccanti dopo il trattamento; non lavare il viso con acqua troppo calda o troppo fredda per una settimana; non fare yoga ad alta temperatura, sauna, vaporizzazione del viso e massaggi facciali per evitare pressione sul viso; applicare una maschera ogni giorno per una settimana per reidratare il viso; prestare attenzione alla protezione solare; non utilizzare apparecchiature a radiofrequenza o fototerapia per un mese. Inoltre, il trattamento 7D HIFU pu\u00f2 essere eseguito solo 20-30 giorni dopo l&#039;iniezione di acido ialuronico.<br \/><strong>2. Chi non \u00e8 adatto all&#039;apparecchio 7D hifu?<\/strong><\/p><p>Il trattamento 7D HIFU non \u00e8 adatto a donne incinte, pazienti con gravi malattie cardiache, pazienti con tumori maligni, pazienti con emofilia o gravi emorragie, pazienti con gravi malattie, malattie della pelle e infettive, pazienti con cuore, cervello, centro nervoso del collo, colonna vertebrale, occhi, emorragie, pazienti iniettati, pazienti con ipertiroidismo, pazienti con asma e pazienti con pressione alta. Deve essere utilizzato con cautela anche in pazienti malati, a meno che non sia approvato da un medico.<br \/><strong>3. \u00c8 il<\/strong><strong>e macchina hifu dolorosa <\/strong><strong>?<\/strong><\/p><p>Alcune persone potrebbero avvertire una certa sensazione durante il trattamento, ma di solito \u00e8 tollerabile. L&#039;energia viene regolata da bassa ad alta e verr\u00e0 regolata dal medico in base al livello di tolleranza del paziente. Ad esempio, quando si cura l&#039;area della fronte, l&#039;utente pu\u00f2 tirare la punta della sonda con forza verso la fronte per emettere energia per alleviare il dolore. Inoltre, usare il mezzo giusto (ad esempio gel fotosensibile, gel rinfrescante) pu\u00f2 aiutare a ridurre il disagio.<br \/><strong>4. Quanto tempo ci vuole per vedere i risultati dopo un trattamento 7D HIFU?<\/strong><\/p><p>Potrebbero esserci alcuni risultati, come una maggiore tonicit\u00e0 della pelle, subito dopo il trattamento. Tuttavia, risultati pi\u00f9 evidenti di solito compaiono gradualmente 1-3 mesi dopo il trattamento, poich\u00e9 ci vuole tempo perch\u00e9 il trattamento stimoli la rigenerazione e la riorganizzazione del collagene. I risultati sono pi\u00f9 evidenti e duraturi dopo diversi trattamenti, ad esempio dopo 6 mesi (2 trattamenti) o pi\u00f9, le condizioni della pelle sono migliorate pi\u00f9 completamente.<br \/><strong>5. Quali sono gli effetti collaterali del rassodamento cutaneo 7D hifu?<\/strong><\/p><p>7D HIFU \u00e8 sicuro con una pratica e una cura standardizzate e solitamente non ha effetti collaterali significativi. Alcune persone potrebbero avere un rossore transitorio e un leggero gonfiore della pelle dopo il trattamento, che si attenuer\u00e0 naturalmente entro poche ore. La tecnica \u00e8 precisa, con un basso rischio di ustioni, infezioni e danni ai nervi e la maggior parte delle persone ottiene risultati soddisfacenti.<\/p>\t\t\t\t\t\t\t\t<\/div>\n\t\t\t\t<\/div>\n\t\t\t\t<\/div>\n\t\t\t\t\t<\/div>\n\t\t\t\t<\/div>\n\t\t\t\t<\/div>","protected":false},"excerpt":{"rendered":"<ul>\n<li><strong>Lifting e contouring non chirurgici<\/strong>: MMFU \u00e8 un sistema non invasivo per il lifting, il rassodamento e il rimodellamento del viso e del corpo che utilizza il calore degli ultrasuoni, senza bisogno di interventi chirurgici.<\/li>\n<li><strong>Puntamento di precisione<\/strong>: Il punto focale pi\u00f9 piccolo eroga energia ultrasonica a 65-75\u00b0C con precisione sugli strati cutanei mirati, per un trattamento accurato.<\/li>\n<li><strong>Effetto termocoagulazione<\/strong>: Crea calore controllato negli strati profondi (SMAS, derma) senza danneggiare i tessuti circostanti, stimolando la rigenerazione del collagene e dell&#039;elastina.<\/li>\n<li><strong>Trattamento SMAS profondo<\/strong>: Agisce sullo strato fasciale SMAS per combattere l&#039;invecchiamento, la perdita di tessuto e la lassit\u00e0 cutanea, per un effetto lifting e rassodante duraturo.<\/li>\n<li><strong>Comfort e sicurezza migliorati<\/strong>: Progettato per un maggiore comfort durante il trattamento, lascia la pelle rimpolpata, soda e ringiovanita con tempi di recupero minimi.<\/li>\n<\/ul>","protected":false},"featured_media":9269,"template":"","meta":{"_seopress_robots_primary_cat":"none","_seopress_titles_title":"","_seopress_titles_desc":"","_seopress_robots_index":""},"product_brand":[],"product_cat":[36],"product_tag":[],"class_list":{"0":"post-9268","1":"product","2":"type-product","3":"status-publish","4":"has-post-thumbnail","6":"product_cat-hifu-machines","8":"first","9":"instock","10":"shipping-taxable","11":"product-type-simple"},"_links":{"self":[{"href":"https:\/\/delyava.com\/it\/wp-json\/wp\/v2\/product\/9268","targetHints":{"allow":["GET"]}}],"collection":[{"href":"https:\/\/delyava.com\/it\/wp-json\/wp\/v2\/product"}],"about":[{"href":"https:\/\/delyava.com\/it\/wp-json\/wp\/v2\/types\/product"}],"version-history":[{"count":0,"href":"https:\/\/delyava.com\/it\/wp-json\/wp\/v2\/product\/9268\/revisions"}],"wp:featuredmedia":[{"embeddable":true,"href":"https:\/\/delyava.com\/it\/wp-json\/wp\/v2\/media\/9269"}],"wp:attachment":[{"href":"https:\/\/delyava.com\/it\/wp-json\/wp\/v2\/media?parent=9268"}],"wp:term":[{"taxonomy":"product_brand","embeddable":true,"href":"https:\/\/delyava.com\/it\/wp-json\/wp\/v2\/product_brand?post=9268"},{"taxonomy":"product_cat","embeddable":true,"href":"https:\/\/delyava.com\/it\/wp-json\/wp\/v2\/product_cat?post=9268"},{"taxonomy":"product_tag","embeddable":true,"href":"https:\/\/delyava.com\/it\/wp-json\/wp\/v2\/product_tag?post=9268"}],"curies":[{"name":"wp","href":"https:\/\/api.w.org\/{rel}","templated":true}]}}