{"id":10890,"date":"2025-02-26T09:42:01","date_gmt":"2025-02-26T01:42:01","guid":{"rendered":"https:\/\/delyava.com\/?post_type=product&#038;p=10890"},"modified":"2025-02-27T11:19:44","modified_gmt":"2025-02-27T03:19:44","slug":"desktop-15-inch-vertical-screen-gold-microneedling-ice-hammer","status":"publish","type":"product","link":"https:\/\/delyava.com\/it\/products\/desktop-15-inch-vertical-screen-gold-microneedling-ice-hammer\/","title":{"rendered":"Schermo verticale da 15 pollici per desktop Microneedling oro + martello di ghiaccio"},"content":{"rendered":"<div data-elementor-type=\"product-post\" data-elementor-id=\"10890\" class=\"elementor elementor-10890\" data-elementor-post-type=\"product\">\n\t\t\t\t<div class=\"elementor-element elementor-element-ca04e23 e-flex e-con-boxed e-con e-parent\" data-id=\"ca04e23\" data-element_type=\"container\">\n\t\t\t\t\t<div class=\"e-con-inner\">\n\t\t\t\t<div class=\"elementor-element elementor-element-9e2abc0 elementor-widget elementor-widget-heading\" data-id=\"9e2abc0\" data-element_type=\"widget\" data-widget_type=\"heading.default\">\n\t\t\t\t<div class=\"elementor-widget-container\">\n\t\t\t\t\t<h2 class=\"elementor-heading-title elementor-size-default\">Come funziona il dispositivo per microneedling RF?<\/h2>\t\t\t\t<\/div>\n\t\t\t\t<\/div>\n\t\t\t\t\t<\/div>\n\t\t\t\t<\/div>\n\t\t<div class=\"elementor-element elementor-element-b6bca16 e-flex e-con-boxed e-con e-parent\" data-id=\"b6bca16\" data-element_type=\"container\">\n\t\t\t\t\t<div class=\"e-con-inner\">\n\t\t\t\t<div class=\"elementor-element elementor-element-4e99cdf elementor-widget__width-initial elementor-widget elementor-widget-text-editor\" data-id=\"4e99cdf\" data-element_type=\"widget\" data-widget_type=\"text-editor.default\">\n\t\t\t\t<div class=\"elementor-widget-container\">\n\t\t\t\t\t\t\t\t\t<div data-page-id=\"NKUOdHU5AorUHjx01y2cSQIan2d\" data-lark-html-role=\"root\" data-docx-has-block-data=\"false\"><div class=\"ace-line ace-line old-record-id-FzEBdqqW6o7OnoxVyCGcAjRSnAb\">La macchina per microneedling integra perfettamente le tecnologie di microneedling e radiofrequenza. Il termine &quot;oro&quot; si riferisce ai cristalli di microaghi rivestiti in oro, che hanno anche un aspetto dorato. Durante la procedura, il medico personalizza la profondit\u00e0 di penetrazione del microago e il livello di energia a radiofrequenza in base al problema specifico della pelle e all&#039;area di trattamento. Guidati da un sistema elettronico avanzato, pi\u00f9 microaghi isolati penetrano simultaneamente nell&#039;epidermide, erogando energia RF con precisione attraverso le loro punte prima di ritrarsi rapidamente. Questo processo viene ripetuto fino al completamento del trattamento, seguito dall&#039;applicazione di ingredienti cosmetici specializzati per risultati migliori.<\/div><\/div>\t\t\t\t\t\t\t\t<\/div>\n\t\t\t\t<\/div>\n\t\t\t\t<div class=\"elementor-element elementor-element-9a41eb9 elementor-widget__width-initial elementor-widget elementor-widget-image\" data-id=\"9a41eb9\" data-element_type=\"widget\" data-widget_type=\"image.default\">\n\t\t\t\t<div class=\"elementor-widget-container\">\n\t\t\t\t\t\t\t\t\t\t\t\t<figure class=\"wp-caption\">\n\t\t\t\t\t\t\t\t\t\t<img fetchpriority=\"high\" decoding=\"async\" width=\"800\" height=\"307\" src=\"https:\/\/delyava.com\/wp-content\/uploads\/2025\/02\/works-1024x393.jpeg\" class=\"attachment-large size-large wp-image-10894\" alt=\"Come funziona il dispositivo per microneedling RF?\" srcset=\"https:\/\/delyava.com\/wp-content\/uploads\/2025\/02\/works-1024x393.jpeg 1024w, https:\/\/delyava.com\/wp-content\/uploads\/2025\/02\/works-300x115.jpeg 300w, https:\/\/delyava.com\/wp-content\/uploads\/2025\/02\/works-768x295.jpeg 768w, https:\/\/delyava.com\/wp-content\/uploads\/2025\/02\/works-18x7.jpeg 18w, https:\/\/delyava.com\/wp-content\/uploads\/2025\/02\/works-600x231.jpeg 600w, https:\/\/delyava.com\/wp-content\/uploads\/2025\/02\/works.jpeg 1494w\" sizes=\"(max-width: 800px) 100vw, 800px\" \/>\t\t\t\t\t\t\t\t\t\t\t<figcaption class=\"widget-image-caption wp-caption-text\">Come funziona il dispositivo per microneedling RF?<\/figcaption>\n\t\t\t\t\t\t\t\t\t\t<\/figure>\n\t\t\t\t\t\t\t\t\t<\/div>\n\t\t\t\t<\/div>\n\t\t\t\t\t<\/div>\n\t\t\t\t<\/div>\n\t\t<div class=\"elementor-element elementor-element-4882d0d e-flex e-con-boxed e-con e-parent\" data-id=\"4882d0d\" data-element_type=\"container\">\n\t\t\t\t\t<div class=\"e-con-inner\">\n\t\t\t\t<div class=\"elementor-element elementor-element-319a417 elementor-widget elementor-widget-heading\" data-id=\"319a417\" data-element_type=\"widget\" data-widget_type=\"heading.default\">\n\t\t\t\t<div class=\"elementor-widget-container\">\n\t\t\t\t\t<h2 class=\"elementor-heading-title elementor-size-default\">Componenti strutturali dei dispositivi di microneedling RF<\/h2>\t\t\t\t<\/div>\n\t\t\t\t<\/div>\n\t\t\t\t\t<\/div>\n\t\t\t\t<\/div>\n\t\t<div class=\"elementor-element elementor-element-83c6129 e-flex e-con-boxed e-con e-parent\" data-id=\"83c6129\" data-element_type=\"container\">\n\t\t\t\t\t<div class=\"e-con-inner\">\n\t\t\t\t<div class=\"elementor-element elementor-element-c01ae1e elementor-widget elementor-widget-image\" data-id=\"c01ae1e\" data-element_type=\"widget\" data-widget_type=\"image.default\">\n\t\t\t\t<div class=\"elementor-widget-container\">\n\t\t\t\t\t\t\t\t\t\t\t\t\t\t\t<img decoding=\"async\" width=\"800\" height=\"800\" src=\"https:\/\/delyava.com\/wp-content\/uploads\/2025\/02\/RF-microneedling-devices-structural-compone-1.jpg\" class=\"attachment-large size-large wp-image-11182\" alt=\"Componenti strutturali dei dispositivi di microneedling RF-1\" srcset=\"https:\/\/delyava.com\/wp-content\/uploads\/2025\/02\/RF-microneedling-devices-structural-compone-1.jpg 800w, https:\/\/delyava.com\/wp-content\/uploads\/2025\/02\/RF-microneedling-devices-structural-compone-1-300x300.jpg 300w, https:\/\/delyava.com\/wp-content\/uploads\/2025\/02\/RF-microneedling-devices-structural-compone-1-150x150.jpg 150w, https:\/\/delyava.com\/wp-content\/uploads\/2025\/02\/RF-microneedling-devices-structural-compone-1-768x768.jpg 768w, https:\/\/delyava.com\/wp-content\/uploads\/2025\/02\/RF-microneedling-devices-structural-compone-1-12x12.jpg 12w, https:\/\/delyava.com\/wp-content\/uploads\/2025\/02\/RF-microneedling-devices-structural-compone-1-600x600.jpg 600w, https:\/\/delyava.com\/wp-content\/uploads\/2025\/02\/RF-microneedling-devices-structural-compone-1-100x100.jpg 100w\" sizes=\"(max-width: 800px) 100vw, 800px\" \/>\t\t\t\t\t\t\t\t\t\t\t\t\t\t\t<\/div>\n\t\t\t\t<\/div>\n\t\t\t\t<div class=\"elementor-element elementor-element-c0b99dd elementor-widget elementor-widget-image\" data-id=\"c0b99dd\" data-element_type=\"widget\" data-widget_type=\"image.default\">\n\t\t\t\t<div class=\"elementor-widget-container\">\n\t\t\t\t\t\t\t\t\t\t\t\t\t\t\t<img decoding=\"async\" width=\"800\" height=\"800\" src=\"https:\/\/delyava.com\/wp-content\/uploads\/2025\/02\/RF-microneedling-devices-structural-compone-2.jpg\" class=\"attachment-large size-large wp-image-11184\" alt=\"Componenti strutturali dei dispositivi di microneedling RF-2\" srcset=\"https:\/\/delyava.com\/wp-content\/uploads\/2025\/02\/RF-microneedling-devices-structural-compone-2.jpg 800w, https:\/\/delyava.com\/wp-content\/uploads\/2025\/02\/RF-microneedling-devices-structural-compone-2-300x300.jpg 300w, https:\/\/delyava.com\/wp-content\/uploads\/2025\/02\/RF-microneedling-devices-structural-compone-2-150x150.jpg 150w, https:\/\/delyava.com\/wp-content\/uploads\/2025\/02\/RF-microneedling-devices-structural-compone-2-768x768.jpg 768w, https:\/\/delyava.com\/wp-content\/uploads\/2025\/02\/RF-microneedling-devices-structural-compone-2-12x12.jpg 12w, https:\/\/delyava.com\/wp-content\/uploads\/2025\/02\/RF-microneedling-devices-structural-compone-2-600x600.jpg 600w, https:\/\/delyava.com\/wp-content\/uploads\/2025\/02\/RF-microneedling-devices-structural-compone-2-100x100.jpg 100w\" sizes=\"(max-width: 800px) 100vw, 800px\" \/>\t\t\t\t\t\t\t\t\t\t\t\t\t\t\t<\/div>\n\t\t\t\t<\/div>\n\t\t\t\t\t<\/div>\n\t\t\t\t<\/div>\n\t\t<div class=\"elementor-element elementor-element-95f5bec e-flex e-con-boxed e-con e-parent\" data-id=\"95f5bec\" data-element_type=\"container\">\n\t\t\t\t\t<div class=\"e-con-inner\">\n\t\t\t\t<div class=\"elementor-element elementor-element-6af9e89 elementor-widget elementor-widget-text-editor\" data-id=\"6af9e89\" data-element_type=\"widget\" data-widget_type=\"text-editor.default\">\n\t\t\t\t<div class=\"elementor-widget-container\">\n\t\t\t\t\t\t\t\t\t<p><strong>1. Interfaccia principale 2. Spina 3. Interruttore 4. Uscita maniglia RF 5. Uscita martello di ghiaccio<\/strong><\/p>\t\t\t\t\t\t\t\t<\/div>\n\t\t\t\t<\/div>\n\t\t\t\t\t<\/div>\n\t\t\t\t<\/div>\n\t\t<div class=\"elementor-element elementor-element-57e592b e-flex e-con-boxed e-con e-parent\" data-id=\"57e592b\" data-element_type=\"container\">\n\t\t\t\t\t<div class=\"e-con-inner\">\n\t\t\t\t<div class=\"elementor-element elementor-element-87fee9d elementor-widget elementor-widget-heading\" data-id=\"87fee9d\" data-element_type=\"widget\" data-widget_type=\"heading.default\">\n\t\t\t\t<div class=\"elementor-widget-container\">\n\t\t\t\t\t<h2 class=\"elementor-heading-title elementor-size-default\">Sonda per microneedling RF<\/h2>\t\t\t\t<\/div>\n\t\t\t\t<\/div>\n\t\t\t\t\t<\/div>\n\t\t\t\t<\/div>\n\t\t<div class=\"elementor-element elementor-element-89baaf7 e-con-full e-flex e-con e-parent\" data-id=\"89baaf7\" data-element_type=\"container\">\n\t\t\t\t<div class=\"elementor-element elementor-element-813c234 elementor-widget__width-initial elementor-widget elementor-widget-text-editor\" data-id=\"813c234\" data-element_type=\"widget\" data-widget_type=\"text-editor.default\">\n\t\t\t\t<div class=\"elementor-widget-container\">\n\t\t\t\t\t\t\t\t\t<p><strong>10 pin:<\/strong> per il trattamento di aree pi\u00f9 piccole intorno agli occhi<\/p><p><strong>25 pin:<\/strong> per il trattamento del viso<\/p><p><strong>64 pin:<\/strong> per il trattamento del corpo<\/p><p><strong>Aghi nano:<\/strong>Nessun sanguinamento, indolore (ago facoltativo)<\/p><p><strong>Aghi morbidi RF frazionati:<\/strong>rassodamento della pelle, rimozione delle rughe (ago opzionale)<\/p>\t\t\t\t\t\t\t\t<\/div>\n\t\t\t\t<\/div>\n\t\t\t\t<div class=\"elementor-element elementor-element-fbe5075 elementor-widget__width-initial elementor-widget elementor-widget-image\" data-id=\"fbe5075\" data-element_type=\"widget\" data-widget_type=\"image.default\">\n\t\t\t\t<div class=\"elementor-widget-container\">\n\t\t\t\t\t\t\t\t\t\t\t\t\t\t\t<img loading=\"lazy\" decoding=\"async\" width=\"800\" height=\"800\" src=\"https:\/\/delyava.com\/wp-content\/uploads\/2025\/02\/handle-1.jpg\" class=\"attachment-large size-large wp-image-10899\" alt=\"maniglia\" srcset=\"https:\/\/delyava.com\/wp-content\/uploads\/2025\/02\/handle-1.jpg 800w, https:\/\/delyava.com\/wp-content\/uploads\/2025\/02\/handle-1-300x300.jpg 300w, https:\/\/delyava.com\/wp-content\/uploads\/2025\/02\/handle-1-150x150.jpg 150w, https:\/\/delyava.com\/wp-content\/uploads\/2025\/02\/handle-1-768x768.jpg 768w, https:\/\/delyava.com\/wp-content\/uploads\/2025\/02\/handle-1-12x12.jpg 12w, https:\/\/delyava.com\/wp-content\/uploads\/2025\/02\/handle-1-600x600.jpg 600w, https:\/\/delyava.com\/wp-content\/uploads\/2025\/02\/handle-1-100x100.jpg 100w\" sizes=\"(max-width: 800px) 100vw, 800px\" \/>\t\t\t\t\t\t\t\t\t\t\t\t\t\t\t<\/div>\n\t\t\t\t<\/div>\n\t\t\t\t<div class=\"elementor-element elementor-element-7cc7c33 elementor-widget elementor-widget-image\" data-id=\"7cc7c33\" data-element_type=\"widget\" data-widget_type=\"image.default\">\n\t\t\t\t<div class=\"elementor-widget-container\">\n\t\t\t\t\t\t\t\t\t\t\t\t\t\t\t<img loading=\"lazy\" decoding=\"async\" width=\"800\" height=\"800\" src=\"https:\/\/delyava.com\/wp-content\/uploads\/2025\/02\/handle-2.jpg\" class=\"attachment-large size-large wp-image-10900\" alt=\"sonda\" srcset=\"https:\/\/delyava.com\/wp-content\/uploads\/2025\/02\/handle-2.jpg 800w, https:\/\/delyava.com\/wp-content\/uploads\/2025\/02\/handle-2-300x300.jpg 300w, https:\/\/delyava.com\/wp-content\/uploads\/2025\/02\/handle-2-150x150.jpg 150w, https:\/\/delyava.com\/wp-content\/uploads\/2025\/02\/handle-2-768x768.jpg 768w, https:\/\/delyava.com\/wp-content\/uploads\/2025\/02\/handle-2-12x12.jpg 12w, https:\/\/delyava.com\/wp-content\/uploads\/2025\/02\/handle-2-600x600.jpg 600w, https:\/\/delyava.com\/wp-content\/uploads\/2025\/02\/handle-2-100x100.jpg 100w\" sizes=\"(max-width: 800px) 100vw, 800px\" \/>\t\t\t\t\t\t\t\t\t\t\t\t\t\t\t<\/div>\n\t\t\t\t<\/div>\n\t\t\t\t<\/div>\n\t\t<div class=\"elementor-element elementor-element-7d562c7 e-flex e-con-boxed e-con e-parent\" data-id=\"7d562c7\" data-element_type=\"container\">\n\t\t\t\t\t<div class=\"e-con-inner\">\n\t\t\t\t<div class=\"elementor-element elementor-element-5e0399d elementor-widget elementor-widget-heading\" data-id=\"5e0399d\" data-element_type=\"widget\" data-widget_type=\"heading.default\">\n\t\t\t\t<div class=\"elementor-widget-container\">\n\t\t\t\t\t<h2 class=\"elementor-heading-title elementor-size-default\">Microneedling con applicazione di macchina RF<\/h2>\t\t\t\t<\/div>\n\t\t\t\t<\/div>\n\t\t\t\t\t<\/div>\n\t\t\t\t<\/div>\n\t\t<div class=\"elementor-element elementor-element-dbf5d7f e-con-full e-flex e-con e-parent\" data-id=\"dbf5d7f\" data-element_type=\"container\">\n\t\t\t\t<div class=\"elementor-element elementor-element-71c9862 elementor-widget__width-initial elementor-widget elementor-widget-text-editor\" data-id=\"71c9862\" data-element_type=\"widget\" data-widget_type=\"text-editor.default\">\n\t\t\t\t<div class=\"elementor-widget-container\">\n\t\t\t\t\t\t\t\t\t<ol start=\"1\"><li><p><strong>Viso<\/strong>:<\/p>Rughe e linee sottili, rilassamento cutaneo, cicatrici da acne e macchie, pori dilatati, tono e consistenza della pelle non uniformi.<\/li><li><p><strong>Collo<\/strong>:<\/p>Pelle lassa o crespa, rughe e pieghe.<\/li><li><p><strong>Corpo<\/strong>:<\/p>Smagliature, cicatrici (ad esempio cicatrici chirurgiche o da ferite), cellulite e grana della pelle non uniforme.<\/li><\/ol>\t\t\t\t\t\t\t\t<\/div>\n\t\t\t\t<\/div>\n\t\t\t\t<div class=\"elementor-element elementor-element-bee7f61 elementor-widget elementor-widget-image\" data-id=\"bee7f61\" data-element_type=\"widget\" data-widget_type=\"image.default\">\n\t\t\t\t<div class=\"elementor-widget-container\">\n\t\t\t\t\t\t\t\t\t\t\t\t\t\t\t<img loading=\"lazy\" decoding=\"async\" width=\"800\" height=\"433\" src=\"https:\/\/delyava.com\/wp-content\/uploads\/2025\/02\/application-1-1024x554.jpeg\" class=\"attachment-large size-large wp-image-10901\" alt=\"applicazione\" srcset=\"https:\/\/delyava.com\/wp-content\/uploads\/2025\/02\/application-1-1024x554.jpeg 1024w, https:\/\/delyava.com\/wp-content\/uploads\/2025\/02\/application-1-300x162.jpeg 300w, https:\/\/delyava.com\/wp-content\/uploads\/2025\/02\/application-1-768x415.jpeg 768w, https:\/\/delyava.com\/wp-content\/uploads\/2025\/02\/application-1-1536x830.jpeg 1536w, https:\/\/delyava.com\/wp-content\/uploads\/2025\/02\/application-1-18x10.jpeg 18w, https:\/\/delyava.com\/wp-content\/uploads\/2025\/02\/application-1-600x324.jpeg 600w, https:\/\/delyava.com\/wp-content\/uploads\/2025\/02\/application-1.jpeg 1894w\" sizes=\"(max-width: 800px) 100vw, 800px\" \/>\t\t\t\t\t\t\t\t\t\t\t\t\t\t\t<\/div>\n\t\t\t\t<\/div>\n\t\t\t\t<\/div>\n\t\t<div class=\"elementor-element elementor-element-a78f2ad e-flex e-con-boxed e-con e-parent\" data-id=\"a78f2ad\" data-element_type=\"container\">\n\t\t\t\t\t<div class=\"e-con-inner\">\n\t\t\t\t<div class=\"elementor-element elementor-element-125fe20 elementor-widget elementor-widget-heading\" data-id=\"125fe20\" data-element_type=\"widget\" data-widget_type=\"heading.default\">\n\t\t\t\t<div class=\"elementor-widget-container\">\n\t\t\t\t\t<h3 class=\"elementor-heading-title elementor-size-default\">Parametro Micronee<\/h3>\t\t\t\t<\/div>\n\t\t\t\t<\/div>\n\t\t\t\t<div class=\"elementor-element elementor-element-c3db2ee elementor-widget elementor-widget-text-editor\" data-id=\"c3db2ee\" data-element_type=\"widget\" data-widget_type=\"text-editor.default\">\n\t\t\t\t<div class=\"elementor-widget-container\">\n\t\t\t\t\t\t\t\t\t<table><colgroup><col width=\"159\" \/><col width=\"392\" \/><\/colgroup><tbody><tr><td>Articolo<\/td><td>Dettagli<\/td><\/tr><tr><td>Fuori potenza<\/td><td>2 \u2013 4M (l&#039;unit\u00e0 non \u00e8 specificata)<\/td><\/tr><tr><td>Potenza in ingresso<\/td><td>10 \u2013 200 W<\/td><\/tr><tr><td>Sonda terapeutica<\/td><td>10p, 25p, 64p, testa (il significato di &quot;testa&quot; potrebbe dover essere ulteriormente chiarito in combinazione con il prodotto)<\/td><\/tr><tr><td>Tensione di ingresso<\/td><td>CA 110 V \u2013 220 V, 50 Hz\/60 Hz<\/td><\/tr><tr><td>Dimensioni e peso del carbonio dell&#039;aereo<\/td><td>Dimensioni: CM 53X41X40, Peso: 10,5 KG<\/td><\/tr><tr><td>Specifiche e peso del cartone base<\/td><td>Dimensioni: CM 49X48X80, Peso: 13KG<\/td><\/tr><\/tbody><\/table><p>\u00a0<\/p>\t\t\t\t\t\t\t\t<\/div>\n\t\t\t\t<\/div>\n\t\t\t\t\t<\/div>\n\t\t\t\t<\/div>\n\t\t<div class=\"elementor-element elementor-element-89486f0 e-flex e-con-boxed e-con e-parent\" data-id=\"89486f0\" data-element_type=\"container\">\n\t\t\t\t\t<div class=\"e-con-inner\">\n\t\t\t\t<div class=\"elementor-element elementor-element-d8f9bc1 elementor-widget__width-initial elementor-widget elementor-widget-heading\" data-id=\"d8f9bc1\" data-element_type=\"widget\" data-widget_type=\"heading.default\">\n\t\t\t\t<div class=\"elementor-widget-container\">\n\t\t\t\t\t<h3 class=\"elementor-heading-title elementor-size-default\">Macchina per microneedling a radiofrequenza prima e dopo<\/h3>\t\t\t\t<\/div>\n\t\t\t\t<\/div>\n\t\t\t\t\t<\/div>\n\t\t\t\t<\/div>\n\t\t<div class=\"elementor-element elementor-element-57cda07 e-con-full e-flex e-con e-parent\" data-id=\"57cda07\" data-element_type=\"container\">\n\t\t<div class=\"elementor-element elementor-element-77a4e69 e-con-full e-flex e-con e-child\" data-id=\"77a4e69\" data-element_type=\"container\">\n\t\t\t\t<div class=\"elementor-element elementor-element-1863645 elementor-widget__width-initial elementor-widget elementor-widget-text-editor\" data-id=\"1863645\" data-element_type=\"widget\" data-widget_type=\"text-editor.default\">\n\t\t\t\t<div class=\"elementor-widget-container\">\n\t\t\t\t\t\t\t\t\t<ul><li><strong>Uniformare il tono e la consistenza della pelle<\/strong>:<\/li><\/ul><p>Contrasta l&#039;iperpigmentazione, i danni del sole e il tono della pelle non uniforme, donando un incarnato pi\u00f9 radioso.<\/p><ul><li><strong>Riduzione delle smagliature<\/strong>:<\/li><\/ul><p>Migliora l&#039;aspetto delle smagliature sul corpo.<\/p><ul><li><strong>Aumento della produzione di collagene<\/strong>:<\/li><\/ul><p>Stimola la produzione di collagene ed elastina per un ringiovanimento cutaneo a lungo termine.<\/p><ul><li><strong>Effetto lenitivo e calmante<\/strong>:<p>La funzione martello di ghiaccio raffredda e lenisce la pelle, riducendo rossori e irritazioni post-trattamento.<\/p><\/li><\/ul>\t\t\t\t\t\t\t\t<\/div>\n\t\t\t\t<\/div>\n\t\t\t\t<\/div>\n\t\t<div class=\"elementor-element elementor-element-058632b e-con-full e-flex e-con e-child\" data-id=\"058632b\" data-element_type=\"container\">\n\t\t\t\t<div class=\"elementor-element elementor-element-34b508b elementor-widget elementor-widget-image\" data-id=\"34b508b\" data-element_type=\"widget\" data-widget_type=\"image.default\">\n\t\t\t\t<div class=\"elementor-widget-container\">\n\t\t\t\t\t\t\t\t\t\t\t\t\t\t\t<img loading=\"lazy\" decoding=\"async\" width=\"777\" height=\"256\" src=\"https:\/\/delyava.com\/wp-content\/uploads\/2025\/02\/berore-and-after-3.png\" class=\"attachment-large size-large wp-image-10920\" alt=\"prima e dopo\" srcset=\"https:\/\/delyava.com\/wp-content\/uploads\/2025\/02\/berore-and-after-3.png 777w, https:\/\/delyava.com\/wp-content\/uploads\/2025\/02\/berore-and-after-3-300x99.png 300w, https:\/\/delyava.com\/wp-content\/uploads\/2025\/02\/berore-and-after-3-768x253.png 768w, https:\/\/delyava.com\/wp-content\/uploads\/2025\/02\/berore-and-after-3-18x6.png 18w, https:\/\/delyava.com\/wp-content\/uploads\/2025\/02\/berore-and-after-3-600x198.png 600w\" sizes=\"(max-width: 777px) 100vw, 777px\" \/>\t\t\t\t\t\t\t\t\t\t\t\t\t\t\t<\/div>\n\t\t\t\t<\/div>\n\t\t\t\t<div class=\"elementor-element elementor-element-55edb7f elementor-widget elementor-widget-image\" data-id=\"55edb7f\" data-element_type=\"widget\" data-widget_type=\"image.default\">\n\t\t\t\t<div class=\"elementor-widget-container\">\n\t\t\t\t\t\t\t\t\t\t\t\t\t\t\t<img loading=\"lazy\" decoding=\"async\" width=\"800\" height=\"374\" src=\"https:\/\/delyava.com\/wp-content\/uploads\/2025\/02\/berore-and-after-4.png\" class=\"attachment-large size-large wp-image-10921\" alt=\"prima e dopo\" srcset=\"https:\/\/delyava.com\/wp-content\/uploads\/2025\/02\/berore-and-after-4.png 802w, https:\/\/delyava.com\/wp-content\/uploads\/2025\/02\/berore-and-after-4-300x140.png 300w, https:\/\/delyava.com\/wp-content\/uploads\/2025\/02\/berore-and-after-4-768x359.png 768w, https:\/\/delyava.com\/wp-content\/uploads\/2025\/02\/berore-and-after-4-18x8.png 18w, https:\/\/delyava.com\/wp-content\/uploads\/2025\/02\/berore-and-after-4-600x281.png 600w\" sizes=\"(max-width: 800px) 100vw, 800px\" \/>\t\t\t\t\t\t\t\t\t\t\t\t\t\t\t<\/div>\n\t\t\t\t<\/div>\n\t\t\t\t<\/div>\n\t\t\t\t<\/div>\n\t\t<div class=\"elementor-element elementor-element-11645bd e-flex e-con-boxed e-con e-parent\" data-id=\"11645bd\" data-element_type=\"container\">\n\t\t\t\t\t<div class=\"e-con-inner\">\n\t\t<div class=\"elementor-element elementor-element-80c61f2 e-con-full e-flex e-con e-child\" data-id=\"80c61f2\" data-element_type=\"container\">\n\t\t\t\t<div class=\"elementor-element elementor-element-2054d36 elementor-widget elementor-widget-heading\" data-id=\"2054d36\" data-element_type=\"widget\" data-widget_type=\"heading.default\">\n\t\t\t\t<div class=\"elementor-widget-container\">\n\t\t\t\t\t<h4 class=\"elementor-heading-title elementor-size-default\">FAQ<\/h4>\t\t\t\t<\/div>\n\t\t\t\t<\/div>\n\t\t\t\t<div class=\"elementor-element elementor-element-e993939 elementor-widget elementor-widget-text-editor\" data-id=\"e993939\" data-element_type=\"widget\" data-widget_type=\"text-editor.default\">\n\t\t\t\t<div class=\"elementor-widget-container\">\n\t\t\t\t\t\t\t\t\t<p><strong>1. A cosa serve la funzione Ice Hammer?<\/strong><\/p><p>La funzione Ice Hammer raffredda e lenisce la pelle durante o dopo il trattamento, riducendo rossori, infiammazioni e fastidi. Aiuta anche a restringere i pori e a calmare la pelle per un aspetto fresco.<\/p><p><strong>2. Il trattamento con microaghi e RF \u00e8 doloroso?<\/strong><\/p><p>La maggior parte dei pazienti avverte un disagio minimo grazie ai microaghi dorati isolati e alla funzione lenitiva Ice Hammer. Prima della procedura pu\u00f2 essere applicata anche una crema anestetica topica per un maggiore comfort.<\/p><p><strong>3. Quanto dura una seduta di trattamento con microneedling?<\/strong><\/p><p>Una seduta tipica dura dai 30 ai 60 minuti, a seconda della zona da trattare e delle condizioni della pelle.<\/p><p><strong>4. Ci sono tempi di recupero dopo il trattamento con microaghi?<\/strong><\/p><p>I tempi di recupero sono minimi o nulli. Alcuni pazienti potrebbero avvertire un leggero rossore o gonfiore, che solitamente si attenua entro poche ore o un giorno.<\/p><p><strong>5. Quante sedute sono necessarie per ottenere risultati ottimali?<\/strong><\/p><p>Per ottenere risultati ottimali, si consiglia una serie di 3-6 sedute, distanziate di 4-6 settimane. I trattamenti di mantenimento possono essere eseguiti annualmente.<\/p><p><strong>6. Quanto durano i risultati?<\/strong><\/p><p>I risultati possono durare dai 3 ai 6 anni, a seconda delle condizioni della pelle e della cura successiva. Trattamenti di mantenimento regolari possono prolungare gli effetti.<\/p><p><strong>7. Questo dispositivo RF a microaghi pu\u00f2 essere utilizzato su tutti i tipi di pelle?<\/strong><\/p><p>S\u00ec, il dispositivo \u00e8 sicuro per tutti i tipi e toni di pelle. La profondit\u00e0 regolabile dell&#039;ago e le impostazioni di energia RF consentono la personalizzazione in base alle esigenze individuali della pelle.<\/p><p><strong>8. Cosa devo fare dopo il trattamento microneedling?<\/strong><\/p><ul><li><p>Evitare l&#039;esposizione diretta al sole e utilizzare la protezione solare.<\/p><\/li><li><p>Mantenete la pelle idratata con prodotti delicati e non irritanti.<\/p><\/li><li><p>Evitate prodotti aggressivi per la cura della pelle o esfolianti per alcuni giorni.<\/p><\/li><\/ul><p><strong>9. Posso utilizzare la funzione Ice Hammer separatamente?<\/strong><\/p><p>S\u00ec, la funzione Ice Hammer pu\u00f2 essere utilizzata in modo indipendente per lenire e rinfrescare la pelle, rendendola ideale per la cura post-trattamento o come trattamento rinfrescante autonomo.<\/p>\t\t\t\t\t\t\t\t<\/div>\n\t\t\t\t<\/div>\n\t\t\t\t<\/div>\n\t\t\t\t\t<\/div>\n\t\t\t\t<\/div>\n\t\t\t\t<\/div>","protected":false},"excerpt":{"rendered":"<div class=\"dad65929\">\n<div class=\"f9bf7997 d7dc56a8 c05b5566\">\n<div class=\"ds-markdown ds-markdown--block\">\n<ul>\n<li><strong>Trattamento a doppia tecnologia migliorato<\/strong>: Combina la radiofrequenza rassodante con la microdermoabrasione per risultati superiori, prendendo di mira lo strato del derma con impostazioni di profondit\u00e0 ed energia regolabili per adattarsi alle diverse condizioni della pelle.<\/li>\n<li><strong>Nessuna cicatrice o pigmentazione<\/strong>: I microaghi in oro isolati prevengono i danni all&#039;epidermide, evitando la formazione di croste, pigmentazione o reazioni avverse, per risultati impeccabili.<\/li>\n<li><strong>Efficace e duraturo<\/strong>: Mira con precisione ai tessuti a diverse profondit\u00e0, con monitoraggio dell&#039;impedenza in tempo reale e impostazioni personalizzate per rughe, lassit\u00e0, acne e cicatrici. Ripristina la pelle giovane con effetti che durano 3-6 anni per trattamento.<\/li>\n<\/ul>\n<\/div>\n<div class=\"ds-flex\">\n<div class=\"ds-flex abe97156\"><\/div>\n<\/div>\n<\/div>\n<\/div>","protected":false},"featured_media":10891,"template":"","meta":{"_seopress_robots_primary_cat":"none","_seopress_titles_title":"","_seopress_titles_desc":"","_seopress_robots_index":""},"product_brand":[],"product_cat":[58],"product_tag":[],"class_list":{"0":"post-10890","1":"product","2":"type-product","3":"status-publish","4":"has-post-thumbnail","6":"product_cat-rf-microneedling","8":"first","9":"instock","10":"shipping-taxable","11":"product-type-simple"},"_links":{"self":[{"href":"https:\/\/delyava.com\/it\/wp-json\/wp\/v2\/product\/10890","targetHints":{"allow":["GET"]}}],"collection":[{"href":"https:\/\/delyava.com\/it\/wp-json\/wp\/v2\/product"}],"about":[{"href":"https:\/\/delyava.com\/it\/wp-json\/wp\/v2\/types\/product"}],"version-history":[{"count":0,"href":"https:\/\/delyava.com\/it\/wp-json\/wp\/v2\/product\/10890\/revisions"}],"wp:featuredmedia":[{"embeddable":true,"href":"https:\/\/delyava.com\/it\/wp-json\/wp\/v2\/media\/10891"}],"wp:attachment":[{"href":"https:\/\/delyava.com\/it\/wp-json\/wp\/v2\/media?parent=10890"}],"wp:term":[{"taxonomy":"product_brand","embeddable":true,"href":"https:\/\/delyava.com\/it\/wp-json\/wp\/v2\/product_brand?post=10890"},{"taxonomy":"product_cat","embeddable":true,"href":"https:\/\/delyava.com\/it\/wp-json\/wp\/v2\/product_cat?post=10890"},{"taxonomy":"product_tag","embeddable":true,"href":"https:\/\/delyava.com\/it\/wp-json\/wp\/v2\/product_tag?post=10890"}],"curies":[{"name":"wp","href":"https:\/\/api.w.org\/{rel}","templated":true}]}}