{"id":10343,"date":"2025-02-24T14:10:13","date_gmt":"2025-02-24T06:10:13","guid":{"rendered":"https:\/\/delyava.com\/?post_type=product&#038;p=10343"},"modified":"2025-02-25T10:04:10","modified_gmt":"2025-02-25T02:04:10","slug":"picosecond-laser-all-colors-pigment-removal","status":"publish","type":"product","link":"https:\/\/delyava.com\/it\/products\/picosecond-laser-all-colors-pigment-removal\/","title":{"rendered":"Macchina per la rimozione dei tatuaggi laser Pico"},"content":{"rendered":"<div data-elementor-type=\"product-post\" data-elementor-id=\"10343\" class=\"elementor elementor-10343\" data-elementor-post-type=\"product\">\n\t\t\t\t<div class=\"elementor-element elementor-element-9deaa6e e-flex e-con-boxed e-con e-parent\" data-id=\"9deaa6e\" data-element_type=\"container\">\n\t\t\t\t\t<div class=\"e-con-inner\">\n\t\t\t\t<div class=\"elementor-element elementor-element-39510f4 elementor-widget elementor-widget-heading\" data-id=\"39510f4\" data-element_type=\"widget\" data-widget_type=\"heading.default\">\n\t\t\t\t<div class=\"elementor-widget-container\">\n\t\t\t\t\t<h2 class=\"elementor-heading-title elementor-size-default\">Come funziona la rimozione dei tatuaggi con il laser Picosure<\/h2>\t\t\t\t<\/div>\n\t\t\t\t<\/div>\n\t\t\t\t\t<\/div>\n\t\t\t\t<\/div>\n\t\t<div class=\"elementor-element elementor-element-eda9b1a e-flex e-con-boxed e-con e-parent\" data-id=\"eda9b1a\" data-element_type=\"container\">\n\t\t\t\t\t<div class=\"e-con-inner\">\n\t\t<div class=\"elementor-element elementor-element-7e1e5d8 e-con-full e-flex e-con e-child\" data-id=\"7e1e5d8\" data-element_type=\"container\">\n\t\t\t\t<div class=\"elementor-element elementor-element-5864119 elementor-widget elementor-widget-text-editor\" data-id=\"5864119\" data-element_type=\"widget\" data-widget_type=\"text-editor.default\">\n\t\t\t\t<div class=\"elementor-widget-container\">\n\t\t\t\t\t\t\t\t\t<div data-page-id=\"NKUOdHU5AorUHjx01y2cSQIan2d\" data-lark-html-role=\"root\" data-docx-has-block-data=\"false\"><div class=\"ace-line ace-line old-record-id-BXtKdbzf7oeYgOxtHsJcg8WLnlh\">La rimozione laser dei tatuaggi utilizza impulsi ultracorti (un trilionesimo di secondo di lunghezza) per colpire la melanina con una pressione potente, causando la rottura della melanina in minuscole particelle simili a polvere. Poich\u00e9 queste particelle sono cos\u00ec piccole, vengono assorbite e rimosse pi\u00f9 facilmente dal corpo, il che significa una migliore rimozione della melanina e un minor numero di trattamenti in generale.<\/div><\/div>\t\t\t\t\t\t\t\t<\/div>\n\t\t\t\t<\/div>\n\t\t\t\t<\/div>\n\t\t<div class=\"elementor-element elementor-element-4d908ad e-con-full e-flex e-con e-child\" data-id=\"4d908ad\" data-element_type=\"container\">\n\t\t\t\t<div class=\"elementor-element elementor-element-8f050b3 elementor-widget elementor-widget-image\" data-id=\"8f050b3\" data-element_type=\"widget\" data-widget_type=\"image.default\">\n\t\t\t\t<div class=\"elementor-widget-container\">\n\t\t\t\t\t\t\t\t\t\t\t\t<figure class=\"wp-caption\">\n\t\t\t\t\t\t\t\t\t\t<img fetchpriority=\"high\" decoding=\"async\" width=\"800\" height=\"255\" src=\"https:\/\/delyava.com\/wp-content\/uploads\/2025\/02\/How-the-Picosecond-Laser-Works-1024x326.png\" class=\"attachment-large size-large wp-image-10359\" alt=\"Come funziona la rimozione dei tatuaggi con il laser Picosure\" srcset=\"https:\/\/delyava.com\/wp-content\/uploads\/2025\/02\/How-the-Picosecond-Laser-Works-1024x326.png 1024w, https:\/\/delyava.com\/wp-content\/uploads\/2025\/02\/How-the-Picosecond-Laser-Works-300x96.png 300w, https:\/\/delyava.com\/wp-content\/uploads\/2025\/02\/How-the-Picosecond-Laser-Works-768x245.png 768w, https:\/\/delyava.com\/wp-content\/uploads\/2025\/02\/How-the-Picosecond-Laser-Works-18x6.png 18w, https:\/\/delyava.com\/wp-content\/uploads\/2025\/02\/How-the-Picosecond-Laser-Works-600x191.png 600w, https:\/\/delyava.com\/wp-content\/uploads\/2025\/02\/How-the-Picosecond-Laser-Works.png 1444w\" sizes=\"(max-width: 800px) 100vw, 800px\" \/>\t\t\t\t\t\t\t\t\t\t\t<figcaption class=\"widget-image-caption wp-caption-text\">Come funziona la rimozione dei tatuaggi con il laser Picosure<\/figcaption>\n\t\t\t\t\t\t\t\t\t\t<\/figure>\n\t\t\t\t\t\t\t\t\t<\/div>\n\t\t\t\t<\/div>\n\t\t\t\t<\/div>\n\t\t\t\t\t<\/div>\n\t\t\t\t<\/div>\n\t\t<div class=\"elementor-element elementor-element-1e43b56 e-flex e-con-boxed e-con e-parent\" data-id=\"1e43b56\" data-element_type=\"container\">\n\t\t\t\t\t<div class=\"e-con-inner\">\n\t\t\t\t<div class=\"elementor-element elementor-element-0481fb4 elementor-widget elementor-widget-heading\" data-id=\"0481fb4\" data-element_type=\"widget\" data-widget_type=\"heading.default\">\n\t\t\t\t<div class=\"elementor-widget-container\">\n\t\t\t\t\t<h2 class=\"elementor-heading-title elementor-size-default\">Display di parti per la rimozione dei tatuaggi con luce laser<\/h2>\t\t\t\t<\/div>\n\t\t\t\t<\/div>\n\t\t\t\t\t<\/div>\n\t\t\t\t<\/div>\n\t\t<div class=\"elementor-element elementor-element-80198ba e-flex e-con-boxed e-con e-parent\" data-id=\"80198ba\" data-element_type=\"container\">\n\t\t\t\t\t<div class=\"e-con-inner\">\n\t\t\t\t<div class=\"elementor-element elementor-element-8c70c66 elementor-widget elementor-widget-image\" data-id=\"8c70c66\" data-element_type=\"widget\" data-widget_type=\"image.default\">\n\t\t\t\t<div class=\"elementor-widget-container\">\n\t\t\t\t\t\t\t\t\t\t\t\t\t\t\t<img decoding=\"async\" width=\"750\" height=\"750\" src=\"https:\/\/delyava.com\/wp-content\/uploads\/2025\/02\/handle-display.jpg\" class=\"attachment-large size-large wp-image-10372\" alt=\"gestire il display\" srcset=\"https:\/\/delyava.com\/wp-content\/uploads\/2025\/02\/handle-display.jpg 750w, https:\/\/delyava.com\/wp-content\/uploads\/2025\/02\/handle-display-300x300.jpg 300w, https:\/\/delyava.com\/wp-content\/uploads\/2025\/02\/handle-display-150x150.jpg 150w, https:\/\/delyava.com\/wp-content\/uploads\/2025\/02\/handle-display-12x12.jpg 12w, https:\/\/delyava.com\/wp-content\/uploads\/2025\/02\/handle-display-600x600.jpg 600w, https:\/\/delyava.com\/wp-content\/uploads\/2025\/02\/handle-display-100x100.jpg 100w\" sizes=\"(max-width: 750px) 100vw, 750px\" \/>\t\t\t\t\t\t\t\t\t\t\t\t\t\t\t<\/div>\n\t\t\t\t<\/div>\n\t\t\t\t<div class=\"elementor-element elementor-element-49b096e elementor-widget elementor-widget-image\" data-id=\"49b096e\" data-element_type=\"widget\" data-widget_type=\"image.default\">\n\t\t\t\t<div class=\"elementor-widget-container\">\n\t\t\t\t\t\t\t\t\t\t\t\t\t\t\t<img decoding=\"async\" width=\"750\" height=\"750\" src=\"https:\/\/delyava.com\/wp-content\/uploads\/2025\/02\/arm-display.jpg\" class=\"attachment-large size-large wp-image-10373\" alt=\"display del braccio\" srcset=\"https:\/\/delyava.com\/wp-content\/uploads\/2025\/02\/arm-display.jpg 750w, https:\/\/delyava.com\/wp-content\/uploads\/2025\/02\/arm-display-300x300.jpg 300w, https:\/\/delyava.com\/wp-content\/uploads\/2025\/02\/arm-display-150x150.jpg 150w, https:\/\/delyava.com\/wp-content\/uploads\/2025\/02\/arm-display-12x12.jpg 12w, https:\/\/delyava.com\/wp-content\/uploads\/2025\/02\/arm-display-600x600.jpg 600w, https:\/\/delyava.com\/wp-content\/uploads\/2025\/02\/arm-display-100x100.jpg 100w\" sizes=\"(max-width: 750px) 100vw, 750px\" \/>\t\t\t\t\t\t\t\t\t\t\t\t\t\t\t<\/div>\n\t\t\t\t<\/div>\n\t\t\t\t\t<\/div>\n\t\t\t\t<\/div>\n\t\t<div class=\"elementor-element elementor-element-a179326 e-flex e-con-boxed e-con e-parent\" data-id=\"a179326\" data-element_type=\"container\">\n\t\t\t\t\t<div class=\"e-con-inner\">\n\t\t\t\t<div class=\"elementor-element elementor-element-d1a242f elementor-widget elementor-widget-heading\" data-id=\"d1a242f\" data-element_type=\"widget\" data-widget_type=\"heading.default\">\n\t\t\t\t<div class=\"elementor-widget-container\">\n\t\t\t\t\t<h2 class=\"elementor-heading-title elementor-size-default\"> Applicazioni per la rimozione dei tatuaggi<\/h2>\t\t\t\t<\/div>\n\t\t\t\t<\/div>\n\t\t\t\t\t<\/div>\n\t\t\t\t<\/div>\n\t\t<div class=\"elementor-element elementor-element-8a52342 e-flex e-con-boxed e-con e-parent\" data-id=\"8a52342\" data-element_type=\"container\">\n\t\t\t\t\t<div class=\"e-con-inner\">\n\t\t\t\t<div class=\"elementor-element elementor-element-f0b0afb elementor-widget elementor-widget-text-editor\" data-id=\"f0b0afb\" data-element_type=\"widget\" data-widget_type=\"text-editor.default\">\n\t\t\t\t<div class=\"elementor-widget-container\">\n\t\t\t\t\t\t\t\t\t<ul><li><p>Eliminazione di vari tipi di sopracciglia, ricami alle sopracciglia, tatuaggi, eyeliner e matite labbra.<\/p><\/li><li><p>Rimozione efficace di tatuaggi di colore rosso, blu, marrone, beige e di tutti gli altri colori.<\/p><\/li><li><p>Trattamento di problemi di pigmentazione come cloasma, macchie cutanee, macchie senili, voglie e nevo di Ota.<\/p><\/li><\/ul>\t\t\t\t\t\t\t\t<\/div>\n\t\t\t\t<\/div>\n\t\t\t\t<div class=\"elementor-element elementor-element-0fc7d6d elementor-widget elementor-widget-image\" data-id=\"0fc7d6d\" data-element_type=\"widget\" data-widget_type=\"image.default\">\n\t\t\t\t<div class=\"elementor-widget-container\">\n\t\t\t\t\t\t\t\t\t\t\t\t\t\t\t<img loading=\"lazy\" decoding=\"async\" width=\"750\" height=\"750\" src=\"https:\/\/delyava.com\/wp-content\/uploads\/2025\/02\/Applications.jpg\" class=\"attachment-large size-large wp-image-10377\" alt=\"Applicazioni\" srcset=\"https:\/\/delyava.com\/wp-content\/uploads\/2025\/02\/Applications.jpg 750w, https:\/\/delyava.com\/wp-content\/uploads\/2025\/02\/Applications-300x300.jpg 300w, https:\/\/delyava.com\/wp-content\/uploads\/2025\/02\/Applications-150x150.jpg 150w, https:\/\/delyava.com\/wp-content\/uploads\/2025\/02\/Applications-12x12.jpg 12w, https:\/\/delyava.com\/wp-content\/uploads\/2025\/02\/Applications-600x600.jpg 600w, https:\/\/delyava.com\/wp-content\/uploads\/2025\/02\/Applications-100x100.jpg 100w\" sizes=\"(max-width: 750px) 100vw, 750px\" \/>\t\t\t\t\t\t\t\t\t\t\t\t\t\t\t<\/div>\n\t\t\t\t<\/div>\n\t\t\t\t\t<\/div>\n\t\t\t\t<\/div>\n\t\t<div class=\"elementor-element elementor-element-1a5fb2b e-flex e-con-boxed e-con e-parent\" data-id=\"1a5fb2b\" data-element_type=\"container\">\n\t\t\t\t\t<div class=\"e-con-inner\">\n\t\t\t\t<div class=\"elementor-element elementor-element-aff06ca elementor-widget elementor-widget-heading\" data-id=\"aff06ca\" data-element_type=\"widget\" data-widget_type=\"heading.default\">\n\t\t\t\t<div class=\"elementor-widget-container\">\n\t\t\t\t\t<h2 class=\"elementor-heading-title elementor-size-default\">Laser tradizionale VS laser a picosecondo<\/h2>\t\t\t\t<\/div>\n\t\t\t\t<\/div>\n\t\t\t\t\t<\/div>\n\t\t\t\t<\/div>\n\t\t<div class=\"elementor-element elementor-element-f05c5ff e-flex e-con-boxed e-con e-parent\" data-id=\"f05c5ff\" data-element_type=\"container\">\n\t\t\t\t\t<div class=\"e-con-inner\">\n\t\t\t\t<div class=\"elementor-element elementor-element-318ea58 elementor-widget elementor-widget-image\" data-id=\"318ea58\" data-element_type=\"widget\" data-widget_type=\"image.default\">\n\t\t\t\t<div class=\"elementor-widget-container\">\n\t\t\t\t\t\t\t\t\t\t\t\t\t\t\t<img loading=\"lazy\" decoding=\"async\" width=\"800\" height=\"336\" src=\"https:\/\/delyava.com\/wp-content\/uploads\/2025\/02\/TRADITIONAL-LASERVS-PICOSECOND-LASER-1024x430.jpeg\" class=\"attachment-large size-large wp-image-10382\" alt=\"Caricatore tradizionale VS picosecondo\" srcset=\"https:\/\/delyava.com\/wp-content\/uploads\/2025\/02\/TRADITIONAL-LASERVS-PICOSECOND-LASER-1024x430.jpeg 1024w, https:\/\/delyava.com\/wp-content\/uploads\/2025\/02\/TRADITIONAL-LASERVS-PICOSECOND-LASER-300x126.jpeg 300w, https:\/\/delyava.com\/wp-content\/uploads\/2025\/02\/TRADITIONAL-LASERVS-PICOSECOND-LASER-768x322.jpeg 768w, https:\/\/delyava.com\/wp-content\/uploads\/2025\/02\/TRADITIONAL-LASERVS-PICOSECOND-LASER-1536x644.jpeg 1536w, https:\/\/delyava.com\/wp-content\/uploads\/2025\/02\/TRADITIONAL-LASERVS-PICOSECOND-LASER-2048x859.jpeg 2048w, https:\/\/delyava.com\/wp-content\/uploads\/2025\/02\/TRADITIONAL-LASERVS-PICOSECOND-LASER-18x8.jpeg 18w, https:\/\/delyava.com\/wp-content\/uploads\/2025\/02\/TRADITIONAL-LASERVS-PICOSECOND-LASER-600x252.jpeg 600w\" sizes=\"(max-width: 800px) 100vw, 800px\" \/>\t\t\t\t\t\t\t\t\t\t\t\t\t\t\t<\/div>\n\t\t\t\t<\/div>\n\t\t\t\t<div class=\"elementor-element elementor-element-dcb4b97 elementor-widget elementor-widget-text-editor\" data-id=\"dcb4b97\" data-element_type=\"widget\" data-widget_type=\"text-editor.default\">\n\t\t\t\t<div class=\"elementor-widget-container\">\n\t\t\t\t\t\t\t\t\t<ul><li>Laser tradizionale:<\/li><\/ul><p>I laser tradizionali si basano prevalentemente sull&#039;azione fototermica, trasmettendo calore al pigmento e al tessuto circostante.<\/p><ul><li>Laser a picosecondo:<\/li><\/ul><p>Picosecond sfrutta la tecnologia delle onde di pressione per frantumare l&#039;inchiostro in minuscole particelle facilmente eliminabili dall&#039;organismo.<\/p>\t\t\t\t\t\t\t\t<\/div>\n\t\t\t\t<\/div>\n\t\t\t\t\t<\/div>\n\t\t\t\t<\/div>\n\t\t<div class=\"elementor-element elementor-element-fdd66de e-flex e-con-boxed e-con e-parent\" data-id=\"fdd66de\" data-element_type=\"container\">\n\t\t\t\t\t<div class=\"e-con-inner\">\n\t\t\t\t<div class=\"elementor-element elementor-element-897b375 elementor-widget elementor-widget-heading\" data-id=\"897b375\" data-element_type=\"widget\" data-widget_type=\"heading.default\">\n\t\t\t\t<div class=\"elementor-widget-container\">\n\t\t\t\t\t<h2 class=\"elementor-heading-title elementor-size-default\">Trattamento laser per tatuaggi prima e dopo<\/h2>\t\t\t\t<\/div>\n\t\t\t\t<\/div>\n\t\t\t\t\t<\/div>\n\t\t\t\t<\/div>\n\t\t<div class=\"elementor-element elementor-element-384a353 e-flex e-con-boxed e-con e-parent\" data-id=\"384a353\" data-element_type=\"container\">\n\t\t\t\t\t<div class=\"e-con-inner\">\n\t\t\t\t<div class=\"elementor-element elementor-element-045568b elementor-widget__width-initial elementor-widget elementor-widget-image\" data-id=\"045568b\" data-element_type=\"widget\" data-widget_type=\"image.default\">\n\t\t\t\t<div class=\"elementor-widget-container\">\n\t\t\t\t\t\t\t\t\t\t\t\t\t\t\t<img loading=\"lazy\" decoding=\"async\" width=\"760\" height=\"513\" src=\"https:\/\/delyava.com\/wp-content\/uploads\/2025\/02\/Picosecond-Laser-before-and-after.png\" class=\"attachment-large size-large wp-image-10387\" alt=\"Laser a picosecondi prima e dopo\" srcset=\"https:\/\/delyava.com\/wp-content\/uploads\/2025\/02\/Picosecond-Laser-before-and-after.png 760w, https:\/\/delyava.com\/wp-content\/uploads\/2025\/02\/Picosecond-Laser-before-and-after-300x203.png 300w, https:\/\/delyava.com\/wp-content\/uploads\/2025\/02\/Picosecond-Laser-before-and-after-18x12.png 18w, https:\/\/delyava.com\/wp-content\/uploads\/2025\/02\/Picosecond-Laser-before-and-after-600x405.png 600w\" sizes=\"(max-width: 760px) 100vw, 760px\" \/>\t\t\t\t\t\t\t\t\t\t\t\t\t\t\t<\/div>\n\t\t\t\t<\/div>\n\t\t\t\t<div class=\"elementor-element elementor-element-df8bfc6 elementor-widget elementor-widget-text-editor\" data-id=\"df8bfc6\" data-element_type=\"widget\" data-widget_type=\"text-editor.default\">\n\t\t\t\t<div class=\"elementor-widget-container\">\n\t\t\t\t\t\t\t\t\t<p><strong>1. Liquidazione dei tatuaggi altamente efficace<\/strong><\/p><ul><li><p><strong>Rapida degradazione del pigmento<\/strong>:Gli impulsi ultrabrevi dei laser a picosecondi frantumano istantaneamente le particelle di pigmento del tatuaggio in minuscoli frammenti.<\/p><\/li><li><p><strong>Adatto a pi\u00f9 colori<\/strong>: Efficace nella rimozione di tatuaggi di vari colori, tra cui nero, blu, verde e rosso.<\/p><\/li><\/ul><p><strong>2. Numero ridotto di trattamenti<\/strong><\/p><ul><li><p><strong>Rispetto ai laser tradizionali<\/strong>:I laser tradizionali richiedono 5-10 sedute, mentre i laser a picosecondi in genere ne bastano solo 2-4 per schiarire o rimuovere in modo significativo i tatuaggi.<\/p><\/li><li><p><strong>Risparmio di tempo<\/strong>: Cicli di trattamento pi\u00f9 brevi e recupero pi\u00f9 rapido.<\/p><\/li><\/ul>\t\t\t\t\t\t\t\t<\/div>\n\t\t\t\t<\/div>\n\t\t\t\t\t<\/div>\n\t\t\t\t<\/div>\n\t\t<div class=\"elementor-element elementor-element-e741634 e-flex e-con-boxed e-con e-parent\" data-id=\"e741634\" data-element_type=\"container\">\n\t\t\t\t\t<div class=\"e-con-inner\">\n\t\t\t\t<div class=\"elementor-element elementor-element-e042ac3 elementor-widget elementor-widget-heading\" data-id=\"e042ac3\" data-element_type=\"widget\" data-widget_type=\"heading.default\">\n\t\t\t\t<div class=\"elementor-widget-container\">\n\t\t\t\t\t<h4 class=\"elementor-heading-title elementor-size-default\">Parametri dello strumento di rimozione del tatuaggio laser Pico<\/h4>\t\t\t\t<\/div>\n\t\t\t\t<\/div>\n\t\t\t\t<div class=\"elementor-element elementor-element-0298e5b elementor-widget elementor-widget-text-editor\" data-id=\"0298e5b\" data-element_type=\"widget\" data-widget_type=\"text-editor.default\">\n\t\t\t\t<div class=\"elementor-widget-container\">\n\t\t\t\t\t\t\t\t\t<table><colgroup><col width=\"191\" \/><col width=\"295\" \/><\/colgroup><tbody><tr><td>Parametro tecnico<\/td><td>Dettagli<\/td><\/tr><tr><td>Descrizione<\/td><td>Laser al picosecondo<\/td><\/tr><tr><td>Voltaggio<\/td><td>110 V \u2013 240 V, 50 Hz\/60 Hz<\/td><\/tr><tr><td>Potenza di uscita<\/td><td>2000W<\/td><\/tr><tr><td>Lunghezza d&#039;onda laser<\/td><td>755nm + 1064nm + 532nm<\/td><\/tr><tr><td>Energia 755nm<\/td><td>50 \u2013 2000 mJ (regolabile)<\/td><\/tr><tr><td>Energia 1064nm<\/td><td>50 \u2013 2000 mJ (regolabile)<\/td><\/tr><tr><td>Energia 532nm<\/td><td>50 \u2013 2000 mJ (regolabile)<\/td><\/tr><tr><td>Diametro del punto<\/td><td>2 \u2013 10 mm (regolabile)<\/td><\/tr><tr><td>Frequenza<\/td><td>1 \u2013 20 Hz (regolabile)<\/td><\/tr><tr><td>Larghezza di impulso<\/td><td>2000ps<\/td><\/tr><tr><td>Sistema di raffreddamento<\/td><td>Modulo aria + acqua + semiconduttore<\/td><\/tr><tr><td>Indicatore di luce di puntamento<\/td><td>Luce di puntamento a semiconduttore rosso<\/td><\/tr><tr><td>Larghezza di impulso<\/td><td>500 \u2013 750 cv<\/td><\/tr><tr><td>Braccio guida luce<\/td><td>Importato dalla Corea del Sud<\/td><\/tr><tr><td>Imballaggio<\/td><td>Cassa in lega di alluminio<\/td><\/tr><\/tbody><\/table><p>\u00a0<\/p>\t\t\t\t\t\t\t\t<\/div>\n\t\t\t\t<\/div>\n\t\t\t\t\t<\/div>\n\t\t\t\t<\/div>\n\t\t<div class=\"elementor-element elementor-element-9b6194f e-flex e-con-boxed e-con e-parent\" data-id=\"9b6194f\" data-element_type=\"container\">\n\t\t\t\t\t<div class=\"e-con-inner\">\n\t\t<div class=\"elementor-element elementor-element-5b9bc99 e-con-full e-flex e-con e-child\" data-id=\"5b9bc99\" data-element_type=\"container\">\n\t\t\t\t<div class=\"elementor-element elementor-element-aa3be0d elementor-widget elementor-widget-heading\" data-id=\"aa3be0d\" data-element_type=\"widget\" data-widget_type=\"heading.default\">\n\t\t\t\t<div class=\"elementor-widget-container\">\n\t\t\t\t\t<h4 class=\"elementor-heading-title elementor-size-default\">FAQ<\/h4>\t\t\t\t<\/div>\n\t\t\t\t<\/div>\n\t\t\t\t<div class=\"elementor-element elementor-element-6e748f3 elementor-widget elementor-widget-text-editor\" data-id=\"6e748f3\" data-element_type=\"widget\" data-widget_type=\"text-editor.default\">\n\t\t\t\t<div class=\"elementor-widget-container\">\n\t\t\t\t\t\t\t\t\t<div data-page-id=\"NKUOdHU5AorUHjx01y2cSQIan2d\" data-lark-html-role=\"root\" data-docx-has-block-data=\"false\"><div class=\"ace-line ace-line old-record-id-Opuida6qEoXcaqxP36IcN25VnKd\"><strong>1. Ho paura del dolore. Il processo di rimozione del tatuaggio con laser a picosecondi \u00e8 doloroso? Quanto dura ogni trattamento?<\/strong><\/div><div class=\"ace-line ace-line old-record-id-Q9WndPv7wogl61xKt7BcusWQnyc\">Durante il trattamento si avvertir\u00e0 un leggero formicolio e una sensazione di calore, che sar\u00e0 pi\u00f9 pronunciata nelle aree con maggiore distribuzione del pigmento. A seconda dell&#039;indicazione e del dosaggio del trattamento, il medico potrebbe raccomandare l&#039;uso di creme anestetiche topiche appropriate e dispositivi di raffreddamento per ridurre il disagio. Il tempo di trattamento tipico \u00e8 di circa 5-15 minuti, a seconda delle dimensioni dell&#039;area da trattare e del problema cutaneo.<\/div><div class=\"ace-line ace-line old-record-id-Qmuyd2bu7oZgsQxQzfOcPcjDnuh\"><strong>2. Ho fatto troppi trattamenti per le mie macchie. Avr\u00f2 delle cicatrici se torno per un altro tatuaggio sul viso?<\/strong><\/div><div class=\"ace-line ace-line old-record-id-QIs1dAU5zo2pKGx6jvBcrEDDnqd\">La tecnologia a picosecondi del laser a picosecondi richiede solo 1\/3 \u2013 1\/2 della dose di un laser normale per ottenere un trattamento efficace, il tessuto riceve una dose di stimolazione inferiore, il trauma \u00e8 relativamente piccolo, \u00e8 meno probabile che produca ferite e anche la probabilit\u00e0 di cicatrici \u00e8 bassa.<\/div><div class=\"ace-line ace-line old-record-id-Xwa3dJJYdoMjqsx9jaqcQPL2nyc\"><strong>3. La rimozione dei tatuaggi alle sopracciglia \u00e8 efficace?<\/strong><\/div><div class=\"ace-line ace-line old-record-id-ZUTCdcRgKouXIYx3qpPcOoQ3n8c\">Attualmente, l&#039;effetto dell&#039;uso del laser a picosecondi per la rimozione dei tatuaggi \u00e8 particolarmente notevole. Non produrr\u00e0 danni termici ai tessuti circostanti, quindi non lascer\u00e0 cicatrici.<\/div><div class=\"ace-line ace-line old-record-id-I88gdtKNJoErkGx8IDbca0msngd\"><strong>4. Ho sentito dire che il trattamento laser pu\u00f2 causare facilmente la formazione di macchie nere. Anche la rimozione laser dei tatuaggi alle sopracciglia pu\u00f2 causare la formazione di macchie nere?<\/strong><\/div><div class=\"ace-line ace-line old-record-id-IWXdd4xJeoWe8DxPiKycq6tMnxc\">La sonda di focalizzazione dell&#039;energia laser al picosecondo adotta una &quot;lente a nido d&#039;ape&quot;, l&#039;azione istantanea pu\u00f2 ridurre la sovrastimolazione, inoltre il laser al picosecondo pu\u00f2 rompere le particelle di pigmento pi\u00f9 rapidamente del laser tradizionale (laser Q di sintonizzazione), ridurre i danni termici, proteggere le cellule di melanina nei tessuti dalla sovrastimolazione, il che pu\u00f2 ridurre notevolmente il lungo periodo di rossore delle cellule normali dopo i problemi di stimolazione.<\/div><\/div>\t\t\t\t\t\t\t\t<\/div>\n\t\t\t\t<\/div>\n\t\t\t\t<\/div>\n\t\t\t\t\t<\/div>\n\t\t\t\t<\/div>\n\t\t\t\t<\/div>","protected":false},"excerpt":{"rendered":"<div data-page-id=\"NKUOdHU5AorUHjx01y2cSQIan2d\" data-lark-html-role=\"root\" data-docx-has-block-data=\"false\">\n<ul>\n<li><strong>High tech<\/strong>: Utilizza la tecnologia di focalizzazione a nido d&#039;ape per la vacuolizzazione della pelle, garantendo il minimo danno cutaneo.<\/li>\n<li><strong>Veloce ed efficace<\/strong>: Riduce le sedute di rimozione di tatuaggi\/pigmenti da 5-10 a 2-4, accorciando i tempi di trattamento e di recupero con risultati visibili.<\/li>\n<li><strong>Comodo e sicuro<\/strong>: Un targeting preciso rimuove efficacemente pigmenti e tatuaggi riducendo al minimo i danni alla pelle.<\/li>\n<li><strong>Nessun accumulo di melanina<\/strong>:Gli impulsi ultrabrevi scompongono la melanina in minuscole particelle per facilitarne l&#039;assorbimento, riducendo il gonfiore e la pigmentazione dopo il trattamento.<\/li>\n<\/ul>\n<\/div>","protected":false},"featured_media":10344,"template":"","meta":{"_seopress_robots_primary_cat":"none","_seopress_titles_title":"","_seopress_titles_desc":"","_seopress_robots_index":""},"product_brand":[],"product_cat":[34],"product_tag":[],"class_list":{"0":"post-10343","1":"product","2":"type-product","3":"status-publish","4":"has-post-thumbnail","6":"product_cat-laser-tattoo-removal","8":"first","9":"instock","10":"shipping-taxable","11":"product-type-simple"},"_links":{"self":[{"href":"https:\/\/delyava.com\/it\/wp-json\/wp\/v2\/product\/10343","targetHints":{"allow":["GET"]}}],"collection":[{"href":"https:\/\/delyava.com\/it\/wp-json\/wp\/v2\/product"}],"about":[{"href":"https:\/\/delyava.com\/it\/wp-json\/wp\/v2\/types\/product"}],"version-history":[{"count":1,"href":"https:\/\/delyava.com\/it\/wp-json\/wp\/v2\/product\/10343\/revisions"}],"predecessor-version":[{"id":15907,"href":"https:\/\/delyava.com\/it\/wp-json\/wp\/v2\/product\/10343\/revisions\/15907"}],"wp:featuredmedia":[{"embeddable":true,"href":"https:\/\/delyava.com\/it\/wp-json\/wp\/v2\/media\/10344"}],"wp:attachment":[{"href":"https:\/\/delyava.com\/it\/wp-json\/wp\/v2\/media?parent=10343"}],"wp:term":[{"taxonomy":"product_brand","embeddable":true,"href":"https:\/\/delyava.com\/it\/wp-json\/wp\/v2\/product_brand?post=10343"},{"taxonomy":"product_cat","embeddable":true,"href":"https:\/\/delyava.com\/it\/wp-json\/wp\/v2\/product_cat?post=10343"},{"taxonomy":"product_tag","embeddable":true,"href":"https:\/\/delyava.com\/it\/wp-json\/wp\/v2\/product_tag?post=10343"}],"curies":[{"name":"wp","href":"https:\/\/api.w.org\/{rel}","templated":true}]}}