{"id":10273,"date":"2025-02-24T10:40:02","date_gmt":"2025-02-24T02:40:02","guid":{"rendered":"https:\/\/delyava.com\/?post_type=product&#038;p=10273"},"modified":"2025-02-24T17:59:37","modified_gmt":"2025-02-24T09:59:37","slug":"portable-picosecond-laser-device","status":"publish","type":"product","link":"https:\/\/delyava.com\/it\/products\/portable-picosecond-laser-device\/","title":{"rendered":"Dispositivo laser portatile a picosecondi"},"content":{"rendered":"<div data-elementor-type=\"product-post\" data-elementor-id=\"10273\" class=\"elementor elementor-10273\" data-elementor-post-type=\"product\">\n\t\t\t\t<div class=\"elementor-element elementor-element-9deaa6e e-flex e-con-boxed e-con e-parent\" data-id=\"9deaa6e\" data-element_type=\"container\">\n\t\t\t\t\t<div class=\"e-con-inner\">\n\t\t\t\t<div class=\"elementor-element elementor-element-39510f4 elementor-widget elementor-widget-heading\" data-id=\"39510f4\" data-element_type=\"widget\" data-widget_type=\"heading.default\">\n\t\t\t\t<div class=\"elementor-widget-container\">\n\t\t\t\t\t<h2 class=\"elementor-heading-title elementor-size-default\">Come funziona la rimozione del tatuaggio<\/h2>\t\t\t\t<\/div>\n\t\t\t\t<\/div>\n\t\t\t\t\t<\/div>\n\t\t\t\t<\/div>\n\t\t<div class=\"elementor-element elementor-element-eda9b1a e-flex e-con-boxed e-con e-parent\" data-id=\"eda9b1a\" data-element_type=\"container\">\n\t\t\t\t\t<div class=\"e-con-inner\">\n\t\t<div class=\"elementor-element elementor-element-7e1e5d8 e-con-full e-flex e-con e-child\" data-id=\"7e1e5d8\" data-element_type=\"container\">\n\t\t\t\t<div class=\"elementor-element elementor-element-5864119 elementor-widget elementor-widget-text-editor\" data-id=\"5864119\" data-element_type=\"widget\" data-widget_type=\"text-editor.default\">\n\t\t\t\t<div class=\"elementor-widget-container\">\n\t\t\t\t\t\t\t\t\t<div data-page-id=\"NKUOdHU5AorUHjx01y2cSQIan2d\" data-lark-html-role=\"root\" data-docx-has-block-data=\"false\"><div class=\"old-record-id-FFCldcJ5SoVjflx2frVcLhzLntg\">La rimozione dei tatuaggi con luce laser utilizza la modalit\u00e0 Gemstone Q per ottenere un effetto di rimozione spot con l&#039;aiuto dell&#039;alta energia emessa dal laser all&#039;istante. Il principio del laser blasting risiede nel rilascio istantaneo di alta energia, in modo che la lunghezza d&#039;onda specifica del laser possa penetrare l&#039;epidermide e raggiungere i tessuti malati in un periodo molto breve di 6 nanosecondi. I pigmenti nei tessuti della lesione vengono schiacciati dal calore in rapida espansione sotto l&#039;azione di questa alta energia istantanea. Una parte dei cluster di pigmenti situati nell&#039;epidermide verr\u00e0 continuamente scaricata fuori dal corpo, mentre l&#039;altra parte dei cluster di pigmenti nei tessuti verr\u00e0 scomposta in minuscole particelle, che verranno inghiottite e digerite dai macrofagi del corpo e infine scaricate fuori dal corpo attraverso il sistema linfatico del corpo.<\/div><\/div>\t\t\t\t\t\t\t\t<\/div>\n\t\t\t\t<\/div>\n\t\t\t\t<\/div>\n\t\t<div class=\"elementor-element elementor-element-4d908ad e-con-full e-flex e-con e-child\" data-id=\"4d908ad\" data-element_type=\"container\">\n\t\t\t\t<div class=\"elementor-element elementor-element-8f050b3 elementor-widget elementor-widget-image\" data-id=\"8f050b3\" data-element_type=\"widget\" data-widget_type=\"image.default\">\n\t\t\t\t<div class=\"elementor-widget-container\">\n\t\t\t\t\t\t\t\t\t\t\t\t<figure class=\"wp-caption\">\n\t\t\t\t\t\t\t\t\t\t<img fetchpriority=\"high\" decoding=\"async\" width=\"800\" height=\"480\" src=\"https:\/\/delyava.com\/wp-content\/uploads\/2025\/02\/How-the-Portable-Picosecond-Laser-Device-Works-1024x614.jpeg\" class=\"attachment-large size-large wp-image-10277\" alt=\"Come funziona la rimozione del tatuaggio\" srcset=\"https:\/\/delyava.com\/wp-content\/uploads\/2025\/02\/How-the-Portable-Picosecond-Laser-Device-Works-1024x614.jpeg 1024w, https:\/\/delyava.com\/wp-content\/uploads\/2025\/02\/How-the-Portable-Picosecond-Laser-Device-Works-300x180.jpeg 300w, https:\/\/delyava.com\/wp-content\/uploads\/2025\/02\/How-the-Portable-Picosecond-Laser-Device-Works-768x461.jpeg 768w, https:\/\/delyava.com\/wp-content\/uploads\/2025\/02\/How-the-Portable-Picosecond-Laser-Device-Works-1536x922.jpeg 1536w, https:\/\/delyava.com\/wp-content\/uploads\/2025\/02\/How-the-Portable-Picosecond-Laser-Device-Works-18x12.jpeg 18w, https:\/\/delyava.com\/wp-content\/uploads\/2025\/02\/How-the-Portable-Picosecond-Laser-Device-Works-600x360.jpeg 600w, https:\/\/delyava.com\/wp-content\/uploads\/2025\/02\/How-the-Portable-Picosecond-Laser-Device-Works.jpeg 2000w\" sizes=\"(max-width: 800px) 100vw, 800px\" \/>\t\t\t\t\t\t\t\t\t\t\t<figcaption class=\"widget-image-caption wp-caption-text\">Come funziona la rimozione del tatuaggio<\/figcaption>\n\t\t\t\t\t\t\t\t\t\t<\/figure>\n\t\t\t\t\t\t\t\t\t<\/div>\n\t\t\t\t<\/div>\n\t\t\t\t<\/div>\n\t\t\t\t\t<\/div>\n\t\t\t\t<\/div>\n\t\t<div class=\"elementor-element elementor-element-a44b5d8 e-flex e-con-boxed e-con e-parent\" data-id=\"a44b5d8\" data-element_type=\"container\">\n\t\t\t\t\t<div class=\"e-con-inner\">\n\t\t\t\t<div class=\"elementor-element elementor-element-2e2b0ac elementor-widget elementor-widget-heading\" data-id=\"2e2b0ac\" data-element_type=\"widget\" data-widget_type=\"heading.default\">\n\t\t\t\t<div class=\"elementor-widget-container\">\n\t\t\t\t\t<h2 class=\"elementor-heading-title elementor-size-default\">Introduzione alla sonda strumentale<\/h2>\t\t\t\t<\/div>\n\t\t\t\t<\/div>\n\t\t\t\t\t<\/div>\n\t\t\t\t<\/div>\n\t\t<div class=\"elementor-element elementor-element-72f0be4 e-flex e-con-boxed e-con e-parent\" data-id=\"72f0be4\" data-element_type=\"container\">\n\t\t\t\t\t<div class=\"e-con-inner\">\n\t\t\t\t<div class=\"elementor-element elementor-element-fc646d4 elementor-widget elementor-widget-image\" data-id=\"fc646d4\" data-element_type=\"widget\" data-widget_type=\"image.default\">\n\t\t\t\t<div class=\"elementor-widget-container\">\n\t\t\t\t\t\t\t\t\t\t\t\t\t\t\t<img decoding=\"async\" width=\"800\" height=\"800\" src=\"https:\/\/delyava.com\/wp-content\/uploads\/2025\/02\/Instrument-Probe.jpg\" class=\"attachment-large size-large wp-image-10286\" alt=\"Sonda dello strumento\" srcset=\"https:\/\/delyava.com\/wp-content\/uploads\/2025\/02\/Instrument-Probe.jpg 800w, https:\/\/delyava.com\/wp-content\/uploads\/2025\/02\/Instrument-Probe-300x300.jpg 300w, https:\/\/delyava.com\/wp-content\/uploads\/2025\/02\/Instrument-Probe-150x150.jpg 150w, https:\/\/delyava.com\/wp-content\/uploads\/2025\/02\/Instrument-Probe-768x768.jpg 768w, https:\/\/delyava.com\/wp-content\/uploads\/2025\/02\/Instrument-Probe-12x12.jpg 12w, https:\/\/delyava.com\/wp-content\/uploads\/2025\/02\/Instrument-Probe-600x600.jpg 600w, https:\/\/delyava.com\/wp-content\/uploads\/2025\/02\/Instrument-Probe-100x100.jpg 100w\" sizes=\"(max-width: 800px) 100vw, 800px\" \/>\t\t\t\t\t\t\t\t\t\t\t\t\t\t\t<\/div>\n\t\t\t\t<\/div>\n\t\t\t\t<div class=\"elementor-element elementor-element-0fb162c elementor-widget elementor-widget-text-editor\" data-id=\"0fb162c\" data-element_type=\"widget\" data-widget_type=\"text-editor.default\">\n\t\t\t\t<div class=\"elementor-widget-container\">\n\t\t\t\t\t\t\t\t\t<ol><li>IL\u00a0<strong>1064nm (testa rotonda)<\/strong> Il manipolo viene utilizzato per rimuovere la pigmentazione blu, nera e ciano.<\/li><li>IL <strong>532nm (testa quadrata)<\/strong> Il manipolo viene utilizzato per rimuovere le pigmentazioni rosse, marroni e color caff\u00e8.<\/li><li>Durante il trattamento, l&#039;operatore deve tenere il manipolo laser il pi\u00f9 vicino possibile a un angolo di 90 gradi rispetto all&#039;area da trattare, per garantire un&#039;emissione laser verticale e ridurre al minimo la perdita di energia.<\/li><\/ol><ul><li><p>Per rimuovere sopracciglia, eyeliner e contorno labbra, i punti laser devono sovrapporsi e muoversi in linea retta.<\/p><\/li><li><p>Per la rimozione di macchie e nei, trattare piccole aree in pi\u00f9 sedute. Dopo aver trattato ogni piccola sezione, assicurarsi che l&#039;area presenti un leggero sanguinamento.<\/p><\/li><\/ul>\t\t\t\t\t\t\t\t<\/div>\n\t\t\t\t<\/div>\n\t\t\t\t\t<\/div>\n\t\t\t\t<\/div>\n\t\t<div class=\"elementor-element elementor-element-1a5fb2b e-flex e-con-boxed e-con e-parent\" data-id=\"1a5fb2b\" data-element_type=\"container\">\n\t\t\t\t\t<div class=\"e-con-inner\">\n\t\t\t\t<div class=\"elementor-element elementor-element-aff06ca elementor-widget elementor-widget-heading\" data-id=\"aff06ca\" data-element_type=\"widget\" data-widget_type=\"heading.default\">\n\t\t\t\t<div class=\"elementor-widget-container\">\n\t\t\t\t\t<h2 class=\"elementor-heading-title elementor-size-default\">Tabella di riferimento del programma di trattamento<\/h2>\t\t\t\t<\/div>\n\t\t\t\t<\/div>\n\t\t\t\t\t<\/div>\n\t\t\t\t<\/div>\n\t\t<div class=\"elementor-element elementor-element-e2c2bd2 e-flex e-con-boxed e-con e-parent\" data-id=\"e2c2bd2\" data-element_type=\"container\">\n\t\t\t\t\t<div class=\"e-con-inner\">\n\t\t\t\t<div class=\"elementor-element elementor-element-c104212 elementor-widget elementor-widget-text-editor\" data-id=\"c104212\" data-element_type=\"widget\" data-widget_type=\"text-editor.default\">\n\t\t\t\t<div class=\"elementor-widget-container\">\n\t\t\t\t\t\t\t\t\t<table><colgroup><col width=\"224\" \/><col width=\"251\" \/><col width=\"248\" \/><col width=\"258\" \/><\/colgroup><tbody><tr><td>Caso<\/td><td>Corsi di trattamento obbligatori (numero di trattamenti)<\/td><td>Intervallo di trattamento (intervallo tra due trattamenti)<\/td><td>Osservazioni (Requisiti intra-operativi)<\/td><\/tr><tr><td>Sopracciglia tatuate (eyeliner tatuato)<\/td><td>1 \u2013 3 volte<\/td><td>30 \u2013 60 giorni<\/td><td>Raschiare le sopracciglia e proteggere gli occhi<\/td><\/tr><tr><td>Tatuaggio (tatuaggio traumatico)<\/td><td>3 \u2013 5 volte<\/td><td>30 \u2013 60 giorni<\/td><td>Il sanguinamento nella zona interessata d\u00e0 un effetto migliore<\/td><\/tr><tr><td>Lentiggini, macchie senili<\/td><td>2 \u2013 3 volte<\/td><td>15 \u2013 30 giorni<\/td><td>Il sanguinamento nella zona interessata d\u00e0 un effetto migliore<\/td><\/tr><tr><td>Nei, Ota Nevi<\/td><td>3 \u2013 7 volte<\/td><td>45 \u2013 60 giorni<\/td><td>Il sanguinamento nella zona interessata d\u00e0 un effetto migliore<\/td><\/tr><tr><td>Bambola nera di bellezza<\/td><td>6 \u2013 10 volte<\/td><td>7 \u2013 14 giorni<\/td><td>Nessun danno alla pelle<\/td><\/tr><\/tbody><\/table>\t\t\t\t\t\t\t\t<\/div>\n\t\t\t\t<\/div>\n\t\t\t\t\t<\/div>\n\t\t\t\t<\/div>\n\t\t<div class=\"elementor-element elementor-element-1822c3b e-flex e-con-boxed e-con e-parent\" data-id=\"1822c3b\" data-element_type=\"container\">\n\t\t\t\t\t<div class=\"e-con-inner\">\n\t\t<div class=\"elementor-element elementor-element-cef95eb e-con-full e-flex e-con e-child\" data-id=\"cef95eb\" data-element_type=\"container\">\n\t\t<div class=\"elementor-element elementor-element-63581f5 e-con-full e-flex e-con e-child\" data-id=\"63581f5\" data-element_type=\"container\">\n\t\t<div class=\"elementor-element elementor-element-c3eb72d e-con-full e-flex e-con e-child\" data-id=\"c3eb72d\" data-element_type=\"container\">\n\t\t\t\t<div class=\"elementor-element elementor-element-314ba52 elementor-widget elementor-widget-image\" data-id=\"314ba52\" data-element_type=\"widget\" data-widget_type=\"image.default\">\n\t\t\t\t<div class=\"elementor-widget-container\">\n\t\t\t\t\t\t\t\t\t\t\t\t\t\t\t<img decoding=\"async\" width=\"800\" height=\"513\" src=\"https:\/\/delyava.com\/wp-content\/uploads\/2025\/02\/Applications-1024x657.jpeg\" class=\"attachment-large size-large wp-image-10282\" alt=\"Applicazioni\" srcset=\"https:\/\/delyava.com\/wp-content\/uploads\/2025\/02\/Applications-1024x657.jpeg 1024w, https:\/\/delyava.com\/wp-content\/uploads\/2025\/02\/Applications-300x192.jpeg 300w, https:\/\/delyava.com\/wp-content\/uploads\/2025\/02\/Applications-768x493.jpeg 768w, https:\/\/delyava.com\/wp-content\/uploads\/2025\/02\/Applications-1536x985.jpeg 1536w, https:\/\/delyava.com\/wp-content\/uploads\/2025\/02\/Applications-18x12.jpeg 18w, https:\/\/delyava.com\/wp-content\/uploads\/2025\/02\/Applications-600x385.jpeg 600w, https:\/\/delyava.com\/wp-content\/uploads\/2025\/02\/Applications.jpeg 1724w\" sizes=\"(max-width: 800px) 100vw, 800px\" \/>\t\t\t\t\t\t\t\t\t\t\t\t\t\t\t<\/div>\n\t\t\t\t<\/div>\n\t\t\t\t<\/div>\n\t\t\t\t<\/div>\n\t\t<div class=\"elementor-element elementor-element-06608fe e-con-full e-flex e-con e-child\" data-id=\"06608fe\" data-element_type=\"container\">\n\t\t\t\t<div class=\"elementor-element elementor-element-6a224eb elementor-widget elementor-widget-heading\" data-id=\"6a224eb\" data-element_type=\"widget\" data-widget_type=\"heading.default\">\n\t\t\t\t<div class=\"elementor-widget-container\">\n\t\t\t\t\t<h2 class=\"elementor-heading-title elementor-size-default\">Applicazioni per la rimozione dei tatuaggi con il laser Pico<\/h2>\t\t\t\t<\/div>\n\t\t\t\t<\/div>\n\t\t\t\t<div class=\"elementor-element elementor-element-68a1fa0 elementor-widget elementor-widget-text-editor\" data-id=\"68a1fa0\" data-element_type=\"widget\" data-widget_type=\"text-editor.default\">\n\t\t\t\t<div class=\"elementor-widget-container\">\n\t\t\t\t\t\t\t\t\t<div data-page-id=\"NKUOdHU5AorUHjx01y2cSQIan2d\" data-lark-html-role=\"root\" data-docx-has-block-data=\"false\"><ul class=\"list-bullet1\"><li class=\"ace-line ace-line old-record-id-WV8Gd2VwEoIZzMx6OQ4ciFkNn8o\" data-list=\"bullet\"><div>Rimozione di varie sopracciglia, ricamo delle sopracciglia, tatuaggi, rimozione di eyeliner e contorno labbra.<\/div><\/li><li class=\"ace-line ace-line old-record-id-RtENdMq9voSOkoxgZRxctAWNnJb\" data-list=\"bullet\"><div>Rimuove i tatuaggi rossi, blu, marroni, beige e di tutti i colori.<\/div><\/li><li data-list=\"bullet\">Rimozione di cloasma, macchie del derma, pigmenti senili, nei, nevi di Ota ecc.<\/li><\/ul><\/div>\t\t\t\t\t\t\t\t<\/div>\n\t\t\t\t<\/div>\n\t\t\t\t<\/div>\n\t\t\t\t<\/div>\n\t\t\t\t\t<\/div>\n\t\t\t\t<\/div>\n\t\t<div class=\"elementor-element elementor-element-fdd66de e-flex e-con-boxed e-con e-parent\" data-id=\"fdd66de\" data-element_type=\"container\">\n\t\t\t\t\t<div class=\"e-con-inner\">\n\t\t\t\t<div class=\"elementor-element elementor-element-cce874d elementor-widget elementor-widget-heading\" data-id=\"cce874d\" data-element_type=\"widget\" data-widget_type=\"heading.default\">\n\t\t\t\t<div class=\"elementor-widget-container\">\n\t\t\t\t\t<h2 class=\"elementor-heading-title elementor-size-default\">Trattamento laser per tatuaggi prima e dopo<\/h2>\t\t\t\t<\/div>\n\t\t\t\t<\/div>\n\t\t\t\t\t<\/div>\n\t\t\t\t<\/div>\n\t\t<div class=\"elementor-element elementor-element-8724c99 e-flex e-con-boxed e-con e-parent\" data-id=\"8724c99\" data-element_type=\"container\">\n\t\t\t\t\t<div class=\"e-con-inner\">\n\t\t\t\t<div class=\"elementor-element elementor-element-87c6081 elementor-widget__width-initial elementor-widget elementor-widget-text-editor\" data-id=\"87c6081\" data-element_type=\"widget\" data-widget_type=\"text-editor.default\">\n\t\t\t\t<div class=\"elementor-widget-container\">\n\t\t\t\t\t\t\t\t\t<p><strong>1. Effetti immediati:<\/strong><\/p><ul><li>Le aree pigmentate potrebbero scurirsi leggermente (formazione di croste o crosticine temporanee).<\/li><li>La pelle potrebbe apparire leggermente arrossata o gonfia, ma questo fenomeno scompare nel giro di poche ore o un giorno.<\/li><\/ul><p><strong>2. Risultati a breve termine (1-2 settimane):<\/strong><\/p><ul><li>La pigmentazione scura inizia a sfaldarsi, rivelando la pelle sottostante pi\u00f9 chiara e chiara.<\/li><li>Il tono della pelle appare pi\u00f9 uniforme e luminoso.<\/li><li>Le linee sottili e le rughe mostrano un miglioramento iniziale.<\/li><\/ul><p><strong>3. Risultati a lungo termine (4-6 settimane):<\/strong><\/p><ul><li>Riduzione significativa della pigmentazione, con macchie scure, lentiggini o melasma visibilmente sbiaditi o completamente rimossi.<\/li><li>Miglioramento della consistenza della pelle, riduzione delle cicatrici da acne e superficie cutanea pi\u00f9 liscia.<\/li><li>Maggiore elasticit\u00e0 e tonicit\u00e0 della pelle, con un aspetto pi\u00f9 giovanile.<\/li><li>Incarnato complessivamente pi\u00f9 luminoso, pi\u00f9 sano e pi\u00f9 uniforme.<\/li><\/ul>\t\t\t\t\t\t\t\t<\/div>\n\t\t\t\t<\/div>\n\t\t<div class=\"elementor-element elementor-element-3e0704c e-con-full e-flex e-con e-child\" data-id=\"3e0704c\" data-element_type=\"container\">\n\t\t\t\t<div class=\"elementor-element elementor-element-d8a88e7 elementor-widget elementor-widget-image\" data-id=\"d8a88e7\" data-element_type=\"widget\" data-widget_type=\"image.default\">\n\t\t\t\t<div class=\"elementor-widget-container\">\n\t\t\t\t\t\t\t\t\t\t\t\t\t\t\t<img loading=\"lazy\" decoding=\"async\" width=\"700\" height=\"514\" src=\"https:\/\/delyava.com\/wp-content\/uploads\/2025\/02\/Portable-Picosecond-Laser-Device-Before-and-After-1.png\" class=\"attachment-large size-large wp-image-10292\" alt=\"Dispositivo laser portatile a picosecondi prima e dopo\" srcset=\"https:\/\/delyava.com\/wp-content\/uploads\/2025\/02\/Portable-Picosecond-Laser-Device-Before-and-After-1.png 700w, https:\/\/delyava.com\/wp-content\/uploads\/2025\/02\/Portable-Picosecond-Laser-Device-Before-and-After-1-300x220.png 300w, https:\/\/delyava.com\/wp-content\/uploads\/2025\/02\/Portable-Picosecond-Laser-Device-Before-and-After-1-16x12.png 16w, https:\/\/delyava.com\/wp-content\/uploads\/2025\/02\/Portable-Picosecond-Laser-Device-Before-and-After-1-600x441.png 600w\" sizes=\"(max-width: 700px) 100vw, 700px\" \/>\t\t\t\t\t\t\t\t\t\t\t\t\t\t\t<\/div>\n\t\t\t\t<\/div>\n\t\t\t\t<div class=\"elementor-element elementor-element-75b2d7f elementor-widget elementor-widget-image\" data-id=\"75b2d7f\" data-element_type=\"widget\" data-widget_type=\"image.default\">\n\t\t\t\t<div class=\"elementor-widget-container\">\n\t\t\t\t\t\t\t\t\t\t\t\t\t\t\t<img loading=\"lazy\" decoding=\"async\" width=\"800\" height=\"583\" src=\"https:\/\/delyava.com\/wp-content\/uploads\/2025\/02\/Portable-Picosecond-Laser-Device-Before-and-After-2-1024x746.png\" class=\"attachment-large size-large wp-image-10293\" alt=\"Dispositivo laser portatile a picosecondi prima e dopo\" srcset=\"https:\/\/delyava.com\/wp-content\/uploads\/2025\/02\/Portable-Picosecond-Laser-Device-Before-and-After-2-1024x746.png 1024w, https:\/\/delyava.com\/wp-content\/uploads\/2025\/02\/Portable-Picosecond-Laser-Device-Before-and-After-2-300x219.png 300w, https:\/\/delyava.com\/wp-content\/uploads\/2025\/02\/Portable-Picosecond-Laser-Device-Before-and-After-2-768x560.png 768w, https:\/\/delyava.com\/wp-content\/uploads\/2025\/02\/Portable-Picosecond-Laser-Device-Before-and-After-2-16x12.png 16w, https:\/\/delyava.com\/wp-content\/uploads\/2025\/02\/Portable-Picosecond-Laser-Device-Before-and-After-2-600x437.png 600w, https:\/\/delyava.com\/wp-content\/uploads\/2025\/02\/Portable-Picosecond-Laser-Device-Before-and-After-2.png 1179w\" sizes=\"(max-width: 800px) 100vw, 800px\" \/>\t\t\t\t\t\t\t\t\t\t\t\t\t\t\t<\/div>\n\t\t\t\t<\/div>\n\t\t\t\t<\/div>\n\t\t\t\t\t<\/div>\n\t\t\t\t<\/div>\n\t\t<div class=\"elementor-element elementor-element-e741634 e-flex e-con-boxed e-con e-parent\" data-id=\"e741634\" data-element_type=\"container\">\n\t\t\t\t\t<div class=\"e-con-inner\">\n\t\t\t\t<div class=\"elementor-element elementor-element-e042ac3 elementor-widget elementor-widget-heading\" data-id=\"e042ac3\" data-element_type=\"widget\" data-widget_type=\"heading.default\">\n\t\t\t\t<div class=\"elementor-widget-container\">\n\t\t\t\t\t<h4 class=\"elementor-heading-title elementor-size-default\">Parametri di rimozione del tatuaggio laser Picosure<\/h4>\t\t\t\t<\/div>\n\t\t\t\t<\/div>\n\t\t\t\t<div class=\"elementor-element elementor-element-0298e5b elementor-widget elementor-widget-text-editor\" data-id=\"0298e5b\" data-element_type=\"widget\" data-widget_type=\"text-editor.default\">\n\t\t\t\t<div class=\"elementor-widget-container\">\n\t\t\t\t\t\t\t\t\t<table><colgroup><col width=\"238\" \/><col width=\"448\" \/><\/colgroup><tbody><tr><td>Categoria<\/td><td>Dettagli<\/td><\/tr><tr><td><strong>Parametri tecnici principali<\/strong><\/td><td>\u00a0<\/td><\/tr><tr><td>Tipo di laser<\/td><td>Laser a stato solido Nd:YAG Q-switched, lunghezze d&#039;onda in uscita: 1064nm\/532nm\/755nm\/Black Doll<\/td><\/tr><tr><td>Densit\u00e0 energetica<\/td><td>1 \u2013 600 mJ\/cm\u00b2<\/td><\/tr><tr><td>Frequenza di ripetizione<\/td><td>10 Hz<\/td><\/tr><tr><td>Metodo di raffreddamento<\/td><td>Aria \u2013 raffreddamento + Acqua \u2013 raffreddamento<\/td><\/tr><tr><td>Alimentazione elettrica<\/td><td>Monofase 220V\/10A<\/td><\/tr><tr><td><strong>Principali parametri fisici<\/strong><\/td><td>\u00a0<\/td><\/tr><tr><td>Dimensioni della scatola esterna dello strumento (lunghezza \u00d7 larghezza \u00d7 altezza)<\/td><td>60\u00d743\u00d743 (netto)<\/td><\/tr><tr><td>Peso dello strumento<\/td><td>25KG<\/td><\/tr><\/tbody><\/table><p>\u00a0<\/p>\t\t\t\t\t\t\t\t<\/div>\n\t\t\t\t<\/div>\n\t\t\t\t\t<\/div>\n\t\t\t\t<\/div>\n\t\t<div class=\"elementor-element elementor-element-9b6194f e-flex e-con-boxed e-con e-parent\" data-id=\"9b6194f\" data-element_type=\"container\">\n\t\t\t\t\t<div class=\"e-con-inner\">\n\t\t<div class=\"elementor-element elementor-element-5b9bc99 e-con-full e-flex e-con e-child\" data-id=\"5b9bc99\" data-element_type=\"container\">\n\t\t\t\t<div class=\"elementor-element elementor-element-aa3be0d elementor-widget elementor-widget-heading\" data-id=\"aa3be0d\" data-element_type=\"widget\" data-widget_type=\"heading.default\">\n\t\t\t\t<div class=\"elementor-widget-container\">\n\t\t\t\t\t<h4 class=\"elementor-heading-title elementor-size-default\">FAQ<\/h4>\t\t\t\t<\/div>\n\t\t\t\t<\/div>\n\t\t\t\t<div class=\"elementor-element elementor-element-6e748f3 elementor-widget elementor-widget-text-editor\" data-id=\"6e748f3\" data-element_type=\"widget\" data-widget_type=\"text-editor.default\">\n\t\t\t\t<div class=\"elementor-widget-container\">\n\t\t\t\t\t\t\t\t\t<p><strong>1.<\/strong><strong>La rimozione dei tatuaggi con il laser ai picosecondi \u00e8 dolorosa?<\/strong><\/p><p>Durante il trattamento, potrebbe verificarsi una leggera sensazione di pizzicore o bruciore, ma \u00e8 generalmente tollerabile. Alcuni dispositivi sono dotati di sistemi di raffreddamento o anestetici topici per ridurre il disagio.<\/p><p><strong><b>2<\/b><\/strong><strong><b>.\u00a0<\/b><\/strong><strong>Quante sedute di laser off tattoo sono necessarie?<\/strong><\/p><p>Il numero di sedute varia a seconda delle differenze individuali e dei problemi della pelle. In genere, sono necessarie 3-6 sedute, distanziate di 4-6 settimane l&#039;una dall&#039;altra.<\/p><p><strong><b>3<\/b><\/strong><strong><b>.\u00a0<\/b><\/strong><strong>Come prendersi cura della pelle dopo un tatuaggio?<\/strong><\/p><ul><li>Evitare l&#039;esposizione diretta al sole e utilizzare una protezione solare con un fattore di protezione elevato.<\/li><li>Mantenere la pelle pulita ed evitare prodotti per la cura della pelle irritanti.<\/li><li>Evitare l&#039;acqua calda per lavarsi il viso e le saune.<\/li><li>Utilizzare prodotti riparatori seguendo le indicazioni del medico.<\/li><\/ul><p><strong><b>4<\/b><\/strong><strong><b>.\u00a0<\/b><\/strong><strong>Ci sono effetti collaterali nel trattamento di rimozione dei tatuaggi sulla pelle?<\/strong><\/p><p>Possono verificarsi rossori temporanei, leggere croste o pigmentazione, che di solito scompaiono entro pochi giorni o settimane. Gli effetti collaterali gravi sono rari, ma \u00e8 importante scegliere un istituto affidabile e un medico professionista.<\/p><p><strong><b>5<\/b><\/strong><strong><b>.\u00a0<\/b><\/strong><strong>Quanto tempo ci vuole perch\u00e9 si possano vedere i risultati dopo il trattamento laser per la rimozione dei tatuaggi?<\/strong><\/p><p>I risultati solitamente iniziano a vedersi entro 1-2 settimane e diventano pi\u00f9 evidenti con l&#039;aumentare del numero di trattamenti.<\/p><p><b>6.\u00a0<\/b><strong><b>\u00a0<\/b><\/strong><strong>La rimozione dei tatuaggi con il laser \u00e8 adatta a tutti?<\/strong><\/p><ul><li>Donne incinte o che allattano.<\/li><li>Individui con pelle fotosensibile o che assumono farmaci fotosensibili.<\/li><li>Soggetti affetti da malattie o infezioni cutanee attive.<\/li><li>Individui che si sono recentemente sottoposti ad altri trattamenti laser.<\/li><\/ul>\t\t\t\t\t\t\t\t<\/div>\n\t\t\t\t<\/div>\n\t\t\t\t<\/div>\n\t\t\t\t\t<\/div>\n\t\t\t\t<\/div>\n\t\t\t\t<\/div>","protected":false},"excerpt":{"rendered":"<div data-page-id=\"NKUOdHU5AorUHjx01y2cSQIan2d\" data-lark-html-role=\"root\" data-docx-has-block-data=\"false\">\n<ul>\n<li class=\"ace-line ace-line old-record-id-ZgwkdBG7Toc6h2xiLLbcYelmnpg\">Nessuna emorragia, nessun bisogno di anestesia.<\/li>\n<li class=\"ace-line ace-line old-record-id-K61XdH98koUSkFx6PC0cmOginJe\">Nuovo display LCD a colori, conteggio automatico tramite microcomputer.<\/li>\n<li class=\"ace-line ace-line old-record-id-O8CRdtuPZoeqWTxnMqQcjQN4ncd\">Movimento in rubino, il movimento non necessita di sostituzione, non necessita di manutenzione a vita.<\/li>\n<li class=\"ace-line ace-line old-record-id-FNd2dQiLmo0a2fx19x9cPipvnof\">Energia a impulsi luminosi, rimuove completamente tutti i tipi di pigmento.<\/li>\n<li class=\"ace-line ace-line old-record-id-W7x5d5xOJougC9xJ5AccBWsUnLb\">Doppia impostazione della lunghezza d&#039;onda, rimozione efficace della pigmentazione 532 nm, 1064 nm.<\/li>\n<li class=\"ace-line ace-line old-record-id-NDI1dGsmooZnlgxEblkcsoNMnLc\">Nuovo sistema di raffreddamento, raffreddato ad aria + raffreddato ad acqua + sistema di raffreddamento ad aria a circuito chiuso integrato, il tempo di funzionamento singolo \u00e8 pi\u00f9 lungo.<\/li>\n<li class=\"ace-line ace-line old-record-id-MNzCdwuBCoUmWixkrztcEHZrnPb\">Macchina portatile per tatuaggi alle sopracciglia, di piccole dimensioni, facile da trasportare.<\/li>\n<\/ul>\n<\/div>","protected":false},"featured_media":10274,"template":"","meta":{"_seopress_robots_primary_cat":"none","_seopress_titles_title":"","_seopress_titles_desc":"","_seopress_robots_index":""},"product_brand":[],"product_cat":[34],"product_tag":[],"class_list":{"0":"post-10273","1":"product","2":"type-product","3":"status-publish","4":"has-post-thumbnail","6":"product_cat-laser-tattoo-removal","8":"first","9":"instock","10":"shipping-taxable","11":"product-type-simple"},"_links":{"self":[{"href":"https:\/\/delyava.com\/it\/wp-json\/wp\/v2\/product\/10273","targetHints":{"allow":["GET"]}}],"collection":[{"href":"https:\/\/delyava.com\/it\/wp-json\/wp\/v2\/product"}],"about":[{"href":"https:\/\/delyava.com\/it\/wp-json\/wp\/v2\/types\/product"}],"version-history":[{"count":1,"href":"https:\/\/delyava.com\/it\/wp-json\/wp\/v2\/product\/10273\/revisions"}],"predecessor-version":[{"id":16094,"href":"https:\/\/delyava.com\/it\/wp-json\/wp\/v2\/product\/10273\/revisions\/16094"}],"wp:featuredmedia":[{"embeddable":true,"href":"https:\/\/delyava.com\/it\/wp-json\/wp\/v2\/media\/10274"}],"wp:attachment":[{"href":"https:\/\/delyava.com\/it\/wp-json\/wp\/v2\/media?parent=10273"}],"wp:term":[{"taxonomy":"product_brand","embeddable":true,"href":"https:\/\/delyava.com\/it\/wp-json\/wp\/v2\/product_brand?post=10273"},{"taxonomy":"product_cat","embeddable":true,"href":"https:\/\/delyava.com\/it\/wp-json\/wp\/v2\/product_cat?post=10273"},{"taxonomy":"product_tag","embeddable":true,"href":"https:\/\/delyava.com\/it\/wp-json\/wp\/v2\/product_tag?post=10273"}],"curies":[{"name":"wp","href":"https:\/\/api.w.org\/{rel}","templated":true}]}}