{"id":11825,"date":"2025-03-04T16:33:04","date_gmt":"2025-03-04T08:33:04","guid":{"rendered":"https:\/\/delyava.com\/?page_id=11825"},"modified":"2025-04-16T17:54:15","modified_gmt":"2025-04-16T09:54:15","slug":"vascular-lesions","status":"publish","type":"page","link":"https:\/\/delyava.com\/it\/vascular-lesions\/","title":{"rendered":"Lesioni vascolari"},"content":{"rendered":"<div data-elementor-type=\"wp-page\" data-elementor-id=\"11825\" class=\"elementor elementor-11825\" data-elementor-post-type=\"page\">\n\t\t\t\t\t\t<section class=\"elementor-section elementor-top-section elementor-element elementor-element-835d426 elementor-section-height-min-height elementor-section-content-middle elementor-section-boxed elementor-section-height-default elementor-section-items-middle\" data-id=\"835d426\" data-element_type=\"section\" data-settings=\"{&quot;background_background&quot;:&quot;classic&quot;}\">\n\t\t\t\t\t\t\t<div class=\"elementor-background-overlay\"><\/div>\n\t\t\t\t\t\t\t<div class=\"elementor-container elementor-column-gap-no\">\n\t\t\t\t\t<div class=\"elementor-column elementor-col-100 elementor-top-column elementor-element elementor-element-a1d284e\" data-id=\"a1d284e\" data-element_type=\"column\">\n\t\t\t<div class=\"elementor-widget-wrap elementor-element-populated\">\n\t\t\t\t\t\t<div class=\"elementor-element elementor-element-54d6b3c elementor-widget elementor-widget-heading\" data-id=\"54d6b3c\" data-element_type=\"widget\" data-widget_type=\"heading.default\">\n\t\t\t\t<div class=\"elementor-widget-container\">\n\t\t\t\t\t<h1 class=\"elementor-heading-title elementor-size-default\">Lesioni vascolari<\/h1>\t\t\t\t<\/div>\n\t\t\t\t<\/div>\n\t\t\t\t<div class=\"elementor-element elementor-element-d21695f elementor-widget elementor-widget-text-editor\" data-id=\"d21695f\" data-element_type=\"widget\" data-widget_type=\"text-editor.default\">\n\t\t\t\t<div class=\"elementor-widget-container\">\n\t\t\t\t\t\t\t\t\tTargeted laser energy gently breaks down unwanted blood vessels, causing them to gradually fade and be absorbed by the body. With each session, visible redness and discoloration diminish, leaving clearer, healthier-looking skin\u2014no damage to surrounding tissue. After a full course of treatment, vascular lesions are significantly reduced or completely resolved.\t\t\t\t\t\t\t\t<\/div>\n\t\t\t\t<\/div>\n\t\t\t\t\t<\/div>\n\t\t<\/div>\n\t\t\t\t\t<\/div>\n\t\t<\/section>\n\t\t<div class=\"elementor-element elementor-element-7cbe119 e-flex e-con-boxed e-con e-parent\" data-id=\"7cbe119\" data-element_type=\"container\">\n\t\t\t\t\t<div class=\"e-con-inner\">\n\t\t\t\t<div class=\"elementor-element elementor-element-c15c9c3 elementor-widget elementor-widget-heading\" data-id=\"c15c9c3\" data-element_type=\"widget\" data-widget_type=\"heading.default\">\n\t\t\t\t<div class=\"elementor-widget-container\">\n\t\t\t\t\t<h2 class=\"elementor-heading-title elementor-size-default\">Lesioni vascolari<\/h2>\t\t\t\t<\/div>\n\t\t\t\t<\/div>\n\t\t\t\t\t<\/div>\n\t\t\t\t<\/div>\n\t\t<div class=\"elementor-element elementor-element-865fab7 e-flex e-con-boxed e-con e-parent\" data-id=\"865fab7\" data-element_type=\"container\">\n\t\t\t\t\t<div class=\"e-con-inner\">\n\t\t<div class=\"elementor-element elementor-element-15551f8 e-con-full e-flex e-con e-child\" data-id=\"15551f8\" data-element_type=\"container\">\n\t\t<div class=\"elementor-element elementor-element-5b82836 e-con-full e-flex e-con e-child\" data-id=\"5b82836\" data-element_type=\"container\">\n\t\t<div class=\"elementor-element elementor-element-935e6c1 e-con-full e-flex e-con e-child\" data-id=\"935e6c1\" data-element_type=\"container\">\n\t\t\t\t<div class=\"elementor-element elementor-element-b19df9d elementor-widget elementor-widget-text-editor\" data-id=\"b19df9d\" data-element_type=\"widget\" data-widget_type=\"text-editor.default\">\n\t\t\t\t<div class=\"elementor-widget-container\">\n\t\t\t\t\t\t\t\t\t<p>Le lesioni vascolari sono condizioni anomale pi\u00f9 comuni nella pelle e nei tessuti sottocutanei. Le vene a ragno, le vene varicose nelle gambe e le vene varicose sono estremamente comuni nella popolazione. Una condizione meno comune ma molto evidente \u00e8 la decolorazione del vino, soprattutto quando presente sul viso. Tra le altre classificazioni, ci sono diversi tipi di malformazioni vascolari, tra cui malformazioni capillari, malformazioni venose, malformazioni linfatiche e malformazioni arteriose. Nella popolazione pediatrica, il tipo pi\u00f9 comune di lesione vascolare \u00e8 l&#039;emangioma. Si tratta di tumori benigni che di solito appaiono come macchie rosa o rosse subito dopo la nascita e continuano a crescere nel tempo, anche durante l&#039;et\u00e0 adulta. Le donne hanno un&#039;alta prevalenza di questi problemi venosi esteticamente sgradevoli, con pi\u00f9 della met\u00e0 della popolazione adulta che ne \u00e8 affetta.<\/p>\t\t\t\t\t\t\t\t<\/div>\n\t\t\t\t<\/div>\n\t\t\t\t<\/div>\n\t\t<div class=\"elementor-element elementor-element-47dd681 e-con-full e-flex e-con e-child\" data-id=\"47dd681\" data-element_type=\"container\">\n\t\t\t\t<div class=\"elementor-element elementor-element-dbd4b98 elementor-widget elementor-widget-image\" data-id=\"dbd4b98\" data-element_type=\"widget\" data-widget_type=\"image.default\">\n\t\t\t\t<div class=\"elementor-widget-container\">\n\t\t\t\t\t\t\t\t\t\t\t\t<figure class=\"wp-caption\">\n\t\t\t\t\t\t\t\t\t\t<img fetchpriority=\"high\" decoding=\"async\" width=\"800\" height=\"600\" src=\"https:\/\/delyava.com\/wp-content\/uploads\/2025\/03\/Vascular-Lesions-1-1024x768.jpg\" class=\"attachment-large size-large wp-image-11842\" alt=\"Lesioni vascolari\" srcset=\"https:\/\/delyava.com\/wp-content\/uploads\/2025\/03\/Vascular-Lesions-1-1024x768.jpg 1024w, https:\/\/delyava.com\/wp-content\/uploads\/2025\/03\/Vascular-Lesions-1-300x225.jpg 300w, https:\/\/delyava.com\/wp-content\/uploads\/2025\/03\/Vascular-Lesions-1-768x576.jpg 768w, https:\/\/delyava.com\/wp-content\/uploads\/2025\/03\/Vascular-Lesions-1-1536x1152.jpg 1536w, https:\/\/delyava.com\/wp-content\/uploads\/2025\/03\/Vascular-Lesions-1-2048x1536.jpg 2048w, https:\/\/delyava.com\/wp-content\/uploads\/2025\/03\/Vascular-Lesions-1-16x12.jpg 16w, https:\/\/delyava.com\/wp-content\/uploads\/2025\/03\/Vascular-Lesions-1-600x450.jpg 600w\" sizes=\"(max-width: 800px) 100vw, 800px\" \/>\t\t\t\t\t\t\t\t\t\t\t<figcaption class=\"widget-image-caption wp-caption-text\">Lesioni vascolari<\/figcaption>\n\t\t\t\t\t\t\t\t\t\t<\/figure>\n\t\t\t\t\t\t\t\t\t<\/div>\n\t\t\t\t<\/div>\n\t\t\t\t<\/div>\n\t\t\t\t<\/div>\n\t\t<div class=\"elementor-element elementor-element-58c2664 e-con-full e-flex e-con e-child\" data-id=\"58c2664\" data-element_type=\"container\">\n\t\t<div class=\"elementor-element elementor-element-57cc377 e-con-full e-flex e-con e-child\" data-id=\"57cc377\" data-element_type=\"container\">\n\t\t\t\t<div class=\"elementor-element elementor-element-95d1eb3 elementor-widget elementor-widget-heading\" data-id=\"95d1eb3\" data-element_type=\"widget\" data-widget_type=\"heading.default\">\n\t\t\t\t<div class=\"elementor-widget-container\">\n\t\t\t\t\t<h3 class=\"elementor-heading-title elementor-size-default\">Come funziona il trattamento delle lesioni vascolari?<\/h3>\t\t\t\t<\/div>\n\t\t\t\t<\/div>\n\t\t\t\t<div class=\"elementor-element elementor-element-40b7b90 elementor-widget elementor-widget-text-editor\" data-id=\"40b7b90\" data-element_type=\"widget\" data-widget_type=\"text-editor.default\">\n\t\t\t\t<div class=\"elementor-widget-container\">\n\t\t\t\t\t\t\t\t\t<p><a href=\"http:\/\/delyava.com\/it\/\">Delia<\/a> offre un programma di trattamento delle lesioni vascolari che chiude i vasi sanguigni anomali in modo non invasivo ed efficace, riducendo o eliminando le loro manifestazioni esteriori. Il trattamento utilizza <a href=\"https:\/\/delyava.com\/it\/\/shr-ipl-laser-system\/\">Luce pulsata intensa (IPL)<\/a> o un preciso <a href=\"https:\/\/delyava.com\/it\/\/980nm-diode-laser\/\">Lunghezza d&#039;onda laser 980 nm<\/a> colpire solo i vasi sanguigni malformati sotto la pelle, bloccandone l&#039;afflusso di sangue.<br \/>L&#039;obiettivo fondamentale del trattamento laser delle lesioni vascolari \u00e8 quello di utilizzare l&#039;assorbimento della luce da parte dell&#039;emoglobina per riscaldare le pareti dei vasi sanguigni, distruggendo cos\u00ec i vasi anomali in modo mirato. La lunghezza d&#039;onda scelta deve essere selettivamente assorbita dall&#039;emoglobina e la lunghezza dell&#039;impulso deve essere sufficientemente breve da limitare il calore ai vasi sanguigni ed evitare danni non necessari ai tessuti circostanti.<\/p>\t\t\t\t\t\t\t\t<\/div>\n\t\t\t\t<\/div>\n\t\t\t\t<\/div>\n\t\t<div class=\"elementor-element elementor-element-8b7312b e-con-full e-flex e-con e-child\" data-id=\"8b7312b\" data-element_type=\"container\">\n\t\t\t\t<div class=\"elementor-element elementor-element-c09b5c1 elementor-widget elementor-widget-image\" data-id=\"c09b5c1\" data-element_type=\"widget\" data-widget_type=\"image.default\">\n\t\t\t\t<div class=\"elementor-widget-container\">\n\t\t\t\t\t\t\t\t\t\t\t\t<figure class=\"wp-caption\">\n\t\t\t\t\t\t\t\t\t\t<img decoding=\"async\" width=\"360\" height=\"241\" src=\"https:\/\/delyava.com\/wp-content\/uploads\/2025\/03\/How-Does-The-Vascular-Lesions-Treatment-Work.jpg\" class=\"attachment-large size-large wp-image-11851\" alt=\"Come funziona il trattamento delle lesioni vascolari\" srcset=\"https:\/\/delyava.com\/wp-content\/uploads\/2025\/03\/How-Does-The-Vascular-Lesions-Treatment-Work.jpg 360w, https:\/\/delyava.com\/wp-content\/uploads\/2025\/03\/How-Does-The-Vascular-Lesions-Treatment-Work-300x201.jpg 300w, https:\/\/delyava.com\/wp-content\/uploads\/2025\/03\/How-Does-The-Vascular-Lesions-Treatment-Work-18x12.jpg 18w\" sizes=\"(max-width: 360px) 100vw, 360px\" \/>\t\t\t\t\t\t\t\t\t\t\t<figcaption class=\"widget-image-caption wp-caption-text\">Come funziona il trattamento delle lesioni vascolari<\/figcaption>\n\t\t\t\t\t\t\t\t\t\t<\/figure>\n\t\t\t\t\t\t\t\t\t<\/div>\n\t\t\t\t<\/div>\n\t\t\t\t<\/div>\n\t\t\t\t<\/div>\n\t\t\t\t<\/div>\n\t\t\t\t\t<\/div>\n\t\t\t\t<\/div>\n\t\t<div class=\"elementor-element elementor-element-23c7c34 e-flex e-con-boxed e-con e-parent\" data-id=\"23c7c34\" data-element_type=\"container\">\n\t\t\t\t\t<div class=\"e-con-inner\">\n\t\t\t\t<div class=\"elementor-element elementor-element-58f79d2 elementor-widget elementor-widget-heading\" data-id=\"58f79d2\" data-element_type=\"widget\" data-widget_type=\"heading.default\">\n\t\t\t\t<div class=\"elementor-widget-container\">\n\t\t\t\t\t<h2 class=\"elementor-heading-title elementor-size-default\">Perch\u00e9 scegliere la terapia laser\/luce per le vene varicose?<\/h2>\t\t\t\t<\/div>\n\t\t\t\t<\/div>\n\t\t\t\t<div class=\"elementor-element elementor-element-f83aaca elementor-widget elementor-widget-text-editor\" data-id=\"f83aaca\" data-element_type=\"widget\" data-widget_type=\"text-editor.default\">\n\t\t\t\t<div class=\"elementor-widget-container\">\n\t\t\t\t\t\t\t\t\t<p>La terapia laser\/luce \u00e8 considerata il trattamento di scelta per le vene varicose del viso, ma pu\u00f2 essere utilizzata anche su altre parti del corpo.<\/p><p>Le malformazioni capillari (macchie di vino; caso numero 9) richiedono una serie di trattamenti. Bisogna fare attenzione a evitare sovrapposizioni di aree di esposizione al laser durante il trattamento per prevenire cambiamenti pigmentari e ulcerazioni. L&#039;intervallo tra i trattamenti laser \u00e8 di almeno 2 settimane. L&#039;obiettivo del trattamento \u00e8 ottenere una significativa decolorazione. Tuttavia, non \u00e8 possibile far scomparire completamente queste lesioni. Ancora una volta, non sono state osservate cicatrici dopo il trattamento. Nella maggior parte dei casi, l&#039;anestesia non \u00e8 richiesta per le lesioni esterne al viso negli adulti.<\/p><p>La dilatazione capillare facciale e la rosacea possono essere trattate anche con il laser a semiconduttore da 980 nm. I capillari dilatati nel naso sono particolarmente dolorosi da trattare. La durata dell&#039;impulso dovrebbe essere almeno tre volte pi\u00f9 breve dell&#039;intervallo dell&#039;impulso per evitare ulcerazioni. La rosacea richiede una serie di trattamenti per ottenere buoni risultati. Si dovrebbe usare una protezione solare durante il trattamento, insieme a metronidazolo topico per la rosacea.<\/p><p>I capillari a ragno nelle gambe che non rispondono alla scleroterapia possono essere trattati con un laser a semiconduttore. I capillari rossi sono pi\u00f9 efficaci di quelli blu. I capillari sulle gambe possono ricomparire dopo un periodo di tempo.<\/p><p>I cheloidi possono essere trattati con la terapia laser durante la fase di arrossamento. A questo punto, il trattamento laser ha come bersaglio la neovascolarizzazione. I laser a semiconduttore riducono l&#039;arrossamento ma non hanno effetto sulla larghezza o sull&#039;altezza del cheloide. Per questo motivo, il trattamento \u00e8 combinato con laser esfoliativo e\/o iniezioni intralesionali di corticosteroidi. Non \u00e8 stata osservata alcuna ulteriore crescita del cheloide dopo il trattamento con il laser a semiconduttore.<\/p><p>La potenza, la durata dell&#039;impulso e l&#039;intervallo dell&#039;impulso devono essere regolati attentamente durante il trattamento per evitare la formazione di cicatrici e ipopigmentazione. Indossare occhiali protettivi \u00e8 essenziale per prevenire lesioni accidentali agli occhi.<\/p>\t\t\t\t\t\t\t\t<\/div>\n\t\t\t\t<\/div>\n\t\t\t\t\t<\/div>\n\t\t\t\t<\/div>\n\t\t<div class=\"elementor-element elementor-element-100d752 e-flex e-con-boxed e-con e-parent\" data-id=\"100d752\" data-element_type=\"container\">\n\t\t\t\t\t<div class=\"e-con-inner\">\n\t\t<div class=\"elementor-element elementor-element-2ab8f55 e-con-full e-flex e-con e-child\" data-id=\"2ab8f55\" data-element_type=\"container\">\n\t\t\t\t<div class=\"elementor-element elementor-element-b162f51 elementor-widget elementor-widget-heading\" data-id=\"b162f51\" data-element_type=\"widget\" data-widget_type=\"heading.default\">\n\t\t\t\t<div class=\"elementor-widget-container\">\n\t\t\t\t\t<h3 class=\"elementor-heading-title elementor-size-default\">Trattamento delle lesioni vascolari prima e dopo le foto<\/h3>\t\t\t\t<\/div>\n\t\t\t\t<\/div>\n\t\t\t\t<\/div>\n\t\t<div class=\"elementor-element elementor-element-a50a087 e-con-full e-flex e-con e-child\" data-id=\"a50a087\" data-element_type=\"container\">\n\t\t<div class=\"elementor-element elementor-element-0a510e1 e-con-full e-flex e-con e-child\" data-id=\"0a510e1\" data-element_type=\"container\">\n\t\t\t\t<div class=\"elementor-element elementor-element-eb47239 elementor-widget elementor-widget-image\" data-id=\"eb47239\" data-element_type=\"widget\" data-widget_type=\"image.default\">\n\t\t\t\t<div class=\"elementor-widget-container\">\n\t\t\t\t\t\t\t\t\t\t\t\t<figure class=\"wp-caption\">\n\t\t\t\t\t\t\t\t\t\t<img decoding=\"async\" width=\"500\" height=\"224\" src=\"https:\/\/delyava.com\/wp-content\/uploads\/2025\/03\/Facial-Redness-Improvement-Before-and-After.jpg\" class=\"attachment-large size-large wp-image-11864\" alt=\"Miglioramento del rossore del viso prima e dopo\" srcset=\"https:\/\/delyava.com\/wp-content\/uploads\/2025\/03\/Facial-Redness-Improvement-Before-and-After.jpg 500w, https:\/\/delyava.com\/wp-content\/uploads\/2025\/03\/Facial-Redness-Improvement-Before-and-After-300x134.jpg 300w, https:\/\/delyava.com\/wp-content\/uploads\/2025\/03\/Facial-Redness-Improvement-Before-and-After-18x8.jpg 18w\" sizes=\"(max-width: 500px) 100vw, 500px\" \/>\t\t\t\t\t\t\t\t\t\t\t<figcaption class=\"widget-image-caption wp-caption-text\">Miglioramento del rossore del viso prima e dopo<\/figcaption>\n\t\t\t\t\t\t\t\t\t\t<\/figure>\n\t\t\t\t\t\t\t\t\t<\/div>\n\t\t\t\t<\/div>\n\t\t\t\t<\/div>\n\t\t<div class=\"elementor-element elementor-element-85e3431 e-con-full e-flex e-con e-child\" data-id=\"85e3431\" data-element_type=\"container\">\n\t\t\t\t<div class=\"elementor-element elementor-element-f8dcd8e elementor-widget elementor-widget-image\" data-id=\"f8dcd8e\" data-element_type=\"widget\" data-widget_type=\"image.default\">\n\t\t\t\t<div class=\"elementor-widget-container\">\n\t\t\t\t\t\t\t\t\t\t\t\t<figure class=\"wp-caption\">\n\t\t\t\t\t\t\t\t\t\t<img loading=\"lazy\" decoding=\"async\" width=\"500\" height=\"224\" src=\"https:\/\/delyava.com\/wp-content\/uploads\/2025\/03\/Cheeks-redness-before-and-after-treatment.jpg\" class=\"attachment-large size-large wp-image-11865\" alt=\"Rossore delle guance prima e dopo il trattamento\" srcset=\"https:\/\/delyava.com\/wp-content\/uploads\/2025\/03\/Cheeks-redness-before-and-after-treatment.jpg 500w, https:\/\/delyava.com\/wp-content\/uploads\/2025\/03\/Cheeks-redness-before-and-after-treatment-300x134.jpg 300w, https:\/\/delyava.com\/wp-content\/uploads\/2025\/03\/Cheeks-redness-before-and-after-treatment-18x8.jpg 18w\" sizes=\"(max-width: 500px) 100vw, 500px\" \/>\t\t\t\t\t\t\t\t\t\t\t<figcaption class=\"widget-image-caption wp-caption-text\">Rossore delle guance prima e dopo il trattamento<\/figcaption>\n\t\t\t\t\t\t\t\t\t\t<\/figure>\n\t\t\t\t\t\t\t\t\t<\/div>\n\t\t\t\t<\/div>\n\t\t\t\t<\/div>\n\t\t<div class=\"elementor-element elementor-element-00b549a e-con-full e-flex e-con e-child\" data-id=\"00b549a\" data-element_type=\"container\">\n\t\t\t\t<div class=\"elementor-element elementor-element-1d45a9f elementor-widget elementor-widget-image\" data-id=\"1d45a9f\" data-element_type=\"widget\" data-widget_type=\"image.default\">\n\t\t\t\t<div class=\"elementor-widget-container\">\n\t\t\t\t\t\t\t\t\t\t\t\t<figure class=\"wp-caption\">\n\t\t\t\t\t\t\t\t\t\t<img loading=\"lazy\" decoding=\"async\" width=\"500\" height=\"224\" src=\"https:\/\/delyava.com\/wp-content\/uploads\/2025\/03\/Perinasal-Vascular-Problems-Before-and-After-Treatment.jpg\" class=\"attachment-large size-large wp-image-11866\" alt=\"Problemi vascolari perinasali prima e dopo il trattamento\" srcset=\"https:\/\/delyava.com\/wp-content\/uploads\/2025\/03\/Perinasal-Vascular-Problems-Before-and-After-Treatment.jpg 500w, https:\/\/delyava.com\/wp-content\/uploads\/2025\/03\/Perinasal-Vascular-Problems-Before-and-After-Treatment-300x134.jpg 300w, https:\/\/delyava.com\/wp-content\/uploads\/2025\/03\/Perinasal-Vascular-Problems-Before-and-After-Treatment-18x8.jpg 18w\" sizes=\"(max-width: 500px) 100vw, 500px\" \/>\t\t\t\t\t\t\t\t\t\t\t<figcaption class=\"widget-image-caption wp-caption-text\">Problemi vascolari perinasali prima e dopo il trattamento<\/figcaption>\n\t\t\t\t\t\t\t\t\t\t<\/figure>\n\t\t\t\t\t\t\t\t\t<\/div>\n\t\t\t\t<\/div>\n\t\t\t\t<\/div>\n\t\t<div class=\"elementor-element elementor-element-b96d909 e-con-full e-flex e-con e-child\" data-id=\"b96d909\" data-element_type=\"container\">\n\t\t\t\t<div class=\"elementor-element elementor-element-a764978 elementor-widget elementor-widget-image\" data-id=\"a764978\" data-element_type=\"widget\" data-widget_type=\"image.default\">\n\t\t\t\t<div class=\"elementor-widget-container\">\n\t\t\t\t\t\t\t\t\t\t\t\t<figure class=\"wp-caption\">\n\t\t\t\t\t\t\t\t\t\t<img loading=\"lazy\" decoding=\"async\" width=\"500\" height=\"224\" src=\"https:\/\/delyava.com\/wp-content\/uploads\/2025\/03\/Side-face-vascular-lesion-repair-before-and-after.jpg\" class=\"attachment-large size-large wp-image-11870\" alt=\"Riparazione della lesione vascolare della faccia laterale prima e dopo\" srcset=\"https:\/\/delyava.com\/wp-content\/uploads\/2025\/03\/Side-face-vascular-lesion-repair-before-and-after.jpg 500w, https:\/\/delyava.com\/wp-content\/uploads\/2025\/03\/Side-face-vascular-lesion-repair-before-and-after-300x134.jpg 300w, https:\/\/delyava.com\/wp-content\/uploads\/2025\/03\/Side-face-vascular-lesion-repair-before-and-after-18x8.jpg 18w\" sizes=\"(max-width: 500px) 100vw, 500px\" \/>\t\t\t\t\t\t\t\t\t\t\t<figcaption class=\"widget-image-caption wp-caption-text\">Riparazione della lesione vascolare della faccia laterale prima e dopo<\/figcaption>\n\t\t\t\t\t\t\t\t\t\t<\/figure>\n\t\t\t\t\t\t\t\t\t<\/div>\n\t\t\t\t<\/div>\n\t\t\t\t<\/div>\n\t\t\t\t<\/div>\n\t\t\t\t\t<\/div>\n\t\t\t\t<\/div>\n\t\t\t\t<\/div>","protected":false},"excerpt":{"rendered":"<p>Vascular Lesions Targeted laser energy gently breaks down unwanted blood vessels, causing them to gradually fade and be absorbed by the body. With each session, visible redness and discoloration diminish, leaving clearer, healthier-looking skin\u2014no damage to surrounding tissue. After a full course of treatment, vascular lesions are significantly reduced or completely resolved. Vascular Lesions Vascular [&hellip;]<\/p>","protected":false},"author":2,"featured_media":0,"parent":0,"menu_order":0,"comment_status":"closed","ping_status":"closed","template":"","meta":{"_seopress_robots_primary_cat":"","_seopress_titles_title":"","_seopress_titles_desc":"","_seopress_robots_index":"","footnotes":""},"class_list":["post-11825","page","type-page","status-publish","hentry"],"_links":{"self":[{"href":"https:\/\/delyava.com\/it\/wp-json\/wp\/v2\/pages\/11825","targetHints":{"allow":["GET"]}}],"collection":[{"href":"https:\/\/delyava.com\/it\/wp-json\/wp\/v2\/pages"}],"about":[{"href":"https:\/\/delyava.com\/it\/wp-json\/wp\/v2\/types\/page"}],"author":[{"embeddable":true,"href":"https:\/\/delyava.com\/it\/wp-json\/wp\/v2\/users\/2"}],"replies":[{"embeddable":true,"href":"https:\/\/delyava.com\/it\/wp-json\/wp\/v2\/comments?post=11825"}],"version-history":[{"count":12,"href":"https:\/\/delyava.com\/it\/wp-json\/wp\/v2\/pages\/11825\/revisions"}],"predecessor-version":[{"id":17292,"href":"https:\/\/delyava.com\/it\/wp-json\/wp\/v2\/pages\/11825\/revisions\/17292"}],"wp:attachment":[{"href":"https:\/\/delyava.com\/it\/wp-json\/wp\/v2\/media?parent=11825"}],"curies":[{"name":"wp","href":"https:\/\/api.w.org\/{rel}","templated":true}]}}