{"id":9268,"date":"2025-02-14T15:24:13","date_gmt":"2025-02-14T07:24:13","guid":{"rendered":"https:\/\/delyava.com\/?post_type=product&#038;p=9268"},"modified":"2025-02-14T16:48:07","modified_gmt":"2025-02-14T08:48:07","slug":"7d-hifu-machine-ultramax","status":"publish","type":"product","link":"https:\/\/delyava.com\/fr\/products\/7d-hifu-machine-ultramax\/","title":{"rendered":"Appareil HIFU 7D ULTRAMAX"},"content":{"rendered":"<div data-elementor-type=\"product-post\" data-elementor-id=\"9268\" class=\"elementor elementor-9268\" data-elementor-post-type=\"product\">\n\t\t\t\t<div class=\"elementor-element elementor-element-f54a151 e-flex e-con-boxed e-con e-parent\" data-id=\"f54a151\" data-element_type=\"container\">\n\t\t\t\t\t<div class=\"e-con-inner\">\n\t\t\t\t<div class=\"elementor-element elementor-element-6bc09aa elementor-widget elementor-widget-heading\" data-id=\"6bc09aa\" data-element_type=\"widget\" data-widget_type=\"heading.default\">\n\t\t\t\t<div class=\"elementor-widget-container\">\n\t\t\t\t\t<h3 class=\"elementor-heading-title elementor-size-default\">Comment fonctionnent les machines hifu<\/h3>\t\t\t\t<\/div>\n\t\t\t\t<\/div>\n\t\t\t\t\t<\/div>\n\t\t\t\t<\/div>\n\t\t<div class=\"elementor-element elementor-element-eda9b1a e-flex e-con-boxed e-con e-parent\" data-id=\"eda9b1a\" data-element_type=\"container\">\n\t\t\t\t\t<div class=\"e-con-inner\">\n\t\t<div class=\"elementor-element elementor-element-7e1e5d8 e-con-full e-flex e-con e-child\" data-id=\"7e1e5d8\" data-element_type=\"container\">\n\t\t\t\t<div class=\"elementor-element elementor-element-5864119 elementor-widget elementor-widget-text-editor\" data-id=\"5864119\" data-element_type=\"widget\" data-widget_type=\"text-editor.default\">\n\t\t\t\t<div class=\"elementor-widget-container\">\n\t\t\t\t\t\t\t\t\t<p>\u00a0<\/p><div data-page-id=\"NKUOdHU5AorUHjx01y2cSQIan2d\" data-lark-html-role=\"root\" data-docx-has-block-data=\"false\"><div class=\"ace-line ace-line old-record-id-XxU0dvPGno7t0rx5DMycuGfkn9e\"><p>ULTRAMAX est un appareil esth\u00e9tique non invasif pour le lifting du visage, le raffermissement, le raffermissement du corps et le remodelage. Il propose des traitements personnalis\u00e9s pour le visage, le cou et le corps, largement utilis\u00e9s sur le march\u00e9 de l&#039;esth\u00e9tique. Gr\u00e2ce \u00e0 la technologie MMFU, il d\u00e9livre une \u00e9nergie ultrasonore pr\u00e9cise pour cibler les couches cutan\u00e9es afin de les lifter et de les raffermir, tout en r\u00e9duisant et en \u00e9liminant les cellules graisseuses tenaces de la couche sous-cutan\u00e9e sans affecter les tissus environnants.<\/p><\/div><\/div>\t\t\t\t\t\t\t\t<\/div>\n\t\t\t\t<\/div>\n\t\t\t\t<\/div>\n\t\t<div class=\"elementor-element elementor-element-4d908ad e-con-full e-flex e-con e-child\" data-id=\"4d908ad\" data-element_type=\"container\">\n\t\t\t\t<div class=\"elementor-element elementor-element-8f050b3 elementor-widget elementor-widget-image\" data-id=\"8f050b3\" data-element_type=\"widget\" data-widget_type=\"image.default\">\n\t\t\t\t<div class=\"elementor-widget-container\">\n\t\t\t\t\t\t\t\t\t\t\t\t<figure class=\"wp-caption\">\n\t\t\t\t\t\t\t\t\t\t<img fetchpriority=\"high\" decoding=\"async\" width=\"800\" height=\"219\" src=\"https:\/\/delyava.com\/wp-content\/uploads\/2025\/02\/How-the-hifu-machines-Works-1024x280.jpeg\" class=\"attachment-large size-large wp-image-9257\" alt=\"Comment fonctionnent les machines hifu\" srcset=\"https:\/\/delyava.com\/wp-content\/uploads\/2025\/02\/How-the-hifu-machines-Works-1024x280.jpeg 1024w, https:\/\/delyava.com\/wp-content\/uploads\/2025\/02\/How-the-hifu-machines-Works-300x82.jpeg 300w, https:\/\/delyava.com\/wp-content\/uploads\/2025\/02\/How-the-hifu-machines-Works-768x210.jpeg 768w, https:\/\/delyava.com\/wp-content\/uploads\/2025\/02\/How-the-hifu-machines-Works-1536x420.jpeg 1536w, https:\/\/delyava.com\/wp-content\/uploads\/2025\/02\/How-the-hifu-machines-Works-18x5.jpeg 18w, https:\/\/delyava.com\/wp-content\/uploads\/2025\/02\/How-the-hifu-machines-Works-600x164.jpeg 600w, https:\/\/delyava.com\/wp-content\/uploads\/2025\/02\/How-the-hifu-machines-Works.jpeg 1900w\" sizes=\"(max-width: 800px) 100vw, 800px\" \/>\t\t\t\t\t\t\t\t\t\t\t<figcaption class=\"widget-image-caption wp-caption-text\">Comment fonctionnent les machines hifu<\/figcaption>\n\t\t\t\t\t\t\t\t\t\t<\/figure>\n\t\t\t\t\t\t\t\t\t<\/div>\n\t\t\t\t<\/div>\n\t\t\t\t<\/div>\n\t\t\t\t\t<\/div>\n\t\t\t\t<\/div>\n\t\t<div class=\"elementor-element elementor-element-a44b5d8 e-flex e-con-boxed e-con e-parent\" data-id=\"a44b5d8\" data-element_type=\"container\">\n\t\t\t\t\t<div class=\"e-con-inner\">\n\t\t\t\t<div class=\"elementor-element elementor-element-2e2b0ac elementor-widget elementor-widget-heading\" data-id=\"2e2b0ac\" data-element_type=\"widget\" data-widget_type=\"heading.default\">\n\t\t\t\t<div class=\"elementor-widget-container\">\n\t\t\t\t\t<h2 class=\"elementor-heading-title elementor-size-default\">Introduction aux composants de l&#039;instrument<\/h2>\t\t\t\t<\/div>\n\t\t\t\t<\/div>\n\t\t\t\t\t<\/div>\n\t\t\t\t<\/div>\n\t\t<div class=\"elementor-element elementor-element-72f0be4 e-flex e-con-boxed e-con e-parent\" data-id=\"72f0be4\" data-element_type=\"container\">\n\t\t\t\t\t<div class=\"e-con-inner\">\n\t\t\t\t<div class=\"elementor-element elementor-element-5c8af68 elementor-widget__width-initial elementor-widget elementor-widget-image\" data-id=\"5c8af68\" data-element_type=\"widget\" data-widget_type=\"image.default\">\n\t\t\t\t<div class=\"elementor-widget-container\">\n\t\t\t\t\t\t\t\t\t\t\t\t\t\t\t<img decoding=\"async\" width=\"800\" height=\"544\" src=\"https:\/\/delyava.com\/wp-content\/uploads\/2025\/02\/Introduction-to-Instrument-Components-1024x696.jpeg\" class=\"attachment-large size-large wp-image-9248\" alt=\"Introduction aux composants de l&#039;instrument\" srcset=\"https:\/\/delyava.com\/wp-content\/uploads\/2025\/02\/Introduction-to-Instrument-Components-1024x696.jpeg 1024w, https:\/\/delyava.com\/wp-content\/uploads\/2025\/02\/Introduction-to-Instrument-Components-300x204.jpeg 300w, https:\/\/delyava.com\/wp-content\/uploads\/2025\/02\/Introduction-to-Instrument-Components-768x522.jpeg 768w, https:\/\/delyava.com\/wp-content\/uploads\/2025\/02\/Introduction-to-Instrument-Components-1536x1044.jpeg 1536w, https:\/\/delyava.com\/wp-content\/uploads\/2025\/02\/Introduction-to-Instrument-Components-2048x1392.jpeg 2048w, https:\/\/delyava.com\/wp-content\/uploads\/2025\/02\/Introduction-to-Instrument-Components-18x12.jpeg 18w, https:\/\/delyava.com\/wp-content\/uploads\/2025\/02\/Introduction-to-Instrument-Components-600x408.jpeg 600w\" sizes=\"(max-width: 800px) 100vw, 800px\" \/>\t\t\t\t\t\t\t\t\t\t\t\t\t\t\t<\/div>\n\t\t\t\t<\/div>\n\t\t\t\t<div class=\"elementor-element elementor-element-67f354c elementor-widget elementor-widget-image\" data-id=\"67f354c\" data-element_type=\"widget\" data-widget_type=\"image.default\">\n\t\t\t\t<div class=\"elementor-widget-container\">\n\t\t\t\t\t\t\t\t\t\t\t\t\t\t\t<img decoding=\"async\" width=\"800\" height=\"352\" src=\"https:\/\/delyava.com\/wp-content\/uploads\/2025\/02\/Introduction-to-Instrument-Components1-1024x451.jpeg\" class=\"attachment-large size-large wp-image-9251\" alt=\"Introduction aux composants de l&#039;instrument1\" srcset=\"https:\/\/delyava.com\/wp-content\/uploads\/2025\/02\/Introduction-to-Instrument-Components1-1024x451.jpeg 1024w, https:\/\/delyava.com\/wp-content\/uploads\/2025\/02\/Introduction-to-Instrument-Components1-300x132.jpeg 300w, https:\/\/delyava.com\/wp-content\/uploads\/2025\/02\/Introduction-to-Instrument-Components1-768x338.jpeg 768w, https:\/\/delyava.com\/wp-content\/uploads\/2025\/02\/Introduction-to-Instrument-Components1-1536x676.jpeg 1536w, https:\/\/delyava.com\/wp-content\/uploads\/2025\/02\/Introduction-to-Instrument-Components1-2048x902.jpeg 2048w, https:\/\/delyava.com\/wp-content\/uploads\/2025\/02\/Introduction-to-Instrument-Components1-18x8.jpeg 18w, https:\/\/delyava.com\/wp-content\/uploads\/2025\/02\/Introduction-to-Instrument-Components1-600x264.jpeg 600w\" sizes=\"(max-width: 800px) 100vw, 800px\" \/>\t\t\t\t\t\t\t\t\t\t\t\t\t\t\t<\/div>\n\t\t\t\t<\/div>\n\t\t\t\t\t<\/div>\n\t\t\t\t<\/div>\n\t\t<div class=\"elementor-element elementor-element-1822c3b e-flex e-con-boxed e-con e-parent\" data-id=\"1822c3b\" data-element_type=\"container\">\n\t\t\t\t\t<div class=\"e-con-inner\">\n\t\t<div class=\"elementor-element elementor-element-cef95eb e-con-full e-flex e-con e-child\" data-id=\"cef95eb\" data-element_type=\"container\">\n\t\t<div class=\"elementor-element elementor-element-63581f5 e-con-full e-flex e-con e-child\" data-id=\"63581f5\" data-element_type=\"container\">\n\t\t<div class=\"elementor-element elementor-element-c3eb72d e-con-full e-flex e-con e-child\" data-id=\"c3eb72d\" data-element_type=\"container\">\n\t\t\t\t<div class=\"elementor-element elementor-element-314ba52 elementor-widget elementor-widget-image\" data-id=\"314ba52\" data-element_type=\"widget\" data-widget_type=\"image.default\">\n\t\t\t\t<div class=\"elementor-widget-container\">\n\t\t\t\t\t\t\t\t\t\t\t\t\t\t\t<img loading=\"lazy\" decoding=\"async\" width=\"736\" height=\"609\" src=\"https:\/\/delyava.com\/wp-content\/uploads\/2025\/02\/HIFU-treatment-machine-body-treatment-parts-1.jpg\" class=\"attachment-large size-large wp-image-9259\" alt=\"Pi\u00e8ces de traitement du corps de la machine de traitement HIFU\" srcset=\"https:\/\/delyava.com\/wp-content\/uploads\/2025\/02\/HIFU-treatment-machine-body-treatment-parts-1.jpg 736w, https:\/\/delyava.com\/wp-content\/uploads\/2025\/02\/HIFU-treatment-machine-body-treatment-parts-1-300x248.jpg 300w, https:\/\/delyava.com\/wp-content\/uploads\/2025\/02\/HIFU-treatment-machine-body-treatment-parts-1-15x12.jpg 15w, https:\/\/delyava.com\/wp-content\/uploads\/2025\/02\/HIFU-treatment-machine-body-treatment-parts-1-600x496.jpg 600w\" sizes=\"(max-width: 736px) 100vw, 736px\" \/>\t\t\t\t\t\t\t\t\t\t\t\t\t\t\t<\/div>\n\t\t\t\t<\/div>\n\t\t\t\t<\/div>\n\t\t\t\t<\/div>\n\t\t<div class=\"elementor-element elementor-element-06608fe e-con-full e-flex e-con e-child\" data-id=\"06608fe\" data-element_type=\"container\">\n\t\t\t\t<div class=\"elementor-element elementor-element-6a224eb elementor-widget elementor-widget-heading\" data-id=\"6a224eb\" data-element_type=\"widget\" data-widget_type=\"heading.default\">\n\t\t\t\t<div class=\"elementor-widget-container\">\n\t\t\t\t\t<h2 class=\"elementor-heading-title elementor-size-default\">Pi\u00e8ces de traitement du corps de la machine de traitement HIFU<\/h2>\t\t\t\t<\/div>\n\t\t\t\t<\/div>\n\t\t\t\t<div class=\"elementor-element elementor-element-68a1fa0 elementor-widget elementor-widget-text-editor\" data-id=\"68a1fa0\" data-element_type=\"widget\" data-widget_type=\"text-editor.default\">\n\t\t\t\t<div class=\"elementor-widget-container\">\n\t\t\t\t\t\t\t\t\t<p>Nos machines de raffermissement de la peau hifu sont \u00e9quip\u00e9es d&#039;une vari\u00e9t\u00e9 de sondes pour cibler pr\u00e9cis\u00e9ment diff\u00e9rentes parties du corps. Les sondes de 6,0 mm et 9,0 mm sont con\u00e7ues pour s&#039;adapter \u00e0 un large \u00e9ventail de besoins individuels. Les sondes de 6,0 mm et 9,0 mm sont con\u00e7ues pour s&#039;adapter \u00e0 un large \u00e9ventail de besoins individuels. La sonde de 6,0 mm est efficace pour am\u00e9liorer le double menton, tandis que la sonde de 9,0 mm peut \u00eatre utilis\u00e9e pour cibler efficacement des zones telles que les fesses de maman, les manches papillon et les jambes d&#039;\u00e9l\u00e9phant, ainsi que les seins, les aisselles, les bras, l&#039;abdomen, le dos, le c\u00f4t\u00e9 de la taille, les cuisses, les mollets et les chevilles, aidant \u00e0 obtenir une sculpture localis\u00e9e et pr\u00e9cise et une am\u00e9lioration rapide de la silhouette du corps.<\/p>\t\t\t\t\t\t\t\t<\/div>\n\t\t\t\t<\/div>\n\t\t\t\t<\/div>\n\t\t\t\t<\/div>\n\t\t\t\t\t<\/div>\n\t\t\t\t<\/div>\n\t\t<div class=\"elementor-element elementor-element-92d410b e-flex e-con-boxed e-con e-parent\" data-id=\"92d410b\" data-element_type=\"container\">\n\t\t\t\t\t<div class=\"e-con-inner\">\n\t\t<div class=\"elementor-element elementor-element-57d281f e-con-full e-flex e-con e-child\" data-id=\"57d281f\" data-element_type=\"container\">\n\t\t\t\t<div class=\"elementor-element elementor-element-a56acec elementor-widget elementor-widget-heading\" data-id=\"a56acec\" data-element_type=\"widget\" data-widget_type=\"heading.default\">\n\t\t\t\t<div class=\"elementor-widget-container\">\n\t\t\t\t\t<h3 class=\"elementor-heading-title elementor-size-default\"> Machine HIFU Avant et Apr\u00e8s<\/h3>\t\t\t\t<\/div>\n\t\t\t\t<\/div>\n\t\t\t\t<\/div>\n\t\t<div class=\"elementor-element elementor-element-4395a36 e-con-full e-flex e-con e-child\" data-id=\"4395a36\" data-element_type=\"container\">\n\t\t<div class=\"elementor-element elementor-element-d748ef2 e-con-full e-flex e-con e-child\" data-id=\"d748ef2\" data-element_type=\"container\">\n\t\t\t\t<div class=\"elementor-element elementor-element-7b7d881 elementor-widget elementor-widget-image\" data-id=\"7b7d881\" data-element_type=\"widget\" data-widget_type=\"image.default\">\n\t\t\t\t<div class=\"elementor-widget-container\">\n\t\t\t\t\t\t\t\t\t\t\t\t\t\t\t<img loading=\"lazy\" decoding=\"async\" width=\"750\" height=\"750\" src=\"https:\/\/delyava.com\/wp-content\/uploads\/2025\/02\/HIFU-7D-machine-Before-and-After.png\" class=\"attachment-large size-large wp-image-9260\" alt=\"Appareil HIFU 7D Avant et Apr\u00e8s\" srcset=\"https:\/\/delyava.com\/wp-content\/uploads\/2025\/02\/HIFU-7D-machine-Before-and-After.png 750w, https:\/\/delyava.com\/wp-content\/uploads\/2025\/02\/HIFU-7D-machine-Before-and-After-300x300.png 300w, https:\/\/delyava.com\/wp-content\/uploads\/2025\/02\/HIFU-7D-machine-Before-and-After-150x150.png 150w, https:\/\/delyava.com\/wp-content\/uploads\/2025\/02\/HIFU-7D-machine-Before-and-After-12x12.png 12w, https:\/\/delyava.com\/wp-content\/uploads\/2025\/02\/HIFU-7D-machine-Before-and-After-600x600.png 600w, https:\/\/delyava.com\/wp-content\/uploads\/2025\/02\/HIFU-7D-machine-Before-and-After-100x100.png 100w\" sizes=\"(max-width: 750px) 100vw, 750px\" \/>\t\t\t\t\t\t\t\t\t\t\t\t\t\t\t<\/div>\n\t\t\t\t<\/div>\n\t\t<div class=\"elementor-element elementor-element-14d2f1e e-con-full e-flex e-con e-child\" data-id=\"14d2f1e\" data-element_type=\"container\">\n\t\t\t\t<div class=\"elementor-element elementor-element-cf37953 elementor-widget elementor-widget-text-editor\" data-id=\"cf37953\" data-element_type=\"widget\" data-widget_type=\"text-editor.default\">\n\t\t\t\t<div class=\"elementor-widget-container\">\n\t\t\t\t\t\t\t\t\t<ol><li>Raffermit les joues, soul\u00e8ve le visage et r\u00e9duit les rides du front, des yeux et des l\u00e8vres.<\/li><li>Am\u00e9liore la texture de la peau, r\u00e9duit les ridules (pattes d&#039;oie, contour des yeux, pr\u00e9-oreille, l\u00e8vres, front, sourcils, sillons nasog\u00e9niens, cou) et restaure la douceur.<\/li><li>R\u00e9duit les rides du cou, pr\u00e9vient le vieillissement et stimule la r\u00e9g\u00e9n\u00e9ration du collag\u00e8ne pour am\u00e9liorer l\u2019\u00e9lasticit\u00e9 et la fermet\u00e9 de la peau.<\/li><li>Am\u00e9liore l&#039;\u00e9lasticit\u00e9 de la peau, affine les contours, contr\u00f4le le s\u00e9bum et minimise les pores pour une apparence lisse et jeune.<\/li><\/ol>\t\t\t\t\t\t\t\t<\/div>\n\t\t\t\t<\/div>\n\t\t\t\t<\/div>\n\t\t\t\t<\/div>\n\t\t\t\t<\/div>\n\t\t\t\t\t<\/div>\n\t\t\t\t<\/div>\n\t\t<div class=\"elementor-element elementor-element-e741634 e-flex e-con-boxed e-con e-parent\" data-id=\"e741634\" data-element_type=\"container\">\n\t\t\t\t\t<div class=\"e-con-inner\">\n\t\t\t\t<div class=\"elementor-element elementor-element-e042ac3 elementor-widget elementor-widget-heading\" data-id=\"e042ac3\" data-element_type=\"widget\" data-widget_type=\"heading.default\">\n\t\t\t\t<div class=\"elementor-widget-container\">\n\t\t\t\t\t<h4 class=\"elementor-heading-title elementor-size-default\">Param\u00e8tre de la machine Hifu 7D<\/h4>\t\t\t\t<\/div>\n\t\t\t\t<\/div>\n\t\t\t\t<div class=\"elementor-element elementor-element-0298e5b elementor-widget elementor-widget-text-editor\" data-id=\"0298e5b\" data-element_type=\"widget\" data-widget_type=\"text-editor.default\">\n\t\t\t\t<div class=\"elementor-widget-container\">\n\t\t\t\t\t\t\t\t\t<table><tbody><tr><td width=\"174\"><p>Fr\u00e9quence<\/p><\/td><td width=\"739\"><p>2 MHz\/4 MHz\/5,5 MHz\/7 MHz<\/p><\/td><\/tr><tr><td width=\"174\"><p>Syst\u00e8me de travail<\/p><\/td><td width=\"739\"><p>Sortie num\u00e9rique \u00e0 impulsions \u00e0 double contr\u00f4le intelligent<\/p><\/td><\/tr><tr><td width=\"174\"><p>\u00c9nergie<\/p><\/td><td width=\"739\"><p>0,1 \u2013 2J r\u00e9glable<\/p><\/td><\/tr><tr><td width=\"174\"><p>Longueur d&#039;entr\u00e9e<\/p><\/td><td width=\"739\"><p>5 \u2013 25 mm r\u00e9glable<\/p><\/td><\/tr><tr><td width=\"174\"><p>Espacement des entr\u00e9es<\/p><\/td><td width=\"739\"><p>1 \u2013 2 mm<\/p><\/td><\/tr><tr><td width=\"174\"><p>T\u00eate de traitement<\/p><\/td><td width=\"739\"><p>1,5\/2,0\/3,0\/4,5\/6,0\/9,0\/13,0 mm<\/p><\/td><\/tr><tr><td width=\"174\"><p>Mode de fonctionnement<\/p><\/td><td width=\"739\"><p>Mode impulsion unique \/ mode impulsion<\/p><\/td><\/tr><tr><td width=\"174\"><p>Puissance d&#039;entr\u00e9e<\/p><\/td><td width=\"739\"><p>CA 110 V \u2013 220 V \u2013 50 Hz\/60 Hz<\/p><\/td><\/tr><tr><td width=\"174\"><p>Taille du paquet<\/p><\/td><td width=\"739\"><p>53*46*44,5 cm<\/p><\/td><\/tr><tr><td width=\"174\"><p>Paquet GW<\/p><\/td><td width=\"739\"><p>22 kg<\/p><\/td><\/tr><tr><td width=\"174\"><p>Machine GW<\/p><\/td><td width=\"739\"><p>20 kg<\/p><\/td><\/tr><\/tbody><\/table><p>\u00a0<\/p>\t\t\t\t\t\t\t\t<\/div>\n\t\t\t\t<\/div>\n\t\t\t\t\t<\/div>\n\t\t\t\t<\/div>\n\t\t<div class=\"elementor-element elementor-element-9b6194f e-flex e-con-boxed e-con e-parent\" data-id=\"9b6194f\" data-element_type=\"container\">\n\t\t\t\t\t<div class=\"e-con-inner\">\n\t\t<div class=\"elementor-element elementor-element-5b9bc99 e-con-full e-flex e-con e-child\" data-id=\"5b9bc99\" data-element_type=\"container\">\n\t\t\t\t<div class=\"elementor-element elementor-element-aa3be0d elementor-widget elementor-widget-heading\" data-id=\"aa3be0d\" data-element_type=\"widget\" data-widget_type=\"heading.default\">\n\t\t\t\t<div class=\"elementor-widget-container\">\n\t\t\t\t\t<h4 class=\"elementor-heading-title elementor-size-default\">FAQ<\/h4>\t\t\t\t<\/div>\n\t\t\t\t<\/div>\n\t\t\t\t<div class=\"elementor-element elementor-element-6e748f3 elementor-widget elementor-widget-text-editor\" data-id=\"6e748f3\" data-element_type=\"widget\" data-widget_type=\"text-editor.default\">\n\t\t\t\t<div class=\"elementor-widget-container\">\n\t\t\t\t\t\t\t\t\t<p><strong>1. Quelles sont les pr\u00e9cautions \u00e0 prendre apr\u00e8s un traitement par machine HIFU ?<\/strong><\/p><p>\u00c9vitez les aliments \u00e9pic\u00e9s apr\u00e8s le traitement ; ne vous lavez pas le visage avec de l&#039;eau trop chaude ou trop froide pendant une semaine ; ne faites pas de yoga \u00e0 haute temp\u00e9rature, de sauna, de bain de vapeur facial et de massage facial pour \u00e9viter la pression sur votre visage ; appliquez un masque tous les jours pendant une semaine pour r\u00e9hydrater votre visage ; faites attention \u00e0 la protection solaire ; n&#039;utilisez pas d&#039;appareils de radiofr\u00e9quence ou de phototh\u00e9rapie pendant un mois. De plus, le traitement 7D HIFU ne peut \u00eatre effectu\u00e9 que 20 \u00e0 30 jours apr\u00e8s l&#039;injection d&#039;acide hyaluronique.<br \/><strong>2. Qui n&#039;est pas adapt\u00e9 \u00e0 la machine hifu 7D ?<\/strong><\/p><p>Le traitement 7D HIFU ne convient pas aux femmes enceintes, aux patients souffrant de maladies cardiaques graves, aux patients atteints de tumeurs malignes, aux patients atteints d&#039;h\u00e9mophilie ou d&#039;h\u00e9morragie grave, aux patients atteints de maladies graves, de maladies cutan\u00e9es et infectieuses, aux patients souffrant de troubles cardiaques, c\u00e9r\u00e9braux, du centre nerveux du cou, de la colonne vert\u00e9brale, des yeux, de saignements, aux patients recevant des injections, aux patients souffrant d&#039;hyperthyro\u00efdie, aux patients asthmatiques et aux patients souffrant d&#039;hypertension art\u00e9rielle. Il doit \u00e9galement \u00eatre utilis\u00e9 avec prudence chez les patients malades, sauf autorisation d&#039;un m\u00e9decin.<br \/><strong>3. Est-ce que<\/strong><strong>machine hifu douloureuse <\/strong><strong>?<\/strong><\/p><p>Certaines personnes peuvent ressentir une certaine sensation pendant le traitement, mais cela reste g\u00e9n\u00e9ralement tol\u00e9rable. L&#039;\u00e9nergie est r\u00e9gl\u00e9e de faible \u00e0 \u00e9lev\u00e9e et sera ajust\u00e9e par le m\u00e9decin en fonction du niveau de tol\u00e9rance du patient. Par exemple, lors des soins de la zone du front, l&#039;utilisateur peut tirer fermement la pointe de la sonde vers le front pour produire de l&#039;\u00e9nergie afin de soulager la douleur. De plus, l&#039;utilisation du bon support (par exemple, un gel photosensible, un gel rafra\u00eechissant) peut aider \u00e0 r\u00e9duire l&#039;inconfort.<br \/><strong>4. Combien de temps faut-il pour voir les r\u00e9sultats apr\u00e8s un traitement HIFU 7D ?<\/strong><\/p><p>Certains r\u00e9sultats, comme une augmentation de la fermet\u00e9 de la peau, peuvent \u00eatre observ\u00e9s imm\u00e9diatement apr\u00e8s le traitement. Cependant, les r\u00e9sultats les plus visibles apparaissent g\u00e9n\u00e9ralement progressivement 1 \u00e0 3 mois apr\u00e8s le traitement, car il faut du temps pour que le traitement stimule la r\u00e9g\u00e9n\u00e9ration et la r\u00e9organisation du collag\u00e8ne. Les r\u00e9sultats sont plus visibles et durables apr\u00e8s plusieurs traitements, par exemple apr\u00e8s 6 mois (2 traitements) ou plus, l&#039;\u00e9tat de la peau s&#039;est am\u00e9lior\u00e9 de mani\u00e8re plus compl\u00e8te.<br \/><strong>5. Quels sont les effets secondaires du raffermissement de la peau 7D HIFU ?<\/strong><\/p><p>Le 7D HIFU est s\u00fbr dans le cadre d&#039;une pratique et de soins standardis\u00e9s et n&#039;entra\u00eene g\u00e9n\u00e9ralement aucun effet secondaire significatif. Quelques personnes peuvent pr\u00e9senter une rougeur transitoire et un l\u00e9ger gonflement de la peau apr\u00e8s le traitement, qui dispara\u00eetront naturellement en quelques heures. La technique est pr\u00e9cise, avec un faible risque de br\u00fblure, d&#039;infection et de l\u00e9sion nerveuse, et la plupart des personnes obtiennent des r\u00e9sultats satisfaisants.<\/p>\t\t\t\t\t\t\t\t<\/div>\n\t\t\t\t<\/div>\n\t\t\t\t<\/div>\n\t\t\t\t\t<\/div>\n\t\t\t\t<\/div>\n\t\t\t\t<\/div>","protected":false},"excerpt":{"rendered":"<ul>\n<li><strong>Lifting et remodelage non chirurgicaux<\/strong>:MMFU est un syst\u00e8me non invasif pour le lifting, le raffermissement et le remodelage du visage et du corps utilisant la chaleur des ultrasons, aucune chirurgie n&#039;est requise.<\/li>\n<li><strong>Ciblage de pr\u00e9cision<\/strong>:Le point de focalisation plus petit d\u00e9livre une \u00e9nergie ultrasonore de 65 \u00e0 75 \u00b0C pr\u00e9cis\u00e9ment sur les couches cutan\u00e9es cibl\u00e9es pour un traitement pr\u00e9cis.<\/li>\n<li><strong>Effet de thermocoagulation<\/strong>:Cr\u00e9e une chaleur contr\u00f4l\u00e9e dans les couches profondes (SMAS, derme) sans endommager les tissus environnants, stimulant la r\u00e9g\u00e9n\u00e9ration du collag\u00e8ne et de l&#039;\u00e9lastine.<\/li>\n<li><strong>Traitement SMAS profond<\/strong>:Cible la couche du fascia SMAS pour lutter contre le vieillissement, la perte de tissu et le rel\u00e2chement cutan\u00e9 pour un lifting et une fermet\u00e9 durables.<\/li>\n<li><strong>Confort et s\u00e9curit\u00e9 am\u00e9lior\u00e9s<\/strong>:Con\u00e7u pour un plus grand confort pendant le traitement, il laisse la peau rebondie, ferme et rajeunie avec un temps d&#039;arr\u00eat minimal.<\/li>\n<\/ul>","protected":false},"featured_media":9269,"template":"","meta":{"_seopress_robots_primary_cat":"none","_seopress_titles_title":"","_seopress_titles_desc":"","_seopress_robots_index":""},"product_brand":[],"product_cat":[36],"product_tag":[],"class_list":{"0":"post-9268","1":"product","2":"type-product","3":"status-publish","4":"has-post-thumbnail","6":"product_cat-hifu-machines","8":"first","9":"instock","10":"shipping-taxable","11":"product-type-simple"},"_links":{"self":[{"href":"https:\/\/delyava.com\/fr\/wp-json\/wp\/v2\/product\/9268","targetHints":{"allow":["GET"]}}],"collection":[{"href":"https:\/\/delyava.com\/fr\/wp-json\/wp\/v2\/product"}],"about":[{"href":"https:\/\/delyava.com\/fr\/wp-json\/wp\/v2\/types\/product"}],"version-history":[{"count":0,"href":"https:\/\/delyava.com\/fr\/wp-json\/wp\/v2\/product\/9268\/revisions"}],"wp:featuredmedia":[{"embeddable":true,"href":"https:\/\/delyava.com\/fr\/wp-json\/wp\/v2\/media\/9269"}],"wp:attachment":[{"href":"https:\/\/delyava.com\/fr\/wp-json\/wp\/v2\/media?parent=9268"}],"wp:term":[{"taxonomy":"product_brand","embeddable":true,"href":"https:\/\/delyava.com\/fr\/wp-json\/wp\/v2\/product_brand?post=9268"},{"taxonomy":"product_cat","embeddable":true,"href":"https:\/\/delyava.com\/fr\/wp-json\/wp\/v2\/product_cat?post=9268"},{"taxonomy":"product_tag","embeddable":true,"href":"https:\/\/delyava.com\/fr\/wp-json\/wp\/v2\/product_tag?post=9268"}],"curies":[{"name":"wp","href":"https:\/\/api.w.org\/{rel}","templated":true}]}}