{"id":842,"date":"2024-08-08T22:04:13","date_gmt":"2024-08-09T06:04:13","guid":{"rendered":"https:\/\/delyava.com\/?page_id=842"},"modified":"2025-03-27T17:11:11","modified_gmt":"2025-03-27T09:11:11","slug":"about-us","status":"publish","type":"page","link":"https:\/\/delyava.com\/fr\/about-us\/","title":{"rendered":"A propos de nous"},"content":{"rendered":"<div data-elementor-type=\"wp-page\" data-elementor-id=\"842\" class=\"elementor elementor-842\" data-elementor-post-type=\"page\">\n\t\t\t\t<div class=\"elementor-element elementor-element-9da1f38 e-flex e-con-boxed e-con e-parent\" data-id=\"9da1f38\" data-element_type=\"container\">\n\t\t\t\t\t<div class=\"e-con-inner\">\n\t\t<div class=\"elementor-element elementor-element-bbff959 e-con-full e-flex e-con e-child\" data-id=\"bbff959\" data-element_type=\"container\" data-settings=\"{&quot;background_background&quot;:&quot;classic&quot;}\">\n\t\t<div class=\"elementor-element elementor-element-a5bfefe e-con-full e-flex e-con e-child\" data-id=\"a5bfefe\" data-element_type=\"container\">\n\t\t\t\t<div class=\"elementor-element elementor-element-d9f3198 elementor-widget elementor-widget-heading\" data-id=\"d9f3198\" data-element_type=\"widget\" data-widget_type=\"heading.default\">\n\t\t\t\t<div class=\"elementor-widget-container\">\n\t\t\t\t\t<h1 class=\"elementor-heading-title elementor-size-default\">Pr\u00e9sentation de l&#039;entreprise<\/h1>\t\t\t\t<\/div>\n\t\t\t\t<\/div>\n\t\t\t\t<\/div>\n\t\t\t\t<\/div>\n\t\t\t\t\t<\/div>\n\t\t\t\t<\/div>\n\t\t<div class=\"elementor-element elementor-element-8f2b124 e-flex e-con-boxed e-con e-parent\" data-id=\"8f2b124\" data-element_type=\"container\">\n\t\t\t\t\t<div class=\"e-con-inner\">\n\t\t<div class=\"elementor-element elementor-element-58f2b65 e-con-full e-flex e-con e-child\" data-id=\"58f2b65\" data-element_type=\"container\">\n\t\t\t\t<div class=\"elementor-element elementor-element-b364b03 elementor-widget elementor-widget-heading\" data-id=\"b364b03\" data-element_type=\"widget\" data-widget_type=\"heading.default\">\n\t\t\t\t<div class=\"elementor-widget-container\">\n\t\t\t\t\t<h2 class=\"elementor-heading-title elementor-size-default\"> Fabricant de machines m\u00e9dicales esth\u00e9tiques DELYA<\/h2>\t\t\t\t<\/div>\n\t\t\t\t<\/div>\n\t\t\t\t<div class=\"elementor-element elementor-element-c4d8378 elementor-widget elementor-widget-text-editor\" data-id=\"c4d8378\" data-element_type=\"widget\" data-widget_type=\"text-editor.default\">\n\t\t\t\t<div class=\"elementor-widget-container\">\n\t\t\t\t\t\t\t\t\t<p>Dans le domaine de l&#039;esth\u00e9tique m\u00e9dicale, o\u00f9 un grand nombre d&#039;entreprises fournissent des \u00e9quipements de pointe pour les traitements de la peau et les proc\u00e9dures li\u00e9es \u00e0 l&#039;esth\u00e9tique, DELYA, l&#039;un des principaux fabricants d&#039;\u00e9quipements d&#039;esth\u00e9tique m\u00e9dicale de haute qualit\u00e9, vous fera visiter en profondeur l&#039;usine DELYA, en soulignant ses principales caract\u00e9ristiques et ses avantages significatifs.<\/p>\t\t\t\t\t\t\t\t<\/div>\n\t\t\t\t<\/div>\n\t\t\t\t<\/div>\n\t\t\t\t\t<\/div>\n\t\t\t\t<\/div>\n\t\t<div class=\"elementor-element elementor-element-5b0c77a e-flex e-con-boxed e-con e-parent\" data-id=\"5b0c77a\" data-element_type=\"container\">\n\t\t\t\t\t<div class=\"e-con-inner\">\n\t\t<div class=\"elementor-element elementor-element-7eb0d91 e-con-full e-flex e-con e-child\" data-id=\"7eb0d91\" data-element_type=\"container\">\n\t\t\t\t<div class=\"elementor-element elementor-element-faac89b elementor-widget elementor-widget-text-editor\" data-id=\"faac89b\" data-element_type=\"widget\" data-widget_type=\"text-editor.default\">\n\t\t\t\t<div class=\"elementor-widget-container\">\n\t\t\t\t\t\t\t\t\t<p>Delya Medical Technology (Weihai) Co., Ltd. est une soci\u00e9t\u00e9 sp\u00e9cialis\u00e9e dans le domaine des instruments d&#039;esth\u00e9tique m\u00e9dicale et s&#039;engage \u00e0 concevoir, d\u00e9velopper, produire et vendre sur la base de la confiance et de relations clients solides \u00e0 long terme.<\/p><p>L&#039;entreprise a son si\u00e8ge social \u00e0 Shenzhen, dans la province du Guangdong, o\u00f9 elle a \u00e9tabli ses centres de recherche et d\u00e9veloppement et de production. Son \u00e9quipe de base compte jusqu&#039;\u00e0 20 ans d&#039;exp\u00e9rience dans le d\u00e9veloppement de produits et la mise en \u0153uvre de projets, et d\u00e9tient pr\u00e8s de 100 droits de propri\u00e9t\u00e9 intellectuelle fondamentaux.<\/p><p>L&#039;entreprise a toujours adh\u00e9r\u00e9 au concept d&#039;orientation client, suit strictement l&#039;essence de la m\u00e9decine, avec l&#039;aide d&#039;une technologie scientifique, s\u00fbre et avanc\u00e9e, s&#039;engage \u00e0 fournir aux consommateurs des services de beaut\u00e9 et de sant\u00e9 m\u00e9dicaux professionnels de haut niveau et de pleine dimension.<\/p><p>D\u00e9lia (<a href=\"http:\/\/delyava.com\/fr\/\">delyava.com<\/a>) a initialement entrepris des activit\u00e9s de traitement de marque ind\u00e9pendantes (OEM.ODM) pour de nombreuses grandes entreprises nationales et \u00e9trang\u00e8res, et a gagn\u00e9 avec succ\u00e8s la reconnaissance et la faveur de marques nationales et \u00e9trang\u00e8res c\u00e9l\u00e8bres en raison d&#039;excellentes performances, de prix raisonnables, de conseils professionnels et d&#039;un service apr\u00e8s-vente complet.<\/p>\t\t\t\t\t\t\t\t<\/div>\n\t\t\t\t<\/div>\n\t\t\t\t<\/div>\n\t\t<div class=\"elementor-element elementor-element-d2098fe e-con-full e-flex e-con e-child\" data-id=\"d2098fe\" data-element_type=\"container\">\n\t\t\t\t<div class=\"elementor-element elementor-element-e4787af elementor-widget elementor-widget-image\" data-id=\"e4787af\" data-element_type=\"widget\" data-widget_type=\"image.default\">\n\t\t\t\t<div class=\"elementor-widget-container\">\n\t\t\t\t\t\t\t\t\t\t\t\t\t\t\t<img fetchpriority=\"high\" decoding=\"async\" width=\"800\" height=\"600\" src=\"https:\/\/delyava.com\/wp-content\/uploads\/2025\/03\/delya-beauty-equipment-manufacturer-factory-1024x768.png\" class=\"attachment-large size-large wp-image-14947\" alt=\"usine de fabrication d&#039;\u00e9quipements de beaut\u00e9 delya\" srcset=\"https:\/\/delyava.com\/wp-content\/uploads\/2025\/03\/delya-beauty-equipment-manufacturer-factory-1024x768.png 1024w, https:\/\/delyava.com\/wp-content\/uploads\/2025\/03\/delya-beauty-equipment-manufacturer-factory-300x225.png 300w, https:\/\/delyava.com\/wp-content\/uploads\/2025\/03\/delya-beauty-equipment-manufacturer-factory-768x576.png 768w, https:\/\/delyava.com\/wp-content\/uploads\/2025\/03\/delya-beauty-equipment-manufacturer-factory-16x12.png 16w, https:\/\/delyava.com\/wp-content\/uploads\/2025\/03\/delya-beauty-equipment-manufacturer-factory-600x450.png 600w, https:\/\/delyava.com\/wp-content\/uploads\/2025\/03\/delya-beauty-equipment-manufacturer-factory.png 1365w\" sizes=\"(max-width: 800px) 100vw, 800px\" \/>\t\t\t\t\t\t\t\t\t\t\t\t\t\t\t<\/div>\n\t\t\t\t<\/div>\n\t\t\t\t<div class=\"elementor-element elementor-element-847c5b4 elementor-widget elementor-widget-text-editor\" data-id=\"847c5b4\" data-element_type=\"widget\" data-widget_type=\"text-editor.default\">\n\t\t\t\t<div class=\"elementor-widget-container\">\n\t\t\t\t\t\t\t\t\t<p><span style=\"color: #000000;\">Fabricant de lasers cosm\u00e9tiques et m\u00e9dicaux<\/span><\/p>\t\t\t\t\t\t\t\t<\/div>\n\t\t\t\t<\/div>\n\t\t\t\t<\/div>\n\t\t\t\t\t<\/div>\n\t\t\t\t<\/div>\n\t\t<div class=\"elementor-element elementor-element-00f27cc e-flex e-con-boxed e-con e-parent\" data-id=\"00f27cc\" data-element_type=\"container\">\n\t\t\t\t\t<div class=\"e-con-inner\">\n\t\t<div class=\"elementor-element elementor-element-f2c7a8e e-con-full e-flex e-con e-child\" data-id=\"f2c7a8e\" data-element_type=\"container\">\n\t\t\t\t<div class=\"elementor-element elementor-element-2093bc7 elementor-view-default elementor-widget elementor-widget-icon\" data-id=\"2093bc7\" data-element_type=\"widget\" data-widget_type=\"icon.default\">\n\t\t\t\t<div class=\"elementor-widget-container\">\n\t\t\t\t\t\t\t<div class=\"elementor-icon-wrapper\">\n\t\t\t<div class=\"elementor-icon\">\n\t\t\t<svg aria-hidden=\"true\" class=\"e-font-icon-svg e-fas-star\" viewbox=\"0 0 576 512\" xmlns=\"http:\/\/www.w3.org\/2000\/svg\"><path d=\"M259.3 17.8L194 150.2 47.9 171.5c-26.2 3.8-36.7 36.1-17.7 54.6l105.7 103-25 145.5c-4.5 26.3 23.2 46 46.4 33.7L288 439.6l130.7 68.7c23.2 12.2 50.9-7.4 46.4-33.7l-25-145.5 105.7-103c19-18.5 8.5-50.8-17.7-54.6L382 150.2 316.7 17.8c-11.7-23.6-45.6-23.9-57.4 0z\"><\/path><\/svg>\t\t\t<\/div>\n\t\t<\/div>\n\t\t\t\t\t\t<\/div>\n\t\t\t\t<\/div>\n\t\t\t\t<div class=\"elementor-element elementor-element-837b92c elementor-widget elementor-widget-heading\" data-id=\"837b92c\" data-element_type=\"widget\" data-widget_type=\"heading.default\">\n\t\t\t\t<div class=\"elementor-widget-container\">\n\t\t\t\t\t<h4 class=\"elementor-heading-title elementor-size-default\">Direction de la mission<\/h4>\t\t\t\t<\/div>\n\t\t\t\t<\/div>\n\t\t\t\t<div class=\"elementor-element elementor-element-e1193f5 elementor-widget elementor-widget-text-editor\" data-id=\"e1193f5\" data-element_type=\"widget\" data-widget_type=\"text-editor.default\">\n\t\t\t\t<div class=\"elementor-widget-container\">\n\t\t\t\t\t\t\t\t\t<p>Notre mission est d\u2019\u00eatre un acteur cl\u00e9 d\u2019une vie plus saine et meilleure pour les personnes du monde entier.<\/p>\t\t\t\t\t\t\t\t<\/div>\n\t\t\t\t<\/div>\n\t\t\t\t<\/div>\n\t\t<div class=\"elementor-element elementor-element-7b4d8d1 e-con-full e-flex e-con e-child\" data-id=\"7b4d8d1\" data-element_type=\"container\">\n\t\t\t\t<div class=\"elementor-element elementor-element-9fea96c elementor-view-default elementor-widget elementor-widget-icon\" data-id=\"9fea96c\" data-element_type=\"widget\" data-widget_type=\"icon.default\">\n\t\t\t\t<div class=\"elementor-widget-container\">\n\t\t\t\t\t\t\t<div class=\"elementor-icon-wrapper\">\n\t\t\t<div class=\"elementor-icon\">\n\t\t\t<svg aria-hidden=\"true\" class=\"e-font-icon-svg e-fas-star\" viewbox=\"0 0 576 512\" xmlns=\"http:\/\/www.w3.org\/2000\/svg\"><path d=\"M259.3 17.8L194 150.2 47.9 171.5c-26.2 3.8-36.7 36.1-17.7 54.6l105.7 103-25 145.5c-4.5 26.3 23.2 46 46.4 33.7L288 439.6l130.7 68.7c23.2 12.2 50.9-7.4 46.4-33.7l-25-145.5 105.7-103c19-18.5 8.5-50.8-17.7-54.6L382 150.2 316.7 17.8c-11.7-23.6-45.6-23.9-57.4 0z\"><\/path><\/svg>\t\t\t<\/div>\n\t\t<\/div>\n\t\t\t\t\t\t<\/div>\n\t\t\t\t<\/div>\n\t\t\t\t<div class=\"elementor-element elementor-element-b498895 elementor-widget elementor-widget-heading\" data-id=\"b498895\" data-element_type=\"widget\" data-widget_type=\"heading.default\">\n\t\t\t\t<div class=\"elementor-widget-container\">\n\t\t\t\t\t<h4 class=\"elementor-heading-title elementor-size-default\">Engagement<\/h4>\t\t\t\t<\/div>\n\t\t\t\t<\/div>\n\t\t\t\t<div class=\"elementor-element elementor-element-e9fafd8 elementor-widget elementor-widget-text-editor\" data-id=\"e9fafd8\" data-element_type=\"widget\" data-widget_type=\"text-editor.default\">\n\t\t\t\t<div class=\"elementor-widget-container\">\n\t\t\t\t\t\t\t\t\t<p>Delya s&#039;engage \u00e0 \u00eatre le meilleur fabricant d&#039;\u00e9quipements esth\u00e9tiques en Chine, offrant le plus haut niveau de qualit\u00e9 et de performance.<\/p>\t\t\t\t\t\t\t\t<\/div>\n\t\t\t\t<\/div>\n\t\t\t\t<\/div>\n\t\t\t\t\t<\/div>\n\t\t\t\t<\/div>\n\t\t<div class=\"elementor-element elementor-element-2aa7350 e-flex e-con-boxed e-con e-parent\" data-id=\"2aa7350\" data-element_type=\"container\">\n\t\t\t\t\t<div class=\"e-con-inner\">\n\t\t<div class=\"elementor-element elementor-element-b083041 e-con-full e-flex e-con e-child\" data-id=\"b083041\" data-element_type=\"container\">\n\t\t\t\t<div class=\"elementor-element elementor-element-414ab87 elementor-widget elementor-widget-image-carousel\" data-id=\"414ab87\" data-element_type=\"widget\" data-settings=\"{&quot;slides_to_show&quot;:&quot;6&quot;,&quot;navigation&quot;:&quot;none&quot;,&quot;image_spacing_custom&quot;:{&quot;unit&quot;:&quot;px&quot;,&quot;size&quot;:25,&quot;sizes&quot;:[]},&quot;slides_to_show_tablet&quot;:&quot;3&quot;,&quot;slides_to_show_mobile&quot;:&quot;2&quot;,&quot;autoplay&quot;:&quot;yes&quot;,&quot;pause_on_hover&quot;:&quot;yes&quot;,&quot;pause_on_interaction&quot;:&quot;yes&quot;,&quot;autoplay_speed&quot;:5000,&quot;infinite&quot;:&quot;yes&quot;,&quot;speed&quot;:500,&quot;image_spacing_custom_tablet&quot;:{&quot;unit&quot;:&quot;px&quot;,&quot;size&quot;:&quot;&quot;,&quot;sizes&quot;:[]},&quot;image_spacing_custom_mobile&quot;:{&quot;unit&quot;:&quot;px&quot;,&quot;size&quot;:&quot;&quot;,&quot;sizes&quot;:[]}}\" data-widget_type=\"image-carousel.default\">\n\t\t\t\t<div class=\"elementor-widget-container\">\n\t\t\t\t\t\t\t<div class=\"elementor-image-carousel-wrapper swiper\" role=\"region\" aria-roledescription=\"carousel\" aria-label=\"Carrousel d&#039;images\" dir=\"ltr\">\n\t\t\t<div class=\"elementor-image-carousel swiper-wrapper\" aria-live=\"off\">\n\t\t\t\t\t\t\t\t<div class=\"swiper-slide\" role=\"group\" aria-roledescription=\"slide\" aria-label=\"1 \u0438\u0437 6\" data-no-translation-aria-label=\"\"><figure class=\"swiper-slide-inner\"><img decoding=\"async\" class=\"swiper-slide-image\" src=\"https:\/\/delyava.com\/wp-content\/uploads\/2024\/08\/1.jpg\" alt=\"1\" \/><\/figure><\/div><div class=\"swiper-slide\" role=\"group\" aria-roledescription=\"slide\" aria-label=\"2 \u0438\u0437 6\" data-no-translation-aria-label=\"\"><figure class=\"swiper-slide-inner\"><img decoding=\"async\" class=\"swiper-slide-image\" src=\"https:\/\/delyava.com\/wp-content\/uploads\/2024\/08\/2.jpg\" alt=\"2\" \/><\/figure><\/div><div class=\"swiper-slide\" role=\"group\" aria-roledescription=\"slide\" aria-label=\"3 \u0438\u0437 6\" data-no-translation-aria-label=\"\"><figure class=\"swiper-slide-inner\"><img decoding=\"async\" class=\"swiper-slide-image\" src=\"https:\/\/delyava.com\/wp-content\/uploads\/2024\/08\/1c57e51b-812e-478a-bbd4-d837ebd601ea-scaled.jpg\" alt=\"\" \/><\/figure><\/div><div class=\"swiper-slide\" role=\"group\" aria-roledescription=\"slide\" aria-label=\"4 \u0438\u0437 6\" data-no-translation-aria-label=\"\"><figure class=\"swiper-slide-inner\"><img decoding=\"async\" class=\"swiper-slide-image\" src=\"https:\/\/delyava.com\/wp-content\/uploads\/2024\/08\/3.jpg\" alt=\"3\" \/><\/figure><\/div><div class=\"swiper-slide\" role=\"group\" aria-roledescription=\"slide\" aria-label=\"5 \u0438\u0437 6\" data-no-translation-aria-label=\"\"><figure class=\"swiper-slide-inner\"><img decoding=\"async\" class=\"swiper-slide-image\" src=\"https:\/\/delyava.com\/wp-content\/uploads\/2024\/08\/8af56fb9ad3fae9574a0219f1edd3fd9-scaled.jpeg\" alt=\"8af56fb9ad3fae9574a0219f1edd3fd9\" \/><\/figure><\/div><div class=\"swiper-slide\" role=\"group\" aria-roledescription=\"slide\" aria-label=\"6 \u0438\u0437 6\" data-no-translation-aria-label=\"\"><figure class=\"swiper-slide-inner\"><img decoding=\"async\" class=\"swiper-slide-image\" src=\"https:\/\/delyava.com\/wp-content\/uploads\/2024\/08\/\u5fae\u4fe1\u56fe\u7247_20240811104057.jpg\" alt=\"\" \/><\/figure><\/div>\t\t\t<\/div>\n\t\t\t\t\t\t\t\n\t\t\t\t\t\t\t\t\t<\/div>\n\t\t\t\t\t\t<\/div>\n\t\t\t\t<\/div>\n\t\t\t\t<\/div>\n\t\t\t\t\t<\/div>\n\t\t\t\t<\/div>\n\t\t<div class=\"elementor-element elementor-element-c56ce9b e-flex e-con-boxed e-con e-parent\" data-id=\"c56ce9b\" data-element_type=\"container\">\n\t\t\t\t\t<div class=\"e-con-inner\">\n\t\t\t\t<div class=\"elementor-element elementor-element-ad07822 elementor-widget elementor-widget-heading\" data-id=\"ad07822\" data-element_type=\"widget\" data-widget_type=\"heading.default\">\n\t\t\t\t<div class=\"elementor-widget-container\">\n\t\t\t\t\t<h3 class=\"elementor-heading-title elementor-size-default\">D\u00e9couvrez le parcours de Delya<\/h3>\t\t\t\t<\/div>\n\t\t\t\t<\/div>\n\t\t\t\t<div class=\"elementor-element elementor-element-5820dae elementor-widget elementor-widget-text-editor\" data-id=\"5820dae\" data-element_type=\"widget\" data-widget_type=\"text-editor.default\">\n\t\t\t\t<div class=\"elementor-widget-container\">\n\t\t\t\t\t\t\t\t\t<p>Jetez un \u0153il approfondi \u00e0 notre pass\u00e9, \u00e0 nos d\u00e9buts et aux progr\u00e8s que nous avons r\u00e9alis\u00e9s au fil des ans. Depuis nos d\u00e9buts, nous avons investi du temps dans notre \u00e9volution, en veillant \u00e0 ne jamais abandonner notre vision d&#039;\u00eatre un leader de l&#039;industrie.<\/p>\t\t\t\t\t\t\t\t<\/div>\n\t\t\t\t<\/div>\n\t\t\t\t\t<\/div>\n\t\t\t\t<\/div>\n\t\t<div class=\"elementor-element elementor-element-af74a1f e-flex e-con-boxed e-con e-parent\" data-id=\"af74a1f\" data-element_type=\"container\">\n\t\t\t\t\t<div class=\"e-con-inner\">\n\t\t<div class=\"elementor-element elementor-element-8ded457 e-con-full e-flex e-con e-child\" data-id=\"8ded457\" data-element_type=\"container\">\n\t\t<div class=\"elementor-element elementor-element-e46ae9e e-con-full e-flex e-con e-child\" data-id=\"e46ae9e\" data-element_type=\"container\">\n\t\t<div class=\"elementor-element elementor-element-f7d2073 e-con-full e-flex e-con e-child\" data-id=\"f7d2073\" data-element_type=\"container\">\n\t\t\t\t<div class=\"elementor-element elementor-element-9716d30 elementor-widget elementor-widget-heading\" data-id=\"9716d30\" data-element_type=\"widget\" data-widget_type=\"heading.default\">\n\t\t\t\t<div class=\"elementor-widget-container\">\n\t\t\t\t\t<h2 class=\"elementor-heading-title elementor-size-default\">Utilisez la technologie Delya comme un moteur pour aider votre entreprise de beaut\u00e9 \u00e0 prosp\u00e9rer.<\/h2>\t\t\t\t<\/div>\n\t\t\t\t<\/div>\n\t\t<div class=\"elementor-element elementor-element-93dd89e e-con-full e-flex e-con e-child\" data-id=\"93dd89e\" data-element_type=\"container\">\n\t\t<div class=\"elementor-element elementor-element-dbac5bb e-con-full e-flex e-con e-child\" data-id=\"dbac5bb\" data-element_type=\"container\">\n\t\t\t\t<div class=\"elementor-element elementor-element-4733861 elementor-widget elementor-widget-heading\" data-id=\"4733861\" data-element_type=\"widget\" data-widget_type=\"heading.default\">\n\t\t\t\t<div class=\"elementor-widget-container\">\n\t\t\t\t\t<h5 class=\"elementor-heading-title elementor-size-default\">Pour les propri\u00e9taires de marques, les grossistes et les n\u00e9gociants<\/h5>\t\t\t\t<\/div>\n\t\t\t\t<\/div>\n\t\t\t\t<\/div>\n\t\t<div class=\"elementor-element elementor-element-67e6eff e-con-full e-flex e-con e-child\" data-id=\"67e6eff\" data-element_type=\"container\">\n\t\t\t\t<div class=\"elementor-element elementor-element-54248ee elementor-widget elementor-widget-heading\" data-id=\"54248ee\" data-element_type=\"widget\" data-widget_type=\"heading.default\">\n\t\t\t\t<div class=\"elementor-widget-container\">\n\t\t\t\t\t<h5 class=\"elementor-heading-title elementor-size-default\">Pour les entreprises de produits pour la peau<\/h5>\t\t\t\t<\/div>\n\t\t\t\t<\/div>\n\t\t\t\t<\/div>\n\t\t<div class=\"elementor-element elementor-element-7170988 e-con-full e-flex e-con e-child\" data-id=\"7170988\" data-element_type=\"container\">\n\t\t\t\t<div class=\"elementor-element elementor-element-152a766 elementor-widget elementor-widget-heading\" data-id=\"152a766\" data-element_type=\"widget\" data-widget_type=\"heading.default\">\n\t\t\t\t<div class=\"elementor-widget-container\">\n\t\t\t\t\t<h5 class=\"elementor-heading-title elementor-size-default\">Pour les salons de beaut\u00e9\/cliniques\/spas<\/h5>\t\t\t\t<\/div>\n\t\t\t\t<\/div>\n\t\t\t\t<\/div>\n\t\t<div class=\"elementor-element elementor-element-b902b3b e-con-full e-flex e-con e-child\" data-id=\"b902b3b\" data-element_type=\"container\">\n\t\t\t\t<div class=\"elementor-element elementor-element-8999204 elementor-widget elementor-widget-heading\" data-id=\"8999204\" data-element_type=\"widget\" data-widget_type=\"heading.default\">\n\t\t\t\t<div class=\"elementor-widget-container\">\n\t\t\t\t\t<h5 class=\"elementor-heading-title elementor-size-default\">Pour les individus\/familles<\/h5>\t\t\t\t<\/div>\n\t\t\t\t<\/div>\n\t\t\t\t<\/div>\n\t\t\t\t<\/div>\n\t\t\t\t<\/div>\n\t\t<div class=\"elementor-element elementor-element-5b07d4d e-con-full e-flex e-con e-child\" data-id=\"5b07d4d\" data-element_type=\"container\">\n\t\t\t\t<div class=\"elementor-element elementor-element-b6a9fac elementor-align-center elementor-widget elementor-widget-button\" data-id=\"b6a9fac\" data-element_type=\"widget\" data-widget_type=\"button.default\">\n\t\t\t\t<div class=\"elementor-widget-container\">\n\t\t\t\t\t\t\t\t\t<div class=\"elementor-button-wrapper\">\n\t\t\t\t\t<a class=\"elementor-button elementor-button-link elementor-size-sm\" href=\"https:\/\/delyava.com\/fr\/contact-us\/\">\n\t\t\t\t\t\t<span class=\"elementor-button-content-wrapper\">\n\t\t\t\t\t\t\t\t\t<span class=\"elementor-button-text\">Nous contacter<\/span>\n\t\t\t\t\t<\/span>\n\t\t\t\t\t<\/a>\n\t\t\t\t<\/div>\n\t\t\t\t\t\t\t\t<\/div>\n\t\t\t\t<\/div>\n\t\t\t\t<\/div>\n\t\t\t\t<\/div>\n\t\t\t\t<\/div>\n\t\t\t\t\t<\/div>\n\t\t\t\t<\/div>\n\t\t\t\t<\/div>","protected":false},"excerpt":{"rendered":"<p>Company Introduction Medical Aesthetic Machines DELYA Manufacturer In the field of medical aesthetics, where a large number of companies provide cutting-edge equipment for skin treatments and aesthetic-related procedures, DELYA, a leading manufacturer of high-quality medical aesthetics equipment, will take you on an in-depth tour of the DELYA factory, highlighting its key features and significant advantages. [&hellip;]<\/p>","protected":false},"author":2,"featured_media":0,"parent":0,"menu_order":0,"comment_status":"closed","ping_status":"closed","template":"","meta":{"_seopress_robots_primary_cat":"","_seopress_titles_title":"","_seopress_titles_desc":"","_seopress_robots_index":"","footnotes":""},"class_list":["post-842","page","type-page","status-publish","hentry"],"_links":{"self":[{"href":"https:\/\/delyava.com\/fr\/wp-json\/wp\/v2\/pages\/842","targetHints":{"allow":["GET"]}}],"collection":[{"href":"https:\/\/delyava.com\/fr\/wp-json\/wp\/v2\/pages"}],"about":[{"href":"https:\/\/delyava.com\/fr\/wp-json\/wp\/v2\/types\/page"}],"author":[{"embeddable":true,"href":"https:\/\/delyava.com\/fr\/wp-json\/wp\/v2\/users\/2"}],"replies":[{"embeddable":true,"href":"https:\/\/delyava.com\/fr\/wp-json\/wp\/v2\/comments?post=842"}],"version-history":[{"count":3,"href":"https:\/\/delyava.com\/fr\/wp-json\/wp\/v2\/pages\/842\/revisions"}],"predecessor-version":[{"id":15047,"href":"https:\/\/delyava.com\/fr\/wp-json\/wp\/v2\/pages\/842\/revisions\/15047"}],"wp:attachment":[{"href":"https:\/\/delyava.com\/fr\/wp-json\/wp\/v2\/media?parent=842"}],"curies":[{"name":"wp","href":"https:\/\/api.w.org\/{rel}","templated":true}]}}