{"id":3490,"date":"2024-08-23T16:22:30","date_gmt":"2024-08-23T08:22:30","guid":{"rendered":"https:\/\/delyava.com\/?page_id=3490"},"modified":"2024-09-02T14:43:47","modified_gmt":"2024-09-02T06:43:47","slug":"strong-service-support","status":"publish","type":"page","link":"https:\/\/delyava.com\/fr\/strong-service-support\/","title":{"rendered":"Un service d'assistance solide"},"content":{"rendered":"<div data-elementor-type=\"wp-page\" data-elementor-id=\"3490\" class=\"elementor elementor-3490\" data-elementor-post-type=\"page\">\n\t\t\t\t<div class=\"elementor-element elementor-element-ef33025 e-flex e-con-boxed e-con e-parent\" data-id=\"ef33025\" data-element_type=\"container\">\n\t\t\t\t\t<div class=\"e-con-inner\">\n\t\t<div class=\"elementor-element elementor-element-f3c0aed e-con-full e-flex e-con e-child\" data-id=\"f3c0aed\" data-element_type=\"container\">\n\t\t<div class=\"elementor-element elementor-element-11418f2 e-con-full e-flex e-con e-child\" data-id=\"11418f2\" data-element_type=\"container\" data-settings=\"{&quot;background_background&quot;:&quot;classic&quot;}\">\n\t\t<div class=\"elementor-element elementor-element-dd4e8c7 e-con-full e-flex e-con e-child\" data-id=\"dd4e8c7\" data-element_type=\"container\">\n\t\t\t\t<div class=\"elementor-element elementor-element-b8cfece elementor-widget elementor-widget-heading\" data-id=\"b8cfece\" data-element_type=\"widget\" data-widget_type=\"heading.default\">\n\t\t\t\t<div class=\"elementor-widget-container\">\n\t\t\t\t\t<h1 class=\"elementor-heading-title elementor-size-default\">Support de service solide<\/h1>\t\t\t\t<\/div>\n\t\t\t\t<\/div>\n\t\t\t\t<\/div>\n\t\t\t\t<\/div>\n\t\t\t\t<\/div>\n\t\t\t\t\t<\/div>\n\t\t\t\t<\/div>\n\t\t<div class=\"elementor-element elementor-element-cbf2bdd e-flex e-con-boxed e-con e-parent\" data-id=\"cbf2bdd\" data-element_type=\"container\">\n\t\t\t\t\t<div class=\"e-con-inner\">\n\t\t<div class=\"elementor-element elementor-element-cbabf5e e-con-full e-flex e-con e-child\" data-id=\"cbabf5e\" data-element_type=\"container\">\n\t\t<div class=\"elementor-element elementor-element-9d214b4 e-con-full e-flex e-con e-child\" data-id=\"9d214b4\" data-element_type=\"container\">\n\t\t\t\t<div class=\"elementor-element elementor-element-a96f39f elementor-widget elementor-widget-heading\" data-id=\"a96f39f\" data-element_type=\"widget\" data-widget_type=\"heading.default\">\n\t\t\t\t<div class=\"elementor-widget-container\">\n\t\t\t\t\t<h4 class=\"elementor-heading-title elementor-size-default\">R\u00e9ponse rapide et professionnelle aux demandes de renseignements<\/h4>\t\t\t\t<\/div>\n\t\t\t\t<\/div>\n\t\t\t\t<div class=\"elementor-element elementor-element-8224096 elementor-widget elementor-widget-text-editor\" data-id=\"8224096\" data-element_type=\"widget\" data-widget_type=\"text-editor.default\">\n\t\t\t\t<div class=\"elementor-widget-container\">\n\t\t\t\t\t\t\t\t\t<p>Nous sommes disponibles 24 heures sur 24 pour r\u00e9pondre \u00e0 votre appel. Forts d&#039;une vaste exp\u00e9rience dans une large gamme de programmes d&#039;\u00e9quipements esth\u00e9tiques, notre consultation gratuite peut vous fournir des conseils et une assistance pr\u00e9cieux pour mener votre marque ou votre entreprise sur la voie de la croissance et du succ\u00e8s. Nous fournissons des conseils d&#039;experts sur la machine adapt\u00e9e \u00e0 votre application sp\u00e9cifique, en fonction du r\u00e9sultat de traitement souhait\u00e9, de la plateforme de vente, du public cible et du budget.<\/p>\t\t\t\t\t\t\t\t<\/div>\n\t\t\t\t<\/div>\n\t\t\t\t<\/div>\n\t\t<div class=\"elementor-element elementor-element-0149ac5 e-con-full e-flex e-con e-child\" data-id=\"0149ac5\" data-element_type=\"container\">\n\t\t\t\t<div class=\"elementor-element elementor-element-8152da0 elementor-widget elementor-widget-image\" data-id=\"8152da0\" data-element_type=\"widget\" data-widget_type=\"image.default\">\n\t\t\t\t<div class=\"elementor-widget-container\">\n\t\t\t\t\t\t\t\t\t\t\t\t\t\t\t<img fetchpriority=\"high\" decoding=\"async\" width=\"800\" height=\"531\" src=\"https:\/\/delyava.com\/wp-content\/uploads\/2024\/08\/c4ea9c2d-94d3-444d-8494-8be9f508bfd1-1024x680.jpg\" class=\"attachment-large size-large wp-image-2747\" alt=\"R\u00e9ponse rapide et professionnelle aux demandes de renseignements\" srcset=\"https:\/\/delyava.com\/wp-content\/uploads\/2024\/08\/c4ea9c2d-94d3-444d-8494-8be9f508bfd1-1024x680.jpg 1024w, https:\/\/delyava.com\/wp-content\/uploads\/2024\/08\/c4ea9c2d-94d3-444d-8494-8be9f508bfd1-300x199.jpg 300w, https:\/\/delyava.com\/wp-content\/uploads\/2024\/08\/c4ea9c2d-94d3-444d-8494-8be9f508bfd1-768x510.jpg 768w, https:\/\/delyava.com\/wp-content\/uploads\/2024\/08\/c4ea9c2d-94d3-444d-8494-8be9f508bfd1-1536x1020.jpg 1536w, https:\/\/delyava.com\/wp-content\/uploads\/2024\/08\/c4ea9c2d-94d3-444d-8494-8be9f508bfd1-2048x1360.jpg 2048w, https:\/\/delyava.com\/wp-content\/uploads\/2024\/08\/c4ea9c2d-94d3-444d-8494-8be9f508bfd1-600x398.jpg 600w\" sizes=\"(max-width: 800px) 100vw, 800px\" \/>\t\t\t\t\t\t\t\t\t\t\t\t\t\t\t<\/div>\n\t\t\t\t<\/div>\n\t\t\t\t<\/div>\n\t\t\t\t<\/div>\n\t\t<div class=\"elementor-element elementor-element-a279ded e-con-full e-flex e-con e-child\" data-id=\"a279ded\" data-element_type=\"container\">\n\t\t<div class=\"elementor-element elementor-element-b176d4b e-con-full e-flex e-con e-child\" data-id=\"b176d4b\" data-element_type=\"container\">\n\t\t\t\t<div class=\"elementor-element elementor-element-458e34a elementor-widget elementor-widget-image\" data-id=\"458e34a\" data-element_type=\"widget\" data-widget_type=\"image.default\">\n\t\t\t\t<div class=\"elementor-widget-container\">\n\t\t\t\t\t\t\t\t\t\t\t\t\t\t\t<img decoding=\"async\" width=\"800\" height=\"534\" src=\"https:\/\/delyava.com\/wp-content\/uploads\/2024\/08\/a9455cf9-aa3a-426c-9176-f55260fdbfd1-1024x683.jpg\" class=\"attachment-large size-large wp-image-2757\" alt=\"Un puissant coup de pouce pour vos projets personnalis\u00e9s\" srcset=\"https:\/\/delyava.com\/wp-content\/uploads\/2024\/08\/a9455cf9-aa3a-426c-9176-f55260fdbfd1-1024x683.jpg 1024w, https:\/\/delyava.com\/wp-content\/uploads\/2024\/08\/a9455cf9-aa3a-426c-9176-f55260fdbfd1-300x200.jpg 300w, https:\/\/delyava.com\/wp-content\/uploads\/2024\/08\/a9455cf9-aa3a-426c-9176-f55260fdbfd1-768x512.jpg 768w, https:\/\/delyava.com\/wp-content\/uploads\/2024\/08\/a9455cf9-aa3a-426c-9176-f55260fdbfd1-600x400.jpg 600w, https:\/\/delyava.com\/wp-content\/uploads\/2024\/08\/a9455cf9-aa3a-426c-9176-f55260fdbfd1.jpg 1536w\" sizes=\"(max-width: 800px) 100vw, 800px\" \/>\t\t\t\t\t\t\t\t\t\t\t\t\t\t\t<\/div>\n\t\t\t\t<\/div>\n\t\t\t\t<\/div>\n\t\t<div class=\"elementor-element elementor-element-82240ce e-con-full e-flex e-con e-child\" data-id=\"82240ce\" data-element_type=\"container\">\n\t\t\t\t<div class=\"elementor-element elementor-element-8a9ed69 elementor-widget elementor-widget-heading\" data-id=\"8a9ed69\" data-element_type=\"widget\" data-widget_type=\"heading.default\">\n\t\t\t\t<div class=\"elementor-widget-container\">\n\t\t\t\t\t<h4 class=\"elementor-heading-title elementor-size-default\">Un puissant coup de pouce pour vos projets personnalis\u00e9s<\/h4>\t\t\t\t<\/div>\n\t\t\t\t<\/div>\n\t\t\t\t<div class=\"elementor-element elementor-element-b8631d6 elementor-widget elementor-widget-text-editor\" data-id=\"b8631d6\" data-element_type=\"widget\" data-widget_type=\"text-editor.default\">\n\t\t\t\t<div class=\"elementor-widget-container\">\n\t\t\t\t\t\t\t\t\t<p>Notre \u00e9quipe professionnelle de R&amp;D et de conception a travaill\u00e9 avec un large \u00e9ventail de marques et sait comment d\u00e9velopper de nouveaux \u00e9quipements de beaut\u00e9 \u00e0 partir de z\u00e9ro ou transformer vos conceptions de marque existantes en produits r\u00e9els. Combin\u00e9s \u00e0 notre forte capacit\u00e9 de production et \u00e0 notre cha\u00eene d&#039;approvisionnement bien \u00e9tablie, nous pouvons vous proposer une solution unique pour la personnalisation et la production d&#039;\u00e9quipements de beaut\u00e9 haut de gamme.<\/p>\t\t\t\t\t\t\t\t<\/div>\n\t\t\t\t<\/div>\n\t\t\t\t<\/div>\n\t\t\t\t<\/div>\n\t\t<div class=\"elementor-element elementor-element-8404f79 e-con-full e-flex e-con e-child\" data-id=\"8404f79\" data-element_type=\"container\">\n\t\t<div class=\"elementor-element elementor-element-325c7a8 e-con-full e-flex e-con e-child\" data-id=\"325c7a8\" data-element_type=\"container\">\n\t\t\t\t<div class=\"elementor-element elementor-element-720ced8 elementor-widget elementor-widget-heading\" data-id=\"720ced8\" data-element_type=\"widget\" data-widget_type=\"heading.default\">\n\t\t\t\t<div class=\"elementor-widget-container\">\n\t\t\t\t\t<h4 class=\"elementor-heading-title elementor-size-default\">Excellent service de garantie apr\u00e8s-vente<\/h4>\t\t\t\t<\/div>\n\t\t\t\t<\/div>\n\t\t\t\t<div class=\"elementor-element elementor-element-9fe97fb elementor-widget elementor-widget-text-editor\" data-id=\"9fe97fb\" data-element_type=\"widget\" data-widget_type=\"text-editor.default\">\n\t\t\t\t<div class=\"elementor-widget-container\">\n\t\t\t\t\t\t\t\t\t<p>La livraison n&#039;est pas la fin de notre service. Lorsque vous nous faites part de vos commentaires sur votre probl\u00e8me, notre \u00e9quipe technique d\u00e9di\u00e9e r\u00e9pondra rapidement et s&#039;en occupera. Nous nous engageons \u00e0 vous donner une r\u00e9ponse rapide et \u00e0 nous assurer que le probl\u00e8me soit r\u00e9solu dans les 12 heures.<\/p><ul><li>Nous disposons d&#039;un large stock de pi\u00e8ces de rechange pour r\u00e9pondre imm\u00e9diatement \u00e0 l&#039;usure ou \u00e0 la panne du mat\u00e9riel.<\/li><li>Nous offrons une garantie de deux ans sur l&#039;ensemble de la machine et une garantie d&#039;un an sur les pi\u00e8ces.<\/li><li>Vos op\u00e9rateurs disposent de vid\u00e9os p\u00e9dagogiques \u00e9prouv\u00e9es et de manuels d\u2019utilisation d\u00e9taill\u00e9s.<\/li><\/ul>\t\t\t\t\t\t\t\t<\/div>\n\t\t\t\t<\/div>\n\t\t\t\t<\/div>\n\t\t<div class=\"elementor-element elementor-element-a3b2009 e-con-full e-flex e-con e-child\" data-id=\"a3b2009\" data-element_type=\"container\">\n\t\t\t\t<div class=\"elementor-element elementor-element-0943846 elementor-widget elementor-widget-image\" data-id=\"0943846\" data-element_type=\"widget\" data-widget_type=\"image.default\">\n\t\t\t\t<div class=\"elementor-widget-container\">\n\t\t\t\t\t\t\t\t\t\t\t\t\t\t\t<img decoding=\"async\" width=\"800\" height=\"534\" src=\"https:\/\/delyava.com\/wp-content\/uploads\/2024\/08\/46dc8055-2c08-4d2f-b3a9-97a5cd3bbfcc-1024x684.jpg\" class=\"attachment-large size-large wp-image-2764\" alt=\"Excellent service de garantie apr\u00e8s-vente\" srcset=\"https:\/\/delyava.com\/wp-content\/uploads\/2024\/08\/46dc8055-2c08-4d2f-b3a9-97a5cd3bbfcc-1024x684.jpg 1024w, https:\/\/delyava.com\/wp-content\/uploads\/2024\/08\/46dc8055-2c08-4d2f-b3a9-97a5cd3bbfcc-300x200.jpg 300w, https:\/\/delyava.com\/wp-content\/uploads\/2024\/08\/46dc8055-2c08-4d2f-b3a9-97a5cd3bbfcc-768x513.jpg 768w, https:\/\/delyava.com\/wp-content\/uploads\/2024\/08\/46dc8055-2c08-4d2f-b3a9-97a5cd3bbfcc-600x401.jpg 600w, https:\/\/delyava.com\/wp-content\/uploads\/2024\/08\/46dc8055-2c08-4d2f-b3a9-97a5cd3bbfcc.jpg 1534w\" sizes=\"(max-width: 800px) 100vw, 800px\" \/>\t\t\t\t\t\t\t\t\t\t\t\t\t\t\t<\/div>\n\t\t\t\t<\/div>\n\t\t\t\t<\/div>\n\t\t\t\t<\/div>\n\t\t\t\t\t<\/div>\n\t\t\t\t<\/div>\n\t\t<div class=\"elementor-element elementor-element-8c1b59e e-flex e-con-boxed e-con e-parent\" data-id=\"8c1b59e\" data-element_type=\"container\">\n\t\t\t\t\t<div class=\"e-con-inner\">\n\t\t<div class=\"elementor-element elementor-element-34f0b94 e-con-full e-flex e-con e-child\" data-id=\"34f0b94\" data-element_type=\"container\">\n\t\t\t\t<div class=\"elementor-element elementor-element-9e2e196 elementor-widget elementor-widget-heading\" data-id=\"9e2e196\" data-element_type=\"widget\" data-widget_type=\"heading.default\">\n\t\t\t\t<div class=\"elementor-widget-container\">\n\t\t\t\t\t<h3 class=\"elementor-heading-title elementor-size-default\">Des services exclusifs pour diff\u00e9rents groupes de clients<\/h3>\t\t\t\t<\/div>\n\t\t\t\t<\/div>\n\t\t\t\t<\/div>\n\t\t<div class=\"elementor-element elementor-element-13e841d e-con-full e-flex e-con e-child\" data-id=\"13e841d\" data-element_type=\"container\">\n\t\t<div class=\"elementor-element elementor-element-f399950 e-con-full e-flex e-con e-child\" data-id=\"f399950\" data-element_type=\"container\">\n\t\t<div class=\"elementor-element elementor-element-7d02ab3 e-con-full e-flex e-con e-child\" data-id=\"7d02ab3\" data-element_type=\"container\">\n\t\t\t\t<div class=\"elementor-element elementor-element-3ba6e56 elementor-widget elementor-widget-heading\" data-id=\"3ba6e56\" data-element_type=\"widget\" data-widget_type=\"heading.default\">\n\t\t\t\t<div class=\"elementor-widget-container\">\n\t\t\t\t\t<h4 class=\"elementor-heading-title elementor-size-default\">Pour les marques et les grossistes :<\/h4>\t\t\t\t<\/div>\n\t\t\t\t<\/div>\n\t\t\t\t<div class=\"elementor-element elementor-element-e8b1615 elementor-widget elementor-widget-text-editor\" data-id=\"e8b1615\" data-element_type=\"widget\" data-widget_type=\"text-editor.default\">\n\t\t\t\t<div class=\"elementor-widget-container\">\n\t\t\t\t\t\t\t\t\t<p>Nous avons d\u00e9velopp\u00e9 une large gamme d'\u00e9quipements de beaut\u00e9 de haute performance et une strat\u00e9gie OEM attrayante con\u00e7ue pour r\u00e9pondre pr\u00e9cis\u00e9ment aux besoins des marques de beaut\u00e9 et des grossistes. En outre, nous avons \u00e9tabli des relations solides avec les fournisseurs en amont et nos propres usines afin de garantir un approvisionnement constant en appareils de beaut\u00e9 de haute qualit\u00e9.<\/p>\t\t\t\t\t\t\t\t<\/div>\n\t\t\t\t<\/div>\n\t\t\t\t<\/div>\n\t\t<div class=\"elementor-element elementor-element-d85db01 e-con-full e-flex e-con e-child\" data-id=\"d85db01\" data-element_type=\"container\">\n\t\t\t\t<div class=\"elementor-element elementor-element-0df1ec7 elementor-widget elementor-widget-heading\" data-id=\"0df1ec7\" data-element_type=\"widget\" data-widget_type=\"heading.default\">\n\t\t\t\t<div class=\"elementor-widget-container\">\n\t\t\t\t\t<h4 class=\"elementor-heading-title elementor-size-default\">Pour les fabricants de produits pour la peau :<\/h4>\t\t\t\t<\/div>\n\t\t\t\t<\/div>\n\t\t\t\t<div class=\"elementor-element elementor-element-07259da elementor-widget elementor-widget-text-editor\" data-id=\"07259da\" data-element_type=\"widget\" data-widget_type=\"text-editor.default\">\n\t\t\t\t<div class=\"elementor-widget-container\">\n\t\t\t\t\t\t\t\t\t<p>Delya travaille en \u00e9troite collaboration avec vous pour adapter nos appareils \u00e0 vos produits de soins de la peau afin d'en maximiser l'efficacit\u00e9. Gr\u00e2ce \u00e0 notre connaissance approfondie de l'industrie et \u00e0 notre exp\u00e9rience, nous pouvons vous fournir des solutions compl\u00e8tes de soins de la peau pour aider votre entreprise \u00e0 prosp\u00e9rer.<\/p>\t\t\t\t\t\t\t\t<\/div>\n\t\t\t\t<\/div>\n\t\t\t\t<\/div>\n\t\t<div class=\"elementor-element elementor-element-27baa45 e-con-full e-flex e-con e-child\" data-id=\"27baa45\" data-element_type=\"container\">\n\t\t\t\t<div class=\"elementor-element elementor-element-761668a elementor-widget elementor-widget-heading\" data-id=\"761668a\" data-element_type=\"widget\" data-widget_type=\"heading.default\">\n\t\t\t\t<div class=\"elementor-widget-container\">\n\t\t\t\t\t<h4 class=\"elementor-heading-title elementor-size-default\">Pour les salons de beaut\u00e9 :<\/h4>\t\t\t\t<\/div>\n\t\t\t\t<\/div>\n\t\t\t\t<div class=\"elementor-element elementor-element-bf25b7d elementor-widget elementor-widget-text-editor\" data-id=\"bf25b7d\" data-element_type=\"widget\" data-widget_type=\"text-editor.default\">\n\t\t\t\t<div class=\"elementor-widget-container\">\n\t\t\t\t\t\t\t\t\t<p>Nos \u00e9quipements esth\u00e9tiques haute performance ne n\u00e9cessitent pratiquement aucun entretien, ce qui permet \u00e0 votre salon ou \u00e0 votre institut de beaut\u00e9 d'obtenir un retour sur investissement rapide. De plus, vous b\u00e9n\u00e9ficierez d'un service apr\u00e8s-vente attentif et fiable, de la formation des op\u00e9rateurs \u00e0 l'assistance technique.<\/p>\t\t\t\t\t\t\t\t<\/div>\n\t\t\t\t<\/div>\n\t\t\t\t<\/div>\n\t\t<div class=\"elementor-element elementor-element-efbbae4 e-con-full e-flex e-con e-child\" data-id=\"efbbae4\" data-element_type=\"container\">\n\t\t\t\t<div class=\"elementor-element elementor-element-edb0bb7 elementor-widget elementor-widget-heading\" data-id=\"edb0bb7\" data-element_type=\"widget\" data-widget_type=\"heading.default\">\n\t\t\t\t<div class=\"elementor-widget-container\">\n\t\t\t\t\t<h4 class=\"elementor-heading-title elementor-size-default\">Pour les utilisateurs individuels :<\/h4>\t\t\t\t<\/div>\n\t\t\t\t<\/div>\n\t\t\t\t<div class=\"elementor-element elementor-element-0ecf5e1 elementor-widget elementor-widget-text-editor\" data-id=\"0ecf5e1\" data-element_type=\"widget\" data-widget_type=\"text-editor.default\">\n\t\t\t\t<div class=\"elementor-widget-container\">\n\t\t\t\t\t\t\t\t\t<p>Nos \u00e9quipements esth\u00e9tiques efficaces et faciles \u00e0 utiliser vous permettent de b\u00e9n\u00e9ficier de traitements esth\u00e9tiques de qualit\u00e9 professionnelle dans le confort de votre domicile. Que ce soit pour l'entretien quotidien ou pour des besoins sp\u00e9cifiques d'am\u00e9lioration de la peau, nous avons le produit qu'il vous faut, avec une orientation d\u00e9taill\u00e9e et des conseils apr\u00e8s-vente pour faire de votre voyage de beaut\u00e9 un moment agr\u00e9able.<\/p>\t\t\t\t\t\t\t\t<\/div>\n\t\t\t\t<\/div>\n\t\t\t\t<\/div>\n\t\t\t\t<\/div>\n\t\t\t\t<\/div>\n\t\t\t\t\t<\/div>\n\t\t\t\t<\/div>\n\t\t\t\t<\/div>","protected":false},"excerpt":{"rendered":"<p>Strong Servise Support Fast and professional response to inquiries We are available 24 hours a day to respond to your call. With extensive experience in a wide range of aesthetic equipment programs, our free consultation can provide you with valuable advice and assistance to lead your brand or business on the path to growth and [&hellip;]<\/p>","protected":false},"author":2,"featured_media":0,"parent":0,"menu_order":0,"comment_status":"closed","ping_status":"closed","template":"","meta":{"_seopress_robots_primary_cat":"","_seopress_titles_title":"","_seopress_titles_desc":"","_seopress_robots_index":"","footnotes":""},"class_list":["post-3490","page","type-page","status-publish","hentry"],"_links":{"self":[{"href":"https:\/\/delyava.com\/fr\/wp-json\/wp\/v2\/pages\/3490","targetHints":{"allow":["GET"]}}],"collection":[{"href":"https:\/\/delyava.com\/fr\/wp-json\/wp\/v2\/pages"}],"about":[{"href":"https:\/\/delyava.com\/fr\/wp-json\/wp\/v2\/types\/page"}],"author":[{"embeddable":true,"href":"https:\/\/delyava.com\/fr\/wp-json\/wp\/v2\/users\/2"}],"replies":[{"embeddable":true,"href":"https:\/\/delyava.com\/fr\/wp-json\/wp\/v2\/comments?post=3490"}],"version-history":[{"count":0,"href":"https:\/\/delyava.com\/fr\/wp-json\/wp\/v2\/pages\/3490\/revisions"}],"wp:attachment":[{"href":"https:\/\/delyava.com\/fr\/wp-json\/wp\/v2\/media?parent=3490"}],"curies":[{"name":"wp","href":"https:\/\/api.w.org\/{rel}","templated":true}]}}