{"id":3488,"date":"2024-08-23T16:21:08","date_gmt":"2024-08-23T08:21:08","guid":{"rendered":"https:\/\/delyava.com\/?page_id=3488"},"modified":"2024-08-28T11:32:42","modified_gmt":"2024-08-28T03:32:42","slug":"excellent-rd-capability","status":"publish","type":"page","link":"https:\/\/delyava.com\/fr\/excellent-rd-capability\/","title":{"rendered":"Excellente capacit\u00e9 de R&amp;D"},"content":{"rendered":"<div data-elementor-type=\"wp-page\" data-elementor-id=\"3488\" class=\"elementor elementor-3488\" data-elementor-post-type=\"page\">\n\t\t\t\t<div class=\"elementor-element elementor-element-0de8e26 e-flex e-con-boxed e-con e-parent\" data-id=\"0de8e26\" data-element_type=\"container\" data-settings=\"{&quot;background_background&quot;:&quot;classic&quot;}\">\n\t\t\t\t\t<div class=\"e-con-inner\">\n\t\t<div class=\"elementor-element elementor-element-94ab9d9 e-con-full e-flex e-con e-child\" data-id=\"94ab9d9\" data-element_type=\"container\">\n\t\t\t\t<div class=\"elementor-element elementor-element-acf94ea elementor-widget elementor-widget-heading\" data-id=\"acf94ea\" data-element_type=\"widget\" data-widget_type=\"heading.default\">\n\t\t\t\t<div class=\"elementor-widget-container\">\n\t\t\t\t\t<h1 class=\"elementor-heading-title elementor-size-default\">Fournisseur d&#039;\u00e9quipements de beaut\u00e9 fiable et de qualit\u00e9 sup\u00e9rieure depuis plus de 10 ans<\/h1>\t\t\t\t<\/div>\n\t\t\t\t<\/div>\n\t\t\t\t<\/div>\n\t\t\t\t\t<\/div>\n\t\t\t\t<\/div>\n\t\t<div class=\"elementor-element elementor-element-663c3ce e-flex e-con-boxed e-con e-parent\" data-id=\"663c3ce\" data-element_type=\"container\">\n\t\t\t\t\t<div class=\"e-con-inner\">\n\t\t<div class=\"elementor-element elementor-element-376ed5a e-con-full e-flex e-con e-child\" data-id=\"376ed5a\" data-element_type=\"container\">\n\t\t\t\t<div class=\"elementor-element elementor-element-b2cee1b elementor-widget elementor-widget-heading\" data-id=\"b2cee1b\" data-element_type=\"widget\" data-widget_type=\"heading.default\">\n\t\t\t\t<div class=\"elementor-widget-container\">\n\t\t\t\t\t<h2 class=\"elementor-heading-title elementor-size-default\">Une attention continue port\u00e9e \u00e0 la R&amp;D<\/h2>\t\t\t\t<\/div>\n\t\t\t\t<\/div>\n\t\t\t\t<div class=\"elementor-element elementor-element-acf8535 elementor-widget elementor-widget-text-editor\" data-id=\"acf8535\" data-element_type=\"widget\" data-widget_type=\"text-editor.default\">\n\t\t\t\t<div class=\"elementor-widget-container\">\n\t\t\t\t\t\t\t\t\t<p>Dans le domaine des \u00e9quipements de beaut\u00e9, Delya poursuit sans rel\u00e2che l'innovation technologique, adopte une attitude rigoureuse \u00e0 l'\u00e9gard de la conception scientifique et insiste sans rel\u00e2che sur la pr\u00e9cision de la fabrication. Notre \u00e9quipe professionnelle de recherche et d\u00e9veloppement s'engage pleinement \u00e0 cr\u00e9er des \u00e9quipements de beaut\u00e9 capables de suivre la tendance du march\u00e9 mondial et de contribuer au d\u00e9veloppement prosp\u00e8re de l'industrie de la beaut\u00e9.<\/p><p>Lors de la mise au point et de l'essai des \u00e9quipements de beaut\u00e9, nous respectons strictement les normes de gestion de la qualit\u00e9 et nous nous effor\u00e7ons de faire en sorte que chaque \u00e9quipement de beaut\u00e9 soit dans les meilleures conditions possibles pour \u00eatre pr\u00e9sent\u00e9 \u00e0 l'utilisateur, afin de lui offrir l'exp\u00e9rience ultime de la beaut\u00e9.<\/p>\t\t\t\t\t\t\t\t<\/div>\n\t\t\t\t<\/div>\n\t\t\t\t<\/div>\n\t\t<div class=\"elementor-element elementor-element-0fa29ab e-con-full e-flex e-con e-child\" data-id=\"0fa29ab\" data-element_type=\"container\">\n\t\t\t\t<div class=\"elementor-element elementor-element-945ba1b elementor-widget elementor-widget-image\" data-id=\"945ba1b\" data-element_type=\"widget\" data-widget_type=\"image.default\">\n\t\t\t\t<div class=\"elementor-widget-container\">\n\t\t\t\t\t\t\t\t\t\t\t\t\t\t\t<img fetchpriority=\"high\" decoding=\"async\" width=\"800\" height=\"450\" src=\"https:\/\/delyava.com\/wp-content\/uploads\/2024\/08\/95131c4df29f65f17f1f944e852a4a0.png\" class=\"attachment-large size-large wp-image-3521\" alt=\"Se concentrer en permanence sur la R&amp;D\" srcset=\"https:\/\/delyava.com\/wp-content\/uploads\/2024\/08\/95131c4df29f65f17f1f944e852a4a0.png 889w, https:\/\/delyava.com\/wp-content\/uploads\/2024\/08\/95131c4df29f65f17f1f944e852a4a0-300x169.png 300w, https:\/\/delyava.com\/wp-content\/uploads\/2024\/08\/95131c4df29f65f17f1f944e852a4a0-768x432.png 768w, https:\/\/delyava.com\/wp-content\/uploads\/2024\/08\/95131c4df29f65f17f1f944e852a4a0-600x337.png 600w\" sizes=\"(max-width: 800px) 100vw, 800px\" \/>\t\t\t\t\t\t\t\t\t\t\t\t\t\t\t<\/div>\n\t\t\t\t<\/div>\n\t\t\t\t<\/div>\n\t\t\t\t\t<\/div>\n\t\t\t\t<\/div>\n\t\t<div class=\"elementor-element elementor-element-a4cf289 e-flex e-con-boxed e-con e-parent\" data-id=\"a4cf289\" data-element_type=\"container\">\n\t\t\t\t\t<div class=\"e-con-inner\">\n\t\t<div class=\"elementor-element elementor-element-a662159 e-con-full e-flex e-con e-child\" data-id=\"a662159\" data-element_type=\"container\">\n\t\t\t\t<div class=\"elementor-element elementor-element-dc7d224 elementor-widget elementor-widget-image\" data-id=\"dc7d224\" data-element_type=\"widget\" data-widget_type=\"image.default\">\n\t\t\t\t<div class=\"elementor-widget-container\">\n\t\t\t\t\t\t\t\t\t\t\t\t\t\t\t<img decoding=\"async\" width=\"667\" height=\"500\" src=\"https:\/\/delyava.com\/wp-content\/uploads\/2024\/08\/8bffb1c7da39fb18c0dddef6e45cedf.png\" class=\"attachment-large size-large wp-image-3535\" alt=\"\u00c9quipe exp\u00e9riment\u00e9e de R&amp;D pour les \u00e9quipements de beaut\u00e9\" srcset=\"https:\/\/delyava.com\/wp-content\/uploads\/2024\/08\/8bffb1c7da39fb18c0dddef6e45cedf.png 667w, https:\/\/delyava.com\/wp-content\/uploads\/2024\/08\/8bffb1c7da39fb18c0dddef6e45cedf-300x225.png 300w, https:\/\/delyava.com\/wp-content\/uploads\/2024\/08\/8bffb1c7da39fb18c0dddef6e45cedf-600x450.png 600w\" sizes=\"(max-width: 667px) 100vw, 667px\" \/>\t\t\t\t\t\t\t\t\t\t\t\t\t\t\t<\/div>\n\t\t\t\t<\/div>\n\t\t\t\t<\/div>\n\t\t<div class=\"elementor-element elementor-element-15148e2 e-con-full e-flex e-con e-child\" data-id=\"15148e2\" data-element_type=\"container\">\n\t\t\t\t<div class=\"elementor-element elementor-element-dacf46b elementor-widget elementor-widget-heading\" data-id=\"dacf46b\" data-element_type=\"widget\" data-widget_type=\"heading.default\">\n\t\t\t\t<div class=\"elementor-widget-container\">\n\t\t\t\t\t<h2 class=\"elementor-heading-title elementor-size-default\">\u00c9quipe de R&amp;D exp\u00e9riment\u00e9e pour les \u00e9quipements de beaut\u00e9<\/h2>\t\t\t\t<\/div>\n\t\t\t\t<\/div>\n\t\t\t\t<div class=\"elementor-element elementor-element-9c4fe2f elementor-widget elementor-widget-text-editor\" data-id=\"9c4fe2f\" data-element_type=\"widget\" data-widget_type=\"text-editor.default\">\n\t\t\t\t<div class=\"elementor-widget-container\">\n\t\t\t\t\t\t\t\t\t<p>Dans le domaine des dispositifs m\u00e9dicaux esth\u00e9tiques, notre \u00e9quipe de R&amp;D est pleine d'enthousiasme et d'esprit d'innovation, r\u00e9alisant des progr\u00e8s constants dans la conception et le d\u00e9veloppement des produits. Actuellement, nous nous consacrons pleinement aux travaux de recherche et de d\u00e9veloppement et, dans un avenir proche, nous serons en mesure de lancer une s\u00e9rie d'\u00e9quipements m\u00e9dicaux esth\u00e9tiques impressionnants et d'obtenir un certain nombre de brevets.<\/p><p>Afin d'am\u00e9liorer en permanence l'efficacit\u00e9 globale de notre production, nous construisons activement notre propre laboratoire professionnel et travaillons en \u00e9troite collaboration avec des laboratoires d'essai tiers faisant autorit\u00e9, afin de fournir une garantie solide pour l'introduction de dispositifs m\u00e9dicaux esth\u00e9tiques de haute qualit\u00e9.<\/p>\t\t\t\t\t\t\t\t<\/div>\n\t\t\t\t<\/div>\n\t\t\t\t<\/div>\n\t\t\t\t\t<\/div>\n\t\t\t\t<\/div>\n\t\t<div class=\"elementor-element elementor-element-f584c0e e-flex e-con-boxed e-con e-parent\" data-id=\"f584c0e\" data-element_type=\"container\">\n\t\t\t\t\t<div class=\"e-con-inner\">\n\t\t<div class=\"elementor-element elementor-element-215ee49 e-con-full e-flex e-con e-child\" data-id=\"215ee49\" data-element_type=\"container\">\n\t\t<div class=\"elementor-element elementor-element-45dfe1f e-con-full e-flex e-con e-child\" data-id=\"45dfe1f\" data-element_type=\"container\">\n\t\t\t\t<div class=\"elementor-element elementor-element-66200c0 elementor-widget elementor-widget-heading\" data-id=\"66200c0\" data-element_type=\"widget\" data-widget_type=\"heading.default\">\n\t\t\t\t<div class=\"elementor-widget-container\">\n\t\t\t\t\t<h2 class=\"elementor-heading-title elementor-size-default\">Utilisez la technologie Delya comme un moteur pour aider votre entreprise de beaut\u00e9 \u00e0 prosp\u00e9rer.<\/h2>\t\t\t\t<\/div>\n\t\t\t\t<\/div>\n\t\t<div class=\"elementor-element elementor-element-95fba16 e-con-full e-flex e-con e-child\" data-id=\"95fba16\" data-element_type=\"container\">\n\t\t<div class=\"elementor-element elementor-element-a8f9eeb e-con-full e-flex e-con e-child\" data-id=\"a8f9eeb\" data-element_type=\"container\">\n\t\t\t\t<div class=\"elementor-element elementor-element-f288d79 elementor-widget elementor-widget-heading\" data-id=\"f288d79\" data-element_type=\"widget\" data-widget_type=\"heading.default\">\n\t\t\t\t<div class=\"elementor-widget-container\">\n\t\t\t\t\t<h5 class=\"elementor-heading-title elementor-size-default\">Pour les propri\u00e9taires de marques, les grossistes et les n\u00e9gociants<\/h5>\t\t\t\t<\/div>\n\t\t\t\t<\/div>\n\t\t\t\t<\/div>\n\t\t<div class=\"elementor-element elementor-element-e6fd397 e-con-full e-flex e-con e-child\" data-id=\"e6fd397\" data-element_type=\"container\">\n\t\t\t\t<div class=\"elementor-element elementor-element-845e112 elementor-widget elementor-widget-heading\" data-id=\"845e112\" data-element_type=\"widget\" data-widget_type=\"heading.default\">\n\t\t\t\t<div class=\"elementor-widget-container\">\n\t\t\t\t\t<h5 class=\"elementor-heading-title elementor-size-default\">Pour les entreprises de produits pour la peau<\/h5>\t\t\t\t<\/div>\n\t\t\t\t<\/div>\n\t\t\t\t<\/div>\n\t\t<div class=\"elementor-element elementor-element-966349e e-con-full e-flex e-con e-child\" data-id=\"966349e\" data-element_type=\"container\">\n\t\t\t\t<div class=\"elementor-element elementor-element-ab9b217 elementor-widget elementor-widget-heading\" data-id=\"ab9b217\" data-element_type=\"widget\" data-widget_type=\"heading.default\">\n\t\t\t\t<div class=\"elementor-widget-container\">\n\t\t\t\t\t<h5 class=\"elementor-heading-title elementor-size-default\">Pour les salons de beaut\u00e9\/cliniques\/spas<\/h5>\t\t\t\t<\/div>\n\t\t\t\t<\/div>\n\t\t\t\t<\/div>\n\t\t<div class=\"elementor-element elementor-element-ae0e612 e-con-full e-flex e-con e-child\" data-id=\"ae0e612\" data-element_type=\"container\">\n\t\t\t\t<div class=\"elementor-element elementor-element-0840041 elementor-widget elementor-widget-heading\" data-id=\"0840041\" data-element_type=\"widget\" data-widget_type=\"heading.default\">\n\t\t\t\t<div class=\"elementor-widget-container\">\n\t\t\t\t\t<h5 class=\"elementor-heading-title elementor-size-default\">Pour les individus\/familles<\/h5>\t\t\t\t<\/div>\n\t\t\t\t<\/div>\n\t\t\t\t<\/div>\n\t\t\t\t<\/div>\n\t\t\t\t<\/div>\n\t\t<div class=\"elementor-element elementor-element-200d210 e-con-full e-flex e-con e-child\" data-id=\"200d210\" data-element_type=\"container\">\n\t\t\t\t<div class=\"elementor-element elementor-element-4f418ac elementor-align-center elementor-widget elementor-widget-button\" data-id=\"4f418ac\" data-element_type=\"widget\" data-widget_type=\"button.default\">\n\t\t\t\t<div class=\"elementor-widget-container\">\n\t\t\t\t\t\t\t\t\t<div class=\"elementor-button-wrapper\">\n\t\t\t\t\t<a class=\"elementor-button elementor-button-link elementor-size-sm\" href=\"https:\/\/delyava.com\/fr\/contact-us\/\">\n\t\t\t\t\t\t<span class=\"elementor-button-content-wrapper\">\n\t\t\t\t\t\t\t\t\t<span class=\"elementor-button-text\">Nous contacter<\/span>\n\t\t\t\t\t<\/span>\n\t\t\t\t\t<\/a>\n\t\t\t\t<\/div>\n\t\t\t\t\t\t\t\t<\/div>\n\t\t\t\t<\/div>\n\t\t\t\t<\/div>\n\t\t\t\t<\/div>\n\t\t\t\t\t<\/div>\n\t\t\t\t<\/div>\n\t\t\t\t<\/div>","protected":false},"excerpt":{"rendered":"<p>10+YEARS Reliable &#038;Gold Beauty Equipment Supplier Continuously focusing on R&#038;D In the field of beauty equipment, Delya upholds the persistent pursuit of technological innovation, rigorous attitude towards scientific design and unremitting insistence on precision manufacturing. Our professional R&amp;D team is fully committed to creating beauty equipment that can lead the global market trend and contribute [&hellip;]<\/p>","protected":false},"author":2,"featured_media":0,"parent":0,"menu_order":0,"comment_status":"closed","ping_status":"closed","template":"","meta":{"_seopress_robots_primary_cat":"","_seopress_titles_title":"","_seopress_titles_desc":"","_seopress_robots_index":"","footnotes":""},"class_list":["post-3488","page","type-page","status-publish","hentry"],"_links":{"self":[{"href":"https:\/\/delyava.com\/fr\/wp-json\/wp\/v2\/pages\/3488","targetHints":{"allow":["GET"]}}],"collection":[{"href":"https:\/\/delyava.com\/fr\/wp-json\/wp\/v2\/pages"}],"about":[{"href":"https:\/\/delyava.com\/fr\/wp-json\/wp\/v2\/types\/page"}],"author":[{"embeddable":true,"href":"https:\/\/delyava.com\/fr\/wp-json\/wp\/v2\/users\/2"}],"replies":[{"embeddable":true,"href":"https:\/\/delyava.com\/fr\/wp-json\/wp\/v2\/comments?post=3488"}],"version-history":[{"count":0,"href":"https:\/\/delyava.com\/fr\/wp-json\/wp\/v2\/pages\/3488\/revisions"}],"wp:attachment":[{"href":"https:\/\/delyava.com\/fr\/wp-json\/wp\/v2\/media?parent=3488"}],"curies":[{"name":"wp","href":"https:\/\/api.w.org\/{rel}","templated":true}]}}