{"id":11825,"date":"2025-03-04T16:33:04","date_gmt":"2025-03-04T08:33:04","guid":{"rendered":"https:\/\/delyava.com\/?page_id=11825"},"modified":"2025-04-16T17:54:15","modified_gmt":"2025-04-16T09:54:15","slug":"vascular-lesions","status":"publish","type":"page","link":"https:\/\/delyava.com\/fr\/vascular-lesions\/","title":{"rendered":"L\u00e9sions vasculaires"},"content":{"rendered":"<div data-elementor-type=\"wp-page\" data-elementor-id=\"11825\" class=\"elementor elementor-11825\" data-elementor-post-type=\"page\">\n\t\t\t\t\t\t<section class=\"elementor-section elementor-top-section elementor-element elementor-element-835d426 elementor-section-height-min-height elementor-section-content-middle elementor-section-boxed elementor-section-height-default elementor-section-items-middle\" data-id=\"835d426\" data-element_type=\"section\" data-settings=\"{&quot;background_background&quot;:&quot;classic&quot;}\">\n\t\t\t\t\t\t\t<div class=\"elementor-background-overlay\"><\/div>\n\t\t\t\t\t\t\t<div class=\"elementor-container elementor-column-gap-no\">\n\t\t\t\t\t<div class=\"elementor-column elementor-col-100 elementor-top-column elementor-element elementor-element-a1d284e\" data-id=\"a1d284e\" data-element_type=\"column\">\n\t\t\t<div class=\"elementor-widget-wrap elementor-element-populated\">\n\t\t\t\t\t\t<div class=\"elementor-element elementor-element-54d6b3c elementor-widget elementor-widget-heading\" data-id=\"54d6b3c\" data-element_type=\"widget\" data-widget_type=\"heading.default\">\n\t\t\t\t<div class=\"elementor-widget-container\">\n\t\t\t\t\t<h1 class=\"elementor-heading-title elementor-size-default\">L\u00e9sions vasculaires<\/h1>\t\t\t\t<\/div>\n\t\t\t\t<\/div>\n\t\t\t\t<div class=\"elementor-element elementor-element-d21695f elementor-widget elementor-widget-text-editor\" data-id=\"d21695f\" data-element_type=\"widget\" data-widget_type=\"text-editor.default\">\n\t\t\t\t<div class=\"elementor-widget-container\">\n\t\t\t\t\t\t\t\t\tTargeted laser energy gently breaks down unwanted blood vessels, causing them to gradually fade and be absorbed by the body. With each session, visible redness and discoloration diminish, leaving clearer, healthier-looking skin\u2014no damage to surrounding tissue. After a full course of treatment, vascular lesions are significantly reduced or completely resolved.\t\t\t\t\t\t\t\t<\/div>\n\t\t\t\t<\/div>\n\t\t\t\t\t<\/div>\n\t\t<\/div>\n\t\t\t\t\t<\/div>\n\t\t<\/section>\n\t\t<div class=\"elementor-element elementor-element-7cbe119 e-flex e-con-boxed e-con e-parent\" data-id=\"7cbe119\" data-element_type=\"container\">\n\t\t\t\t\t<div class=\"e-con-inner\">\n\t\t\t\t<div class=\"elementor-element elementor-element-c15c9c3 elementor-widget elementor-widget-heading\" data-id=\"c15c9c3\" data-element_type=\"widget\" data-widget_type=\"heading.default\">\n\t\t\t\t<div class=\"elementor-widget-container\">\n\t\t\t\t\t<h2 class=\"elementor-heading-title elementor-size-default\">L\u00e9sions vasculaires<\/h2>\t\t\t\t<\/div>\n\t\t\t\t<\/div>\n\t\t\t\t\t<\/div>\n\t\t\t\t<\/div>\n\t\t<div class=\"elementor-element elementor-element-865fab7 e-flex e-con-boxed e-con e-parent\" data-id=\"865fab7\" data-element_type=\"container\">\n\t\t\t\t\t<div class=\"e-con-inner\">\n\t\t<div class=\"elementor-element elementor-element-15551f8 e-con-full e-flex e-con e-child\" data-id=\"15551f8\" data-element_type=\"container\">\n\t\t<div class=\"elementor-element elementor-element-5b82836 e-con-full e-flex e-con e-child\" data-id=\"5b82836\" data-element_type=\"container\">\n\t\t<div class=\"elementor-element elementor-element-935e6c1 e-con-full e-flex e-con e-child\" data-id=\"935e6c1\" data-element_type=\"container\">\n\t\t\t\t<div class=\"elementor-element elementor-element-b19df9d elementor-widget elementor-widget-text-editor\" data-id=\"b19df9d\" data-element_type=\"widget\" data-widget_type=\"text-editor.default\">\n\t\t\t\t<div class=\"elementor-widget-container\">\n\t\t\t\t\t\t\t\t\t<p>Les l\u00e9sions vasculaires sont des anomalies plus fr\u00e9quentes de la peau et des tissus sous-cutan\u00e9s. Les varicosit\u00e9s, les varices des jambes et les varices sont extr\u00eamement courantes dans la population. Une affection moins courante mais tr\u00e8s visible est la d\u00e9coloration du vin, en particulier lorsqu&#039;elle est pr\u00e9sente sur le visage. Parmi d&#039;autres classifications, il existe diff\u00e9rents types de malformations vasculaires, notamment les malformations capillaires, veineuses, lymphatiques et art\u00e9rielles. Dans la population p\u00e9diatrique, le type de l\u00e9sion vasculaire le plus courant est l&#039;h\u00e9mangiome. Il s&#039;agit de tumeurs b\u00e9nignes qui apparaissent g\u00e9n\u00e9ralement sous forme de taches roses \u00e0 rouges peu apr\u00e8s la naissance et continuent de cro\u00eetre au fil du temps, m\u00eame \u00e0 l&#039;\u00e2ge adulte. Les femmes pr\u00e9sentent une pr\u00e9valence \u00e9lev\u00e9e de ces probl\u00e8mes veineux esth\u00e9tiquement d\u00e9plaisants, plus de la moiti\u00e9 de la population adulte en \u00e9tant atteinte.<\/p>\t\t\t\t\t\t\t\t<\/div>\n\t\t\t\t<\/div>\n\t\t\t\t<\/div>\n\t\t<div class=\"elementor-element elementor-element-47dd681 e-con-full e-flex e-con e-child\" data-id=\"47dd681\" data-element_type=\"container\">\n\t\t\t\t<div class=\"elementor-element elementor-element-dbd4b98 elementor-widget elementor-widget-image\" data-id=\"dbd4b98\" data-element_type=\"widget\" data-widget_type=\"image.default\">\n\t\t\t\t<div class=\"elementor-widget-container\">\n\t\t\t\t\t\t\t\t\t\t\t\t<figure class=\"wp-caption\">\n\t\t\t\t\t\t\t\t\t\t<img fetchpriority=\"high\" decoding=\"async\" width=\"800\" height=\"600\" src=\"https:\/\/delyava.com\/wp-content\/uploads\/2025\/03\/Vascular-Lesions-1-1024x768.jpg\" class=\"attachment-large size-large wp-image-11842\" alt=\"L\u00e9sions vasculaires\" srcset=\"https:\/\/delyava.com\/wp-content\/uploads\/2025\/03\/Vascular-Lesions-1-1024x768.jpg 1024w, https:\/\/delyava.com\/wp-content\/uploads\/2025\/03\/Vascular-Lesions-1-300x225.jpg 300w, https:\/\/delyava.com\/wp-content\/uploads\/2025\/03\/Vascular-Lesions-1-768x576.jpg 768w, https:\/\/delyava.com\/wp-content\/uploads\/2025\/03\/Vascular-Lesions-1-1536x1152.jpg 1536w, https:\/\/delyava.com\/wp-content\/uploads\/2025\/03\/Vascular-Lesions-1-2048x1536.jpg 2048w, https:\/\/delyava.com\/wp-content\/uploads\/2025\/03\/Vascular-Lesions-1-16x12.jpg 16w, https:\/\/delyava.com\/wp-content\/uploads\/2025\/03\/Vascular-Lesions-1-600x450.jpg 600w\" sizes=\"(max-width: 800px) 100vw, 800px\" \/>\t\t\t\t\t\t\t\t\t\t\t<figcaption class=\"widget-image-caption wp-caption-text\">L\u00e9sions vasculaires<\/figcaption>\n\t\t\t\t\t\t\t\t\t\t<\/figure>\n\t\t\t\t\t\t\t\t\t<\/div>\n\t\t\t\t<\/div>\n\t\t\t\t<\/div>\n\t\t\t\t<\/div>\n\t\t<div class=\"elementor-element elementor-element-58c2664 e-con-full e-flex e-con e-child\" data-id=\"58c2664\" data-element_type=\"container\">\n\t\t<div class=\"elementor-element elementor-element-57cc377 e-con-full e-flex e-con e-child\" data-id=\"57cc377\" data-element_type=\"container\">\n\t\t\t\t<div class=\"elementor-element elementor-element-95d1eb3 elementor-widget elementor-widget-heading\" data-id=\"95d1eb3\" data-element_type=\"widget\" data-widget_type=\"heading.default\">\n\t\t\t\t<div class=\"elementor-widget-container\">\n\t\t\t\t\t<h3 class=\"elementor-heading-title elementor-size-default\">Comment fonctionne le traitement des l\u00e9sions vasculaires ?<\/h3>\t\t\t\t<\/div>\n\t\t\t\t<\/div>\n\t\t\t\t<div class=\"elementor-element elementor-element-40b7b90 elementor-widget elementor-widget-text-editor\" data-id=\"40b7b90\" data-element_type=\"widget\" data-widget_type=\"text-editor.default\">\n\t\t\t\t<div class=\"elementor-widget-container\">\n\t\t\t\t\t\t\t\t\t<p><a href=\"http:\/\/delyava.com\/fr\/\">D\u00e9lia<\/a> propose un programme de traitement des l\u00e9sions vasculaires qui ferme les vaisseaux sanguins anormaux de mani\u00e8re non invasive et efficace, r\u00e9duisant ou \u00e9liminant leurs manifestations ext\u00e9rieures. Le traitement utilise <a href=\"https:\/\/delyava.com\/fr\/\/shr-ipl-laser-system\/\">Lumi\u00e8re puls\u00e9e intense (IPL)<\/a> ou un pr\u00e9cis <a href=\"https:\/\/delyava.com\/fr\/\/980nm-diode-laser\/\">Longueur d&#039;onde laser 980 nm<\/a> pour cibler uniquement les vaisseaux sanguins malform\u00e9s sous la peau, bloquant ainsi leur apport sanguin.<br \/>L&#039;objectif fondamental du traitement au laser des l\u00e9sions vasculaires est d&#039;utiliser l&#039;absorption de la lumi\u00e8re par l&#039;h\u00e9moglobine pour chauffer les parois des vaisseaux sanguins et ainsi d\u00e9truire les vaisseaux anormaux de mani\u00e8re cibl\u00e9e. La longueur d&#039;onde choisie doit \u00eatre absorb\u00e9e de mani\u00e8re s\u00e9lective par l&#039;h\u00e9moglobine et la dur\u00e9e d&#039;impulsion doit \u00eatre suffisamment courte pour confiner la chaleur aux vaisseaux sanguins et \u00e9viter d&#039;endommager inutilement les tissus environnants.<\/p>\t\t\t\t\t\t\t\t<\/div>\n\t\t\t\t<\/div>\n\t\t\t\t<\/div>\n\t\t<div class=\"elementor-element elementor-element-8b7312b e-con-full e-flex e-con e-child\" data-id=\"8b7312b\" data-element_type=\"container\">\n\t\t\t\t<div class=\"elementor-element elementor-element-c09b5c1 elementor-widget elementor-widget-image\" data-id=\"c09b5c1\" data-element_type=\"widget\" data-widget_type=\"image.default\">\n\t\t\t\t<div class=\"elementor-widget-container\">\n\t\t\t\t\t\t\t\t\t\t\t\t<figure class=\"wp-caption\">\n\t\t\t\t\t\t\t\t\t\t<img decoding=\"async\" width=\"360\" height=\"241\" src=\"https:\/\/delyava.com\/wp-content\/uploads\/2025\/03\/How-Does-The-Vascular-Lesions-Treatment-Work.jpg\" class=\"attachment-large size-large wp-image-11851\" alt=\"Comment fonctionne le traitement des l\u00e9sions vasculaires\" srcset=\"https:\/\/delyava.com\/wp-content\/uploads\/2025\/03\/How-Does-The-Vascular-Lesions-Treatment-Work.jpg 360w, https:\/\/delyava.com\/wp-content\/uploads\/2025\/03\/How-Does-The-Vascular-Lesions-Treatment-Work-300x201.jpg 300w, https:\/\/delyava.com\/wp-content\/uploads\/2025\/03\/How-Does-The-Vascular-Lesions-Treatment-Work-18x12.jpg 18w\" sizes=\"(max-width: 360px) 100vw, 360px\" \/>\t\t\t\t\t\t\t\t\t\t\t<figcaption class=\"widget-image-caption wp-caption-text\">Comment fonctionne le traitement des l\u00e9sions vasculaires<\/figcaption>\n\t\t\t\t\t\t\t\t\t\t<\/figure>\n\t\t\t\t\t\t\t\t\t<\/div>\n\t\t\t\t<\/div>\n\t\t\t\t<\/div>\n\t\t\t\t<\/div>\n\t\t\t\t<\/div>\n\t\t\t\t\t<\/div>\n\t\t\t\t<\/div>\n\t\t<div class=\"elementor-element elementor-element-23c7c34 e-flex e-con-boxed e-con e-parent\" data-id=\"23c7c34\" data-element_type=\"container\">\n\t\t\t\t\t<div class=\"e-con-inner\">\n\t\t\t\t<div class=\"elementor-element elementor-element-58f79d2 elementor-widget elementor-widget-heading\" data-id=\"58f79d2\" data-element_type=\"widget\" data-widget_type=\"heading.default\">\n\t\t\t\t<div class=\"elementor-widget-container\">\n\t\t\t\t\t<h2 class=\"elementor-heading-title elementor-size-default\">Pourquoi choisir la th\u00e9rapie au laser\/luminoth\u00e9rapie pour les varicosit\u00e9s ?<\/h2>\t\t\t\t<\/div>\n\t\t\t\t<\/div>\n\t\t\t\t<div class=\"elementor-element elementor-element-f83aaca elementor-widget elementor-widget-text-editor\" data-id=\"f83aaca\" data-element_type=\"widget\" data-widget_type=\"text-editor.default\">\n\t\t\t\t<div class=\"elementor-widget-container\">\n\t\t\t\t\t\t\t\t\t<p>La th\u00e9rapie au laser ou \u00e0 la lumi\u00e8re est consid\u00e9r\u00e9e comme le traitement de choix pour les varicosit\u00e9s du visage et peut \u00e9galement \u00eatre utilis\u00e9e sur d\u2019autres parties du corps.<\/p><p>Les malformations capillaires (taches de vin ; cas num\u00e9ro 9) n\u00e9cessitent une s\u00e9rie de traitements. Il faut veiller \u00e0 \u00e9viter les chevauchements de zones d&#039;exposition au laser pendant le traitement afin de pr\u00e9venir les changements pigmentaires et les ulc\u00e9rations. L&#039;intervalle entre les traitements au laser est d&#039;au moins 2 semaines. Le but du traitement est d&#039;obtenir une d\u00e9coloration importante. Il n&#039;est cependant pas possible de faire dispara\u00eetre compl\u00e8tement ces l\u00e9sions. L\u00e0 encore, aucune cicatrice n&#039;a \u00e9t\u00e9 observ\u00e9e apr\u00e8s le traitement. Dans la plupart des cas, l&#039;anesth\u00e9sie n&#039;est pas n\u00e9cessaire pour les l\u00e9sions hors du visage chez l&#039;adulte.<\/p><p>La dilatation des capillaires faciaux et la rosac\u00e9e peuvent \u00e9galement \u00eatre trait\u00e9es avec le laser semi-conducteur 980 nm. Les capillaires dilat\u00e9s du nez sont particuli\u00e8rement douloureux \u00e0 traiter. La dur\u00e9e d&#039;impulsion doit \u00eatre au moins trois fois plus courte que l&#039;intervalle d&#039;impulsion pour \u00e9viter les ulc\u00e9rations. La rosac\u00e9e n\u00e9cessite une s\u00e9rie de traitements pour obtenir de bons r\u00e9sultats. Une protection solaire doit \u00eatre utilis\u00e9e pendant le traitement, ainsi que du m\u00e9tronidazole topique pour la rosac\u00e9e.<\/p><p>Les varicosit\u00e9s des jambes qui ne r\u00e9agissent pas \u00e0 la scl\u00e9roth\u00e9rapie peuvent \u00eatre trait\u00e9es au laser \u00e0 semi-conducteur. Les varicosit\u00e9s rouges sont plus efficaces que les varicosit\u00e9s bleues. Les varicosit\u00e9s des jambes peuvent r\u00e9appara\u00eetre apr\u00e8s un certain temps.<\/p><p>Les ch\u00e9lo\u00efdes peuvent \u00eatre trait\u00e9es par th\u00e9rapie laser au stade de la rougeur. \u00c0 ce stade, le traitement au laser cible la n\u00e9ovascularisation. Les lasers \u00e0 semi-conducteurs r\u00e9duisent la rougeur mais n&#039;ont aucun effet sur la largeur ou la hauteur des ch\u00e9lo\u00efdes. Pour cette raison, le traitement est associ\u00e9 \u00e0 un laser exfoliant et\/ou \u00e0 des injections intral\u00e9sionnelles de corticost\u00e9ro\u00efdes. Aucune croissance suppl\u00e9mentaire des ch\u00e9lo\u00efdes n&#039;a \u00e9t\u00e9 observ\u00e9e apr\u00e8s le traitement au laser \u00e0 semi-conducteur.<\/p><p>La puissance, la dur\u00e9e et l&#039;intervalle des impulsions doivent \u00eatre soigneusement ajust\u00e9s pendant le traitement afin d&#039;\u00e9viter la formation de cicatrices et d&#039;hypopigmentation. Le port de lunettes de protection est essentiel pour \u00e9viter toute blessure accidentelle aux yeux.<\/p>\t\t\t\t\t\t\t\t<\/div>\n\t\t\t\t<\/div>\n\t\t\t\t\t<\/div>\n\t\t\t\t<\/div>\n\t\t<div class=\"elementor-element elementor-element-100d752 e-flex e-con-boxed e-con e-parent\" data-id=\"100d752\" data-element_type=\"container\">\n\t\t\t\t\t<div class=\"e-con-inner\">\n\t\t<div class=\"elementor-element elementor-element-2ab8f55 e-con-full e-flex e-con e-child\" data-id=\"2ab8f55\" data-element_type=\"container\">\n\t\t\t\t<div class=\"elementor-element elementor-element-b162f51 elementor-widget elementor-widget-heading\" data-id=\"b162f51\" data-element_type=\"widget\" data-widget_type=\"heading.default\">\n\t\t\t\t<div class=\"elementor-widget-container\">\n\t\t\t\t\t<h3 class=\"elementor-heading-title elementor-size-default\">Photos avant et apr\u00e8s le traitement des l\u00e9sions vasculaires<\/h3>\t\t\t\t<\/div>\n\t\t\t\t<\/div>\n\t\t\t\t<\/div>\n\t\t<div class=\"elementor-element elementor-element-a50a087 e-con-full e-flex e-con e-child\" data-id=\"a50a087\" data-element_type=\"container\">\n\t\t<div class=\"elementor-element elementor-element-0a510e1 e-con-full e-flex e-con e-child\" data-id=\"0a510e1\" data-element_type=\"container\">\n\t\t\t\t<div class=\"elementor-element elementor-element-eb47239 elementor-widget elementor-widget-image\" data-id=\"eb47239\" data-element_type=\"widget\" data-widget_type=\"image.default\">\n\t\t\t\t<div class=\"elementor-widget-container\">\n\t\t\t\t\t\t\t\t\t\t\t\t<figure class=\"wp-caption\">\n\t\t\t\t\t\t\t\t\t\t<img decoding=\"async\" width=\"500\" height=\"224\" src=\"https:\/\/delyava.com\/wp-content\/uploads\/2025\/03\/Facial-Redness-Improvement-Before-and-After.jpg\" class=\"attachment-large size-large wp-image-11864\" alt=\"Am\u00e9lioration des rougeurs du visage avant et apr\u00e8s\" srcset=\"https:\/\/delyava.com\/wp-content\/uploads\/2025\/03\/Facial-Redness-Improvement-Before-and-After.jpg 500w, https:\/\/delyava.com\/wp-content\/uploads\/2025\/03\/Facial-Redness-Improvement-Before-and-After-300x134.jpg 300w, https:\/\/delyava.com\/wp-content\/uploads\/2025\/03\/Facial-Redness-Improvement-Before-and-After-18x8.jpg 18w\" sizes=\"(max-width: 500px) 100vw, 500px\" \/>\t\t\t\t\t\t\t\t\t\t\t<figcaption class=\"widget-image-caption wp-caption-text\">Am\u00e9lioration des rougeurs du visage avant et apr\u00e8s<\/figcaption>\n\t\t\t\t\t\t\t\t\t\t<\/figure>\n\t\t\t\t\t\t\t\t\t<\/div>\n\t\t\t\t<\/div>\n\t\t\t\t<\/div>\n\t\t<div class=\"elementor-element elementor-element-85e3431 e-con-full e-flex e-con e-child\" data-id=\"85e3431\" data-element_type=\"container\">\n\t\t\t\t<div class=\"elementor-element elementor-element-f8dcd8e elementor-widget elementor-widget-image\" data-id=\"f8dcd8e\" data-element_type=\"widget\" data-widget_type=\"image.default\">\n\t\t\t\t<div class=\"elementor-widget-container\">\n\t\t\t\t\t\t\t\t\t\t\t\t<figure class=\"wp-caption\">\n\t\t\t\t\t\t\t\t\t\t<img loading=\"lazy\" decoding=\"async\" width=\"500\" height=\"224\" src=\"https:\/\/delyava.com\/wp-content\/uploads\/2025\/03\/Cheeks-redness-before-and-after-treatment.jpg\" class=\"attachment-large size-large wp-image-11865\" alt=\"Rougeurs des joues avant et apr\u00e8s traitement\" srcset=\"https:\/\/delyava.com\/wp-content\/uploads\/2025\/03\/Cheeks-redness-before-and-after-treatment.jpg 500w, https:\/\/delyava.com\/wp-content\/uploads\/2025\/03\/Cheeks-redness-before-and-after-treatment-300x134.jpg 300w, https:\/\/delyava.com\/wp-content\/uploads\/2025\/03\/Cheeks-redness-before-and-after-treatment-18x8.jpg 18w\" sizes=\"(max-width: 500px) 100vw, 500px\" \/>\t\t\t\t\t\t\t\t\t\t\t<figcaption class=\"widget-image-caption wp-caption-text\">Rougeurs des joues avant et apr\u00e8s traitement<\/figcaption>\n\t\t\t\t\t\t\t\t\t\t<\/figure>\n\t\t\t\t\t\t\t\t\t<\/div>\n\t\t\t\t<\/div>\n\t\t\t\t<\/div>\n\t\t<div class=\"elementor-element elementor-element-00b549a e-con-full e-flex e-con e-child\" data-id=\"00b549a\" data-element_type=\"container\">\n\t\t\t\t<div class=\"elementor-element elementor-element-1d45a9f elementor-widget elementor-widget-image\" data-id=\"1d45a9f\" data-element_type=\"widget\" data-widget_type=\"image.default\">\n\t\t\t\t<div class=\"elementor-widget-container\">\n\t\t\t\t\t\t\t\t\t\t\t\t<figure class=\"wp-caption\">\n\t\t\t\t\t\t\t\t\t\t<img loading=\"lazy\" decoding=\"async\" width=\"500\" height=\"224\" src=\"https:\/\/delyava.com\/wp-content\/uploads\/2025\/03\/Perinasal-Vascular-Problems-Before-and-After-Treatment.jpg\" class=\"attachment-large size-large wp-image-11866\" alt=\"Probl\u00e8mes vasculaires p\u00e9rinasaux avant et apr\u00e8s le traitement\" srcset=\"https:\/\/delyava.com\/wp-content\/uploads\/2025\/03\/Perinasal-Vascular-Problems-Before-and-After-Treatment.jpg 500w, https:\/\/delyava.com\/wp-content\/uploads\/2025\/03\/Perinasal-Vascular-Problems-Before-and-After-Treatment-300x134.jpg 300w, https:\/\/delyava.com\/wp-content\/uploads\/2025\/03\/Perinasal-Vascular-Problems-Before-and-After-Treatment-18x8.jpg 18w\" sizes=\"(max-width: 500px) 100vw, 500px\" \/>\t\t\t\t\t\t\t\t\t\t\t<figcaption class=\"widget-image-caption wp-caption-text\">Probl\u00e8mes vasculaires p\u00e9rinasaux avant et apr\u00e8s le traitement<\/figcaption>\n\t\t\t\t\t\t\t\t\t\t<\/figure>\n\t\t\t\t\t\t\t\t\t<\/div>\n\t\t\t\t<\/div>\n\t\t\t\t<\/div>\n\t\t<div class=\"elementor-element elementor-element-b96d909 e-con-full e-flex e-con e-child\" data-id=\"b96d909\" data-element_type=\"container\">\n\t\t\t\t<div class=\"elementor-element elementor-element-a764978 elementor-widget elementor-widget-image\" data-id=\"a764978\" data-element_type=\"widget\" data-widget_type=\"image.default\">\n\t\t\t\t<div class=\"elementor-widget-container\">\n\t\t\t\t\t\t\t\t\t\t\t\t<figure class=\"wp-caption\">\n\t\t\t\t\t\t\t\t\t\t<img loading=\"lazy\" decoding=\"async\" width=\"500\" height=\"224\" src=\"https:\/\/delyava.com\/wp-content\/uploads\/2025\/03\/Side-face-vascular-lesion-repair-before-and-after.jpg\" class=\"attachment-large size-large wp-image-11870\" alt=\"R\u00e9paration des l\u00e9sions vasculaires de la face lat\u00e9rale avant et apr\u00e8s\" srcset=\"https:\/\/delyava.com\/wp-content\/uploads\/2025\/03\/Side-face-vascular-lesion-repair-before-and-after.jpg 500w, https:\/\/delyava.com\/wp-content\/uploads\/2025\/03\/Side-face-vascular-lesion-repair-before-and-after-300x134.jpg 300w, https:\/\/delyava.com\/wp-content\/uploads\/2025\/03\/Side-face-vascular-lesion-repair-before-and-after-18x8.jpg 18w\" sizes=\"(max-width: 500px) 100vw, 500px\" \/>\t\t\t\t\t\t\t\t\t\t\t<figcaption class=\"widget-image-caption wp-caption-text\">R\u00e9paration des l\u00e9sions vasculaires de la face lat\u00e9rale avant et apr\u00e8s<\/figcaption>\n\t\t\t\t\t\t\t\t\t\t<\/figure>\n\t\t\t\t\t\t\t\t\t<\/div>\n\t\t\t\t<\/div>\n\t\t\t\t<\/div>\n\t\t\t\t<\/div>\n\t\t\t\t\t<\/div>\n\t\t\t\t<\/div>\n\t\t\t\t<\/div>","protected":false},"excerpt":{"rendered":"<p>Vascular Lesions Targeted laser energy gently breaks down unwanted blood vessels, causing them to gradually fade and be absorbed by the body. With each session, visible redness and discoloration diminish, leaving clearer, healthier-looking skin\u2014no damage to surrounding tissue. After a full course of treatment, vascular lesions are significantly reduced or completely resolved. Vascular Lesions Vascular [&hellip;]<\/p>","protected":false},"author":2,"featured_media":0,"parent":0,"menu_order":0,"comment_status":"closed","ping_status":"closed","template":"","meta":{"_seopress_robots_primary_cat":"","_seopress_titles_title":"","_seopress_titles_desc":"","_seopress_robots_index":"","footnotes":""},"class_list":["post-11825","page","type-page","status-publish","hentry"],"_links":{"self":[{"href":"https:\/\/delyava.com\/fr\/wp-json\/wp\/v2\/pages\/11825","targetHints":{"allow":["GET"]}}],"collection":[{"href":"https:\/\/delyava.com\/fr\/wp-json\/wp\/v2\/pages"}],"about":[{"href":"https:\/\/delyava.com\/fr\/wp-json\/wp\/v2\/types\/page"}],"author":[{"embeddable":true,"href":"https:\/\/delyava.com\/fr\/wp-json\/wp\/v2\/users\/2"}],"replies":[{"embeddable":true,"href":"https:\/\/delyava.com\/fr\/wp-json\/wp\/v2\/comments?post=11825"}],"version-history":[{"count":12,"href":"https:\/\/delyava.com\/fr\/wp-json\/wp\/v2\/pages\/11825\/revisions"}],"predecessor-version":[{"id":17292,"href":"https:\/\/delyava.com\/fr\/wp-json\/wp\/v2\/pages\/11825\/revisions\/17292"}],"wp:attachment":[{"href":"https:\/\/delyava.com\/fr\/wp-json\/wp\/v2\/media?parent=11825"}],"curies":[{"name":"wp","href":"https:\/\/api.w.org\/{rel}","templated":true}]}}