{"id":11673,"date":"2025-03-04T14:53:50","date_gmt":"2025-03-04T06:53:50","guid":{"rendered":"https:\/\/delyava.com\/?page_id=11673"},"modified":"2025-04-16T17:58:36","modified_gmt":"2025-04-16T09:58:36","slug":"pigmentation","status":"publish","type":"page","link":"https:\/\/delyava.com\/fr\/pigmentation\/","title":{"rendered":"Pigmentation"},"content":{"rendered":"<div data-elementor-type=\"wp-page\" data-elementor-id=\"11673\" class=\"elementor elementor-11673\" data-elementor-post-type=\"page\">\n\t\t\t\t\t\t<section class=\"elementor-section elementor-top-section elementor-element elementor-element-8becd29 elementor-section-height-min-height elementor-section-content-middle elementor-section-boxed elementor-section-height-default elementor-section-items-middle\" data-id=\"8becd29\" data-element_type=\"section\" data-settings=\"{&quot;background_background&quot;:&quot;classic&quot;}\">\n\t\t\t\t\t\t\t<div class=\"elementor-background-overlay\"><\/div>\n\t\t\t\t\t\t\t<div class=\"elementor-container elementor-column-gap-no\">\n\t\t\t\t\t<div class=\"elementor-column elementor-col-100 elementor-top-column elementor-element elementor-element-4727567\" data-id=\"4727567\" data-element_type=\"column\">\n\t\t\t<div class=\"elementor-widget-wrap elementor-element-populated\">\n\t\t\t\t\t\t<div class=\"elementor-element elementor-element-c03977f elementor-widget elementor-widget-heading\" data-id=\"c03977f\" data-element_type=\"widget\" data-widget_type=\"heading.default\">\n\t\t\t\t<div class=\"elementor-widget-container\">\n\t\t\t\t\t<h1 class=\"elementor-heading-title elementor-size-default\">Pigmentation<\/h1>\t\t\t\t<\/div>\n\t\t\t\t<\/div>\n\t\t\t\t<div class=\"elementor-element elementor-element-b43ba1e elementor-widget elementor-widget-text-editor\" data-id=\"b43ba1e\" data-element_type=\"widget\" data-widget_type=\"text-editor.default\">\n\t\t\t\t<div class=\"elementor-widget-container\">\n\t\t\t\t\t\t\t\t\tTargeted laser breaks up dark spots and uneven pigment, revealing a brighter, more even complexion. Safe, effective, and tailored to your skin.\t\t\t\t\t\t\t\t<\/div>\n\t\t\t\t<\/div>\n\t\t\t\t\t<\/div>\n\t\t<\/div>\n\t\t\t\t\t<\/div>\n\t\t<\/section>\n\t\t<div class=\"elementor-element elementor-element-43c665f e-flex e-con-boxed e-con e-parent\" data-id=\"43c665f\" data-element_type=\"container\">\n\t\t\t\t\t<div class=\"e-con-inner\">\n\t\t\t\t<div class=\"elementor-element elementor-element-e605473 elementor-widget elementor-widget-heading\" data-id=\"e605473\" data-element_type=\"widget\" data-widget_type=\"heading.default\">\n\t\t\t\t<div class=\"elementor-widget-container\">\n\t\t\t\t\t<h2 class=\"elementor-heading-title elementor-size-default\">Pigmentation<\/h2>\t\t\t\t<\/div>\n\t\t\t\t<\/div>\n\t\t\t\t<div class=\"elementor-element elementor-element-bff9eeb elementor-widget elementor-widget-text-editor\" data-id=\"bff9eeb\" data-element_type=\"widget\" data-widget_type=\"text-editor.default\">\n\t\t\t\t<div class=\"elementor-widget-container\">\n\t\t\t\t\t\t\t\t\t<p>Le cycle de vie de la peau et les changements hormonaux affectent la r\u00e9partition de la m\u00e9lanine dans la peau, ce qui entra\u00eene diff\u00e9rents types de l\u00e9sions hyperpigment\u00e9es. Les grains de beaut\u00e9, les taches de rousseur, les taches de vieillesse et le m\u00e9lasma (une hyperpigmentation avec des taches sombres sur le visage) entrent dans cette cat\u00e9gorie. Habituellement, ces taches signifient que la peau a \u00e9t\u00e9 endommag\u00e9e \u00e0 des degr\u00e9s divers. Qu&#039;elles soient caus\u00e9es par l&#039;exposition au soleil, la g\u00e9n\u00e9tique ou d&#039;autres facteurs, elles finissent par entra\u00eener un teint irr\u00e9gulier et des imperfections. Les l\u00e9sions cutan\u00e9es hyperpigment\u00e9es sont diff\u00e9rentes des l\u00e9sions vasculaires, qui ne sont pas caus\u00e9es par les dommages caus\u00e9s par le soleil et pr\u00e9sentent une apparence diff\u00e9rente sous l&#039;effet dermoscopique. Les l\u00e9sions hyperpigment\u00e9es peuvent \u00eatre sur\u00e9lev\u00e9es ou plates et constituent g\u00e9n\u00e9ralement un probl\u00e8me esth\u00e9tique plut\u00f4t que m\u00e9dical. La lumi\u00e8re puls\u00e9e intense (IPL), qui cible la m\u00e9lanine, est efficace pour traiter les l\u00e9sions b\u00e9nignes et les \u00e9liminer.<\/p>\t\t\t\t\t\t\t\t<\/div>\n\t\t\t\t<\/div>\n\t\t\t\t\t<\/div>\n\t\t\t\t<\/div>\n\t\t<div class=\"elementor-element elementor-element-fb35928 e-flex e-con-boxed e-con e-parent\" data-id=\"fb35928\" data-element_type=\"container\">\n\t\t\t\t\t<div class=\"e-con-inner\">\n\t\t<div class=\"elementor-element elementor-element-3d00d13 e-con-full e-flex e-con e-child\" data-id=\"3d00d13\" data-element_type=\"container\">\n\t\t\t\t<div class=\"elementor-element elementor-element-a19c4ac elementor-widget elementor-widget-heading\" data-id=\"a19c4ac\" data-element_type=\"widget\" data-widget_type=\"heading.default\">\n\t\t\t\t<div class=\"elementor-widget-container\">\n\t\t\t\t\t<h3 class=\"elementor-heading-title elementor-size-default\">Comment fonctionne l&#039;\u00e9limination des l\u00e9sions pigment\u00e9es<\/h3>\t\t\t\t<\/div>\n\t\t\t\t<\/div>\n\t\t\t\t<\/div>\n\t\t<div class=\"elementor-element elementor-element-9ec2c00 e-con-full e-flex e-con e-child\" data-id=\"9ec2c00\" data-element_type=\"container\">\n\t\t<div class=\"elementor-element elementor-element-05f1227 e-con-full e-flex e-con e-child\" data-id=\"05f1227\" data-element_type=\"container\">\n\t\t<div class=\"elementor-element elementor-element-354fd35 e-con-full e-flex e-con e-child\" data-id=\"354fd35\" data-element_type=\"container\">\n\t\t\t\t<div class=\"elementor-element elementor-element-0957067 elementor-widget elementor-widget-image\" data-id=\"0957067\" data-element_type=\"widget\" data-widget_type=\"image.default\">\n\t\t\t\t<div class=\"elementor-widget-container\">\n\t\t\t\t\t\t\t\t\t\t\t\t<figure class=\"wp-caption\">\n\t\t\t\t\t\t\t\t\t\t<img fetchpriority=\"high\" decoding=\"async\" width=\"800\" height=\"600\" src=\"https:\/\/delyava.com\/wp-content\/uploads\/2025\/03\/How-Does-Pigmented-Lesion-Removal-Work-1-1024x768.jpeg\" class=\"attachment-large size-large wp-image-11696\" alt=\"Comment fonctionne l&#039;\u00e9limination des l\u00e9sions pigment\u00e9es\" srcset=\"https:\/\/delyava.com\/wp-content\/uploads\/2025\/03\/How-Does-Pigmented-Lesion-Removal-Work-1-1024x768.jpeg 1024w, https:\/\/delyava.com\/wp-content\/uploads\/2025\/03\/How-Does-Pigmented-Lesion-Removal-Work-1-300x225.jpeg 300w, https:\/\/delyava.com\/wp-content\/uploads\/2025\/03\/How-Does-Pigmented-Lesion-Removal-Work-1-768x576.jpeg 768w, https:\/\/delyava.com\/wp-content\/uploads\/2025\/03\/How-Does-Pigmented-Lesion-Removal-Work-1-1536x1152.jpeg 1536w, https:\/\/delyava.com\/wp-content\/uploads\/2025\/03\/How-Does-Pigmented-Lesion-Removal-Work-1-2048x1536.jpeg 2048w, https:\/\/delyava.com\/wp-content\/uploads\/2025\/03\/How-Does-Pigmented-Lesion-Removal-Work-1-16x12.jpeg 16w, https:\/\/delyava.com\/wp-content\/uploads\/2025\/03\/How-Does-Pigmented-Lesion-Removal-Work-1-600x450.jpeg 600w\" sizes=\"(max-width: 800px) 100vw, 800px\" \/>\t\t\t\t\t\t\t\t\t\t\t<figcaption class=\"widget-image-caption wp-caption-text\">Comment fonctionne l&#039;\u00e9limination des l\u00e9sions pigment\u00e9es<\/figcaption>\n\t\t\t\t\t\t\t\t\t\t<\/figure>\n\t\t\t\t\t\t\t\t\t<\/div>\n\t\t\t\t<\/div>\n\t\t\t\t<\/div>\n\t\t<div class=\"elementor-element elementor-element-3637301 e-con-full e-flex e-con e-child\" data-id=\"3637301\" data-element_type=\"container\">\n\t\t\t\t<div class=\"elementor-element elementor-element-8f05ad6 elementor-widget elementor-widget-text-editor\" data-id=\"8f05ad6\" data-element_type=\"widget\" data-widget_type=\"text-editor.default\">\n\t\t\t\t<div class=\"elementor-widget-container\">\n\t\t\t\t\t\t\t\t\t<p><a href=\"http:\/\/delyava.com\/fr\/\">D\u00e9lia<\/a> utilise des technologies avanc\u00e9es \u00e0 base de lumi\u00e8re, de laser et <a href=\"https:\/\/delyava.com\/fr\/\/shr-ipl-laser-system\/\">IPL<\/a> Des technologies qui ciblent pr\u00e9cis\u00e9ment la m\u00e9lanine dans les zones ternes de la peau, la d\u00e9composant en minuscules particules. Ces particules sont ensuite m\u00e9tabolis\u00e9es et \u00e9limin\u00e9es par le syst\u00e8me lymphatique, d\u00e9sint\u00e9grant progressivement les couches de pigmentation et restaurant une peau uniforme et sans d\u00e9faut.<\/p><p>Le traitement prend en compte l\u2019exp\u00e9rience du patient, est tr\u00e8s confortable et est s\u00fbr et efficace pour tous les types et couleurs de peau, en particulier les peaux plus fonc\u00e9es.<\/p>\t\t\t\t\t\t\t\t<\/div>\n\t\t\t\t<\/div>\n\t\t\t\t<\/div>\n\t\t\t\t<\/div>\n\t\t\t\t<\/div>\n\t\t\t\t\t<\/div>\n\t\t\t\t<\/div>\n\t\t<div class=\"elementor-element elementor-element-609114c e-flex e-con-boxed e-con e-parent\" data-id=\"609114c\" data-element_type=\"container\">\n\t\t\t\t\t<div class=\"e-con-inner\">\n\t\t<div class=\"elementor-element elementor-element-fe9c162 e-con-full e-flex e-con e-child\" data-id=\"fe9c162\" data-element_type=\"container\">\n\t\t<div class=\"elementor-element elementor-element-0895752 e-con-full e-flex e-con e-child\" data-id=\"0895752\" data-element_type=\"container\">\n\t\t<div class=\"elementor-element elementor-element-4403816 e-con-full e-flex e-con e-child\" data-id=\"4403816\" data-element_type=\"container\">\n\t\t\t\t<div class=\"elementor-element elementor-element-f1e9077 elementor-widget elementor-widget-text-editor\" data-id=\"f1e9077\" data-element_type=\"widget\" data-widget_type=\"text-editor.default\">\n\t\t\t\t<div class=\"elementor-widget-container\">\n\t\t\t\t\t\t\t\t\t<h2><span>La proc\u00e9dure de pigmentation<\/span><\/h2><p>Pendant le traitement, la lumi\u00e8re puls\u00e9e intense couvrira pr\u00e9cis\u00e9ment toute la zone de la l\u00e9sion. Les cellules cutan\u00e9es remplies d&#039;exc\u00e8s de m\u00e9lanine absorbent l&#039;\u00e9nergie de la lumi\u00e8re puls\u00e9e intense, augmentent de temp\u00e9rature et commencent \u00e0 d\u00e9g\u00e9n\u00e9rer. Le tissu cutan\u00e9 normal environnant reste indemne. Apr\u00e8s le traitement, la zone trait\u00e9e gu\u00e9rit lentement et le syst\u00e8me immunitaire \u00e9limine les cellules mortes de la peau, laissant la peau plus lumineuse et plus impeccable.<\/p><p>La dur\u00e9e du traitement d\u00e9pend de la taille de la l\u00e9sion. Les petites l\u00e9sions comme les taches de vieillesse peuvent \u00eatre trait\u00e9es en une seconde, mais les taches de naissance ou les grains de beaut\u00e9 plus gros peuvent prendre quelques minutes. Les patients peuvent ressentir un l\u00e9ger inconfort pendant le traitement, mais les effets secondaires sont minimes.<\/p>\t\t\t\t\t\t\t\t<\/div>\n\t\t\t\t<\/div>\n\t\t\t\t<\/div>\n\t\t<div class=\"elementor-element elementor-element-523905c e-con-full e-flex e-con e-child\" data-id=\"523905c\" data-element_type=\"container\">\n\t\t\t\t<div class=\"elementor-element elementor-element-5cdf6df elementor-widget elementor-widget-image\" data-id=\"5cdf6df\" data-element_type=\"widget\" data-widget_type=\"image.default\">\n\t\t\t\t<div class=\"elementor-widget-container\">\n\t\t\t\t\t\t\t\t\t\t\t\t<figure class=\"wp-caption\">\n\t\t\t\t\t\t\t\t\t\t<img decoding=\"async\" width=\"800\" height=\"800\" src=\"https:\/\/delyava.com\/wp-content\/uploads\/2025\/03\/The-Pigmentation-Procedure.jpeg\" class=\"attachment-large size-large wp-image-11712\" alt=\"La proc\u00e9dure de pigmentation\" srcset=\"https:\/\/delyava.com\/wp-content\/uploads\/2025\/03\/The-Pigmentation-Procedure.jpeg 800w, https:\/\/delyava.com\/wp-content\/uploads\/2025\/03\/The-Pigmentation-Procedure-300x300.jpeg 300w, https:\/\/delyava.com\/wp-content\/uploads\/2025\/03\/The-Pigmentation-Procedure-150x150.jpeg 150w, https:\/\/delyava.com\/wp-content\/uploads\/2025\/03\/The-Pigmentation-Procedure-768x768.jpeg 768w, https:\/\/delyava.com\/wp-content\/uploads\/2025\/03\/The-Pigmentation-Procedure-12x12.jpeg 12w, https:\/\/delyava.com\/wp-content\/uploads\/2025\/03\/The-Pigmentation-Procedure-600x600.jpeg 600w, https:\/\/delyava.com\/wp-content\/uploads\/2025\/03\/The-Pigmentation-Procedure-100x100.jpeg 100w\" sizes=\"(max-width: 800px) 100vw, 800px\" \/>\t\t\t\t\t\t\t\t\t\t\t<figcaption class=\"widget-image-caption wp-caption-text\">La proc\u00e9dure de pigmentation<\/figcaption>\n\t\t\t\t\t\t\t\t\t\t<\/figure>\n\t\t\t\t\t\t\t\t\t<\/div>\n\t\t\t\t<\/div>\n\t\t\t\t<\/div>\n\t\t\t\t<\/div>\n\t\t\t\t<\/div>\n\t\t\t\t\t<\/div>\n\t\t\t\t<\/div>\n\t\t<div class=\"elementor-element elementor-element-9dcf9ca e-flex e-con-boxed e-con e-parent\" data-id=\"9dcf9ca\" data-element_type=\"container\">\n\t\t\t\t\t<div class=\"e-con-inner\">\n\t\t<div class=\"elementor-element elementor-element-e98b030 e-con-full e-flex e-con e-child\" data-id=\"e98b030\" data-element_type=\"container\">\n\t\t\t\t<div class=\"elementor-element elementor-element-650b702 elementor-widget elementor-widget-heading\" data-id=\"650b702\" data-element_type=\"widget\" data-widget_type=\"heading.default\">\n\t\t\t\t<div class=\"elementor-widget-container\">\n\t\t\t\t\t<h3 class=\"elementor-heading-title elementor-size-default\">L\u00e9sions pigmentaires avant et apr\u00e8s photos<\/h3>\t\t\t\t<\/div>\n\t\t\t\t<\/div>\n\t\t\t\t<\/div>\n\t\t<div class=\"elementor-element elementor-element-8aa1975 e-con-full e-flex e-con e-child\" data-id=\"8aa1975\" data-element_type=\"container\">\n\t\t<div class=\"elementor-element elementor-element-2181505 e-con-full e-flex e-con e-child\" data-id=\"2181505\" data-element_type=\"container\">\n\t\t\t\t<div class=\"elementor-element elementor-element-b1f76e7 elementor-widget elementor-widget-image\" data-id=\"b1f76e7\" data-element_type=\"widget\" data-widget_type=\"image.default\">\n\t\t\t\t<div class=\"elementor-widget-container\">\n\t\t\t\t\t\t\t\t\t\t\t\t<figure class=\"wp-caption\">\n\t\t\t\t\t\t\t\t\t\t<img decoding=\"async\" width=\"758\" height=\"556\" src=\"https:\/\/delyava.com\/wp-content\/uploads\/2025\/03\/Pigmentation-Lesions-Before-After-Pictures.png\" class=\"attachment-large size-large wp-image-11728\" alt=\"L\u00e9sions pigmentaires avant et apr\u00e8s photos\" srcset=\"https:\/\/delyava.com\/wp-content\/uploads\/2025\/03\/Pigmentation-Lesions-Before-After-Pictures.png 758w, https:\/\/delyava.com\/wp-content\/uploads\/2025\/03\/Pigmentation-Lesions-Before-After-Pictures-300x220.png 300w, https:\/\/delyava.com\/wp-content\/uploads\/2025\/03\/Pigmentation-Lesions-Before-After-Pictures-16x12.png 16w, https:\/\/delyava.com\/wp-content\/uploads\/2025\/03\/Pigmentation-Lesions-Before-After-Pictures-600x440.png 600w\" sizes=\"(max-width: 758px) 100vw, 758px\" \/>\t\t\t\t\t\t\t\t\t\t\t<figcaption class=\"widget-image-caption wp-caption-text\">L\u00e9sions pigmentaires avant et apr\u00e8s photos<\/figcaption>\n\t\t\t\t\t\t\t\t\t\t<\/figure>\n\t\t\t\t\t\t\t\t\t<\/div>\n\t\t\t\t<\/div>\n\t\t\t\t<\/div>\n\t\t<div class=\"elementor-element elementor-element-86de0c6 e-con-full e-flex e-con e-child\" data-id=\"86de0c6\" data-element_type=\"container\">\n\t\t\t\t<div class=\"elementor-element elementor-element-8fd36d0 elementor-widget elementor-widget-text-editor\" data-id=\"8fd36d0\" data-element_type=\"widget\" data-widget_type=\"text-editor.default\">\n\t\t\t\t<div class=\"elementor-widget-container\">\n\t\t\t\t\t\t\t\t\t<p>La plupart des l\u00e9sions hyperpigment\u00e9es peuvent \u00eatre compl\u00e8tement \u00e9limin\u00e9es avec suffisamment de traitements. Les l\u00e9sions plus petites telles que les taches de rousseur et les taches de vieillesse peuvent probablement \u00eatre trait\u00e9es en une seule s\u00e9ance. Cependant, d&#039;autres l\u00e9sions, en raison de divers facteurs, peuvent n\u00e9cessiter jusqu&#039;\u00e0 six traitements, voire plus, pour \u00eatre \u00e9limin\u00e9es.<\/p>\t\t\t\t\t\t\t\t<\/div>\n\t\t\t\t<\/div>\n\t\t\t\t<\/div>\n\t\t\t\t<\/div>\n\t\t\t\t\t<\/div>\n\t\t\t\t<\/div>\n\t\t<div class=\"elementor-element elementor-element-9425251 e-con-full e-flex e-con e-child\" data-id=\"9425251\" data-element_type=\"container\">\n\t\t<div class=\"elementor-element elementor-element-594c821 e-con-full e-flex e-con e-child\" data-id=\"594c821\" data-element_type=\"container\">\n\t\t\t\t<div class=\"elementor-element elementor-element-0867f58 elementor-position-top elementor-widget elementor-widget-image-box\" data-id=\"0867f58\" data-element_type=\"widget\" data-widget_type=\"image-box.default\">\n\t\t\t\t<div class=\"elementor-widget-container\">\n\t\t\t\t\t<div class=\"elementor-image-box-wrapper\"><figure class=\"elementor-image-box-img\"><img loading=\"lazy\" decoding=\"async\" width=\"2560\" height=\"2560\" src=\"https:\/\/delyava.com\/wp-content\/uploads\/2025\/02\/intense-pulse-laser.png\" class=\"attachment-full size-full wp-image-10386\" alt=\"laser \u00e0 impulsions intenses\" srcset=\"https:\/\/delyava.com\/wp-content\/uploads\/2025\/02\/intense-pulse-laser.png 2560w, https:\/\/delyava.com\/wp-content\/uploads\/2025\/02\/intense-pulse-laser-300x300.png 300w, https:\/\/delyava.com\/wp-content\/uploads\/2025\/02\/intense-pulse-laser-1024x1024.png 1024w, https:\/\/delyava.com\/wp-content\/uploads\/2025\/02\/intense-pulse-laser-150x150.png 150w, https:\/\/delyava.com\/wp-content\/uploads\/2025\/02\/intense-pulse-laser-768x768.png 768w, https:\/\/delyava.com\/wp-content\/uploads\/2025\/02\/intense-pulse-laser-1536x1536.png 1536w, https:\/\/delyava.com\/wp-content\/uploads\/2025\/02\/intense-pulse-laser-2048x2048.png 2048w, https:\/\/delyava.com\/wp-content\/uploads\/2025\/02\/intense-pulse-laser-12x12.png 12w, https:\/\/delyava.com\/wp-content\/uploads\/2025\/02\/intense-pulse-laser-600x600.png 600w, https:\/\/delyava.com\/wp-content\/uploads\/2025\/02\/intense-pulse-laser-100x100.png 100w\" sizes=\"(max-width: 2560px) 100vw, 2560px\" \/><\/figure><div class=\"elementor-image-box-content\"><h3 class=\"elementor-image-box-title\">Appareil d&#039;\u00e9pilation SHR IPL<\/h3><p class=\"elementor-image-box-description\">Gr\u00e2ce \u00e0 la technologie DPL, le trajet optique est raccourci de mani\u00e8re efficace et la densit\u00e9 des pigments \u00e9pidermiques est r\u00e9duite. Il augmente la s\u00e9curit\u00e9, soulage efficacement la douleur, \u00e9limine les poils difficiles \u00e0 \u00e9liminer avec un \u00e9quipement ordinaire et am\u00e9liore le rajeunissement de la peau et l&#039;\u00e9limination des taches de rousseur. <\/p><\/div><\/div>\t\t\t\t<\/div>\n\t\t\t\t<\/div>\n\t\t\t\t<div class=\"elementor-element elementor-element-c200ef2 elementor-align-center elementor-widget elementor-widget-button\" data-id=\"c200ef2\" data-element_type=\"widget\" data-widget_type=\"button.default\">\n\t\t\t\t<div class=\"elementor-widget-container\">\n\t\t\t\t\t\t\t\t\t<div class=\"elementor-button-wrapper\">\n\t\t\t\t\t<a class=\"elementor-button elementor-button-link elementor-size-sm\" href=\"https:\/\/delyava.com\/fr\/products\/ipl-hair-removal-device\/\">\n\t\t\t\t\t\t<span class=\"elementor-button-content-wrapper\">\n\t\t\t\t\t\t\t\t\t<span class=\"elementor-button-text\">Lire la suite<\/span>\n\t\t\t\t\t<\/span>\n\t\t\t\t\t<\/a>\n\t\t\t\t<\/div>\n\t\t\t\t\t\t\t\t<\/div>\n\t\t\t\t<\/div>\n\t\t\t\t<\/div>\n\t\t<div class=\"elementor-element elementor-element-04b4cd9 e-con-full e-flex e-con e-child\" data-id=\"04b4cd9\" data-element_type=\"container\">\n\t\t\t\t<\/div>\n\t\t<div class=\"elementor-element elementor-element-fcee227 e-con-full e-flex e-con e-child\" data-id=\"fcee227\" data-element_type=\"container\">\n\t\t\t\t<\/div>\n\t\t\t\t<\/div>\n\t\t\t\t<\/div>","protected":false},"excerpt":{"rendered":"<p>Pigmentation Targeted laser breaks up dark spots and uneven pigment, revealing a brighter, more even complexion. Safe, effective, and tailored to your skin. Pigmentation The life cycle of the skin and hormonal changes affect the distribution of melanin in the skin, leading to various types of hyperpigmented lesions. Moles, freckles, age spots, and melasma (a [&hellip;]<\/p>","protected":false},"author":2,"featured_media":0,"parent":0,"menu_order":0,"comment_status":"closed","ping_status":"closed","template":"","meta":{"_seopress_robots_primary_cat":"","_seopress_titles_title":"","_seopress_titles_desc":"","_seopress_robots_index":"","footnotes":""},"class_list":["post-11673","page","type-page","status-publish","hentry"],"_links":{"self":[{"href":"https:\/\/delyava.com\/fr\/wp-json\/wp\/v2\/pages\/11673","targetHints":{"allow":["GET"]}}],"collection":[{"href":"https:\/\/delyava.com\/fr\/wp-json\/wp\/v2\/pages"}],"about":[{"href":"https:\/\/delyava.com\/fr\/wp-json\/wp\/v2\/types\/page"}],"author":[{"embeddable":true,"href":"https:\/\/delyava.com\/fr\/wp-json\/wp\/v2\/users\/2"}],"replies":[{"embeddable":true,"href":"https:\/\/delyava.com\/fr\/wp-json\/wp\/v2\/comments?post=11673"}],"version-history":[{"count":9,"href":"https:\/\/delyava.com\/fr\/wp-json\/wp\/v2\/pages\/11673\/revisions"}],"predecessor-version":[{"id":17298,"href":"https:\/\/delyava.com\/fr\/wp-json\/wp\/v2\/pages\/11673\/revisions\/17298"}],"wp:attachment":[{"href":"https:\/\/delyava.com\/fr\/wp-json\/wp\/v2\/media?parent=11673"}],"curies":[{"name":"wp","href":"https:\/\/api.w.org\/{rel}","templated":true}]}}