{"id":10343,"date":"2025-02-24T14:10:13","date_gmt":"2025-02-24T06:10:13","guid":{"rendered":"https:\/\/delyava.com\/?post_type=product&#038;p=10343"},"modified":"2025-02-25T10:04:10","modified_gmt":"2025-02-25T02:04:10","slug":"picosecond-laser-all-colors-pigment-removal","status":"publish","type":"product","link":"https:\/\/delyava.com\/es\/products\/picosecond-laser-all-colors-pigment-removal\/","title":{"rendered":"M\u00e1quina de eliminaci\u00f3n de tatuajes con l\u00e1ser Pico"},"content":{"rendered":"<div data-elementor-type=\"product-post\" data-elementor-id=\"10343\" class=\"elementor elementor-10343\" data-elementor-post-type=\"product\">\n\t\t\t\t<div class=\"elementor-element elementor-element-9deaa6e e-flex e-con-boxed e-con e-parent\" data-id=\"9deaa6e\" data-element_type=\"container\">\n\t\t\t\t\t<div class=\"e-con-inner\">\n\t\t\t\t<div class=\"elementor-element elementor-element-39510f4 elementor-widget elementor-widget-heading\" data-id=\"39510f4\" data-element_type=\"widget\" data-widget_type=\"heading.default\">\n\t\t\t\t<div class=\"elementor-widget-container\">\n\t\t\t\t\t<h2 class=\"elementor-heading-title elementor-size-default\">C\u00f3mo funciona la eliminaci\u00f3n de tatuajes con l\u00e1ser Picosure<\/h2>\t\t\t\t<\/div>\n\t\t\t\t<\/div>\n\t\t\t\t\t<\/div>\n\t\t\t\t<\/div>\n\t\t<div class=\"elementor-element elementor-element-eda9b1a e-flex e-con-boxed e-con e-parent\" data-id=\"eda9b1a\" data-element_type=\"container\">\n\t\t\t\t\t<div class=\"e-con-inner\">\n\t\t<div class=\"elementor-element elementor-element-7e1e5d8 e-con-full e-flex e-con e-child\" data-id=\"7e1e5d8\" data-element_type=\"container\">\n\t\t\t\t<div class=\"elementor-element elementor-element-5864119 elementor-widget elementor-widget-text-editor\" data-id=\"5864119\" data-element_type=\"widget\" data-widget_type=\"text-editor.default\">\n\t\t\t\t<div class=\"elementor-widget-container\">\n\t\t\t\t\t\t\t\t\t<div data-page-id=\"NKUOdHU5AorUHjx01y2cSQIan2d\" data-lark-html-role=\"root\" data-docx-has-block-data=\"false\"><div class=\"ace-line ace-line old-record-id-BXtKdbzf7oeYgOxtHsJcg8WLnlh\">La eliminaci\u00f3n de tatuajes con l\u00e1ser utiliza pulsos ultracortos (de una billon\u00e9sima de segundo de duraci\u00f3n) para ejercer una presi\u00f3n potente sobre la melanina, lo que hace que esta se descomponga en part\u00edculas diminutas similares al polvo. Como estas part\u00edculas son tan peque\u00f1as, el cuerpo las absorbe y las elimina con mayor facilidad, lo que significa una mejor eliminaci\u00f3n de la melanina y menos tratamientos en general.<\/div><\/div>\t\t\t\t\t\t\t\t<\/div>\n\t\t\t\t<\/div>\n\t\t\t\t<\/div>\n\t\t<div class=\"elementor-element elementor-element-4d908ad e-con-full e-flex e-con e-child\" data-id=\"4d908ad\" data-element_type=\"container\">\n\t\t\t\t<div class=\"elementor-element elementor-element-8f050b3 elementor-widget elementor-widget-image\" data-id=\"8f050b3\" data-element_type=\"widget\" data-widget_type=\"image.default\">\n\t\t\t\t<div class=\"elementor-widget-container\">\n\t\t\t\t\t\t\t\t\t\t\t\t<figure class=\"wp-caption\">\n\t\t\t\t\t\t\t\t\t\t<img fetchpriority=\"high\" decoding=\"async\" width=\"800\" height=\"255\" src=\"https:\/\/delyava.com\/wp-content\/uploads\/2025\/02\/How-the-Picosecond-Laser-Works-1024x326.png\" class=\"attachment-large size-large wp-image-10359\" alt=\"C\u00f3mo funciona la eliminaci\u00f3n de tatuajes con l\u00e1ser Picosure\" srcset=\"https:\/\/delyava.com\/wp-content\/uploads\/2025\/02\/How-the-Picosecond-Laser-Works-1024x326.png 1024w, https:\/\/delyava.com\/wp-content\/uploads\/2025\/02\/How-the-Picosecond-Laser-Works-300x96.png 300w, https:\/\/delyava.com\/wp-content\/uploads\/2025\/02\/How-the-Picosecond-Laser-Works-768x245.png 768w, https:\/\/delyava.com\/wp-content\/uploads\/2025\/02\/How-the-Picosecond-Laser-Works-18x6.png 18w, https:\/\/delyava.com\/wp-content\/uploads\/2025\/02\/How-the-Picosecond-Laser-Works-600x191.png 600w, https:\/\/delyava.com\/wp-content\/uploads\/2025\/02\/How-the-Picosecond-Laser-Works.png 1444w\" sizes=\"(max-width: 800px) 100vw, 800px\" \/>\t\t\t\t\t\t\t\t\t\t\t<figcaption class=\"widget-image-caption wp-caption-text\">C\u00f3mo funciona la eliminaci\u00f3n de tatuajes con l\u00e1ser Picosure<\/figcaption>\n\t\t\t\t\t\t\t\t\t\t<\/figure>\n\t\t\t\t\t\t\t\t\t<\/div>\n\t\t\t\t<\/div>\n\t\t\t\t<\/div>\n\t\t\t\t\t<\/div>\n\t\t\t\t<\/div>\n\t\t<div class=\"elementor-element elementor-element-1e43b56 e-flex e-con-boxed e-con e-parent\" data-id=\"1e43b56\" data-element_type=\"container\">\n\t\t\t\t\t<div class=\"e-con-inner\">\n\t\t\t\t<div class=\"elementor-element elementor-element-0481fb4 elementor-widget elementor-widget-heading\" data-id=\"0481fb4\" data-element_type=\"widget\" data-widget_type=\"heading.default\">\n\t\t\t\t<div class=\"elementor-widget-container\">\n\t\t\t\t\t<h2 class=\"elementor-heading-title elementor-size-default\">Exhibici\u00f3n de piezas para eliminaci\u00f3n de tatuajes con luz l\u00e1ser<\/h2>\t\t\t\t<\/div>\n\t\t\t\t<\/div>\n\t\t\t\t\t<\/div>\n\t\t\t\t<\/div>\n\t\t<div class=\"elementor-element elementor-element-80198ba e-flex e-con-boxed e-con e-parent\" data-id=\"80198ba\" data-element_type=\"container\">\n\t\t\t\t\t<div class=\"e-con-inner\">\n\t\t\t\t<div class=\"elementor-element elementor-element-8c70c66 elementor-widget elementor-widget-image\" data-id=\"8c70c66\" data-element_type=\"widget\" data-widget_type=\"image.default\">\n\t\t\t\t<div class=\"elementor-widget-container\">\n\t\t\t\t\t\t\t\t\t\t\t\t\t\t\t<img decoding=\"async\" width=\"750\" height=\"750\" src=\"https:\/\/delyava.com\/wp-content\/uploads\/2025\/02\/handle-display.jpg\" class=\"attachment-large size-large wp-image-10372\" alt=\"Manejar la pantalla\" srcset=\"https:\/\/delyava.com\/wp-content\/uploads\/2025\/02\/handle-display.jpg 750w, https:\/\/delyava.com\/wp-content\/uploads\/2025\/02\/handle-display-300x300.jpg 300w, https:\/\/delyava.com\/wp-content\/uploads\/2025\/02\/handle-display-150x150.jpg 150w, https:\/\/delyava.com\/wp-content\/uploads\/2025\/02\/handle-display-12x12.jpg 12w, https:\/\/delyava.com\/wp-content\/uploads\/2025\/02\/handle-display-600x600.jpg 600w, https:\/\/delyava.com\/wp-content\/uploads\/2025\/02\/handle-display-100x100.jpg 100w\" sizes=\"(max-width: 750px) 100vw, 750px\" \/>\t\t\t\t\t\t\t\t\t\t\t\t\t\t\t<\/div>\n\t\t\t\t<\/div>\n\t\t\t\t<div class=\"elementor-element elementor-element-49b096e elementor-widget elementor-widget-image\" data-id=\"49b096e\" data-element_type=\"widget\" data-widget_type=\"image.default\">\n\t\t\t\t<div class=\"elementor-widget-container\">\n\t\t\t\t\t\t\t\t\t\t\t\t\t\t\t<img decoding=\"async\" width=\"750\" height=\"750\" src=\"https:\/\/delyava.com\/wp-content\/uploads\/2025\/02\/arm-display.jpg\" class=\"attachment-large size-large wp-image-10373\" alt=\"exhibici\u00f3n del brazo\" srcset=\"https:\/\/delyava.com\/wp-content\/uploads\/2025\/02\/arm-display.jpg 750w, https:\/\/delyava.com\/wp-content\/uploads\/2025\/02\/arm-display-300x300.jpg 300w, https:\/\/delyava.com\/wp-content\/uploads\/2025\/02\/arm-display-150x150.jpg 150w, https:\/\/delyava.com\/wp-content\/uploads\/2025\/02\/arm-display-12x12.jpg 12w, https:\/\/delyava.com\/wp-content\/uploads\/2025\/02\/arm-display-600x600.jpg 600w, https:\/\/delyava.com\/wp-content\/uploads\/2025\/02\/arm-display-100x100.jpg 100w\" sizes=\"(max-width: 750px) 100vw, 750px\" \/>\t\t\t\t\t\t\t\t\t\t\t\t\t\t\t<\/div>\n\t\t\t\t<\/div>\n\t\t\t\t\t<\/div>\n\t\t\t\t<\/div>\n\t\t<div class=\"elementor-element elementor-element-a179326 e-flex e-con-boxed e-con e-parent\" data-id=\"a179326\" data-element_type=\"container\">\n\t\t\t\t\t<div class=\"e-con-inner\">\n\t\t\t\t<div class=\"elementor-element elementor-element-d1a242f elementor-widget elementor-widget-heading\" data-id=\"d1a242f\" data-element_type=\"widget\" data-widget_type=\"heading.default\">\n\t\t\t\t<div class=\"elementor-widget-container\">\n\t\t\t\t\t<h2 class=\"elementor-heading-title elementor-size-default\"> Aplicaciones para la eliminaci\u00f3n de tatuajes<\/h2>\t\t\t\t<\/div>\n\t\t\t\t<\/div>\n\t\t\t\t\t<\/div>\n\t\t\t\t<\/div>\n\t\t<div class=\"elementor-element elementor-element-8a52342 e-flex e-con-boxed e-con e-parent\" data-id=\"8a52342\" data-element_type=\"container\">\n\t\t\t\t\t<div class=\"e-con-inner\">\n\t\t\t\t<div class=\"elementor-element elementor-element-f0b0afb elementor-widget elementor-widget-text-editor\" data-id=\"f0b0afb\" data-element_type=\"widget\" data-widget_type=\"text-editor.default\">\n\t\t\t\t<div class=\"elementor-widget-container\">\n\t\t\t\t\t\t\t\t\t<ul><li><p>Eliminaci\u00f3n de varios tipos de cejas, bordado de cejas, tatuajes, delineadores de ojos y delineadores de labios.<\/p><\/li><li><p>Eliminaci\u00f3n eficaz de tatuajes en color rojo, azul, marr\u00f3n, tostado y todos los dem\u00e1s colores.<\/p><\/li><li><p>Tratamiento de problemas de pigmentaci\u00f3n como cloasma, manchas d\u00e9rmicas, manchas de la edad, marcas de nacimiento y nevo de Ota.<\/p><\/li><\/ul>\t\t\t\t\t\t\t\t<\/div>\n\t\t\t\t<\/div>\n\t\t\t\t<div class=\"elementor-element elementor-element-0fc7d6d elementor-widget elementor-widget-image\" data-id=\"0fc7d6d\" data-element_type=\"widget\" data-widget_type=\"image.default\">\n\t\t\t\t<div class=\"elementor-widget-container\">\n\t\t\t\t\t\t\t\t\t\t\t\t\t\t\t<img loading=\"lazy\" decoding=\"async\" width=\"750\" height=\"750\" src=\"https:\/\/delyava.com\/wp-content\/uploads\/2025\/02\/Applications.jpg\" class=\"attachment-large size-large wp-image-10377\" alt=\"Aplicaciones\" srcset=\"https:\/\/delyava.com\/wp-content\/uploads\/2025\/02\/Applications.jpg 750w, https:\/\/delyava.com\/wp-content\/uploads\/2025\/02\/Applications-300x300.jpg 300w, https:\/\/delyava.com\/wp-content\/uploads\/2025\/02\/Applications-150x150.jpg 150w, https:\/\/delyava.com\/wp-content\/uploads\/2025\/02\/Applications-12x12.jpg 12w, https:\/\/delyava.com\/wp-content\/uploads\/2025\/02\/Applications-600x600.jpg 600w, https:\/\/delyava.com\/wp-content\/uploads\/2025\/02\/Applications-100x100.jpg 100w\" sizes=\"(max-width: 750px) 100vw, 750px\" \/>\t\t\t\t\t\t\t\t\t\t\t\t\t\t\t<\/div>\n\t\t\t\t<\/div>\n\t\t\t\t\t<\/div>\n\t\t\t\t<\/div>\n\t\t<div class=\"elementor-element elementor-element-1a5fb2b e-flex e-con-boxed e-con e-parent\" data-id=\"1a5fb2b\" data-element_type=\"container\">\n\t\t\t\t\t<div class=\"e-con-inner\">\n\t\t\t\t<div class=\"elementor-element elementor-element-aff06ca elementor-widget elementor-widget-heading\" data-id=\"aff06ca\" data-element_type=\"widget\" data-widget_type=\"heading.default\">\n\t\t\t\t<div class=\"elementor-widget-container\">\n\t\t\t\t\t<h2 class=\"elementor-heading-title elementor-size-default\">L\u00e1ser tradicional vs. l\u00e1ser de picosegundos<\/h2>\t\t\t\t<\/div>\n\t\t\t\t<\/div>\n\t\t\t\t\t<\/div>\n\t\t\t\t<\/div>\n\t\t<div class=\"elementor-element elementor-element-f05c5ff e-flex e-con-boxed e-con e-parent\" data-id=\"f05c5ff\" data-element_type=\"container\">\n\t\t\t\t\t<div class=\"e-con-inner\">\n\t\t\t\t<div class=\"elementor-element elementor-element-318ea58 elementor-widget elementor-widget-image\" data-id=\"318ea58\" data-element_type=\"widget\" data-widget_type=\"image.default\">\n\t\t\t\t<div class=\"elementor-widget-container\">\n\t\t\t\t\t\t\t\t\t\t\t\t\t\t\t<img loading=\"lazy\" decoding=\"async\" width=\"800\" height=\"336\" src=\"https:\/\/delyava.com\/wp-content\/uploads\/2025\/02\/TRADITIONAL-LASERVS-PICOSECOND-LASER-1024x430.jpeg\" class=\"attachment-large size-large wp-image-10382\" alt=\"Cargador tradicional vs. cargador de picosegundos\" srcset=\"https:\/\/delyava.com\/wp-content\/uploads\/2025\/02\/TRADITIONAL-LASERVS-PICOSECOND-LASER-1024x430.jpeg 1024w, https:\/\/delyava.com\/wp-content\/uploads\/2025\/02\/TRADITIONAL-LASERVS-PICOSECOND-LASER-300x126.jpeg 300w, https:\/\/delyava.com\/wp-content\/uploads\/2025\/02\/TRADITIONAL-LASERVS-PICOSECOND-LASER-768x322.jpeg 768w, https:\/\/delyava.com\/wp-content\/uploads\/2025\/02\/TRADITIONAL-LASERVS-PICOSECOND-LASER-1536x644.jpeg 1536w, https:\/\/delyava.com\/wp-content\/uploads\/2025\/02\/TRADITIONAL-LASERVS-PICOSECOND-LASER-2048x859.jpeg 2048w, https:\/\/delyava.com\/wp-content\/uploads\/2025\/02\/TRADITIONAL-LASERVS-PICOSECOND-LASER-18x8.jpeg 18w, https:\/\/delyava.com\/wp-content\/uploads\/2025\/02\/TRADITIONAL-LASERVS-PICOSECOND-LASER-600x252.jpeg 600w\" sizes=\"(max-width: 800px) 100vw, 800px\" \/>\t\t\t\t\t\t\t\t\t\t\t\t\t\t\t<\/div>\n\t\t\t\t<\/div>\n\t\t\t\t<div class=\"elementor-element elementor-element-dcb4b97 elementor-widget elementor-widget-text-editor\" data-id=\"dcb4b97\" data-element_type=\"widget\" data-widget_type=\"text-editor.default\">\n\t\t\t\t<div class=\"elementor-widget-container\">\n\t\t\t\t\t\t\t\t\t<ul><li>L\u00e1ser tradicional:<\/li><\/ul><p>Los l\u00e1seres tradicionales se basan predominantemente en la acci\u00f3n fotot\u00e9rmica, que proporciona calor al pigmento y al tejido circundante.<\/p><ul><li>L\u00e1ser de picosegundos:<\/li><\/ul><p>Picosecond aprovecha la tecnolog\u00eda de ondas de presi\u00f3n para romper la tinta objetivo en part\u00edculas diminutas que el cuerpo elimina f\u00e1cilmente.<\/p>\t\t\t\t\t\t\t\t<\/div>\n\t\t\t\t<\/div>\n\t\t\t\t\t<\/div>\n\t\t\t\t<\/div>\n\t\t<div class=\"elementor-element elementor-element-fdd66de e-flex e-con-boxed e-con e-parent\" data-id=\"fdd66de\" data-element_type=\"container\">\n\t\t\t\t\t<div class=\"e-con-inner\">\n\t\t\t\t<div class=\"elementor-element elementor-element-897b375 elementor-widget elementor-widget-heading\" data-id=\"897b375\" data-element_type=\"widget\" data-widget_type=\"heading.default\">\n\t\t\t\t<div class=\"elementor-widget-container\">\n\t\t\t\t\t<h2 class=\"elementor-heading-title elementor-size-default\">Tratamiento l\u00e1ser para tatuajes antes y despu\u00e9s<\/h2>\t\t\t\t<\/div>\n\t\t\t\t<\/div>\n\t\t\t\t\t<\/div>\n\t\t\t\t<\/div>\n\t\t<div class=\"elementor-element elementor-element-384a353 e-flex e-con-boxed e-con e-parent\" data-id=\"384a353\" data-element_type=\"container\">\n\t\t\t\t\t<div class=\"e-con-inner\">\n\t\t\t\t<div class=\"elementor-element elementor-element-045568b elementor-widget__width-initial elementor-widget elementor-widget-image\" data-id=\"045568b\" data-element_type=\"widget\" data-widget_type=\"image.default\">\n\t\t\t\t<div class=\"elementor-widget-container\">\n\t\t\t\t\t\t\t\t\t\t\t\t\t\t\t<img loading=\"lazy\" decoding=\"async\" width=\"760\" height=\"513\" src=\"https:\/\/delyava.com\/wp-content\/uploads\/2025\/02\/Picosecond-Laser-before-and-after.png\" class=\"attachment-large size-large wp-image-10387\" alt=\"L\u00e1ser de picosegundos antes y despu\u00e9s\" srcset=\"https:\/\/delyava.com\/wp-content\/uploads\/2025\/02\/Picosecond-Laser-before-and-after.png 760w, https:\/\/delyava.com\/wp-content\/uploads\/2025\/02\/Picosecond-Laser-before-and-after-300x203.png 300w, https:\/\/delyava.com\/wp-content\/uploads\/2025\/02\/Picosecond-Laser-before-and-after-18x12.png 18w, https:\/\/delyava.com\/wp-content\/uploads\/2025\/02\/Picosecond-Laser-before-and-after-600x405.png 600w\" sizes=\"(max-width: 760px) 100vw, 760px\" \/>\t\t\t\t\t\t\t\t\t\t\t\t\t\t\t<\/div>\n\t\t\t\t<\/div>\n\t\t\t\t<div class=\"elementor-element elementor-element-df8bfc6 elementor-widget elementor-widget-text-editor\" data-id=\"df8bfc6\" data-element_type=\"widget\" data-widget_type=\"text-editor.default\">\n\t\t\t\t<div class=\"elementor-widget-container\">\n\t\t\t\t\t\t\t\t\t<p><strong>1. Eliminaci\u00f3n de tatuajes de gran eficacia<\/strong><\/p><ul><li><p><strong>Descomposici\u00f3n r\u00e1pida de pigmentos<\/strong>Los pulsos ultracortos de los l\u00e1seres de picosegundos rompen instant\u00e1neamente las part\u00edculas de pigmento del tatuaje en fragmentos diminutos.<\/p><\/li><li><p><strong>Adecuado para m\u00faltiples colores.<\/strong>:Eficaz para eliminar tatuajes de varios colores, incluidos negro, azul, verde y rojo.<\/p><\/li><\/ul><p><strong>2. N\u00famero reducido de tratamientos<\/strong><\/p><ul><li><p><strong>En comparaci\u00f3n con los l\u00e1seres tradicionales<\/strong>Los l\u00e1seres tradicionales requieren de 5 a 10 sesiones, mientras que los l\u00e1seres de picosegundos normalmente s\u00f3lo necesitan de 2 a 4 sesiones para desvanecer o eliminar significativamente los tatuajes.<\/p><\/li><li><p><strong>Ahorro de tiempo<\/strong>:Ciclos de tratamiento m\u00e1s cortos y recuperaci\u00f3n m\u00e1s r\u00e1pida.<\/p><\/li><\/ul>\t\t\t\t\t\t\t\t<\/div>\n\t\t\t\t<\/div>\n\t\t\t\t\t<\/div>\n\t\t\t\t<\/div>\n\t\t<div class=\"elementor-element elementor-element-e741634 e-flex e-con-boxed e-con e-parent\" data-id=\"e741634\" data-element_type=\"container\">\n\t\t\t\t\t<div class=\"e-con-inner\">\n\t\t\t\t<div class=\"elementor-element elementor-element-e042ac3 elementor-widget elementor-widget-heading\" data-id=\"e042ac3\" data-element_type=\"widget\" data-widget_type=\"heading.default\">\n\t\t\t\t<div class=\"elementor-widget-container\">\n\t\t\t\t\t<h4 class=\"elementor-heading-title elementor-size-default\">Par\u00e1metros del instrumento de eliminaci\u00f3n de tatuajes con l\u00e1ser Pico<\/h4>\t\t\t\t<\/div>\n\t\t\t\t<\/div>\n\t\t\t\t<div class=\"elementor-element elementor-element-0298e5b elementor-widget elementor-widget-text-editor\" data-id=\"0298e5b\" data-element_type=\"widget\" data-widget_type=\"text-editor.default\">\n\t\t\t\t<div class=\"elementor-widget-container\">\n\t\t\t\t\t\t\t\t\t<table><colgroup><col width=\"191\" \/><col width=\"295\" \/><\/colgroup><tbody><tr><td>Par\u00e1metros t\u00e9cnicos<\/td><td>Detalles<\/td><\/tr><tr><td>Descripci\u00f3n<\/td><td>L\u00e1ser de picosegundos<\/td><\/tr><tr><td>Voltaje<\/td><td>110 V \u2013 240 V, 50 Hz\/60 Hz<\/td><\/tr><tr><td>Potencia de salida<\/td><td>2000 W<\/td><\/tr><tr><td>Longitud de onda del l\u00e1ser<\/td><td>755 nm + 1064 nm + 532 nm<\/td><\/tr><tr><td>Energ\u00eda de 755 nm<\/td><td>50 \u2013 2000 mJ (ajustable)<\/td><\/tr><tr><td>Energ\u00eda de 1064 nm<\/td><td>50 \u2013 2000 mJ (ajustable)<\/td><\/tr><tr><td>Energ\u00eda de 532 nm<\/td><td>50 \u2013 2000 mJ (ajustable)<\/td><\/tr><tr><td>Di\u00e1metro del punto<\/td><td>2 \u2013 10 mm (ajustable)<\/td><\/tr><tr><td>Frecuencia<\/td><td>1 \u2013 20 Hz (ajustable)<\/td><\/tr><tr><td>Ancho de pulso<\/td><td>2000ps<\/td><\/tr><tr><td>Sistema de enfriamiento<\/td><td>M\u00f3dulo Aire + Agua + Semiconductor<\/td><\/tr><tr><td>Indicador de luz de punter\u00eda<\/td><td>Luz de orientaci\u00f3n semiconductora roja<\/td><\/tr><tr><td>Ancho de pulso<\/td><td>500 \u2013 750ps<\/td><\/tr><tr><td>Brazo gu\u00eda de luz<\/td><td>Importado de Corea del Sur<\/td><\/tr><tr><td>Embalaje<\/td><td>Caja de aleaci\u00f3n de aluminio<\/td><\/tr><\/tbody><\/table><p>\u00a0<\/p>\t\t\t\t\t\t\t\t<\/div>\n\t\t\t\t<\/div>\n\t\t\t\t\t<\/div>\n\t\t\t\t<\/div>\n\t\t<div class=\"elementor-element elementor-element-9b6194f e-flex e-con-boxed e-con e-parent\" data-id=\"9b6194f\" data-element_type=\"container\">\n\t\t\t\t\t<div class=\"e-con-inner\">\n\t\t<div class=\"elementor-element elementor-element-5b9bc99 e-con-full e-flex e-con e-child\" data-id=\"5b9bc99\" data-element_type=\"container\">\n\t\t\t\t<div class=\"elementor-element elementor-element-aa3be0d elementor-widget elementor-widget-heading\" data-id=\"aa3be0d\" data-element_type=\"widget\" data-widget_type=\"heading.default\">\n\t\t\t\t<div class=\"elementor-widget-container\">\n\t\t\t\t\t<h4 class=\"elementor-heading-title elementor-size-default\">PREGUNTAS FRECUENTES<\/h4>\t\t\t\t<\/div>\n\t\t\t\t<\/div>\n\t\t\t\t<div class=\"elementor-element elementor-element-6e748f3 elementor-widget elementor-widget-text-editor\" data-id=\"6e748f3\" data-element_type=\"widget\" data-widget_type=\"text-editor.default\">\n\t\t\t\t<div class=\"elementor-widget-container\">\n\t\t\t\t\t\t\t\t\t<div data-page-id=\"NKUOdHU5AorUHjx01y2cSQIan2d\" data-lark-html-role=\"root\" data-docx-has-block-data=\"false\"><div class=\"ace-line ace-line old-record-id-Opuida6qEoXcaqxP36IcN25VnKd\"><strong>1. Tengo miedo al dolor. \u00bfDuele el proceso de eliminaci\u00f3n de tatuajes con l\u00e1ser de picosegundos? \u00bfCu\u00e1nto dura cada tratamiento?<\/strong><\/div><div class=\"ace-line ace-line old-record-id-Q9WndPv7wogl61xKt7BcusWQnyc\">Durante el tratamiento se siente una ligera sensaci\u00f3n de hormigueo y calor, que ser\u00e1 m\u00e1s pronunciada en las zonas con mayor distribuci\u00f3n de pigmento. Dependiendo de la indicaci\u00f3n y la dosis del tratamiento, el m\u00e9dico puede recomendar el uso de cremas anest\u00e9sicas t\u00f3picas y dispositivos de enfriamiento adecuados para reducir las molestias. El tiempo t\u00edpico de tratamiento es de unos 5 a 15 minutos, dependiendo del tama\u00f1o del \u00e1rea a tratar y del problema de la piel.<\/div><div class=\"ace-line ace-line old-record-id-Qmuyd2bu7oZgsQxQzfOcPcjDnuh\"><strong>2. Me he sometido a demasiados tratamientos para eliminar mis manchas. \u00bfMe quedar\u00e1n cicatrices si vuelvo a hacerme otro tratamiento para eliminar un tatuaje en la cara?<\/strong><\/div><div class=\"ace-line ace-line old-record-id-QIs1dAU5zo2pKGx6jvBcrEDDnqd\">La tecnolog\u00eda de picosegundos del l\u00e1ser de picosegundos solo requiere 1\/3 \u2013 1\/2 de la dosis de un l\u00e1ser normal para lograr un tratamiento efectivo, el tejido recibe una dosis menor de estimulaci\u00f3n, el trauma es relativamente peque\u00f1o, es menos probable que produzca heridas y la probabilidad de cicatrices tambi\u00e9n es baja.<\/div><div class=\"ace-line ace-line old-record-id-Xwa3dJJYdoMjqsx9jaqcQPL2nyc\"><strong>3. \u00bfEs efectiva la eliminaci\u00f3n del tatuaje de cejas?<\/strong><\/div><div class=\"ace-line ace-line old-record-id-ZUTCdcRgKouXIYx3qpPcOoQ3n8c\">En la actualidad, el efecto del uso del l\u00e1ser de picosegundos para la eliminaci\u00f3n de tatuajes es particularmente notable. No producir\u00e1 da\u00f1o t\u00e9rmico a los tejidos circundantes, por lo que no dejar\u00e1 cicatrices.<\/div><div class=\"ace-line ace-line old-record-id-I88gdtKNJoErkGx8IDbca0msngd\"><strong>4. He escuchado que el tratamiento con l\u00e1ser es f\u00e1cil de volver negro, la eliminaci\u00f3n de tatuajes de cejas con l\u00e1ser tambi\u00e9n tendr\u00e1 el problema de volver negro.<\/strong><\/div><div class=\"ace-line ace-line old-record-id-IWXdd4xJeoWe8DxPiKycq6tMnxc\">La sonda de enfoque de energ\u00eda l\u00e1ser de picosegundos adopta una &quot;lente de panal&quot;, la acci\u00f3n instant\u00e1nea puede reducir la sobreestimulaci\u00f3n, adem\u00e1s, el l\u00e1ser de picosegundos puede romper part\u00edculas de pigmento m\u00e1s r\u00e1pidamente que el l\u00e1ser tradicional (l\u00e1ser Q de ajuste), reducir el da\u00f1o t\u00e9rmico, proteger las c\u00e9lulas de melanina en los tejidos de la sobreestimulaci\u00f3n, lo que puede reducir en gran medida el largo tiempo de enrojecimiento de las c\u00e9lulas normales despu\u00e9s de los problemas de estimulaci\u00f3n.<\/div><\/div>\t\t\t\t\t\t\t\t<\/div>\n\t\t\t\t<\/div>\n\t\t\t\t<\/div>\n\t\t\t\t\t<\/div>\n\t\t\t\t<\/div>\n\t\t\t\t<\/div>","protected":false},"excerpt":{"rendered":"<div data-page-id=\"NKUOdHU5AorUHjx01y2cSQIan2d\" data-lark-html-role=\"root\" data-docx-has-block-data=\"false\">\n<ul>\n<li><strong>Alta tecnolog\u00eda<\/strong>:Utiliza tecnolog\u00eda de enfoque en forma de panal para la vacuolizaci\u00f3n de la piel, lo que garantiza un da\u00f1o m\u00ednimo en la piel.<\/li>\n<li><strong>R\u00e1pido y eficaz<\/strong>:Reduce las sesiones de eliminaci\u00f3n de tatuajes\/pigmentos de 5-10 a 2-4, acortando el tiempo de tratamiento y recuperaci\u00f3n con resultados visibles.<\/li>\n<li><strong>C\u00f3modo y seguro<\/strong>:La orientaci\u00f3n precisa elimina pigmentos y tatuajes de manera efectiva y minimiza el da\u00f1o a la piel.<\/li>\n<li><strong>Sin acumulaci\u00f3n de melanina<\/strong>:Los pulsos ultracortos rompen la melanina en part\u00edculas diminutas para una f\u00e1cil absorci\u00f3n, reduciendo la hinchaz\u00f3n y la pigmentaci\u00f3n despu\u00e9s del tratamiento.<\/li>\n<\/ul>\n<\/div>","protected":false},"featured_media":10344,"template":"","meta":{"_seopress_robots_primary_cat":"none","_seopress_titles_title":"","_seopress_titles_desc":"","_seopress_robots_index":""},"product_brand":[],"product_cat":[34],"product_tag":[],"class_list":{"0":"post-10343","1":"product","2":"type-product","3":"status-publish","4":"has-post-thumbnail","6":"product_cat-laser-tattoo-removal","8":"first","9":"instock","10":"shipping-taxable","11":"product-type-simple"},"_links":{"self":[{"href":"https:\/\/delyava.com\/es\/wp-json\/wp\/v2\/product\/10343","targetHints":{"allow":["GET"]}}],"collection":[{"href":"https:\/\/delyava.com\/es\/wp-json\/wp\/v2\/product"}],"about":[{"href":"https:\/\/delyava.com\/es\/wp-json\/wp\/v2\/types\/product"}],"version-history":[{"count":1,"href":"https:\/\/delyava.com\/es\/wp-json\/wp\/v2\/product\/10343\/revisions"}],"predecessor-version":[{"id":15907,"href":"https:\/\/delyava.com\/es\/wp-json\/wp\/v2\/product\/10343\/revisions\/15907"}],"wp:featuredmedia":[{"embeddable":true,"href":"https:\/\/delyava.com\/es\/wp-json\/wp\/v2\/media\/10344"}],"wp:attachment":[{"href":"https:\/\/delyava.com\/es\/wp-json\/wp\/v2\/media?parent=10343"}],"wp:term":[{"taxonomy":"product_brand","embeddable":true,"href":"https:\/\/delyava.com\/es\/wp-json\/wp\/v2\/product_brand?post=10343"},{"taxonomy":"product_cat","embeddable":true,"href":"https:\/\/delyava.com\/es\/wp-json\/wp\/v2\/product_cat?post=10343"},{"taxonomy":"product_tag","embeddable":true,"href":"https:\/\/delyava.com\/es\/wp-json\/wp\/v2\/product_tag?post=10343"}],"curies":[{"name":"wp","href":"https:\/\/api.w.org\/{rel}","templated":true}]}}