{"id":3490,"date":"2024-08-23T16:22:30","date_gmt":"2024-08-23T08:22:30","guid":{"rendered":"https:\/\/delyava.com\/?page_id=3490"},"modified":"2024-09-02T14:43:47","modified_gmt":"2024-09-02T06:43:47","slug":"strong-service-support","status":"publish","type":"page","link":"https:\/\/delyava.com\/es\/strong-service-support\/","title":{"rendered":"S\u00f3lido servicio de asistencia"},"content":{"rendered":"<div data-elementor-type=\"wp-page\" data-elementor-id=\"3490\" class=\"elementor elementor-3490\" data-elementor-post-type=\"page\">\n\t\t\t\t<div class=\"elementor-element elementor-element-ef33025 e-flex e-con-boxed e-con e-parent\" data-id=\"ef33025\" data-element_type=\"container\">\n\t\t\t\t\t<div class=\"e-con-inner\">\n\t\t<div class=\"elementor-element elementor-element-f3c0aed e-con-full e-flex e-con e-child\" data-id=\"f3c0aed\" data-element_type=\"container\">\n\t\t<div class=\"elementor-element elementor-element-11418f2 e-con-full e-flex e-con e-child\" data-id=\"11418f2\" data-element_type=\"container\" data-settings=\"{&quot;background_background&quot;:&quot;classic&quot;}\">\n\t\t<div class=\"elementor-element elementor-element-dd4e8c7 e-con-full e-flex e-con e-child\" data-id=\"dd4e8c7\" data-element_type=\"container\">\n\t\t\t\t<div class=\"elementor-element elementor-element-b8cfece elementor-widget elementor-widget-heading\" data-id=\"b8cfece\" data-element_type=\"widget\" data-widget_type=\"heading.default\">\n\t\t\t\t<div class=\"elementor-widget-container\">\n\t\t\t\t\t<h1 class=\"elementor-heading-title elementor-size-default\">Fuerte soporte de servicio<\/h1>\t\t\t\t<\/div>\n\t\t\t\t<\/div>\n\t\t\t\t<\/div>\n\t\t\t\t<\/div>\n\t\t\t\t<\/div>\n\t\t\t\t\t<\/div>\n\t\t\t\t<\/div>\n\t\t<div class=\"elementor-element elementor-element-cbf2bdd e-flex e-con-boxed e-con e-parent\" data-id=\"cbf2bdd\" data-element_type=\"container\">\n\t\t\t\t\t<div class=\"e-con-inner\">\n\t\t<div class=\"elementor-element elementor-element-cbabf5e e-con-full e-flex e-con e-child\" data-id=\"cbabf5e\" data-element_type=\"container\">\n\t\t<div class=\"elementor-element elementor-element-9d214b4 e-con-full e-flex e-con e-child\" data-id=\"9d214b4\" data-element_type=\"container\">\n\t\t\t\t<div class=\"elementor-element elementor-element-a96f39f elementor-widget elementor-widget-heading\" data-id=\"a96f39f\" data-element_type=\"widget\" data-widget_type=\"heading.default\">\n\t\t\t\t<div class=\"elementor-widget-container\">\n\t\t\t\t\t<h4 class=\"elementor-heading-title elementor-size-default\">Respuesta r\u00e1pida y profesional a las consultas.<\/h4>\t\t\t\t<\/div>\n\t\t\t\t<\/div>\n\t\t\t\t<div class=\"elementor-element elementor-element-8224096 elementor-widget elementor-widget-text-editor\" data-id=\"8224096\" data-element_type=\"widget\" data-widget_type=\"text-editor.default\">\n\t\t\t\t<div class=\"elementor-widget-container\">\n\t\t\t\t\t\t\t\t\t<p>Estamos disponibles las 24 horas del d\u00eda para responder a su llamada. Con una amplia experiencia en una amplia gama de programas de equipos est\u00e9ticos, nuestra consulta gratuita puede brindarle valiosos consejos y asistencia para llevar a su marca o negocio por el camino del crecimiento y el \u00e9xito. Brindamos asesoramiento experto sobre la m\u00e1quina adecuada para su aplicaci\u00f3n espec\u00edfica, en funci\u00f3n del resultado del tratamiento deseado, la plataforma de ventas, el p\u00fablico objetivo y el presupuesto.<\/p>\t\t\t\t\t\t\t\t<\/div>\n\t\t\t\t<\/div>\n\t\t\t\t<\/div>\n\t\t<div class=\"elementor-element elementor-element-0149ac5 e-con-full e-flex e-con e-child\" data-id=\"0149ac5\" data-element_type=\"container\">\n\t\t\t\t<div class=\"elementor-element elementor-element-8152da0 elementor-widget elementor-widget-image\" data-id=\"8152da0\" data-element_type=\"widget\" data-widget_type=\"image.default\">\n\t\t\t\t<div class=\"elementor-widget-container\">\n\t\t\t\t\t\t\t\t\t\t\t\t\t\t\t<img fetchpriority=\"high\" decoding=\"async\" width=\"800\" height=\"531\" src=\"https:\/\/delyava.com\/wp-content\/uploads\/2024\/08\/c4ea9c2d-94d3-444d-8494-8be9f508bfd1-1024x680.jpg\" class=\"attachment-large size-large wp-image-2747\" alt=\"Respuesta r\u00e1pida y profesional a las consultas.\" srcset=\"https:\/\/delyava.com\/wp-content\/uploads\/2024\/08\/c4ea9c2d-94d3-444d-8494-8be9f508bfd1-1024x680.jpg 1024w, https:\/\/delyava.com\/wp-content\/uploads\/2024\/08\/c4ea9c2d-94d3-444d-8494-8be9f508bfd1-300x199.jpg 300w, https:\/\/delyava.com\/wp-content\/uploads\/2024\/08\/c4ea9c2d-94d3-444d-8494-8be9f508bfd1-768x510.jpg 768w, https:\/\/delyava.com\/wp-content\/uploads\/2024\/08\/c4ea9c2d-94d3-444d-8494-8be9f508bfd1-1536x1020.jpg 1536w, https:\/\/delyava.com\/wp-content\/uploads\/2024\/08\/c4ea9c2d-94d3-444d-8494-8be9f508bfd1-2048x1360.jpg 2048w, https:\/\/delyava.com\/wp-content\/uploads\/2024\/08\/c4ea9c2d-94d3-444d-8494-8be9f508bfd1-600x398.jpg 600w\" sizes=\"(max-width: 800px) 100vw, 800px\" \/>\t\t\t\t\t\t\t\t\t\t\t\t\t\t\t<\/div>\n\t\t\t\t<\/div>\n\t\t\t\t<\/div>\n\t\t\t\t<\/div>\n\t\t<div class=\"elementor-element elementor-element-a279ded e-con-full e-flex e-con e-child\" data-id=\"a279ded\" data-element_type=\"container\">\n\t\t<div class=\"elementor-element elementor-element-b176d4b e-con-full e-flex e-con e-child\" data-id=\"b176d4b\" data-element_type=\"container\">\n\t\t\t\t<div class=\"elementor-element elementor-element-458e34a elementor-widget elementor-widget-image\" data-id=\"458e34a\" data-element_type=\"widget\" data-widget_type=\"image.default\">\n\t\t\t\t<div class=\"elementor-widget-container\">\n\t\t\t\t\t\t\t\t\t\t\t\t\t\t\t<img decoding=\"async\" width=\"800\" height=\"534\" src=\"https:\/\/delyava.com\/wp-content\/uploads\/2024\/08\/a9455cf9-aa3a-426c-9176-f55260fdbfd1-1024x683.jpg\" class=\"attachment-large size-large wp-image-2757\" alt=\"Un potente impulso para tus proyectos personalizados\" srcset=\"https:\/\/delyava.com\/wp-content\/uploads\/2024\/08\/a9455cf9-aa3a-426c-9176-f55260fdbfd1-1024x683.jpg 1024w, https:\/\/delyava.com\/wp-content\/uploads\/2024\/08\/a9455cf9-aa3a-426c-9176-f55260fdbfd1-300x200.jpg 300w, https:\/\/delyava.com\/wp-content\/uploads\/2024\/08\/a9455cf9-aa3a-426c-9176-f55260fdbfd1-768x512.jpg 768w, https:\/\/delyava.com\/wp-content\/uploads\/2024\/08\/a9455cf9-aa3a-426c-9176-f55260fdbfd1-600x400.jpg 600w, https:\/\/delyava.com\/wp-content\/uploads\/2024\/08\/a9455cf9-aa3a-426c-9176-f55260fdbfd1.jpg 1536w\" sizes=\"(max-width: 800px) 100vw, 800px\" \/>\t\t\t\t\t\t\t\t\t\t\t\t\t\t\t<\/div>\n\t\t\t\t<\/div>\n\t\t\t\t<\/div>\n\t\t<div class=\"elementor-element elementor-element-82240ce e-con-full e-flex e-con e-child\" data-id=\"82240ce\" data-element_type=\"container\">\n\t\t\t\t<div class=\"elementor-element elementor-element-8a9ed69 elementor-widget elementor-widget-heading\" data-id=\"8a9ed69\" data-element_type=\"widget\" data-widget_type=\"heading.default\">\n\t\t\t\t<div class=\"elementor-widget-container\">\n\t\t\t\t\t<h4 class=\"elementor-heading-title elementor-size-default\">Un potente impulso para tus proyectos personalizados<\/h4>\t\t\t\t<\/div>\n\t\t\t\t<\/div>\n\t\t\t\t<div class=\"elementor-element elementor-element-b8631d6 elementor-widget elementor-widget-text-editor\" data-id=\"b8631d6\" data-element_type=\"widget\" data-widget_type=\"text-editor.default\">\n\t\t\t\t<div class=\"elementor-widget-container\">\n\t\t\t\t\t\t\t\t\t<p>Nuestro equipo profesional de I+D y dise\u00f1o ha trabajado con una amplia gama de marcas y sabe c\u00f3mo desarrollar nuevos equipos de belleza desde cero o convertir sus dise\u00f1os de marca existentes en productos reales. En combinaci\u00f3n con nuestra s\u00f3lida capacidad de producci\u00f3n y nuestra cadena de suministro bien establecida, podemos ofrecerle una soluci\u00f3n integral para la personalizaci\u00f3n y producci\u00f3n de equipos de belleza de alta gama.<\/p>\t\t\t\t\t\t\t\t<\/div>\n\t\t\t\t<\/div>\n\t\t\t\t<\/div>\n\t\t\t\t<\/div>\n\t\t<div class=\"elementor-element elementor-element-8404f79 e-con-full e-flex e-con e-child\" data-id=\"8404f79\" data-element_type=\"container\">\n\t\t<div class=\"elementor-element elementor-element-325c7a8 e-con-full e-flex e-con e-child\" data-id=\"325c7a8\" data-element_type=\"container\">\n\t\t\t\t<div class=\"elementor-element elementor-element-720ced8 elementor-widget elementor-widget-heading\" data-id=\"720ced8\" data-element_type=\"widget\" data-widget_type=\"heading.default\">\n\t\t\t\t<div class=\"elementor-widget-container\">\n\t\t\t\t\t<h4 class=\"elementor-heading-title elementor-size-default\">Excelente servicio de garant\u00eda postventa.<\/h4>\t\t\t\t<\/div>\n\t\t\t\t<\/div>\n\t\t\t\t<div class=\"elementor-element elementor-element-9fe97fb elementor-widget elementor-widget-text-editor\" data-id=\"9fe97fb\" data-element_type=\"widget\" data-widget_type=\"text-editor.default\">\n\t\t\t\t<div class=\"elementor-widget-container\">\n\t\t\t\t\t\t\t\t\t<p>La entrega no es el final de nuestro servicio. Cuando nos env\u00ede comentarios sobre su problema, nuestro equipo t\u00e9cnico especializado le responder\u00e1 r\u00e1pidamente y se ocupar\u00e1 de \u00e9l. Nos comprometemos a darle una respuesta r\u00e1pida y garantizar que el problema se resuelva en un plazo de 12 horas.<\/p><ul><li>Disponemos de un amplio stock de repuestos para responder de forma inmediata ante desgaste o aver\u00eda de los equipos.<\/li><li>Ofrecemos una garant\u00eda de dos a\u00f1os en toda la m\u00e1quina y un a\u00f1o de garant\u00eda en las piezas.<\/li><li>Sus operadores dispondr\u00e1n de v\u00eddeos instructivos probados y comprobados y de manuales de funcionamiento detallados.<\/li><\/ul>\t\t\t\t\t\t\t\t<\/div>\n\t\t\t\t<\/div>\n\t\t\t\t<\/div>\n\t\t<div class=\"elementor-element elementor-element-a3b2009 e-con-full e-flex e-con e-child\" data-id=\"a3b2009\" data-element_type=\"container\">\n\t\t\t\t<div class=\"elementor-element elementor-element-0943846 elementor-widget elementor-widget-image\" data-id=\"0943846\" data-element_type=\"widget\" data-widget_type=\"image.default\">\n\t\t\t\t<div class=\"elementor-widget-container\">\n\t\t\t\t\t\t\t\t\t\t\t\t\t\t\t<img decoding=\"async\" width=\"800\" height=\"534\" src=\"https:\/\/delyava.com\/wp-content\/uploads\/2024\/08\/46dc8055-2c08-4d2f-b3a9-97a5cd3bbfcc-1024x684.jpg\" class=\"attachment-large size-large wp-image-2764\" alt=\"Excelente servicio de garant\u00eda postventa.\" srcset=\"https:\/\/delyava.com\/wp-content\/uploads\/2024\/08\/46dc8055-2c08-4d2f-b3a9-97a5cd3bbfcc-1024x684.jpg 1024w, https:\/\/delyava.com\/wp-content\/uploads\/2024\/08\/46dc8055-2c08-4d2f-b3a9-97a5cd3bbfcc-300x200.jpg 300w, https:\/\/delyava.com\/wp-content\/uploads\/2024\/08\/46dc8055-2c08-4d2f-b3a9-97a5cd3bbfcc-768x513.jpg 768w, https:\/\/delyava.com\/wp-content\/uploads\/2024\/08\/46dc8055-2c08-4d2f-b3a9-97a5cd3bbfcc-600x401.jpg 600w, https:\/\/delyava.com\/wp-content\/uploads\/2024\/08\/46dc8055-2c08-4d2f-b3a9-97a5cd3bbfcc.jpg 1534w\" sizes=\"(max-width: 800px) 100vw, 800px\" \/>\t\t\t\t\t\t\t\t\t\t\t\t\t\t\t<\/div>\n\t\t\t\t<\/div>\n\t\t\t\t<\/div>\n\t\t\t\t<\/div>\n\t\t\t\t\t<\/div>\n\t\t\t\t<\/div>\n\t\t<div class=\"elementor-element elementor-element-8c1b59e e-flex e-con-boxed e-con e-parent\" data-id=\"8c1b59e\" data-element_type=\"container\">\n\t\t\t\t\t<div class=\"e-con-inner\">\n\t\t<div class=\"elementor-element elementor-element-34f0b94 e-con-full e-flex e-con e-child\" data-id=\"34f0b94\" data-element_type=\"container\">\n\t\t\t\t<div class=\"elementor-element elementor-element-9e2e196 elementor-widget elementor-widget-heading\" data-id=\"9e2e196\" data-element_type=\"widget\" data-widget_type=\"heading.default\">\n\t\t\t\t<div class=\"elementor-widget-container\">\n\t\t\t\t\t<h3 class=\"elementor-heading-title elementor-size-default\">Servicios exclusivos para distintos grupos de clientes<\/h3>\t\t\t\t<\/div>\n\t\t\t\t<\/div>\n\t\t\t\t<\/div>\n\t\t<div class=\"elementor-element elementor-element-13e841d e-con-full e-flex e-con e-child\" data-id=\"13e841d\" data-element_type=\"container\">\n\t\t<div class=\"elementor-element elementor-element-f399950 e-con-full e-flex e-con e-child\" data-id=\"f399950\" data-element_type=\"container\">\n\t\t<div class=\"elementor-element elementor-element-7d02ab3 e-con-full e-flex e-con e-child\" data-id=\"7d02ab3\" data-element_type=\"container\">\n\t\t\t\t<div class=\"elementor-element elementor-element-3ba6e56 elementor-widget elementor-widget-heading\" data-id=\"3ba6e56\" data-element_type=\"widget\" data-widget_type=\"heading.default\">\n\t\t\t\t<div class=\"elementor-widget-container\">\n\t\t\t\t\t<h4 class=\"elementor-heading-title elementor-size-default\">Para marcas y mayoristas:<\/h4>\t\t\t\t<\/div>\n\t\t\t\t<\/div>\n\t\t\t\t<div class=\"elementor-element elementor-element-e8b1615 elementor-widget elementor-widget-text-editor\" data-id=\"e8b1615\" data-element_type=\"widget\" data-widget_type=\"text-editor.default\">\n\t\t\t\t<div class=\"elementor-widget-container\">\n\t\t\t\t\t\t\t\t\t<p>Hemos desarrollado una amplia gama de equipos de belleza de alto rendimiento y una atractiva estrategia OEM dise\u00f1ada para satisfacer con precisi\u00f3n las necesidades de las marcas de belleza y los mayoristas. Adem\u00e1s, hemos establecido s\u00f3lidas relaciones con proveedores anteriores y con nuestras propias f\u00e1bricas para garantizar un suministro constante de aparatos de belleza de alta calidad.<\/p>\t\t\t\t\t\t\t\t<\/div>\n\t\t\t\t<\/div>\n\t\t\t\t<\/div>\n\t\t<div class=\"elementor-element elementor-element-d85db01 e-con-full e-flex e-con e-child\" data-id=\"d85db01\" data-element_type=\"container\">\n\t\t\t\t<div class=\"elementor-element elementor-element-0df1ec7 elementor-widget elementor-widget-heading\" data-id=\"0df1ec7\" data-element_type=\"widget\" data-widget_type=\"heading.default\">\n\t\t\t\t<div class=\"elementor-widget-container\">\n\t\t\t\t\t<h4 class=\"elementor-heading-title elementor-size-default\">Para fabricantes de productos para la piel:<\/h4>\t\t\t\t<\/div>\n\t\t\t\t<\/div>\n\t\t\t\t<div class=\"elementor-element elementor-element-07259da elementor-widget elementor-widget-text-editor\" data-id=\"07259da\" data-element_type=\"widget\" data-widget_type=\"text-editor.default\">\n\t\t\t\t<div class=\"elementor-widget-container\">\n\t\t\t\t\t\t\t\t\t<p>Delya colabora estrechamente con usted para adaptar nuestros dispositivos a sus productos de cuidado de la piel y maximizar su eficacia. Gracias a nuestro profundo conocimiento del sector y a nuestra experiencia, podemos ofrecerle soluciones integrales para el cuidado de la piel que le ayudar\u00e1n a que su negocio prospere.<\/p>\t\t\t\t\t\t\t\t<\/div>\n\t\t\t\t<\/div>\n\t\t\t\t<\/div>\n\t\t<div class=\"elementor-element elementor-element-27baa45 e-con-full e-flex e-con e-child\" data-id=\"27baa45\" data-element_type=\"container\">\n\t\t\t\t<div class=\"elementor-element elementor-element-761668a elementor-widget elementor-widget-heading\" data-id=\"761668a\" data-element_type=\"widget\" data-widget_type=\"heading.default\">\n\t\t\t\t<div class=\"elementor-widget-container\">\n\t\t\t\t\t<h4 class=\"elementor-heading-title elementor-size-default\">Para sal\u00f3n de belleza:<\/h4>\t\t\t\t<\/div>\n\t\t\t\t<\/div>\n\t\t\t\t<div class=\"elementor-element elementor-element-bf25b7d elementor-widget elementor-widget-text-editor\" data-id=\"bf25b7d\" data-element_type=\"widget\" data-widget_type=\"text-editor.default\">\n\t\t\t\t<div class=\"elementor-widget-container\">\n\t\t\t\t\t\t\t\t\t<p>Nuestros equipos est\u00e9ticos de alto rendimiento pr\u00e1cticamente no requieren mantenimiento, lo que ayuda a su sal\u00f3n o cl\u00ednica de belleza a rentabilizar r\u00e1pidamente la inversi\u00f3n. Adem\u00e1s, disfrutar\u00e1 de un servicio posventa atento y fiable, desde la formaci\u00f3n del operador hasta la asistencia t\u00e9cnica.<\/p>\t\t\t\t\t\t\t\t<\/div>\n\t\t\t\t<\/div>\n\t\t\t\t<\/div>\n\t\t<div class=\"elementor-element elementor-element-efbbae4 e-con-full e-flex e-con e-child\" data-id=\"efbbae4\" data-element_type=\"container\">\n\t\t\t\t<div class=\"elementor-element elementor-element-edb0bb7 elementor-widget elementor-widget-heading\" data-id=\"edb0bb7\" data-element_type=\"widget\" data-widget_type=\"heading.default\">\n\t\t\t\t<div class=\"elementor-widget-container\">\n\t\t\t\t\t<h4 class=\"elementor-heading-title elementor-size-default\">Para usuarios individuales:<\/h4>\t\t\t\t<\/div>\n\t\t\t\t<\/div>\n\t\t\t\t<div class=\"elementor-element elementor-element-0ecf5e1 elementor-widget elementor-widget-text-editor\" data-id=\"0ecf5e1\" data-element_type=\"widget\" data-widget_type=\"text-editor.default\">\n\t\t\t\t<div class=\"elementor-widget-container\">\n\t\t\t\t\t\t\t\t\t<p>Nuestros equipos est\u00e9ticos, f\u00e1ciles de usar y eficaces, le permiten experimentar tratamientos est\u00e9ticos de nivel profesional en la comodidad de su propio hogar. Ya sea para el mantenimiento diario o para necesidades espec\u00edficas de mejora de la piel, tenemos el producto adecuado para usted, con orientaci\u00f3n detallada y asesoramiento posventa para que su viaje de belleza sea tranquilo.<\/p>\t\t\t\t\t\t\t\t<\/div>\n\t\t\t\t<\/div>\n\t\t\t\t<\/div>\n\t\t\t\t<\/div>\n\t\t\t\t<\/div>\n\t\t\t\t\t<\/div>\n\t\t\t\t<\/div>\n\t\t\t\t<\/div>","protected":false},"excerpt":{"rendered":"<p>Strong Servise Support Fast and professional response to inquiries We are available 24 hours a day to respond to your call. With extensive experience in a wide range of aesthetic equipment programs, our free consultation can provide you with valuable advice and assistance to lead your brand or business on the path to growth and [&hellip;]<\/p>","protected":false},"author":2,"featured_media":0,"parent":0,"menu_order":0,"comment_status":"closed","ping_status":"closed","template":"","meta":{"_seopress_robots_primary_cat":"","_seopress_titles_title":"","_seopress_titles_desc":"","_seopress_robots_index":"","footnotes":""},"class_list":["post-3490","page","type-page","status-publish","hentry"],"_links":{"self":[{"href":"https:\/\/delyava.com\/es\/wp-json\/wp\/v2\/pages\/3490","targetHints":{"allow":["GET"]}}],"collection":[{"href":"https:\/\/delyava.com\/es\/wp-json\/wp\/v2\/pages"}],"about":[{"href":"https:\/\/delyava.com\/es\/wp-json\/wp\/v2\/types\/page"}],"author":[{"embeddable":true,"href":"https:\/\/delyava.com\/es\/wp-json\/wp\/v2\/users\/2"}],"replies":[{"embeddable":true,"href":"https:\/\/delyava.com\/es\/wp-json\/wp\/v2\/comments?post=3490"}],"version-history":[{"count":0,"href":"https:\/\/delyava.com\/es\/wp-json\/wp\/v2\/pages\/3490\/revisions"}],"wp:attachment":[{"href":"https:\/\/delyava.com\/es\/wp-json\/wp\/v2\/media?parent=3490"}],"curies":[{"name":"wp","href":"https:\/\/api.w.org\/{rel}","templated":true}]}}