{"id":9268,"date":"2025-02-14T15:24:13","date_gmt":"2025-02-14T07:24:13","guid":{"rendered":"https:\/\/delyava.com\/?post_type=product&#038;p=9268"},"modified":"2025-02-14T16:48:07","modified_gmt":"2025-02-14T08:48:07","slug":"7d-hifu-machine-ultramax","status":"publish","type":"product","link":"https:\/\/delyava.com\/de\/products\/7d-hifu-machine-ultramax\/","title":{"rendered":"7D HIFU-Maschine ULTRAMAX"},"content":{"rendered":"<div data-elementor-type=\"product-post\" data-elementor-id=\"9268\" class=\"elementor elementor-9268\" data-elementor-post-type=\"product\">\n\t\t\t\t<div class=\"elementor-element elementor-element-f54a151 e-flex e-con-boxed e-con e-parent\" data-id=\"f54a151\" data-element_type=\"container\">\n\t\t\t\t\t<div class=\"e-con-inner\">\n\t\t\t\t<div class=\"elementor-element elementor-element-6bc09aa elementor-widget elementor-widget-heading\" data-id=\"6bc09aa\" data-element_type=\"widget\" data-widget_type=\"heading.default\">\n\t\t\t\t<div class=\"elementor-widget-container\">\n\t\t\t\t\t<h3 class=\"elementor-heading-title elementor-size-default\">Wie die HIFU-Maschinen funktionieren<\/h3>\t\t\t\t<\/div>\n\t\t\t\t<\/div>\n\t\t\t\t\t<\/div>\n\t\t\t\t<\/div>\n\t\t<div class=\"elementor-element elementor-element-eda9b1a e-flex e-con-boxed e-con e-parent\" data-id=\"eda9b1a\" data-element_type=\"container\">\n\t\t\t\t\t<div class=\"e-con-inner\">\n\t\t<div class=\"elementor-element elementor-element-7e1e5d8 e-con-full e-flex e-con e-child\" data-id=\"7e1e5d8\" data-element_type=\"container\">\n\t\t\t\t<div class=\"elementor-element elementor-element-5864119 elementor-widget elementor-widget-text-editor\" data-id=\"5864119\" data-element_type=\"widget\" data-widget_type=\"text-editor.default\">\n\t\t\t\t<div class=\"elementor-widget-container\">\n\t\t\t\t\t\t\t\t\t<p>\u00a0<\/p><div data-page-id=\"NKUOdHU5AorUHjx01y2cSQIan2d\" data-lark-html-role=\"root\" data-docx-has-block-data=\"false\"><div class=\"ace-line ace-line old-record-id-XxU0dvPGno7t0rx5DMycuGfkn9e\"><p>ULTRAMAX ist ein nicht-invasives \u00e4sthetisches Ger\u00e4t zum Facelifting, zur Straffung, zur K\u00f6rperstraffung und zur Konturierung. Es bietet ma\u00dfgeschneiderte Behandlungen f\u00fcr Gesicht, Hals und K\u00f6rper und wird auf dem \u00e4sthetischen Markt h\u00e4ufig verwendet. Mithilfe der MMFU-Technologie liefert es pr\u00e4zise Ultraschallenergie, um Hautschichten zum Lifting und zur Straffung anzuvisieren, w\u00e4hrend es gleichzeitig hartn\u00e4ckige Fettzellen in der Unterhautschicht schrumpfen und beseitigen l\u00e4sst, ohne das umliegende Gewebe zu beeintr\u00e4chtigen.<\/p><\/div><\/div>\t\t\t\t\t\t\t\t<\/div>\n\t\t\t\t<\/div>\n\t\t\t\t<\/div>\n\t\t<div class=\"elementor-element elementor-element-4d908ad e-con-full e-flex e-con e-child\" data-id=\"4d908ad\" data-element_type=\"container\">\n\t\t\t\t<div class=\"elementor-element elementor-element-8f050b3 elementor-widget elementor-widget-image\" data-id=\"8f050b3\" data-element_type=\"widget\" data-widget_type=\"image.default\">\n\t\t\t\t<div class=\"elementor-widget-container\">\n\t\t\t\t\t\t\t\t\t\t\t\t<figure class=\"wp-caption\">\n\t\t\t\t\t\t\t\t\t\t<img fetchpriority=\"high\" decoding=\"async\" width=\"800\" height=\"219\" src=\"https:\/\/delyava.com\/wp-content\/uploads\/2025\/02\/How-the-hifu-machines-Works-1024x280.jpeg\" class=\"attachment-large size-large wp-image-9257\" alt=\"Wie die HIFU-Maschinen funktionieren\" srcset=\"https:\/\/delyava.com\/wp-content\/uploads\/2025\/02\/How-the-hifu-machines-Works-1024x280.jpeg 1024w, https:\/\/delyava.com\/wp-content\/uploads\/2025\/02\/How-the-hifu-machines-Works-300x82.jpeg 300w, https:\/\/delyava.com\/wp-content\/uploads\/2025\/02\/How-the-hifu-machines-Works-768x210.jpeg 768w, https:\/\/delyava.com\/wp-content\/uploads\/2025\/02\/How-the-hifu-machines-Works-1536x420.jpeg 1536w, https:\/\/delyava.com\/wp-content\/uploads\/2025\/02\/How-the-hifu-machines-Works-18x5.jpeg 18w, https:\/\/delyava.com\/wp-content\/uploads\/2025\/02\/How-the-hifu-machines-Works-600x164.jpeg 600w, https:\/\/delyava.com\/wp-content\/uploads\/2025\/02\/How-the-hifu-machines-Works.jpeg 1900w\" sizes=\"(max-width: 800px) 100vw, 800px\" \/>\t\t\t\t\t\t\t\t\t\t\t<figcaption class=\"widget-image-caption wp-caption-text\">Wie die HIFU-Maschinen funktionieren<\/figcaption>\n\t\t\t\t\t\t\t\t\t\t<\/figure>\n\t\t\t\t\t\t\t\t\t<\/div>\n\t\t\t\t<\/div>\n\t\t\t\t<\/div>\n\t\t\t\t\t<\/div>\n\t\t\t\t<\/div>\n\t\t<div class=\"elementor-element elementor-element-a44b5d8 e-flex e-con-boxed e-con e-parent\" data-id=\"a44b5d8\" data-element_type=\"container\">\n\t\t\t\t\t<div class=\"e-con-inner\">\n\t\t\t\t<div class=\"elementor-element elementor-element-2e2b0ac elementor-widget elementor-widget-heading\" data-id=\"2e2b0ac\" data-element_type=\"widget\" data-widget_type=\"heading.default\">\n\t\t\t\t<div class=\"elementor-widget-container\">\n\t\t\t\t\t<h2 class=\"elementor-heading-title elementor-size-default\">Einf\u00fchrung in die Instrumentenkomponenten<\/h2>\t\t\t\t<\/div>\n\t\t\t\t<\/div>\n\t\t\t\t\t<\/div>\n\t\t\t\t<\/div>\n\t\t<div class=\"elementor-element elementor-element-72f0be4 e-flex e-con-boxed e-con e-parent\" data-id=\"72f0be4\" data-element_type=\"container\">\n\t\t\t\t\t<div class=\"e-con-inner\">\n\t\t\t\t<div class=\"elementor-element elementor-element-5c8af68 elementor-widget__width-initial elementor-widget elementor-widget-image\" data-id=\"5c8af68\" data-element_type=\"widget\" data-widget_type=\"image.default\">\n\t\t\t\t<div class=\"elementor-widget-container\">\n\t\t\t\t\t\t\t\t\t\t\t\t\t\t\t<img decoding=\"async\" width=\"800\" height=\"544\" src=\"https:\/\/delyava.com\/wp-content\/uploads\/2025\/02\/Introduction-to-Instrument-Components-1024x696.jpeg\" class=\"attachment-large size-large wp-image-9248\" alt=\"Einf\u00fchrung in die Instrumentenkomponenten\" srcset=\"https:\/\/delyava.com\/wp-content\/uploads\/2025\/02\/Introduction-to-Instrument-Components-1024x696.jpeg 1024w, https:\/\/delyava.com\/wp-content\/uploads\/2025\/02\/Introduction-to-Instrument-Components-300x204.jpeg 300w, https:\/\/delyava.com\/wp-content\/uploads\/2025\/02\/Introduction-to-Instrument-Components-768x522.jpeg 768w, https:\/\/delyava.com\/wp-content\/uploads\/2025\/02\/Introduction-to-Instrument-Components-1536x1044.jpeg 1536w, https:\/\/delyava.com\/wp-content\/uploads\/2025\/02\/Introduction-to-Instrument-Components-2048x1392.jpeg 2048w, https:\/\/delyava.com\/wp-content\/uploads\/2025\/02\/Introduction-to-Instrument-Components-18x12.jpeg 18w, https:\/\/delyava.com\/wp-content\/uploads\/2025\/02\/Introduction-to-Instrument-Components-600x408.jpeg 600w\" sizes=\"(max-width: 800px) 100vw, 800px\" \/>\t\t\t\t\t\t\t\t\t\t\t\t\t\t\t<\/div>\n\t\t\t\t<\/div>\n\t\t\t\t<div class=\"elementor-element elementor-element-67f354c elementor-widget elementor-widget-image\" data-id=\"67f354c\" data-element_type=\"widget\" data-widget_type=\"image.default\">\n\t\t\t\t<div class=\"elementor-widget-container\">\n\t\t\t\t\t\t\t\t\t\t\t\t\t\t\t<img decoding=\"async\" width=\"800\" height=\"352\" src=\"https:\/\/delyava.com\/wp-content\/uploads\/2025\/02\/Introduction-to-Instrument-Components1-1024x451.jpeg\" class=\"attachment-large size-large wp-image-9251\" alt=\"Einf\u00fchrung in die Instrumentenkomponenten1\" srcset=\"https:\/\/delyava.com\/wp-content\/uploads\/2025\/02\/Introduction-to-Instrument-Components1-1024x451.jpeg 1024w, https:\/\/delyava.com\/wp-content\/uploads\/2025\/02\/Introduction-to-Instrument-Components1-300x132.jpeg 300w, https:\/\/delyava.com\/wp-content\/uploads\/2025\/02\/Introduction-to-Instrument-Components1-768x338.jpeg 768w, https:\/\/delyava.com\/wp-content\/uploads\/2025\/02\/Introduction-to-Instrument-Components1-1536x676.jpeg 1536w, https:\/\/delyava.com\/wp-content\/uploads\/2025\/02\/Introduction-to-Instrument-Components1-2048x902.jpeg 2048w, https:\/\/delyava.com\/wp-content\/uploads\/2025\/02\/Introduction-to-Instrument-Components1-18x8.jpeg 18w, https:\/\/delyava.com\/wp-content\/uploads\/2025\/02\/Introduction-to-Instrument-Components1-600x264.jpeg 600w\" sizes=\"(max-width: 800px) 100vw, 800px\" \/>\t\t\t\t\t\t\t\t\t\t\t\t\t\t\t<\/div>\n\t\t\t\t<\/div>\n\t\t\t\t\t<\/div>\n\t\t\t\t<\/div>\n\t\t<div class=\"elementor-element elementor-element-1822c3b e-flex e-con-boxed e-con e-parent\" data-id=\"1822c3b\" data-element_type=\"container\">\n\t\t\t\t\t<div class=\"e-con-inner\">\n\t\t<div class=\"elementor-element elementor-element-cef95eb e-con-full e-flex e-con e-child\" data-id=\"cef95eb\" data-element_type=\"container\">\n\t\t<div class=\"elementor-element elementor-element-63581f5 e-con-full e-flex e-con e-child\" data-id=\"63581f5\" data-element_type=\"container\">\n\t\t<div class=\"elementor-element elementor-element-c3eb72d e-con-full e-flex e-con e-child\" data-id=\"c3eb72d\" data-element_type=\"container\">\n\t\t\t\t<div class=\"elementor-element elementor-element-314ba52 elementor-widget elementor-widget-image\" data-id=\"314ba52\" data-element_type=\"widget\" data-widget_type=\"image.default\">\n\t\t\t\t<div class=\"elementor-widget-container\">\n\t\t\t\t\t\t\t\t\t\t\t\t\t\t\t<img loading=\"lazy\" decoding=\"async\" width=\"736\" height=\"609\" src=\"https:\/\/delyava.com\/wp-content\/uploads\/2025\/02\/HIFU-treatment-machine-body-treatment-parts-1.jpg\" class=\"attachment-large size-large wp-image-9259\" alt=\"Teile f\u00fcr die K\u00f6rperbehandlung des HIFU-Behandlungsger\u00e4ts\" srcset=\"https:\/\/delyava.com\/wp-content\/uploads\/2025\/02\/HIFU-treatment-machine-body-treatment-parts-1.jpg 736w, https:\/\/delyava.com\/wp-content\/uploads\/2025\/02\/HIFU-treatment-machine-body-treatment-parts-1-300x248.jpg 300w, https:\/\/delyava.com\/wp-content\/uploads\/2025\/02\/HIFU-treatment-machine-body-treatment-parts-1-15x12.jpg 15w, https:\/\/delyava.com\/wp-content\/uploads\/2025\/02\/HIFU-treatment-machine-body-treatment-parts-1-600x496.jpg 600w\" sizes=\"(max-width: 736px) 100vw, 736px\" \/>\t\t\t\t\t\t\t\t\t\t\t\t\t\t\t<\/div>\n\t\t\t\t<\/div>\n\t\t\t\t<\/div>\n\t\t\t\t<\/div>\n\t\t<div class=\"elementor-element elementor-element-06608fe e-con-full e-flex e-con e-child\" data-id=\"06608fe\" data-element_type=\"container\">\n\t\t\t\t<div class=\"elementor-element elementor-element-6a224eb elementor-widget elementor-widget-heading\" data-id=\"6a224eb\" data-element_type=\"widget\" data-widget_type=\"heading.default\">\n\t\t\t\t<div class=\"elementor-widget-container\">\n\t\t\t\t\t<h2 class=\"elementor-heading-title elementor-size-default\">Teile f\u00fcr die K\u00f6rperbehandlung des HIFU-Behandlungsger\u00e4ts<\/h2>\t\t\t\t<\/div>\n\t\t\t\t<\/div>\n\t\t\t\t<div class=\"elementor-element elementor-element-68a1fa0 elementor-widget elementor-widget-text-editor\" data-id=\"68a1fa0\" data-element_type=\"widget\" data-widget_type=\"text-editor.default\">\n\t\t\t\t<div class=\"elementor-widget-container\">\n\t\t\t\t\t\t\t\t\t<p>Unsere HIFU-Hautstraffungsger\u00e4te sind mit einer Vielzahl von Sonden ausgestattet, um unterschiedliche K\u00f6rperteile pr\u00e4zise zu behandeln. 6,0-mm- und 9,0-mm-Sonden sind so konzipiert, dass sie eine breite Palette individueller Bed\u00fcrfnisse abdecken. Die 6,0-mm- und 9,0-mm-Sonden sind so konzipiert, dass sie eine breite Palette individueller Bed\u00fcrfnisse abdecken. Die 6,0-mm-Sonde ist wirksam bei der Verbesserung von Doppelkinn, w\u00e4hrend die 9,0-mm-Sonde effektiv eingesetzt werden kann, um Bereiche wie Mama-Po, Schmetterlings\u00e4rmel und Elefantenbeine sowie Br\u00fcste, Achselh\u00f6hlen, Arme, Bauch, R\u00fccken, Seiten der Taille, Oberschenkel, Waden und Kn\u00f6chel zu behandeln und so eine lokalisierte, pr\u00e4zise Formung und schnelle Verbesserung der K\u00f6rpersilhouette zu erreichen.<\/p>\t\t\t\t\t\t\t\t<\/div>\n\t\t\t\t<\/div>\n\t\t\t\t<\/div>\n\t\t\t\t<\/div>\n\t\t\t\t\t<\/div>\n\t\t\t\t<\/div>\n\t\t<div class=\"elementor-element elementor-element-92d410b e-flex e-con-boxed e-con e-parent\" data-id=\"92d410b\" data-element_type=\"container\">\n\t\t\t\t\t<div class=\"e-con-inner\">\n\t\t<div class=\"elementor-element elementor-element-57d281f e-con-full e-flex e-con e-child\" data-id=\"57d281f\" data-element_type=\"container\">\n\t\t\t\t<div class=\"elementor-element elementor-element-a56acec elementor-widget elementor-widget-heading\" data-id=\"a56acec\" data-element_type=\"widget\" data-widget_type=\"heading.default\">\n\t\t\t\t<div class=\"elementor-widget-container\">\n\t\t\t\t\t<h3 class=\"elementor-heading-title elementor-size-default\"> HIFU-Ger\u00e4t Vorher und Nachher<\/h3>\t\t\t\t<\/div>\n\t\t\t\t<\/div>\n\t\t\t\t<\/div>\n\t\t<div class=\"elementor-element elementor-element-4395a36 e-con-full e-flex e-con e-child\" data-id=\"4395a36\" data-element_type=\"container\">\n\t\t<div class=\"elementor-element elementor-element-d748ef2 e-con-full e-flex e-con e-child\" data-id=\"d748ef2\" data-element_type=\"container\">\n\t\t\t\t<div class=\"elementor-element elementor-element-7b7d881 elementor-widget elementor-widget-image\" data-id=\"7b7d881\" data-element_type=\"widget\" data-widget_type=\"image.default\">\n\t\t\t\t<div class=\"elementor-widget-container\">\n\t\t\t\t\t\t\t\t\t\t\t\t\t\t\t<img loading=\"lazy\" decoding=\"async\" width=\"750\" height=\"750\" src=\"https:\/\/delyava.com\/wp-content\/uploads\/2025\/02\/HIFU-7D-machine-Before-and-After.png\" class=\"attachment-large size-large wp-image-9260\" alt=\"HIFU 7D-Maschine Vorher und Nachher\" srcset=\"https:\/\/delyava.com\/wp-content\/uploads\/2025\/02\/HIFU-7D-machine-Before-and-After.png 750w, https:\/\/delyava.com\/wp-content\/uploads\/2025\/02\/HIFU-7D-machine-Before-and-After-300x300.png 300w, https:\/\/delyava.com\/wp-content\/uploads\/2025\/02\/HIFU-7D-machine-Before-and-After-150x150.png 150w, https:\/\/delyava.com\/wp-content\/uploads\/2025\/02\/HIFU-7D-machine-Before-and-After-12x12.png 12w, https:\/\/delyava.com\/wp-content\/uploads\/2025\/02\/HIFU-7D-machine-Before-and-After-600x600.png 600w, https:\/\/delyava.com\/wp-content\/uploads\/2025\/02\/HIFU-7D-machine-Before-and-After-100x100.png 100w\" sizes=\"(max-width: 750px) 100vw, 750px\" \/>\t\t\t\t\t\t\t\t\t\t\t\t\t\t\t<\/div>\n\t\t\t\t<\/div>\n\t\t<div class=\"elementor-element elementor-element-14d2f1e e-con-full e-flex e-con e-child\" data-id=\"14d2f1e\" data-element_type=\"container\">\n\t\t\t\t<div class=\"elementor-element elementor-element-cf37953 elementor-widget elementor-widget-text-editor\" data-id=\"cf37953\" data-element_type=\"widget\" data-widget_type=\"text-editor.default\">\n\t\t\t\t<div class=\"elementor-widget-container\">\n\t\t\t\t\t\t\t\t\t<ol><li>Straffen Sie die Wangen, liften Sie das Gesicht und reduzieren Sie F\u00e4ltchen an Stirn, Augen und Lippen.<\/li><li>Verbessern Sie die Hautstruktur, reduzieren Sie feine Linien (Kr\u00e4henf\u00fc\u00dfe, unter den Augen, vor dem Ohr, Lippe, Stirn, Augenbraue, Nasolabialfalten, Hals) und stellen Sie die Gl\u00e4tte wieder her.<\/li><li>Reduzieren Sie Halsfalten, beugen Sie der Hautalterung vor und stimulieren Sie die Kollagenregeneration, um die Elastizit\u00e4t und Festigkeit der Haut zu verbessern.<\/li><li>Steigern Sie die Hautelastizit\u00e4t, verfeinern Sie die Konturen, kontrollieren Sie die \u00d6lproduktion und minimieren Sie die Poren f\u00fcr ein glattes, jugendliches Aussehen.<\/li><\/ol>\t\t\t\t\t\t\t\t<\/div>\n\t\t\t\t<\/div>\n\t\t\t\t<\/div>\n\t\t\t\t<\/div>\n\t\t\t\t<\/div>\n\t\t\t\t\t<\/div>\n\t\t\t\t<\/div>\n\t\t<div class=\"elementor-element elementor-element-e741634 e-flex e-con-boxed e-con e-parent\" data-id=\"e741634\" data-element_type=\"container\">\n\t\t\t\t\t<div class=\"e-con-inner\">\n\t\t\t\t<div class=\"elementor-element elementor-element-e042ac3 elementor-widget elementor-widget-heading\" data-id=\"e042ac3\" data-element_type=\"widget\" data-widget_type=\"heading.default\">\n\t\t\t\t<div class=\"elementor-widget-container\">\n\t\t\t\t\t<h4 class=\"elementor-heading-title elementor-size-default\">7D Hifu Maschinenparameter<\/h4>\t\t\t\t<\/div>\n\t\t\t\t<\/div>\n\t\t\t\t<div class=\"elementor-element elementor-element-0298e5b elementor-widget elementor-widget-text-editor\" data-id=\"0298e5b\" data-element_type=\"widget\" data-widget_type=\"text-editor.default\">\n\t\t\t\t<div class=\"elementor-widget-container\">\n\t\t\t\t\t\t\t\t\t<table><tbody><tr><td width=\"174\"><p>Frequenz<\/p><\/td><td width=\"739\"><p>2 MHz\/4 MHz\/5,5 MHz\/7 MHz<\/p><\/td><\/tr><tr><td width=\"174\"><p>Arbeitssystem<\/p><\/td><td width=\"739\"><p>Intelligenter Dual-Control-Puls-Digitalmodus-Ausgang<\/p><\/td><\/tr><tr><td width=\"174\"><p>Energie<\/p><\/td><td width=\"739\"><p>0,1 \u2013 2J einstellbar<\/p><\/td><\/tr><tr><td width=\"174\"><p>Eingabel\u00e4nge<\/p><\/td><td width=\"739\"><p>5 \u2013 25mm einstellbar<\/p><\/td><\/tr><tr><td width=\"174\"><p>Eingabeabstand<\/p><\/td><td width=\"739\"><p>1 \u2013 2 mm<\/p><\/td><\/tr><tr><td width=\"174\"><p>Behandlungskopf<\/p><\/td><td width=\"739\"><p>1,5\/2,0\/3,0\/4,5\/6,0\/9,0\/13,0 mm<\/p><\/td><\/tr><tr><td width=\"174\"><p>Betriebsart<\/p><\/td><td width=\"739\"><p>Einzelpuls-\/Pulsmodus<\/p><\/td><\/tr><tr><td width=\"174\"><p>Eingangsleistung<\/p><\/td><td width=\"739\"><p>Wechselstrom 110 V \u2013 220 V \u2013 50 Hz\/60 Hz<\/p><\/td><\/tr><tr><td width=\"174\"><p>Packungsgr\u00f6\u00dfe<\/p><\/td><td width=\"739\"><p>53*46*44,5 cm<\/p><\/td><\/tr><tr><td width=\"174\"><p>Paket GW<\/p><\/td><td width=\"739\"><p>22 kg<\/p><\/td><\/tr><tr><td width=\"174\"><p>Maschine GW<\/p><\/td><td width=\"739\"><p>20 kg<\/p><\/td><\/tr><\/tbody><\/table><p>\u00a0<\/p>\t\t\t\t\t\t\t\t<\/div>\n\t\t\t\t<\/div>\n\t\t\t\t\t<\/div>\n\t\t\t\t<\/div>\n\t\t<div class=\"elementor-element elementor-element-9b6194f e-flex e-con-boxed e-con e-parent\" data-id=\"9b6194f\" data-element_type=\"container\">\n\t\t\t\t\t<div class=\"e-con-inner\">\n\t\t<div class=\"elementor-element elementor-element-5b9bc99 e-con-full e-flex e-con e-child\" data-id=\"5b9bc99\" data-element_type=\"container\">\n\t\t\t\t<div class=\"elementor-element elementor-element-aa3be0d elementor-widget elementor-widget-heading\" data-id=\"aa3be0d\" data-element_type=\"widget\" data-widget_type=\"heading.default\">\n\t\t\t\t<div class=\"elementor-widget-container\">\n\t\t\t\t\t<h4 class=\"elementor-heading-title elementor-size-default\">FAQ<\/h4>\t\t\t\t<\/div>\n\t\t\t\t<\/div>\n\t\t\t\t<div class=\"elementor-element elementor-element-6e748f3 elementor-widget elementor-widget-text-editor\" data-id=\"6e748f3\" data-element_type=\"widget\" data-widget_type=\"text-editor.default\">\n\t\t\t\t<div class=\"elementor-widget-container\">\n\t\t\t\t\t\t\t\t\t<p><strong>1. Welche Vorsichtsma\u00dfnahmen sind nach einer HIFU-Behandlung mit einem Ger\u00e4t zu treffen?<\/strong><\/p><p>Vermeiden Sie nach der Behandlung scharfes Essen; waschen Sie Ihr Gesicht eine Woche lang nicht mit zu hei\u00dfem oder zu kaltem Wasser; machen Sie kein Yoga mit hohen Temperaturen, keine Sauna, kein Gesichtsdampfbad und keine Gesichtsmassage, um Druck auf Ihrem Gesicht zu vermeiden; tragen Sie eine Woche lang jeden Tag eine Maske auf, um Ihr Gesicht mit Feuchtigkeit zu versorgen; achten Sie auf Sonnenschutz; verwenden Sie einen Monat lang keine Radiofrequenz- oder Phototherapieger\u00e4te. Dar\u00fcber hinaus kann die 7D-HIFU-Behandlung erst 20 \u2013 30 Tage nach der Hyalurons\u00e4ure-Injektion durchgef\u00fchrt werden.<br \/><strong>2. F\u00fcr wen ist die 7D-HIFU-Maschine nicht geeignet?<\/strong><\/p><p>Die 7D-HIFU-Behandlung ist nicht geeignet f\u00fcr schwangere Frauen, Patienten mit schweren Herzerkrankungen, Patienten mit b\u00f6sartigen Tumoren, Patienten mit H\u00e4mophilie oder starken Blutungen, Patienten mit schweren Erkrankungen, Haut- und Infektionskrankheiten, Patienten mit Herz-, Gehirn-, Nervenzentrum des Halses, der Wirbels\u00e4ule, der Augen, Blutungen, Injektionspatienten, Patienten mit Hyperthyreose, Patienten mit Asthma und Patienten mit hohem Blutdruck. Es sollte auch bei kranken Patienten mit Vorsicht angewendet werden, es sei denn, ein Arzt hat dies genehmigt.<br \/><strong>3. Ist das<\/strong><strong>E-Maschine HIFU schmerzhaft <\/strong><strong>?<\/strong><\/p><p>Manche Menschen sp\u00fcren w\u00e4hrend der Behandlung m\u00f6glicherweise ein gewisses Gef\u00fchl, aber es ist normalerweise ertr\u00e4glich. Die Energie wird von niedrig bis hoch eingestellt und vom Arzt entsprechend der Toleranz des Patienten angepasst. Wenn der Benutzer beispielsweise den Stirnbereich behandelt, kann er die Spitze der Sonde fest in Richtung Stirn ziehen, um Energie abzugeben und Schmerzen zu lindern. Auch die Verwendung des richtigen Mediums (z. B. lichtempfindliches Gel, K\u00fchlgel) kann dazu beitragen, Beschwerden zu lindern.<br \/><strong>4. Wie lange dauert es, bis nach einer 7D-HIFU-Behandlung Ergebnisse sichtbar werden?<\/strong><\/p><p>Unmittelbar nach der Behandlung k\u00f6nnen einige Ergebnisse, wie z. B. eine verbesserte Hautstraffung, auftreten. Deutlichere Ergebnisse treten jedoch normalerweise 1 bis 3 Monate nach der Behandlung allm\u00e4hlich auf, da die Behandlung Zeit braucht, um die Kollagenregeneration und -reorganisation anzuregen. Die Ergebnisse sind nach mehreren Behandlungen deutlicher und lang anhaltender, d. h. nach 6 Monaten (2 Behandlungen) oder mehr ist der Zustand der Haut umfassender verbessert.<br \/><strong>5. Was sind die Nebenwirkungen der 7D-HIFU-Hautstraffung?<\/strong><\/p><p>7D HIFU ist bei standardisierter Anwendung und Pflege sicher und hat normalerweise keine nennenswerten Nebenwirkungen. Bei einigen Personen kann es nach der Behandlung zu vor\u00fcbergehender R\u00f6tung und leichter Schwellung der Haut kommen, die jedoch innerhalb weniger Stunden von selbst abklingt. Die Technik ist pr\u00e4zise, das Risiko von Verbrennungen, Infektionen und Nervensch\u00e4den ist gering, und die meisten Personen erzielen zufriedenstellende Ergebnisse.<\/p>\t\t\t\t\t\t\t\t<\/div>\n\t\t\t\t<\/div>\n\t\t\t\t<\/div>\n\t\t\t\t\t<\/div>\n\t\t\t\t<\/div>\n\t\t\t\t<\/div>","protected":false},"excerpt":{"rendered":"<ul>\n<li><strong>Nicht-chirurgisches Lifting und Konturierung<\/strong>: MMFU ist ein nicht-invasives System zum Lifting, Festigen und Konturieren von Gesicht und K\u00f6rper mittels Ultraschallw\u00e4rme. Eine Operation ist nicht erforderlich.<\/li>\n<li><strong>Pr\u00e4zises Zielen<\/strong>: Ein kleinerer Fokuspunkt \u00fcbertr\u00e4gt 65\u201375\u00a0\u00b0C starke Ultraschallenergie gezielt auf die gew\u00fcnschten Hautschichten und sorgt so f\u00fcr eine pr\u00e4zise Behandlung.<\/li>\n<li><strong>Thermokoagulationseffekt<\/strong>: Erzeugt kontrollierte W\u00e4rme in tiefen Schichten (SMAS, Dermis), ohne das umliegende Gewebe zu sch\u00e4digen, und f\u00f6rdert die Kollagen- und Elastinregeneration.<\/li>\n<li><strong>Tiefe SMAS-Behandlung<\/strong>: Zielt auf die SMAS-Faszienschicht ab, um Alterung, Gewebeschwund und Hauterschlaffung zu bek\u00e4mpfen und so f\u00fcr langanhaltende Straffung und Straffung zu sorgen.<\/li>\n<li><strong>Verbesserter Komfort und Sicherheit<\/strong>: Entwickelt f\u00fcr mehr Komfort w\u00e4hrend der Behandlung, hinterl\u00e4sst es eine pralle, straffe und verj\u00fcngte Haut mit minimalen Ausfallzeiten.<\/li>\n<\/ul>","protected":false},"featured_media":9269,"template":"","meta":{"_seopress_robots_primary_cat":"none","_seopress_titles_title":"","_seopress_titles_desc":"","_seopress_robots_index":""},"product_brand":[],"product_cat":[36],"product_tag":[],"class_list":{"0":"post-9268","1":"product","2":"type-product","3":"status-publish","4":"has-post-thumbnail","6":"product_cat-hifu-machines","8":"first","9":"instock","10":"shipping-taxable","11":"product-type-simple"},"_links":{"self":[{"href":"https:\/\/delyava.com\/de\/wp-json\/wp\/v2\/product\/9268","targetHints":{"allow":["GET"]}}],"collection":[{"href":"https:\/\/delyava.com\/de\/wp-json\/wp\/v2\/product"}],"about":[{"href":"https:\/\/delyava.com\/de\/wp-json\/wp\/v2\/types\/product"}],"version-history":[{"count":0,"href":"https:\/\/delyava.com\/de\/wp-json\/wp\/v2\/product\/9268\/revisions"}],"wp:featuredmedia":[{"embeddable":true,"href":"https:\/\/delyava.com\/de\/wp-json\/wp\/v2\/media\/9269"}],"wp:attachment":[{"href":"https:\/\/delyava.com\/de\/wp-json\/wp\/v2\/media?parent=9268"}],"wp:term":[{"taxonomy":"product_brand","embeddable":true,"href":"https:\/\/delyava.com\/de\/wp-json\/wp\/v2\/product_brand?post=9268"},{"taxonomy":"product_cat","embeddable":true,"href":"https:\/\/delyava.com\/de\/wp-json\/wp\/v2\/product_cat?post=9268"},{"taxonomy":"product_tag","embeddable":true,"href":"https:\/\/delyava.com\/de\/wp-json\/wp\/v2\/product_tag?post=9268"}],"curies":[{"name":"wp","href":"https:\/\/api.w.org\/{rel}","templated":true}]}}