{"id":10343,"date":"2025-02-24T14:10:13","date_gmt":"2025-02-24T06:10:13","guid":{"rendered":"https:\/\/delyava.com\/?post_type=product&#038;p=10343"},"modified":"2025-02-25T10:04:10","modified_gmt":"2025-02-25T02:04:10","slug":"picosecond-laser-all-colors-pigment-removal","status":"publish","type":"product","link":"https:\/\/delyava.com\/de\/products\/picosecond-laser-all-colors-pigment-removal\/","title":{"rendered":"Pico Laser-Tattooentfernungsger\u00e4t"},"content":{"rendered":"<div data-elementor-type=\"product-post\" data-elementor-id=\"10343\" class=\"elementor elementor-10343\" data-elementor-post-type=\"product\">\n\t\t\t\t<div class=\"elementor-element elementor-element-9deaa6e e-flex e-con-boxed e-con e-parent\" data-id=\"9deaa6e\" data-element_type=\"container\">\n\t\t\t\t\t<div class=\"e-con-inner\">\n\t\t\t\t<div class=\"elementor-element elementor-element-39510f4 elementor-widget elementor-widget-heading\" data-id=\"39510f4\" data-element_type=\"widget\" data-widget_type=\"heading.default\">\n\t\t\t\t<div class=\"elementor-widget-container\">\n\t\t\t\t\t<h2 class=\"elementor-heading-title elementor-size-default\">So funktioniert die Picosure-Tattooentfernung mit dem Laser<\/h2>\t\t\t\t<\/div>\n\t\t\t\t<\/div>\n\t\t\t\t\t<\/div>\n\t\t\t\t<\/div>\n\t\t<div class=\"elementor-element elementor-element-eda9b1a e-flex e-con-boxed e-con e-parent\" data-id=\"eda9b1a\" data-element_type=\"container\">\n\t\t\t\t\t<div class=\"e-con-inner\">\n\t\t<div class=\"elementor-element elementor-element-7e1e5d8 e-con-full e-flex e-con e-child\" data-id=\"7e1e5d8\" data-element_type=\"container\">\n\t\t\t\t<div class=\"elementor-element elementor-element-5864119 elementor-widget elementor-widget-text-editor\" data-id=\"5864119\" data-element_type=\"widget\" data-widget_type=\"text-editor.default\">\n\t\t\t\t<div class=\"elementor-widget-container\">\n\t\t\t\t\t\t\t\t\t<div data-page-id=\"NKUOdHU5AorUHjx01y2cSQIan2d\" data-lark-html-role=\"root\" data-docx-has-block-data=\"false\"><div class=\"ace-line ace-line old-record-id-BXtKdbzf7oeYgOxtHsJcg8WLnlh\">Bei der Tattooentfernung mit Laser werden ultrakurze Impulse (eine Billionstel Sekunde lang) verwendet, um Melanin mit starkem Druck zu beeinflussen, wodurch das Melanin in winzige staub\u00e4hnliche Partikel zerf\u00e4llt. Da diese Partikel so klein sind, werden sie leichter vom K\u00f6rper aufgenommen und entfernt, was eine bessere Melaninentfernung und insgesamt weniger Behandlungen bedeutet.<\/div><\/div>\t\t\t\t\t\t\t\t<\/div>\n\t\t\t\t<\/div>\n\t\t\t\t<\/div>\n\t\t<div class=\"elementor-element elementor-element-4d908ad e-con-full e-flex e-con e-child\" data-id=\"4d908ad\" data-element_type=\"container\">\n\t\t\t\t<div class=\"elementor-element elementor-element-8f050b3 elementor-widget elementor-widget-image\" data-id=\"8f050b3\" data-element_type=\"widget\" data-widget_type=\"image.default\">\n\t\t\t\t<div class=\"elementor-widget-container\">\n\t\t\t\t\t\t\t\t\t\t\t\t<figure class=\"wp-caption\">\n\t\t\t\t\t\t\t\t\t\t<img fetchpriority=\"high\" decoding=\"async\" width=\"800\" height=\"255\" src=\"https:\/\/delyava.com\/wp-content\/uploads\/2025\/02\/How-the-Picosecond-Laser-Works-1024x326.png\" class=\"attachment-large size-large wp-image-10359\" alt=\"So funktioniert die Picosure-Tattooentfernung mit dem Laser\" srcset=\"https:\/\/delyava.com\/wp-content\/uploads\/2025\/02\/How-the-Picosecond-Laser-Works-1024x326.png 1024w, https:\/\/delyava.com\/wp-content\/uploads\/2025\/02\/How-the-Picosecond-Laser-Works-300x96.png 300w, https:\/\/delyava.com\/wp-content\/uploads\/2025\/02\/How-the-Picosecond-Laser-Works-768x245.png 768w, https:\/\/delyava.com\/wp-content\/uploads\/2025\/02\/How-the-Picosecond-Laser-Works-18x6.png 18w, https:\/\/delyava.com\/wp-content\/uploads\/2025\/02\/How-the-Picosecond-Laser-Works-600x191.png 600w, https:\/\/delyava.com\/wp-content\/uploads\/2025\/02\/How-the-Picosecond-Laser-Works.png 1444w\" sizes=\"(max-width: 800px) 100vw, 800px\" \/>\t\t\t\t\t\t\t\t\t\t\t<figcaption class=\"widget-image-caption wp-caption-text\">So funktioniert die Picosure-Tattooentfernung mit dem Laser<\/figcaption>\n\t\t\t\t\t\t\t\t\t\t<\/figure>\n\t\t\t\t\t\t\t\t\t<\/div>\n\t\t\t\t<\/div>\n\t\t\t\t<\/div>\n\t\t\t\t\t<\/div>\n\t\t\t\t<\/div>\n\t\t<div class=\"elementor-element elementor-element-1e43b56 e-flex e-con-boxed e-con e-parent\" data-id=\"1e43b56\" data-element_type=\"container\">\n\t\t\t\t\t<div class=\"e-con-inner\">\n\t\t\t\t<div class=\"elementor-element elementor-element-0481fb4 elementor-widget elementor-widget-heading\" data-id=\"0481fb4\" data-element_type=\"widget\" data-widget_type=\"heading.default\">\n\t\t\t\t<div class=\"elementor-widget-container\">\n\t\t\t\t\t<h2 class=\"elementor-heading-title elementor-size-default\">Anzeige von Teilen zur Tattooentfernung per Laser<\/h2>\t\t\t\t<\/div>\n\t\t\t\t<\/div>\n\t\t\t\t\t<\/div>\n\t\t\t\t<\/div>\n\t\t<div class=\"elementor-element elementor-element-80198ba e-flex e-con-boxed e-con e-parent\" data-id=\"80198ba\" data-element_type=\"container\">\n\t\t\t\t\t<div class=\"e-con-inner\">\n\t\t\t\t<div class=\"elementor-element elementor-element-8c70c66 elementor-widget elementor-widget-image\" data-id=\"8c70c66\" data-element_type=\"widget\" data-widget_type=\"image.default\">\n\t\t\t\t<div class=\"elementor-widget-container\">\n\t\t\t\t\t\t\t\t\t\t\t\t\t\t\t<img decoding=\"async\" width=\"750\" height=\"750\" src=\"https:\/\/delyava.com\/wp-content\/uploads\/2025\/02\/handle-display.jpg\" class=\"attachment-large size-large wp-image-10372\" alt=\"Griffanzeige\" srcset=\"https:\/\/delyava.com\/wp-content\/uploads\/2025\/02\/handle-display.jpg 750w, https:\/\/delyava.com\/wp-content\/uploads\/2025\/02\/handle-display-300x300.jpg 300w, https:\/\/delyava.com\/wp-content\/uploads\/2025\/02\/handle-display-150x150.jpg 150w, https:\/\/delyava.com\/wp-content\/uploads\/2025\/02\/handle-display-12x12.jpg 12w, https:\/\/delyava.com\/wp-content\/uploads\/2025\/02\/handle-display-600x600.jpg 600w, https:\/\/delyava.com\/wp-content\/uploads\/2025\/02\/handle-display-100x100.jpg 100w\" sizes=\"(max-width: 750px) 100vw, 750px\" \/>\t\t\t\t\t\t\t\t\t\t\t\t\t\t\t<\/div>\n\t\t\t\t<\/div>\n\t\t\t\t<div class=\"elementor-element elementor-element-49b096e elementor-widget elementor-widget-image\" data-id=\"49b096e\" data-element_type=\"widget\" data-widget_type=\"image.default\">\n\t\t\t\t<div class=\"elementor-widget-container\">\n\t\t\t\t\t\t\t\t\t\t\t\t\t\t\t<img decoding=\"async\" width=\"750\" height=\"750\" src=\"https:\/\/delyava.com\/wp-content\/uploads\/2025\/02\/arm-display.jpg\" class=\"attachment-large size-large wp-image-10373\" alt=\"Armanzeige\" srcset=\"https:\/\/delyava.com\/wp-content\/uploads\/2025\/02\/arm-display.jpg 750w, https:\/\/delyava.com\/wp-content\/uploads\/2025\/02\/arm-display-300x300.jpg 300w, https:\/\/delyava.com\/wp-content\/uploads\/2025\/02\/arm-display-150x150.jpg 150w, https:\/\/delyava.com\/wp-content\/uploads\/2025\/02\/arm-display-12x12.jpg 12w, https:\/\/delyava.com\/wp-content\/uploads\/2025\/02\/arm-display-600x600.jpg 600w, https:\/\/delyava.com\/wp-content\/uploads\/2025\/02\/arm-display-100x100.jpg 100w\" sizes=\"(max-width: 750px) 100vw, 750px\" \/>\t\t\t\t\t\t\t\t\t\t\t\t\t\t\t<\/div>\n\t\t\t\t<\/div>\n\t\t\t\t\t<\/div>\n\t\t\t\t<\/div>\n\t\t<div class=\"elementor-element elementor-element-a179326 e-flex e-con-boxed e-con e-parent\" data-id=\"a179326\" data-element_type=\"container\">\n\t\t\t\t\t<div class=\"e-con-inner\">\n\t\t\t\t<div class=\"elementor-element elementor-element-d1a242f elementor-widget elementor-widget-heading\" data-id=\"d1a242f\" data-element_type=\"widget\" data-widget_type=\"heading.default\">\n\t\t\t\t<div class=\"elementor-widget-container\">\n\t\t\t\t\t<h2 class=\"elementor-heading-title elementor-size-default\"> Anwendungen zur Tattooentfernung<\/h2>\t\t\t\t<\/div>\n\t\t\t\t<\/div>\n\t\t\t\t\t<\/div>\n\t\t\t\t<\/div>\n\t\t<div class=\"elementor-element elementor-element-8a52342 e-flex e-con-boxed e-con e-parent\" data-id=\"8a52342\" data-element_type=\"container\">\n\t\t\t\t\t<div class=\"e-con-inner\">\n\t\t\t\t<div class=\"elementor-element elementor-element-f0b0afb elementor-widget elementor-widget-text-editor\" data-id=\"f0b0afb\" data-element_type=\"widget\" data-widget_type=\"text-editor.default\">\n\t\t\t\t<div class=\"elementor-widget-container\">\n\t\t\t\t\t\t\t\t\t<ul><li><p>Entfernung verschiedener Augenbrauenformen, Augenbrauenstickereien, Tattoos, Eyeliner und Lipliner.<\/p><\/li><li><p>Effektive Entfernung von T\u00e4towierungen in Rot, Blau, Braun, Hellbraun und allen anderen Farben.<\/p><\/li><li><p>Behandlung von Pigmentst\u00f6rungen wie Chloasma, Hautflecken, Altersflecken, Muttermalen und Ota-N\u00e4vus.<\/p><\/li><\/ul>\t\t\t\t\t\t\t\t<\/div>\n\t\t\t\t<\/div>\n\t\t\t\t<div class=\"elementor-element elementor-element-0fc7d6d elementor-widget elementor-widget-image\" data-id=\"0fc7d6d\" data-element_type=\"widget\" data-widget_type=\"image.default\">\n\t\t\t\t<div class=\"elementor-widget-container\">\n\t\t\t\t\t\t\t\t\t\t\t\t\t\t\t<img loading=\"lazy\" decoding=\"async\" width=\"750\" height=\"750\" src=\"https:\/\/delyava.com\/wp-content\/uploads\/2025\/02\/Applications.jpg\" class=\"attachment-large size-large wp-image-10377\" alt=\"Anwendungen\" srcset=\"https:\/\/delyava.com\/wp-content\/uploads\/2025\/02\/Applications.jpg 750w, https:\/\/delyava.com\/wp-content\/uploads\/2025\/02\/Applications-300x300.jpg 300w, https:\/\/delyava.com\/wp-content\/uploads\/2025\/02\/Applications-150x150.jpg 150w, https:\/\/delyava.com\/wp-content\/uploads\/2025\/02\/Applications-12x12.jpg 12w, https:\/\/delyava.com\/wp-content\/uploads\/2025\/02\/Applications-600x600.jpg 600w, https:\/\/delyava.com\/wp-content\/uploads\/2025\/02\/Applications-100x100.jpg 100w\" sizes=\"(max-width: 750px) 100vw, 750px\" \/>\t\t\t\t\t\t\t\t\t\t\t\t\t\t\t<\/div>\n\t\t\t\t<\/div>\n\t\t\t\t\t<\/div>\n\t\t\t\t<\/div>\n\t\t<div class=\"elementor-element elementor-element-1a5fb2b e-flex e-con-boxed e-con e-parent\" data-id=\"1a5fb2b\" data-element_type=\"container\">\n\t\t\t\t\t<div class=\"e-con-inner\">\n\t\t\t\t<div class=\"elementor-element elementor-element-aff06ca elementor-widget elementor-widget-heading\" data-id=\"aff06ca\" data-element_type=\"widget\" data-widget_type=\"heading.default\">\n\t\t\t\t<div class=\"elementor-widget-container\">\n\t\t\t\t\t<h2 class=\"elementor-heading-title elementor-size-default\">Traditioneller VS. Pikosekundenlaser<\/h2>\t\t\t\t<\/div>\n\t\t\t\t<\/div>\n\t\t\t\t\t<\/div>\n\t\t\t\t<\/div>\n\t\t<div class=\"elementor-element elementor-element-f05c5ff e-flex e-con-boxed e-con e-parent\" data-id=\"f05c5ff\" data-element_type=\"container\">\n\t\t\t\t\t<div class=\"e-con-inner\">\n\t\t\t\t<div class=\"elementor-element elementor-element-318ea58 elementor-widget elementor-widget-image\" data-id=\"318ea58\" data-element_type=\"widget\" data-widget_type=\"image.default\">\n\t\t\t\t<div class=\"elementor-widget-container\">\n\t\t\t\t\t\t\t\t\t\t\t\t\t\t\t<img loading=\"lazy\" decoding=\"async\" width=\"800\" height=\"336\" src=\"https:\/\/delyava.com\/wp-content\/uploads\/2025\/02\/TRADITIONAL-LASERVS-PICOSECOND-LASER-1024x430.jpeg\" class=\"attachment-large size-large wp-image-10382\" alt=\"Traditioneller VS. Pikosekundenlader\" srcset=\"https:\/\/delyava.com\/wp-content\/uploads\/2025\/02\/TRADITIONAL-LASERVS-PICOSECOND-LASER-1024x430.jpeg 1024w, https:\/\/delyava.com\/wp-content\/uploads\/2025\/02\/TRADITIONAL-LASERVS-PICOSECOND-LASER-300x126.jpeg 300w, https:\/\/delyava.com\/wp-content\/uploads\/2025\/02\/TRADITIONAL-LASERVS-PICOSECOND-LASER-768x322.jpeg 768w, https:\/\/delyava.com\/wp-content\/uploads\/2025\/02\/TRADITIONAL-LASERVS-PICOSECOND-LASER-1536x644.jpeg 1536w, https:\/\/delyava.com\/wp-content\/uploads\/2025\/02\/TRADITIONAL-LASERVS-PICOSECOND-LASER-2048x859.jpeg 2048w, https:\/\/delyava.com\/wp-content\/uploads\/2025\/02\/TRADITIONAL-LASERVS-PICOSECOND-LASER-18x8.jpeg 18w, https:\/\/delyava.com\/wp-content\/uploads\/2025\/02\/TRADITIONAL-LASERVS-PICOSECOND-LASER-600x252.jpeg 600w\" sizes=\"(max-width: 800px) 100vw, 800px\" \/>\t\t\t\t\t\t\t\t\t\t\t\t\t\t\t<\/div>\n\t\t\t\t<\/div>\n\t\t\t\t<div class=\"elementor-element elementor-element-dcb4b97 elementor-widget elementor-widget-text-editor\" data-id=\"dcb4b97\" data-element_type=\"widget\" data-widget_type=\"text-editor.default\">\n\t\t\t\t<div class=\"elementor-widget-container\">\n\t\t\t\t\t\t\t\t\t<ul><li>Traditioneller Laser:<\/li><\/ul><p>Herk\u00f6mmliche Laser basieren haupts\u00e4chlich auf der photothermischen Wirkung und geben W\u00e4rme an das Pigment und das umgebende Gewebe ab.<\/p><ul><li>Pikosekundenlaser:<\/li><\/ul><p>Picosecond nutzt die Druckwellentechnologie, um die Zieltinte in winzige Partikel zu zertr\u00fcmmern, die vom K\u00f6rper leicht ausgeschieden werden k\u00f6nnen.<\/p>\t\t\t\t\t\t\t\t<\/div>\n\t\t\t\t<\/div>\n\t\t\t\t\t<\/div>\n\t\t\t\t<\/div>\n\t\t<div class=\"elementor-element elementor-element-fdd66de e-flex e-con-boxed e-con e-parent\" data-id=\"fdd66de\" data-element_type=\"container\">\n\t\t\t\t\t<div class=\"e-con-inner\">\n\t\t\t\t<div class=\"elementor-element elementor-element-897b375 elementor-widget elementor-widget-heading\" data-id=\"897b375\" data-element_type=\"widget\" data-widget_type=\"heading.default\">\n\t\t\t\t<div class=\"elementor-widget-container\">\n\t\t\t\t\t<h2 class=\"elementor-heading-title elementor-size-default\">Tattoo-Laserbehandlung vor und nach der Behandlung<\/h2>\t\t\t\t<\/div>\n\t\t\t\t<\/div>\n\t\t\t\t\t<\/div>\n\t\t\t\t<\/div>\n\t\t<div class=\"elementor-element elementor-element-384a353 e-flex e-con-boxed e-con e-parent\" data-id=\"384a353\" data-element_type=\"container\">\n\t\t\t\t\t<div class=\"e-con-inner\">\n\t\t\t\t<div class=\"elementor-element elementor-element-045568b elementor-widget__width-initial elementor-widget elementor-widget-image\" data-id=\"045568b\" data-element_type=\"widget\" data-widget_type=\"image.default\">\n\t\t\t\t<div class=\"elementor-widget-container\">\n\t\t\t\t\t\t\t\t\t\t\t\t\t\t\t<img loading=\"lazy\" decoding=\"async\" width=\"760\" height=\"513\" src=\"https:\/\/delyava.com\/wp-content\/uploads\/2025\/02\/Picosecond-Laser-before-and-after.png\" class=\"attachment-large size-large wp-image-10387\" alt=\"Pikosekundenlaser vor und nach\" srcset=\"https:\/\/delyava.com\/wp-content\/uploads\/2025\/02\/Picosecond-Laser-before-and-after.png 760w, https:\/\/delyava.com\/wp-content\/uploads\/2025\/02\/Picosecond-Laser-before-and-after-300x203.png 300w, https:\/\/delyava.com\/wp-content\/uploads\/2025\/02\/Picosecond-Laser-before-and-after-18x12.png 18w, https:\/\/delyava.com\/wp-content\/uploads\/2025\/02\/Picosecond-Laser-before-and-after-600x405.png 600w\" sizes=\"(max-width: 760px) 100vw, 760px\" \/>\t\t\t\t\t\t\t\t\t\t\t\t\t\t\t<\/div>\n\t\t\t\t<\/div>\n\t\t\t\t<div class=\"elementor-element elementor-element-df8bfc6 elementor-widget elementor-widget-text-editor\" data-id=\"df8bfc6\" data-element_type=\"widget\" data-widget_type=\"text-editor.default\">\n\t\t\t\t<div class=\"elementor-widget-container\">\n\t\t\t\t\t\t\t\t\t<p><strong>1.Hochwirksame Tattoo-Entfernung<\/strong><\/p><ul><li><p><strong>Schneller Pigmentabbau<\/strong>: Die ultrakurzen Impulse des Pikosekundenlasers zertr\u00fcmmern die Tattoo-Pigmentpartikel augenblicklich in winzige Fragmente.<\/p><\/li><li><p><strong>Geeignet f\u00fcr mehrere Farben<\/strong>: Wirksam bei der Entfernung von T\u00e4towierungen verschiedener Farben, einschlie\u00dflich Schwarz, Blau, Gr\u00fcn und Rot.<\/p><\/li><\/ul><p><strong>2. Reduzierte Anzahl von Behandlungen<\/strong><\/p><ul><li><p><strong>Im Vergleich zu herk\u00f6mmlichen Lasern<\/strong>: Bei herk\u00f6mmlichen Lasern sind 5\u201310 Sitzungen erforderlich, w\u00e4hrend bei Pikosekundenlasern normalerweise nur 2\u20134 Sitzungen erforderlich sind, um T\u00e4towierungen deutlich verblassen zu lassen oder zu entfernen.<\/p><\/li><li><p><strong>Zeitsparend<\/strong>: K\u00fcrzere Behandlungszyklen und schnellere Genesung.<\/p><\/li><\/ul>\t\t\t\t\t\t\t\t<\/div>\n\t\t\t\t<\/div>\n\t\t\t\t\t<\/div>\n\t\t\t\t<\/div>\n\t\t<div class=\"elementor-element elementor-element-e741634 e-flex e-con-boxed e-con e-parent\" data-id=\"e741634\" data-element_type=\"container\">\n\t\t\t\t\t<div class=\"e-con-inner\">\n\t\t\t\t<div class=\"elementor-element elementor-element-e042ac3 elementor-widget elementor-widget-heading\" data-id=\"e042ac3\" data-element_type=\"widget\" data-widget_type=\"heading.default\">\n\t\t\t\t<div class=\"elementor-widget-container\">\n\t\t\t\t\t<h4 class=\"elementor-heading-title elementor-size-default\">Parameter des Pico-Laser-Tattooentfernungsger\u00e4ts<\/h4>\t\t\t\t<\/div>\n\t\t\t\t<\/div>\n\t\t\t\t<div class=\"elementor-element elementor-element-0298e5b elementor-widget elementor-widget-text-editor\" data-id=\"0298e5b\" data-element_type=\"widget\" data-widget_type=\"text-editor.default\">\n\t\t\t\t<div class=\"elementor-widget-container\">\n\t\t\t\t\t\t\t\t\t<table><colgroup><col width=\"191\" \/><col width=\"295\" \/><\/colgroup><tbody><tr><td>Technische Parameter<\/td><td>Details<\/td><\/tr><tr><td>Beschreibung<\/td><td>Pikosekundenlaser<\/td><\/tr><tr><td>Stromspannung<\/td><td>110 V \u2013 240 V, 50 Hz\/60 Hz<\/td><\/tr><tr><td>Ausgangsleistung<\/td><td>2000 W<\/td><\/tr><tr><td>Laserwellenl\u00e4nge<\/td><td>755 nm + 1064 nm + 532 nm<\/td><\/tr><tr><td>755 nm Energie<\/td><td>50 \u2013 2000 mJ (einstellbar)<\/td><\/tr><tr><td>1064 nm Energie<\/td><td>50 \u2013 2000 mJ (einstellbar)<\/td><\/tr><tr><td>532 nm Energie<\/td><td>50 \u2013 2000 mJ (einstellbar)<\/td><\/tr><tr><td>Lichtfleckdurchmesser<\/td><td>2 \u2013 10 mm (einstellbar)<\/td><\/tr><tr><td>Frequenz<\/td><td>1 \u2013 20 Hz (einstellbar)<\/td><\/tr><tr><td>Impulsbreite<\/td><td>2000 PS<\/td><\/tr><tr><td>K\u00fchlsystem<\/td><td>Luft + Wasser + Halbleitermodul<\/td><\/tr><tr><td>Anzeige des Ziellichts<\/td><td>Rotes Halbleiter-Ziellicht<\/td><\/tr><tr><td>Impulsbreite<\/td><td>500 \u2013 750 PS<\/td><\/tr><tr><td>Lichtleitarm<\/td><td>Aus S\u00fcdkorea importiert<\/td><\/tr><tr><td>Verpackung<\/td><td>Geh\u00e4use aus Aluminiumlegierung<\/td><\/tr><\/tbody><\/table><p>\u00a0<\/p>\t\t\t\t\t\t\t\t<\/div>\n\t\t\t\t<\/div>\n\t\t\t\t\t<\/div>\n\t\t\t\t<\/div>\n\t\t<div class=\"elementor-element elementor-element-9b6194f e-flex e-con-boxed e-con e-parent\" data-id=\"9b6194f\" data-element_type=\"container\">\n\t\t\t\t\t<div class=\"e-con-inner\">\n\t\t<div class=\"elementor-element elementor-element-5b9bc99 e-con-full e-flex e-con e-child\" data-id=\"5b9bc99\" data-element_type=\"container\">\n\t\t\t\t<div class=\"elementor-element elementor-element-aa3be0d elementor-widget elementor-widget-heading\" data-id=\"aa3be0d\" data-element_type=\"widget\" data-widget_type=\"heading.default\">\n\t\t\t\t<div class=\"elementor-widget-container\">\n\t\t\t\t\t<h4 class=\"elementor-heading-title elementor-size-default\">FAQ<\/h4>\t\t\t\t<\/div>\n\t\t\t\t<\/div>\n\t\t\t\t<div class=\"elementor-element elementor-element-6e748f3 elementor-widget elementor-widget-text-editor\" data-id=\"6e748f3\" data-element_type=\"widget\" data-widget_type=\"text-editor.default\">\n\t\t\t\t<div class=\"elementor-widget-container\">\n\t\t\t\t\t\t\t\t\t<div data-page-id=\"NKUOdHU5AorUHjx01y2cSQIan2d\" data-lark-html-role=\"root\" data-docx-has-block-data=\"false\"><div class=\"ace-line ace-line old-record-id-Opuida6qEoXcaqxP36IcN25VnKd\"><strong>1. Ich habe Angst vor Schmerzen. Ist die Tattooentfernung mit dem Pikosekundenlaser schmerzhaft? Wie lange dauert jede Behandlung?<\/strong><\/div><div class=\"ace-line ace-line old-record-id-Q9WndPv7wogl61xKt7BcusWQnyc\">W\u00e4hrend der Behandlung wird ein leichtes Kribbeln und W\u00e4rmegef\u00fchl auftreten. Das Gef\u00fchl wird in Bereichen mit st\u00e4rkerer Pigmentverteilung st\u00e4rker ausgepr\u00e4gt sein. Je nach Indikation und Dosierung der Behandlung kann Ihr Arzt die Verwendung geeigneter lokaler An\u00e4sthesiecremes und K\u00fchlger\u00e4te empfehlen, um Beschwerden zu lindern. Die typische Behandlungszeit betr\u00e4gt etwa 5 bis 15 Minuten, abh\u00e4ngig von der Gr\u00f6\u00dfe des zu behandelnden Bereichs und dem Hautproblem.<\/div><div class=\"ace-line ace-line old-record-id-Qmuyd2bu7oZgsQxQzfOcPcjDnuh\"><strong>2. Ich habe zu viele Behandlungen f\u00fcr meine Flecken gehabt. Bekomme ich Narben, wenn ich noch einmal zur Entfernung meines Gesichtstattoos gehe?<\/strong><\/div><div class=\"ace-line ace-line old-record-id-QIs1dAU5zo2pKGx6jvBcrEDDnqd\">Die Pikosekundentechnologie des Pikosekundenlasers erfordert f\u00fcr eine effektive Behandlung nur 1\/3 \u2013 1\/2 der Dosis eines normalen Lasers, das Gewebe wird mit einer geringeren Stimulationsdosis versorgt, das Trauma ist verh\u00e4ltnism\u00e4\u00dfig gering, die Wahrscheinlichkeit einer Wundbildung ist geringer und auch die Wahrscheinlichkeit einer Narbenbildung ist gering.<\/div><div class=\"ace-line ace-line old-record-id-Xwa3dJJYdoMjqsx9jaqcQPL2nyc\"><strong>3. Ist die Entfernung von Augenbrauen-Tattoos wirksam?<\/strong><\/div><div class=\"ace-line ace-line old-record-id-ZUTCdcRgKouXIYx3qpPcOoQ3n8c\">Derzeit ist die Wirkung der Verwendung eines Pikosekundenlasers zur Tattooentfernung besonders bemerkenswert. Es entsteht kein thermischer Schaden am umliegenden Gewebe, sodass keine Narben entstehen.<\/div><div class=\"ace-line ace-line old-record-id-I88gdtKNJoErkGx8IDbca0msngd\"><strong>4. Ich habe geh\u00f6rt, dass bei einer Laserbehandlung leicht schwarze Flecken auf der R\u00fcckseite entstehen. Tritt bei der Augenbrauen-Tattooentfernung mit Laser auch das Problem auf, dass schwarze Flecken auf der R\u00fcckseite entstehen?<\/strong><\/div><div class=\"ace-line ace-line old-record-id-IWXdd4xJeoWe8DxPiKycq6tMnxc\">Die Energiefokussierungssonde des Pikosekundenlasers verf\u00fcgt \u00fcber eine \u201eWabenlinse\u201c. Durch die sofortige Wirkung kann eine \u00dcberstimulation verringert werden. Dar\u00fcber hinaus kann ein Pikosekundenlaser Pigmentpartikel schneller aufbrechen als ein herk\u00f6mmlicher Laser (Tuning-Q-Laser). Dies verringert thermische Sch\u00e4den und sch\u00fctzt die Melaninzellen im Gewebe vor \u00dcberstimulation, wodurch die lang anhaltenden R\u00f6tungsprobleme normaler Zellen nach der Stimulation erheblich verringert werden k\u00f6nnen.<\/div><\/div>\t\t\t\t\t\t\t\t<\/div>\n\t\t\t\t<\/div>\n\t\t\t\t<\/div>\n\t\t\t\t\t<\/div>\n\t\t\t\t<\/div>\n\t\t\t\t<\/div>","protected":false},"excerpt":{"rendered":"<div data-page-id=\"NKUOdHU5AorUHjx01y2cSQIan2d\" data-lark-html-role=\"root\" data-docx-has-block-data=\"false\">\n<ul>\n<li><strong>High-Tech<\/strong>: Verwendet eine Wabenfokussierungstechnologie zur Vakuolisierung der Haut und sorgt so f\u00fcr minimale Hautsch\u00e4den.<\/li>\n<li><strong>Schnell &amp; Effektiv<\/strong>: Reduziert die Anzahl der Sitzungen zur Tattoo-\/Pigmententfernung von 5\u201310 auf 2\u20134, wodurch die Behandlungs- und Erholungszeit mit sichtbaren Ergebnissen verk\u00fcrzt wird.<\/li>\n<li><strong>Komfortabel und sicher<\/strong>: Durch pr\u00e4zises Zielen werden Pigmente und T\u00e4towierungen effektiv entfernt und gleichzeitig die Hautsch\u00e4den minimiert.<\/li>\n<li><strong>Keine Melaninablagerung<\/strong>: Ultrakurze Impulse zerlegen Melanin in winzige Partikel, sodass es leichter aufgenommen werden kann und Schwellungen und Pigmentierung nach der Behandlung reduziert werden.<\/li>\n<\/ul>\n<\/div>","protected":false},"featured_media":10344,"template":"","meta":{"_seopress_robots_primary_cat":"none","_seopress_titles_title":"","_seopress_titles_desc":"","_seopress_robots_index":""},"product_brand":[],"product_cat":[34],"product_tag":[],"class_list":{"0":"post-10343","1":"product","2":"type-product","3":"status-publish","4":"has-post-thumbnail","6":"product_cat-laser-tattoo-removal","8":"first","9":"instock","10":"shipping-taxable","11":"product-type-simple"},"_links":{"self":[{"href":"https:\/\/delyava.com\/de\/wp-json\/wp\/v2\/product\/10343","targetHints":{"allow":["GET"]}}],"collection":[{"href":"https:\/\/delyava.com\/de\/wp-json\/wp\/v2\/product"}],"about":[{"href":"https:\/\/delyava.com\/de\/wp-json\/wp\/v2\/types\/product"}],"version-history":[{"count":1,"href":"https:\/\/delyava.com\/de\/wp-json\/wp\/v2\/product\/10343\/revisions"}],"predecessor-version":[{"id":15907,"href":"https:\/\/delyava.com\/de\/wp-json\/wp\/v2\/product\/10343\/revisions\/15907"}],"wp:featuredmedia":[{"embeddable":true,"href":"https:\/\/delyava.com\/de\/wp-json\/wp\/v2\/media\/10344"}],"wp:attachment":[{"href":"https:\/\/delyava.com\/de\/wp-json\/wp\/v2\/media?parent=10343"}],"wp:term":[{"taxonomy":"product_brand","embeddable":true,"href":"https:\/\/delyava.com\/de\/wp-json\/wp\/v2\/product_brand?post=10343"},{"taxonomy":"product_cat","embeddable":true,"href":"https:\/\/delyava.com\/de\/wp-json\/wp\/v2\/product_cat?post=10343"},{"taxonomy":"product_tag","embeddable":true,"href":"https:\/\/delyava.com\/de\/wp-json\/wp\/v2\/product_tag?post=10343"}],"curies":[{"name":"wp","href":"https:\/\/api.w.org\/{rel}","templated":true}]}}