{"id":3496,"date":"2024-08-23T16:24:21","date_gmt":"2024-08-23T08:24:21","guid":{"rendered":"https:\/\/delyava.com\/?page_id=3496"},"modified":"2025-03-27T17:25:00","modified_gmt":"2025-03-27T09:25:00","slug":"modernized-factory-facilities","status":"publish","type":"page","link":"https:\/\/delyava.com\/de\/modernized-factory-facilities\/","title":{"rendered":"Modernisierte Fabrikanlagen"},"content":{"rendered":"<div data-elementor-type=\"wp-page\" data-elementor-id=\"3496\" class=\"elementor elementor-3496\" data-elementor-post-type=\"page\">\n\t\t\t\t<div class=\"elementor-element elementor-element-6988d85 e-flex e-con-boxed e-con e-parent\" data-id=\"6988d85\" data-element_type=\"container\">\n\t\t\t\t\t<div class=\"e-con-inner\">\n\t\t<div class=\"elementor-element elementor-element-4dd3bf8 e-con-full e-flex e-con e-child\" data-id=\"4dd3bf8\" data-element_type=\"container\" data-settings=\"{&quot;background_background&quot;:&quot;classic&quot;}\">\n\t\t<div class=\"elementor-element elementor-element-e09f5c9 e-con-full e-flex e-con e-child\" data-id=\"e09f5c9\" data-element_type=\"container\">\n\t\t\t\t<div class=\"elementor-element elementor-element-4b7debc elementor-widget elementor-widget-heading\" data-id=\"4b7debc\" data-element_type=\"widget\" data-widget_type=\"heading.default\">\n\t\t\t\t<div class=\"elementor-widget-container\">\n\t\t\t\t\t<h1 class=\"elementor-heading-title elementor-size-default\">Modernisierte Fabrik<\/h1>\t\t\t\t<\/div>\n\t\t\t\t<\/div>\n\t\t\t\t<\/div>\n\t\t\t\t<\/div>\n\t\t\t\t\t<\/div>\n\t\t\t\t<\/div>\n\t\t<div class=\"elementor-element elementor-element-16294c1 e-flex e-con-boxed e-con e-parent\" data-id=\"16294c1\" data-element_type=\"container\">\n\t\t\t\t\t<div class=\"e-con-inner\">\n\t\t<div class=\"elementor-element elementor-element-d7113d7 e-con-full e-flex e-con e-child\" data-id=\"d7113d7\" data-element_type=\"container\">\n\t\t<div class=\"elementor-element elementor-element-f020e2b e-con-full e-flex e-con e-child\" data-id=\"f020e2b\" data-element_type=\"container\">\n\t\t\t\t<div class=\"elementor-element elementor-element-28cc441 elementor-widget elementor-widget-heading\" data-id=\"28cc441\" data-element_type=\"widget\" data-widget_type=\"heading.default\">\n\t\t\t\t<div class=\"elementor-widget-container\">\n\t\t\t\t\t<h2 class=\"elementor-heading-title elementor-size-default\">Delya-Produktion in Zahlen<\/h2>\t\t\t\t<\/div>\n\t\t\t\t<\/div>\n\t\t\t\t<div class=\"elementor-element elementor-element-dbbbc40 elementor-widget elementor-widget-text-editor\" data-id=\"dbbbc40\" data-element_type=\"widget\" data-widget_type=\"text-editor.default\">\n\t\t\t\t<div class=\"elementor-widget-container\">\n\t\t\t\t\t\t\t\t\t<p>Dank moderner Produktionslinien und einem Team aus professionellen und erfahrenen Mitarbeitern ist Delya in der Lage, hochwertige Sch\u00f6nheitsger\u00e4te mit gro\u00dfer Effizienz und Pr\u00e4zision herzustellen. Wir sind in der Lage, gro\u00dfe Auftr\u00e4ge schnell zu erf\u00fcllen und stellen dabei immer die Qualit\u00e4t an erste Stelle, ohne dass sich die Menge und Geschwindigkeit der Auftr\u00e4ge negativ auf die Qualit\u00e4t des Produkts auswirken.<\/p>\t\t\t\t\t\t\t\t<\/div>\n\t\t\t\t<\/div>\n\t\t\t\t<\/div>\n\t\t<div class=\"elementor-element elementor-element-a36862a e-con-full e-flex e-con e-child\" data-id=\"a36862a\" data-element_type=\"container\" data-settings=\"{&quot;background_background&quot;:&quot;classic&quot;}\">\n\t\t\t\t<div class=\"elementor-element elementor-element-22d43ab elementor-widget elementor-widget-counter\" data-id=\"22d43ab\" data-element_type=\"widget\" data-widget_type=\"counter.default\">\n\t\t\t\t<div class=\"elementor-widget-container\">\n\t\t\t\t\t\t\t<div class=\"elementor-counter\">\n\t\t\t<div class=\"elementor-counter-title\">Werksbereich<\/div>\t\t\t<div class=\"elementor-counter-number-wrapper\">\n\t\t\t\t<span class=\"elementor-counter-number-prefix\"><\/span>\n\t\t\t\t<span class=\"elementor-counter-number\" data-duration=\"\" data-to-value=\"2000\" data-from-value=\"0\" data-delimiter=\",\">0<\/span>\n\t\t\t\t<span class=\"elementor-counter-number-suffix\">\u33a1<\/span>\n\t\t\t<\/div>\n\t\t<\/div>\n\t\t\t\t\t\t<\/div>\n\t\t\t\t<\/div>\n\t\t\t\t<div class=\"elementor-element elementor-element-a963d45 elementor-widget elementor-widget-counter\" data-id=\"a963d45\" data-element_type=\"widget\" data-widget_type=\"counter.default\">\n\t\t\t\t<div class=\"elementor-widget-container\">\n\t\t\t\t\t\t\t<div class=\"elementor-counter\">\n\t\t\t<div class=\"elementor-counter-title\">Mitarbeiter<\/div>\t\t\t<div class=\"elementor-counter-number-wrapper\">\n\t\t\t\t<span class=\"elementor-counter-number-prefix\"><\/span>\n\t\t\t\t<span class=\"elementor-counter-number\" data-duration=\"\" data-to-value=\"300\" data-from-value=\"0\" data-delimiter=\",\">0<\/span>\n\t\t\t\t<span class=\"elementor-counter-number-suffix\">+<\/span>\n\t\t\t<\/div>\n\t\t<\/div>\n\t\t\t\t\t\t<\/div>\n\t\t\t\t<\/div>\n\t\t\t\t<\/div>\n\t\t<div class=\"elementor-element elementor-element-a359b85 e-con-full e-flex e-con e-child\" data-id=\"a359b85\" data-element_type=\"container\" data-settings=\"{&quot;background_background&quot;:&quot;classic&quot;}\">\n\t\t\t\t<div class=\"elementor-element elementor-element-4ea5cc8 elementor-widget elementor-widget-counter\" data-id=\"4ea5cc8\" data-element_type=\"widget\" data-widget_type=\"counter.default\">\n\t\t\t\t<div class=\"elementor-widget-container\">\n\t\t\t\t\t\t\t<div class=\"elementor-counter\">\n\t\t\t<div class=\"elementor-counter-title\">Produktionslinien<\/div>\t\t\t<div class=\"elementor-counter-number-wrapper\">\n\t\t\t\t<span class=\"elementor-counter-number-prefix\"><\/span>\n\t\t\t\t<span class=\"elementor-counter-number\" data-duration=\"\" data-to-value=\"13\" data-from-value=\"0\" data-delimiter=\",\">0<\/span>\n\t\t\t\t<span class=\"elementor-counter-number-suffix\"><\/span>\n\t\t\t<\/div>\n\t\t<\/div>\n\t\t\t\t\t\t<\/div>\n\t\t\t\t<\/div>\n\t\t\t\t<div class=\"elementor-element elementor-element-ea05000 elementor-widget elementor-widget-counter\" data-id=\"ea05000\" data-element_type=\"widget\" data-widget_type=\"counter.default\">\n\t\t\t\t<div class=\"elementor-widget-container\">\n\t\t\t\t\t\t\t<div class=\"elementor-counter\">\n\t\t\t<div class=\"elementor-counter-title\">J\u00e4hrliche Produktionskapazit\u00e4t<\/div>\t\t\t<div class=\"elementor-counter-number-wrapper\">\n\t\t\t\t<span class=\"elementor-counter-number-prefix\"><\/span>\n\t\t\t\t<span class=\"elementor-counter-number\" data-duration=\"\" data-to-value=\"100000\" data-from-value=\"0\" data-delimiter=\",\">0<\/span>\n\t\t\t\t<span class=\"elementor-counter-number-suffix\">+<\/span>\n\t\t\t<\/div>\n\t\t<\/div>\n\t\t\t\t\t\t<\/div>\n\t\t\t\t<\/div>\n\t\t\t\t<\/div>\n\t\t\t\t<\/div>\n\t\t\t\t\t<\/div>\n\t\t\t\t<\/div>\n\t\t<div class=\"elementor-element elementor-element-38f0205 e-flex e-con-boxed e-con e-parent\" data-id=\"38f0205\" data-element_type=\"container\">\n\t\t\t\t\t<div class=\"e-con-inner\">\n\t\t<div class=\"elementor-element elementor-element-5d3cc12 e-con-full e-flex e-con e-child\" data-id=\"5d3cc12\" data-element_type=\"container\">\n\t\t\t\t<div class=\"elementor-element elementor-element-e294e79 elementor-widget elementor-widget-heading\" data-id=\"e294e79\" data-element_type=\"widget\" data-widget_type=\"heading.default\">\n\t\t\t\t<div class=\"elementor-widget-container\">\n\t\t\t\t\t<h2 class=\"elementor-heading-title elementor-size-default\">Unser durchdachtes Facility-System<\/h2>\t\t\t\t<\/div>\n\t\t\t\t<\/div>\n\t\t\t\t<\/div>\n\t\t\t\t<div class=\"elementor-element elementor-element-8af84bd elementor-widget elementor-widget-text-editor\" data-id=\"8af84bd\" data-element_type=\"widget\" data-widget_type=\"text-editor.default\">\n\t\t\t\t<div class=\"elementor-widget-container\">\n\t\t\t\t\t\t\t\t\t<p>Die Arbeiter werden in spezialisierte Teams eingeteilt, die sich effizient auf mehrere Teile gleichzeitig konzentrieren und daran arbeiten k\u00f6nnen. Diese Teams verf\u00fcgen \u00fcber spezialisierte Werkst\u00e4tten, die vollst\u00e4ndig mit Werkzeugen und Ger\u00e4ten ausgestattet sind, um sicherzustellen, dass jederzeit ein hoher Arbeitsstandard eingehalten wird.<\/p>\t\t\t\t\t\t\t\t<\/div>\n\t\t\t\t<\/div>\n\t\t<div class=\"elementor-element elementor-element-1c45ef1 e-con-full e-flex e-con e-child\" data-id=\"1c45ef1\" data-element_type=\"container\">\n\t\t<div class=\"elementor-element elementor-element-71abef9 e-con-full e-flex e-con e-child\" data-id=\"71abef9\" data-element_type=\"container\">\n\t\t\t\t<div class=\"elementor-element elementor-element-056c9d4 elementor-widget elementor-widget-image\" data-id=\"056c9d4\" data-element_type=\"widget\" data-widget_type=\"image.default\">\n\t\t\t\t<div class=\"elementor-widget-container\">\n\t\t\t\t\t\t\t\t\t\t\t\t\t\t\t<img fetchpriority=\"high\" decoding=\"async\" width=\"800\" height=\"600\" src=\"https:\/\/delyava.com\/wp-content\/uploads\/2024\/08\/6dd3901b-a834-4830-b158-935a1c2c7f47-1024x768.jpg\" class=\"attachment-large size-large wp-image-3556\" alt=\"Fabrikhalle\" srcset=\"https:\/\/delyava.com\/wp-content\/uploads\/2024\/08\/6dd3901b-a834-4830-b158-935a1c2c7f47-1024x768.jpg 1024w, https:\/\/delyava.com\/wp-content\/uploads\/2024\/08\/6dd3901b-a834-4830-b158-935a1c2c7f47-300x225.jpg 300w, https:\/\/delyava.com\/wp-content\/uploads\/2024\/08\/6dd3901b-a834-4830-b158-935a1c2c7f47-768x576.jpg 768w, https:\/\/delyava.com\/wp-content\/uploads\/2024\/08\/6dd3901b-a834-4830-b158-935a1c2c7f47-1536x1152.jpg 1536w, https:\/\/delyava.com\/wp-content\/uploads\/2024\/08\/6dd3901b-a834-4830-b158-935a1c2c7f47-2048x1536.jpg 2048w, https:\/\/delyava.com\/wp-content\/uploads\/2024\/08\/6dd3901b-a834-4830-b158-935a1c2c7f47-600x450.jpg 600w\" sizes=\"(max-width: 800px) 100vw, 800px\" \/>\t\t\t\t\t\t\t\t\t\t\t\t\t\t\t<\/div>\n\t\t\t\t<\/div>\n\t\t\t\t<\/div>\n\t\t<div class=\"elementor-element elementor-element-4524825 e-con-full e-flex e-con e-child\" data-id=\"4524825\" data-element_type=\"container\">\n\t\t\t\t<div class=\"elementor-element elementor-element-620b21f elementor-widget elementor-widget-image\" data-id=\"620b21f\" data-element_type=\"widget\" data-widget_type=\"image.default\">\n\t\t\t\t<div class=\"elementor-widget-container\">\n\t\t\t\t\t\t\t\t\t\t\t\t\t\t\t<img decoding=\"async\" width=\"800\" height=\"600\" src=\"https:\/\/delyava.com\/wp-content\/uploads\/2024\/08\/b365acfb-a524-4356-98a1-42a50701950a-1024x768.jpg\" class=\"attachment-large size-large wp-image-3558\" alt=\"Flie\u00dfbandarbeiter\" srcset=\"https:\/\/delyava.com\/wp-content\/uploads\/2024\/08\/b365acfb-a524-4356-98a1-42a50701950a-1024x768.jpg 1024w, https:\/\/delyava.com\/wp-content\/uploads\/2024\/08\/b365acfb-a524-4356-98a1-42a50701950a-300x225.jpg 300w, https:\/\/delyava.com\/wp-content\/uploads\/2024\/08\/b365acfb-a524-4356-98a1-42a50701950a-768x576.jpg 768w, https:\/\/delyava.com\/wp-content\/uploads\/2024\/08\/b365acfb-a524-4356-98a1-42a50701950a-1536x1151.jpg 1536w, https:\/\/delyava.com\/wp-content\/uploads\/2024\/08\/b365acfb-a524-4356-98a1-42a50701950a-2048x1535.jpg 2048w, https:\/\/delyava.com\/wp-content\/uploads\/2024\/08\/b365acfb-a524-4356-98a1-42a50701950a-600x450.jpg 600w\" sizes=\"(max-width: 800px) 100vw, 800px\" \/>\t\t\t\t\t\t\t\t\t\t\t\t\t\t\t<\/div>\n\t\t\t\t<\/div>\n\t\t\t\t<\/div>\n\t\t<div class=\"elementor-element elementor-element-5d8660d e-con-full e-flex e-con e-child\" data-id=\"5d8660d\" data-element_type=\"container\">\n\t\t\t\t<div class=\"elementor-element elementor-element-e625ad8 elementor-widget elementor-widget-image\" data-id=\"e625ad8\" data-element_type=\"widget\" data-widget_type=\"image.default\">\n\t\t\t\t<div class=\"elementor-widget-container\">\n\t\t\t\t\t\t\t\t\t\t\t\t\t\t\t<img decoding=\"async\" width=\"800\" height=\"600\" src=\"https:\/\/delyava.com\/wp-content\/uploads\/2024\/08\/3790e94f-0bde-4a10-a1cc-55741b3fa61a-1024x768.jpg\" class=\"attachment-large size-large wp-image-3559\" alt=\"Ausgestattet mit Montage\" srcset=\"https:\/\/delyava.com\/wp-content\/uploads\/2024\/08\/3790e94f-0bde-4a10-a1cc-55741b3fa61a-1024x768.jpg 1024w, https:\/\/delyava.com\/wp-content\/uploads\/2024\/08\/3790e94f-0bde-4a10-a1cc-55741b3fa61a-300x225.jpg 300w, https:\/\/delyava.com\/wp-content\/uploads\/2024\/08\/3790e94f-0bde-4a10-a1cc-55741b3fa61a-768x576.jpg 768w, https:\/\/delyava.com\/wp-content\/uploads\/2024\/08\/3790e94f-0bde-4a10-a1cc-55741b3fa61a-1536x1152.jpg 1536w, https:\/\/delyava.com\/wp-content\/uploads\/2024\/08\/3790e94f-0bde-4a10-a1cc-55741b3fa61a-2048x1536.jpg 2048w, https:\/\/delyava.com\/wp-content\/uploads\/2024\/08\/3790e94f-0bde-4a10-a1cc-55741b3fa61a-600x450.jpg 600w\" sizes=\"(max-width: 800px) 100vw, 800px\" \/>\t\t\t\t\t\t\t\t\t\t\t\t\t\t\t<\/div>\n\t\t\t\t<\/div>\n\t\t\t\t<\/div>\n\t\t\t\t<\/div>\n\t\t\t\t\t<\/div>\n\t\t\t\t<\/div>\n\t\t<div class=\"elementor-element elementor-element-2ac9fbd e-flex e-con-boxed e-con e-parent\" data-id=\"2ac9fbd\" data-element_type=\"container\">\n\t\t\t\t\t<div class=\"e-con-inner\">\n\t\t<div class=\"elementor-element elementor-element-3b03d19 e-con-full e-flex e-con e-child\" data-id=\"3b03d19\" data-element_type=\"container\">\n\t\t\t\t<div class=\"elementor-element elementor-element-364f844 elementor-widget elementor-widget-heading\" data-id=\"364f844\" data-element_type=\"widget\" data-widget_type=\"heading.default\">\n\t\t\t\t<div class=\"elementor-widget-container\">\n\t\t\t\t\t<h2 class=\"elementor-heading-title elementor-size-default\">Rundum-Werksf\u00fchrung<\/h2>\t\t\t\t<\/div>\n\t\t\t\t<\/div>\n\t\t\t\t<\/div>\n\t\t\t\t<div class=\"elementor-element elementor-element-623704d elementor-widget elementor-widget-text-editor\" data-id=\"623704d\" data-element_type=\"widget\" data-widget_type=\"text-editor.default\">\n\t\t\t\t<div class=\"elementor-widget-container\">\n\t\t\t\t\t\t\t\t\t<p>Wir laden Sie ein, unsere Fabrik direkt zu besuchen. Hier sehen Sie unsere hochmodernen Einrichtungen und k\u00f6nnen den gesamten Produktionsprozess Ihrer ma\u00dfgeschneiderten Sch\u00f6nheitsausr\u00fcstung miterleben. Dank unserer modernen Produktionstechnologie sind wir in der Lage, Maschinen mit hervorragender Leistung und hoher Effizienz herzustellen.<\/p>\t\t\t\t\t\t\t\t<\/div>\n\t\t\t\t<\/div>\n\t\t<div class=\"elementor-element elementor-element-4153d62 e-con-full e-flex e-con e-child\" data-id=\"4153d62\" data-element_type=\"container\">\n\t\t<div class=\"elementor-element elementor-element-a205470 e-con-full e-flex e-con e-child\" data-id=\"a205470\" data-element_type=\"container\">\n\t\t\t\t<div class=\"elementor-element elementor-element-cfc4da5 elementor-widget elementor-widget-image\" data-id=\"cfc4da5\" data-element_type=\"widget\" data-widget_type=\"image.default\">\n\t\t\t\t<div class=\"elementor-widget-container\">\n\t\t\t\t\t\t\t\t\t\t\t\t\t\t\t<img loading=\"lazy\" decoding=\"async\" width=\"800\" height=\"600\" src=\"https:\/\/delyava.com\/wp-content\/uploads\/2025\/03\/help-me-to-generate-a-picture-of-our-factory-whic-1024x768.png\" class=\"attachment-large size-large wp-image-15051\" alt=\"\" srcset=\"https:\/\/delyava.com\/wp-content\/uploads\/2025\/03\/help-me-to-generate-a-picture-of-our-factory-whic-1024x768.png 1024w, https:\/\/delyava.com\/wp-content\/uploads\/2025\/03\/help-me-to-generate-a-picture-of-our-factory-whic-300x225.png 300w, https:\/\/delyava.com\/wp-content\/uploads\/2025\/03\/help-me-to-generate-a-picture-of-our-factory-whic-768x576.png 768w, https:\/\/delyava.com\/wp-content\/uploads\/2025\/03\/help-me-to-generate-a-picture-of-our-factory-whic-16x12.png 16w, https:\/\/delyava.com\/wp-content\/uploads\/2025\/03\/help-me-to-generate-a-picture-of-our-factory-whic-600x450.png 600w, https:\/\/delyava.com\/wp-content\/uploads\/2025\/03\/help-me-to-generate-a-picture-of-our-factory-whic.png 1365w\" sizes=\"(max-width: 800px) 100vw, 800px\" \/>\t\t\t\t\t\t\t\t\t\t\t\t\t\t\t<\/div>\n\t\t\t\t<\/div>\n\t\t\t\t<\/div>\n\t\t<div class=\"elementor-element elementor-element-4748ac5 e-con-full e-flex e-con e-child\" data-id=\"4748ac5\" data-element_type=\"container\">\n\t\t\t\t<div class=\"elementor-element elementor-element-88448c0 elementor-widget elementor-widget-image\" data-id=\"88448c0\" data-element_type=\"widget\" data-widget_type=\"image.default\">\n\t\t\t\t<div class=\"elementor-widget-container\">\n\t\t\t\t\t\t\t\t\t\t\t\t\t\t\t<img loading=\"lazy\" decoding=\"async\" width=\"800\" height=\"600\" src=\"https:\/\/delyava.com\/wp-content\/uploads\/2025\/03\/help-me-to-generate-our-factory-picture-the-pictu-1024x768.png\" class=\"attachment-large size-large wp-image-15058\" alt=\"\" srcset=\"https:\/\/delyava.com\/wp-content\/uploads\/2025\/03\/help-me-to-generate-our-factory-picture-the-pictu-1024x768.png 1024w, https:\/\/delyava.com\/wp-content\/uploads\/2025\/03\/help-me-to-generate-our-factory-picture-the-pictu-300x225.png 300w, https:\/\/delyava.com\/wp-content\/uploads\/2025\/03\/help-me-to-generate-our-factory-picture-the-pictu-768x576.png 768w, https:\/\/delyava.com\/wp-content\/uploads\/2025\/03\/help-me-to-generate-our-factory-picture-the-pictu-16x12.png 16w, https:\/\/delyava.com\/wp-content\/uploads\/2025\/03\/help-me-to-generate-our-factory-picture-the-pictu-600x450.png 600w, https:\/\/delyava.com\/wp-content\/uploads\/2025\/03\/help-me-to-generate-our-factory-picture-the-pictu.png 1365w\" sizes=\"(max-width: 800px) 100vw, 800px\" \/>\t\t\t\t\t\t\t\t\t\t\t\t\t\t\t<\/div>\n\t\t\t\t<\/div>\n\t\t\t\t<\/div>\n\t\t<div class=\"elementor-element elementor-element-22a653d e-con-full e-flex e-con e-child\" data-id=\"22a653d\" data-element_type=\"container\">\n\t\t\t\t<div class=\"elementor-element elementor-element-9b35c26 elementor-widget elementor-widget-image\" data-id=\"9b35c26\" data-element_type=\"widget\" data-widget_type=\"image.default\">\n\t\t\t\t<div class=\"elementor-widget-container\">\n\t\t\t\t\t\t\t\t\t\t\t\t\t\t\t<img loading=\"lazy\" decoding=\"async\" width=\"800\" height=\"600\" src=\"https:\/\/delyava.com\/wp-content\/uploads\/2025\/03\/help-me-to-generate-pictures-of-the-company-office-1024x768.png\" class=\"attachment-large size-large wp-image-15062\" alt=\"\" srcset=\"https:\/\/delyava.com\/wp-content\/uploads\/2025\/03\/help-me-to-generate-pictures-of-the-company-office-1024x768.png 1024w, https:\/\/delyava.com\/wp-content\/uploads\/2025\/03\/help-me-to-generate-pictures-of-the-company-office-300x225.png 300w, https:\/\/delyava.com\/wp-content\/uploads\/2025\/03\/help-me-to-generate-pictures-of-the-company-office-768x576.png 768w, https:\/\/delyava.com\/wp-content\/uploads\/2025\/03\/help-me-to-generate-pictures-of-the-company-office-16x12.png 16w, https:\/\/delyava.com\/wp-content\/uploads\/2025\/03\/help-me-to-generate-pictures-of-the-company-office-600x450.png 600w, https:\/\/delyava.com\/wp-content\/uploads\/2025\/03\/help-me-to-generate-pictures-of-the-company-office.png 1365w\" sizes=\"(max-width: 800px) 100vw, 800px\" \/>\t\t\t\t\t\t\t\t\t\t\t\t\t\t\t<\/div>\n\t\t\t\t<\/div>\n\t\t\t\t<\/div>\n\t\t\t\t<\/div>\n\t\t\t\t\t<\/div>\n\t\t\t\t<\/div>\n\t\t<div class=\"elementor-element elementor-element-5ddea20 e-flex e-con-boxed e-con e-parent\" data-id=\"5ddea20\" data-element_type=\"container\">\n\t\t\t\t\t<div class=\"e-con-inner\">\n\t\t<div class=\"elementor-element elementor-element-bb49be8 e-con-full e-flex e-con e-child\" data-id=\"bb49be8\" data-element_type=\"container\">\n\t\t\t\t<div class=\"elementor-element elementor-element-dabe026 elementor-widget elementor-widget-heading\" data-id=\"dabe026\" data-element_type=\"widget\" data-widget_type=\"heading.default\">\n\t\t\t\t<div class=\"elementor-widget-container\">\n\t\t\t\t\t<h2 class=\"elementor-heading-title elementor-size-default\">Nutzen Sie die Delya-Technologie als Motor, um Ihrem Beauty-Gesch\u00e4ft zum Erfolg zu verhelfen.<\/h2>\t\t\t\t<\/div>\n\t\t\t\t<\/div>\n\t\t<div class=\"elementor-element elementor-element-76d683d e-con-full e-flex e-con e-child\" data-id=\"76d683d\" data-element_type=\"container\">\n\t\t<div class=\"elementor-element elementor-element-fdd9e1a e-con-full e-flex e-con e-child\" data-id=\"fdd9e1a\" data-element_type=\"container\">\n\t\t\t\t<div class=\"elementor-element elementor-element-aecf457 elementor-widget elementor-widget-heading\" data-id=\"aecf457\" data-element_type=\"widget\" data-widget_type=\"heading.default\">\n\t\t\t\t<div class=\"elementor-widget-container\">\n\t\t\t\t\t<h5 class=\"elementor-heading-title elementor-size-default\">F\u00fcr Markeninhaber\/Gro\u00dfh\u00e4ndler\/H\u00e4ndler<\/h5>\t\t\t\t<\/div>\n\t\t\t\t<\/div>\n\t\t\t\t<\/div>\n\t\t<div class=\"elementor-element elementor-element-f66870f e-con-full e-flex e-con e-child\" data-id=\"f66870f\" data-element_type=\"container\">\n\t\t\t\t<div class=\"elementor-element elementor-element-c62461f elementor-widget elementor-widget-heading\" data-id=\"c62461f\" data-element_type=\"widget\" data-widget_type=\"heading.default\">\n\t\t\t\t<div class=\"elementor-widget-container\">\n\t\t\t\t\t<h5 class=\"elementor-heading-title elementor-size-default\">F\u00fcr Hautpflegeprodukthersteller<\/h5>\t\t\t\t<\/div>\n\t\t\t\t<\/div>\n\t\t\t\t<\/div>\n\t\t<div class=\"elementor-element elementor-element-4f2ebc8 e-con-full e-flex e-con e-child\" data-id=\"4f2ebc8\" data-element_type=\"container\">\n\t\t\t\t<div class=\"elementor-element elementor-element-0e3f56a elementor-widget elementor-widget-heading\" data-id=\"0e3f56a\" data-element_type=\"widget\" data-widget_type=\"heading.default\">\n\t\t\t\t<div class=\"elementor-widget-container\">\n\t\t\t\t\t<h5 class=\"elementor-heading-title elementor-size-default\">F\u00fcr Sch\u00f6nheitssalons\/Kliniken\/Spas<\/h5>\t\t\t\t<\/div>\n\t\t\t\t<\/div>\n\t\t\t\t<\/div>\n\t\t<div class=\"elementor-element elementor-element-ff35c88 e-con-full e-flex e-con e-child\" data-id=\"ff35c88\" data-element_type=\"container\">\n\t\t\t\t<div class=\"elementor-element elementor-element-0078fdd elementor-widget elementor-widget-heading\" data-id=\"0078fdd\" data-element_type=\"widget\" data-widget_type=\"heading.default\">\n\t\t\t\t<div class=\"elementor-widget-container\">\n\t\t\t\t\t<h5 class=\"elementor-heading-title elementor-size-default\">F\u00fcr Einzelpersonen\/Familien<\/h5>\t\t\t\t<\/div>\n\t\t\t\t<\/div>\n\t\t\t\t<\/div>\n\t\t\t\t<\/div>\n\t\t\t\t<\/div>\n\t\t<div class=\"elementor-element elementor-element-17691ce e-con-full e-flex e-con e-child\" data-id=\"17691ce\" data-element_type=\"container\">\n\t\t\t\t<div class=\"elementor-element elementor-element-c1ed8a5 elementor-align-center elementor-widget elementor-widget-button\" data-id=\"c1ed8a5\" data-element_type=\"widget\" data-widget_type=\"button.default\">\n\t\t\t\t<div class=\"elementor-widget-container\">\n\t\t\t\t\t\t\t\t\t<div class=\"elementor-button-wrapper\">\n\t\t\t\t\t<a class=\"elementor-button elementor-button-link elementor-size-sm\" href=\"https:\/\/delyava.com\/de\/contact-us\/\">\n\t\t\t\t\t\t<span class=\"elementor-button-content-wrapper\">\n\t\t\t\t\t\t\t\t\t<span class=\"elementor-button-text\">Kontakt<\/span>\n\t\t\t\t\t<\/span>\n\t\t\t\t\t<\/a>\n\t\t\t\t<\/div>\n\t\t\t\t\t\t\t\t<\/div>\n\t\t\t\t<\/div>\n\t\t\t\t<\/div>\n\t\t\t\t\t<\/div>\n\t\t\t\t<\/div>\n\t\t\t\t<\/div>","protected":false},"excerpt":{"rendered":"<p>Modernized Factory Delya Production by the Numbers With advanced modern production lines and a team of professional and experienced workers, Delya is able to produce high-quality beauty equipment with great efficiency and precision. We have the ability to fulfill large orders quickly and always put quality first, without letting the quantity and speed of orders [&hellip;]<\/p>","protected":false},"author":2,"featured_media":0,"parent":0,"menu_order":0,"comment_status":"closed","ping_status":"closed","template":"","meta":{"_seopress_robots_primary_cat":"","_seopress_titles_title":"","_seopress_titles_desc":"","_seopress_robots_index":"","footnotes":""},"class_list":["post-3496","page","type-page","status-publish","hentry"],"_links":{"self":[{"href":"https:\/\/delyava.com\/de\/wp-json\/wp\/v2\/pages\/3496","targetHints":{"allow":["GET"]}}],"collection":[{"href":"https:\/\/delyava.com\/de\/wp-json\/wp\/v2\/pages"}],"about":[{"href":"https:\/\/delyava.com\/de\/wp-json\/wp\/v2\/types\/page"}],"author":[{"embeddable":true,"href":"https:\/\/delyava.com\/de\/wp-json\/wp\/v2\/users\/2"}],"replies":[{"embeddable":true,"href":"https:\/\/delyava.com\/de\/wp-json\/wp\/v2\/comments?post=3496"}],"version-history":[{"count":6,"href":"https:\/\/delyava.com\/de\/wp-json\/wp\/v2\/pages\/3496\/revisions"}],"predecessor-version":[{"id":15065,"href":"https:\/\/delyava.com\/de\/wp-json\/wp\/v2\/pages\/3496\/revisions\/15065"}],"wp:attachment":[{"href":"https:\/\/delyava.com\/de\/wp-json\/wp\/v2\/media?parent=3496"}],"curies":[{"name":"wp","href":"https:\/\/api.w.org\/{rel}","templated":true}]}}