{"id":3494,"date":"2024-08-23T16:23:45","date_gmt":"2024-08-23T08:23:45","guid":{"rendered":"https:\/\/delyava.com\/?page_id=3494"},"modified":"2025-03-28T11:28:34","modified_gmt":"2025-03-28T03:28:34","slug":"stable-fast-delivery","status":"publish","type":"page","link":"https:\/\/delyava.com\/de\/stable-fast-delivery\/","title":{"rendered":"Stabile &amp; schnelle Lieferung"},"content":{"rendered":"<div data-elementor-type=\"wp-page\" data-elementor-id=\"3494\" class=\"elementor elementor-3494\" data-elementor-post-type=\"page\">\n\t\t\t\t<div class=\"elementor-element elementor-element-64e5229 e-flex e-con-boxed e-con e-parent\" data-id=\"64e5229\" data-element_type=\"container\">\n\t\t\t\t\t<div class=\"e-con-inner\">\n\t\t<div class=\"elementor-element elementor-element-9f70ac8 e-con-full e-flex e-con e-child\" data-id=\"9f70ac8\" data-element_type=\"container\" data-settings=\"{&quot;background_background&quot;:&quot;classic&quot;}\">\n\t\t<div class=\"elementor-element elementor-element-a8b9791 e-con-full e-flex e-con e-child\" data-id=\"a8b9791\" data-element_type=\"container\">\n\t\t\t\t<div class=\"elementor-element elementor-element-6693d2a elementor-widget elementor-widget-heading\" data-id=\"6693d2a\" data-element_type=\"widget\" data-widget_type=\"heading.default\">\n\t\t\t\t<div class=\"elementor-widget-container\">\n\t\t\t\t\t<h1 class=\"elementor-heading-title elementor-size-default\">Stabile und schnelle Lieferung<\/h1>\t\t\t\t<\/div>\n\t\t\t\t<\/div>\n\t\t\t\t<\/div>\n\t\t\t\t<\/div>\n\t\t\t\t\t<\/div>\n\t\t\t\t<\/div>\n\t\t<div class=\"elementor-element elementor-element-aa37d59 e-flex e-con-boxed e-con e-parent\" data-id=\"aa37d59\" data-element_type=\"container\">\n\t\t\t\t\t<div class=\"e-con-inner\">\n\t\t<div class=\"elementor-element elementor-element-f1756e8 e-con-full e-flex e-con e-child\" data-id=\"f1756e8\" data-element_type=\"container\">\n\t\t<div class=\"elementor-element elementor-element-9976c6e e-con-full e-flex e-con e-child\" data-id=\"9976c6e\" data-element_type=\"container\">\n\t\t\t\t<div class=\"elementor-element elementor-element-72a06a3 elementor-widget elementor-widget-heading\" data-id=\"72a06a3\" data-element_type=\"widget\" data-widget_type=\"heading.default\">\n\t\t\t\t<div class=\"elementor-widget-container\">\n\t\t\t\t\t<h4 class=\"elementor-heading-title elementor-size-default\">Steigern Sie Ihr Unternehmenswachstum mit einer starken Lieferkette<\/h4>\t\t\t\t<\/div>\n\t\t\t\t<\/div>\n\t\t\t\t<div class=\"elementor-element elementor-element-bc0a90a elementor-widget elementor-widget-text-editor\" data-id=\"bc0a90a\" data-element_type=\"widget\" data-widget_type=\"text-editor.default\">\n\t\t\t\t<div class=\"elementor-widget-container\">\n\t\t\t\t\t\t\t\t\tDelya ist im Bereich der Kosmetikausr\u00fcstung verwurzelt und verf\u00fcgt \u00fcber eine starke Lieferkette. Delya arbeitet mit f\u00fchrenden Rohstofflieferanten zusammen und verwendet hochwertige Materialien wie medizinisches Silikon. Dar\u00fcber hinaus kooperiert das Unternehmen mit erfahrenen Gie\u00dfereien und h\u00e4lt sich strikt an internationale Produktionsstandards. Dank der integrierten Lieferkette fertigt Delya individuell angepasste Ger\u00e4te f\u00fcr Gro\u00dfh\u00e4ndler und Marken an, um Ihnen die Markteroberung zu erleichtern.\t\t\t\t\t\t\t\t<\/div>\n\t\t\t\t<\/div>\n\t\t\t\t<\/div>\n\t\t<div class=\"elementor-element elementor-element-decbc82 e-con-full e-flex e-con e-child\" data-id=\"decbc82\" data-element_type=\"container\">\n\t\t\t\t<div class=\"elementor-element elementor-element-25c27a8 elementor-widget elementor-widget-image\" data-id=\"25c27a8\" data-element_type=\"widget\" data-widget_type=\"image.default\">\n\t\t\t\t<div class=\"elementor-widget-container\">\n\t\t\t\t\t\t\t\t\t\t\t\t\t\t\t<img fetchpriority=\"high\" decoding=\"async\" width=\"800\" height=\"638\" src=\"https:\/\/delyava.com\/wp-content\/uploads\/2024\/08\/53ff2cd33665561cc6cc7b27499bdb70-1-1024x817.jpeg\" class=\"attachment-large size-large wp-image-2863\" alt=\"Steigern Sie Ihr Unternehmenswachstum mit einer starken Lieferkette\" srcset=\"https:\/\/delyava.com\/wp-content\/uploads\/2024\/08\/53ff2cd33665561cc6cc7b27499bdb70-1-1024x817.jpeg 1024w, https:\/\/delyava.com\/wp-content\/uploads\/2024\/08\/53ff2cd33665561cc6cc7b27499bdb70-1-300x239.jpeg 300w, https:\/\/delyava.com\/wp-content\/uploads\/2024\/08\/53ff2cd33665561cc6cc7b27499bdb70-1-768x612.jpeg 768w, https:\/\/delyava.com\/wp-content\/uploads\/2024\/08\/53ff2cd33665561cc6cc7b27499bdb70-1-1536x1225.jpeg 1536w, https:\/\/delyava.com\/wp-content\/uploads\/2024\/08\/53ff2cd33665561cc6cc7b27499bdb70-1-2048x1633.jpeg 2048w, https:\/\/delyava.com\/wp-content\/uploads\/2024\/08\/53ff2cd33665561cc6cc7b27499bdb70-1-600x478.jpeg 600w\" sizes=\"(max-width: 800px) 100vw, 800px\" \/>\t\t\t\t\t\t\t\t\t\t\t\t\t\t\t<\/div>\n\t\t\t\t<\/div>\n\t\t\t\t<\/div>\n\t\t\t\t<\/div>\n\t\t\t\t\t<\/div>\n\t\t\t\t<\/div>\n\t\t<div class=\"elementor-element elementor-element-7ca730c e-flex e-con-boxed e-con e-parent\" data-id=\"7ca730c\" data-element_type=\"container\">\n\t\t\t\t\t<div class=\"e-con-inner\">\n\t\t<div class=\"elementor-element elementor-element-4c5f5f0 e-con-full e-flex e-con e-child\" data-id=\"4c5f5f0\" data-element_type=\"container\">\n\t\t<div class=\"elementor-element elementor-element-65dc3d3 e-con-full e-flex e-con e-child\" data-id=\"65dc3d3\" data-element_type=\"container\">\n\t\t\t\t<div class=\"elementor-element elementor-element-13a1de7 elementor-view-default elementor-widget elementor-widget-icon\" data-id=\"13a1de7\" data-element_type=\"widget\" data-widget_type=\"icon.default\">\n\t\t\t\t<div class=\"elementor-widget-container\">\n\t\t\t\t\t\t\t<div class=\"elementor-icon-wrapper\">\n\t\t\t<div class=\"elementor-icon\">\n\t\t\t<svg aria-hidden=\"true\" class=\"e-font-icon-svg e-fab-sketch\" viewbox=\"0 0 512 512\" xmlns=\"http:\/\/www.w3.org\/2000\/svg\"><path d=\"M27.5 162.2L9 187.1h90.5l6.9-130.7-78.9 105.8zM396.3 45.7L267.7 32l135.7 147.2-7.1-133.5zM112.2 218.3l-11.2-22H9.9L234.8 458zm2-31.2h284l-81.5-88.5L256.3 33zm297.3 9.1L277.6 458l224.8-261.7h-90.9zM415.4 69L406 56.4l.9 17.3 6.1 113.4h90.3zM113.5 93.5l-4.6 85.6L244.7 32 116.1 45.7zm287.7 102.7h-290l42.4 82.9L256.3 480l144.9-283.8z\"><\/path><\/svg>\t\t\t<\/div>\n\t\t<\/div>\n\t\t\t\t\t\t<\/div>\n\t\t\t\t<\/div>\n\t\t\t\t<div class=\"elementor-element elementor-element-c8118b7 elementor-widget elementor-widget-heading\" data-id=\"c8118b7\" data-element_type=\"widget\" data-widget_type=\"heading.default\">\n\t\t\t\t<div class=\"elementor-widget-container\">\n\t\t\t\t\t<h3 class=\"elementor-heading-title elementor-size-default\">Lieferung innerhalb von 7 Tagen<\/h3>\t\t\t\t<\/div>\n\t\t\t\t<\/div>\n\t\t\t\t<div class=\"elementor-element elementor-element-84aacab elementor-widget elementor-widget-text-editor\" data-id=\"84aacab\" data-element_type=\"widget\" data-widget_type=\"text-editor.default\">\n\t\t\t\t<div class=\"elementor-widget-container\">\n\t\t\t\t\t\t\t\t\tWir verf\u00fcgen \u00fcber eine gro\u00dfe Auswahl an Rohstoffen und eigene Fabriken, um eine kontrollierte Produktion zu gew\u00e4hrleisten. Regelm\u00e4\u00dfige Bestellungen werden innerhalb von 7 Tagen geliefert, damit Sie keine Marktchance verpassen.\t\t\t\t\t\t\t\t<\/div>\n\t\t\t\t<\/div>\n\t\t\t\t<\/div>\n\t\t<div class=\"elementor-element elementor-element-5ea9702 e-con-full e-flex e-con e-child\" data-id=\"5ea9702\" data-element_type=\"container\">\n\t\t\t\t<div class=\"elementor-element elementor-element-7713bf5 elementor-view-default elementor-widget elementor-widget-icon\" data-id=\"7713bf5\" data-element_type=\"widget\" data-widget_type=\"icon.default\">\n\t\t\t\t<div class=\"elementor-widget-container\">\n\t\t\t\t\t\t\t<div class=\"elementor-icon-wrapper\">\n\t\t\t<div class=\"elementor-icon\">\n\t\t\t<svg aria-hidden=\"true\" class=\"e-font-icon-svg e-fab-sketch\" viewbox=\"0 0 512 512\" xmlns=\"http:\/\/www.w3.org\/2000\/svg\"><path d=\"M27.5 162.2L9 187.1h90.5l6.9-130.7-78.9 105.8zM396.3 45.7L267.7 32l135.7 147.2-7.1-133.5zM112.2 218.3l-11.2-22H9.9L234.8 458zm2-31.2h284l-81.5-88.5L256.3 33zm297.3 9.1L277.6 458l224.8-261.7h-90.9zM415.4 69L406 56.4l.9 17.3 6.1 113.4h90.3zM113.5 93.5l-4.6 85.6L244.7 32 116.1 45.7zm287.7 102.7h-290l42.4 82.9L256.3 480l144.9-283.8z\"><\/path><\/svg>\t\t\t<\/div>\n\t\t<\/div>\n\t\t\t\t\t\t<\/div>\n\t\t\t\t<\/div>\n\t\t\t\t<div class=\"elementor-element elementor-element-70e7bcb elementor-widget elementor-widget-heading\" data-id=\"70e7bcb\" data-element_type=\"widget\" data-widget_type=\"heading.default\">\n\t\t\t\t<div class=\"elementor-widget-container\">\n\t\t\t\t\t<h3 class=\"elementor-heading-title elementor-size-default\">Dringende Bestellungen werden innerhalb von 24 Stunden versandt<\/h3>\t\t\t\t<\/div>\n\t\t\t\t<\/div>\n\t\t\t\t<div class=\"elementor-element elementor-element-fc59e1c elementor-widget elementor-widget-text-editor\" data-id=\"fc59e1c\" data-element_type=\"widget\" data-widget_type=\"text-editor.default\">\n\t\t\t\t<div class=\"elementor-widget-container\">\n\t\t\t\t\t\t\t\t\tBen\u00f6tigen Sie dringend Ausr\u00fcstung? Wir sind f\u00fcr Sie da. Eilbestellungen ohne Mindestbestellmenge werden innerhalb von 24 Stunden versandt, um Ihren dringenden Bedarf zu decken.\t\t\t\t\t\t\t\t<\/div>\n\t\t\t\t<\/div>\n\t\t\t\t<\/div>\n\t\t<div class=\"elementor-element elementor-element-a9a025d e-con-full e-flex e-con e-child\" data-id=\"a9a025d\" data-element_type=\"container\">\n\t\t\t\t<div class=\"elementor-element elementor-element-2458ace elementor-view-default elementor-widget elementor-widget-icon\" data-id=\"2458ace\" data-element_type=\"widget\" data-widget_type=\"icon.default\">\n\t\t\t\t<div class=\"elementor-widget-container\">\n\t\t\t\t\t\t\t<div class=\"elementor-icon-wrapper\">\n\t\t\t<div class=\"elementor-icon\">\n\t\t\t<svg aria-hidden=\"true\" class=\"e-font-icon-svg e-fab-sketch\" viewbox=\"0 0 512 512\" xmlns=\"http:\/\/www.w3.org\/2000\/svg\"><path d=\"M27.5 162.2L9 187.1h90.5l6.9-130.7-78.9 105.8zM396.3 45.7L267.7 32l135.7 147.2-7.1-133.5zM112.2 218.3l-11.2-22H9.9L234.8 458zm2-31.2h284l-81.5-88.5L256.3 33zm297.3 9.1L277.6 458l224.8-261.7h-90.9zM415.4 69L406 56.4l.9 17.3 6.1 113.4h90.3zM113.5 93.5l-4.6 85.6L244.7 32 116.1 45.7zm287.7 102.7h-290l42.4 82.9L256.3 480l144.9-283.8z\"><\/path><\/svg>\t\t\t<\/div>\n\t\t<\/div>\n\t\t\t\t\t\t<\/div>\n\t\t\t\t<\/div>\n\t\t\t\t<div class=\"elementor-element elementor-element-23c88d5 elementor-widget elementor-widget-heading\" data-id=\"23c88d5\" data-element_type=\"widget\" data-widget_type=\"heading.default\">\n\t\t\t\t<div class=\"elementor-widget-container\">\n\t\t\t\t\t<h3 class=\"elementor-heading-title elementor-size-default\">Gro\u00dfbestellungen in 30 Tagen abgeschlossen<\/h3>\t\t\t\t<\/div>\n\t\t\t\t<\/div>\n\t\t\t\t<div class=\"elementor-element elementor-element-4cd3ac9 elementor-widget elementor-widget-text-editor\" data-id=\"4cd3ac9\" data-element_type=\"widget\" data-widget_type=\"text-editor.default\">\n\t\t\t\t<div class=\"elementor-widget-container\">\n\t\t\t\t\t\t\t\t\tDank unserer starken Produktionskapazit\u00e4t und unseres Lieferkettensystems versprechen wir eine p\u00fcnktliche Lieferung innerhalb von 30 Tagen bei Gro\u00dfbestellungen, die in gro\u00dfen Mengen individuell angepasst werden.\t\t\t\t\t\t\t\t<\/div>\n\t\t\t\t<\/div>\n\t\t\t\t<\/div>\n\t\t<div class=\"elementor-element elementor-element-3899baa e-con-full e-flex e-con e-child\" data-id=\"3899baa\" data-element_type=\"container\">\n\t\t\t\t<div class=\"elementor-element elementor-element-88aabdf elementor-view-default elementor-widget elementor-widget-icon\" data-id=\"88aabdf\" data-element_type=\"widget\" data-widget_type=\"icon.default\">\n\t\t\t\t<div class=\"elementor-widget-container\">\n\t\t\t\t\t\t\t<div class=\"elementor-icon-wrapper\">\n\t\t\t<div class=\"elementor-icon\">\n\t\t\t<svg aria-hidden=\"true\" class=\"e-font-icon-svg e-fab-sketch\" viewbox=\"0 0 512 512\" xmlns=\"http:\/\/www.w3.org\/2000\/svg\"><path d=\"M27.5 162.2L9 187.1h90.5l6.9-130.7-78.9 105.8zM396.3 45.7L267.7 32l135.7 147.2-7.1-133.5zM112.2 218.3l-11.2-22H9.9L234.8 458zm2-31.2h284l-81.5-88.5L256.3 33zm297.3 9.1L277.6 458l224.8-261.7h-90.9zM415.4 69L406 56.4l.9 17.3 6.1 113.4h90.3zM113.5 93.5l-4.6 85.6L244.7 32 116.1 45.7zm287.7 102.7h-290l42.4 82.9L256.3 480l144.9-283.8z\"><\/path><\/svg>\t\t\t<\/div>\n\t\t<\/div>\n\t\t\t\t\t\t<\/div>\n\t\t\t\t<\/div>\n\t\t\t\t<div class=\"elementor-element elementor-element-f934ae9 elementor-widget elementor-widget-heading\" data-id=\"f934ae9\" data-element_type=\"widget\" data-widget_type=\"heading.default\">\n\t\t\t\t<div class=\"elementor-widget-container\">\n\t\t\t\t\t<h3 class=\"elementor-heading-title elementor-size-default\">Mindestbestellmenge: 1 St\u00fcck<\/h3>\t\t\t\t<\/div>\n\t\t\t\t<\/div>\n\t\t\t\t<div class=\"elementor-element elementor-element-0d2ff8f elementor-widget elementor-widget-text-editor\" data-id=\"0d2ff8f\" data-element_type=\"widget\" data-widget_type=\"text-editor.default\">\n\t\t\t\t<div class=\"elementor-widget-container\">\n\t\t\t\t\t\t\t\t\tDank unserer hauseigenen Fabrik k\u00f6nnen wir schnell und flexibel individuelle Anpassungen vornehmen. Mit einer Mindestbestellmenge von nur 1 St\u00fcck k\u00f6nnen wir schnell auf kleine Bestellungen reagieren.\t\t\t\t\t\t\t\t<\/div>\n\t\t\t\t<\/div>\n\t\t\t\t<\/div>\n\t\t\t\t<\/div>\n\t\t\t\t\t<\/div>\n\t\t\t\t<\/div>\n\t\t<div class=\"elementor-element elementor-element-f75bcb5 e-flex e-con-boxed e-con e-parent\" data-id=\"f75bcb5\" data-element_type=\"container\">\n\t\t\t\t\t<div class=\"e-con-inner\">\n\t\t<div class=\"elementor-element elementor-element-34872aa e-con-full e-flex e-con e-child\" data-id=\"34872aa\" data-element_type=\"container\">\n\t\t<div class=\"elementor-element elementor-element-a166bc0 e-con-full e-flex e-con e-child\" data-id=\"a166bc0\" data-element_type=\"container\">\n\t\t\t\t<div class=\"elementor-element elementor-element-bbbec05 elementor-widget elementor-widget-image\" data-id=\"bbbec05\" data-element_type=\"widget\" data-widget_type=\"image.default\">\n\t\t\t\t<div class=\"elementor-widget-container\">\n\t\t\t\t\t\t\t\t\t\t\t\t\t\t\t<img decoding=\"async\" width=\"800\" height=\"450\" src=\"https:\/\/delyava.com\/wp-content\/uploads\/2024\/08\/16635f0d-623c-4cd2-947d-4a1f8b09b7c6-1024x576.jpg\" class=\"attachment-large size-large wp-image-2870\" alt=\"\u00dcberseelager\" srcset=\"https:\/\/delyava.com\/wp-content\/uploads\/2024\/08\/16635f0d-623c-4cd2-947d-4a1f8b09b7c6-1024x576.jpg 1024w, https:\/\/delyava.com\/wp-content\/uploads\/2024\/08\/16635f0d-623c-4cd2-947d-4a1f8b09b7c6-300x169.jpg 300w, https:\/\/delyava.com\/wp-content\/uploads\/2024\/08\/16635f0d-623c-4cd2-947d-4a1f8b09b7c6-768x432.jpg 768w, https:\/\/delyava.com\/wp-content\/uploads\/2024\/08\/16635f0d-623c-4cd2-947d-4a1f8b09b7c6-1536x864.jpg 1536w, https:\/\/delyava.com\/wp-content\/uploads\/2024\/08\/16635f0d-623c-4cd2-947d-4a1f8b09b7c6-2048x1152.jpg 2048w, https:\/\/delyava.com\/wp-content\/uploads\/2024\/08\/16635f0d-623c-4cd2-947d-4a1f8b09b7c6-600x338.jpg 600w\" sizes=\"(max-width: 800px) 100vw, 800px\" \/>\t\t\t\t\t\t\t\t\t\t\t\t\t\t\t<\/div>\n\t\t\t\t<\/div>\n\t\t\t\t<\/div>\n\t\t<div class=\"elementor-element elementor-element-b8ba01d e-con-full e-flex e-con e-child\" data-id=\"b8ba01d\" data-element_type=\"container\">\n\t\t\t\t<div class=\"elementor-element elementor-element-01bfce5 elementor-widget elementor-widget-heading\" data-id=\"01bfce5\" data-element_type=\"widget\" data-widget_type=\"heading.default\">\n\t\t\t\t<div class=\"elementor-widget-container\">\n\t\t\t\t\t<h4 class=\"elementor-heading-title elementor-size-default\">\u00dcbersee-Lager<\/h4>\t\t\t\t<\/div>\n\t\t\t\t<\/div>\n\t\t\t\t<div class=\"elementor-element elementor-element-a57dee3 elementor-widget elementor-widget-text-editor\" data-id=\"a57dee3\" data-element_type=\"widget\" data-widget_type=\"text-editor.default\">\n\t\t\t\t<div class=\"elementor-widget-container\">\n\t\t\t\t\t\t\t\t\t<p>Um unseren Service f\u00fcr Kunden auf der ganzen Welt zu optimieren, bereiten wir die Einrichtung von Lagern im Ausland vor. In dieser Phase haben wir erfolgreich Lager in den Vereinigten Staaten eingerichtet, wodurch wir schneller auf die Bed\u00fcrfnisse vieler ausl\u00e4ndischer Kunden reagieren und diese erf\u00fcllen k\u00f6nnen.<\/p>\t\t\t\t\t\t\t\t<\/div>\n\t\t\t\t<\/div>\n\t\t\t\t<\/div>\n\t\t\t\t<\/div>\n\t\t\t\t\t<\/div>\n\t\t\t\t<\/div>\n\t\t<div class=\"elementor-element elementor-element-4111e6e e-flex e-con-boxed e-con e-parent\" data-id=\"4111e6e\" data-element_type=\"container\">\n\t\t\t\t\t<div class=\"e-con-inner\">\n\t\t<div class=\"elementor-element elementor-element-8647bdc e-con-full e-flex e-con e-child\" data-id=\"8647bdc\" data-element_type=\"container\">\n\t\t<div class=\"elementor-element elementor-element-b446022 e-con-full e-flex e-con e-child\" data-id=\"b446022\" data-element_type=\"container\">\n\t\t\t\t<div class=\"elementor-element elementor-element-3fc8501 elementor-widget elementor-widget-heading\" data-id=\"3fc8501\" data-element_type=\"widget\" data-widget_type=\"heading.default\">\n\t\t\t\t<div class=\"elementor-widget-container\">\n\t\t\t\t\t<h4 class=\"elementor-heading-title elementor-size-default\">Zuverl\u00e4ssige Logistik<\/h4>\t\t\t\t<\/div>\n\t\t\t\t<\/div>\n\t\t\t\t<div class=\"elementor-element elementor-element-ab6fcc4 elementor-widget elementor-widget-text-editor\" data-id=\"ab6fcc4\" data-element_type=\"widget\" data-widget_type=\"text-editor.default\">\n\t\t\t\t<div class=\"elementor-widget-container\">\n\t\t\t\t\t\t\t\t\t<p>Au\u00dferdem haben wir solide Beziehungen zu gro\u00dfen Spediteuren aufgebaut. Auch nach dem Versand einer Bestellung wird sie von unserem Team w\u00e4hrend des gesamten Prozesses genau verfolgt. Sie k\u00f6nnen sich darauf verlassen, dass Ihre Sendung sicher am Zielort ankommt.<\/p>\t\t\t\t\t\t\t\t<\/div>\n\t\t\t\t<\/div>\n\t\t\t\t<\/div>\n\t\t<div class=\"elementor-element elementor-element-9ae4ca1 e-con-full e-flex e-con e-child\" data-id=\"9ae4ca1\" data-element_type=\"container\">\n\t\t\t\t<div class=\"elementor-element elementor-element-c772efe elementor-widget elementor-widget-image\" data-id=\"c772efe\" data-element_type=\"widget\" data-widget_type=\"image.default\">\n\t\t\t\t<div class=\"elementor-widget-container\">\n\t\t\t\t\t\t\t\t\t\t\t\t\t\t\t<img decoding=\"async\" width=\"800\" height=\"438\" src=\"https:\/\/delyava.com\/wp-content\/uploads\/2024\/08\/2fac15663ba80e8f89624cce26257055-1024x561.jpeg\" class=\"attachment-large size-large wp-image-2893\" alt=\"Zuverl\u00e4ssige Logistik\" srcset=\"https:\/\/delyava.com\/wp-content\/uploads\/2024\/08\/2fac15663ba80e8f89624cce26257055-1024x561.jpeg 1024w, https:\/\/delyava.com\/wp-content\/uploads\/2024\/08\/2fac15663ba80e8f89624cce26257055-300x164.jpeg 300w, https:\/\/delyava.com\/wp-content\/uploads\/2024\/08\/2fac15663ba80e8f89624cce26257055-768x421.jpeg 768w, https:\/\/delyava.com\/wp-content\/uploads\/2024\/08\/2fac15663ba80e8f89624cce26257055-1536x842.jpeg 1536w, https:\/\/delyava.com\/wp-content\/uploads\/2024\/08\/2fac15663ba80e8f89624cce26257055-2048x1123.jpeg 2048w, https:\/\/delyava.com\/wp-content\/uploads\/2024\/08\/2fac15663ba80e8f89624cce26257055-600x329.jpeg 600w\" sizes=\"(max-width: 800px) 100vw, 800px\" \/>\t\t\t\t\t\t\t\t\t\t\t\t\t\t\t<\/div>\n\t\t\t\t<\/div>\n\t\t\t\t<\/div>\n\t\t\t\t<\/div>\n\t\t\t\t\t<\/div>\n\t\t\t\t<\/div>\n\t\t<div class=\"elementor-element elementor-element-84ec914 e-flex e-con-boxed e-con e-parent\" data-id=\"84ec914\" data-element_type=\"container\">\n\t\t\t\t\t<div class=\"e-con-inner\">\n\t\t<div class=\"elementor-element elementor-element-364d436 e-con-full e-flex e-con e-child\" data-id=\"364d436\" data-element_type=\"container\">\n\t\t<div class=\"elementor-element elementor-element-40bf2ce e-con-full e-flex e-con e-child\" data-id=\"40bf2ce\" data-element_type=\"container\">\n\t\t\t\t<div class=\"elementor-element elementor-element-8254ade elementor-widget elementor-widget-heading\" data-id=\"8254ade\" data-element_type=\"widget\" data-widget_type=\"heading.default\">\n\t\t\t\t<div class=\"elementor-widget-container\">\n\t\t\t\t\t<h2 class=\"elementor-heading-title elementor-size-default\">Nutzen Sie die Delya-Technologie als Motor, um Ihrem Beauty-Gesch\u00e4ft zum Erfolg zu verhelfen.<\/h2>\t\t\t\t<\/div>\n\t\t\t\t<\/div>\n\t\t<div class=\"elementor-element elementor-element-146523a e-con-full e-flex e-con e-child\" data-id=\"146523a\" data-element_type=\"container\">\n\t\t<div class=\"elementor-element elementor-element-48090db e-con-full e-flex e-con e-child\" data-id=\"48090db\" data-element_type=\"container\">\n\t\t\t\t<div class=\"elementor-element elementor-element-bb01e7c elementor-widget elementor-widget-heading\" data-id=\"bb01e7c\" data-element_type=\"widget\" data-widget_type=\"heading.default\">\n\t\t\t\t<div class=\"elementor-widget-container\">\n\t\t\t\t\t<h5 class=\"elementor-heading-title elementor-size-default\">F\u00fcr Markeninhaber\/Gro\u00dfh\u00e4ndler\/H\u00e4ndler<\/h5>\t\t\t\t<\/div>\n\t\t\t\t<\/div>\n\t\t\t\t<\/div>\n\t\t<div class=\"elementor-element elementor-element-e8ba763 e-con-full e-flex e-con e-child\" data-id=\"e8ba763\" data-element_type=\"container\">\n\t\t\t\t<div class=\"elementor-element elementor-element-fc00b35 elementor-widget elementor-widget-heading\" data-id=\"fc00b35\" data-element_type=\"widget\" data-widget_type=\"heading.default\">\n\t\t\t\t<div class=\"elementor-widget-container\">\n\t\t\t\t\t<h5 class=\"elementor-heading-title elementor-size-default\">F\u00fcr Hautpflegeprodukthersteller<\/h5>\t\t\t\t<\/div>\n\t\t\t\t<\/div>\n\t\t\t\t<\/div>\n\t\t<div class=\"elementor-element elementor-element-bdc7755 e-con-full e-flex e-con e-child\" data-id=\"bdc7755\" data-element_type=\"container\">\n\t\t\t\t<div class=\"elementor-element elementor-element-d94e893 elementor-widget elementor-widget-heading\" data-id=\"d94e893\" data-element_type=\"widget\" data-widget_type=\"heading.default\">\n\t\t\t\t<div class=\"elementor-widget-container\">\n\t\t\t\t\t<h5 class=\"elementor-heading-title elementor-size-default\">F\u00fcr Sch\u00f6nheitssalons\/Kliniken\/Spas<\/h5>\t\t\t\t<\/div>\n\t\t\t\t<\/div>\n\t\t\t\t<\/div>\n\t\t<div class=\"elementor-element elementor-element-00df4ec e-con-full e-flex e-con e-child\" data-id=\"00df4ec\" data-element_type=\"container\">\n\t\t\t\t<div class=\"elementor-element elementor-element-12f1a19 elementor-widget elementor-widget-heading\" data-id=\"12f1a19\" data-element_type=\"widget\" data-widget_type=\"heading.default\">\n\t\t\t\t<div class=\"elementor-widget-container\">\n\t\t\t\t\t<h5 class=\"elementor-heading-title elementor-size-default\">F\u00fcr Einzelpersonen\/Familien<\/h5>\t\t\t\t<\/div>\n\t\t\t\t<\/div>\n\t\t\t\t<\/div>\n\t\t\t\t<\/div>\n\t\t\t\t<\/div>\n\t\t<div class=\"elementor-element elementor-element-a6ee4b6 e-con-full e-flex e-con e-child\" data-id=\"a6ee4b6\" data-element_type=\"container\">\n\t\t\t\t<div class=\"elementor-element elementor-element-8b9fa87 elementor-align-center elementor-widget elementor-widget-button\" data-id=\"8b9fa87\" data-element_type=\"widget\" data-widget_type=\"button.default\">\n\t\t\t\t<div class=\"elementor-widget-container\">\n\t\t\t\t\t\t\t\t\t<div class=\"elementor-button-wrapper\">\n\t\t\t\t\t<a class=\"elementor-button elementor-button-link elementor-size-sm\" href=\"https:\/\/delyava.com\/de\/contact-us\/\">\n\t\t\t\t\t\t<span class=\"elementor-button-content-wrapper\">\n\t\t\t\t\t\t\t\t\t<span class=\"elementor-button-text\">Kontakt<\/span>\n\t\t\t\t\t<\/span>\n\t\t\t\t\t<\/a>\n\t\t\t\t<\/div>\n\t\t\t\t\t\t\t\t<\/div>\n\t\t\t\t<\/div>\n\t\t\t\t<\/div>\n\t\t\t\t<\/div>\n\t\t\t\t\t<\/div>\n\t\t\t\t<\/div>\n\t\t\t\t<\/div>","protected":false},"excerpt":{"rendered":"<p>Stable &amp; Rapid Delivery Growing your business with a strong supply chain Delya is rooted in the field of beauty equipment and has built up a strong supply chain. Delya cooperates with top raw material suppliers and introduces high-quality materials such as medical-grade silicone; it also cooperates with experienced foundries and strictly adheres to international [&hellip;]<\/p>","protected":false},"author":2,"featured_media":0,"parent":0,"menu_order":0,"comment_status":"closed","ping_status":"closed","template":"","meta":{"_seopress_robots_primary_cat":"","_seopress_titles_title":"","_seopress_titles_desc":"","_seopress_robots_index":"","footnotes":""},"class_list":["post-3494","page","type-page","status-publish","hentry"],"_links":{"self":[{"href":"https:\/\/delyava.com\/de\/wp-json\/wp\/v2\/pages\/3494","targetHints":{"allow":["GET"]}}],"collection":[{"href":"https:\/\/delyava.com\/de\/wp-json\/wp\/v2\/pages"}],"about":[{"href":"https:\/\/delyava.com\/de\/wp-json\/wp\/v2\/types\/page"}],"author":[{"embeddable":true,"href":"https:\/\/delyava.com\/de\/wp-json\/wp\/v2\/users\/2"}],"replies":[{"embeddable":true,"href":"https:\/\/delyava.com\/de\/wp-json\/wp\/v2\/comments?post=3494"}],"version-history":[{"count":12,"href":"https:\/\/delyava.com\/de\/wp-json\/wp\/v2\/pages\/3494\/revisions"}],"predecessor-version":[{"id":15327,"href":"https:\/\/delyava.com\/de\/wp-json\/wp\/v2\/pages\/3494\/revisions\/15327"}],"wp:attachment":[{"href":"https:\/\/delyava.com\/de\/wp-json\/wp\/v2\/media?parent=3494"}],"curies":[{"name":"wp","href":"https:\/\/api.w.org\/{rel}","templated":true}]}}