{"id":3490,"date":"2024-08-23T16:22:30","date_gmt":"2024-08-23T08:22:30","guid":{"rendered":"https:\/\/delyava.com\/?page_id=3490"},"modified":"2024-09-02T14:43:47","modified_gmt":"2024-09-02T06:43:47","slug":"strong-service-support","status":"publish","type":"page","link":"https:\/\/delyava.com\/de\/strong-service-support\/","title":{"rendered":"Starke Serviceunterst\u00fctzung"},"content":{"rendered":"<div data-elementor-type=\"wp-page\" data-elementor-id=\"3490\" class=\"elementor elementor-3490\" data-elementor-post-type=\"page\">\n\t\t\t\t<div class=\"elementor-element elementor-element-ef33025 e-flex e-con-boxed e-con e-parent\" data-id=\"ef33025\" data-element_type=\"container\">\n\t\t\t\t\t<div class=\"e-con-inner\">\n\t\t<div class=\"elementor-element elementor-element-f3c0aed e-con-full e-flex e-con e-child\" data-id=\"f3c0aed\" data-element_type=\"container\">\n\t\t<div class=\"elementor-element elementor-element-11418f2 e-con-full e-flex e-con e-child\" data-id=\"11418f2\" data-element_type=\"container\" data-settings=\"{&quot;background_background&quot;:&quot;classic&quot;}\">\n\t\t<div class=\"elementor-element elementor-element-dd4e8c7 e-con-full e-flex e-con e-child\" data-id=\"dd4e8c7\" data-element_type=\"container\">\n\t\t\t\t<div class=\"elementor-element elementor-element-b8cfece elementor-widget elementor-widget-heading\" data-id=\"b8cfece\" data-element_type=\"widget\" data-widget_type=\"heading.default\">\n\t\t\t\t<div class=\"elementor-widget-container\">\n\t\t\t\t\t<h1 class=\"elementor-heading-title elementor-size-default\">Starker Service-Support<\/h1>\t\t\t\t<\/div>\n\t\t\t\t<\/div>\n\t\t\t\t<\/div>\n\t\t\t\t<\/div>\n\t\t\t\t<\/div>\n\t\t\t\t\t<\/div>\n\t\t\t\t<\/div>\n\t\t<div class=\"elementor-element elementor-element-cbf2bdd e-flex e-con-boxed e-con e-parent\" data-id=\"cbf2bdd\" data-element_type=\"container\">\n\t\t\t\t\t<div class=\"e-con-inner\">\n\t\t<div class=\"elementor-element elementor-element-cbabf5e e-con-full e-flex e-con e-child\" data-id=\"cbabf5e\" data-element_type=\"container\">\n\t\t<div class=\"elementor-element elementor-element-9d214b4 e-con-full e-flex e-con e-child\" data-id=\"9d214b4\" data-element_type=\"container\">\n\t\t\t\t<div class=\"elementor-element elementor-element-a96f39f elementor-widget elementor-widget-heading\" data-id=\"a96f39f\" data-element_type=\"widget\" data-widget_type=\"heading.default\">\n\t\t\t\t<div class=\"elementor-widget-container\">\n\t\t\t\t\t<h4 class=\"elementor-heading-title elementor-size-default\">Schnelle und professionelle Beantwortung von Anfragen<\/h4>\t\t\t\t<\/div>\n\t\t\t\t<\/div>\n\t\t\t\t<div class=\"elementor-element elementor-element-8224096 elementor-widget elementor-widget-text-editor\" data-id=\"8224096\" data-element_type=\"widget\" data-widget_type=\"text-editor.default\">\n\t\t\t\t<div class=\"elementor-widget-container\">\n\t\t\t\t\t\t\t\t\t<p>Wir sind 24 Stunden am Tag f\u00fcr Sie da und beantworten Ihren Anruf. Dank unserer umfassenden Erfahrung mit einer breiten Palette an \u00e4sthetischen Ger\u00e4teprogrammen k\u00f6nnen wir Ihnen in unserer kostenlosen Beratung wertvolle Ratschl\u00e4ge und Unterst\u00fctzung geben, um Ihre Marke oder Ihr Unternehmen auf den Weg zu Wachstum und Erfolg zu f\u00fchren. Wir bieten Ihnen fachkundige Beratung zu dem richtigen Ger\u00e4t f\u00fcr Ihren spezifischen Anwendungsbereich, basierend auf dem gew\u00fcnschten Behandlungsergebnis, der Verkaufsplattform, der Zielgruppe und dem Budget.<\/p>\t\t\t\t\t\t\t\t<\/div>\n\t\t\t\t<\/div>\n\t\t\t\t<\/div>\n\t\t<div class=\"elementor-element elementor-element-0149ac5 e-con-full e-flex e-con e-child\" data-id=\"0149ac5\" data-element_type=\"container\">\n\t\t\t\t<div class=\"elementor-element elementor-element-8152da0 elementor-widget elementor-widget-image\" data-id=\"8152da0\" data-element_type=\"widget\" data-widget_type=\"image.default\">\n\t\t\t\t<div class=\"elementor-widget-container\">\n\t\t\t\t\t\t\t\t\t\t\t\t\t\t\t<img fetchpriority=\"high\" decoding=\"async\" width=\"800\" height=\"531\" src=\"https:\/\/delyava.com\/wp-content\/uploads\/2024\/08\/c4ea9c2d-94d3-444d-8494-8be9f508bfd1-1024x680.jpg\" class=\"attachment-large size-large wp-image-2747\" alt=\"Schnelle und professionelle Beantwortung von Anfragen\" srcset=\"https:\/\/delyava.com\/wp-content\/uploads\/2024\/08\/c4ea9c2d-94d3-444d-8494-8be9f508bfd1-1024x680.jpg 1024w, https:\/\/delyava.com\/wp-content\/uploads\/2024\/08\/c4ea9c2d-94d3-444d-8494-8be9f508bfd1-300x199.jpg 300w, https:\/\/delyava.com\/wp-content\/uploads\/2024\/08\/c4ea9c2d-94d3-444d-8494-8be9f508bfd1-768x510.jpg 768w, https:\/\/delyava.com\/wp-content\/uploads\/2024\/08\/c4ea9c2d-94d3-444d-8494-8be9f508bfd1-1536x1020.jpg 1536w, https:\/\/delyava.com\/wp-content\/uploads\/2024\/08\/c4ea9c2d-94d3-444d-8494-8be9f508bfd1-2048x1360.jpg 2048w, https:\/\/delyava.com\/wp-content\/uploads\/2024\/08\/c4ea9c2d-94d3-444d-8494-8be9f508bfd1-600x398.jpg 600w\" sizes=\"(max-width: 800px) 100vw, 800px\" \/>\t\t\t\t\t\t\t\t\t\t\t\t\t\t\t<\/div>\n\t\t\t\t<\/div>\n\t\t\t\t<\/div>\n\t\t\t\t<\/div>\n\t\t<div class=\"elementor-element elementor-element-a279ded e-con-full e-flex e-con e-child\" data-id=\"a279ded\" data-element_type=\"container\">\n\t\t<div class=\"elementor-element elementor-element-b176d4b e-con-full e-flex e-con e-child\" data-id=\"b176d4b\" data-element_type=\"container\">\n\t\t\t\t<div class=\"elementor-element elementor-element-458e34a elementor-widget elementor-widget-image\" data-id=\"458e34a\" data-element_type=\"widget\" data-widget_type=\"image.default\">\n\t\t\t\t<div class=\"elementor-widget-container\">\n\t\t\t\t\t\t\t\t\t\t\t\t\t\t\t<img decoding=\"async\" width=\"800\" height=\"534\" src=\"https:\/\/delyava.com\/wp-content\/uploads\/2024\/08\/a9455cf9-aa3a-426c-9176-f55260fdbfd1-1024x683.jpg\" class=\"attachment-large size-large wp-image-2757\" alt=\"Ein kraftvoller Boost f\u00fcr Ihre individuellen Projekte\" srcset=\"https:\/\/delyava.com\/wp-content\/uploads\/2024\/08\/a9455cf9-aa3a-426c-9176-f55260fdbfd1-1024x683.jpg 1024w, https:\/\/delyava.com\/wp-content\/uploads\/2024\/08\/a9455cf9-aa3a-426c-9176-f55260fdbfd1-300x200.jpg 300w, https:\/\/delyava.com\/wp-content\/uploads\/2024\/08\/a9455cf9-aa3a-426c-9176-f55260fdbfd1-768x512.jpg 768w, https:\/\/delyava.com\/wp-content\/uploads\/2024\/08\/a9455cf9-aa3a-426c-9176-f55260fdbfd1-600x400.jpg 600w, https:\/\/delyava.com\/wp-content\/uploads\/2024\/08\/a9455cf9-aa3a-426c-9176-f55260fdbfd1.jpg 1536w\" sizes=\"(max-width: 800px) 100vw, 800px\" \/>\t\t\t\t\t\t\t\t\t\t\t\t\t\t\t<\/div>\n\t\t\t\t<\/div>\n\t\t\t\t<\/div>\n\t\t<div class=\"elementor-element elementor-element-82240ce e-con-full e-flex e-con e-child\" data-id=\"82240ce\" data-element_type=\"container\">\n\t\t\t\t<div class=\"elementor-element elementor-element-8a9ed69 elementor-widget elementor-widget-heading\" data-id=\"8a9ed69\" data-element_type=\"widget\" data-widget_type=\"heading.default\">\n\t\t\t\t<div class=\"elementor-widget-container\">\n\t\t\t\t\t<h4 class=\"elementor-heading-title elementor-size-default\">Ein kraftvoller Boost f\u00fcr Ihre individuellen Projekte<\/h4>\t\t\t\t<\/div>\n\t\t\t\t<\/div>\n\t\t\t\t<div class=\"elementor-element elementor-element-b8631d6 elementor-widget elementor-widget-text-editor\" data-id=\"b8631d6\" data-element_type=\"widget\" data-widget_type=\"text-editor.default\">\n\t\t\t\t<div class=\"elementor-widget-container\">\n\t\t\t\t\t\t\t\t\t<p>Unser professionelles Forschungs- und Entwicklungs- sowie Designteam hat mit einer Vielzahl von Marken zusammengearbeitet und wei\u00df, wie man neue Sch\u00f6nheitsger\u00e4te von Grund auf entwickelt oder Ihre bestehenden Markendesigns in echte Produkte umsetzt. In Kombination mit unserer starken Produktionskapazit\u00e4t und unserer gut etablierten Lieferkette k\u00f6nnen wir Ihnen eine Komplettl\u00f6sung f\u00fcr die Anpassung und Produktion hochwertiger Sch\u00f6nheitsger\u00e4te anbieten.<\/p>\t\t\t\t\t\t\t\t<\/div>\n\t\t\t\t<\/div>\n\t\t\t\t<\/div>\n\t\t\t\t<\/div>\n\t\t<div class=\"elementor-element elementor-element-8404f79 e-con-full e-flex e-con e-child\" data-id=\"8404f79\" data-element_type=\"container\">\n\t\t<div class=\"elementor-element elementor-element-325c7a8 e-con-full e-flex e-con e-child\" data-id=\"325c7a8\" data-element_type=\"container\">\n\t\t\t\t<div class=\"elementor-element elementor-element-720ced8 elementor-widget elementor-widget-heading\" data-id=\"720ced8\" data-element_type=\"widget\" data-widget_type=\"heading.default\">\n\t\t\t\t<div class=\"elementor-widget-container\">\n\t\t\t\t\t<h4 class=\"elementor-heading-title elementor-size-default\">Ausgezeichneter After-Sales-Garantieservice<\/h4>\t\t\t\t<\/div>\n\t\t\t\t<\/div>\n\t\t\t\t<div class=\"elementor-element elementor-element-9fe97fb elementor-widget elementor-widget-text-editor\" data-id=\"9fe97fb\" data-element_type=\"widget\" data-widget_type=\"text-editor.default\">\n\t\t\t\t<div class=\"elementor-widget-container\">\n\t\t\t\t\t\t\t\t\t<p>Mit der Lieferung ist unser Service nicht zu Ende. Wenn Sie uns Feedback zu Ihrem Problem geben, wird unser engagiertes technisches Team schnell reagieren und sich darum k\u00fcmmern. Wir versprechen Ihnen eine schnelle Antwort und stellen sicher, dass das Problem innerhalb von 12 Stunden gel\u00f6st ist.<\/p><ul><li>Wir verf\u00fcgen \u00fcber einen gro\u00dfen Ersatzteilbestand, um bei Verschlei\u00df oder Ausf\u00e4llen der Ger\u00e4te sofort reagieren zu k\u00f6nnen.<\/li><li>Wir bieten zwei Jahre Garantie auf die gesamte Maschine und ein Jahr Garantie auf Teile.<\/li><li>Ihren Anwendern stehen praxiserprobte Schulungsvideos und ausf\u00fchrliche Betriebsanleitungen zur Verf\u00fcgung.<\/li><\/ul>\t\t\t\t\t\t\t\t<\/div>\n\t\t\t\t<\/div>\n\t\t\t\t<\/div>\n\t\t<div class=\"elementor-element elementor-element-a3b2009 e-con-full e-flex e-con e-child\" data-id=\"a3b2009\" data-element_type=\"container\">\n\t\t\t\t<div class=\"elementor-element elementor-element-0943846 elementor-widget elementor-widget-image\" data-id=\"0943846\" data-element_type=\"widget\" data-widget_type=\"image.default\">\n\t\t\t\t<div class=\"elementor-widget-container\">\n\t\t\t\t\t\t\t\t\t\t\t\t\t\t\t<img decoding=\"async\" width=\"800\" height=\"534\" src=\"https:\/\/delyava.com\/wp-content\/uploads\/2024\/08\/46dc8055-2c08-4d2f-b3a9-97a5cd3bbfcc-1024x684.jpg\" class=\"attachment-large size-large wp-image-2764\" alt=\"Ausgezeichneter After-Sales-Garantieservice\" srcset=\"https:\/\/delyava.com\/wp-content\/uploads\/2024\/08\/46dc8055-2c08-4d2f-b3a9-97a5cd3bbfcc-1024x684.jpg 1024w, https:\/\/delyava.com\/wp-content\/uploads\/2024\/08\/46dc8055-2c08-4d2f-b3a9-97a5cd3bbfcc-300x200.jpg 300w, https:\/\/delyava.com\/wp-content\/uploads\/2024\/08\/46dc8055-2c08-4d2f-b3a9-97a5cd3bbfcc-768x513.jpg 768w, https:\/\/delyava.com\/wp-content\/uploads\/2024\/08\/46dc8055-2c08-4d2f-b3a9-97a5cd3bbfcc-600x401.jpg 600w, https:\/\/delyava.com\/wp-content\/uploads\/2024\/08\/46dc8055-2c08-4d2f-b3a9-97a5cd3bbfcc.jpg 1534w\" sizes=\"(max-width: 800px) 100vw, 800px\" \/>\t\t\t\t\t\t\t\t\t\t\t\t\t\t\t<\/div>\n\t\t\t\t<\/div>\n\t\t\t\t<\/div>\n\t\t\t\t<\/div>\n\t\t\t\t\t<\/div>\n\t\t\t\t<\/div>\n\t\t<div class=\"elementor-element elementor-element-8c1b59e e-flex e-con-boxed e-con e-parent\" data-id=\"8c1b59e\" data-element_type=\"container\">\n\t\t\t\t\t<div class=\"e-con-inner\">\n\t\t<div class=\"elementor-element elementor-element-34f0b94 e-con-full e-flex e-con e-child\" data-id=\"34f0b94\" data-element_type=\"container\">\n\t\t\t\t<div class=\"elementor-element elementor-element-9e2e196 elementor-widget elementor-widget-heading\" data-id=\"9e2e196\" data-element_type=\"widget\" data-widget_type=\"heading.default\">\n\t\t\t\t<div class=\"elementor-widget-container\">\n\t\t\t\t\t<h3 class=\"elementor-heading-title elementor-size-default\">Exklusive Dienstleistungen f\u00fcr verschiedene Kundengruppen<\/h3>\t\t\t\t<\/div>\n\t\t\t\t<\/div>\n\t\t\t\t<\/div>\n\t\t<div class=\"elementor-element elementor-element-13e841d e-con-full e-flex e-con e-child\" data-id=\"13e841d\" data-element_type=\"container\">\n\t\t<div class=\"elementor-element elementor-element-f399950 e-con-full e-flex e-con e-child\" data-id=\"f399950\" data-element_type=\"container\">\n\t\t<div class=\"elementor-element elementor-element-7d02ab3 e-con-full e-flex e-con e-child\" data-id=\"7d02ab3\" data-element_type=\"container\">\n\t\t\t\t<div class=\"elementor-element elementor-element-3ba6e56 elementor-widget elementor-widget-heading\" data-id=\"3ba6e56\" data-element_type=\"widget\" data-widget_type=\"heading.default\">\n\t\t\t\t<div class=\"elementor-widget-container\">\n\t\t\t\t\t<h4 class=\"elementor-heading-title elementor-size-default\">F\u00fcr Marken und Gro\u00dfh\u00e4ndler:<\/h4>\t\t\t\t<\/div>\n\t\t\t\t<\/div>\n\t\t\t\t<div class=\"elementor-element elementor-element-e8b1615 elementor-widget elementor-widget-text-editor\" data-id=\"e8b1615\" data-element_type=\"widget\" data-widget_type=\"text-editor.default\">\n\t\t\t\t<div class=\"elementor-widget-container\">\n\t\t\t\t\t\t\t\t\t<p>Wir haben eine breite Palette von Hochleistungs-Sch\u00f6nheitsger\u00e4ten und eine attraktive OEM-Strategie entwickelt, die genau auf die Bed\u00fcrfnisse von Kosmetikmarken und Gro\u00dfh\u00e4ndlern zugeschnitten ist. Dar\u00fcber hinaus haben wir enge Beziehungen zu Vorlieferanten und unseren eigenen Fabriken aufgebaut, um eine konsistente Versorgung mit hochwertigen Sch\u00f6nheitsger\u00e4ten zu gew\u00e4hrleisten.<\/p>\t\t\t\t\t\t\t\t<\/div>\n\t\t\t\t<\/div>\n\t\t\t\t<\/div>\n\t\t<div class=\"elementor-element elementor-element-d85db01 e-con-full e-flex e-con e-child\" data-id=\"d85db01\" data-element_type=\"container\">\n\t\t\t\t<div class=\"elementor-element elementor-element-0df1ec7 elementor-widget elementor-widget-heading\" data-id=\"0df1ec7\" data-element_type=\"widget\" data-widget_type=\"heading.default\">\n\t\t\t\t<div class=\"elementor-widget-container\">\n\t\t\t\t\t<h4 class=\"elementor-heading-title elementor-size-default\">F\u00fcr Hersteller von Hautprodukten:<\/h4>\t\t\t\t<\/div>\n\t\t\t\t<\/div>\n\t\t\t\t<div class=\"elementor-element elementor-element-07259da elementor-widget elementor-widget-text-editor\" data-id=\"07259da\" data-element_type=\"widget\" data-widget_type=\"text-editor.default\">\n\t\t\t\t<div class=\"elementor-widget-container\">\n\t\t\t\t\t\t\t\t\t<p>Delya arbeitet eng mit Ihnen zusammen, um unsere Ger\u00e4te auf Ihre Hautpflegeprodukte abzustimmen und deren Wirksamkeit zu maximieren. Mit unserem fundierten Branchenwissen und unserer Erfahrung k\u00f6nnen wir Ihnen umfassende Hautpflegel\u00f6sungen anbieten, die Ihrem Unternehmen zum Erfolg verhelfen.<\/p>\t\t\t\t\t\t\t\t<\/div>\n\t\t\t\t<\/div>\n\t\t\t\t<\/div>\n\t\t<div class=\"elementor-element elementor-element-27baa45 e-con-full e-flex e-con e-child\" data-id=\"27baa45\" data-element_type=\"container\">\n\t\t\t\t<div class=\"elementor-element elementor-element-761668a elementor-widget elementor-widget-heading\" data-id=\"761668a\" data-element_type=\"widget\" data-widget_type=\"heading.default\">\n\t\t\t\t<div class=\"elementor-widget-container\">\n\t\t\t\t\t<h4 class=\"elementor-heading-title elementor-size-default\">F\u00fcr Sch\u00f6nheitssalons:<\/h4>\t\t\t\t<\/div>\n\t\t\t\t<\/div>\n\t\t\t\t<div class=\"elementor-element elementor-element-bf25b7d elementor-widget elementor-widget-text-editor\" data-id=\"bf25b7d\" data-element_type=\"widget\" data-widget_type=\"text-editor.default\">\n\t\t\t\t<div class=\"elementor-widget-container\">\n\t\t\t\t\t\t\t\t\t<p>Unsere Hochleistungsger\u00e4te f\u00fcr die \u00c4sthetik sind praktisch wartungsfrei und helfen Ihrem Salon oder Ihrer Sch\u00f6nheitsklinik, eine schnelle Investitionsrendite zu erzielen. Au\u00dferdem genie\u00dfen Sie einen aufmerksamen, zuverl\u00e4ssigen Kundendienst, der von der Bedienerschulung bis zum technischen Support reicht.<\/p>\t\t\t\t\t\t\t\t<\/div>\n\t\t\t\t<\/div>\n\t\t\t\t<\/div>\n\t\t<div class=\"elementor-element elementor-element-efbbae4 e-con-full e-flex e-con e-child\" data-id=\"efbbae4\" data-element_type=\"container\">\n\t\t\t\t<div class=\"elementor-element elementor-element-edb0bb7 elementor-widget elementor-widget-heading\" data-id=\"edb0bb7\" data-element_type=\"widget\" data-widget_type=\"heading.default\">\n\t\t\t\t<div class=\"elementor-widget-container\">\n\t\t\t\t\t<h4 class=\"elementor-heading-title elementor-size-default\">F\u00fcr einzelne Nutzer:<\/h4>\t\t\t\t<\/div>\n\t\t\t\t<\/div>\n\t\t\t\t<div class=\"elementor-element elementor-element-0ecf5e1 elementor-widget elementor-widget-text-editor\" data-id=\"0ecf5e1\" data-element_type=\"widget\" data-widget_type=\"text-editor.default\">\n\t\t\t\t<div class=\"elementor-widget-container\">\n\t\t\t\t\t\t\t\t\t<p>Mit unseren benutzerfreundlichen und effektiven Ger\u00e4ten k\u00f6nnen Sie professionelle \u00e4sthetische Behandlungen bequem von zu Hause aus durchf\u00fchren. Ob f\u00fcr die t\u00e4gliche Pflege oder f\u00fcr spezielle Bed\u00fcrfnisse zur Hautverbesserung, wir haben das richtige Produkt f\u00fcr Sie, mit ausf\u00fchrlicher Anleitung und Beratung nach dem Kauf, damit Ihre Sch\u00f6nheitsreise reibungslos verl\u00e4uft.<\/p>\t\t\t\t\t\t\t\t<\/div>\n\t\t\t\t<\/div>\n\t\t\t\t<\/div>\n\t\t\t\t<\/div>\n\t\t\t\t<\/div>\n\t\t\t\t\t<\/div>\n\t\t\t\t<\/div>\n\t\t\t\t<\/div>","protected":false},"excerpt":{"rendered":"<p>Strong Servise Support Fast and professional response to inquiries We are available 24 hours a day to respond to your call. With extensive experience in a wide range of aesthetic equipment programs, our free consultation can provide you with valuable advice and assistance to lead your brand or business on the path to growth and [&hellip;]<\/p>","protected":false},"author":2,"featured_media":0,"parent":0,"menu_order":0,"comment_status":"closed","ping_status":"closed","template":"","meta":{"_seopress_robots_primary_cat":"","_seopress_titles_title":"","_seopress_titles_desc":"","_seopress_robots_index":"","footnotes":""},"class_list":["post-3490","page","type-page","status-publish","hentry"],"_links":{"self":[{"href":"https:\/\/delyava.com\/de\/wp-json\/wp\/v2\/pages\/3490","targetHints":{"allow":["GET"]}}],"collection":[{"href":"https:\/\/delyava.com\/de\/wp-json\/wp\/v2\/pages"}],"about":[{"href":"https:\/\/delyava.com\/de\/wp-json\/wp\/v2\/types\/page"}],"author":[{"embeddable":true,"href":"https:\/\/delyava.com\/de\/wp-json\/wp\/v2\/users\/2"}],"replies":[{"embeddable":true,"href":"https:\/\/delyava.com\/de\/wp-json\/wp\/v2\/comments?post=3490"}],"version-history":[{"count":0,"href":"https:\/\/delyava.com\/de\/wp-json\/wp\/v2\/pages\/3490\/revisions"}],"wp:attachment":[{"href":"https:\/\/delyava.com\/de\/wp-json\/wp\/v2\/media?parent=3490"}],"curies":[{"name":"wp","href":"https:\/\/api.w.org\/{rel}","templated":true}]}}