{"id":11825,"date":"2025-03-04T16:33:04","date_gmt":"2025-03-04T08:33:04","guid":{"rendered":"https:\/\/delyava.com\/?page_id=11825"},"modified":"2025-04-16T17:54:15","modified_gmt":"2025-04-16T09:54:15","slug":"vascular-lesions","status":"publish","type":"page","link":"https:\/\/delyava.com\/de\/vascular-lesions\/","title":{"rendered":"Gef\u00e4\u00dfl\u00e4sionen"},"content":{"rendered":"<div data-elementor-type=\"wp-page\" data-elementor-id=\"11825\" class=\"elementor elementor-11825\" data-elementor-post-type=\"page\">\n\t\t\t\t\t\t<section class=\"elementor-section elementor-top-section elementor-element elementor-element-835d426 elementor-section-height-min-height elementor-section-content-middle elementor-section-boxed elementor-section-height-default elementor-section-items-middle\" data-id=\"835d426\" data-element_type=\"section\" data-settings=\"{&quot;background_background&quot;:&quot;classic&quot;}\">\n\t\t\t\t\t\t\t<div class=\"elementor-background-overlay\"><\/div>\n\t\t\t\t\t\t\t<div class=\"elementor-container elementor-column-gap-no\">\n\t\t\t\t\t<div class=\"elementor-column elementor-col-100 elementor-top-column elementor-element elementor-element-a1d284e\" data-id=\"a1d284e\" data-element_type=\"column\">\n\t\t\t<div class=\"elementor-widget-wrap elementor-element-populated\">\n\t\t\t\t\t\t<div class=\"elementor-element elementor-element-54d6b3c elementor-widget elementor-widget-heading\" data-id=\"54d6b3c\" data-element_type=\"widget\" data-widget_type=\"heading.default\">\n\t\t\t\t<div class=\"elementor-widget-container\">\n\t\t\t\t\t<h1 class=\"elementor-heading-title elementor-size-default\">Gef\u00e4\u00dfl\u00e4sionen<\/h1>\t\t\t\t<\/div>\n\t\t\t\t<\/div>\n\t\t\t\t<div class=\"elementor-element elementor-element-d21695f elementor-widget elementor-widget-text-editor\" data-id=\"d21695f\" data-element_type=\"widget\" data-widget_type=\"text-editor.default\">\n\t\t\t\t<div class=\"elementor-widget-container\">\n\t\t\t\t\t\t\t\t\tTargeted laser energy gently breaks down unwanted blood vessels, causing them to gradually fade and be absorbed by the body. With each session, visible redness and discoloration diminish, leaving clearer, healthier-looking skin\u2014no damage to surrounding tissue. After a full course of treatment, vascular lesions are significantly reduced or completely resolved.\t\t\t\t\t\t\t\t<\/div>\n\t\t\t\t<\/div>\n\t\t\t\t\t<\/div>\n\t\t<\/div>\n\t\t\t\t\t<\/div>\n\t\t<\/section>\n\t\t<div class=\"elementor-element elementor-element-7cbe119 e-flex e-con-boxed e-con e-parent\" data-id=\"7cbe119\" data-element_type=\"container\">\n\t\t\t\t\t<div class=\"e-con-inner\">\n\t\t\t\t<div class=\"elementor-element elementor-element-c15c9c3 elementor-widget elementor-widget-heading\" data-id=\"c15c9c3\" data-element_type=\"widget\" data-widget_type=\"heading.default\">\n\t\t\t\t<div class=\"elementor-widget-container\">\n\t\t\t\t\t<h2 class=\"elementor-heading-title elementor-size-default\">Gef\u00e4\u00dfl\u00e4sionen<\/h2>\t\t\t\t<\/div>\n\t\t\t\t<\/div>\n\t\t\t\t\t<\/div>\n\t\t\t\t<\/div>\n\t\t<div class=\"elementor-element elementor-element-865fab7 e-flex e-con-boxed e-con e-parent\" data-id=\"865fab7\" data-element_type=\"container\">\n\t\t\t\t\t<div class=\"e-con-inner\">\n\t\t<div class=\"elementor-element elementor-element-15551f8 e-con-full e-flex e-con e-child\" data-id=\"15551f8\" data-element_type=\"container\">\n\t\t<div class=\"elementor-element elementor-element-5b82836 e-con-full e-flex e-con e-child\" data-id=\"5b82836\" data-element_type=\"container\">\n\t\t<div class=\"elementor-element elementor-element-935e6c1 e-con-full e-flex e-con e-child\" data-id=\"935e6c1\" data-element_type=\"container\">\n\t\t\t\t<div class=\"elementor-element elementor-element-b19df9d elementor-widget elementor-widget-text-editor\" data-id=\"b19df9d\" data-element_type=\"widget\" data-widget_type=\"text-editor.default\">\n\t\t\t\t<div class=\"elementor-widget-container\">\n\t\t\t\t\t\t\t\t\t<p>Gef\u00e4\u00dfl\u00e4sionen sind h\u00e4ufigere abnorme Zust\u00e4nde der Haut und des Unterhautgewebes. Besenreiser, Krampfadern in den Beinen und Krampfadern sind in der Bev\u00f6lkerung \u00e4u\u00dferst h\u00e4ufig. Eine weniger h\u00e4ufige, aber sehr auff\u00e4llige Erkrankung ist die weinrote Verf\u00e4rbung, insbesondere im Gesicht. Unter anderem gibt es verschiedene Arten von Gef\u00e4\u00dffehlbildungen, darunter Kapillarfehlbildungen, Venenfehlbildungen, Lymphfehlbildungen und Arterienfehlbildungen. Bei Kindern ist das H\u00e4mangiom die h\u00e4ufigste Art von Gef\u00e4\u00dfl\u00e4sion. Dabei handelt es sich um gutartige Tumore, die normalerweise kurz nach der Geburt als rosafarbene bis rote Flecken auftreten und im Laufe der Zeit weiter wachsen, sogar bis ins Erwachsenenalter. Frauen sind von diesen \u00e4sthetisch unsch\u00f6nen Venenproblemen am h\u00e4ufigsten betroffen, mehr als die H\u00e4lfte der erwachsenen Bev\u00f6lkerung ist davon betroffen.<\/p>\t\t\t\t\t\t\t\t<\/div>\n\t\t\t\t<\/div>\n\t\t\t\t<\/div>\n\t\t<div class=\"elementor-element elementor-element-47dd681 e-con-full e-flex e-con e-child\" data-id=\"47dd681\" data-element_type=\"container\">\n\t\t\t\t<div class=\"elementor-element elementor-element-dbd4b98 elementor-widget elementor-widget-image\" data-id=\"dbd4b98\" data-element_type=\"widget\" data-widget_type=\"image.default\">\n\t\t\t\t<div class=\"elementor-widget-container\">\n\t\t\t\t\t\t\t\t\t\t\t\t<figure class=\"wp-caption\">\n\t\t\t\t\t\t\t\t\t\t<img fetchpriority=\"high\" decoding=\"async\" width=\"800\" height=\"600\" src=\"https:\/\/delyava.com\/wp-content\/uploads\/2025\/03\/Vascular-Lesions-1-1024x768.jpg\" class=\"attachment-large size-large wp-image-11842\" alt=\"Gef\u00e4\u00dfl\u00e4sionen\" srcset=\"https:\/\/delyava.com\/wp-content\/uploads\/2025\/03\/Vascular-Lesions-1-1024x768.jpg 1024w, https:\/\/delyava.com\/wp-content\/uploads\/2025\/03\/Vascular-Lesions-1-300x225.jpg 300w, https:\/\/delyava.com\/wp-content\/uploads\/2025\/03\/Vascular-Lesions-1-768x576.jpg 768w, https:\/\/delyava.com\/wp-content\/uploads\/2025\/03\/Vascular-Lesions-1-1536x1152.jpg 1536w, https:\/\/delyava.com\/wp-content\/uploads\/2025\/03\/Vascular-Lesions-1-2048x1536.jpg 2048w, https:\/\/delyava.com\/wp-content\/uploads\/2025\/03\/Vascular-Lesions-1-16x12.jpg 16w, https:\/\/delyava.com\/wp-content\/uploads\/2025\/03\/Vascular-Lesions-1-600x450.jpg 600w\" sizes=\"(max-width: 800px) 100vw, 800px\" \/>\t\t\t\t\t\t\t\t\t\t\t<figcaption class=\"widget-image-caption wp-caption-text\">Gef\u00e4\u00dfl\u00e4sionen<\/figcaption>\n\t\t\t\t\t\t\t\t\t\t<\/figure>\n\t\t\t\t\t\t\t\t\t<\/div>\n\t\t\t\t<\/div>\n\t\t\t\t<\/div>\n\t\t\t\t<\/div>\n\t\t<div class=\"elementor-element elementor-element-58c2664 e-con-full e-flex e-con e-child\" data-id=\"58c2664\" data-element_type=\"container\">\n\t\t<div class=\"elementor-element elementor-element-57cc377 e-con-full e-flex e-con e-child\" data-id=\"57cc377\" data-element_type=\"container\">\n\t\t\t\t<div class=\"elementor-element elementor-element-95d1eb3 elementor-widget elementor-widget-heading\" data-id=\"95d1eb3\" data-element_type=\"widget\" data-widget_type=\"heading.default\">\n\t\t\t\t<div class=\"elementor-widget-container\">\n\t\t\t\t\t<h3 class=\"elementor-heading-title elementor-size-default\">Wie funktioniert die Behandlung von Gef\u00e4\u00dfl\u00e4sionen?<\/h3>\t\t\t\t<\/div>\n\t\t\t\t<\/div>\n\t\t\t\t<div class=\"elementor-element elementor-element-40b7b90 elementor-widget elementor-widget-text-editor\" data-id=\"40b7b90\" data-element_type=\"widget\" data-widget_type=\"text-editor.default\">\n\t\t\t\t<div class=\"elementor-widget-container\">\n\t\t\t\t\t\t\t\t\t<p><a href=\"http:\/\/delyava.com\/de\/\">Delja<\/a> bietet ein Behandlungsprogramm f\u00fcr Gef\u00e4\u00dfl\u00e4sionen an, das abnormale Blutgef\u00e4\u00dfe auf nicht-invasive und effektive Weise schlie\u00dft und so ihre \u00e4u\u00dferen Erscheinungen reduziert oder beseitigt. Die Behandlung nutzt <a href=\"https:\/\/delyava.com\/de\/\/shr-ipl-laser-system\/\">Intensives gepulstes Licht (IPL)<\/a> oder eine pr\u00e4zise <a href=\"https:\/\/delyava.com\/de\/\/980nm-diode-laser\/\">980 nm Laserwellenl\u00e4nge<\/a> um nur die fehlgebildeten Blutgef\u00e4\u00dfe unter der Haut anzugreifen und deren Blutzufuhr zu blockieren.<br \/>Das grundlegende Ziel der Laserbehandlung von Gef\u00e4\u00dfl\u00e4sionen besteht darin, die Absorption von Licht durch H\u00e4moglobin zu nutzen, um die W\u00e4nde der Blutgef\u00e4\u00dfe zu erhitzen und so die abnormalen Gef\u00e4\u00dfe gezielt zu zerst\u00f6ren. Die gew\u00e4hlte Wellenl\u00e4nge sollte selektiv vom H\u00e4moglobin absorbiert werden und die Pulsl\u00e4nge sollte kurz genug sein, um die Hitze auf die Blutgef\u00e4\u00dfe zu beschr\u00e4nken und unn\u00f6tige Sch\u00e4den am umliegenden Gewebe zu vermeiden.<\/p>\t\t\t\t\t\t\t\t<\/div>\n\t\t\t\t<\/div>\n\t\t\t\t<\/div>\n\t\t<div class=\"elementor-element elementor-element-8b7312b e-con-full e-flex e-con e-child\" data-id=\"8b7312b\" data-element_type=\"container\">\n\t\t\t\t<div class=\"elementor-element elementor-element-c09b5c1 elementor-widget elementor-widget-image\" data-id=\"c09b5c1\" data-element_type=\"widget\" data-widget_type=\"image.default\">\n\t\t\t\t<div class=\"elementor-widget-container\">\n\t\t\t\t\t\t\t\t\t\t\t\t<figure class=\"wp-caption\">\n\t\t\t\t\t\t\t\t\t\t<img decoding=\"async\" width=\"360\" height=\"241\" src=\"https:\/\/delyava.com\/wp-content\/uploads\/2025\/03\/How-Does-The-Vascular-Lesions-Treatment-Work.jpg\" class=\"attachment-large size-large wp-image-11851\" alt=\"Wie funktioniert die Behandlung von Gef\u00e4\u00dfl\u00e4sionen?\" srcset=\"https:\/\/delyava.com\/wp-content\/uploads\/2025\/03\/How-Does-The-Vascular-Lesions-Treatment-Work.jpg 360w, https:\/\/delyava.com\/wp-content\/uploads\/2025\/03\/How-Does-The-Vascular-Lesions-Treatment-Work-300x201.jpg 300w, https:\/\/delyava.com\/wp-content\/uploads\/2025\/03\/How-Does-The-Vascular-Lesions-Treatment-Work-18x12.jpg 18w\" sizes=\"(max-width: 360px) 100vw, 360px\" \/>\t\t\t\t\t\t\t\t\t\t\t<figcaption class=\"widget-image-caption wp-caption-text\">Wie funktioniert die Behandlung von Gef\u00e4\u00dfl\u00e4sionen?<\/figcaption>\n\t\t\t\t\t\t\t\t\t\t<\/figure>\n\t\t\t\t\t\t\t\t\t<\/div>\n\t\t\t\t<\/div>\n\t\t\t\t<\/div>\n\t\t\t\t<\/div>\n\t\t\t\t<\/div>\n\t\t\t\t\t<\/div>\n\t\t\t\t<\/div>\n\t\t<div class=\"elementor-element elementor-element-23c7c34 e-flex e-con-boxed e-con e-parent\" data-id=\"23c7c34\" data-element_type=\"container\">\n\t\t\t\t\t<div class=\"e-con-inner\">\n\t\t\t\t<div class=\"elementor-element elementor-element-58f79d2 elementor-widget elementor-widget-heading\" data-id=\"58f79d2\" data-element_type=\"widget\" data-widget_type=\"heading.default\">\n\t\t\t\t<div class=\"elementor-widget-container\">\n\t\t\t\t\t<h2 class=\"elementor-heading-title elementor-size-default\">Warum sollten Sie sich bei Besenreisern f\u00fcr eine Laser-\/Lichttherapie entscheiden?<\/h2>\t\t\t\t<\/div>\n\t\t\t\t<\/div>\n\t\t\t\t<div class=\"elementor-element elementor-element-f83aaca elementor-widget elementor-widget-text-editor\" data-id=\"f83aaca\" data-element_type=\"widget\" data-widget_type=\"text-editor.default\">\n\t\t\t\t<div class=\"elementor-widget-container\">\n\t\t\t\t\t\t\t\t\t<p>Bei Besenreisern im Gesicht gilt die Laser-\/Lichttherapie als Behandlung der Wahl, sie kann aber auch an anderen K\u00f6rperstellen eingesetzt werden.<\/p><p>Kapillarfehlbildungen (Weinflecken; Fall Nr. 9) erfordern eine Reihe von Behandlungen. Es muss darauf geachtet werden, dass sich w\u00e4hrend der Behandlung keine Bereiche der Laserbestrahlung \u00fcberlappen, um Pigmentver\u00e4nderungen und Geschw\u00fcrbildung zu verhindern. Der Abstand zwischen den Laserbehandlungen betr\u00e4gt mindestens 2 Wochen. Ziel der Behandlung ist es, eine deutliche Verf\u00e4rbung zu erreichen. Es ist jedoch nicht m\u00f6glich, diese L\u00e4sionen vollst\u00e4ndig verschwinden zu lassen. Auch hier wurde nach der Behandlung keine Narbenbildung beobachtet. In den meisten F\u00e4llen ist bei L\u00e4sionen au\u00dferhalb des Gesichts bei Erwachsenen keine An\u00e4sthesie erforderlich.<\/p><p>Auch erweiterte Kapillaren im Gesicht und Rosazea k\u00f6nnen mit dem 980 nm-Halbleiterlaser behandelt werden. Die Behandlung erweiterter Kapillaren in der Nase ist besonders schmerzhaft. Die Pulsdauer sollte mindestens dreimal k\u00fcrzer sein als das Pulsintervall, um Geschw\u00fcrbildung zu vermeiden. Bei Rosazea sind mehrere Behandlungen erforderlich, um gute Ergebnisse zu erzielen. W\u00e4hrend der Behandlung sollte Sonnenschutz verwendet werden, zusammen mit topischem Metronidazol gegen Rosazea.<\/p><p>Besenreiser in den Beinen, die auf eine Sklerotherapie nicht ansprechen, k\u00f6nnen mit einem Halbleiterlaser behandelt werden. Rote Besenreiser sind wirksamer als blaue. Besenreiser an den Beinen k\u00f6nnen nach einer gewissen Zeit erneut auftreten.<\/p><p>Keloide k\u00f6nnen w\u00e4hrend der R\u00f6tungsphase mit einer Lasertherapie behandelt werden. In diesem Stadium zielt die Laserbehandlung auf die Neovaskularisierung ab. Halbleiterlaser reduzieren die R\u00f6tung, haben jedoch keinen Einfluss auf die Breite oder H\u00f6he des Keloids. Aus diesem Grund wird die Behandlung mit einem Peelinglaser und\/oder intral\u00e4sionalen Kortikosteroid-Injektionen kombiniert. Nach der Behandlung mit dem Halbleiterlaser wurde kein weiteres Wachstum des Keloids beobachtet.<\/p><p>Leistung, Pulsdauer und Pulsintervall m\u00fcssen w\u00e4hrend der Behandlung sorgf\u00e4ltig eingestellt werden, um Narbenbildung und Hypopigmentierung zu vermeiden. Das Tragen einer Schutzbrille ist unerl\u00e4sslich, um versehentliche Augenverletzungen zu vermeiden.<\/p>\t\t\t\t\t\t\t\t<\/div>\n\t\t\t\t<\/div>\n\t\t\t\t\t<\/div>\n\t\t\t\t<\/div>\n\t\t<div class=\"elementor-element elementor-element-100d752 e-flex e-con-boxed e-con e-parent\" data-id=\"100d752\" data-element_type=\"container\">\n\t\t\t\t\t<div class=\"e-con-inner\">\n\t\t<div class=\"elementor-element elementor-element-2ab8f55 e-con-full e-flex e-con e-child\" data-id=\"2ab8f55\" data-element_type=\"container\">\n\t\t\t\t<div class=\"elementor-element elementor-element-b162f51 elementor-widget elementor-widget-heading\" data-id=\"b162f51\" data-element_type=\"widget\" data-widget_type=\"heading.default\">\n\t\t\t\t<div class=\"elementor-widget-container\">\n\t\t\t\t\t<h3 class=\"elementor-heading-title elementor-size-default\">Behandlung von Gef\u00e4\u00dfl\u00e4sionen \u2013 Vorher-Nachher-Bilder<\/h3>\t\t\t\t<\/div>\n\t\t\t\t<\/div>\n\t\t\t\t<\/div>\n\t\t<div class=\"elementor-element elementor-element-a50a087 e-con-full e-flex e-con e-child\" data-id=\"a50a087\" data-element_type=\"container\">\n\t\t<div class=\"elementor-element elementor-element-0a510e1 e-con-full e-flex e-con e-child\" data-id=\"0a510e1\" data-element_type=\"container\">\n\t\t\t\t<div class=\"elementor-element elementor-element-eb47239 elementor-widget elementor-widget-image\" data-id=\"eb47239\" data-element_type=\"widget\" data-widget_type=\"image.default\">\n\t\t\t\t<div class=\"elementor-widget-container\">\n\t\t\t\t\t\t\t\t\t\t\t\t<figure class=\"wp-caption\">\n\t\t\t\t\t\t\t\t\t\t<img decoding=\"async\" width=\"500\" height=\"224\" src=\"https:\/\/delyava.com\/wp-content\/uploads\/2025\/03\/Facial-Redness-Improvement-Before-and-After.jpg\" class=\"attachment-large size-large wp-image-11864\" alt=\"Verbesserung der Gesichtsr\u00f6tung vor und nach der Behandlung\" srcset=\"https:\/\/delyava.com\/wp-content\/uploads\/2025\/03\/Facial-Redness-Improvement-Before-and-After.jpg 500w, https:\/\/delyava.com\/wp-content\/uploads\/2025\/03\/Facial-Redness-Improvement-Before-and-After-300x134.jpg 300w, https:\/\/delyava.com\/wp-content\/uploads\/2025\/03\/Facial-Redness-Improvement-Before-and-After-18x8.jpg 18w\" sizes=\"(max-width: 500px) 100vw, 500px\" \/>\t\t\t\t\t\t\t\t\t\t\t<figcaption class=\"widget-image-caption wp-caption-text\">Verbesserung der Gesichtsr\u00f6tung vor und nach der Behandlung<\/figcaption>\n\t\t\t\t\t\t\t\t\t\t<\/figure>\n\t\t\t\t\t\t\t\t\t<\/div>\n\t\t\t\t<\/div>\n\t\t\t\t<\/div>\n\t\t<div class=\"elementor-element elementor-element-85e3431 e-con-full e-flex e-con e-child\" data-id=\"85e3431\" data-element_type=\"container\">\n\t\t\t\t<div class=\"elementor-element elementor-element-f8dcd8e elementor-widget elementor-widget-image\" data-id=\"f8dcd8e\" data-element_type=\"widget\" data-widget_type=\"image.default\">\n\t\t\t\t<div class=\"elementor-widget-container\">\n\t\t\t\t\t\t\t\t\t\t\t\t<figure class=\"wp-caption\">\n\t\t\t\t\t\t\t\t\t\t<img loading=\"lazy\" decoding=\"async\" width=\"500\" height=\"224\" src=\"https:\/\/delyava.com\/wp-content\/uploads\/2025\/03\/Cheeks-redness-before-and-after-treatment.jpg\" class=\"attachment-large size-large wp-image-11865\" alt=\"Wangenr\u00f6tung vor und nach der Behandlung\" srcset=\"https:\/\/delyava.com\/wp-content\/uploads\/2025\/03\/Cheeks-redness-before-and-after-treatment.jpg 500w, https:\/\/delyava.com\/wp-content\/uploads\/2025\/03\/Cheeks-redness-before-and-after-treatment-300x134.jpg 300w, https:\/\/delyava.com\/wp-content\/uploads\/2025\/03\/Cheeks-redness-before-and-after-treatment-18x8.jpg 18w\" sizes=\"(max-width: 500px) 100vw, 500px\" \/>\t\t\t\t\t\t\t\t\t\t\t<figcaption class=\"widget-image-caption wp-caption-text\">Wangenr\u00f6tung vor und nach der Behandlung<\/figcaption>\n\t\t\t\t\t\t\t\t\t\t<\/figure>\n\t\t\t\t\t\t\t\t\t<\/div>\n\t\t\t\t<\/div>\n\t\t\t\t<\/div>\n\t\t<div class=\"elementor-element elementor-element-00b549a e-con-full e-flex e-con e-child\" data-id=\"00b549a\" data-element_type=\"container\">\n\t\t\t\t<div class=\"elementor-element elementor-element-1d45a9f elementor-widget elementor-widget-image\" data-id=\"1d45a9f\" data-element_type=\"widget\" data-widget_type=\"image.default\">\n\t\t\t\t<div class=\"elementor-widget-container\">\n\t\t\t\t\t\t\t\t\t\t\t\t<figure class=\"wp-caption\">\n\t\t\t\t\t\t\t\t\t\t<img loading=\"lazy\" decoding=\"async\" width=\"500\" height=\"224\" src=\"https:\/\/delyava.com\/wp-content\/uploads\/2025\/03\/Perinasal-Vascular-Problems-Before-and-After-Treatment.jpg\" class=\"attachment-large size-large wp-image-11866\" alt=\"Perinasale Gef\u00e4\u00dfprobleme vor und nach der Behandlung\" srcset=\"https:\/\/delyava.com\/wp-content\/uploads\/2025\/03\/Perinasal-Vascular-Problems-Before-and-After-Treatment.jpg 500w, https:\/\/delyava.com\/wp-content\/uploads\/2025\/03\/Perinasal-Vascular-Problems-Before-and-After-Treatment-300x134.jpg 300w, https:\/\/delyava.com\/wp-content\/uploads\/2025\/03\/Perinasal-Vascular-Problems-Before-and-After-Treatment-18x8.jpg 18w\" sizes=\"(max-width: 500px) 100vw, 500px\" \/>\t\t\t\t\t\t\t\t\t\t\t<figcaption class=\"widget-image-caption wp-caption-text\">Perinasale Gef\u00e4\u00dfprobleme vor und nach der Behandlung<\/figcaption>\n\t\t\t\t\t\t\t\t\t\t<\/figure>\n\t\t\t\t\t\t\t\t\t<\/div>\n\t\t\t\t<\/div>\n\t\t\t\t<\/div>\n\t\t<div class=\"elementor-element elementor-element-b96d909 e-con-full e-flex e-con e-child\" data-id=\"b96d909\" data-element_type=\"container\">\n\t\t\t\t<div class=\"elementor-element elementor-element-a764978 elementor-widget elementor-widget-image\" data-id=\"a764978\" data-element_type=\"widget\" data-widget_type=\"image.default\">\n\t\t\t\t<div class=\"elementor-widget-container\">\n\t\t\t\t\t\t\t\t\t\t\t\t<figure class=\"wp-caption\">\n\t\t\t\t\t\t\t\t\t\t<img loading=\"lazy\" decoding=\"async\" width=\"500\" height=\"224\" src=\"https:\/\/delyava.com\/wp-content\/uploads\/2025\/03\/Side-face-vascular-lesion-repair-before-and-after.jpg\" class=\"attachment-large size-large wp-image-11870\" alt=\"Reparatur von Gef\u00e4\u00dfl\u00e4sionen an der Gesichtsseite vor und nach der Behandlung\" srcset=\"https:\/\/delyava.com\/wp-content\/uploads\/2025\/03\/Side-face-vascular-lesion-repair-before-and-after.jpg 500w, https:\/\/delyava.com\/wp-content\/uploads\/2025\/03\/Side-face-vascular-lesion-repair-before-and-after-300x134.jpg 300w, https:\/\/delyava.com\/wp-content\/uploads\/2025\/03\/Side-face-vascular-lesion-repair-before-and-after-18x8.jpg 18w\" sizes=\"(max-width: 500px) 100vw, 500px\" \/>\t\t\t\t\t\t\t\t\t\t\t<figcaption class=\"widget-image-caption wp-caption-text\">Reparatur von Gef\u00e4\u00dfl\u00e4sionen an der Gesichtsseite vor und nach der Behandlung<\/figcaption>\n\t\t\t\t\t\t\t\t\t\t<\/figure>\n\t\t\t\t\t\t\t\t\t<\/div>\n\t\t\t\t<\/div>\n\t\t\t\t<\/div>\n\t\t\t\t<\/div>\n\t\t\t\t\t<\/div>\n\t\t\t\t<\/div>\n\t\t\t\t<\/div>","protected":false},"excerpt":{"rendered":"<p>Vascular Lesions Targeted laser energy gently breaks down unwanted blood vessels, causing them to gradually fade and be absorbed by the body. With each session, visible redness and discoloration diminish, leaving clearer, healthier-looking skin\u2014no damage to surrounding tissue. After a full course of treatment, vascular lesions are significantly reduced or completely resolved. Vascular Lesions Vascular [&hellip;]<\/p>","protected":false},"author":2,"featured_media":0,"parent":0,"menu_order":0,"comment_status":"closed","ping_status":"closed","template":"","meta":{"_seopress_robots_primary_cat":"","_seopress_titles_title":"","_seopress_titles_desc":"","_seopress_robots_index":"","footnotes":""},"class_list":["post-11825","page","type-page","status-publish","hentry"],"_links":{"self":[{"href":"https:\/\/delyava.com\/de\/wp-json\/wp\/v2\/pages\/11825","targetHints":{"allow":["GET"]}}],"collection":[{"href":"https:\/\/delyava.com\/de\/wp-json\/wp\/v2\/pages"}],"about":[{"href":"https:\/\/delyava.com\/de\/wp-json\/wp\/v2\/types\/page"}],"author":[{"embeddable":true,"href":"https:\/\/delyava.com\/de\/wp-json\/wp\/v2\/users\/2"}],"replies":[{"embeddable":true,"href":"https:\/\/delyava.com\/de\/wp-json\/wp\/v2\/comments?post=11825"}],"version-history":[{"count":12,"href":"https:\/\/delyava.com\/de\/wp-json\/wp\/v2\/pages\/11825\/revisions"}],"predecessor-version":[{"id":17292,"href":"https:\/\/delyava.com\/de\/wp-json\/wp\/v2\/pages\/11825\/revisions\/17292"}],"wp:attachment":[{"href":"https:\/\/delyava.com\/de\/wp-json\/wp\/v2\/media?parent=11825"}],"curies":[{"name":"wp","href":"https:\/\/api.w.org\/{rel}","templated":true}]}}